{"id":9936,"date":"2022-09-29T21:35:20","date_gmt":"2022-09-29T21:35:20","guid":{"rendered":"https:\/\/crime-passionnel.com\/?post_type=product&#038;p=9936"},"modified":"2026-04-04T09:35:13","modified_gmt":"2026-04-04T09:35:13","slug":"red-damour","status":"publish","type":"product","link":"https:\/\/crime-passionnel.com\/da\/vare\/red-damour\/","title":{"rendered":"Red D'Amour"},"content":{"rendered":"<p>Red d\u2019Amour fort\u00e6ller om passion. Om k\u00e6rlighed ved f\u00f8rste blik, om det der f\u00e5r to menneskers energier til at vibrere som \u00e9n.<\/p>\n<p>Noter af morello kirseb\u00e6r, der tigger om at du tager en bid, opbygger en atmosf\u00e6re af tilbageholdt lidenskab. Lyser\u00f8de b\u00e6r og safran tilf\u00f8rer krydderi og starter forf\u00f8relsen. De pudderagtige toner af viol, parret med l\u00e6der og patchouli, en feberhed fusion hvor mandeltonerne fra heliotrope og tonka b\u00f8nner skitserer konturerne af varme kroppe og deres sult efter hinanden.<\/p>\n<p>En sensuel duft, blid og fr\u00e6k p\u00e5 samme tid, hvis karmoisinr\u00f8de hede reflekterer en s\u00f8vnl\u00f8s nat.<\/p>\n<p>&nbsp;<\/p>\n<p>INGREDIENSER<\/p>\n<p>Topnoter: Sorte kirseb\u00e6r. Rosenpeber. Safran.<\/p>\n<p>Mellemnoter: Viol. L\u00e6der. Jasmin absolut.<\/p>\n<p>Basenoter: Patchouli. Palo Santo. Tonka b\u00f8nner.<\/p>","protected":false},"excerpt":{"rendered":"<p>Morello kirseb\u00e6r, tigger dig om at tage en bid<\/p>","protected":false},"featured_media":9939,"template":"","meta":{"_acf_changed":false},"product_brand":[],"product_cat":[418,15],"product_tag":[],"class_list":{"0":"post-9936","1":"product","2":"type-product","3":"status-publish","4":"has-post-thumbnail","6":"product_cat-new-arrivals","7":"product_cat-perfumes","8":"pa_brands-lm-parfums","9":"pa_projection-moderate","10":"pa_sizes-2ml-sample","11":"pa_sizes-30ml","12":"pa_sizes-100ml","13":"pa_style-sweet","15":"first","16":"instock","17":"taxable","18":"shipping-taxable","19":"purchasable","20":"product-type-variable","21":"add-to-wishlist-before_image"},"acf":[],"yoast_head":"<!-- This site is optimized with the Yoast SEO plugin v27.1.1 - https:\/\/yoast.com\/product\/yoast-seo-wordpress\/ -->\n<title>Red D&#039;Amour Extrait de Parfum - Crime Passionnel<\/title>\n<meta name=\"description\" content=\"Pure Sensual Orchid evokes the same carnal aura of the original with a touch of sensuality. That of the milky, unctuous notes of fresh Vanilla beans.\" \/>\n<meta name=\"robots\" content=\"index, follow, max-snippet:-1, max-image-preview:large, max-video-preview:-1\" \/>\n<link rel=\"canonical\" href=\"https:\/\/crime-passionnel.com\/da\/vare\/red-damour\/\" \/>\n<meta property=\"og:locale\" content=\"da_DK\" \/>\n<meta property=\"og:type\" content=\"article\" \/>\n<meta property=\"og:title\" content=\"Red D&#039;Amour Extrait de Parfum - Crime Passionnel\" \/>\n<meta property=\"og:description\" content=\"Pure Sensual Orchid evokes the same carnal aura of the original with a touch of sensuality. That of the milky, unctuous notes of fresh Vanilla beans.\" \/>\n<meta property=\"og:url\" content=\"https:\/\/crime-passionnel.com\/da\/vare\/red-damour\/\" \/>\n<meta property=\"og:site_name\" content=\"Crime Passionnel\" \/>\n<meta property=\"article:publisher\" content=\"https:\/\/www.facebook.com\/crimepassionnel\/\" \/>\n<meta property=\"article:modified_time\" content=\"2026-04-04T09:35:13+00:00\" \/>\n<meta property=\"og:image\" content=\"https:\/\/crime-passionnel.com\/wp-content\/uploads\/2022\/09\/red-d-amour_packshot_2189x2189-copie-scaled.jpg\" \/>\n\t<meta property=\"og:image:width\" content=\"1945\" \/>\n\t<meta property=\"og:image:height\" content=\"2560\" \/>\n\t<meta property=\"og:image:type\" content=\"image\/jpeg\" \/>\n<meta name=\"twitter:card\" content=\"summary_large_image\" \/>\n<meta name=\"twitter:label1\" content=\"Estimeret l\u00e6setid\" \/>\n\t<meta name=\"twitter:data1\" content=\"1 minut\" \/>\n<script type=\"application\/ld+json\" class=\"yoast-schema-graph\">{\"@context\":\"https:\/\/schema.org\",\"@graph\":[{\"@type\":\"WebPage\",\"@id\":\"https:\/\/crime-passionnel.com\/product\/red-damour\/\",\"url\":\"https:\/\/crime-passionnel.com\/product\/red-damour\/\",\"name\":\"Red D'Amour Extrait de Parfum - Crime Passionnel\",\"isPartOf\":{\"@id\":\"https:\/\/crime-passionnel.com\/#website\"},\"primaryImageOfPage\":{\"@id\":\"https:\/\/crime-passionnel.com\/product\/red-damour\/#primaryimage\"},\"image\":{\"@id\":\"https:\/\/crime-passionnel.com\/product\/red-damour\/#primaryimage\"},\"thumbnailUrl\":\"https:\/\/crime-passionnel.com\/wp-content\/uploads\/2022\/09\/red-d-amour_packshot_2189x2189-copie-scaled.jpg\",\"datePublished\":\"2022-09-29T21:35:20+00:00\",\"dateModified\":\"2026-04-04T09:35:13+00:00\",\"description\":\"Pure Sensual Orchid evokes the same carnal aura of the original with a touch of sensuality. That of the milky, unctuous notes of fresh Vanilla beans.\",\"breadcrumb\":{\"@id\":\"https:\/\/crime-passionnel.com\/product\/red-damour\/#breadcrumb\"},\"inLanguage\":\"da-DK\",\"potentialAction\":[{\"@type\":\"ReadAction\",\"target\":[\"https:\/\/crime-passionnel.com\/product\/red-damour\/\"]}]},{\"@type\":\"ImageObject\",\"inLanguage\":\"da-DK\",\"@id\":\"https:\/\/crime-passionnel.com\/product\/red-damour\/#primaryimage\",\"url\":\"https:\/\/crime-passionnel.com\/wp-content\/uploads\/2022\/09\/red-d-amour_packshot_2189x2189-copie-scaled.jpg\",\"contentUrl\":\"https:\/\/crime-passionnel.com\/wp-content\/uploads\/2022\/09\/red-d-amour_packshot_2189x2189-copie-scaled.jpg\",\"width\":1945,\"height\":2560,\"caption\":\"LM Parfums - Red D'Amour\"},{\"@type\":\"BreadcrumbList\",\"@id\":\"https:\/\/crime-passionnel.com\/product\/red-damour\/#breadcrumb\",\"itemListElement\":[{\"@type\":\"ListItem\",\"position\":1,\"name\":\"Home\",\"item\":\"https:\/\/crime-passionnel.com\/\"},{\"@type\":\"ListItem\",\"position\":2,\"name\":\"Products\",\"item\":\"https:\/\/crime-passionnel.com\/products\/\"},{\"@type\":\"ListItem\",\"position\":3,\"name\":\"Red D&#8217;Amour\"}]},{\"@type\":\"WebSite\",\"@id\":\"https:\/\/crime-passionnel.com\/#website\",\"url\":\"https:\/\/crime-passionnel.com\/\",\"name\":\"Crime Passionnel\",\"description\":\"\",\"publisher\":{\"@id\":\"https:\/\/crime-passionnel.com\/#organization\"},\"potentialAction\":[{\"@type\":\"SearchAction\",\"target\":{\"@type\":\"EntryPoint\",\"urlTemplate\":\"https:\/\/crime-passionnel.com\/?s={search_term_string}\"},\"query-input\":{\"@type\":\"PropertyValueSpecification\",\"valueRequired\":true,\"valueName\":\"search_term_string\"}}],\"inLanguage\":\"da-DK\"},{\"@type\":\"Organization\",\"@id\":\"https:\/\/crime-passionnel.com\/#organization\",\"name\":\"Crime Passionnel\",\"url\":\"https:\/\/crime-passionnel.com\/\",\"logo\":{\"@type\":\"ImageObject\",\"inLanguage\":\"da-DK\",\"@id\":\"https:\/\/crime-passionnel.com\/#\/schema\/logo\/image\/\",\"url\":\"https:\/\/crime-passionnel.com\/wp-content\/uploads\/2021\/07\/logo.png\",\"contentUrl\":\"https:\/\/crime-passionnel.com\/wp-content\/uploads\/2021\/07\/logo.png\",\"width\":128,\"height\":50,\"caption\":\"Crime Passionnel\"},\"image\":{\"@id\":\"https:\/\/crime-passionnel.com\/#\/schema\/logo\/image\/\"},\"sameAs\":[\"https:\/\/www.facebook.com\/crimepassionnel\/\",\"https:\/\/www.instagram.com\/crime.passionnel\/\"]}]}<\/script>\n<!-- \/ Yoast SEO plugin. -->","yoast_head_json":{"title":"Red D'Amour Extrait de Parfum - Crime Passionnel","description":"Pure Sensual Orchid evokes the same carnal aura of the original with a touch of sensuality. That of the milky, unctuous notes of fresh Vanilla beans.","robots":{"index":"index","follow":"follow","max-snippet":"max-snippet:-1","max-image-preview":"max-image-preview:large","max-video-preview":"max-video-preview:-1"},"canonical":"https:\/\/crime-passionnel.com\/da\/vare\/red-damour\/","og_locale":"da_DK","og_type":"article","og_title":"Red D'Amour Extrait de Parfum - Crime Passionnel","og_description":"Pure Sensual Orchid evokes the same carnal aura of the original with a touch of sensuality. That of the milky, unctuous notes of fresh Vanilla beans.","og_url":"https:\/\/crime-passionnel.com\/da\/vare\/red-damour\/","og_site_name":"Crime Passionnel","article_publisher":"https:\/\/www.facebook.com\/crimepassionnel\/","article_modified_time":"2026-04-04T09:35:13+00:00","og_image":[{"width":1945,"height":2560,"url":"https:\/\/crime-passionnel.com\/wp-content\/uploads\/2022\/09\/red-d-amour_packshot_2189x2189-copie-scaled.jpg","type":"image\/jpeg"}],"twitter_card":"summary_large_image","twitter_misc":{"Estimeret l\u00e6setid":"1 minut"},"schema":{"@context":"https:\/\/schema.org","@graph":[{"@type":"WebPage","@id":"https:\/\/crime-passionnel.com\/product\/red-damour\/","url":"https:\/\/crime-passionnel.com\/product\/red-damour\/","name":"Red D'Amour Extrait de Parfum - Crime Passionnel","isPartOf":{"@id":"https:\/\/crime-passionnel.com\/#website"},"primaryImageOfPage":{"@id":"https:\/\/crime-passionnel.com\/product\/red-damour\/#primaryimage"},"image":{"@id":"https:\/\/crime-passionnel.com\/product\/red-damour\/#primaryimage"},"thumbnailUrl":"https:\/\/crime-passionnel.com\/wp-content\/uploads\/2022\/09\/red-d-amour_packshot_2189x2189-copie-scaled.jpg","datePublished":"2022-09-29T21:35:20+00:00","dateModified":"2026-04-04T09:35:13+00:00","description":"Pure Sensual Orchid evokes the same carnal aura of the original with a touch of sensuality. That of the milky, unctuous notes of fresh Vanilla beans.","breadcrumb":{"@id":"https:\/\/crime-passionnel.com\/product\/red-damour\/#breadcrumb"},"inLanguage":"da-DK","potentialAction":[{"@type":"ReadAction","target":["https:\/\/crime-passionnel.com\/product\/red-damour\/"]}]},{"@type":"ImageObject","inLanguage":"da-DK","@id":"https:\/\/crime-passionnel.com\/product\/red-damour\/#primaryimage","url":"https:\/\/crime-passionnel.com\/wp-content\/uploads\/2022\/09\/red-d-amour_packshot_2189x2189-copie-scaled.jpg","contentUrl":"https:\/\/crime-passionnel.com\/wp-content\/uploads\/2022\/09\/red-d-amour_packshot_2189x2189-copie-scaled.jpg","width":1945,"height":2560,"caption":"LM Parfums - Red D'Amour"},{"@type":"BreadcrumbList","@id":"https:\/\/crime-passionnel.com\/product\/red-damour\/#breadcrumb","itemListElement":[{"@type":"ListItem","position":1,"name":"Home","item":"https:\/\/crime-passionnel.com\/"},{"@type":"ListItem","position":2,"name":"Products","item":"https:\/\/crime-passionnel.com\/products\/"},{"@type":"ListItem","position":3,"name":"Red D&#8217;Amour"}]},{"@type":"WebSite","@id":"https:\/\/crime-passionnel.com\/#website","url":"https:\/\/crime-passionnel.com\/","name":"Forbrydelse og lidenskab","description":"","publisher":{"@id":"https:\/\/crime-passionnel.com\/#organization"},"potentialAction":[{"@type":"SearchAction","target":{"@type":"EntryPoint","urlTemplate":"https:\/\/crime-passionnel.com\/?s={search_term_string}"},"query-input":{"@type":"PropertyValueSpecification","valueRequired":true,"valueName":"search_term_string"}}],"inLanguage":"da-DK"},{"@type":"Organization","@id":"https:\/\/crime-passionnel.com\/#organization","name":"Forbrydelse og lidenskab","url":"https:\/\/crime-passionnel.com\/","logo":{"@type":"ImageObject","inLanguage":"da-DK","@id":"https:\/\/crime-passionnel.com\/#\/schema\/logo\/image\/","url":"https:\/\/crime-passionnel.com\/wp-content\/uploads\/2021\/07\/logo.png","contentUrl":"https:\/\/crime-passionnel.com\/wp-content\/uploads\/2021\/07\/logo.png","width":128,"height":50,"caption":"Crime Passionnel"},"image":{"@id":"https:\/\/crime-passionnel.com\/#\/schema\/logo\/image\/"},"sameAs":["https:\/\/www.facebook.com\/crimepassionnel\/","https:\/\/www.instagram.com\/crime.passionnel\/"]}]}},"_links":{"self":[{"href":"https:\/\/crime-passionnel.com\/da\/wp-json\/wp\/v2\/product\/9936","targetHints":{"allow":["GET"]}}],"collection":[{"href":"https:\/\/crime-passionnel.com\/da\/wp-json\/wp\/v2\/product"}],"about":[{"href":"https:\/\/crime-passionnel.com\/da\/wp-json\/wp\/v2\/types\/product"}],"wp:featuredmedia":[{"embeddable":true,"href":"https:\/\/crime-passionnel.com\/da\/wp-json\/wp\/v2\/media\/9939"}],"wp:attachment":[{"href":"https:\/\/crime-passionnel.com\/da\/wp-json\/wp\/v2\/media?parent=9936"}],"wp:term":[{"taxonomy":"product_brand","embeddable":true,"href":"https:\/\/crime-passionnel.com\/da\/wp-json\/wp\/v2\/product_brand?post=9936"},{"taxonomy":"product_cat","embeddable":true,"href":"https:\/\/crime-passionnel.com\/da\/wp-json\/wp\/v2\/product_cat?post=9936"},{"taxonomy":"product_tag","embeddable":true,"href":"https:\/\/crime-passionnel.com\/da\/wp-json\/wp\/v2\/product_tag?post=9936"}],"curies":[{"name":"wp","href":"https:\/\/api.w.org\/{rel}","templated":true}]}}