{"id":9794,"date":"2022-09-18T22:06:45","date_gmt":"2022-09-18T22:06:45","guid":{"rendered":"https:\/\/crime-passionnel.com\/?post_type=product&#038;p=9794"},"modified":"2026-03-04T15:04:23","modified_gmt":"2026-03-04T15:04:23","slug":"20-mars-2022","status":"publish","type":"product","link":"https:\/\/crime-passionnel.com\/da\/vare\/20-mars-2022\/","title":{"rendered":"20MARS2022"},"content":{"rendered":"<div class=\"page\" title=\"Side 2\">\n<div class=\"section\">\n<div class=\"layoutArea\">\n<div class=\"column\">\n<div class=\"page\" title=\"Side 1\">\n<div class=\"layoutArea\">\n<div class=\"column\">\n<div class=\"page\" title=\"Side 1\">\n<div class=\"layoutArea\">\n<div class=\"column\">\n<div class=\"page\" title=\"Side 1\">\n<div class=\"layoutArea\">\n<div class=\"column\">\n<div class=\"page\" title=\"Side 1\">\n<div class=\"layoutArea\">\n<div class=\"column\">\n<p>Endnu en gang satser den kendte parfumeur p\u00e5 p\u00e5lidelige, jordn\u00e6re ingredienser og ikke p\u00e5 billigt showmanship. Hans dygtige h\u00e5ndv\u00e6rk henleder opm\u00e6rksomheden p\u00e5 det innovative samspil mellem alle molekyler, som f\u00f8rer direkte til en galaktisk rejse gennem tiden. 20MARS2022 er absolut kraftfuld og nyder godt af sine m\u00f8rke og sensuelle, n\u00e6sten dyriske accenter. Den tr\u00e6agtige, r\u00f8gfyldte sammens\u00e6tning er us\u00e6dvanlig potent og tilpasser sig drillende til hver eneste hud. B\u00e5de kvinder og m\u00e6nd forf\u00f8res af de komplekse aromatiske og vanedannende stoffer, hvis udtrykskraft og rigdom \u00e5bner empiriske verdener fulde af kontraster og facetter.<\/p>\n<\/div>\n<\/div>\n<\/div>\n<\/div>\n<\/div>\n<\/div>\n<\/div>\n<\/div>\n<\/div>\n<\/div>\n<\/div>\n<\/div>\n<p>&nbsp;<\/p>\n<p>INGREDIENSER<\/p>\n<\/div>\n<\/div>\n<\/div>\n<\/div>\n<p>Topnoter: Pink peber, sort peber, safran, l\u00f8vstikke, kanel, jordb\u00e6r<\/p>\n<p>Varme noter: Jasmin, liljekonval, rose<\/p>\n<p>Basisnoter: R\u00f8gelse, patchouli, vetiver, sandeltr\u00e6, cedertr\u00e6, nagarmotha, h\u00f8, vanilje, tonkabean, cistus, moskus, civet, rav, castoreum.<\/p>","protected":false},"excerpt":{"rendered":"<div class=\"page\" title=\"Side 1\">\n<div class=\"layoutArea\">\n<div class=\"column\">\n<div class=\"page\" title=\"Side 1\">\n<div class=\"layoutArea\">\n<div class=\"column\">\n<p>M\u00f8rk og sensuel, n\u00e6sten dyrisk<\/p>\n<\/div>\n<\/div>\n<\/div>\n<\/div>\n<\/div>\n<\/div>","protected":false},"featured_media":9803,"template":"","meta":{"_acf_changed":false},"product_brand":[],"product_cat":[418,15],"product_tag":[],"class_list":{"0":"post-9794","1":"product","2":"type-product","3":"status-publish","4":"has-post-thumbnail","6":"product_cat-new-arrivals","7":"product_cat-perfumes","8":"pa_brands-rundholz","9":"pa_projection-stron","10":"pa_sizes-2ml-sample","11":"pa_sizes-50ml","12":"pa_style-oriental","13":"pa_style-spicy","15":"first","16":"instock","17":"taxable","18":"shipping-taxable","19":"purchasable","20":"product-type-variable","21":"add-to-wishlist-before_image"},"acf":[],"yoast_head":"<!-- This site is optimized with the Yoast SEO plugin v27.1.1 - https:\/\/yoast.com\/product\/yoast-seo-wordpress\/ -->\n<title>20MARS2022 Eau de Parfum - Perfumes Online<\/title>\n<meta name=\"description\" content=\"One more time, the well-known perfumer counts on reliable, down-to-earth ingredients and not on cheap showmanship. His skilled handicraft draws the attention to the innovative interaction between all molecules which leads directly to a galactic journey through time. 20MARS2022 is absolutely powerful and benefits from its dark and sensual, almost animal-like accents. The woody, smoky composition is exceptionally potent and adjusts teasingly to every different skin. Both women and men are seduced by the complex aromatic and addictive substances whose expressive power and richness open empirical worlds full of contrasts and facets.\" \/>\n<meta name=\"robots\" content=\"index, follow, max-snippet:-1, max-image-preview:large, max-video-preview:-1\" \/>\n<link rel=\"canonical\" href=\"https:\/\/crime-passionnel.com\/da\/vare\/20-mars-2022\/\" \/>\n<meta property=\"og:locale\" content=\"da_DK\" \/>\n<meta property=\"og:type\" content=\"article\" \/>\n<meta property=\"og:title\" content=\"20MARS2022 Eau de Parfum - Perfumes Online\" \/>\n<meta property=\"og:description\" content=\"One more time, the well-known perfumer counts on reliable, down-to-earth ingredients and not on cheap showmanship. His skilled handicraft draws the attention to the innovative interaction between all molecules which leads directly to a galactic journey through time. 20MARS2022 is absolutely powerful and benefits from its dark and sensual, almost animal-like accents. The woody, smoky composition is exceptionally potent and adjusts teasingly to every different skin. Both women and men are seduced by the complex aromatic and addictive substances whose expressive power and richness open empirical worlds full of contrasts and facets.\" \/>\n<meta property=\"og:url\" content=\"https:\/\/crime-passionnel.com\/da\/vare\/20-mars-2022\/\" \/>\n<meta property=\"og:site_name\" content=\"Crime Passionnel\" \/>\n<meta property=\"article:publisher\" content=\"https:\/\/www.facebook.com\/crimepassionnel\/\" \/>\n<meta property=\"article:modified_time\" content=\"2026-03-04T15:04:23+00:00\" \/>\n<meta property=\"og:image\" content=\"https:\/\/crime-passionnel.com\/wp-content\/uploads\/2022\/09\/20MARS2022-scaled.jpg\" \/>\n\t<meta property=\"og:image:width\" content=\"1945\" \/>\n\t<meta property=\"og:image:height\" content=\"2560\" \/>\n\t<meta property=\"og:image:type\" content=\"image\/jpeg\" \/>\n<meta name=\"twitter:card\" content=\"summary_large_image\" \/>\n<meta name=\"twitter:label1\" content=\"Estimeret l\u00e6setid\" \/>\n\t<meta name=\"twitter:data1\" content=\"1 minut\" \/>\n<script type=\"application\/ld+json\" class=\"yoast-schema-graph\">{\"@context\":\"https:\/\/schema.org\",\"@graph\":[{\"@type\":\"WebPage\",\"@id\":\"https:\/\/crime-passionnel.com\/product\/20-mars-2022\/\",\"url\":\"https:\/\/crime-passionnel.com\/product\/20-mars-2022\/\",\"name\":\"20MARS2022 Eau de Parfum - Perfumes Online\",\"isPartOf\":{\"@id\":\"https:\/\/crime-passionnel.com\/#website\"},\"primaryImageOfPage\":{\"@id\":\"https:\/\/crime-passionnel.com\/product\/20-mars-2022\/#primaryimage\"},\"image\":{\"@id\":\"https:\/\/crime-passionnel.com\/product\/20-mars-2022\/#primaryimage\"},\"thumbnailUrl\":\"https:\/\/crime-passionnel.com\/wp-content\/uploads\/2022\/09\/20MARS2022-scaled.jpg\",\"datePublished\":\"2022-09-18T22:06:45+00:00\",\"dateModified\":\"2026-03-04T15:04:23+00:00\",\"description\":\"One more time, the well-known perfumer counts on reliable, down-to-earth ingredients and not on cheap showmanship. His skilled handicraft draws the attention to the innovative interaction between all molecules which leads directly to a galactic journey through time. 20MARS2022 is absolutely powerful and benefits from its dark and sensual, almost animal-like accents. The woody, smoky composition is exceptionally potent and adjusts teasingly to every different skin. Both women and men are seduced by the complex aromatic and addictive substances whose expressive power and richness open empirical worlds full of contrasts and facets.\",\"breadcrumb\":{\"@id\":\"https:\/\/crime-passionnel.com\/product\/20-mars-2022\/#breadcrumb\"},\"inLanguage\":\"da-DK\",\"potentialAction\":[{\"@type\":\"ReadAction\",\"target\":[\"https:\/\/crime-passionnel.com\/product\/20-mars-2022\/\"]}]},{\"@type\":\"ImageObject\",\"inLanguage\":\"da-DK\",\"@id\":\"https:\/\/crime-passionnel.com\/product\/20-mars-2022\/#primaryimage\",\"url\":\"https:\/\/crime-passionnel.com\/wp-content\/uploads\/2022\/09\/20MARS2022-scaled.jpg\",\"contentUrl\":\"https:\/\/crime-passionnel.com\/wp-content\/uploads\/2022\/09\/20MARS2022-scaled.jpg\",\"width\":1945,\"height\":2560,\"caption\":\"20MARS2022\"},{\"@type\":\"BreadcrumbList\",\"@id\":\"https:\/\/crime-passionnel.com\/product\/20-mars-2022\/#breadcrumb\",\"itemListElement\":[{\"@type\":\"ListItem\",\"position\":1,\"name\":\"Home\",\"item\":\"https:\/\/crime-passionnel.com\/\"},{\"@type\":\"ListItem\",\"position\":2,\"name\":\"Products\",\"item\":\"https:\/\/crime-passionnel.com\/products\/\"},{\"@type\":\"ListItem\",\"position\":3,\"name\":\"20MARS2022\"}]},{\"@type\":\"WebSite\",\"@id\":\"https:\/\/crime-passionnel.com\/#website\",\"url\":\"https:\/\/crime-passionnel.com\/\",\"name\":\"Crime Passionnel\",\"description\":\"\",\"publisher\":{\"@id\":\"https:\/\/crime-passionnel.com\/#organization\"},\"potentialAction\":[{\"@type\":\"SearchAction\",\"target\":{\"@type\":\"EntryPoint\",\"urlTemplate\":\"https:\/\/crime-passionnel.com\/?s={search_term_string}\"},\"query-input\":{\"@type\":\"PropertyValueSpecification\",\"valueRequired\":true,\"valueName\":\"search_term_string\"}}],\"inLanguage\":\"da-DK\"},{\"@type\":\"Organization\",\"@id\":\"https:\/\/crime-passionnel.com\/#organization\",\"name\":\"Crime Passionnel\",\"url\":\"https:\/\/crime-passionnel.com\/\",\"logo\":{\"@type\":\"ImageObject\",\"inLanguage\":\"da-DK\",\"@id\":\"https:\/\/crime-passionnel.com\/#\/schema\/logo\/image\/\",\"url\":\"https:\/\/crime-passionnel.com\/wp-content\/uploads\/2021\/07\/logo.png\",\"contentUrl\":\"https:\/\/crime-passionnel.com\/wp-content\/uploads\/2021\/07\/logo.png\",\"width\":128,\"height\":50,\"caption\":\"Crime Passionnel\"},\"image\":{\"@id\":\"https:\/\/crime-passionnel.com\/#\/schema\/logo\/image\/\"},\"sameAs\":[\"https:\/\/www.facebook.com\/crimepassionnel\/\",\"https:\/\/www.instagram.com\/crime.passionnel\/\"]}]}<\/script>\n<!-- \/ Yoast SEO plugin. -->","yoast_head_json":{"title":"20MARS2022 Eau de Parfum - Perfumes Online","description":"Endnu en gang satser den kendte parfumeur p\u00e5 p\u00e5lidelige, jordn\u00e6re ingredienser og ikke p\u00e5 billigt showmanship. Hans dygtige h\u00e5ndv\u00e6rk henleder opm\u00e6rksomheden p\u00e5 det innovative samspil mellem alle molekyler, som f\u00f8rer direkte til en galaktisk rejse gennem tiden. 20MARS2022 er absolut kraftfuld og nyder godt af sine m\u00f8rke og sensuelle, n\u00e6sten dyriske accenter. Den tr\u00e6agtige, r\u00f8gfyldte sammens\u00e6tning er us\u00e6dvanlig potent og tilpasser sig drillende til hver eneste hud. B\u00e5de kvinder og m\u00e6nd forf\u00f8res af de komplekse aromatiske og vanedannende stoffer, hvis udtrykskraft og rigdom \u00e5bner empiriske verdener fulde af kontraster og facetter.","robots":{"index":"index","follow":"follow","max-snippet":"max-snippet:-1","max-image-preview":"max-image-preview:large","max-video-preview":"max-video-preview:-1"},"canonical":"https:\/\/crime-passionnel.com\/da\/vare\/20-mars-2022\/","og_locale":"da_DK","og_type":"article","og_title":"20MARS2022 Eau de Parfum - Perfumes Online","og_description":"One more time, the well-known perfumer counts on reliable, down-to-earth ingredients and not on cheap showmanship. His skilled handicraft draws the attention to the innovative interaction between all molecules which leads directly to a galactic journey through time. 20MARS2022 is absolutely powerful and benefits from its dark and sensual, almost animal-like accents. The woody, smoky composition is exceptionally potent and adjusts teasingly to every different skin. Both women and men are seduced by the complex aromatic and addictive substances whose expressive power and richness open empirical worlds full of contrasts and facets.","og_url":"https:\/\/crime-passionnel.com\/da\/vare\/20-mars-2022\/","og_site_name":"Crime Passionnel","article_publisher":"https:\/\/www.facebook.com\/crimepassionnel\/","article_modified_time":"2026-03-04T15:04:23+00:00","og_image":[{"width":1945,"height":2560,"url":"https:\/\/crime-passionnel.com\/wp-content\/uploads\/2022\/09\/20MARS2022-scaled.jpg","type":"image\/jpeg"}],"twitter_card":"summary_large_image","twitter_misc":{"Estimeret l\u00e6setid":"1 minut"},"schema":{"@context":"https:\/\/schema.org","@graph":[{"@type":"WebPage","@id":"https:\/\/crime-passionnel.com\/product\/20-mars-2022\/","url":"https:\/\/crime-passionnel.com\/product\/20-mars-2022\/","name":"20MARS2022 Eau de Parfum - Perfumes Online","isPartOf":{"@id":"https:\/\/crime-passionnel.com\/#website"},"primaryImageOfPage":{"@id":"https:\/\/crime-passionnel.com\/product\/20-mars-2022\/#primaryimage"},"image":{"@id":"https:\/\/crime-passionnel.com\/product\/20-mars-2022\/#primaryimage"},"thumbnailUrl":"https:\/\/crime-passionnel.com\/wp-content\/uploads\/2022\/09\/20MARS2022-scaled.jpg","datePublished":"2022-09-18T22:06:45+00:00","dateModified":"2026-03-04T15:04:23+00:00","description":"Endnu en gang satser den kendte parfumeur p\u00e5 p\u00e5lidelige, jordn\u00e6re ingredienser og ikke p\u00e5 billigt showmanship. Hans dygtige h\u00e5ndv\u00e6rk henleder opm\u00e6rksomheden p\u00e5 det innovative samspil mellem alle molekyler, som f\u00f8rer direkte til en galaktisk rejse gennem tiden. 20MARS2022 er absolut kraftfuld og nyder godt af sine m\u00f8rke og sensuelle, n\u00e6sten dyriske accenter. Den tr\u00e6agtige, r\u00f8gfyldte sammens\u00e6tning er us\u00e6dvanlig potent og tilpasser sig drillende til hver eneste hud. B\u00e5de kvinder og m\u00e6nd forf\u00f8res af de komplekse aromatiske og vanedannende stoffer, hvis udtrykskraft og rigdom \u00e5bner empiriske verdener fulde af kontraster og facetter.","breadcrumb":{"@id":"https:\/\/crime-passionnel.com\/product\/20-mars-2022\/#breadcrumb"},"inLanguage":"da-DK","potentialAction":[{"@type":"ReadAction","target":["https:\/\/crime-passionnel.com\/product\/20-mars-2022\/"]}]},{"@type":"ImageObject","inLanguage":"da-DK","@id":"https:\/\/crime-passionnel.com\/product\/20-mars-2022\/#primaryimage","url":"https:\/\/crime-passionnel.com\/wp-content\/uploads\/2022\/09\/20MARS2022-scaled.jpg","contentUrl":"https:\/\/crime-passionnel.com\/wp-content\/uploads\/2022\/09\/20MARS2022-scaled.jpg","width":1945,"height":2560,"caption":"20MARS2022"},{"@type":"BreadcrumbList","@id":"https:\/\/crime-passionnel.com\/product\/20-mars-2022\/#breadcrumb","itemListElement":[{"@type":"ListItem","position":1,"name":"Home","item":"https:\/\/crime-passionnel.com\/"},{"@type":"ListItem","position":2,"name":"Products","item":"https:\/\/crime-passionnel.com\/products\/"},{"@type":"ListItem","position":3,"name":"20MARS2022"}]},{"@type":"WebSite","@id":"https:\/\/crime-passionnel.com\/#website","url":"https:\/\/crime-passionnel.com\/","name":"Forbrydelse og lidenskab","description":"","publisher":{"@id":"https:\/\/crime-passionnel.com\/#organization"},"potentialAction":[{"@type":"SearchAction","target":{"@type":"EntryPoint","urlTemplate":"https:\/\/crime-passionnel.com\/?s={search_term_string}"},"query-input":{"@type":"PropertyValueSpecification","valueRequired":true,"valueName":"search_term_string"}}],"inLanguage":"da-DK"},{"@type":"Organization","@id":"https:\/\/crime-passionnel.com\/#organization","name":"Forbrydelse og lidenskab","url":"https:\/\/crime-passionnel.com\/","logo":{"@type":"ImageObject","inLanguage":"da-DK","@id":"https:\/\/crime-passionnel.com\/#\/schema\/logo\/image\/","url":"https:\/\/crime-passionnel.com\/wp-content\/uploads\/2021\/07\/logo.png","contentUrl":"https:\/\/crime-passionnel.com\/wp-content\/uploads\/2021\/07\/logo.png","width":128,"height":50,"caption":"Crime Passionnel"},"image":{"@id":"https:\/\/crime-passionnel.com\/#\/schema\/logo\/image\/"},"sameAs":["https:\/\/www.facebook.com\/crimepassionnel\/","https:\/\/www.instagram.com\/crime.passionnel\/"]}]}},"_links":{"self":[{"href":"https:\/\/crime-passionnel.com\/da\/wp-json\/wp\/v2\/product\/9794","targetHints":{"allow":["GET"]}}],"collection":[{"href":"https:\/\/crime-passionnel.com\/da\/wp-json\/wp\/v2\/product"}],"about":[{"href":"https:\/\/crime-passionnel.com\/da\/wp-json\/wp\/v2\/types\/product"}],"wp:featuredmedia":[{"embeddable":true,"href":"https:\/\/crime-passionnel.com\/da\/wp-json\/wp\/v2\/media\/9803"}],"wp:attachment":[{"href":"https:\/\/crime-passionnel.com\/da\/wp-json\/wp\/v2\/media?parent=9794"}],"wp:term":[{"taxonomy":"product_brand","embeddable":true,"href":"https:\/\/crime-passionnel.com\/da\/wp-json\/wp\/v2\/product_brand?post=9794"},{"taxonomy":"product_cat","embeddable":true,"href":"https:\/\/crime-passionnel.com\/da\/wp-json\/wp\/v2\/product_cat?post=9794"},{"taxonomy":"product_tag","embeddable":true,"href":"https:\/\/crime-passionnel.com\/da\/wp-json\/wp\/v2\/product_tag?post=9794"}],"curies":[{"name":"wp","href":"https:\/\/api.w.org\/{rel}","templated":true}]}}