{"id":9791,"date":"2022-09-18T21:43:10","date_gmt":"2022-09-18T21:43:10","guid":{"rendered":"https:\/\/crime-passionnel.com\/?post_type=product&#038;p=9791"},"modified":"2026-03-20T12:19:19","modified_gmt":"2026-03-20T12:19:19","slug":"feb-14-1912","status":"publish","type":"product","link":"https:\/\/crime-passionnel.com\/da\/vare\/feb-14-1912\/","title":{"rendered":"14. februar 1912"},"content":{"rendered":"<div class=\"page\" title=\"Side 2\">\n<div class=\"section\">\n<div class=\"layoutArea\">\n<div class=\"column\">\n<div class=\"page\" title=\"Side 1\">\n<div class=\"layoutArea\">\n<div class=\"column\">\n<div class=\"page\" title=\"Side 1\">\n<div class=\"layoutArea\">\n<div class=\"column\">\n<div class=\"page\" title=\"Side 1\">\n<div class=\"layoutArea\">\n<div class=\"column\">\n<p>Der er ingen faste regler for FEB.14,1912. Dyrebare \u00f8jeblikke, der minder om gamle silkeagtige boudoirs, ofte kysset hud og l\u00e6deragtige feticher. Pudret, rosenr\u00f8d \u00f8mhed, feminin bl\u00f8dhed og sublim elegance. Varm duft, t\u00f8rre tr\u00e6sorter og maskulin skarphed. FEB.14,1912 leger virtuost med kontraster, s\u00e5 ingen helt gennemskuer spillet i den subtile komposition, der g\u00f8r Arturetto Landis' symfoni s\u00e5 charmerende og uimodst\u00e5elig.<\/p>\n<p>Sp\u00e6ndende anderledes, men us\u00e6dvanligt selvsikker. Klar og elegant. Enkel og udtryksfuld. Bare en rigtig RUNDHOLZ.<\/p>\n<\/div>\n<\/div>\n<\/div>\n<\/div>\n<\/div>\n<\/div>\n<\/div>\n<\/div>\n<\/div>\n<p>&nbsp;<\/p>\n<p>INGREDIENSER<\/p>\n<\/div>\n<\/div>\n<\/div>\n<\/div>\n<p>Topnoter: Appelsin, bergamot, stjerneanis, s\u00f8d fennikel, lakrids, m\u00e6lk<\/p>\n<p>Noter om varme:<span class=\"Apple-converted-space\">\u00a0I<\/span>ris, rose, jasmin, ylang-ylang, heliotrop, gyllenblomst, gulerodsfr\u00f8<\/p>\n<p>Basisnoter: Cedertr\u00e6, moskus, l\u00e6der, tonkab\u00f8nne<\/p>","protected":false},"excerpt":{"rendered":"<div class=\"page\" title=\"Side 1\">\n<div class=\"layoutArea\">\n<div class=\"column\">\n<p>Feminin bl\u00f8dhed og sublim elegance<\/p>\n<\/div>\n<\/div>\n<\/div>","protected":false},"featured_media":9801,"template":"","meta":{"_acf_changed":false},"product_brand":[],"product_cat":[418,15],"product_tag":[],"class_list":{"0":"post-9791","1":"product","2":"type-product","3":"status-publish","4":"has-post-thumbnail","6":"product_cat-new-arrivals","7":"product_cat-perfumes","8":"pa_brands-rundholz","9":"pa_projection-stron","10":"pa_sizes-2ml-sample","11":"pa_sizes-50ml","12":"pa_style-floral","14":"first","15":"instock","16":"taxable","17":"shipping-taxable","18":"purchasable","19":"product-type-variable","20":"add-to-wishlist-before_image"},"acf":[],"yoast_head":"<!-- This site is optimized with the Yoast SEO plugin v27.1.1 - https:\/\/yoast.com\/product\/yoast-seo-wordpress\/ -->\n<title>Feb.14,1912 Eau de Parfum - Perfumes Online<\/title>\n<meta name=\"description\" content=\"FEB.14,1912. Precious moments reminding of ancient silky boudoirs, often kissed skin and leathery fetishes. Powdery, rosy tenderness, feminine softness and sublime elegance. Warm fragrance, dry woods and masculine acerbity.\" \/>\n<meta name=\"robots\" content=\"index, follow, max-snippet:-1, max-image-preview:large, max-video-preview:-1\" \/>\n<link rel=\"canonical\" href=\"https:\/\/crime-passionnel.com\/da\/vare\/feb-14-1912\/\" \/>\n<meta property=\"og:locale\" content=\"da_DK\" \/>\n<meta property=\"og:type\" content=\"article\" \/>\n<meta property=\"og:title\" content=\"Feb.14,1912 Eau de Parfum - Perfumes Online\" \/>\n<meta property=\"og:description\" content=\"FEB.14,1912. Precious moments reminding of ancient silky boudoirs, often kissed skin and leathery fetishes. Powdery, rosy tenderness, feminine softness and sublime elegance. Warm fragrance, dry woods and masculine acerbity.\" \/>\n<meta property=\"og:url\" content=\"https:\/\/crime-passionnel.com\/da\/vare\/feb-14-1912\/\" \/>\n<meta property=\"og:site_name\" content=\"Crime Passionnel\" \/>\n<meta property=\"article:publisher\" content=\"https:\/\/www.facebook.com\/crimepassionnel\/\" \/>\n<meta property=\"article:modified_time\" content=\"2026-03-20T12:19:19+00:00\" \/>\n<meta property=\"og:image\" content=\"https:\/\/crime-passionnel.com\/wp-content\/uploads\/2022\/09\/FEB_14_1912-scaled.jpg\" \/>\n\t<meta property=\"og:image:width\" content=\"1945\" \/>\n\t<meta property=\"og:image:height\" content=\"2560\" \/>\n\t<meta property=\"og:image:type\" content=\"image\/jpeg\" \/>\n<meta name=\"twitter:card\" content=\"summary_large_image\" \/>\n<meta name=\"twitter:label1\" content=\"Estimeret l\u00e6setid\" \/>\n\t<meta name=\"twitter:data1\" content=\"1 minut\" \/>\n<script type=\"application\/ld+json\" class=\"yoast-schema-graph\">{\"@context\":\"https:\/\/schema.org\",\"@graph\":[{\"@type\":\"WebPage\",\"@id\":\"https:\/\/crime-passionnel.com\/product\/feb-14-1912\/\",\"url\":\"https:\/\/crime-passionnel.com\/product\/feb-14-1912\/\",\"name\":\"Feb.14,1912 Eau de Parfum - Perfumes Online\",\"isPartOf\":{\"@id\":\"https:\/\/crime-passionnel.com\/#website\"},\"primaryImageOfPage\":{\"@id\":\"https:\/\/crime-passionnel.com\/product\/feb-14-1912\/#primaryimage\"},\"image\":{\"@id\":\"https:\/\/crime-passionnel.com\/product\/feb-14-1912\/#primaryimage\"},\"thumbnailUrl\":\"https:\/\/crime-passionnel.com\/wp-content\/uploads\/2022\/09\/FEB_14_1912-scaled.jpg\",\"datePublished\":\"2022-09-18T21:43:10+00:00\",\"dateModified\":\"2026-03-20T12:19:19+00:00\",\"description\":\"FEB.14,1912. Precious moments reminding of ancient silky boudoirs, often kissed skin and leathery fetishes. Powdery, rosy tenderness, feminine softness and sublime elegance. Warm fragrance, dry woods and masculine acerbity.\",\"breadcrumb\":{\"@id\":\"https:\/\/crime-passionnel.com\/product\/feb-14-1912\/#breadcrumb\"},\"inLanguage\":\"da-DK\",\"potentialAction\":[{\"@type\":\"ReadAction\",\"target\":[\"https:\/\/crime-passionnel.com\/product\/feb-14-1912\/\"]}]},{\"@type\":\"ImageObject\",\"inLanguage\":\"da-DK\",\"@id\":\"https:\/\/crime-passionnel.com\/product\/feb-14-1912\/#primaryimage\",\"url\":\"https:\/\/crime-passionnel.com\/wp-content\/uploads\/2022\/09\/FEB_14_1912-scaled.jpg\",\"contentUrl\":\"https:\/\/crime-passionnel.com\/wp-content\/uploads\/2022\/09\/FEB_14_1912-scaled.jpg\",\"width\":1945,\"height\":2560,\"caption\":\"FEB-14-1912\"},{\"@type\":\"BreadcrumbList\",\"@id\":\"https:\/\/crime-passionnel.com\/product\/feb-14-1912\/#breadcrumb\",\"itemListElement\":[{\"@type\":\"ListItem\",\"position\":1,\"name\":\"Home\",\"item\":\"https:\/\/crime-passionnel.com\/\"},{\"@type\":\"ListItem\",\"position\":2,\"name\":\"Products\",\"item\":\"https:\/\/crime-passionnel.com\/products\/\"},{\"@type\":\"ListItem\",\"position\":3,\"name\":\"Feb.14,1912\"}]},{\"@type\":\"WebSite\",\"@id\":\"https:\/\/crime-passionnel.com\/#website\",\"url\":\"https:\/\/crime-passionnel.com\/\",\"name\":\"Crime Passionnel\",\"description\":\"\",\"publisher\":{\"@id\":\"https:\/\/crime-passionnel.com\/#organization\"},\"potentialAction\":[{\"@type\":\"SearchAction\",\"target\":{\"@type\":\"EntryPoint\",\"urlTemplate\":\"https:\/\/crime-passionnel.com\/?s={search_term_string}\"},\"query-input\":{\"@type\":\"PropertyValueSpecification\",\"valueRequired\":true,\"valueName\":\"search_term_string\"}}],\"inLanguage\":\"da-DK\"},{\"@type\":\"Organization\",\"@id\":\"https:\/\/crime-passionnel.com\/#organization\",\"name\":\"Crime Passionnel\",\"url\":\"https:\/\/crime-passionnel.com\/\",\"logo\":{\"@type\":\"ImageObject\",\"inLanguage\":\"da-DK\",\"@id\":\"https:\/\/crime-passionnel.com\/#\/schema\/logo\/image\/\",\"url\":\"https:\/\/crime-passionnel.com\/wp-content\/uploads\/2021\/07\/logo.png\",\"contentUrl\":\"https:\/\/crime-passionnel.com\/wp-content\/uploads\/2021\/07\/logo.png\",\"width\":128,\"height\":50,\"caption\":\"Crime Passionnel\"},\"image\":{\"@id\":\"https:\/\/crime-passionnel.com\/#\/schema\/logo\/image\/\"},\"sameAs\":[\"https:\/\/www.facebook.com\/crimepassionnel\/\",\"https:\/\/www.instagram.com\/crime.passionnel\/\"]}]}<\/script>\n<!-- \/ Yoast SEO plugin. -->","yoast_head_json":{"title":"Feb.14,1912 Eau de Parfum - Perfumes Online","description":"FEB.14,1912. Precious moments reminding of ancient silky boudoirs, often kissed skin and leathery fetishes. Powdery, rosy tenderness, feminine softness and sublime elegance. Warm fragrance, dry woods and masculine acerbity.","robots":{"index":"index","follow":"follow","max-snippet":"max-snippet:-1","max-image-preview":"max-image-preview:large","max-video-preview":"max-video-preview:-1"},"canonical":"https:\/\/crime-passionnel.com\/da\/vare\/feb-14-1912\/","og_locale":"da_DK","og_type":"article","og_title":"Feb.14,1912 Eau de Parfum - Perfumes Online","og_description":"FEB.14,1912. Precious moments reminding of ancient silky boudoirs, often kissed skin and leathery fetishes. Powdery, rosy tenderness, feminine softness and sublime elegance. Warm fragrance, dry woods and masculine acerbity.","og_url":"https:\/\/crime-passionnel.com\/da\/vare\/feb-14-1912\/","og_site_name":"Crime Passionnel","article_publisher":"https:\/\/www.facebook.com\/crimepassionnel\/","article_modified_time":"2026-03-20T12:19:19+00:00","og_image":[{"width":1945,"height":2560,"url":"https:\/\/crime-passionnel.com\/wp-content\/uploads\/2022\/09\/FEB_14_1912-scaled.jpg","type":"image\/jpeg"}],"twitter_card":"summary_large_image","twitter_misc":{"Estimeret l\u00e6setid":"1 minut"},"schema":{"@context":"https:\/\/schema.org","@graph":[{"@type":"WebPage","@id":"https:\/\/crime-passionnel.com\/product\/feb-14-1912\/","url":"https:\/\/crime-passionnel.com\/product\/feb-14-1912\/","name":"Feb.14,1912 Eau de Parfum - Perfumes Online","isPartOf":{"@id":"https:\/\/crime-passionnel.com\/#website"},"primaryImageOfPage":{"@id":"https:\/\/crime-passionnel.com\/product\/feb-14-1912\/#primaryimage"},"image":{"@id":"https:\/\/crime-passionnel.com\/product\/feb-14-1912\/#primaryimage"},"thumbnailUrl":"https:\/\/crime-passionnel.com\/wp-content\/uploads\/2022\/09\/FEB_14_1912-scaled.jpg","datePublished":"2022-09-18T21:43:10+00:00","dateModified":"2026-03-20T12:19:19+00:00","description":"FEB.14,1912. Precious moments reminding of ancient silky boudoirs, often kissed skin and leathery fetishes. Powdery, rosy tenderness, feminine softness and sublime elegance. Warm fragrance, dry woods and masculine acerbity.","breadcrumb":{"@id":"https:\/\/crime-passionnel.com\/product\/feb-14-1912\/#breadcrumb"},"inLanguage":"da-DK","potentialAction":[{"@type":"ReadAction","target":["https:\/\/crime-passionnel.com\/product\/feb-14-1912\/"]}]},{"@type":"ImageObject","inLanguage":"da-DK","@id":"https:\/\/crime-passionnel.com\/product\/feb-14-1912\/#primaryimage","url":"https:\/\/crime-passionnel.com\/wp-content\/uploads\/2022\/09\/FEB_14_1912-scaled.jpg","contentUrl":"https:\/\/crime-passionnel.com\/wp-content\/uploads\/2022\/09\/FEB_14_1912-scaled.jpg","width":1945,"height":2560,"caption":"FEB-14-1912"},{"@type":"BreadcrumbList","@id":"https:\/\/crime-passionnel.com\/product\/feb-14-1912\/#breadcrumb","itemListElement":[{"@type":"ListItem","position":1,"name":"Home","item":"https:\/\/crime-passionnel.com\/"},{"@type":"ListItem","position":2,"name":"Products","item":"https:\/\/crime-passionnel.com\/products\/"},{"@type":"ListItem","position":3,"name":"Feb.14,1912"}]},{"@type":"WebSite","@id":"https:\/\/crime-passionnel.com\/#website","url":"https:\/\/crime-passionnel.com\/","name":"Forbrydelse og lidenskab","description":"","publisher":{"@id":"https:\/\/crime-passionnel.com\/#organization"},"potentialAction":[{"@type":"SearchAction","target":{"@type":"EntryPoint","urlTemplate":"https:\/\/crime-passionnel.com\/?s={search_term_string}"},"query-input":{"@type":"PropertyValueSpecification","valueRequired":true,"valueName":"search_term_string"}}],"inLanguage":"da-DK"},{"@type":"Organization","@id":"https:\/\/crime-passionnel.com\/#organization","name":"Forbrydelse og lidenskab","url":"https:\/\/crime-passionnel.com\/","logo":{"@type":"ImageObject","inLanguage":"da-DK","@id":"https:\/\/crime-passionnel.com\/#\/schema\/logo\/image\/","url":"https:\/\/crime-passionnel.com\/wp-content\/uploads\/2021\/07\/logo.png","contentUrl":"https:\/\/crime-passionnel.com\/wp-content\/uploads\/2021\/07\/logo.png","width":128,"height":50,"caption":"Crime Passionnel"},"image":{"@id":"https:\/\/crime-passionnel.com\/#\/schema\/logo\/image\/"},"sameAs":["https:\/\/www.facebook.com\/crimepassionnel\/","https:\/\/www.instagram.com\/crime.passionnel\/"]}]}},"_links":{"self":[{"href":"https:\/\/crime-passionnel.com\/da\/wp-json\/wp\/v2\/product\/9791","targetHints":{"allow":["GET"]}}],"collection":[{"href":"https:\/\/crime-passionnel.com\/da\/wp-json\/wp\/v2\/product"}],"about":[{"href":"https:\/\/crime-passionnel.com\/da\/wp-json\/wp\/v2\/types\/product"}],"wp:featuredmedia":[{"embeddable":true,"href":"https:\/\/crime-passionnel.com\/da\/wp-json\/wp\/v2\/media\/9801"}],"wp:attachment":[{"href":"https:\/\/crime-passionnel.com\/da\/wp-json\/wp\/v2\/media?parent=9791"}],"wp:term":[{"taxonomy":"product_brand","embeddable":true,"href":"https:\/\/crime-passionnel.com\/da\/wp-json\/wp\/v2\/product_brand?post=9791"},{"taxonomy":"product_cat","embeddable":true,"href":"https:\/\/crime-passionnel.com\/da\/wp-json\/wp\/v2\/product_cat?post=9791"},{"taxonomy":"product_tag","embeddable":true,"href":"https:\/\/crime-passionnel.com\/da\/wp-json\/wp\/v2\/product_tag?post=9791"}],"curies":[{"name":"wp","href":"https:\/\/api.w.org\/{rel}","templated":true}]}}