{"id":9788,"date":"2022-09-18T21:27:16","date_gmt":"2022-09-18T21:27:16","guid":{"rendered":"https:\/\/crime-passionnel.com\/?post_type=product&#038;p=9788"},"modified":"2026-02-17T18:04:52","modified_gmt":"2026-02-17T18:04:52","slug":"sept-21-1966","status":"publish","type":"product","link":"https:\/\/crime-passionnel.com\/da\/vare\/sept-21-1966\/","title":{"rendered":"21. september 1966"},"content":{"rendered":"<div class=\"page\" title=\"Side 2\">\n<div class=\"section\">\n<div class=\"layoutArea\">\n<div class=\"column\">\n<div class=\"page\" title=\"Side 1\">\n<div class=\"layoutArea\">\n<div class=\"column\">\n<div class=\"page\" title=\"Side 1\">\n<div class=\"layoutArea\">\n<div class=\"column\">\n<div class=\"page\" title=\"Side 1\">\n<div class=\"layoutArea\">\n<div class=\"column\">\n<p class=\"translation-block\">Topnoterne i SEPT.21.1966 afsl\u00f8rer en overraskende rigdom af naturlige nuancer, strejfet af br\u00e6ndte aromaer der leder tankerne hen p\u00e5 sol-varmt h\u00f8 og gr\u00f8nt gr\u00e6s. Denne us\u00e6dvanlige kombination fremviser varme der spreder sig nedenunder mild friskhed.\nOpl\u00f8ftende Paraguay teblade afgiver en let bitter note, der tilf\u00f8rer liv og bev\u00e6gelighed. Rosenpeber og rabarber afrunder dette us\u00e6dvanlige arrangement, og giver et meget fint strejf af krydderi der tilf\u00f8rer kontrast og kompleksitet. \nHjertet, af denne berusende duft, er hemmelig og g\u00e5defuld. En bomuldsbl\u00f8d, vaniljeduftende heliotrop m\u00f8der den graci\u00f8se magnolia, der tilsammen fortryller med deres lyriske noter. En jordagtig puddernote, b\u00e6rende p\u00e5 et strejf af r\u00f8g, understreger de kontrastfylde facetter af denne sofistikerede kreation.\nI basen af SEPT.21.1966 findes nuancer af cremet sandeltr\u00e6 og \u00e6dle tr\u00e6sorter, der giver en r\u00f8rende sensualitet og en f\u00f8lelse af oph\u00f8jet velv\u00e6re. Et forsigtigt doseret strejf af \u00e6delt oud, giver denne gr\u00f8nne, blomstrende komposition sin fascinerende overlegenhed og komplekse udstr\u00e5ling. I denne anden duft fra Rundholz Parfumer, er mystiske og t\u00e6nksomme frankincense ogs\u00e5 meget til stede, hvilket f\u00f8lger firmaets duft-spor.<\/p>\n<\/div>\n<\/div>\n<\/div>\n<\/div>\n<\/div>\n<\/div>\n<\/div>\n<\/div>\n<\/div>\n<p>&nbsp;<\/p>\n<p>INGREDIENSER<\/p>\n<\/div>\n<\/div>\n<\/div>\n<\/div>\n<p>\u2028Noter: Rosenpeber. Rabarber. Mat\u00e9. Heliotrope. Magnolia. Oud. Frankincense.<\/p>","protected":false},"excerpt":{"rendered":"<div class=\"page\" title=\"Side 1\">\n<div class=\"layoutArea\">\n<div class=\"column\">\n<p>Levende og fl\u00f8jlsagtig<\/p>\n<\/div>\n<\/div>\n<\/div>","protected":false},"featured_media":9799,"template":"","meta":{"_acf_changed":false},"product_brand":[],"product_cat":[418,15],"product_tag":[],"class_list":{"0":"post-9788","1":"product","2":"type-product","3":"status-publish","4":"has-post-thumbnail","6":"product_cat-new-arrivals","7":"product_cat-perfumes","8":"pa_brands-rundholz","9":"pa_projection-stron","10":"pa_sizes-2ml-sample","11":"pa_sizes-50ml","12":"pa_style-oriental","13":"pa_style-sweet","15":"first","16":"instock","17":"taxable","18":"shipping-taxable","19":"purchasable","20":"product-type-variable","21":"add-to-wishlist-before_image"},"acf":[],"yoast_head":"<!-- This site is optimized with the Yoast SEO plugin v27.4 - https:\/\/yoast.com\/product\/yoast-seo-wordpress\/ -->\n<title>Sept.21.1966 Eau de Parfum - Perfumes Online<\/title>\n<meta name=\"description\" content=\"SEPT.21.1966 reveals a surprising wealth of naturalness, touched by toasted aromas reminiscent of sun-warmed hay and also makes us think of green grass chords.\" \/>\n<meta name=\"robots\" content=\"index, follow, max-snippet:-1, max-image-preview:large, max-video-preview:-1\" \/>\n<link rel=\"canonical\" href=\"https:\/\/crime-passionnel.com\/da\/vare\/sept-21-1966\/\" \/>\n<meta property=\"og:locale\" content=\"da_DK\" \/>\n<meta property=\"og:type\" content=\"article\" \/>\n<meta property=\"og:title\" content=\"Sept.21.1966 Eau de Parfum - Perfumes Online\" \/>\n<meta property=\"og:description\" content=\"SEPT.21.1966 reveals a surprising wealth of naturalness, touched by toasted aromas reminiscent of sun-warmed hay and also makes us think of green grass chords.\" \/>\n<meta property=\"og:url\" content=\"https:\/\/crime-passionnel.com\/da\/vare\/sept-21-1966\/\" \/>\n<meta property=\"og:site_name\" content=\"Crime Passionnel\" \/>\n<meta property=\"article:publisher\" content=\"https:\/\/www.facebook.com\/crimepassionnel\/\" \/>\n<meta property=\"article:modified_time\" content=\"2026-02-17T18:04:52+00:00\" \/>\n<meta property=\"og:image\" content=\"https:\/\/crime-passionnel.com\/wp-content\/uploads\/2022\/09\/SEPT_21_1966-scaled.jpg\" \/>\n\t<meta property=\"og:image:width\" content=\"1945\" \/>\n\t<meta property=\"og:image:height\" content=\"2560\" \/>\n\t<meta property=\"og:image:type\" content=\"image\/jpeg\" \/>\n<meta name=\"twitter:card\" content=\"summary_large_image\" \/>\n<meta name=\"twitter:label1\" content=\"Estimeret l\u00e6setid\" \/>\n\t<meta name=\"twitter:data1\" content=\"2 minutter\" \/>\n<script type=\"application\/ld+json\" class=\"yoast-schema-graph\">{\"@context\":\"https:\\\/\\\/schema.org\",\"@graph\":[{\"@type\":\"WebPage\",\"@id\":\"https:\\\/\\\/crime-passionnel.com\\\/product\\\/sept-21-1966\\\/\",\"url\":\"https:\\\/\\\/crime-passionnel.com\\\/product\\\/sept-21-1966\\\/\",\"name\":\"Sept.21.1966 Eau de Parfum - Perfumes Online\",\"isPartOf\":{\"@id\":\"https:\\\/\\\/crime-passionnel.com\\\/#website\"},\"primaryImageOfPage\":{\"@id\":\"https:\\\/\\\/crime-passionnel.com\\\/product\\\/sept-21-1966\\\/#primaryimage\"},\"image\":{\"@id\":\"https:\\\/\\\/crime-passionnel.com\\\/product\\\/sept-21-1966\\\/#primaryimage\"},\"thumbnailUrl\":\"https:\\\/\\\/crime-passionnel.com\\\/wp-content\\\/uploads\\\/2022\\\/09\\\/SEPT_21_1966-scaled.jpg\",\"datePublished\":\"2022-09-18T21:27:16+00:00\",\"dateModified\":\"2026-02-17T18:04:52+00:00\",\"description\":\"SEPT.21.1966 reveals a surprising wealth of naturalness, touched by toasted aromas reminiscent of sun-warmed hay and also makes us think of green grass chords.\",\"breadcrumb\":{\"@id\":\"https:\\\/\\\/crime-passionnel.com\\\/product\\\/sept-21-1966\\\/#breadcrumb\"},\"inLanguage\":\"da-DK\",\"potentialAction\":[{\"@type\":\"ReadAction\",\"target\":[\"https:\\\/\\\/crime-passionnel.com\\\/product\\\/sept-21-1966\\\/\"]}]},{\"@type\":\"ImageObject\",\"inLanguage\":\"da-DK\",\"@id\":\"https:\\\/\\\/crime-passionnel.com\\\/product\\\/sept-21-1966\\\/#primaryimage\",\"url\":\"https:\\\/\\\/crime-passionnel.com\\\/wp-content\\\/uploads\\\/2022\\\/09\\\/SEPT_21_1966-scaled.jpg\",\"contentUrl\":\"https:\\\/\\\/crime-passionnel.com\\\/wp-content\\\/uploads\\\/2022\\\/09\\\/SEPT_21_1966-scaled.jpg\",\"width\":1945,\"height\":2560,\"caption\":\"SEPT-21-1966\"},{\"@type\":\"BreadcrumbList\",\"@id\":\"https:\\\/\\\/crime-passionnel.com\\\/product\\\/sept-21-1966\\\/#breadcrumb\",\"itemListElement\":[{\"@type\":\"ListItem\",\"position\":1,\"name\":\"Home\",\"item\":\"https:\\\/\\\/crime-passionnel.com\\\/\"},{\"@type\":\"ListItem\",\"position\":2,\"name\":\"Products\",\"item\":\"https:\\\/\\\/crime-passionnel.com\\\/products\\\/\"},{\"@type\":\"ListItem\",\"position\":3,\"name\":\"Sept.21.1966\"}]},{\"@type\":\"WebSite\",\"@id\":\"https:\\\/\\\/crime-passionnel.com\\\/#website\",\"url\":\"https:\\\/\\\/crime-passionnel.com\\\/\",\"name\":\"Crime Passionnel\",\"description\":\"\",\"publisher\":{\"@id\":\"https:\\\/\\\/crime-passionnel.com\\\/#organization\"},\"potentialAction\":[{\"@type\":\"SearchAction\",\"target\":{\"@type\":\"EntryPoint\",\"urlTemplate\":\"https:\\\/\\\/crime-passionnel.com\\\/?s={search_term_string}\"},\"query-input\":{\"@type\":\"PropertyValueSpecification\",\"valueRequired\":true,\"valueName\":\"search_term_string\"}}],\"inLanguage\":\"da-DK\"},{\"@type\":\"Organization\",\"@id\":\"https:\\\/\\\/crime-passionnel.com\\\/#organization\",\"name\":\"Crime Passionnel\",\"url\":\"https:\\\/\\\/crime-passionnel.com\\\/\",\"logo\":{\"@type\":\"ImageObject\",\"inLanguage\":\"da-DK\",\"@id\":\"https:\\\/\\\/crime-passionnel.com\\\/#\\\/schema\\\/logo\\\/image\\\/\",\"url\":\"https:\\\/\\\/crime-passionnel.com\\\/wp-content\\\/uploads\\\/2021\\\/07\\\/logo.png\",\"contentUrl\":\"https:\\\/\\\/crime-passionnel.com\\\/wp-content\\\/uploads\\\/2021\\\/07\\\/logo.png\",\"width\":128,\"height\":50,\"caption\":\"Crime Passionnel\"},\"image\":{\"@id\":\"https:\\\/\\\/crime-passionnel.com\\\/#\\\/schema\\\/logo\\\/image\\\/\"},\"sameAs\":[\"https:\\\/\\\/www.facebook.com\\\/crimepassionnel\\\/\",\"https:\\\/\\\/www.instagram.com\\\/crime.passionnel\\\/\"]}]}<\/script>\n<!-- \/ Yoast SEO plugin. -->","yoast_head_json":{"title":"Sept.21.1966 Eau de Parfum - Perfumes Online","description":"SEPT.21.1966 reveals a surprising wealth of naturalness, touched by toasted aromas reminiscent of sun-warmed hay and also makes us think of green grass chords.","robots":{"index":"index","follow":"follow","max-snippet":"max-snippet:-1","max-image-preview":"max-image-preview:large","max-video-preview":"max-video-preview:-1"},"canonical":"https:\/\/crime-passionnel.com\/da\/vare\/sept-21-1966\/","og_locale":"da_DK","og_type":"article","og_title":"Sept.21.1966 Eau de Parfum - Perfumes Online","og_description":"SEPT.21.1966 reveals a surprising wealth of naturalness, touched by toasted aromas reminiscent of sun-warmed hay and also makes us think of green grass chords.","og_url":"https:\/\/crime-passionnel.com\/da\/vare\/sept-21-1966\/","og_site_name":"Crime Passionnel","article_publisher":"https:\/\/www.facebook.com\/crimepassionnel\/","article_modified_time":"2026-02-17T18:04:52+00:00","og_image":[{"width":1945,"height":2560,"url":"https:\/\/crime-passionnel.com\/wp-content\/uploads\/2022\/09\/SEPT_21_1966-scaled.jpg","type":"image\/jpeg"}],"twitter_card":"summary_large_image","twitter_misc":{"Estimeret l\u00e6setid":"2 minutter"},"schema":{"@context":"https:\/\/schema.org","@graph":[{"@type":"WebPage","@id":"https:\/\/crime-passionnel.com\/product\/sept-21-1966\/","url":"https:\/\/crime-passionnel.com\/product\/sept-21-1966\/","name":"Sept.21.1966 Eau de Parfum - Perfumes Online","isPartOf":{"@id":"https:\/\/crime-passionnel.com\/#website"},"primaryImageOfPage":{"@id":"https:\/\/crime-passionnel.com\/product\/sept-21-1966\/#primaryimage"},"image":{"@id":"https:\/\/crime-passionnel.com\/product\/sept-21-1966\/#primaryimage"},"thumbnailUrl":"https:\/\/crime-passionnel.com\/wp-content\/uploads\/2022\/09\/SEPT_21_1966-scaled.jpg","datePublished":"2022-09-18T21:27:16+00:00","dateModified":"2026-02-17T18:04:52+00:00","description":"SEPT.21.1966 reveals a surprising wealth of naturalness, touched by toasted aromas reminiscent of sun-warmed hay and also makes us think of green grass chords.","breadcrumb":{"@id":"https:\/\/crime-passionnel.com\/product\/sept-21-1966\/#breadcrumb"},"inLanguage":"da-DK","potentialAction":[{"@type":"ReadAction","target":["https:\/\/crime-passionnel.com\/product\/sept-21-1966\/"]}]},{"@type":"ImageObject","inLanguage":"da-DK","@id":"https:\/\/crime-passionnel.com\/product\/sept-21-1966\/#primaryimage","url":"https:\/\/crime-passionnel.com\/wp-content\/uploads\/2022\/09\/SEPT_21_1966-scaled.jpg","contentUrl":"https:\/\/crime-passionnel.com\/wp-content\/uploads\/2022\/09\/SEPT_21_1966-scaled.jpg","width":1945,"height":2560,"caption":"SEPT-21-1966"},{"@type":"BreadcrumbList","@id":"https:\/\/crime-passionnel.com\/product\/sept-21-1966\/#breadcrumb","itemListElement":[{"@type":"ListItem","position":1,"name":"Home","item":"https:\/\/crime-passionnel.com\/"},{"@type":"ListItem","position":2,"name":"Products","item":"https:\/\/crime-passionnel.com\/products\/"},{"@type":"ListItem","position":3,"name":"Sept.21.1966"}]},{"@type":"WebSite","@id":"https:\/\/crime-passionnel.com\/#website","url":"https:\/\/crime-passionnel.com\/","name":"Forbrydelse og lidenskab","description":"","publisher":{"@id":"https:\/\/crime-passionnel.com\/#organization"},"potentialAction":[{"@type":"SearchAction","target":{"@type":"EntryPoint","urlTemplate":"https:\/\/crime-passionnel.com\/?s={search_term_string}"},"query-input":{"@type":"PropertyValueSpecification","valueRequired":true,"valueName":"search_term_string"}}],"inLanguage":"da-DK"},{"@type":"Organization","@id":"https:\/\/crime-passionnel.com\/#organization","name":"Forbrydelse og lidenskab","url":"https:\/\/crime-passionnel.com\/","logo":{"@type":"ImageObject","inLanguage":"da-DK","@id":"https:\/\/crime-passionnel.com\/#\/schema\/logo\/image\/","url":"https:\/\/crime-passionnel.com\/wp-content\/uploads\/2021\/07\/logo.png","contentUrl":"https:\/\/crime-passionnel.com\/wp-content\/uploads\/2021\/07\/logo.png","width":128,"height":50,"caption":"Crime Passionnel"},"image":{"@id":"https:\/\/crime-passionnel.com\/#\/schema\/logo\/image\/"},"sameAs":["https:\/\/www.facebook.com\/crimepassionnel\/","https:\/\/www.instagram.com\/crime.passionnel\/"]}]}},"_links":{"self":[{"href":"https:\/\/crime-passionnel.com\/da\/wp-json\/wp\/v2\/product\/9788","targetHints":{"allow":["GET"]}}],"collection":[{"href":"https:\/\/crime-passionnel.com\/da\/wp-json\/wp\/v2\/product"}],"about":[{"href":"https:\/\/crime-passionnel.com\/da\/wp-json\/wp\/v2\/types\/product"}],"wp:featuredmedia":[{"embeddable":true,"href":"https:\/\/crime-passionnel.com\/da\/wp-json\/wp\/v2\/media\/9799"}],"wp:attachment":[{"href":"https:\/\/crime-passionnel.com\/da\/wp-json\/wp\/v2\/media?parent=9788"}],"wp:term":[{"taxonomy":"product_brand","embeddable":true,"href":"https:\/\/crime-passionnel.com\/da\/wp-json\/wp\/v2\/product_brand?post=9788"},{"taxonomy":"product_cat","embeddable":true,"href":"https:\/\/crime-passionnel.com\/da\/wp-json\/wp\/v2\/product_cat?post=9788"},{"taxonomy":"product_tag","embeddable":true,"href":"https:\/\/crime-passionnel.com\/da\/wp-json\/wp\/v2\/product_tag?post=9788"}],"curies":[{"name":"wp","href":"https:\/\/api.w.org\/{rel}","templated":true}]}}