{"id":9642,"date":"2022-09-13T18:35:27","date_gmt":"2022-09-13T18:35:27","guid":{"rendered":"https:\/\/crime-passionnel.com\/?post_type=product&#038;p=9642"},"modified":"2026-03-09T20:54:13","modified_gmt":"2026-03-09T20:54:13","slug":"unspoken-musk","status":"publish","type":"product","link":"https:\/\/crime-passionnel.com\/da\/vare\/unspoken-musk\/","title":{"rendered":"Uudtalt moskus"},"content":{"rendered":"<div class=\"page\" title=\"Side 2\">\n<div class=\"section\">\n<div class=\"layoutArea\">\n<div class=\"column\">\n<p>Unspoken Musk er frugten af Francesca Bianchis fantasi: P\u00e5 trods af at den utvivlsomt er inspireret af den naturlige moskus, er den beriget med en r\u00e6kke minder, forslag og l\u00e6sninger om denne mytiske ingrediens, som har beruset mennesker i \u00e5rhundreder.<span class=\"Apple-converted-space\"><br \/>\n<\/span>S\u00f8d, fl\u00f8jlsagtig, overbevisende, beskidt, blomstrende, menneskelig; uskyldig og syndig p\u00e5 samme tid - moskus repr\u00e6senterer den dikotomi, der definerer mennesket.<span class=\"Apple-converted-space\">\u00a0<\/span><\/p>\n<p>&nbsp;<\/p>\n<p>INGREDIENSER<\/p>\n<\/div>\n<\/div>\n<\/div>\n<\/div>\n<p>Noter: Bergamot. Immortelle. Magnolia. Irissm\u00f8r. Musk. Castoreum. Civet. Patchouli. Sandeltr\u00e6. Cypriol. Tonka b\u00f8nner. Vanilje.<\/p>","protected":false},"excerpt":{"rendered":"<p>S\u00f8d \/ Fl\u00f8jlsbl\u00f8d \/ Overtalende \/ Beskidt \/ Blomstrende<\/p>","protected":false},"featured_media":9655,"template":"","meta":{"_acf_changed":false},"product_brand":[],"product_cat":[418,15],"product_tag":[],"class_list":{"0":"post-9642","1":"product","2":"type-product","3":"status-publish","4":"has-post-thumbnail","6":"product_cat-new-arrivals","7":"product_cat-perfumes","8":"pa_brands-francesca-bianchi","9":"pa_projection-enormous","10":"pa_sizes-2ml-sample","11":"pa_sizes-30ml","12":"pa_style-oriental","13":"pa_style-sweet","15":"first","16":"instock","17":"taxable","18":"shipping-taxable","19":"purchasable","20":"product-type-variable","21":"add-to-wishlist-before_image"},"acf":[],"yoast_head":"<!-- This site is optimized with the Yoast SEO plugin v27.1.1 - https:\/\/yoast.com\/product\/yoast-seo-wordpress\/ -->\n<title>Unspoken Musk Extrait de Parfum - Perfumes Online<\/title>\n<meta name=\"description\" content=\"This perfume by Francesca Bianchi represents the abandonment of pleasures, or Luxury intended as enjoyment of life with a sense of freedom.\" \/>\n<meta name=\"robots\" content=\"index, follow, max-snippet:-1, max-image-preview:large, max-video-preview:-1\" \/>\n<link rel=\"canonical\" href=\"https:\/\/crime-passionnel.com\/da\/vare\/unspoken-musk\/\" \/>\n<meta property=\"og:locale\" content=\"da_DK\" \/>\n<meta property=\"og:type\" content=\"article\" \/>\n<meta property=\"og:title\" content=\"Unspoken Musk Extrait de Parfum - Perfumes Online\" \/>\n<meta property=\"og:description\" content=\"This perfume by Francesca Bianchi represents the abandonment of pleasures, or Luxury intended as enjoyment of life with a sense of freedom.\" \/>\n<meta property=\"og:url\" content=\"https:\/\/crime-passionnel.com\/da\/vare\/unspoken-musk\/\" \/>\n<meta property=\"og:site_name\" content=\"Crime Passionnel\" \/>\n<meta property=\"article:publisher\" content=\"https:\/\/www.facebook.com\/crimepassionnel\/\" \/>\n<meta property=\"article:modified_time\" content=\"2026-03-09T20:54:13+00:00\" \/>\n<meta property=\"og:image\" content=\"https:\/\/crime-passionnel.com\/wp-content\/uploads\/2022\/09\/Unspoken_Musk_white_background.jpg\" \/>\n\t<meta property=\"og:image:width\" content=\"1945\" \/>\n\t<meta property=\"og:image:height\" content=\"2560\" \/>\n\t<meta property=\"og:image:type\" content=\"image\/jpeg\" \/>\n<meta name=\"twitter:card\" content=\"summary_large_image\" \/>\n<meta name=\"twitter:label1\" content=\"Estimeret l\u00e6setid\" \/>\n\t<meta name=\"twitter:data1\" content=\"1 minut\" \/>\n<script type=\"application\/ld+json\" class=\"yoast-schema-graph\">{\"@context\":\"https:\/\/schema.org\",\"@graph\":[{\"@type\":\"WebPage\",\"@id\":\"https:\/\/crime-passionnel.com\/product\/unspoken-musk\/\",\"url\":\"https:\/\/crime-passionnel.com\/product\/unspoken-musk\/\",\"name\":\"Unspoken Musk Extrait de Parfum - Perfumes Online\",\"isPartOf\":{\"@id\":\"https:\/\/crime-passionnel.com\/#website\"},\"primaryImageOfPage\":{\"@id\":\"https:\/\/crime-passionnel.com\/product\/unspoken-musk\/#primaryimage\"},\"image\":{\"@id\":\"https:\/\/crime-passionnel.com\/product\/unspoken-musk\/#primaryimage\"},\"thumbnailUrl\":\"https:\/\/crime-passionnel.com\/wp-content\/uploads\/2022\/09\/Unspoken_Musk_white_background.jpg\",\"datePublished\":\"2022-09-13T18:35:27+00:00\",\"dateModified\":\"2026-03-09T20:54:13+00:00\",\"description\":\"This perfume by Francesca Bianchi represents the abandonment of pleasures, or Luxury intended as enjoyment of life with a sense of freedom.\",\"breadcrumb\":{\"@id\":\"https:\/\/crime-passionnel.com\/product\/unspoken-musk\/#breadcrumb\"},\"inLanguage\":\"da-DK\",\"potentialAction\":[{\"@type\":\"ReadAction\",\"target\":[\"https:\/\/crime-passionnel.com\/product\/unspoken-musk\/\"]}]},{\"@type\":\"ImageObject\",\"inLanguage\":\"da-DK\",\"@id\":\"https:\/\/crime-passionnel.com\/product\/unspoken-musk\/#primaryimage\",\"url\":\"https:\/\/crime-passionnel.com\/wp-content\/uploads\/2022\/09\/Unspoken_Musk_white_background.jpg\",\"contentUrl\":\"https:\/\/crime-passionnel.com\/wp-content\/uploads\/2022\/09\/Unspoken_Musk_white_background.jpg\",\"width\":1945,\"height\":2560,\"caption\":\"Francesca Bianchi - Unspoken Musk\"},{\"@type\":\"BreadcrumbList\",\"@id\":\"https:\/\/crime-passionnel.com\/product\/unspoken-musk\/#breadcrumb\",\"itemListElement\":[{\"@type\":\"ListItem\",\"position\":1,\"name\":\"Home\",\"item\":\"https:\/\/crime-passionnel.com\/\"},{\"@type\":\"ListItem\",\"position\":2,\"name\":\"Products\",\"item\":\"https:\/\/crime-passionnel.com\/products\/\"},{\"@type\":\"ListItem\",\"position\":3,\"name\":\"Unspoken Musk\"}]},{\"@type\":\"WebSite\",\"@id\":\"https:\/\/crime-passionnel.com\/#website\",\"url\":\"https:\/\/crime-passionnel.com\/\",\"name\":\"Crime Passionnel\",\"description\":\"\",\"publisher\":{\"@id\":\"https:\/\/crime-passionnel.com\/#organization\"},\"potentialAction\":[{\"@type\":\"SearchAction\",\"target\":{\"@type\":\"EntryPoint\",\"urlTemplate\":\"https:\/\/crime-passionnel.com\/?s={search_term_string}\"},\"query-input\":{\"@type\":\"PropertyValueSpecification\",\"valueRequired\":true,\"valueName\":\"search_term_string\"}}],\"inLanguage\":\"da-DK\"},{\"@type\":\"Organization\",\"@id\":\"https:\/\/crime-passionnel.com\/#organization\",\"name\":\"Crime Passionnel\",\"url\":\"https:\/\/crime-passionnel.com\/\",\"logo\":{\"@type\":\"ImageObject\",\"inLanguage\":\"da-DK\",\"@id\":\"https:\/\/crime-passionnel.com\/#\/schema\/logo\/image\/\",\"url\":\"https:\/\/crime-passionnel.com\/wp-content\/uploads\/2021\/07\/logo.png\",\"contentUrl\":\"https:\/\/crime-passionnel.com\/wp-content\/uploads\/2021\/07\/logo.png\",\"width\":128,\"height\":50,\"caption\":\"Crime Passionnel\"},\"image\":{\"@id\":\"https:\/\/crime-passionnel.com\/#\/schema\/logo\/image\/\"},\"sameAs\":[\"https:\/\/www.facebook.com\/crimepassionnel\/\",\"https:\/\/www.instagram.com\/crime.passionnel\/\"]}]}<\/script>\n<!-- \/ Yoast SEO plugin. -->","yoast_head_json":{"title":"Unspoken Musk Extrait de Parfum - Perfumes Online","description":"This perfume by Francesca Bianchi represents the abandonment of pleasures, or Luxury intended as enjoyment of life with a sense of freedom.","robots":{"index":"index","follow":"follow","max-snippet":"max-snippet:-1","max-image-preview":"max-image-preview:large","max-video-preview":"max-video-preview:-1"},"canonical":"https:\/\/crime-passionnel.com\/da\/vare\/unspoken-musk\/","og_locale":"da_DK","og_type":"article","og_title":"Unspoken Musk Extrait de Parfum - Perfumes Online","og_description":"This perfume by Francesca Bianchi represents the abandonment of pleasures, or Luxury intended as enjoyment of life with a sense of freedom.","og_url":"https:\/\/crime-passionnel.com\/da\/vare\/unspoken-musk\/","og_site_name":"Crime Passionnel","article_publisher":"https:\/\/www.facebook.com\/crimepassionnel\/","article_modified_time":"2026-03-09T20:54:13+00:00","og_image":[{"width":1945,"height":2560,"url":"https:\/\/crime-passionnel.com\/wp-content\/uploads\/2022\/09\/Unspoken_Musk_white_background.jpg","type":"image\/jpeg"}],"twitter_card":"summary_large_image","twitter_misc":{"Estimeret l\u00e6setid":"1 minut"},"schema":{"@context":"https:\/\/schema.org","@graph":[{"@type":"WebPage","@id":"https:\/\/crime-passionnel.com\/product\/unspoken-musk\/","url":"https:\/\/crime-passionnel.com\/product\/unspoken-musk\/","name":"Unspoken Musk Extrait de Parfum - Perfumes Online","isPartOf":{"@id":"https:\/\/crime-passionnel.com\/#website"},"primaryImageOfPage":{"@id":"https:\/\/crime-passionnel.com\/product\/unspoken-musk\/#primaryimage"},"image":{"@id":"https:\/\/crime-passionnel.com\/product\/unspoken-musk\/#primaryimage"},"thumbnailUrl":"https:\/\/crime-passionnel.com\/wp-content\/uploads\/2022\/09\/Unspoken_Musk_white_background.jpg","datePublished":"2022-09-13T18:35:27+00:00","dateModified":"2026-03-09T20:54:13+00:00","description":"This perfume by Francesca Bianchi represents the abandonment of pleasures, or Luxury intended as enjoyment of life with a sense of freedom.","breadcrumb":{"@id":"https:\/\/crime-passionnel.com\/product\/unspoken-musk\/#breadcrumb"},"inLanguage":"da-DK","potentialAction":[{"@type":"ReadAction","target":["https:\/\/crime-passionnel.com\/product\/unspoken-musk\/"]}]},{"@type":"ImageObject","inLanguage":"da-DK","@id":"https:\/\/crime-passionnel.com\/product\/unspoken-musk\/#primaryimage","url":"https:\/\/crime-passionnel.com\/wp-content\/uploads\/2022\/09\/Unspoken_Musk_white_background.jpg","contentUrl":"https:\/\/crime-passionnel.com\/wp-content\/uploads\/2022\/09\/Unspoken_Musk_white_background.jpg","width":1945,"height":2560,"caption":"Francesca Bianchi - Unspoken Musk"},{"@type":"BreadcrumbList","@id":"https:\/\/crime-passionnel.com\/product\/unspoken-musk\/#breadcrumb","itemListElement":[{"@type":"ListItem","position":1,"name":"Home","item":"https:\/\/crime-passionnel.com\/"},{"@type":"ListItem","position":2,"name":"Products","item":"https:\/\/crime-passionnel.com\/products\/"},{"@type":"ListItem","position":3,"name":"Unspoken Musk"}]},{"@type":"WebSite","@id":"https:\/\/crime-passionnel.com\/#website","url":"https:\/\/crime-passionnel.com\/","name":"Forbrydelse og lidenskab","description":"","publisher":{"@id":"https:\/\/crime-passionnel.com\/#organization"},"potentialAction":[{"@type":"SearchAction","target":{"@type":"EntryPoint","urlTemplate":"https:\/\/crime-passionnel.com\/?s={search_term_string}"},"query-input":{"@type":"PropertyValueSpecification","valueRequired":true,"valueName":"search_term_string"}}],"inLanguage":"da-DK"},{"@type":"Organization","@id":"https:\/\/crime-passionnel.com\/#organization","name":"Forbrydelse og lidenskab","url":"https:\/\/crime-passionnel.com\/","logo":{"@type":"ImageObject","inLanguage":"da-DK","@id":"https:\/\/crime-passionnel.com\/#\/schema\/logo\/image\/","url":"https:\/\/crime-passionnel.com\/wp-content\/uploads\/2021\/07\/logo.png","contentUrl":"https:\/\/crime-passionnel.com\/wp-content\/uploads\/2021\/07\/logo.png","width":128,"height":50,"caption":"Crime Passionnel"},"image":{"@id":"https:\/\/crime-passionnel.com\/#\/schema\/logo\/image\/"},"sameAs":["https:\/\/www.facebook.com\/crimepassionnel\/","https:\/\/www.instagram.com\/crime.passionnel\/"]}]}},"_links":{"self":[{"href":"https:\/\/crime-passionnel.com\/da\/wp-json\/wp\/v2\/product\/9642","targetHints":{"allow":["GET"]}}],"collection":[{"href":"https:\/\/crime-passionnel.com\/da\/wp-json\/wp\/v2\/product"}],"about":[{"href":"https:\/\/crime-passionnel.com\/da\/wp-json\/wp\/v2\/types\/product"}],"wp:featuredmedia":[{"embeddable":true,"href":"https:\/\/crime-passionnel.com\/da\/wp-json\/wp\/v2\/media\/9655"}],"wp:attachment":[{"href":"https:\/\/crime-passionnel.com\/da\/wp-json\/wp\/v2\/media?parent=9642"}],"wp:term":[{"taxonomy":"product_brand","embeddable":true,"href":"https:\/\/crime-passionnel.com\/da\/wp-json\/wp\/v2\/product_brand?post=9642"},{"taxonomy":"product_cat","embeddable":true,"href":"https:\/\/crime-passionnel.com\/da\/wp-json\/wp\/v2\/product_cat?post=9642"},{"taxonomy":"product_tag","embeddable":true,"href":"https:\/\/crime-passionnel.com\/da\/wp-json\/wp\/v2\/product_tag?post=9642"}],"curies":[{"name":"wp","href":"https:\/\/api.w.org\/{rel}","templated":true}]}}