{"id":7907,"date":"2022-07-26T20:39:11","date_gmt":"2022-07-26T20:39:11","guid":{"rendered":"https:\/\/crime-passionnel.com\/?post_type=product&#038;p=7907"},"modified":"2026-02-19T13:47:33","modified_gmt":"2026-02-19T13:47:33","slug":"soleil-de-jeddah-afterglow","status":"publish","type":"product","link":"https:\/\/crime-passionnel.com\/da\/vare\/soleil-de-jeddah-afterglow\/","title":{"rendered":"Soleil de Jeddah Afterglow"},"content":{"rendered":"<div class=\"page\" title=\"Side 8\">\n<div class=\"layoutArea\">\n<div class=\"column\">\n<p>Solen g\u00e5r langsomt ned i horisonten. Himlen er sat i brand. Havet, med sine flygtige refleksioner, er sublim. I vandkanten blander b\u00f8lgernes lyde sig med dem fra de elskende. Tanker fortaber sig i dr\u00f8mmen om for evigt.<\/p>\n<p>Soleil de Jeddah Afterglow er en sensuel og vellystig version af Soleil de Jeddah.<\/p>\n<p>En original \u00e5bning af mandarin. Noter af r\u00f8gelser b\u00f8lger rundt, inden de falder til ro p\u00e5 l\u00e6deragtig vanilje. I hjertet v\u00e6ver orkide fine tr\u00e5de rundt om en g\u00e5defuld iris i h\u00e5b om at t\u00e6mme den.<\/p>\n<p>F\u00f8r sk\u00f8nheden fra Sumatra benzoin kommer til udtryk, flammer majest\u00e6tiske ambernoter op, og sender sine sidste gyldne str\u00e5ler ud i natten.<\/p>\n<p>Soleil de Jeddah Afterglow er en formidabel parfume der efterlader sig dybe spor.<\/p>\n<\/div>\n<\/div>\n<\/div>\n<p>&nbsp;<\/p>\n<p>INGREDIENSER<\/p>\n<p>Topnoter: Bergamot. Vild Kamilleolie. R\u00f8gelse.<\/p>\n<p>Mellemnoter: Myrra. Orkide. Amber.<\/p>\n<p>Basenoter: Iris sm\u00f8r. Styrax. Benzoin, Sumatra. Vetiver. Vanilje, Madagaskar.<\/p>","protected":false},"excerpt":{"rendered":"<div class=\"page\" title=\"Side 6\">\n<div class=\"layoutArea\">\n<div class=\"column\">\n<p>Storsl\u00e5et og f\u00e6ngslende<\/p>\n<\/div>\n<\/div>\n<\/div>","protected":false},"featured_media":7915,"template":"","meta":{"_acf_changed":false},"product_brand":[],"product_cat":[418,15],"product_tag":[],"class_list":{"0":"post-7907","1":"product","2":"type-product","3":"status-publish","4":"has-post-thumbnail","6":"product_cat-new-arrivals","7":"product_cat-perfumes","8":"pa_brands-strphane-humbert-lucas","9":"pa_projection-moderate","10":"pa_sizes-2ml-sample","11":"pa_sizes-50ml","12":"pa_style-oriental","13":"pa_style-sweet","15":"first","16":"instock","17":"taxable","18":"shipping-taxable","19":"purchasable","20":"product-type-variable","21":"add-to-wishlist-before_image"},"acf":[],"yoast_head":"<!-- This site is optimized with the Yoast SEO plugin v27.5 - https:\/\/yoast.com\/product\/yoast-seo-wordpress\/ -->\n<title>Soleil de Jeddah Afterglow Perfume - Crime Passionnel<\/title>\n<meta name=\"description\" content=\"Soleil de Jeddah Afterglow Perfume, a magnificent and captivating fragrance with a rich trail. Buy perfumes online with Crime Passionnel.\" \/>\n<meta name=\"robots\" content=\"index, follow, max-snippet:-1, max-image-preview:large, max-video-preview:-1\" \/>\n<link rel=\"canonical\" href=\"https:\/\/crime-passionnel.com\/da\/vare\/soleil-de-jeddah-afterglow\/\" \/>\n<meta property=\"og:locale\" content=\"da_DK\" \/>\n<meta property=\"og:type\" content=\"article\" \/>\n<meta property=\"og:title\" content=\"Soleil de Jeddah Afterglow Perfume - Crime Passionnel\" \/>\n<meta property=\"og:description\" content=\"Soleil de Jeddah Afterglow Perfume, a magnificent and captivating fragrance with a rich trail. Buy perfumes online with Crime Passionnel.\" \/>\n<meta property=\"og:url\" content=\"https:\/\/crime-passionnel.com\/da\/vare\/soleil-de-jeddah-afterglow\/\" \/>\n<meta property=\"og:site_name\" content=\"Crime Passionnel\" \/>\n<meta property=\"article:publisher\" content=\"https:\/\/www.facebook.com\/crimepassionnel\/\" \/>\n<meta property=\"article:modified_time\" content=\"2026-02-19T13:47:33+00:00\" \/>\n<meta property=\"og:image\" content=\"https:\/\/crime-passionnel.com\/wp-content\/uploads\/2022\/07\/Soleil-de-Jeddah-Afterglow-1.jpg\" \/>\n\t<meta property=\"og:image:width\" content=\"1459\" \/>\n\t<meta property=\"og:image:height\" content=\"1920\" \/>\n\t<meta property=\"og:image:type\" content=\"image\/jpeg\" \/>\n<meta name=\"twitter:card\" content=\"summary_large_image\" \/>\n<meta name=\"twitter:label1\" content=\"Estimeret l\u00e6setid\" \/>\n\t<meta name=\"twitter:data1\" content=\"1 minut\" \/>\n<script type=\"application\/ld+json\" class=\"yoast-schema-graph\">{\"@context\":\"https:\\\/\\\/schema.org\",\"@graph\":[{\"@type\":\"WebPage\",\"@id\":\"https:\\\/\\\/crime-passionnel.com\\\/product\\\/soleil-de-jeddah-afterglow\\\/\",\"url\":\"https:\\\/\\\/crime-passionnel.com\\\/product\\\/soleil-de-jeddah-afterglow\\\/\",\"name\":\"Soleil de Jeddah Afterglow Perfume - Crime Passionnel\",\"isPartOf\":{\"@id\":\"https:\\\/\\\/crime-passionnel.com\\\/#website\"},\"primaryImageOfPage\":{\"@id\":\"https:\\\/\\\/crime-passionnel.com\\\/product\\\/soleil-de-jeddah-afterglow\\\/#primaryimage\"},\"image\":{\"@id\":\"https:\\\/\\\/crime-passionnel.com\\\/product\\\/soleil-de-jeddah-afterglow\\\/#primaryimage\"},\"thumbnailUrl\":\"https:\\\/\\\/crime-passionnel.com\\\/wp-content\\\/uploads\\\/2022\\\/07\\\/Soleil-de-Jeddah-Afterglow-1.jpg\",\"datePublished\":\"2022-07-26T20:39:11+00:00\",\"dateModified\":\"2026-02-19T13:47:33+00:00\",\"description\":\"Soleil de Jeddah Afterglow Perfume, a magnificent and captivating fragrance with a rich trail. Buy perfumes online with Crime Passionnel.\",\"breadcrumb\":{\"@id\":\"https:\\\/\\\/crime-passionnel.com\\\/product\\\/soleil-de-jeddah-afterglow\\\/#breadcrumb\"},\"inLanguage\":\"da-DK\",\"potentialAction\":[{\"@type\":\"ReadAction\",\"target\":[\"https:\\\/\\\/crime-passionnel.com\\\/product\\\/soleil-de-jeddah-afterglow\\\/\"]}]},{\"@type\":\"ImageObject\",\"inLanguage\":\"da-DK\",\"@id\":\"https:\\\/\\\/crime-passionnel.com\\\/product\\\/soleil-de-jeddah-afterglow\\\/#primaryimage\",\"url\":\"https:\\\/\\\/crime-passionnel.com\\\/wp-content\\\/uploads\\\/2022\\\/07\\\/Soleil-de-Jeddah-Afterglow-1.jpg\",\"contentUrl\":\"https:\\\/\\\/crime-passionnel.com\\\/wp-content\\\/uploads\\\/2022\\\/07\\\/Soleil-de-Jeddah-Afterglow-1.jpg\",\"width\":1459,\"height\":1920,\"caption\":\"Soleil de Jeddah Afterglow Perfume\"},{\"@type\":\"BreadcrumbList\",\"@id\":\"https:\\\/\\\/crime-passionnel.com\\\/product\\\/soleil-de-jeddah-afterglow\\\/#breadcrumb\",\"itemListElement\":[{\"@type\":\"ListItem\",\"position\":1,\"name\":\"Home\",\"item\":\"https:\\\/\\\/crime-passionnel.com\\\/\"},{\"@type\":\"ListItem\",\"position\":2,\"name\":\"Products\",\"item\":\"https:\\\/\\\/crime-passionnel.com\\\/products\\\/\"},{\"@type\":\"ListItem\",\"position\":3,\"name\":\"Soleil de Jeddah Afterglow\"}]},{\"@type\":\"WebSite\",\"@id\":\"https:\\\/\\\/crime-passionnel.com\\\/#website\",\"url\":\"https:\\\/\\\/crime-passionnel.com\\\/\",\"name\":\"Crime Passionnel\",\"description\":\"\",\"publisher\":{\"@id\":\"https:\\\/\\\/crime-passionnel.com\\\/#organization\"},\"potentialAction\":[{\"@type\":\"SearchAction\",\"target\":{\"@type\":\"EntryPoint\",\"urlTemplate\":\"https:\\\/\\\/crime-passionnel.com\\\/?s={search_term_string}\"},\"query-input\":{\"@type\":\"PropertyValueSpecification\",\"valueRequired\":true,\"valueName\":\"search_term_string\"}}],\"inLanguage\":\"da-DK\"},{\"@type\":\"Organization\",\"@id\":\"https:\\\/\\\/crime-passionnel.com\\\/#organization\",\"name\":\"Crime Passionnel\",\"url\":\"https:\\\/\\\/crime-passionnel.com\\\/\",\"logo\":{\"@type\":\"ImageObject\",\"inLanguage\":\"da-DK\",\"@id\":\"https:\\\/\\\/crime-passionnel.com\\\/#\\\/schema\\\/logo\\\/image\\\/\",\"url\":\"https:\\\/\\\/crime-passionnel.com\\\/wp-content\\\/uploads\\\/2021\\\/07\\\/logo.png\",\"contentUrl\":\"https:\\\/\\\/crime-passionnel.com\\\/wp-content\\\/uploads\\\/2021\\\/07\\\/logo.png\",\"width\":128,\"height\":50,\"caption\":\"Crime Passionnel\"},\"image\":{\"@id\":\"https:\\\/\\\/crime-passionnel.com\\\/#\\\/schema\\\/logo\\\/image\\\/\"},\"sameAs\":[\"https:\\\/\\\/www.facebook.com\\\/crimepassionnel\\\/\",\"https:\\\/\\\/www.instagram.com\\\/crime.passionnel\\\/\"]}]}<\/script>\n<!-- \/ Yoast SEO plugin. -->","yoast_head_json":{"title":"Soleil de Jeddah Afterglow Perfume - Crime Passionnel","description":"Soleil de Jeddah Afterglow Perfume, a magnificent and captivating fragrance with a rich trail. Buy perfumes online with Crime Passionnel.","robots":{"index":"index","follow":"follow","max-snippet":"max-snippet:-1","max-image-preview":"max-image-preview:large","max-video-preview":"max-video-preview:-1"},"canonical":"https:\/\/crime-passionnel.com\/da\/vare\/soleil-de-jeddah-afterglow\/","og_locale":"da_DK","og_type":"article","og_title":"Soleil de Jeddah Afterglow Perfume - Crime Passionnel","og_description":"Soleil de Jeddah Afterglow Perfume, a magnificent and captivating fragrance with a rich trail. Buy perfumes online with Crime Passionnel.","og_url":"https:\/\/crime-passionnel.com\/da\/vare\/soleil-de-jeddah-afterglow\/","og_site_name":"Crime Passionnel","article_publisher":"https:\/\/www.facebook.com\/crimepassionnel\/","article_modified_time":"2026-02-19T13:47:33+00:00","og_image":[{"width":1459,"height":1920,"url":"https:\/\/crime-passionnel.com\/wp-content\/uploads\/2022\/07\/Soleil-de-Jeddah-Afterglow-1.jpg","type":"image\/jpeg"}],"twitter_card":"summary_large_image","twitter_misc":{"Estimeret l\u00e6setid":"1 minut"},"schema":{"@context":"https:\/\/schema.org","@graph":[{"@type":"WebPage","@id":"https:\/\/crime-passionnel.com\/product\/soleil-de-jeddah-afterglow\/","url":"https:\/\/crime-passionnel.com\/product\/soleil-de-jeddah-afterglow\/","name":"Soleil de Jeddah Afterglow Perfume - Crime Passionnel","isPartOf":{"@id":"https:\/\/crime-passionnel.com\/#website"},"primaryImageOfPage":{"@id":"https:\/\/crime-passionnel.com\/product\/soleil-de-jeddah-afterglow\/#primaryimage"},"image":{"@id":"https:\/\/crime-passionnel.com\/product\/soleil-de-jeddah-afterglow\/#primaryimage"},"thumbnailUrl":"https:\/\/crime-passionnel.com\/wp-content\/uploads\/2022\/07\/Soleil-de-Jeddah-Afterglow-1.jpg","datePublished":"2022-07-26T20:39:11+00:00","dateModified":"2026-02-19T13:47:33+00:00","description":"Soleil de Jeddah Afterglow Perfume, a magnificent and captivating fragrance with a rich trail. Buy perfumes online with Crime Passionnel.","breadcrumb":{"@id":"https:\/\/crime-passionnel.com\/product\/soleil-de-jeddah-afterglow\/#breadcrumb"},"inLanguage":"da-DK","potentialAction":[{"@type":"ReadAction","target":["https:\/\/crime-passionnel.com\/product\/soleil-de-jeddah-afterglow\/"]}]},{"@type":"ImageObject","inLanguage":"da-DK","@id":"https:\/\/crime-passionnel.com\/product\/soleil-de-jeddah-afterglow\/#primaryimage","url":"https:\/\/crime-passionnel.com\/wp-content\/uploads\/2022\/07\/Soleil-de-Jeddah-Afterglow-1.jpg","contentUrl":"https:\/\/crime-passionnel.com\/wp-content\/uploads\/2022\/07\/Soleil-de-Jeddah-Afterglow-1.jpg","width":1459,"height":1920,"caption":"Soleil de Jeddah Afterglow Perfume"},{"@type":"BreadcrumbList","@id":"https:\/\/crime-passionnel.com\/product\/soleil-de-jeddah-afterglow\/#breadcrumb","itemListElement":[{"@type":"ListItem","position":1,"name":"Home","item":"https:\/\/crime-passionnel.com\/"},{"@type":"ListItem","position":2,"name":"Products","item":"https:\/\/crime-passionnel.com\/products\/"},{"@type":"ListItem","position":3,"name":"Soleil de Jeddah Afterglow"}]},{"@type":"WebSite","@id":"https:\/\/crime-passionnel.com\/#website","url":"https:\/\/crime-passionnel.com\/","name":"Forbrydelse og lidenskab","description":"","publisher":{"@id":"https:\/\/crime-passionnel.com\/#organization"},"potentialAction":[{"@type":"SearchAction","target":{"@type":"EntryPoint","urlTemplate":"https:\/\/crime-passionnel.com\/?s={search_term_string}"},"query-input":{"@type":"PropertyValueSpecification","valueRequired":true,"valueName":"search_term_string"}}],"inLanguage":"da-DK"},{"@type":"Organization","@id":"https:\/\/crime-passionnel.com\/#organization","name":"Forbrydelse og lidenskab","url":"https:\/\/crime-passionnel.com\/","logo":{"@type":"ImageObject","inLanguage":"da-DK","@id":"https:\/\/crime-passionnel.com\/#\/schema\/logo\/image\/","url":"https:\/\/crime-passionnel.com\/wp-content\/uploads\/2021\/07\/logo.png","contentUrl":"https:\/\/crime-passionnel.com\/wp-content\/uploads\/2021\/07\/logo.png","width":128,"height":50,"caption":"Crime Passionnel"},"image":{"@id":"https:\/\/crime-passionnel.com\/#\/schema\/logo\/image\/"},"sameAs":["https:\/\/www.facebook.com\/crimepassionnel\/","https:\/\/www.instagram.com\/crime.passionnel\/"]}]}},"_links":{"self":[{"href":"https:\/\/crime-passionnel.com\/da\/wp-json\/wp\/v2\/product\/7907","targetHints":{"allow":["GET"]}}],"collection":[{"href":"https:\/\/crime-passionnel.com\/da\/wp-json\/wp\/v2\/product"}],"about":[{"href":"https:\/\/crime-passionnel.com\/da\/wp-json\/wp\/v2\/types\/product"}],"wp:featuredmedia":[{"embeddable":true,"href":"https:\/\/crime-passionnel.com\/da\/wp-json\/wp\/v2\/media\/7915"}],"wp:attachment":[{"href":"https:\/\/crime-passionnel.com\/da\/wp-json\/wp\/v2\/media?parent=7907"}],"wp:term":[{"taxonomy":"product_brand","embeddable":true,"href":"https:\/\/crime-passionnel.com\/da\/wp-json\/wp\/v2\/product_brand?post=7907"},{"taxonomy":"product_cat","embeddable":true,"href":"https:\/\/crime-passionnel.com\/da\/wp-json\/wp\/v2\/product_cat?post=7907"},{"taxonomy":"product_tag","embeddable":true,"href":"https:\/\/crime-passionnel.com\/da\/wp-json\/wp\/v2\/product_tag?post=7907"}],"curies":[{"name":"wp","href":"https:\/\/api.w.org\/{rel}","templated":true}]}}