{"id":7903,"date":"2022-07-26T20:19:07","date_gmt":"2022-07-26T20:19:07","guid":{"rendered":"https:\/\/crime-passionnel.com\/?post_type=product&#038;p=7903"},"modified":"2026-04-20T16:24:44","modified_gmt":"2026-04-20T16:24:44","slug":"soleil-de-jeddah-mango-kiss","status":"publish","type":"product","link":"https:\/\/crime-passionnel.com\/da\/vare\/soleil-de-jeddah-mango-kiss\/","title":{"rendered":"Soleil de Jeddah Mango Kiss"},"content":{"rendered":"<p>En dag i paradis<\/p>\n<p>I midten af en lund af palmetr\u00e6er er parasoller sl\u00e5et up n\u00e6r det turkisbl\u00e5 vand. Morgensolens k\u00e6rtegn, der endnu er milde, f\u00f8les guddommelige. Et par baner i poolen imens en salat af friske frugter bliver sk\u00e5ret.<\/p>\n<p class=\"preFade fadeIn translation-block\">Soleil de Jeddah Mango Kiss er en dristig version af Soleil de Jeddah og pakket med vitaminer.\nFra \u00e5bningen bobler syrlige noter af mandarin og mango. Friskheden fra en kokosn\u00f8ddesorbet bliver sat i kontrast med s\u00f8de facetter fra ylang-ylang, imens vanedannende solar-amber og vanilje abs samler de facetterede l\u00e6kkerier.<\/p>\n<p class=\"preFade fadeIn\">Soleil de Jeddah Mango Kiss er en uimodst\u00e5elig gourmand duft, med et strejf af orientalsk nydelse.<\/p>\n<p>&nbsp;<\/p>\n<p>INGREDIENSER<\/p>\n<p>Topnoter: Mango. Vild Kamille. Appelsinblomst.<\/p>\n<p>Mellemnoter: Ylang-ylang. Amber. Kokosn\u00f8d.<\/p>\n<p>Basenoter: Iris sm\u00f8r. Siam Benzoin. Vanilje, Madagaskar.<\/p>","protected":false},"excerpt":{"rendered":"<div class=\"page\" title=\"Side 6\">\n<div class=\"layoutArea\">\n<div class=\"column\">\n<p>En dag i paradis<\/p>\n<\/div>\n<\/div>\n<\/div>","protected":false},"featured_media":7917,"template":"","meta":{"_acf_changed":false},"product_brand":[],"product_cat":[418,15],"product_tag":[],"class_list":{"0":"post-7903","1":"product","2":"type-product","3":"status-publish","4":"has-post-thumbnail","6":"product_cat-new-arrivals","7":"product_cat-perfumes","8":"pa_brands-strphane-humbert-lucas","9":"pa_projection-moderate","10":"pa_sizes-2ml-sample","11":"pa_sizes-50ml","12":"pa_style-fresh","13":"pa_style-sweet","15":"first","16":"instock","17":"taxable","18":"shipping-taxable","19":"purchasable","20":"product-type-variable","21":"add-to-wishlist-before_image"},"acf":[],"yoast_head":"<!-- This site is optimized with the Yoast SEO plugin v27.5 - https:\/\/yoast.com\/product\/yoast-seo-wordpress\/ -->\n<title>Soleil de Jeddah Mango Kiss Eau de Parfum - Crime Passionnel<\/title>\n<meta name=\"description\" content=\"Soleil de Jeddah Mango Kiss, an irresistibly gourmand fragrance of great pleasure of oriental fragrances. A day in paradise.\" \/>\n<meta name=\"robots\" content=\"index, follow, max-snippet:-1, max-image-preview:large, max-video-preview:-1\" \/>\n<link rel=\"canonical\" href=\"https:\/\/crime-passionnel.com\/da\/vare\/soleil-de-jeddah-mango-kiss\/\" \/>\n<meta property=\"og:locale\" content=\"da_DK\" \/>\n<meta property=\"og:type\" content=\"article\" \/>\n<meta property=\"og:title\" content=\"Soleil de Jeddah Mango Kiss Eau de Parfum - Crime Passionnel\" \/>\n<meta property=\"og:description\" content=\"Soleil de Jeddah Mango Kiss, an irresistibly gourmand fragrance of great pleasure of oriental fragrances. A day in paradise.\" \/>\n<meta property=\"og:url\" content=\"https:\/\/crime-passionnel.com\/da\/vare\/soleil-de-jeddah-mango-kiss\/\" \/>\n<meta property=\"og:site_name\" content=\"Crime Passionnel\" \/>\n<meta property=\"article:publisher\" content=\"https:\/\/www.facebook.com\/crimepassionnel\/\" \/>\n<meta property=\"article:modified_time\" content=\"2026-04-20T16:24:44+00:00\" \/>\n<meta property=\"og:image\" content=\"https:\/\/crime-passionnel.com\/wp-content\/uploads\/2022\/07\/Soleil-de-Jeddah-Mango-Kiss-1.jpg\" \/>\n\t<meta property=\"og:image:width\" content=\"1459\" \/>\n\t<meta property=\"og:image:height\" content=\"1920\" \/>\n\t<meta property=\"og:image:type\" content=\"image\/jpeg\" \/>\n<meta name=\"twitter:card\" content=\"summary_large_image\" \/>\n<meta name=\"twitter:label1\" content=\"Estimeret l\u00e6setid\" \/>\n\t<meta name=\"twitter:data1\" content=\"1 minut\" \/>\n<script type=\"application\/ld+json\" class=\"yoast-schema-graph\">{\"@context\":\"https:\\\/\\\/schema.org\",\"@graph\":[{\"@type\":\"WebPage\",\"@id\":\"https:\\\/\\\/crime-passionnel.com\\\/product\\\/soleil-de-jeddah-mango-kiss\\\/\",\"url\":\"https:\\\/\\\/crime-passionnel.com\\\/product\\\/soleil-de-jeddah-mango-kiss\\\/\",\"name\":\"Soleil de Jeddah Mango Kiss Eau de Parfum - Crime Passionnel\",\"isPartOf\":{\"@id\":\"https:\\\/\\\/crime-passionnel.com\\\/#website\"},\"primaryImageOfPage\":{\"@id\":\"https:\\\/\\\/crime-passionnel.com\\\/product\\\/soleil-de-jeddah-mango-kiss\\\/#primaryimage\"},\"image\":{\"@id\":\"https:\\\/\\\/crime-passionnel.com\\\/product\\\/soleil-de-jeddah-mango-kiss\\\/#primaryimage\"},\"thumbnailUrl\":\"https:\\\/\\\/crime-passionnel.com\\\/wp-content\\\/uploads\\\/2022\\\/07\\\/Soleil-de-Jeddah-Mango-Kiss-1.jpg\",\"datePublished\":\"2022-07-26T20:19:07+00:00\",\"dateModified\":\"2026-04-20T16:24:44+00:00\",\"description\":\"Soleil de Jeddah Mango Kiss, an irresistibly gourmand fragrance of great pleasure of oriental fragrances. A day in paradise.\",\"breadcrumb\":{\"@id\":\"https:\\\/\\\/crime-passionnel.com\\\/product\\\/soleil-de-jeddah-mango-kiss\\\/#breadcrumb\"},\"inLanguage\":\"da-DK\",\"potentialAction\":[{\"@type\":\"ReadAction\",\"target\":[\"https:\\\/\\\/crime-passionnel.com\\\/product\\\/soleil-de-jeddah-mango-kiss\\\/\"]}]},{\"@type\":\"ImageObject\",\"inLanguage\":\"da-DK\",\"@id\":\"https:\\\/\\\/crime-passionnel.com\\\/product\\\/soleil-de-jeddah-mango-kiss\\\/#primaryimage\",\"url\":\"https:\\\/\\\/crime-passionnel.com\\\/wp-content\\\/uploads\\\/2022\\\/07\\\/Soleil-de-Jeddah-Mango-Kiss-1.jpg\",\"contentUrl\":\"https:\\\/\\\/crime-passionnel.com\\\/wp-content\\\/uploads\\\/2022\\\/07\\\/Soleil-de-Jeddah-Mango-Kiss-1.jpg\",\"width\":1459,\"height\":1920,\"caption\":\"Soleil de Jeddah Mango Kiss Perfume\"},{\"@type\":\"BreadcrumbList\",\"@id\":\"https:\\\/\\\/crime-passionnel.com\\\/product\\\/soleil-de-jeddah-mango-kiss\\\/#breadcrumb\",\"itemListElement\":[{\"@type\":\"ListItem\",\"position\":1,\"name\":\"Home\",\"item\":\"https:\\\/\\\/crime-passionnel.com\\\/\"},{\"@type\":\"ListItem\",\"position\":2,\"name\":\"Products\",\"item\":\"https:\\\/\\\/crime-passionnel.com\\\/products\\\/\"},{\"@type\":\"ListItem\",\"position\":3,\"name\":\"Soleil de Jeddah Mango Kiss\"}]},{\"@type\":\"WebSite\",\"@id\":\"https:\\\/\\\/crime-passionnel.com\\\/#website\",\"url\":\"https:\\\/\\\/crime-passionnel.com\\\/\",\"name\":\"Crime Passionnel\",\"description\":\"\",\"publisher\":{\"@id\":\"https:\\\/\\\/crime-passionnel.com\\\/#organization\"},\"potentialAction\":[{\"@type\":\"SearchAction\",\"target\":{\"@type\":\"EntryPoint\",\"urlTemplate\":\"https:\\\/\\\/crime-passionnel.com\\\/?s={search_term_string}\"},\"query-input\":{\"@type\":\"PropertyValueSpecification\",\"valueRequired\":true,\"valueName\":\"search_term_string\"}}],\"inLanguage\":\"da-DK\"},{\"@type\":\"Organization\",\"@id\":\"https:\\\/\\\/crime-passionnel.com\\\/#organization\",\"name\":\"Crime Passionnel\",\"url\":\"https:\\\/\\\/crime-passionnel.com\\\/\",\"logo\":{\"@type\":\"ImageObject\",\"inLanguage\":\"da-DK\",\"@id\":\"https:\\\/\\\/crime-passionnel.com\\\/#\\\/schema\\\/logo\\\/image\\\/\",\"url\":\"https:\\\/\\\/crime-passionnel.com\\\/wp-content\\\/uploads\\\/2021\\\/07\\\/logo.png\",\"contentUrl\":\"https:\\\/\\\/crime-passionnel.com\\\/wp-content\\\/uploads\\\/2021\\\/07\\\/logo.png\",\"width\":128,\"height\":50,\"caption\":\"Crime Passionnel\"},\"image\":{\"@id\":\"https:\\\/\\\/crime-passionnel.com\\\/#\\\/schema\\\/logo\\\/image\\\/\"},\"sameAs\":[\"https:\\\/\\\/www.facebook.com\\\/crimepassionnel\\\/\",\"https:\\\/\\\/www.instagram.com\\\/crime.passionnel\\\/\"]}]}<\/script>\n<!-- \/ Yoast SEO plugin. -->","yoast_head_json":{"title":"Soleil de Jeddah Mango Kiss Eau de Parfum - Crime Passionnel","description":"Soleil de Jeddah Mango Kiss, an irresistibly gourmand fragrance of great pleasure of oriental fragrances. A day in paradise.","robots":{"index":"index","follow":"follow","max-snippet":"max-snippet:-1","max-image-preview":"max-image-preview:large","max-video-preview":"max-video-preview:-1"},"canonical":"https:\/\/crime-passionnel.com\/da\/vare\/soleil-de-jeddah-mango-kiss\/","og_locale":"da_DK","og_type":"article","og_title":"Soleil de Jeddah Mango Kiss Eau de Parfum - Crime Passionnel","og_description":"Soleil de Jeddah Mango Kiss, an irresistibly gourmand fragrance of great pleasure of oriental fragrances. A day in paradise.","og_url":"https:\/\/crime-passionnel.com\/da\/vare\/soleil-de-jeddah-mango-kiss\/","og_site_name":"Crime Passionnel","article_publisher":"https:\/\/www.facebook.com\/crimepassionnel\/","article_modified_time":"2026-04-20T16:24:44+00:00","og_image":[{"width":1459,"height":1920,"url":"https:\/\/crime-passionnel.com\/wp-content\/uploads\/2022\/07\/Soleil-de-Jeddah-Mango-Kiss-1.jpg","type":"image\/jpeg"}],"twitter_card":"summary_large_image","twitter_misc":{"Estimeret l\u00e6setid":"1 minut"},"schema":{"@context":"https:\/\/schema.org","@graph":[{"@type":"WebPage","@id":"https:\/\/crime-passionnel.com\/product\/soleil-de-jeddah-mango-kiss\/","url":"https:\/\/crime-passionnel.com\/product\/soleil-de-jeddah-mango-kiss\/","name":"Soleil de Jeddah Mango Kiss Eau de Parfum - Crime Passionnel","isPartOf":{"@id":"https:\/\/crime-passionnel.com\/#website"},"primaryImageOfPage":{"@id":"https:\/\/crime-passionnel.com\/product\/soleil-de-jeddah-mango-kiss\/#primaryimage"},"image":{"@id":"https:\/\/crime-passionnel.com\/product\/soleil-de-jeddah-mango-kiss\/#primaryimage"},"thumbnailUrl":"https:\/\/crime-passionnel.com\/wp-content\/uploads\/2022\/07\/Soleil-de-Jeddah-Mango-Kiss-1.jpg","datePublished":"2022-07-26T20:19:07+00:00","dateModified":"2026-04-20T16:24:44+00:00","description":"Soleil de Jeddah Mango Kiss, an irresistibly gourmand fragrance of great pleasure of oriental fragrances. A day in paradise.","breadcrumb":{"@id":"https:\/\/crime-passionnel.com\/product\/soleil-de-jeddah-mango-kiss\/#breadcrumb"},"inLanguage":"da-DK","potentialAction":[{"@type":"ReadAction","target":["https:\/\/crime-passionnel.com\/product\/soleil-de-jeddah-mango-kiss\/"]}]},{"@type":"ImageObject","inLanguage":"da-DK","@id":"https:\/\/crime-passionnel.com\/product\/soleil-de-jeddah-mango-kiss\/#primaryimage","url":"https:\/\/crime-passionnel.com\/wp-content\/uploads\/2022\/07\/Soleil-de-Jeddah-Mango-Kiss-1.jpg","contentUrl":"https:\/\/crime-passionnel.com\/wp-content\/uploads\/2022\/07\/Soleil-de-Jeddah-Mango-Kiss-1.jpg","width":1459,"height":1920,"caption":"Soleil de Jeddah Mango Kiss Perfume"},{"@type":"BreadcrumbList","@id":"https:\/\/crime-passionnel.com\/product\/soleil-de-jeddah-mango-kiss\/#breadcrumb","itemListElement":[{"@type":"ListItem","position":1,"name":"Home","item":"https:\/\/crime-passionnel.com\/"},{"@type":"ListItem","position":2,"name":"Products","item":"https:\/\/crime-passionnel.com\/products\/"},{"@type":"ListItem","position":3,"name":"Soleil de Jeddah Mango Kiss"}]},{"@type":"WebSite","@id":"https:\/\/crime-passionnel.com\/#website","url":"https:\/\/crime-passionnel.com\/","name":"Forbrydelse og lidenskab","description":"","publisher":{"@id":"https:\/\/crime-passionnel.com\/#organization"},"potentialAction":[{"@type":"SearchAction","target":{"@type":"EntryPoint","urlTemplate":"https:\/\/crime-passionnel.com\/?s={search_term_string}"},"query-input":{"@type":"PropertyValueSpecification","valueRequired":true,"valueName":"search_term_string"}}],"inLanguage":"da-DK"},{"@type":"Organization","@id":"https:\/\/crime-passionnel.com\/#organization","name":"Forbrydelse og lidenskab","url":"https:\/\/crime-passionnel.com\/","logo":{"@type":"ImageObject","inLanguage":"da-DK","@id":"https:\/\/crime-passionnel.com\/#\/schema\/logo\/image\/","url":"https:\/\/crime-passionnel.com\/wp-content\/uploads\/2021\/07\/logo.png","contentUrl":"https:\/\/crime-passionnel.com\/wp-content\/uploads\/2021\/07\/logo.png","width":128,"height":50,"caption":"Crime Passionnel"},"image":{"@id":"https:\/\/crime-passionnel.com\/#\/schema\/logo\/image\/"},"sameAs":["https:\/\/www.facebook.com\/crimepassionnel\/","https:\/\/www.instagram.com\/crime.passionnel\/"]}]}},"_links":{"self":[{"href":"https:\/\/crime-passionnel.com\/da\/wp-json\/wp\/v2\/product\/7903","targetHints":{"allow":["GET"]}}],"collection":[{"href":"https:\/\/crime-passionnel.com\/da\/wp-json\/wp\/v2\/product"}],"about":[{"href":"https:\/\/crime-passionnel.com\/da\/wp-json\/wp\/v2\/types\/product"}],"wp:featuredmedia":[{"embeddable":true,"href":"https:\/\/crime-passionnel.com\/da\/wp-json\/wp\/v2\/media\/7917"}],"wp:attachment":[{"href":"https:\/\/crime-passionnel.com\/da\/wp-json\/wp\/v2\/media?parent=7903"}],"wp:term":[{"taxonomy":"product_brand","embeddable":true,"href":"https:\/\/crime-passionnel.com\/da\/wp-json\/wp\/v2\/product_brand?post=7903"},{"taxonomy":"product_cat","embeddable":true,"href":"https:\/\/crime-passionnel.com\/da\/wp-json\/wp\/v2\/product_cat?post=7903"},{"taxonomy":"product_tag","embeddable":true,"href":"https:\/\/crime-passionnel.com\/da\/wp-json\/wp\/v2\/product_tag?post=7903"}],"curies":[{"name":"wp","href":"https:\/\/api.w.org\/{rel}","templated":true}]}}