{"id":7811,"date":"2022-06-09T21:03:48","date_gmt":"2022-06-09T21:03:48","guid":{"rendered":"https:\/\/crime-passionnel.com\/?post_type=product&#038;p=7811"},"modified":"2026-04-01T15:42:51","modified_gmt":"2026-04-01T15:42:51","slug":"libertine-neroli","status":"publish","type":"product","link":"https:\/\/crime-passionnel.com\/da\/vare\/libertine-neroli\/","title":{"rendered":"Libertine Neroli"},"content":{"rendered":"<div class=\"page\" title=\"Side 2\">\n<div class=\"section\">\n<div class=\"layoutArea\">\n<div class=\"column\">\n<p>Nydelse. Forf\u00f8relse. Frihed.<\/p>\n<p>En Chypr\u00e9 struktur, med en dyrisk facet, g\u00f8r denne duft forf\u00f8rende og intens og p\u00e5 samme tid sofistikeret og vintage. Referencerne til inspirationen, der ligger bag tilblivelsen af denne duft, er de fantastiske steder i Italien, hvor det bedre borgerskab s\u00f8gte hen i deres fritid. Det er ogs\u00e5 den f\u00f8rste duft, der er dedikeret til en enkelt ingrediens.<\/p>\n<p>Denne komposition er blevet til, ikke som en simpel gengivelse af en blomst, men som en kompleks opbygning omkring Neroli \u2013 som den dominerende ingrediens. Dette g\u00f8r, at den har en fantastisk holdbarhed, krop og struktur.<\/p>\n<p>&nbsp;<\/p>\n<p>INGREDIENSER<\/p>\n<\/div>\n<\/div>\n<\/div>\n<\/div>\n<p>Noter: Bergamot. Petitgrain. Neroli. Geranium. Animalic noter. L\u00e6der. Labdanum. Benzoin. Sl\u00e5enlav.<\/p>","protected":false},"excerpt":{"rendered":"<p>Elegant \/ Frisk \/ Vintage \/ Forf\u00f8rende \/ Sofistikeret<\/p>","protected":false},"featured_media":7814,"template":"","meta":{"_acf_changed":false},"product_brand":[],"product_cat":[418,15],"product_tag":[],"class_list":{"0":"post-7811","1":"product","2":"type-product","3":"status-publish","4":"has-post-thumbnail","6":"product_cat-new-arrivals","7":"product_cat-perfumes","8":"pa_brands-francesca-bianchi","9":"pa_projection-stron","10":"pa_sizes-2ml-sample","11":"pa_sizes-30ml","12":"pa_style-fresh","13":"pa_style-leather","15":"first","16":"instock","17":"taxable","18":"shipping-taxable","19":"purchasable","20":"product-type-variable","21":"add-to-wishlist-before_image"},"acf":[],"yoast_head":"<!-- This site is optimized with the Yoast SEO plugin v27.1.1 - https:\/\/yoast.com\/product\/yoast-seo-wordpress\/ -->\n<title>Libertine Neroli Extrait de Parfum - Perfumes Online<\/title>\n<meta name=\"description\" content=\"This perfume by Francesca Bianchi represents the abandonment of pleasures, or Luxury intended as enjoyment of life with a sense of freedom.\" \/>\n<meta name=\"robots\" content=\"index, follow, max-snippet:-1, max-image-preview:large, max-video-preview:-1\" \/>\n<link rel=\"canonical\" href=\"https:\/\/crime-passionnel.com\/da\/vare\/libertine-neroli\/\" \/>\n<meta property=\"og:locale\" content=\"da_DK\" \/>\n<meta property=\"og:type\" content=\"article\" \/>\n<meta property=\"og:title\" content=\"Libertine Neroli Extrait de Parfum - Perfumes Online\" \/>\n<meta property=\"og:description\" content=\"This perfume by Francesca Bianchi represents the abandonment of pleasures, or Luxury intended as enjoyment of life with a sense of freedom.\" \/>\n<meta property=\"og:url\" content=\"https:\/\/crime-passionnel.com\/da\/vare\/libertine-neroli\/\" \/>\n<meta property=\"og:site_name\" content=\"Crime Passionnel\" \/>\n<meta property=\"article:publisher\" content=\"https:\/\/www.facebook.com\/crimepassionnel\/\" \/>\n<meta property=\"article:modified_time\" content=\"2026-04-01T15:42:51+00:00\" \/>\n<meta property=\"og:image\" content=\"https:\/\/crime-passionnel.com\/wp-content\/uploads\/2022\/06\/LIBERTINE-NEROLI.jpg\" \/>\n\t<meta property=\"og:image:width\" content=\"1459\" \/>\n\t<meta property=\"og:image:height\" content=\"1920\" \/>\n\t<meta property=\"og:image:type\" content=\"image\/jpeg\" \/>\n<meta name=\"twitter:card\" content=\"summary_large_image\" \/>\n<meta name=\"twitter:label1\" content=\"Estimeret l\u00e6setid\" \/>\n\t<meta name=\"twitter:data1\" content=\"1 minut\" \/>\n<script type=\"application\/ld+json\" class=\"yoast-schema-graph\">{\"@context\":\"https:\/\/schema.org\",\"@graph\":[{\"@type\":\"WebPage\",\"@id\":\"https:\/\/crime-passionnel.com\/product\/libertine-neroli\/\",\"url\":\"https:\/\/crime-passionnel.com\/product\/libertine-neroli\/\",\"name\":\"Libertine Neroli Extrait de Parfum - Perfumes Online\",\"isPartOf\":{\"@id\":\"https:\/\/crime-passionnel.com\/#website\"},\"primaryImageOfPage\":{\"@id\":\"https:\/\/crime-passionnel.com\/product\/libertine-neroli\/#primaryimage\"},\"image\":{\"@id\":\"https:\/\/crime-passionnel.com\/product\/libertine-neroli\/#primaryimage\"},\"thumbnailUrl\":\"https:\/\/crime-passionnel.com\/wp-content\/uploads\/2022\/06\/LIBERTINE-NEROLI.jpg\",\"datePublished\":\"2022-06-09T21:03:48+00:00\",\"dateModified\":\"2026-04-01T15:42:51+00:00\",\"description\":\"This perfume by Francesca Bianchi represents the abandonment of pleasures, or Luxury intended as enjoyment of life with a sense of freedom.\",\"breadcrumb\":{\"@id\":\"https:\/\/crime-passionnel.com\/product\/libertine-neroli\/#breadcrumb\"},\"inLanguage\":\"da-DK\",\"potentialAction\":[{\"@type\":\"ReadAction\",\"target\":[\"https:\/\/crime-passionnel.com\/product\/libertine-neroli\/\"]}]},{\"@type\":\"ImageObject\",\"inLanguage\":\"da-DK\",\"@id\":\"https:\/\/crime-passionnel.com\/product\/libertine-neroli\/#primaryimage\",\"url\":\"https:\/\/crime-passionnel.com\/wp-content\/uploads\/2022\/06\/LIBERTINE-NEROLI.jpg\",\"contentUrl\":\"https:\/\/crime-passionnel.com\/wp-content\/uploads\/2022\/06\/LIBERTINE-NEROLI.jpg\",\"width\":1459,\"height\":1920,\"caption\":\"LIBERTINE NEROLI Perfume by Francesca Bianchi\"},{\"@type\":\"BreadcrumbList\",\"@id\":\"https:\/\/crime-passionnel.com\/product\/libertine-neroli\/#breadcrumb\",\"itemListElement\":[{\"@type\":\"ListItem\",\"position\":1,\"name\":\"Home\",\"item\":\"https:\/\/crime-passionnel.com\/\"},{\"@type\":\"ListItem\",\"position\":2,\"name\":\"Products\",\"item\":\"https:\/\/crime-passionnel.com\/products\/\"},{\"@type\":\"ListItem\",\"position\":3,\"name\":\"Libertine Neroli\"}]},{\"@type\":\"WebSite\",\"@id\":\"https:\/\/crime-passionnel.com\/#website\",\"url\":\"https:\/\/crime-passionnel.com\/\",\"name\":\"Crime Passionnel\",\"description\":\"\",\"publisher\":{\"@id\":\"https:\/\/crime-passionnel.com\/#organization\"},\"potentialAction\":[{\"@type\":\"SearchAction\",\"target\":{\"@type\":\"EntryPoint\",\"urlTemplate\":\"https:\/\/crime-passionnel.com\/?s={search_term_string}\"},\"query-input\":{\"@type\":\"PropertyValueSpecification\",\"valueRequired\":true,\"valueName\":\"search_term_string\"}}],\"inLanguage\":\"da-DK\"},{\"@type\":\"Organization\",\"@id\":\"https:\/\/crime-passionnel.com\/#organization\",\"name\":\"Crime Passionnel\",\"url\":\"https:\/\/crime-passionnel.com\/\",\"logo\":{\"@type\":\"ImageObject\",\"inLanguage\":\"da-DK\",\"@id\":\"https:\/\/crime-passionnel.com\/#\/schema\/logo\/image\/\",\"url\":\"https:\/\/crime-passionnel.com\/wp-content\/uploads\/2021\/07\/logo.png\",\"contentUrl\":\"https:\/\/crime-passionnel.com\/wp-content\/uploads\/2021\/07\/logo.png\",\"width\":128,\"height\":50,\"caption\":\"Crime Passionnel\"},\"image\":{\"@id\":\"https:\/\/crime-passionnel.com\/#\/schema\/logo\/image\/\"},\"sameAs\":[\"https:\/\/www.facebook.com\/crimepassionnel\/\",\"https:\/\/www.instagram.com\/crime.passionnel\/\"]}]}<\/script>\n<!-- \/ Yoast SEO plugin. -->","yoast_head_json":{"title":"Libertine Neroli Extrait de Parfum - Perfumes Online","description":"This perfume by Francesca Bianchi represents the abandonment of pleasures, or Luxury intended as enjoyment of life with a sense of freedom.","robots":{"index":"index","follow":"follow","max-snippet":"max-snippet:-1","max-image-preview":"max-image-preview:large","max-video-preview":"max-video-preview:-1"},"canonical":"https:\/\/crime-passionnel.com\/da\/vare\/libertine-neroli\/","og_locale":"da_DK","og_type":"article","og_title":"Libertine Neroli Extrait de Parfum - Perfumes Online","og_description":"This perfume by Francesca Bianchi represents the abandonment of pleasures, or Luxury intended as enjoyment of life with a sense of freedom.","og_url":"https:\/\/crime-passionnel.com\/da\/vare\/libertine-neroli\/","og_site_name":"Crime Passionnel","article_publisher":"https:\/\/www.facebook.com\/crimepassionnel\/","article_modified_time":"2026-04-01T15:42:51+00:00","og_image":[{"width":1459,"height":1920,"url":"https:\/\/crime-passionnel.com\/wp-content\/uploads\/2022\/06\/LIBERTINE-NEROLI.jpg","type":"image\/jpeg"}],"twitter_card":"summary_large_image","twitter_misc":{"Estimeret l\u00e6setid":"1 minut"},"schema":{"@context":"https:\/\/schema.org","@graph":[{"@type":"WebPage","@id":"https:\/\/crime-passionnel.com\/product\/libertine-neroli\/","url":"https:\/\/crime-passionnel.com\/product\/libertine-neroli\/","name":"Libertine Neroli Extrait de Parfum - Perfumes Online","isPartOf":{"@id":"https:\/\/crime-passionnel.com\/#website"},"primaryImageOfPage":{"@id":"https:\/\/crime-passionnel.com\/product\/libertine-neroli\/#primaryimage"},"image":{"@id":"https:\/\/crime-passionnel.com\/product\/libertine-neroli\/#primaryimage"},"thumbnailUrl":"https:\/\/crime-passionnel.com\/wp-content\/uploads\/2022\/06\/LIBERTINE-NEROLI.jpg","datePublished":"2022-06-09T21:03:48+00:00","dateModified":"2026-04-01T15:42:51+00:00","description":"This perfume by Francesca Bianchi represents the abandonment of pleasures, or Luxury intended as enjoyment of life with a sense of freedom.","breadcrumb":{"@id":"https:\/\/crime-passionnel.com\/product\/libertine-neroli\/#breadcrumb"},"inLanguage":"da-DK","potentialAction":[{"@type":"ReadAction","target":["https:\/\/crime-passionnel.com\/product\/libertine-neroli\/"]}]},{"@type":"ImageObject","inLanguage":"da-DK","@id":"https:\/\/crime-passionnel.com\/product\/libertine-neroli\/#primaryimage","url":"https:\/\/crime-passionnel.com\/wp-content\/uploads\/2022\/06\/LIBERTINE-NEROLI.jpg","contentUrl":"https:\/\/crime-passionnel.com\/wp-content\/uploads\/2022\/06\/LIBERTINE-NEROLI.jpg","width":1459,"height":1920,"caption":"LIBERTINE NEROLI Perfume by Francesca Bianchi"},{"@type":"BreadcrumbList","@id":"https:\/\/crime-passionnel.com\/product\/libertine-neroli\/#breadcrumb","itemListElement":[{"@type":"ListItem","position":1,"name":"Home","item":"https:\/\/crime-passionnel.com\/"},{"@type":"ListItem","position":2,"name":"Products","item":"https:\/\/crime-passionnel.com\/products\/"},{"@type":"ListItem","position":3,"name":"Libertine Neroli"}]},{"@type":"WebSite","@id":"https:\/\/crime-passionnel.com\/#website","url":"https:\/\/crime-passionnel.com\/","name":"Forbrydelse og lidenskab","description":"","publisher":{"@id":"https:\/\/crime-passionnel.com\/#organization"},"potentialAction":[{"@type":"SearchAction","target":{"@type":"EntryPoint","urlTemplate":"https:\/\/crime-passionnel.com\/?s={search_term_string}"},"query-input":{"@type":"PropertyValueSpecification","valueRequired":true,"valueName":"search_term_string"}}],"inLanguage":"da-DK"},{"@type":"Organization","@id":"https:\/\/crime-passionnel.com\/#organization","name":"Forbrydelse og lidenskab","url":"https:\/\/crime-passionnel.com\/","logo":{"@type":"ImageObject","inLanguage":"da-DK","@id":"https:\/\/crime-passionnel.com\/#\/schema\/logo\/image\/","url":"https:\/\/crime-passionnel.com\/wp-content\/uploads\/2021\/07\/logo.png","contentUrl":"https:\/\/crime-passionnel.com\/wp-content\/uploads\/2021\/07\/logo.png","width":128,"height":50,"caption":"Crime Passionnel"},"image":{"@id":"https:\/\/crime-passionnel.com\/#\/schema\/logo\/image\/"},"sameAs":["https:\/\/www.facebook.com\/crimepassionnel\/","https:\/\/www.instagram.com\/crime.passionnel\/"]}]}},"_links":{"self":[{"href":"https:\/\/crime-passionnel.com\/da\/wp-json\/wp\/v2\/product\/7811","targetHints":{"allow":["GET"]}}],"collection":[{"href":"https:\/\/crime-passionnel.com\/da\/wp-json\/wp\/v2\/product"}],"about":[{"href":"https:\/\/crime-passionnel.com\/da\/wp-json\/wp\/v2\/types\/product"}],"wp:featuredmedia":[{"embeddable":true,"href":"https:\/\/crime-passionnel.com\/da\/wp-json\/wp\/v2\/media\/7814"}],"wp:attachment":[{"href":"https:\/\/crime-passionnel.com\/da\/wp-json\/wp\/v2\/media?parent=7811"}],"wp:term":[{"taxonomy":"product_brand","embeddable":true,"href":"https:\/\/crime-passionnel.com\/da\/wp-json\/wp\/v2\/product_brand?post=7811"},{"taxonomy":"product_cat","embeddable":true,"href":"https:\/\/crime-passionnel.com\/da\/wp-json\/wp\/v2\/product_cat?post=7811"},{"taxonomy":"product_tag","embeddable":true,"href":"https:\/\/crime-passionnel.com\/da\/wp-json\/wp\/v2\/product_tag?post=7811"}],"curies":[{"name":"wp","href":"https:\/\/api.w.org\/{rel}","templated":true}]}}