{"id":7793,"date":"2022-06-02T10:22:33","date_gmt":"2022-06-02T10:22:33","guid":{"rendered":"https:\/\/crime-passionnel.com\/?post_type=product&#038;p=7793"},"modified":"2026-04-08T12:38:51","modified_gmt":"2026-04-08T12:38:51","slug":"encelade","status":"publish","type":"product","link":"https:\/\/crime-passionnel.com\/da\/vare\/encelade\/","title":{"rendered":"Encelade"},"content":{"rendered":"<div class=\"page\" title=\"Side 1\">\n<div class=\"layoutArea\">\n<div class=\"column\">\n<div class=\"page\" title=\"Side 1\">\n<div class=\"section\">\n<div class=\"layoutArea\">\n<div class=\"column\">\n<p>ENCELADE er en tr\u00e6agtig - gr\u00f8n - l\u00e6deragtig MARC-ANTOINE BARROIS-parfume af parfumeur Quentin Bisch.<\/p>\n<p>I denne parfume bliver der leget med paradokset lys\/skygge effekten i dufte.<\/p>\n<p>Rabarber, cedertr\u00e6 og vetiver udtrykker duften af jord, harpiks og frodig natur. Gr\u00f8nne og tr\u00e6agtige noter blander sig med r\u00f8get l\u00e6der.<\/p>\n<p>M\u00e6lket sandeltr\u00e6 og tonka b\u00f8nner tilf\u00f8rer sensualitet og holdbarhed p\u00e5 huden.<\/p>\n<p>Enceladus; Saturns m\u00e5ne eller Gaias s\u00f8n \u2013 f\u00e6ngslet under vulkanen Etna efter at v\u00e6re blevet sl\u00e5et af guderne.<\/p>\n<\/div>\n<\/div>\n<\/div>\n<\/div>\n<\/div>\n<div class=\"page\" title=\"Side 2\">\n<div class=\"layoutArea\">\n<div class=\"column\">\n<p>&nbsp;<\/p>\n<\/div>\n<\/div>\n<\/div>\n<\/div>\n<\/div>\n<p>INGREDIENSER<\/p>\n<p>Noter: Cedertr\u00e6, Atlas. R\u00f8get l\u00e6der. Sandeltr\u00e6, Australien. Rabarber. Tonka b\u00f8nner.<\/p>","protected":false},"excerpt":{"rendered":"<p>Frisk jungle op ad en vulkan. Kraftfuld og f\u00e6ngslende<\/p>","protected":false},"featured_media":17509,"template":"","meta":{"_acf_changed":false},"product_brand":[],"product_cat":[418,15],"product_tag":[],"class_list":{"0":"post-7793","1":"product","2":"type-product","3":"status-publish","4":"has-post-thumbnail","6":"product_cat-new-arrivals","7":"product_cat-perfumes","8":"pa_brands-marc-antoine-barrois","9":"pa_projection-enormous","10":"pa_sizes-2ml-sample","11":"pa_sizes-30ml","12":"pa_sizes-100ml","13":"pa_style-oriental","14":"pa_style-woody","16":"first","17":"instock","18":"taxable","19":"shipping-taxable","20":"purchasable","21":"product-type-variable","22":"add-to-wishlist-before_image"},"acf":[],"yoast_head":"<!-- This site is optimized with the Yoast SEO plugin v27.1.1 - https:\/\/yoast.com\/product\/yoast-seo-wordpress\/ -->\n<title>Encelade Eau de Parfum by Marc - Antoine Barrois<\/title>\n<meta name=\"description\" content=\"Fresh jungle on the side of a volcano,\u00a0ENCELADE is a powerful and captivating perfume by perfumer Quentin Bisch. Crime Passionnel - perfumes online.\" \/>\n<meta name=\"robots\" content=\"index, follow, max-snippet:-1, max-image-preview:large, max-video-preview:-1\" \/>\n<link rel=\"canonical\" href=\"https:\/\/crime-passionnel.com\/da\/vare\/encelade\/\" \/>\n<meta property=\"og:locale\" content=\"da_DK\" \/>\n<meta property=\"og:type\" content=\"article\" \/>\n<meta property=\"og:title\" content=\"Encelade Eau de Parfum by Marc - Antoine Barrois\" \/>\n<meta property=\"og:description\" content=\"Fresh jungle on the side of a volcano,\u00a0ENCELADE is a powerful and captivating perfume by perfumer Quentin Bisch. Crime Passionnel - perfumes online.\" \/>\n<meta property=\"og:url\" content=\"https:\/\/crime-passionnel.com\/da\/vare\/encelade\/\" \/>\n<meta property=\"og:site_name\" content=\"Crime Passionnel\" \/>\n<meta property=\"article:publisher\" content=\"https:\/\/www.facebook.com\/crimepassionnel\/\" \/>\n<meta property=\"article:modified_time\" content=\"2026-04-08T12:38:51+00:00\" \/>\n<meta property=\"og:image\" content=\"https:\/\/crime-passionnel.com\/wp-content\/uploads\/2022\/06\/Encelade-100ml-scaled.jpg\" \/>\n\t<meta property=\"og:image:width\" content=\"1945\" \/>\n\t<meta property=\"og:image:height\" content=\"2560\" \/>\n\t<meta property=\"og:image:type\" content=\"image\/jpeg\" \/>\n<meta name=\"twitter:card\" content=\"summary_large_image\" \/>\n<meta name=\"twitter:label1\" content=\"Estimeret l\u00e6setid\" \/>\n\t<meta name=\"twitter:data1\" content=\"1 minut\" \/>\n<script type=\"application\/ld+json\" class=\"yoast-schema-graph\">{\"@context\":\"https:\/\/schema.org\",\"@graph\":[{\"@type\":\"WebPage\",\"@id\":\"https:\/\/crime-passionnel.com\/product\/encelade\/\",\"url\":\"https:\/\/crime-passionnel.com\/product\/encelade\/\",\"name\":\"Encelade Eau de Parfum by Marc - Antoine Barrois\",\"isPartOf\":{\"@id\":\"https:\/\/crime-passionnel.com\/#website\"},\"primaryImageOfPage\":{\"@id\":\"https:\/\/crime-passionnel.com\/product\/encelade\/#primaryimage\"},\"image\":{\"@id\":\"https:\/\/crime-passionnel.com\/product\/encelade\/#primaryimage\"},\"thumbnailUrl\":\"https:\/\/crime-passionnel.com\/wp-content\/uploads\/2022\/06\/Encelade-100ml-scaled.jpg\",\"datePublished\":\"2022-06-02T10:22:33+00:00\",\"dateModified\":\"2026-04-08T12:38:51+00:00\",\"description\":\"Fresh jungle on the side of a volcano,\u00a0ENCELADE is a powerful and captivating perfume by perfumer Quentin Bisch. Crime Passionnel - perfumes online.\",\"breadcrumb\":{\"@id\":\"https:\/\/crime-passionnel.com\/product\/encelade\/#breadcrumb\"},\"inLanguage\":\"da-DK\",\"potentialAction\":[{\"@type\":\"ReadAction\",\"target\":[\"https:\/\/crime-passionnel.com\/product\/encelade\/\"]}]},{\"@type\":\"ImageObject\",\"inLanguage\":\"da-DK\",\"@id\":\"https:\/\/crime-passionnel.com\/product\/encelade\/#primaryimage\",\"url\":\"https:\/\/crime-passionnel.com\/wp-content\/uploads\/2022\/06\/Encelade-100ml-scaled.jpg\",\"contentUrl\":\"https:\/\/crime-passionnel.com\/wp-content\/uploads\/2022\/06\/Encelade-100ml-scaled.jpg\",\"width\":1945,\"height\":2560,\"caption\":\"Marc Antoine Barrois - Encelade 100ml\"},{\"@type\":\"BreadcrumbList\",\"@id\":\"https:\/\/crime-passionnel.com\/product\/encelade\/#breadcrumb\",\"itemListElement\":[{\"@type\":\"ListItem\",\"position\":1,\"name\":\"Home\",\"item\":\"https:\/\/crime-passionnel.com\/\"},{\"@type\":\"ListItem\",\"position\":2,\"name\":\"Products\",\"item\":\"https:\/\/crime-passionnel.com\/products\/\"},{\"@type\":\"ListItem\",\"position\":3,\"name\":\"Encelade\"}]},{\"@type\":\"WebSite\",\"@id\":\"https:\/\/crime-passionnel.com\/#website\",\"url\":\"https:\/\/crime-passionnel.com\/\",\"name\":\"Crime Passionnel\",\"description\":\"\",\"publisher\":{\"@id\":\"https:\/\/crime-passionnel.com\/#organization\"},\"potentialAction\":[{\"@type\":\"SearchAction\",\"target\":{\"@type\":\"EntryPoint\",\"urlTemplate\":\"https:\/\/crime-passionnel.com\/?s={search_term_string}\"},\"query-input\":{\"@type\":\"PropertyValueSpecification\",\"valueRequired\":true,\"valueName\":\"search_term_string\"}}],\"inLanguage\":\"da-DK\"},{\"@type\":\"Organization\",\"@id\":\"https:\/\/crime-passionnel.com\/#organization\",\"name\":\"Crime Passionnel\",\"url\":\"https:\/\/crime-passionnel.com\/\",\"logo\":{\"@type\":\"ImageObject\",\"inLanguage\":\"da-DK\",\"@id\":\"https:\/\/crime-passionnel.com\/#\/schema\/logo\/image\/\",\"url\":\"https:\/\/crime-passionnel.com\/wp-content\/uploads\/2021\/07\/logo.png\",\"contentUrl\":\"https:\/\/crime-passionnel.com\/wp-content\/uploads\/2021\/07\/logo.png\",\"width\":128,\"height\":50,\"caption\":\"Crime Passionnel\"},\"image\":{\"@id\":\"https:\/\/crime-passionnel.com\/#\/schema\/logo\/image\/\"},\"sameAs\":[\"https:\/\/www.facebook.com\/crimepassionnel\/\",\"https:\/\/www.instagram.com\/crime.passionnel\/\"]}]}<\/script>\n<!-- \/ Yoast SEO plugin. -->","yoast_head_json":{"title":"Encelade Eau de Parfum by Marc - Antoine Barrois","description":"Fresh jungle on the side of a volcano,\u00a0ENCELADE is a powerful and captivating perfume by perfumer Quentin Bisch. Crime Passionnel - perfumes online.","robots":{"index":"index","follow":"follow","max-snippet":"max-snippet:-1","max-image-preview":"max-image-preview:large","max-video-preview":"max-video-preview:-1"},"canonical":"https:\/\/crime-passionnel.com\/da\/vare\/encelade\/","og_locale":"da_DK","og_type":"article","og_title":"Encelade Eau de Parfum by Marc - Antoine Barrois","og_description":"Fresh jungle on the side of a volcano,\u00a0ENCELADE is a powerful and captivating perfume by perfumer Quentin Bisch. Crime Passionnel - perfumes online.","og_url":"https:\/\/crime-passionnel.com\/da\/vare\/encelade\/","og_site_name":"Crime Passionnel","article_publisher":"https:\/\/www.facebook.com\/crimepassionnel\/","article_modified_time":"2026-04-08T12:38:51+00:00","og_image":[{"width":1945,"height":2560,"url":"https:\/\/crime-passionnel.com\/wp-content\/uploads\/2022\/06\/Encelade-100ml-scaled.jpg","type":"image\/jpeg"}],"twitter_card":"summary_large_image","twitter_misc":{"Estimeret l\u00e6setid":"1 minut"},"schema":{"@context":"https:\/\/schema.org","@graph":[{"@type":"WebPage","@id":"https:\/\/crime-passionnel.com\/product\/encelade\/","url":"https:\/\/crime-passionnel.com\/product\/encelade\/","name":"Encelade Eau de Parfum by Marc - Antoine Barrois","isPartOf":{"@id":"https:\/\/crime-passionnel.com\/#website"},"primaryImageOfPage":{"@id":"https:\/\/crime-passionnel.com\/product\/encelade\/#primaryimage"},"image":{"@id":"https:\/\/crime-passionnel.com\/product\/encelade\/#primaryimage"},"thumbnailUrl":"https:\/\/crime-passionnel.com\/wp-content\/uploads\/2022\/06\/Encelade-100ml-scaled.jpg","datePublished":"2022-06-02T10:22:33+00:00","dateModified":"2026-04-08T12:38:51+00:00","description":"Fresh jungle on the side of a volcano,\u00a0ENCELADE is a powerful and captivating perfume by perfumer Quentin Bisch. Crime Passionnel - perfumes online.","breadcrumb":{"@id":"https:\/\/crime-passionnel.com\/product\/encelade\/#breadcrumb"},"inLanguage":"da-DK","potentialAction":[{"@type":"ReadAction","target":["https:\/\/crime-passionnel.com\/product\/encelade\/"]}]},{"@type":"ImageObject","inLanguage":"da-DK","@id":"https:\/\/crime-passionnel.com\/product\/encelade\/#primaryimage","url":"https:\/\/crime-passionnel.com\/wp-content\/uploads\/2022\/06\/Encelade-100ml-scaled.jpg","contentUrl":"https:\/\/crime-passionnel.com\/wp-content\/uploads\/2022\/06\/Encelade-100ml-scaled.jpg","width":1945,"height":2560,"caption":"Marc Antoine Barrois - Encelade 100ml"},{"@type":"BreadcrumbList","@id":"https:\/\/crime-passionnel.com\/product\/encelade\/#breadcrumb","itemListElement":[{"@type":"ListItem","position":1,"name":"Home","item":"https:\/\/crime-passionnel.com\/"},{"@type":"ListItem","position":2,"name":"Products","item":"https:\/\/crime-passionnel.com\/products\/"},{"@type":"ListItem","position":3,"name":"Encelade"}]},{"@type":"WebSite","@id":"https:\/\/crime-passionnel.com\/#website","url":"https:\/\/crime-passionnel.com\/","name":"Forbrydelse og lidenskab","description":"","publisher":{"@id":"https:\/\/crime-passionnel.com\/#organization"},"potentialAction":[{"@type":"SearchAction","target":{"@type":"EntryPoint","urlTemplate":"https:\/\/crime-passionnel.com\/?s={search_term_string}"},"query-input":{"@type":"PropertyValueSpecification","valueRequired":true,"valueName":"search_term_string"}}],"inLanguage":"da-DK"},{"@type":"Organization","@id":"https:\/\/crime-passionnel.com\/#organization","name":"Forbrydelse og lidenskab","url":"https:\/\/crime-passionnel.com\/","logo":{"@type":"ImageObject","inLanguage":"da-DK","@id":"https:\/\/crime-passionnel.com\/#\/schema\/logo\/image\/","url":"https:\/\/crime-passionnel.com\/wp-content\/uploads\/2021\/07\/logo.png","contentUrl":"https:\/\/crime-passionnel.com\/wp-content\/uploads\/2021\/07\/logo.png","width":128,"height":50,"caption":"Crime Passionnel"},"image":{"@id":"https:\/\/crime-passionnel.com\/#\/schema\/logo\/image\/"},"sameAs":["https:\/\/www.facebook.com\/crimepassionnel\/","https:\/\/www.instagram.com\/crime.passionnel\/"]}]}},"_links":{"self":[{"href":"https:\/\/crime-passionnel.com\/da\/wp-json\/wp\/v2\/product\/7793","targetHints":{"allow":["GET"]}}],"collection":[{"href":"https:\/\/crime-passionnel.com\/da\/wp-json\/wp\/v2\/product"}],"about":[{"href":"https:\/\/crime-passionnel.com\/da\/wp-json\/wp\/v2\/types\/product"}],"wp:featuredmedia":[{"embeddable":true,"href":"https:\/\/crime-passionnel.com\/da\/wp-json\/wp\/v2\/media\/17509"}],"wp:attachment":[{"href":"https:\/\/crime-passionnel.com\/da\/wp-json\/wp\/v2\/media?parent=7793"}],"wp:term":[{"taxonomy":"product_brand","embeddable":true,"href":"https:\/\/crime-passionnel.com\/da\/wp-json\/wp\/v2\/product_brand?post=7793"},{"taxonomy":"product_cat","embeddable":true,"href":"https:\/\/crime-passionnel.com\/da\/wp-json\/wp\/v2\/product_cat?post=7793"},{"taxonomy":"product_tag","embeddable":true,"href":"https:\/\/crime-passionnel.com\/da\/wp-json\/wp\/v2\/product_tag?post=7793"}],"curies":[{"name":"wp","href":"https:\/\/api.w.org\/{rel}","templated":true}]}}