{"id":7771,"date":"2022-05-30T20:59:36","date_gmt":"2022-05-30T20:59:36","guid":{"rendered":"https:\/\/crime-passionnel.com\/?post_type=product&#038;p=7771"},"modified":"2026-02-14T12:09:08","modified_gmt":"2026-02-14T12:09:08","slug":"dulce-pear","status":"publish","type":"product","link":"https:\/\/crime-passionnel.com\/da\/vare\/dulce-pear\/","title":{"rendered":"Dulce-p\u00e6re"},"content":{"rendered":"<p>En hymne til fantastiske Italien, Laurent Mazzone\u2019s r\u00f8dder.<\/p>\n<p>Dulce Pear giver os en lille smagspr\u00f8ve p\u00e5 Italiens charme. Et hovedspring lige ned i hjertet af frugtplantagerne, i et land hvor la dolce vita bliver ud\u00f8vet som en kunstform. En frugtig og blomstrende duft med speciel k\u00e6rlighed til den saftige p\u00e6re der smelter i munden p\u00e5 en solskinsdag.<\/p>\n<p>Ved hj\u00e6lp af friske noter fra gr\u00f8nne \u00e6bler f\u00e5r p\u00e6ren lov til at fremvise sit bl\u00f8de og s\u00f8de k\u00f8d, holdt sammen af et pudderagtigt silkesl\u00f8r af iris og ambrette. Til sidst f\u00e5r duften lov til at udfolde en mere volumin\u00f8s side via en base af cedertr\u00e6 og karamelliseret brunt sukker.<\/p>\n<p>&nbsp;<\/p>\n<p>INGREDIENSER<\/p>\n<p>Topnoter: P\u00e6re. \u00c6bler.<\/p>\n<p>Mellemnoter: Iris. Ambrette.<\/p>\n<p>Basenoter: Cedertr\u00e6. Brunt sukker.<\/p>","protected":false},"excerpt":{"rendered":"<p>En lille bid af Italiens charme<\/p>","protected":false},"featured_media":7774,"template":"","meta":{"_acf_changed":false},"product_brand":[],"product_cat":[418,15],"product_tag":[],"class_list":{"0":"post-7771","1":"product","2":"type-product","3":"status-publish","4":"has-post-thumbnail","6":"product_cat-new-arrivals","7":"product_cat-perfumes","8":"pa_brands-lm-parfums","9":"pa_projection-intimate-closer-to-skin","10":"pa_sizes-2ml-sample","11":"pa_sizes-100ml","12":"pa_style-fresh","13":"pa_style-sweet","15":"first","16":"instock","17":"taxable","18":"shipping-taxable","19":"purchasable","20":"product-type-variable","21":"add-to-wishlist-before_image"},"acf":[],"yoast_head":"<!-- This site is optimized with the Yoast SEO plugin v27.1.1 - https:\/\/yoast.com\/product\/yoast-seo-wordpress\/ -->\n<title>Dulce Pear Eau de Parfum - Crime Passionnel Perfumes Online<\/title>\n<meta name=\"description\" content=\"A tribute to Laurent Mazzone\u2019s origins, Dulce Pear perfume gives us a little taste of the charms of Italy, a plunge into the heart of the orchards.\" \/>\n<meta name=\"robots\" content=\"index, follow, max-snippet:-1, max-image-preview:large, max-video-preview:-1\" \/>\n<link rel=\"canonical\" href=\"https:\/\/crime-passionnel.com\/da\/vare\/dulce-pear\/\" \/>\n<meta property=\"og:locale\" content=\"da_DK\" \/>\n<meta property=\"og:type\" content=\"article\" \/>\n<meta property=\"og:title\" content=\"Dulce Pear Eau de Parfum - Crime Passionnel Perfumes Online\" \/>\n<meta property=\"og:description\" content=\"A tribute to Laurent Mazzone\u2019s origins, Dulce Pear perfume gives us a little taste of the charms of Italy, a plunge into the heart of the orchards.\" \/>\n<meta property=\"og:url\" content=\"https:\/\/crime-passionnel.com\/da\/vare\/dulce-pear\/\" \/>\n<meta property=\"og:site_name\" content=\"Crime Passionnel\" \/>\n<meta property=\"article:publisher\" content=\"https:\/\/www.facebook.com\/crimepassionnel\/\" \/>\n<meta property=\"article:modified_time\" content=\"2026-02-14T12:09:08+00:00\" \/>\n<meta property=\"og:image\" content=\"https:\/\/crime-passionnel.com\/wp-content\/uploads\/2022\/05\/LM-100ml-Dulce-Pear.jpg\" \/>\n\t<meta property=\"og:image:width\" content=\"1459\" \/>\n\t<meta property=\"og:image:height\" content=\"1920\" \/>\n\t<meta property=\"og:image:type\" content=\"image\/jpeg\" \/>\n<meta name=\"twitter:card\" content=\"summary_large_image\" \/>\n<meta name=\"twitter:label1\" content=\"Estimeret l\u00e6setid\" \/>\n\t<meta name=\"twitter:data1\" content=\"1 minut\" \/>\n<script type=\"application\/ld+json\" class=\"yoast-schema-graph\">{\"@context\":\"https:\/\/schema.org\",\"@graph\":[{\"@type\":\"WebPage\",\"@id\":\"https:\/\/crime-passionnel.com\/product\/dulce-pear\/\",\"url\":\"https:\/\/crime-passionnel.com\/product\/dulce-pear\/\",\"name\":\"Dulce Pear Eau de Parfum - Crime Passionnel Perfumes Online\",\"isPartOf\":{\"@id\":\"https:\/\/crime-passionnel.com\/#website\"},\"primaryImageOfPage\":{\"@id\":\"https:\/\/crime-passionnel.com\/product\/dulce-pear\/#primaryimage\"},\"image\":{\"@id\":\"https:\/\/crime-passionnel.com\/product\/dulce-pear\/#primaryimage\"},\"thumbnailUrl\":\"https:\/\/crime-passionnel.com\/wp-content\/uploads\/2022\/05\/LM-100ml-Dulce-Pear.jpg\",\"datePublished\":\"2022-05-30T20:59:36+00:00\",\"dateModified\":\"2026-02-14T12:09:08+00:00\",\"description\":\"A tribute to Laurent Mazzone\u2019s origins, Dulce Pear perfume gives us a little taste of the charms of Italy, a plunge into the heart of the orchards.\",\"breadcrumb\":{\"@id\":\"https:\/\/crime-passionnel.com\/product\/dulce-pear\/#breadcrumb\"},\"inLanguage\":\"da-DK\",\"potentialAction\":[{\"@type\":\"ReadAction\",\"target\":[\"https:\/\/crime-passionnel.com\/product\/dulce-pear\/\"]}]},{\"@type\":\"ImageObject\",\"inLanguage\":\"da-DK\",\"@id\":\"https:\/\/crime-passionnel.com\/product\/dulce-pear\/#primaryimage\",\"url\":\"https:\/\/crime-passionnel.com\/wp-content\/uploads\/2022\/05\/LM-100ml-Dulce-Pear.jpg\",\"contentUrl\":\"https:\/\/crime-passionnel.com\/wp-content\/uploads\/2022\/05\/LM-100ml-Dulce-Pear.jpg\",\"width\":1459,\"height\":1920,\"caption\":\"Dulce Pear Eau de Parfum\"},{\"@type\":\"BreadcrumbList\",\"@id\":\"https:\/\/crime-passionnel.com\/product\/dulce-pear\/#breadcrumb\",\"itemListElement\":[{\"@type\":\"ListItem\",\"position\":1,\"name\":\"Home\",\"item\":\"https:\/\/crime-passionnel.com\/\"},{\"@type\":\"ListItem\",\"position\":2,\"name\":\"Products\",\"item\":\"https:\/\/crime-passionnel.com\/products\/\"},{\"@type\":\"ListItem\",\"position\":3,\"name\":\"Dulce Pear\"}]},{\"@type\":\"WebSite\",\"@id\":\"https:\/\/crime-passionnel.com\/#website\",\"url\":\"https:\/\/crime-passionnel.com\/\",\"name\":\"Crime Passionnel\",\"description\":\"\",\"publisher\":{\"@id\":\"https:\/\/crime-passionnel.com\/#organization\"},\"potentialAction\":[{\"@type\":\"SearchAction\",\"target\":{\"@type\":\"EntryPoint\",\"urlTemplate\":\"https:\/\/crime-passionnel.com\/?s={search_term_string}\"},\"query-input\":{\"@type\":\"PropertyValueSpecification\",\"valueRequired\":true,\"valueName\":\"search_term_string\"}}],\"inLanguage\":\"da-DK\"},{\"@type\":\"Organization\",\"@id\":\"https:\/\/crime-passionnel.com\/#organization\",\"name\":\"Crime Passionnel\",\"url\":\"https:\/\/crime-passionnel.com\/\",\"logo\":{\"@type\":\"ImageObject\",\"inLanguage\":\"da-DK\",\"@id\":\"https:\/\/crime-passionnel.com\/#\/schema\/logo\/image\/\",\"url\":\"https:\/\/crime-passionnel.com\/wp-content\/uploads\/2021\/07\/logo.png\",\"contentUrl\":\"https:\/\/crime-passionnel.com\/wp-content\/uploads\/2021\/07\/logo.png\",\"width\":128,\"height\":50,\"caption\":\"Crime Passionnel\"},\"image\":{\"@id\":\"https:\/\/crime-passionnel.com\/#\/schema\/logo\/image\/\"},\"sameAs\":[\"https:\/\/www.facebook.com\/crimepassionnel\/\",\"https:\/\/www.instagram.com\/crime.passionnel\/\"]}]}<\/script>\n<!-- \/ Yoast SEO plugin. -->","yoast_head_json":{"title":"Dulce Pear Eau de Parfum - Crime Passionnel Perfumes Online","description":"A tribute to Laurent Mazzone\u2019s origins, Dulce Pear perfume gives us a little taste of the charms of Italy, a plunge into the heart of the orchards.","robots":{"index":"index","follow":"follow","max-snippet":"max-snippet:-1","max-image-preview":"max-image-preview:large","max-video-preview":"max-video-preview:-1"},"canonical":"https:\/\/crime-passionnel.com\/da\/vare\/dulce-pear\/","og_locale":"da_DK","og_type":"article","og_title":"Dulce Pear Eau de Parfum - Crime Passionnel Perfumes Online","og_description":"A tribute to Laurent Mazzone\u2019s origins, Dulce Pear perfume gives us a little taste of the charms of Italy, a plunge into the heart of the orchards.","og_url":"https:\/\/crime-passionnel.com\/da\/vare\/dulce-pear\/","og_site_name":"Crime Passionnel","article_publisher":"https:\/\/www.facebook.com\/crimepassionnel\/","article_modified_time":"2026-02-14T12:09:08+00:00","og_image":[{"width":1459,"height":1920,"url":"https:\/\/crime-passionnel.com\/wp-content\/uploads\/2022\/05\/LM-100ml-Dulce-Pear.jpg","type":"image\/jpeg"}],"twitter_card":"summary_large_image","twitter_misc":{"Estimeret l\u00e6setid":"1 minut"},"schema":{"@context":"https:\/\/schema.org","@graph":[{"@type":"WebPage","@id":"https:\/\/crime-passionnel.com\/product\/dulce-pear\/","url":"https:\/\/crime-passionnel.com\/product\/dulce-pear\/","name":"Dulce Pear Eau de Parfum - Crime Passionnel Perfumes Online","isPartOf":{"@id":"https:\/\/crime-passionnel.com\/#website"},"primaryImageOfPage":{"@id":"https:\/\/crime-passionnel.com\/product\/dulce-pear\/#primaryimage"},"image":{"@id":"https:\/\/crime-passionnel.com\/product\/dulce-pear\/#primaryimage"},"thumbnailUrl":"https:\/\/crime-passionnel.com\/wp-content\/uploads\/2022\/05\/LM-100ml-Dulce-Pear.jpg","datePublished":"2022-05-30T20:59:36+00:00","dateModified":"2026-02-14T12:09:08+00:00","description":"A tribute to Laurent Mazzone\u2019s origins, Dulce Pear perfume gives us a little taste of the charms of Italy, a plunge into the heart of the orchards.","breadcrumb":{"@id":"https:\/\/crime-passionnel.com\/product\/dulce-pear\/#breadcrumb"},"inLanguage":"da-DK","potentialAction":[{"@type":"ReadAction","target":["https:\/\/crime-passionnel.com\/product\/dulce-pear\/"]}]},{"@type":"ImageObject","inLanguage":"da-DK","@id":"https:\/\/crime-passionnel.com\/product\/dulce-pear\/#primaryimage","url":"https:\/\/crime-passionnel.com\/wp-content\/uploads\/2022\/05\/LM-100ml-Dulce-Pear.jpg","contentUrl":"https:\/\/crime-passionnel.com\/wp-content\/uploads\/2022\/05\/LM-100ml-Dulce-Pear.jpg","width":1459,"height":1920,"caption":"Dulce Pear Eau de Parfum"},{"@type":"BreadcrumbList","@id":"https:\/\/crime-passionnel.com\/product\/dulce-pear\/#breadcrumb","itemListElement":[{"@type":"ListItem","position":1,"name":"Home","item":"https:\/\/crime-passionnel.com\/"},{"@type":"ListItem","position":2,"name":"Products","item":"https:\/\/crime-passionnel.com\/products\/"},{"@type":"ListItem","position":3,"name":"Dulce Pear"}]},{"@type":"WebSite","@id":"https:\/\/crime-passionnel.com\/#website","url":"https:\/\/crime-passionnel.com\/","name":"Forbrydelse og lidenskab","description":"","publisher":{"@id":"https:\/\/crime-passionnel.com\/#organization"},"potentialAction":[{"@type":"SearchAction","target":{"@type":"EntryPoint","urlTemplate":"https:\/\/crime-passionnel.com\/?s={search_term_string}"},"query-input":{"@type":"PropertyValueSpecification","valueRequired":true,"valueName":"search_term_string"}}],"inLanguage":"da-DK"},{"@type":"Organization","@id":"https:\/\/crime-passionnel.com\/#organization","name":"Forbrydelse og lidenskab","url":"https:\/\/crime-passionnel.com\/","logo":{"@type":"ImageObject","inLanguage":"da-DK","@id":"https:\/\/crime-passionnel.com\/#\/schema\/logo\/image\/","url":"https:\/\/crime-passionnel.com\/wp-content\/uploads\/2021\/07\/logo.png","contentUrl":"https:\/\/crime-passionnel.com\/wp-content\/uploads\/2021\/07\/logo.png","width":128,"height":50,"caption":"Crime Passionnel"},"image":{"@id":"https:\/\/crime-passionnel.com\/#\/schema\/logo\/image\/"},"sameAs":["https:\/\/www.facebook.com\/crimepassionnel\/","https:\/\/www.instagram.com\/crime.passionnel\/"]}]}},"_links":{"self":[{"href":"https:\/\/crime-passionnel.com\/da\/wp-json\/wp\/v2\/product\/7771","targetHints":{"allow":["GET"]}}],"collection":[{"href":"https:\/\/crime-passionnel.com\/da\/wp-json\/wp\/v2\/product"}],"about":[{"href":"https:\/\/crime-passionnel.com\/da\/wp-json\/wp\/v2\/types\/product"}],"wp:featuredmedia":[{"embeddable":true,"href":"https:\/\/crime-passionnel.com\/da\/wp-json\/wp\/v2\/media\/7774"}],"wp:attachment":[{"href":"https:\/\/crime-passionnel.com\/da\/wp-json\/wp\/v2\/media?parent=7771"}],"wp:term":[{"taxonomy":"product_brand","embeddable":true,"href":"https:\/\/crime-passionnel.com\/da\/wp-json\/wp\/v2\/product_brand?post=7771"},{"taxonomy":"product_cat","embeddable":true,"href":"https:\/\/crime-passionnel.com\/da\/wp-json\/wp\/v2\/product_cat?post=7771"},{"taxonomy":"product_tag","embeddable":true,"href":"https:\/\/crime-passionnel.com\/da\/wp-json\/wp\/v2\/product_tag?post=7771"}],"curies":[{"name":"wp","href":"https:\/\/api.w.org\/{rel}","templated":true}]}}