{"id":7618,"date":"2022-04-03T19:01:50","date_gmt":"2022-04-03T19:01:50","guid":{"rendered":"https:\/\/crime-passionnel.com\/?post_type=product&#038;p=7618"},"modified":"2026-02-27T10:08:38","modified_gmt":"2026-02-27T10:08:38","slug":"kingkydise","status":"publish","type":"product","link":"https:\/\/crime-passionnel.com\/da\/vare\/kingkydise\/","title":{"rendered":"Kingkydise"},"content":{"rendered":"<p>En legesyg og fristende duft s\u00e5 sexet som et drilsk smil.<\/p>\n<p>Den umiddelbare friskhed af pink grapefrugt og lychee, fremh\u00e6vet af et nip sichuan peber, vil lokke dig i dens f\u00e6lde \u2013 her bliver du m\u00f8dt med en fest for sanserne: Rose, i hjertet af parfumen, udfolder sin storladne duft, fyldt af metalliske nuancer, imens lychee s\u00e6tter gang i beg\u00e6ret med dens saftige noter. Matcha forts\u00e6tter grapefrugtens bitterhed og iris omslutter kompositionen med sit silkebl\u00f8de favntag. Til sidst afsl\u00f8res de sensuelle, afrundede, n\u00e6rmest gourmand, noter af sandeltr\u00e6, amber og musk.<\/p>\n<p>INGREDIENSER<\/p>\n<p>Topnoter: Pink grapefrugt. Sichuan peber.<\/p>\n<p>Mellemnoter: Rose essens. Macha te. Iris. Lychee.<\/p>\n<p>Basenoter: Sandeltr\u00e6. Amber. Hvid musk.<\/p>","protected":false},"excerpt":{"rendered":"<p>En legesyg og k\u00e6len duft<\/p>","protected":false},"featured_media":7623,"template":"","meta":{"_acf_changed":false},"product_brand":[],"product_cat":[418,15],"product_tag":[],"class_list":{"0":"post-7618","1":"product","2":"type-product","3":"status-publish","4":"has-post-thumbnail","6":"product_cat-new-arrivals","7":"product_cat-perfumes","8":"pa_brands-lm-parfums","9":"pa_projection-moderate","10":"pa_sizes-2ml-sample","11":"pa_sizes-100ml","12":"pa_style-fresh","13":"pa_style-sweet","15":"first","16":"instock","17":"taxable","18":"shipping-taxable","19":"purchasable","20":"product-type-variable","21":"add-to-wishlist-before_image"},"acf":[],"yoast_head":"<!-- This site is optimized with the Yoast SEO plugin v27.1.1 - https:\/\/yoast.com\/product\/yoast-seo-wordpress\/ -->\n<title>Kingkydise Extrait de Parfum - Crime Passionnel Perfumes Online<\/title>\n<meta name=\"description\" content=\"Kingkydise Extrait de Parfum. A playful and carnal fragrance. As sexy as a mischievous smile, its apparent freshness will lure you into its trap.\" \/>\n<meta name=\"robots\" content=\"index, follow, max-snippet:-1, max-image-preview:large, max-video-preview:-1\" \/>\n<link rel=\"canonical\" href=\"https:\/\/crime-passionnel.com\/da\/vare\/kingkydise\/\" \/>\n<meta property=\"og:locale\" content=\"da_DK\" \/>\n<meta property=\"og:type\" content=\"article\" \/>\n<meta property=\"og:title\" content=\"Kingkydise Extrait de Parfum - Crime Passionnel Perfumes Online\" \/>\n<meta property=\"og:description\" content=\"Kingkydise Extrait de Parfum. A playful and carnal fragrance. As sexy as a mischievous smile, its apparent freshness will lure you into its trap.\" \/>\n<meta property=\"og:url\" content=\"https:\/\/crime-passionnel.com\/da\/vare\/kingkydise\/\" \/>\n<meta property=\"og:site_name\" content=\"Crime Passionnel\" \/>\n<meta property=\"article:publisher\" content=\"https:\/\/www.facebook.com\/crimepassionnel\/\" \/>\n<meta property=\"article:modified_time\" content=\"2026-02-27T10:08:38+00:00\" \/>\n<meta property=\"og:image\" content=\"https:\/\/crime-passionnel.com\/wp-content\/uploads\/2022\/04\/KINGKYDISE_packshot_2189x2189.jpg\" \/>\n\t<meta property=\"og:image:width\" content=\"1459\" \/>\n\t<meta property=\"og:image:height\" content=\"1920\" \/>\n\t<meta property=\"og:image:type\" content=\"image\/jpeg\" \/>\n<meta name=\"twitter:card\" content=\"summary_large_image\" \/>\n<meta name=\"twitter:label1\" content=\"Estimeret l\u00e6setid\" \/>\n\t<meta name=\"twitter:data1\" content=\"1 minut\" \/>\n<script type=\"application\/ld+json\" class=\"yoast-schema-graph\">{\"@context\":\"https:\/\/schema.org\",\"@graph\":[{\"@type\":\"WebPage\",\"@id\":\"https:\/\/crime-passionnel.com\/product\/kingkydise\/\",\"url\":\"https:\/\/crime-passionnel.com\/product\/kingkydise\/\",\"name\":\"Kingkydise Extrait de Parfum - Crime Passionnel Perfumes Online\",\"isPartOf\":{\"@id\":\"https:\/\/crime-passionnel.com\/#website\"},\"primaryImageOfPage\":{\"@id\":\"https:\/\/crime-passionnel.com\/product\/kingkydise\/#primaryimage\"},\"image\":{\"@id\":\"https:\/\/crime-passionnel.com\/product\/kingkydise\/#primaryimage\"},\"thumbnailUrl\":\"https:\/\/crime-passionnel.com\/wp-content\/uploads\/2022\/04\/KINGKYDISE_packshot_2189x2189.jpg\",\"datePublished\":\"2022-04-03T19:01:50+00:00\",\"dateModified\":\"2026-02-27T10:08:38+00:00\",\"description\":\"Kingkydise Extrait de Parfum. A playful and carnal fragrance. As sexy as a mischievous smile, its apparent freshness will lure you into its trap.\",\"breadcrumb\":{\"@id\":\"https:\/\/crime-passionnel.com\/product\/kingkydise\/#breadcrumb\"},\"inLanguage\":\"da-DK\",\"potentialAction\":[{\"@type\":\"ReadAction\",\"target\":[\"https:\/\/crime-passionnel.com\/product\/kingkydise\/\"]}]},{\"@type\":\"ImageObject\",\"inLanguage\":\"da-DK\",\"@id\":\"https:\/\/crime-passionnel.com\/product\/kingkydise\/#primaryimage\",\"url\":\"https:\/\/crime-passionnel.com\/wp-content\/uploads\/2022\/04\/KINGKYDISE_packshot_2189x2189.jpg\",\"contentUrl\":\"https:\/\/crime-passionnel.com\/wp-content\/uploads\/2022\/04\/KINGKYDISE_packshot_2189x2189.jpg\",\"width\":1459,\"height\":1920,\"caption\":\"Kingkydise Extrait de Parfum\"},{\"@type\":\"BreadcrumbList\",\"@id\":\"https:\/\/crime-passionnel.com\/product\/kingkydise\/#breadcrumb\",\"itemListElement\":[{\"@type\":\"ListItem\",\"position\":1,\"name\":\"Home\",\"item\":\"https:\/\/crime-passionnel.com\/\"},{\"@type\":\"ListItem\",\"position\":2,\"name\":\"Products\",\"item\":\"https:\/\/crime-passionnel.com\/products\/\"},{\"@type\":\"ListItem\",\"position\":3,\"name\":\"Kingkydise\"}]},{\"@type\":\"WebSite\",\"@id\":\"https:\/\/crime-passionnel.com\/#website\",\"url\":\"https:\/\/crime-passionnel.com\/\",\"name\":\"Crime Passionnel\",\"description\":\"\",\"publisher\":{\"@id\":\"https:\/\/crime-passionnel.com\/#organization\"},\"potentialAction\":[{\"@type\":\"SearchAction\",\"target\":{\"@type\":\"EntryPoint\",\"urlTemplate\":\"https:\/\/crime-passionnel.com\/?s={search_term_string}\"},\"query-input\":{\"@type\":\"PropertyValueSpecification\",\"valueRequired\":true,\"valueName\":\"search_term_string\"}}],\"inLanguage\":\"da-DK\"},{\"@type\":\"Organization\",\"@id\":\"https:\/\/crime-passionnel.com\/#organization\",\"name\":\"Crime Passionnel\",\"url\":\"https:\/\/crime-passionnel.com\/\",\"logo\":{\"@type\":\"ImageObject\",\"inLanguage\":\"da-DK\",\"@id\":\"https:\/\/crime-passionnel.com\/#\/schema\/logo\/image\/\",\"url\":\"https:\/\/crime-passionnel.com\/wp-content\/uploads\/2021\/07\/logo.png\",\"contentUrl\":\"https:\/\/crime-passionnel.com\/wp-content\/uploads\/2021\/07\/logo.png\",\"width\":128,\"height\":50,\"caption\":\"Crime Passionnel\"},\"image\":{\"@id\":\"https:\/\/crime-passionnel.com\/#\/schema\/logo\/image\/\"},\"sameAs\":[\"https:\/\/www.facebook.com\/crimepassionnel\/\",\"https:\/\/www.instagram.com\/crime.passionnel\/\"]}]}<\/script>\n<!-- \/ Yoast SEO plugin. -->","yoast_head_json":{"title":"Kingkydise Extrait de Parfum - Crime Passionnel Perfumes Online","description":"Kingkydise Extrait de Parfum. A playful and carnal fragrance. As sexy as a mischievous smile, its apparent freshness will lure you into its trap.","robots":{"index":"index","follow":"follow","max-snippet":"max-snippet:-1","max-image-preview":"max-image-preview:large","max-video-preview":"max-video-preview:-1"},"canonical":"https:\/\/crime-passionnel.com\/da\/vare\/kingkydise\/","og_locale":"da_DK","og_type":"article","og_title":"Kingkydise Extrait de Parfum - Crime Passionnel Perfumes Online","og_description":"Kingkydise Extrait de Parfum. A playful and carnal fragrance. As sexy as a mischievous smile, its apparent freshness will lure you into its trap.","og_url":"https:\/\/crime-passionnel.com\/da\/vare\/kingkydise\/","og_site_name":"Crime Passionnel","article_publisher":"https:\/\/www.facebook.com\/crimepassionnel\/","article_modified_time":"2026-02-27T10:08:38+00:00","og_image":[{"width":1459,"height":1920,"url":"https:\/\/crime-passionnel.com\/wp-content\/uploads\/2022\/04\/KINGKYDISE_packshot_2189x2189.jpg","type":"image\/jpeg"}],"twitter_card":"summary_large_image","twitter_misc":{"Estimeret l\u00e6setid":"1 minut"},"schema":{"@context":"https:\/\/schema.org","@graph":[{"@type":"WebPage","@id":"https:\/\/crime-passionnel.com\/product\/kingkydise\/","url":"https:\/\/crime-passionnel.com\/product\/kingkydise\/","name":"Kingkydise Extrait de Parfum - Crime Passionnel Perfumes Online","isPartOf":{"@id":"https:\/\/crime-passionnel.com\/#website"},"primaryImageOfPage":{"@id":"https:\/\/crime-passionnel.com\/product\/kingkydise\/#primaryimage"},"image":{"@id":"https:\/\/crime-passionnel.com\/product\/kingkydise\/#primaryimage"},"thumbnailUrl":"https:\/\/crime-passionnel.com\/wp-content\/uploads\/2022\/04\/KINGKYDISE_packshot_2189x2189.jpg","datePublished":"2022-04-03T19:01:50+00:00","dateModified":"2026-02-27T10:08:38+00:00","description":"Kingkydise Extrait de Parfum. A playful and carnal fragrance. As sexy as a mischievous smile, its apparent freshness will lure you into its trap.","breadcrumb":{"@id":"https:\/\/crime-passionnel.com\/product\/kingkydise\/#breadcrumb"},"inLanguage":"da-DK","potentialAction":[{"@type":"ReadAction","target":["https:\/\/crime-passionnel.com\/product\/kingkydise\/"]}]},{"@type":"ImageObject","inLanguage":"da-DK","@id":"https:\/\/crime-passionnel.com\/product\/kingkydise\/#primaryimage","url":"https:\/\/crime-passionnel.com\/wp-content\/uploads\/2022\/04\/KINGKYDISE_packshot_2189x2189.jpg","contentUrl":"https:\/\/crime-passionnel.com\/wp-content\/uploads\/2022\/04\/KINGKYDISE_packshot_2189x2189.jpg","width":1459,"height":1920,"caption":"Kingkydise Extrait de Parfum"},{"@type":"BreadcrumbList","@id":"https:\/\/crime-passionnel.com\/product\/kingkydise\/#breadcrumb","itemListElement":[{"@type":"ListItem","position":1,"name":"Home","item":"https:\/\/crime-passionnel.com\/"},{"@type":"ListItem","position":2,"name":"Products","item":"https:\/\/crime-passionnel.com\/products\/"},{"@type":"ListItem","position":3,"name":"Kingkydise"}]},{"@type":"WebSite","@id":"https:\/\/crime-passionnel.com\/#website","url":"https:\/\/crime-passionnel.com\/","name":"Forbrydelse og lidenskab","description":"","publisher":{"@id":"https:\/\/crime-passionnel.com\/#organization"},"potentialAction":[{"@type":"SearchAction","target":{"@type":"EntryPoint","urlTemplate":"https:\/\/crime-passionnel.com\/?s={search_term_string}"},"query-input":{"@type":"PropertyValueSpecification","valueRequired":true,"valueName":"search_term_string"}}],"inLanguage":"da-DK"},{"@type":"Organization","@id":"https:\/\/crime-passionnel.com\/#organization","name":"Forbrydelse og lidenskab","url":"https:\/\/crime-passionnel.com\/","logo":{"@type":"ImageObject","inLanguage":"da-DK","@id":"https:\/\/crime-passionnel.com\/#\/schema\/logo\/image\/","url":"https:\/\/crime-passionnel.com\/wp-content\/uploads\/2021\/07\/logo.png","contentUrl":"https:\/\/crime-passionnel.com\/wp-content\/uploads\/2021\/07\/logo.png","width":128,"height":50,"caption":"Crime Passionnel"},"image":{"@id":"https:\/\/crime-passionnel.com\/#\/schema\/logo\/image\/"},"sameAs":["https:\/\/www.facebook.com\/crimepassionnel\/","https:\/\/www.instagram.com\/crime.passionnel\/"]}]}},"_links":{"self":[{"href":"https:\/\/crime-passionnel.com\/da\/wp-json\/wp\/v2\/product\/7618","targetHints":{"allow":["GET"]}}],"collection":[{"href":"https:\/\/crime-passionnel.com\/da\/wp-json\/wp\/v2\/product"}],"about":[{"href":"https:\/\/crime-passionnel.com\/da\/wp-json\/wp\/v2\/types\/product"}],"wp:featuredmedia":[{"embeddable":true,"href":"https:\/\/crime-passionnel.com\/da\/wp-json\/wp\/v2\/media\/7623"}],"wp:attachment":[{"href":"https:\/\/crime-passionnel.com\/da\/wp-json\/wp\/v2\/media?parent=7618"}],"wp:term":[{"taxonomy":"product_brand","embeddable":true,"href":"https:\/\/crime-passionnel.com\/da\/wp-json\/wp\/v2\/product_brand?post=7618"},{"taxonomy":"product_cat","embeddable":true,"href":"https:\/\/crime-passionnel.com\/da\/wp-json\/wp\/v2\/product_cat?post=7618"},{"taxonomy":"product_tag","embeddable":true,"href":"https:\/\/crime-passionnel.com\/da\/wp-json\/wp\/v2\/product_tag?post=7618"}],"curies":[{"name":"wp","href":"https:\/\/api.w.org\/{rel}","templated":true}]}}