{"id":7609,"date":"2022-04-03T18:40:03","date_gmt":"2022-04-03T18:40:03","guid":{"rendered":"https:\/\/crime-passionnel.com\/?post_type=product&#038;p=7609"},"modified":"2024-11-13T18:23:31","modified_gmt":"2024-11-13T18:23:31","slug":"princesse-de-coeur","status":"publish","type":"product","link":"https:\/\/crime-passionnel.com\/da\/vare\/princesse-de-coeur\/","title":{"rendered":"Princesse De Coeur"},"content":{"rendered":"<p>En raffineret eliksir der tr\u00e6kker p\u00e5 de majest\u00e6tiske noter fra rosen. Tonet med iris og aldehyder lyser dens l\u00e6kre, fl\u00f8jlsbl\u00f8de aura op, som duften folder sig ud.<\/p>\n<p>Lige under den blide \u00e5bning, ligger en tr\u00e6agtig undertone; de m\u00f8rke og forheksende noter af patchouli. En sofistikeret chypre facet kl\u00e6der dig p\u00e5 i \u00e9n ubesv\u00e6ret bev\u00e6gelse \u2013 som perfekt accessoires skal. Basen af amber forankrer parfumen og cashmeran f\u00e5r den til at smelte ind i huden.<\/p>\n<p>En parfume med en gavmild sj\u00e6l, der afspejler den ekstraordin\u00e6re kvinde, som inspirerede den, nemlig S.A.S. Pricess Stephanie af Monaco. Hendes h\u00f8jhed deltog i kreationen af denne duft for at st\u00f8tte hendes Fight Aids Monaco, som vil modtage overskuddet af de f\u00f8rste ottehundrede solgte flasker.<\/p>\n<p>&nbsp;<\/p>\n<p>INGREDIENSER<\/p>\n<p>Topnoter: Frisk aldehyd, bergamot, gulerod<\/p>\n<p>Hjertenoter: Rosenblad, iris, ravtr\u00e6<\/p>\n<p>Basisnoter: Cashmeran, hvid moskus, patchouli<\/p>","protected":false},"excerpt":{"rendered":"<p>Raffineret og majest\u00e6tisk<\/p>","protected":false},"featured_media":7614,"template":"","meta":{"_acf_changed":false},"product_brand":[],"product_cat":[418,15],"product_tag":[],"class_list":{"0":"post-7609","1":"product","2":"type-product","3":"status-publish","4":"has-post-thumbnail","6":"product_cat-new-arrivals","7":"product_cat-perfumes","8":"pa_brands-lm-parfums","9":"pa_projection-moderate","10":"pa_sizes-2ml-sample","11":"pa_sizes-100ml","12":"pa_style-floral","13":"pa_style-woody","15":"first","16":"instock","17":"taxable","18":"shipping-taxable","19":"purchasable","20":"product-type-variable","21":"add-to-wishlist-before_image"},"acf":[],"yoast_head":"<!-- This site is optimized with the Yoast SEO plugin v27.1.1 - https:\/\/yoast.com\/product\/yoast-seo-wordpress\/ -->\n<title>Princesse De Coeur Extrait de Parfum - Crime Passionnel<\/title>\n<meta name=\"description\" content=\"A perfume with a generous soul, in the image of the extraordinary woman who inspired it, S.A.S. Princess Stephanie of Monaco.\" \/>\n<meta name=\"robots\" content=\"index, follow, max-snippet:-1, max-image-preview:large, max-video-preview:-1\" \/>\n<link rel=\"canonical\" href=\"https:\/\/crime-passionnel.com\/da\/vare\/princesse-de-coeur\/\" \/>\n<meta property=\"og:locale\" content=\"da_DK\" \/>\n<meta property=\"og:type\" content=\"article\" \/>\n<meta property=\"og:title\" content=\"Princesse De Coeur Extrait de Parfum - Crime Passionnel\" \/>\n<meta property=\"og:description\" content=\"A perfume with a generous soul, in the image of the extraordinary woman who inspired it, S.A.S. Princess Stephanie of Monaco.\" \/>\n<meta property=\"og:url\" content=\"https:\/\/crime-passionnel.com\/da\/vare\/princesse-de-coeur\/\" \/>\n<meta property=\"og:site_name\" content=\"Crime Passionnel\" \/>\n<meta property=\"article:publisher\" content=\"https:\/\/www.facebook.com\/crimepassionnel\/\" \/>\n<meta property=\"article:modified_time\" content=\"2024-11-13T18:23:31+00:00\" \/>\n<meta property=\"og:image\" content=\"https:\/\/crime-passionnel.com\/wp-content\/uploads\/2022\/04\/PRINCESSE-DE-COEUR_packshot_2189x2189.jpg\" \/>\n\t<meta property=\"og:image:width\" content=\"1459\" \/>\n\t<meta property=\"og:image:height\" content=\"1920\" \/>\n\t<meta property=\"og:image:type\" content=\"image\/jpeg\" \/>\n<meta name=\"twitter:card\" content=\"summary_large_image\" \/>\n<meta name=\"twitter:label1\" content=\"Estimeret l\u00e6setid\" \/>\n\t<meta name=\"twitter:data1\" content=\"1 minut\" \/>\n<script type=\"application\/ld+json\" class=\"yoast-schema-graph\">{\"@context\":\"https:\/\/schema.org\",\"@graph\":[{\"@type\":\"WebPage\",\"@id\":\"https:\/\/crime-passionnel.com\/product\/princesse-de-coeur\/\",\"url\":\"https:\/\/crime-passionnel.com\/product\/princesse-de-coeur\/\",\"name\":\"Princesse De Coeur Extrait de Parfum - Crime Passionnel\",\"isPartOf\":{\"@id\":\"https:\/\/crime-passionnel.com\/#website\"},\"primaryImageOfPage\":{\"@id\":\"https:\/\/crime-passionnel.com\/product\/princesse-de-coeur\/#primaryimage\"},\"image\":{\"@id\":\"https:\/\/crime-passionnel.com\/product\/princesse-de-coeur\/#primaryimage\"},\"thumbnailUrl\":\"https:\/\/crime-passionnel.com\/wp-content\/uploads\/2022\/04\/PRINCESSE-DE-COEUR_packshot_2189x2189.jpg\",\"datePublished\":\"2022-04-03T18:40:03+00:00\",\"dateModified\":\"2024-11-13T18:23:31+00:00\",\"description\":\"A perfume with a generous soul, in the image of the extraordinary woman who inspired it, S.A.S. Princess Stephanie of Monaco.\",\"breadcrumb\":{\"@id\":\"https:\/\/crime-passionnel.com\/product\/princesse-de-coeur\/#breadcrumb\"},\"inLanguage\":\"da-DK\",\"potentialAction\":[{\"@type\":\"ReadAction\",\"target\":[\"https:\/\/crime-passionnel.com\/product\/princesse-de-coeur\/\"]}]},{\"@type\":\"ImageObject\",\"inLanguage\":\"da-DK\",\"@id\":\"https:\/\/crime-passionnel.com\/product\/princesse-de-coeur\/#primaryimage\",\"url\":\"https:\/\/crime-passionnel.com\/wp-content\/uploads\/2022\/04\/PRINCESSE-DE-COEUR_packshot_2189x2189.jpg\",\"contentUrl\":\"https:\/\/crime-passionnel.com\/wp-content\/uploads\/2022\/04\/PRINCESSE-DE-COEUR_packshot_2189x2189.jpg\",\"width\":1459,\"height\":1920,\"caption\":\"Princesse De Coeur Extrait de Parfum\"},{\"@type\":\"BreadcrumbList\",\"@id\":\"https:\/\/crime-passionnel.com\/product\/princesse-de-coeur\/#breadcrumb\",\"itemListElement\":[{\"@type\":\"ListItem\",\"position\":1,\"name\":\"Home\",\"item\":\"https:\/\/crime-passionnel.com\/\"},{\"@type\":\"ListItem\",\"position\":2,\"name\":\"Products\",\"item\":\"https:\/\/crime-passionnel.com\/products\/\"},{\"@type\":\"ListItem\",\"position\":3,\"name\":\"Princesse De Coeur\"}]},{\"@type\":\"WebSite\",\"@id\":\"https:\/\/crime-passionnel.com\/#website\",\"url\":\"https:\/\/crime-passionnel.com\/\",\"name\":\"Crime Passionnel\",\"description\":\"\",\"publisher\":{\"@id\":\"https:\/\/crime-passionnel.com\/#organization\"},\"potentialAction\":[{\"@type\":\"SearchAction\",\"target\":{\"@type\":\"EntryPoint\",\"urlTemplate\":\"https:\/\/crime-passionnel.com\/?s={search_term_string}\"},\"query-input\":{\"@type\":\"PropertyValueSpecification\",\"valueRequired\":true,\"valueName\":\"search_term_string\"}}],\"inLanguage\":\"da-DK\"},{\"@type\":\"Organization\",\"@id\":\"https:\/\/crime-passionnel.com\/#organization\",\"name\":\"Crime Passionnel\",\"url\":\"https:\/\/crime-passionnel.com\/\",\"logo\":{\"@type\":\"ImageObject\",\"inLanguage\":\"da-DK\",\"@id\":\"https:\/\/crime-passionnel.com\/#\/schema\/logo\/image\/\",\"url\":\"https:\/\/crime-passionnel.com\/wp-content\/uploads\/2021\/07\/logo.png\",\"contentUrl\":\"https:\/\/crime-passionnel.com\/wp-content\/uploads\/2021\/07\/logo.png\",\"width\":128,\"height\":50,\"caption\":\"Crime Passionnel\"},\"image\":{\"@id\":\"https:\/\/crime-passionnel.com\/#\/schema\/logo\/image\/\"},\"sameAs\":[\"https:\/\/www.facebook.com\/crimepassionnel\/\",\"https:\/\/www.instagram.com\/crime.passionnel\/\"]}]}<\/script>\n<!-- \/ Yoast SEO plugin. -->","yoast_head_json":{"title":"Princesse De Coeur Extrait de Parfum - Crime Passionnel","description":"A perfume with a generous soul, in the image of the extraordinary woman who inspired it, S.A.S. Princess Stephanie of Monaco.","robots":{"index":"index","follow":"follow","max-snippet":"max-snippet:-1","max-image-preview":"max-image-preview:large","max-video-preview":"max-video-preview:-1"},"canonical":"https:\/\/crime-passionnel.com\/da\/vare\/princesse-de-coeur\/","og_locale":"da_DK","og_type":"article","og_title":"Princesse De Coeur Extrait de Parfum - Crime Passionnel","og_description":"A perfume with a generous soul, in the image of the extraordinary woman who inspired it, S.A.S. Princess Stephanie of Monaco.","og_url":"https:\/\/crime-passionnel.com\/da\/vare\/princesse-de-coeur\/","og_site_name":"Crime Passionnel","article_publisher":"https:\/\/www.facebook.com\/crimepassionnel\/","article_modified_time":"2024-11-13T18:23:31+00:00","og_image":[{"width":1459,"height":1920,"url":"https:\/\/crime-passionnel.com\/wp-content\/uploads\/2022\/04\/PRINCESSE-DE-COEUR_packshot_2189x2189.jpg","type":"image\/jpeg"}],"twitter_card":"summary_large_image","twitter_misc":{"Estimeret l\u00e6setid":"1 minut"},"schema":{"@context":"https:\/\/schema.org","@graph":[{"@type":"WebPage","@id":"https:\/\/crime-passionnel.com\/product\/princesse-de-coeur\/","url":"https:\/\/crime-passionnel.com\/product\/princesse-de-coeur\/","name":"Princesse De Coeur Extrait de Parfum - Crime Passionnel","isPartOf":{"@id":"https:\/\/crime-passionnel.com\/#website"},"primaryImageOfPage":{"@id":"https:\/\/crime-passionnel.com\/product\/princesse-de-coeur\/#primaryimage"},"image":{"@id":"https:\/\/crime-passionnel.com\/product\/princesse-de-coeur\/#primaryimage"},"thumbnailUrl":"https:\/\/crime-passionnel.com\/wp-content\/uploads\/2022\/04\/PRINCESSE-DE-COEUR_packshot_2189x2189.jpg","datePublished":"2022-04-03T18:40:03+00:00","dateModified":"2024-11-13T18:23:31+00:00","description":"A perfume with a generous soul, in the image of the extraordinary woman who inspired it, S.A.S. Princess Stephanie of Monaco.","breadcrumb":{"@id":"https:\/\/crime-passionnel.com\/product\/princesse-de-coeur\/#breadcrumb"},"inLanguage":"da-DK","potentialAction":[{"@type":"ReadAction","target":["https:\/\/crime-passionnel.com\/product\/princesse-de-coeur\/"]}]},{"@type":"ImageObject","inLanguage":"da-DK","@id":"https:\/\/crime-passionnel.com\/product\/princesse-de-coeur\/#primaryimage","url":"https:\/\/crime-passionnel.com\/wp-content\/uploads\/2022\/04\/PRINCESSE-DE-COEUR_packshot_2189x2189.jpg","contentUrl":"https:\/\/crime-passionnel.com\/wp-content\/uploads\/2022\/04\/PRINCESSE-DE-COEUR_packshot_2189x2189.jpg","width":1459,"height":1920,"caption":"Princesse De Coeur Extrait de Parfum"},{"@type":"BreadcrumbList","@id":"https:\/\/crime-passionnel.com\/product\/princesse-de-coeur\/#breadcrumb","itemListElement":[{"@type":"ListItem","position":1,"name":"Home","item":"https:\/\/crime-passionnel.com\/"},{"@type":"ListItem","position":2,"name":"Products","item":"https:\/\/crime-passionnel.com\/products\/"},{"@type":"ListItem","position":3,"name":"Princesse De Coeur"}]},{"@type":"WebSite","@id":"https:\/\/crime-passionnel.com\/#website","url":"https:\/\/crime-passionnel.com\/","name":"Forbrydelse og lidenskab","description":"","publisher":{"@id":"https:\/\/crime-passionnel.com\/#organization"},"potentialAction":[{"@type":"SearchAction","target":{"@type":"EntryPoint","urlTemplate":"https:\/\/crime-passionnel.com\/?s={search_term_string}"},"query-input":{"@type":"PropertyValueSpecification","valueRequired":true,"valueName":"search_term_string"}}],"inLanguage":"da-DK"},{"@type":"Organization","@id":"https:\/\/crime-passionnel.com\/#organization","name":"Forbrydelse og lidenskab","url":"https:\/\/crime-passionnel.com\/","logo":{"@type":"ImageObject","inLanguage":"da-DK","@id":"https:\/\/crime-passionnel.com\/#\/schema\/logo\/image\/","url":"https:\/\/crime-passionnel.com\/wp-content\/uploads\/2021\/07\/logo.png","contentUrl":"https:\/\/crime-passionnel.com\/wp-content\/uploads\/2021\/07\/logo.png","width":128,"height":50,"caption":"Crime Passionnel"},"image":{"@id":"https:\/\/crime-passionnel.com\/#\/schema\/logo\/image\/"},"sameAs":["https:\/\/www.facebook.com\/crimepassionnel\/","https:\/\/www.instagram.com\/crime.passionnel\/"]}]}},"_links":{"self":[{"href":"https:\/\/crime-passionnel.com\/da\/wp-json\/wp\/v2\/product\/7609","targetHints":{"allow":["GET"]}}],"collection":[{"href":"https:\/\/crime-passionnel.com\/da\/wp-json\/wp\/v2\/product"}],"about":[{"href":"https:\/\/crime-passionnel.com\/da\/wp-json\/wp\/v2\/types\/product"}],"wp:featuredmedia":[{"embeddable":true,"href":"https:\/\/crime-passionnel.com\/da\/wp-json\/wp\/v2\/media\/7614"}],"wp:attachment":[{"href":"https:\/\/crime-passionnel.com\/da\/wp-json\/wp\/v2\/media?parent=7609"}],"wp:term":[{"taxonomy":"product_brand","embeddable":true,"href":"https:\/\/crime-passionnel.com\/da\/wp-json\/wp\/v2\/product_brand?post=7609"},{"taxonomy":"product_cat","embeddable":true,"href":"https:\/\/crime-passionnel.com\/da\/wp-json\/wp\/v2\/product_cat?post=7609"},{"taxonomy":"product_tag","embeddable":true,"href":"https:\/\/crime-passionnel.com\/da\/wp-json\/wp\/v2\/product_tag?post=7609"}],"curies":[{"name":"wp","href":"https:\/\/api.w.org\/{rel}","templated":true}]}}