{"id":7587,"date":"2022-03-28T23:04:55","date_gmt":"2022-03-28T23:04:55","guid":{"rendered":"https:\/\/crime-passionnel.com\/?post_type=product&#038;p=7587"},"modified":"2026-03-19T09:03:52","modified_gmt":"2026-03-19T09:03:52","slug":"lady-white-snake","status":"publish","type":"product","link":"https:\/\/crime-passionnel.com\/da\/vare\/lady-white-snake\/","title":{"rendered":"Dame hvid slange"},"content":{"rendered":"<div class=\"page\" title=\"Side 6\">\n<div class=\"section\">\n<div class=\"layoutArea\">\n<div class=\"column\">\n<div class=\"page\" title=\"Side 7\">\n<div class=\"layoutArea\">\n<div class=\"column\">\n<div class=\"page\" title=\"Side 10\">\n<div class=\"section\">\n<div class=\"layoutArea\">\n<div class=\"column\">\n<div class=\"page\" title=\"Side 12\">\n<div class=\"section\">\n<div class=\"layoutArea\">\n<div class=\"column\">\n<div class=\"page\" title=\"Side 14\">\n<div class=\"layoutArea\">\n<div class=\"column\">\n<p>Denne kvinde er sv\u00f8bt i hvide roser, hvid jasmin, hvid magnolia og med en elfenbensbroche, fra en anden tidsalder, sat fast over hjertet. Ikke alle vil f\u00e5 \u00f8je p\u00e5 det smukke motiv \u2013 denne kosmiske og sensuelle slange \u2013 ikke engang manden der falder p\u00e5 kn\u00e6.<\/p>\n<p>Lady White Snake er et legende, der er blevet fortalt siden tidernes morgen. Historien skubber narrativet fremad, hvor det bliver til virkelighed. En slange siges at havde mediteret i tusinde \u00e5r for at blive til en kvinde. Ikke bare en kvinde, men den smukkeste kvinde i verden. Hersker over elementerne og den ultimative femininitet \u2013 den perfekte blanding.<\/p>\n<p>Den hvide slanges paradis er bekl\u00e6dt med l\u00e6der, hvid, krystalliseret sandeltr\u00e6, kaprifolie, hvid musk. En verden til den ulastelige White Lady, den ud\u00f8delige kvinde, beskytter af livscyklussen hvor alt er i metamorfoses.<\/p>\n<\/div>\n<\/div>\n<\/div>\n<\/div>\n<\/div>\n<\/div>\n<\/div>\n<\/div>\n<\/div>\n<\/div>\n<\/div>\n<div class=\"page\" title=\"Side 7\">\n<div class=\"layoutArea\">\n<div class=\"column\">\n<div class=\"page\" title=\"Side 6\">\n<div class=\"section\">\n<div class=\"layoutArea\">\n<div class=\"column\">\n<p>&nbsp;<\/p>\n<\/div>\n<\/div>\n<\/div>\n<\/div>\n<\/div>\n<\/div>\n<\/div>\n<\/div>\n<\/div>\n<\/div>\n<\/div>\n<\/div>\n<\/div>\n<\/div>\n<p>INGREDIENSER<\/p>\n<p>Topnoter: Mandarin. Appelsinblomster. Kaprifolie.<\/p>\n<p>Mellemnoter: Magnolia. Ung Tuberose. Jasmin.<\/p>\n<p>Basenoter: Amber. Lyst l\u00e6der. Hvid musk.<\/p>","protected":false},"excerpt":{"rendered":"<div class=\"page\" title=\"Side 11\">\n<div class=\"layoutArea\">\n<div class=\"column\">\n<div class=\"page\" title=\"Side 13\">\n<div class=\"section\">\n<div class=\"layoutArea\">\n<div class=\"column\">\n<div class=\"page\" title=\"Side 15\">\n<div class=\"layoutArea\">\n<div class=\"column\">\n<div class=\"page\" title=\"Side 15\">\n<div class=\"layoutArea\">\n<div class=\"column\">\n<p>Ren og feminin. En buket af hvide blomster der hvisker om k\u00e6rlighed<\/p>\n<\/div>\n<\/div>\n<\/div>\n<\/div>\n<\/div>\n<\/div>\n<\/div>\n<\/div>\n<\/div>\n<\/div>\n<\/div>\n<\/div>\n<\/div>","protected":false},"featured_media":7590,"template":"","meta":{"_acf_changed":false},"product_brand":[],"product_cat":[418,15],"product_tag":[],"class_list":{"0":"post-7587","1":"product","2":"type-product","3":"status-publish","4":"has-post-thumbnail","6":"product_cat-new-arrivals","7":"product_cat-perfumes","8":"pa_brands-strphane-humbert-lucas","9":"pa_projection-moderate","10":"pa_sizes-2ml-sample","11":"pa_sizes-50ml","12":"pa_style-floral","14":"first","15":"instock","16":"taxable","17":"shipping-taxable","18":"purchasable","19":"product-type-variable","20":"add-to-wishlist-before_image"},"acf":[],"yoast_head":"<!-- This site is optimized with the Yoast SEO plugin v27.5 - https:\/\/yoast.com\/product\/yoast-seo-wordpress\/ -->\n<title>Lady White Snake Eau de Parfum - Crime Passionnel<\/title>\n<meta name=\"description\" content=\"Purity and femininity. Delicious bouquet of white flowers that take us to that feeling of pure love. Top Notes: Mandarin, Orange Blossom, Honeysuckle\" \/>\n<meta name=\"robots\" content=\"index, follow, max-snippet:-1, max-image-preview:large, max-video-preview:-1\" \/>\n<link rel=\"canonical\" href=\"https:\/\/crime-passionnel.com\/da\/vare\/lady-white-snake\/\" \/>\n<meta property=\"og:locale\" content=\"da_DK\" \/>\n<meta property=\"og:type\" content=\"article\" \/>\n<meta property=\"og:title\" content=\"Lady White Snake Eau de Parfum - Crime Passionnel\" \/>\n<meta property=\"og:description\" content=\"Purity and femininity. Delicious bouquet of white flowers that take us to that feeling of pure love. Top Notes: Mandarin, Orange Blossom, Honeysuckle\" \/>\n<meta property=\"og:url\" content=\"https:\/\/crime-passionnel.com\/da\/vare\/lady-white-snake\/\" \/>\n<meta property=\"og:site_name\" content=\"Crime Passionnel\" \/>\n<meta property=\"article:publisher\" content=\"https:\/\/www.facebook.com\/crimepassionnel\/\" \/>\n<meta property=\"article:modified_time\" content=\"2026-03-19T09:03:52+00:00\" \/>\n<meta property=\"og:image\" content=\"https:\/\/crime-passionnel.com\/wp-content\/uploads\/2022\/03\/LADY-WHITE-SNAKE.jpg\" \/>\n\t<meta property=\"og:image:width\" content=\"1459\" \/>\n\t<meta property=\"og:image:height\" content=\"1920\" \/>\n\t<meta property=\"og:image:type\" content=\"image\/jpeg\" \/>\n<meta name=\"twitter:card\" content=\"summary_large_image\" \/>\n<meta name=\"twitter:label1\" content=\"Estimeret l\u00e6setid\" \/>\n\t<meta name=\"twitter:data1\" content=\"1 minut\" \/>\n<script type=\"application\/ld+json\" class=\"yoast-schema-graph\">{\"@context\":\"https:\\\/\\\/schema.org\",\"@graph\":[{\"@type\":\"WebPage\",\"@id\":\"https:\\\/\\\/crime-passionnel.com\\\/product\\\/lady-white-snake\\\/\",\"url\":\"https:\\\/\\\/crime-passionnel.com\\\/product\\\/lady-white-snake\\\/\",\"name\":\"Lady White Snake Eau de Parfum - Crime Passionnel\",\"isPartOf\":{\"@id\":\"https:\\\/\\\/crime-passionnel.com\\\/#website\"},\"primaryImageOfPage\":{\"@id\":\"https:\\\/\\\/crime-passionnel.com\\\/product\\\/lady-white-snake\\\/#primaryimage\"},\"image\":{\"@id\":\"https:\\\/\\\/crime-passionnel.com\\\/product\\\/lady-white-snake\\\/#primaryimage\"},\"thumbnailUrl\":\"https:\\\/\\\/crime-passionnel.com\\\/wp-content\\\/uploads\\\/2022\\\/03\\\/LADY-WHITE-SNAKE.jpg\",\"datePublished\":\"2022-03-28T23:04:55+00:00\",\"dateModified\":\"2026-03-19T09:03:52+00:00\",\"description\":\"Purity and femininity. Delicious bouquet of white flowers that take us to that feeling of pure love. Top Notes: Mandarin, Orange Blossom, Honeysuckle\",\"breadcrumb\":{\"@id\":\"https:\\\/\\\/crime-passionnel.com\\\/product\\\/lady-white-snake\\\/#breadcrumb\"},\"inLanguage\":\"da-DK\",\"potentialAction\":[{\"@type\":\"ReadAction\",\"target\":[\"https:\\\/\\\/crime-passionnel.com\\\/product\\\/lady-white-snake\\\/\"]}]},{\"@type\":\"ImageObject\",\"inLanguage\":\"da-DK\",\"@id\":\"https:\\\/\\\/crime-passionnel.com\\\/product\\\/lady-white-snake\\\/#primaryimage\",\"url\":\"https:\\\/\\\/crime-passionnel.com\\\/wp-content\\\/uploads\\\/2022\\\/03\\\/LADY-WHITE-SNAKE.jpg\",\"contentUrl\":\"https:\\\/\\\/crime-passionnel.com\\\/wp-content\\\/uploads\\\/2022\\\/03\\\/LADY-WHITE-SNAKE.jpg\",\"width\":1459,\"height\":1920,\"caption\":\"Lady White Snake Eau de Parfum\"},{\"@type\":\"BreadcrumbList\",\"@id\":\"https:\\\/\\\/crime-passionnel.com\\\/product\\\/lady-white-snake\\\/#breadcrumb\",\"itemListElement\":[{\"@type\":\"ListItem\",\"position\":1,\"name\":\"Home\",\"item\":\"https:\\\/\\\/crime-passionnel.com\\\/\"},{\"@type\":\"ListItem\",\"position\":2,\"name\":\"Products\",\"item\":\"https:\\\/\\\/crime-passionnel.com\\\/products\\\/\"},{\"@type\":\"ListItem\",\"position\":3,\"name\":\"Lady White Snake\"}]},{\"@type\":\"WebSite\",\"@id\":\"https:\\\/\\\/crime-passionnel.com\\\/#website\",\"url\":\"https:\\\/\\\/crime-passionnel.com\\\/\",\"name\":\"Crime Passionnel\",\"description\":\"\",\"publisher\":{\"@id\":\"https:\\\/\\\/crime-passionnel.com\\\/#organization\"},\"potentialAction\":[{\"@type\":\"SearchAction\",\"target\":{\"@type\":\"EntryPoint\",\"urlTemplate\":\"https:\\\/\\\/crime-passionnel.com\\\/?s={search_term_string}\"},\"query-input\":{\"@type\":\"PropertyValueSpecification\",\"valueRequired\":true,\"valueName\":\"search_term_string\"}}],\"inLanguage\":\"da-DK\"},{\"@type\":\"Organization\",\"@id\":\"https:\\\/\\\/crime-passionnel.com\\\/#organization\",\"name\":\"Crime Passionnel\",\"url\":\"https:\\\/\\\/crime-passionnel.com\\\/\",\"logo\":{\"@type\":\"ImageObject\",\"inLanguage\":\"da-DK\",\"@id\":\"https:\\\/\\\/crime-passionnel.com\\\/#\\\/schema\\\/logo\\\/image\\\/\",\"url\":\"https:\\\/\\\/crime-passionnel.com\\\/wp-content\\\/uploads\\\/2021\\\/07\\\/logo.png\",\"contentUrl\":\"https:\\\/\\\/crime-passionnel.com\\\/wp-content\\\/uploads\\\/2021\\\/07\\\/logo.png\",\"width\":128,\"height\":50,\"caption\":\"Crime Passionnel\"},\"image\":{\"@id\":\"https:\\\/\\\/crime-passionnel.com\\\/#\\\/schema\\\/logo\\\/image\\\/\"},\"sameAs\":[\"https:\\\/\\\/www.facebook.com\\\/crimepassionnel\\\/\",\"https:\\\/\\\/www.instagram.com\\\/crime.passionnel\\\/\"]}]}<\/script>\n<!-- \/ Yoast SEO plugin. -->","yoast_head_json":{"title":"Lady White Snake Eau de Parfum - Crime Passionnel","description":"Purity and femininity. Delicious bouquet of white flowers that take us to that feeling of pure love. Top Notes: Mandarin, Orange Blossom, Honeysuckle","robots":{"index":"index","follow":"follow","max-snippet":"max-snippet:-1","max-image-preview":"max-image-preview:large","max-video-preview":"max-video-preview:-1"},"canonical":"https:\/\/crime-passionnel.com\/da\/vare\/lady-white-snake\/","og_locale":"da_DK","og_type":"article","og_title":"Lady White Snake Eau de Parfum - Crime Passionnel","og_description":"Purity and femininity. Delicious bouquet of white flowers that take us to that feeling of pure love. Top Notes: Mandarin, Orange Blossom, Honeysuckle","og_url":"https:\/\/crime-passionnel.com\/da\/vare\/lady-white-snake\/","og_site_name":"Crime Passionnel","article_publisher":"https:\/\/www.facebook.com\/crimepassionnel\/","article_modified_time":"2026-03-19T09:03:52+00:00","og_image":[{"width":1459,"height":1920,"url":"https:\/\/crime-passionnel.com\/wp-content\/uploads\/2022\/03\/LADY-WHITE-SNAKE.jpg","type":"image\/jpeg"}],"twitter_card":"summary_large_image","twitter_misc":{"Estimeret l\u00e6setid":"1 minut"},"schema":{"@context":"https:\/\/schema.org","@graph":[{"@type":"WebPage","@id":"https:\/\/crime-passionnel.com\/product\/lady-white-snake\/","url":"https:\/\/crime-passionnel.com\/product\/lady-white-snake\/","name":"Lady White Snake Eau de Parfum - Crime Passionnel","isPartOf":{"@id":"https:\/\/crime-passionnel.com\/#website"},"primaryImageOfPage":{"@id":"https:\/\/crime-passionnel.com\/product\/lady-white-snake\/#primaryimage"},"image":{"@id":"https:\/\/crime-passionnel.com\/product\/lady-white-snake\/#primaryimage"},"thumbnailUrl":"https:\/\/crime-passionnel.com\/wp-content\/uploads\/2022\/03\/LADY-WHITE-SNAKE.jpg","datePublished":"2022-03-28T23:04:55+00:00","dateModified":"2026-03-19T09:03:52+00:00","description":"Purity and femininity. Delicious bouquet of white flowers that take us to that feeling of pure love. Top Notes: Mandarin, Orange Blossom, Honeysuckle","breadcrumb":{"@id":"https:\/\/crime-passionnel.com\/product\/lady-white-snake\/#breadcrumb"},"inLanguage":"da-DK","potentialAction":[{"@type":"ReadAction","target":["https:\/\/crime-passionnel.com\/product\/lady-white-snake\/"]}]},{"@type":"ImageObject","inLanguage":"da-DK","@id":"https:\/\/crime-passionnel.com\/product\/lady-white-snake\/#primaryimage","url":"https:\/\/crime-passionnel.com\/wp-content\/uploads\/2022\/03\/LADY-WHITE-SNAKE.jpg","contentUrl":"https:\/\/crime-passionnel.com\/wp-content\/uploads\/2022\/03\/LADY-WHITE-SNAKE.jpg","width":1459,"height":1920,"caption":"Lady White Snake Eau de Parfum"},{"@type":"BreadcrumbList","@id":"https:\/\/crime-passionnel.com\/product\/lady-white-snake\/#breadcrumb","itemListElement":[{"@type":"ListItem","position":1,"name":"Home","item":"https:\/\/crime-passionnel.com\/"},{"@type":"ListItem","position":2,"name":"Products","item":"https:\/\/crime-passionnel.com\/products\/"},{"@type":"ListItem","position":3,"name":"Lady White Snake"}]},{"@type":"WebSite","@id":"https:\/\/crime-passionnel.com\/#website","url":"https:\/\/crime-passionnel.com\/","name":"Forbrydelse og lidenskab","description":"","publisher":{"@id":"https:\/\/crime-passionnel.com\/#organization"},"potentialAction":[{"@type":"SearchAction","target":{"@type":"EntryPoint","urlTemplate":"https:\/\/crime-passionnel.com\/?s={search_term_string}"},"query-input":{"@type":"PropertyValueSpecification","valueRequired":true,"valueName":"search_term_string"}}],"inLanguage":"da-DK"},{"@type":"Organization","@id":"https:\/\/crime-passionnel.com\/#organization","name":"Forbrydelse og lidenskab","url":"https:\/\/crime-passionnel.com\/","logo":{"@type":"ImageObject","inLanguage":"da-DK","@id":"https:\/\/crime-passionnel.com\/#\/schema\/logo\/image\/","url":"https:\/\/crime-passionnel.com\/wp-content\/uploads\/2021\/07\/logo.png","contentUrl":"https:\/\/crime-passionnel.com\/wp-content\/uploads\/2021\/07\/logo.png","width":128,"height":50,"caption":"Crime Passionnel"},"image":{"@id":"https:\/\/crime-passionnel.com\/#\/schema\/logo\/image\/"},"sameAs":["https:\/\/www.facebook.com\/crimepassionnel\/","https:\/\/www.instagram.com\/crime.passionnel\/"]}]}},"_links":{"self":[{"href":"https:\/\/crime-passionnel.com\/da\/wp-json\/wp\/v2\/product\/7587","targetHints":{"allow":["GET"]}}],"collection":[{"href":"https:\/\/crime-passionnel.com\/da\/wp-json\/wp\/v2\/product"}],"about":[{"href":"https:\/\/crime-passionnel.com\/da\/wp-json\/wp\/v2\/types\/product"}],"wp:featuredmedia":[{"embeddable":true,"href":"https:\/\/crime-passionnel.com\/da\/wp-json\/wp\/v2\/media\/7590"}],"wp:attachment":[{"href":"https:\/\/crime-passionnel.com\/da\/wp-json\/wp\/v2\/media?parent=7587"}],"wp:term":[{"taxonomy":"product_brand","embeddable":true,"href":"https:\/\/crime-passionnel.com\/da\/wp-json\/wp\/v2\/product_brand?post=7587"},{"taxonomy":"product_cat","embeddable":true,"href":"https:\/\/crime-passionnel.com\/da\/wp-json\/wp\/v2\/product_cat?post=7587"},{"taxonomy":"product_tag","embeddable":true,"href":"https:\/\/crime-passionnel.com\/da\/wp-json\/wp\/v2\/product_tag?post=7587"}],"curies":[{"name":"wp","href":"https:\/\/api.w.org\/{rel}","templated":true}]}}