{"id":7574,"date":"2022-03-28T22:20:41","date_gmt":"2022-03-28T22:20:41","guid":{"rendered":"https:\/\/crime-passionnel.com\/?post_type=product&#038;p=7574"},"modified":"2026-03-04T15:33:20","modified_gmt":"2026-03-04T15:33:20","slug":"crying-of-evil","status":"publish","type":"product","link":"https:\/\/crime-passionnel.com\/da\/vare\/crying-of-evil\/","title":{"rendered":"Ondskabens gr\u00e5d"},"content":{"rendered":"<div class=\"page\" title=\"Side 6\">\n<div class=\"section\">\n<div class=\"layoutArea\">\n<div class=\"column\">\n<div class=\"page\" title=\"Side 7\">\n<div class=\"layoutArea\">\n<div class=\"column\">\n<div class=\"page\" title=\"Side 8\">\n<div class=\"section\">\n<div class=\"layoutArea\">\n<div class=\"column\">\n<p>L\u00e6der, en subversiv lounge, skriftruller og skind i bl\u00f8de farver. Vi befinder os i hjertet af et langt beg\u00e6r og en uendelig tid, som tiltr\u00e6kker dine risici og farer. En \"violet opera\" vikler sig om dine ankler, rosen prikker til dine sanser og beruser dig langsomt.<\/p>\n<p>Natcabareten ligner et slags bur med halv\u00e5bne d\u00f8re og lilla dampe. Bliv eller g\u00e5. Bliv lidt l\u00e6ngere, udfordr v\u00e6senet i os, tag fat i det og tal med det, pr\u00f8v en harpeakkord eller et d\u00f8dsgreb.<\/p>\n<p>G\u00e5 p\u00e5 denne tr\u00e5d p\u00e5 randen af at give slip, ved kroppens nordlige gr\u00e6nse, for kroppen og det urolige sind. Leg med disse farverige, smukke, m\u00f8rke toner, som noget fra en gyserhistorie. En lysekrone af sandeltr\u00e6 flimrer, v\u00e6ggene filmer b\u00f8lgende silhuetter, inaktive og forbl\u00f8ffende smukke ektoplasmer, flower power og kostbar tobak, indisk patchouli.<\/p>\n<p>Vi bliver n\u00f8dt til at forlade denne verden, og denne verden vil s\u00f8rge over en s\u00e5dan lidenskabelig sk\u00f8nhed.<\/p>\n<\/div>\n<\/div>\n<\/div>\n<\/div>\n<div class=\"page\" title=\"Side 7\">\n<div class=\"layoutArea\">\n<div class=\"column\">\n<div class=\"page\" title=\"Side 6\">\n<div class=\"section\">\n<div class=\"layoutArea\">\n<div class=\"column\">\n<p>&nbsp;<\/p>\n<\/div>\n<\/div>\n<\/div>\n<\/div>\n<\/div>\n<\/div>\n<\/div>\n<\/div>\n<\/div>\n<\/div>\n<\/div>\n<\/div>\n<\/div>\n<\/div>\n<p>INGREDIENSER<\/p>\n<p>Topnoter: Lyser\u00f8de b\u00e6r, tuberose, viol, krydderier<\/p>\n<p>Hjertenoter: Sandeltr\u00e6, l\u00e6der, rose<\/p>\n<p>Basenoter: Patchouli, rav, olibanum, moskus<\/p>","protected":false},"excerpt":{"rendered":"<div class=\"page\" title=\"Side 9\">\n<div class=\"section\">\n<div class=\"layoutArea\">\n<div class=\"column\">\n<p>En poetisk alkymi krydret med l\u00e6der, myrra, lilla t\u00e5rer og sj\u00e6ldne blomster<\/p>\n<\/div>\n<\/div>\n<\/div>\n<\/div>","protected":false},"featured_media":7577,"template":"","meta":{"_acf_changed":false},"product_brand":[],"product_cat":[418,15],"product_tag":[],"class_list":{"0":"post-7574","1":"product","2":"type-product","3":"status-publish","4":"has-post-thumbnail","6":"product_cat-new-arrivals","7":"product_cat-perfumes","8":"pa_brands-strphane-humbert-lucas","9":"pa_projection-moderate","10":"pa_sizes-2ml-sample","11":"pa_sizes-50ml","12":"pa_style-floral","13":"pa_style-leather","14":"pa_style-spicy","16":"first","17":"instock","18":"taxable","19":"shipping-taxable","20":"purchasable","21":"product-type-variable","22":"add-to-wishlist-before_image"},"acf":[],"yoast_head":"<!-- This site is optimized with the Yoast SEO plugin v27.1.1 - https:\/\/yoast.com\/product\/yoast-seo-wordpress\/ -->\n<title>Crying of Evil Eau de Parfum - Crime Passionnel<\/title>\n<meta name=\"description\" content=\"Crying of Evil perfume - a poetic alchemy tinged with Leather, Myrrh, purple tears and rare flowers. Top Notes: Pink berries, Tuberose, Violet, Spices\" \/>\n<meta name=\"robots\" content=\"index, follow, max-snippet:-1, max-image-preview:large, max-video-preview:-1\" \/>\n<link rel=\"canonical\" href=\"https:\/\/crime-passionnel.com\/da\/vare\/crying-of-evil\/\" \/>\n<meta property=\"og:locale\" content=\"da_DK\" \/>\n<meta property=\"og:type\" content=\"article\" \/>\n<meta property=\"og:title\" content=\"Crying of Evil Eau de Parfum - Crime Passionnel\" \/>\n<meta property=\"og:description\" content=\"Crying of Evil perfume - a poetic alchemy tinged with Leather, Myrrh, purple tears and rare flowers. Top Notes: Pink berries, Tuberose, Violet, Spices\" \/>\n<meta property=\"og:url\" content=\"https:\/\/crime-passionnel.com\/da\/vare\/crying-of-evil\/\" \/>\n<meta property=\"og:site_name\" content=\"Crime Passionnel\" \/>\n<meta property=\"article:publisher\" content=\"https:\/\/www.facebook.com\/crimepassionnel\/\" \/>\n<meta property=\"article:modified_time\" content=\"2026-03-04T15:33:20+00:00\" \/>\n<meta property=\"og:image\" content=\"https:\/\/crime-passionnel.com\/wp-content\/uploads\/2022\/03\/CRYING-OF-EVIL.jpg\" \/>\n\t<meta property=\"og:image:width\" content=\"1459\" \/>\n\t<meta property=\"og:image:height\" content=\"1920\" \/>\n\t<meta property=\"og:image:type\" content=\"image\/jpeg\" \/>\n<meta name=\"twitter:card\" content=\"summary_large_image\" \/>\n<meta name=\"twitter:label1\" content=\"Estimeret l\u00e6setid\" \/>\n\t<meta name=\"twitter:data1\" content=\"1 minut\" \/>\n<script type=\"application\/ld+json\" class=\"yoast-schema-graph\">{\"@context\":\"https:\/\/schema.org\",\"@graph\":[{\"@type\":\"WebPage\",\"@id\":\"https:\/\/crime-passionnel.com\/product\/crying-of-evil\/\",\"url\":\"https:\/\/crime-passionnel.com\/product\/crying-of-evil\/\",\"name\":\"Crying of Evil Eau de Parfum - Crime Passionnel\",\"isPartOf\":{\"@id\":\"https:\/\/crime-passionnel.com\/#website\"},\"primaryImageOfPage\":{\"@id\":\"https:\/\/crime-passionnel.com\/product\/crying-of-evil\/#primaryimage\"},\"image\":{\"@id\":\"https:\/\/crime-passionnel.com\/product\/crying-of-evil\/#primaryimage\"},\"thumbnailUrl\":\"https:\/\/crime-passionnel.com\/wp-content\/uploads\/2022\/03\/CRYING-OF-EVIL.jpg\",\"datePublished\":\"2022-03-28T22:20:41+00:00\",\"dateModified\":\"2026-03-04T15:33:20+00:00\",\"description\":\"Crying of Evil perfume - a poetic alchemy tinged with Leather, Myrrh, purple tears and rare flowers. Top Notes: Pink berries, Tuberose, Violet, Spices\",\"breadcrumb\":{\"@id\":\"https:\/\/crime-passionnel.com\/product\/crying-of-evil\/#breadcrumb\"},\"inLanguage\":\"da-DK\",\"potentialAction\":[{\"@type\":\"ReadAction\",\"target\":[\"https:\/\/crime-passionnel.com\/product\/crying-of-evil\/\"]}]},{\"@type\":\"ImageObject\",\"inLanguage\":\"da-DK\",\"@id\":\"https:\/\/crime-passionnel.com\/product\/crying-of-evil\/#primaryimage\",\"url\":\"https:\/\/crime-passionnel.com\/wp-content\/uploads\/2022\/03\/CRYING-OF-EVIL.jpg\",\"contentUrl\":\"https:\/\/crime-passionnel.com\/wp-content\/uploads\/2022\/03\/CRYING-OF-EVIL.jpg\",\"width\":1459,\"height\":1920,\"caption\":\"Crying of Evil Eau de Parfum\"},{\"@type\":\"BreadcrumbList\",\"@id\":\"https:\/\/crime-passionnel.com\/product\/crying-of-evil\/#breadcrumb\",\"itemListElement\":[{\"@type\":\"ListItem\",\"position\":1,\"name\":\"Home\",\"item\":\"https:\/\/crime-passionnel.com\/\"},{\"@type\":\"ListItem\",\"position\":2,\"name\":\"Products\",\"item\":\"https:\/\/crime-passionnel.com\/products\/\"},{\"@type\":\"ListItem\",\"position\":3,\"name\":\"Crying of Evil\"}]},{\"@type\":\"WebSite\",\"@id\":\"https:\/\/crime-passionnel.com\/#website\",\"url\":\"https:\/\/crime-passionnel.com\/\",\"name\":\"Crime Passionnel\",\"description\":\"\",\"publisher\":{\"@id\":\"https:\/\/crime-passionnel.com\/#organization\"},\"potentialAction\":[{\"@type\":\"SearchAction\",\"target\":{\"@type\":\"EntryPoint\",\"urlTemplate\":\"https:\/\/crime-passionnel.com\/?s={search_term_string}\"},\"query-input\":{\"@type\":\"PropertyValueSpecification\",\"valueRequired\":true,\"valueName\":\"search_term_string\"}}],\"inLanguage\":\"da-DK\"},{\"@type\":\"Organization\",\"@id\":\"https:\/\/crime-passionnel.com\/#organization\",\"name\":\"Crime Passionnel\",\"url\":\"https:\/\/crime-passionnel.com\/\",\"logo\":{\"@type\":\"ImageObject\",\"inLanguage\":\"da-DK\",\"@id\":\"https:\/\/crime-passionnel.com\/#\/schema\/logo\/image\/\",\"url\":\"https:\/\/crime-passionnel.com\/wp-content\/uploads\/2021\/07\/logo.png\",\"contentUrl\":\"https:\/\/crime-passionnel.com\/wp-content\/uploads\/2021\/07\/logo.png\",\"width\":128,\"height\":50,\"caption\":\"Crime Passionnel\"},\"image\":{\"@id\":\"https:\/\/crime-passionnel.com\/#\/schema\/logo\/image\/\"},\"sameAs\":[\"https:\/\/www.facebook.com\/crimepassionnel\/\",\"https:\/\/www.instagram.com\/crime.passionnel\/\"]}]}<\/script>\n<!-- \/ Yoast SEO plugin. -->","yoast_head_json":{"title":"Crying of Evil Eau de Parfum - Crime Passionnel","description":"Crying of Evil perfume - a poetic alchemy tinged with Leather, Myrrh, purple tears and rare flowers. Top Notes: Pink berries, Tuberose, Violet, Spices","robots":{"index":"index","follow":"follow","max-snippet":"max-snippet:-1","max-image-preview":"max-image-preview:large","max-video-preview":"max-video-preview:-1"},"canonical":"https:\/\/crime-passionnel.com\/da\/vare\/crying-of-evil\/","og_locale":"da_DK","og_type":"article","og_title":"Crying of Evil Eau de Parfum - Crime Passionnel","og_description":"Crying of Evil perfume - a poetic alchemy tinged with Leather, Myrrh, purple tears and rare flowers. Top Notes: Pink berries, Tuberose, Violet, Spices","og_url":"https:\/\/crime-passionnel.com\/da\/vare\/crying-of-evil\/","og_site_name":"Crime Passionnel","article_publisher":"https:\/\/www.facebook.com\/crimepassionnel\/","article_modified_time":"2026-03-04T15:33:20+00:00","og_image":[{"width":1459,"height":1920,"url":"https:\/\/crime-passionnel.com\/wp-content\/uploads\/2022\/03\/CRYING-OF-EVIL.jpg","type":"image\/jpeg"}],"twitter_card":"summary_large_image","twitter_misc":{"Estimeret l\u00e6setid":"1 minut"},"schema":{"@context":"https:\/\/schema.org","@graph":[{"@type":"WebPage","@id":"https:\/\/crime-passionnel.com\/product\/crying-of-evil\/","url":"https:\/\/crime-passionnel.com\/product\/crying-of-evil\/","name":"Crying of Evil Eau de Parfum - Crime Passionnel","isPartOf":{"@id":"https:\/\/crime-passionnel.com\/#website"},"primaryImageOfPage":{"@id":"https:\/\/crime-passionnel.com\/product\/crying-of-evil\/#primaryimage"},"image":{"@id":"https:\/\/crime-passionnel.com\/product\/crying-of-evil\/#primaryimage"},"thumbnailUrl":"https:\/\/crime-passionnel.com\/wp-content\/uploads\/2022\/03\/CRYING-OF-EVIL.jpg","datePublished":"2022-03-28T22:20:41+00:00","dateModified":"2026-03-04T15:33:20+00:00","description":"Crying of Evil perfume - a poetic alchemy tinged with Leather, Myrrh, purple tears and rare flowers. Top Notes: Pink berries, Tuberose, Violet, Spices","breadcrumb":{"@id":"https:\/\/crime-passionnel.com\/product\/crying-of-evil\/#breadcrumb"},"inLanguage":"da-DK","potentialAction":[{"@type":"ReadAction","target":["https:\/\/crime-passionnel.com\/product\/crying-of-evil\/"]}]},{"@type":"ImageObject","inLanguage":"da-DK","@id":"https:\/\/crime-passionnel.com\/product\/crying-of-evil\/#primaryimage","url":"https:\/\/crime-passionnel.com\/wp-content\/uploads\/2022\/03\/CRYING-OF-EVIL.jpg","contentUrl":"https:\/\/crime-passionnel.com\/wp-content\/uploads\/2022\/03\/CRYING-OF-EVIL.jpg","width":1459,"height":1920,"caption":"Crying of Evil Eau de Parfum"},{"@type":"BreadcrumbList","@id":"https:\/\/crime-passionnel.com\/product\/crying-of-evil\/#breadcrumb","itemListElement":[{"@type":"ListItem","position":1,"name":"Home","item":"https:\/\/crime-passionnel.com\/"},{"@type":"ListItem","position":2,"name":"Products","item":"https:\/\/crime-passionnel.com\/products\/"},{"@type":"ListItem","position":3,"name":"Crying of Evil"}]},{"@type":"WebSite","@id":"https:\/\/crime-passionnel.com\/#website","url":"https:\/\/crime-passionnel.com\/","name":"Forbrydelse og lidenskab","description":"","publisher":{"@id":"https:\/\/crime-passionnel.com\/#organization"},"potentialAction":[{"@type":"SearchAction","target":{"@type":"EntryPoint","urlTemplate":"https:\/\/crime-passionnel.com\/?s={search_term_string}"},"query-input":{"@type":"PropertyValueSpecification","valueRequired":true,"valueName":"search_term_string"}}],"inLanguage":"da-DK"},{"@type":"Organization","@id":"https:\/\/crime-passionnel.com\/#organization","name":"Forbrydelse og lidenskab","url":"https:\/\/crime-passionnel.com\/","logo":{"@type":"ImageObject","inLanguage":"da-DK","@id":"https:\/\/crime-passionnel.com\/#\/schema\/logo\/image\/","url":"https:\/\/crime-passionnel.com\/wp-content\/uploads\/2021\/07\/logo.png","contentUrl":"https:\/\/crime-passionnel.com\/wp-content\/uploads\/2021\/07\/logo.png","width":128,"height":50,"caption":"Crime Passionnel"},"image":{"@id":"https:\/\/crime-passionnel.com\/#\/schema\/logo\/image\/"},"sameAs":["https:\/\/www.facebook.com\/crimepassionnel\/","https:\/\/www.instagram.com\/crime.passionnel\/"]}]}},"_links":{"self":[{"href":"https:\/\/crime-passionnel.com\/da\/wp-json\/wp\/v2\/product\/7574","targetHints":{"allow":["GET"]}}],"collection":[{"href":"https:\/\/crime-passionnel.com\/da\/wp-json\/wp\/v2\/product"}],"about":[{"href":"https:\/\/crime-passionnel.com\/da\/wp-json\/wp\/v2\/types\/product"}],"wp:featuredmedia":[{"embeddable":true,"href":"https:\/\/crime-passionnel.com\/da\/wp-json\/wp\/v2\/media\/7577"}],"wp:attachment":[{"href":"https:\/\/crime-passionnel.com\/da\/wp-json\/wp\/v2\/media?parent=7574"}],"wp:term":[{"taxonomy":"product_brand","embeddable":true,"href":"https:\/\/crime-passionnel.com\/da\/wp-json\/wp\/v2\/product_brand?post=7574"},{"taxonomy":"product_cat","embeddable":true,"href":"https:\/\/crime-passionnel.com\/da\/wp-json\/wp\/v2\/product_cat?post=7574"},{"taxonomy":"product_tag","embeddable":true,"href":"https:\/\/crime-passionnel.com\/da\/wp-json\/wp\/v2\/product_tag?post=7574"}],"curies":[{"name":"wp","href":"https:\/\/api.w.org\/{rel}","templated":true}]}}