{"id":4586,"date":"2022-03-16T20:35:19","date_gmt":"2022-03-16T20:35:19","guid":{"rendered":"https:\/\/crime-passionnel.com\/?post_type=product&#038;p=4586"},"modified":"2026-03-07T09:41:17","modified_gmt":"2026-03-07T09:41:17","slug":"mariya","status":"publish","type":"product","link":"https:\/\/crime-passionnel.com\/da\/vare\/mariya\/","title":{"rendered":"Mariya"},"content":{"rendered":"<p>Et kostbart h\u00e5ndlavet smykke af en ung, smuk omansk kvinde. Mariya er en rig blanding af k\u00e6rlighed og glamour. Duften \u00e5bner med en essens af friske frugt- og blomsternoter efterfulgt af et overv\u00e6ldende hjerte, der dukker op med essensen af r\u00f8de roser med et strejf af bourbon. Duften har en l\u00e6kker s\u00f8d base af vanilje og karamel kombineret med en unik duft af kaffe.<\/p>\n<p>INGREDIENSER<\/p>\n<p>Topnoter: Bergamot, mandarin, appelsinblomst, koriander<\/p>\n<p>Hjertenoter: Taif-rose, bulgarsk rose, bourbon-geranium<\/p>\n<p>Basisnoter: Patchouli, vanilje, kaffe, karamel<\/p>","protected":false},"excerpt":{"rendered":"<p>Mariya er en rig blanding af k\u00e6rlighed og glamour<\/p>","protected":false},"featured_media":4582,"template":"","meta":{"_acf_changed":false},"product_brand":[],"product_cat":[15],"product_tag":[],"class_list":{"0":"post-4586","1":"product","2":"type-product","3":"status-publish","4":"has-post-thumbnail","6":"product_cat-perfumes","7":"pa_brands-omanluxury","8":"pa_projection-moderate","9":"pa_sizes-2ml-sample","10":"pa_sizes-100ml","11":"pa_style-floral","12":"pa_style-sweet","14":"first","15":"instock","16":"taxable","17":"shipping-taxable","18":"purchasable","19":"product-type-variable","20":"add-to-wishlist-before_image"},"acf":[],"yoast_head":"<!-- This site is optimized with the Yoast SEO plugin v27.1.1 - https:\/\/yoast.com\/product\/yoast-seo-wordpress\/ -->\n<title>Mariya Eau de Parfum by Oman Luxury - Crime Passionnel<\/title>\n<meta name=\"description\" content=\"A precious handcrafted jewel of a young beautiful Omani woman. Mariya perfume by Oman Luxury is a rich blend of love and glamour.\" \/>\n<meta name=\"robots\" content=\"index, follow, max-snippet:-1, max-image-preview:large, max-video-preview:-1\" \/>\n<link rel=\"canonical\" href=\"https:\/\/crime-passionnel.com\/da\/vare\/mariya\/\" \/>\n<meta property=\"og:locale\" content=\"da_DK\" \/>\n<meta property=\"og:type\" content=\"article\" \/>\n<meta property=\"og:title\" content=\"Mariya Eau de Parfum by Oman Luxury - Crime Passionnel\" \/>\n<meta property=\"og:description\" content=\"A precious handcrafted jewel of a young beautiful Omani woman. Mariya perfume by Oman Luxury is a rich blend of love and glamour.\" \/>\n<meta property=\"og:url\" content=\"https:\/\/crime-passionnel.com\/da\/vare\/mariya\/\" \/>\n<meta property=\"og:site_name\" content=\"Crime Passionnel\" \/>\n<meta property=\"article:publisher\" content=\"https:\/\/www.facebook.com\/crimepassionnel\/\" \/>\n<meta property=\"article:modified_time\" content=\"2026-03-07T09:41:17+00:00\" \/>\n<meta property=\"og:image\" content=\"https:\/\/crime-passionnel.com\/wp-content\/uploads\/2022\/03\/MARIYA-NEW.jpg\" \/>\n\t<meta property=\"og:image:width\" content=\"1459\" \/>\n\t<meta property=\"og:image:height\" content=\"1920\" \/>\n\t<meta property=\"og:image:type\" content=\"image\/jpeg\" \/>\n<meta name=\"twitter:card\" content=\"summary_large_image\" \/>\n<meta name=\"twitter:label1\" content=\"Estimeret l\u00e6setid\" \/>\n\t<meta name=\"twitter:data1\" content=\"1 minut\" \/>\n<script type=\"application\/ld+json\" class=\"yoast-schema-graph\">{\"@context\":\"https:\/\/schema.org\",\"@graph\":[{\"@type\":\"WebPage\",\"@id\":\"https:\/\/crime-passionnel.com\/product\/mariya\/\",\"url\":\"https:\/\/crime-passionnel.com\/product\/mariya\/\",\"name\":\"Mariya Eau de Parfum by Oman Luxury - Crime Passionnel\",\"isPartOf\":{\"@id\":\"https:\/\/crime-passionnel.com\/#website\"},\"primaryImageOfPage\":{\"@id\":\"https:\/\/crime-passionnel.com\/product\/mariya\/#primaryimage\"},\"image\":{\"@id\":\"https:\/\/crime-passionnel.com\/product\/mariya\/#primaryimage\"},\"thumbnailUrl\":\"https:\/\/crime-passionnel.com\/wp-content\/uploads\/2022\/03\/MARIYA-NEW.jpg\",\"datePublished\":\"2022-03-16T20:35:19+00:00\",\"dateModified\":\"2026-03-07T09:41:17+00:00\",\"description\":\"A precious handcrafted jewel of a young beautiful Omani woman. Mariya perfume by Oman Luxury is a rich blend of love and glamour.\",\"breadcrumb\":{\"@id\":\"https:\/\/crime-passionnel.com\/product\/mariya\/#breadcrumb\"},\"inLanguage\":\"da-DK\",\"potentialAction\":[{\"@type\":\"ReadAction\",\"target\":[\"https:\/\/crime-passionnel.com\/product\/mariya\/\"]}]},{\"@type\":\"ImageObject\",\"inLanguage\":\"da-DK\",\"@id\":\"https:\/\/crime-passionnel.com\/product\/mariya\/#primaryimage\",\"url\":\"https:\/\/crime-passionnel.com\/wp-content\/uploads\/2022\/03\/MARIYA-NEW.jpg\",\"contentUrl\":\"https:\/\/crime-passionnel.com\/wp-content\/uploads\/2022\/03\/MARIYA-NEW.jpg\",\"width\":1459,\"height\":1920,\"caption\":\"Mariya Eau de Parfum\"},{\"@type\":\"BreadcrumbList\",\"@id\":\"https:\/\/crime-passionnel.com\/product\/mariya\/#breadcrumb\",\"itemListElement\":[{\"@type\":\"ListItem\",\"position\":1,\"name\":\"Home\",\"item\":\"https:\/\/crime-passionnel.com\/\"},{\"@type\":\"ListItem\",\"position\":2,\"name\":\"Products\",\"item\":\"https:\/\/crime-passionnel.com\/products\/\"},{\"@type\":\"ListItem\",\"position\":3,\"name\":\"Mariya\"}]},{\"@type\":\"WebSite\",\"@id\":\"https:\/\/crime-passionnel.com\/#website\",\"url\":\"https:\/\/crime-passionnel.com\/\",\"name\":\"Crime Passionnel\",\"description\":\"\",\"publisher\":{\"@id\":\"https:\/\/crime-passionnel.com\/#organization\"},\"potentialAction\":[{\"@type\":\"SearchAction\",\"target\":{\"@type\":\"EntryPoint\",\"urlTemplate\":\"https:\/\/crime-passionnel.com\/?s={search_term_string}\"},\"query-input\":{\"@type\":\"PropertyValueSpecification\",\"valueRequired\":true,\"valueName\":\"search_term_string\"}}],\"inLanguage\":\"da-DK\"},{\"@type\":\"Organization\",\"@id\":\"https:\/\/crime-passionnel.com\/#organization\",\"name\":\"Crime Passionnel\",\"url\":\"https:\/\/crime-passionnel.com\/\",\"logo\":{\"@type\":\"ImageObject\",\"inLanguage\":\"da-DK\",\"@id\":\"https:\/\/crime-passionnel.com\/#\/schema\/logo\/image\/\",\"url\":\"https:\/\/crime-passionnel.com\/wp-content\/uploads\/2021\/07\/logo.png\",\"contentUrl\":\"https:\/\/crime-passionnel.com\/wp-content\/uploads\/2021\/07\/logo.png\",\"width\":128,\"height\":50,\"caption\":\"Crime Passionnel\"},\"image\":{\"@id\":\"https:\/\/crime-passionnel.com\/#\/schema\/logo\/image\/\"},\"sameAs\":[\"https:\/\/www.facebook.com\/crimepassionnel\/\",\"https:\/\/www.instagram.com\/crime.passionnel\/\"]}]}<\/script>\n<!-- \/ Yoast SEO plugin. -->","yoast_head_json":{"title":"Mariya Eau de Parfum by Oman Luxury - Crime Passionnel","description":"A precious handcrafted jewel of a young beautiful Omani woman. Mariya perfume by Oman Luxury is a rich blend of love and glamour.","robots":{"index":"index","follow":"follow","max-snippet":"max-snippet:-1","max-image-preview":"max-image-preview:large","max-video-preview":"max-video-preview:-1"},"canonical":"https:\/\/crime-passionnel.com\/da\/vare\/mariya\/","og_locale":"da_DK","og_type":"article","og_title":"Mariya Eau de Parfum by Oman Luxury - Crime Passionnel","og_description":"A precious handcrafted jewel of a young beautiful Omani woman. Mariya perfume by Oman Luxury is a rich blend of love and glamour.","og_url":"https:\/\/crime-passionnel.com\/da\/vare\/mariya\/","og_site_name":"Crime Passionnel","article_publisher":"https:\/\/www.facebook.com\/crimepassionnel\/","article_modified_time":"2026-03-07T09:41:17+00:00","og_image":[{"width":1459,"height":1920,"url":"https:\/\/crime-passionnel.com\/wp-content\/uploads\/2022\/03\/MARIYA-NEW.jpg","type":"image\/jpeg"}],"twitter_card":"summary_large_image","twitter_misc":{"Estimeret l\u00e6setid":"1 minut"},"schema":{"@context":"https:\/\/schema.org","@graph":[{"@type":"WebPage","@id":"https:\/\/crime-passionnel.com\/product\/mariya\/","url":"https:\/\/crime-passionnel.com\/product\/mariya\/","name":"Mariya Eau de Parfum by Oman Luxury - Crime Passionnel","isPartOf":{"@id":"https:\/\/crime-passionnel.com\/#website"},"primaryImageOfPage":{"@id":"https:\/\/crime-passionnel.com\/product\/mariya\/#primaryimage"},"image":{"@id":"https:\/\/crime-passionnel.com\/product\/mariya\/#primaryimage"},"thumbnailUrl":"https:\/\/crime-passionnel.com\/wp-content\/uploads\/2022\/03\/MARIYA-NEW.jpg","datePublished":"2022-03-16T20:35:19+00:00","dateModified":"2026-03-07T09:41:17+00:00","description":"A precious handcrafted jewel of a young beautiful Omani woman. Mariya perfume by Oman Luxury is a rich blend of love and glamour.","breadcrumb":{"@id":"https:\/\/crime-passionnel.com\/product\/mariya\/#breadcrumb"},"inLanguage":"da-DK","potentialAction":[{"@type":"ReadAction","target":["https:\/\/crime-passionnel.com\/product\/mariya\/"]}]},{"@type":"ImageObject","inLanguage":"da-DK","@id":"https:\/\/crime-passionnel.com\/product\/mariya\/#primaryimage","url":"https:\/\/crime-passionnel.com\/wp-content\/uploads\/2022\/03\/MARIYA-NEW.jpg","contentUrl":"https:\/\/crime-passionnel.com\/wp-content\/uploads\/2022\/03\/MARIYA-NEW.jpg","width":1459,"height":1920,"caption":"Mariya Eau de Parfum"},{"@type":"BreadcrumbList","@id":"https:\/\/crime-passionnel.com\/product\/mariya\/#breadcrumb","itemListElement":[{"@type":"ListItem","position":1,"name":"Home","item":"https:\/\/crime-passionnel.com\/"},{"@type":"ListItem","position":2,"name":"Products","item":"https:\/\/crime-passionnel.com\/products\/"},{"@type":"ListItem","position":3,"name":"Mariya"}]},{"@type":"WebSite","@id":"https:\/\/crime-passionnel.com\/#website","url":"https:\/\/crime-passionnel.com\/","name":"Forbrydelse og lidenskab","description":"","publisher":{"@id":"https:\/\/crime-passionnel.com\/#organization"},"potentialAction":[{"@type":"SearchAction","target":{"@type":"EntryPoint","urlTemplate":"https:\/\/crime-passionnel.com\/?s={search_term_string}"},"query-input":{"@type":"PropertyValueSpecification","valueRequired":true,"valueName":"search_term_string"}}],"inLanguage":"da-DK"},{"@type":"Organization","@id":"https:\/\/crime-passionnel.com\/#organization","name":"Forbrydelse og lidenskab","url":"https:\/\/crime-passionnel.com\/","logo":{"@type":"ImageObject","inLanguage":"da-DK","@id":"https:\/\/crime-passionnel.com\/#\/schema\/logo\/image\/","url":"https:\/\/crime-passionnel.com\/wp-content\/uploads\/2021\/07\/logo.png","contentUrl":"https:\/\/crime-passionnel.com\/wp-content\/uploads\/2021\/07\/logo.png","width":128,"height":50,"caption":"Crime Passionnel"},"image":{"@id":"https:\/\/crime-passionnel.com\/#\/schema\/logo\/image\/"},"sameAs":["https:\/\/www.facebook.com\/crimepassionnel\/","https:\/\/www.instagram.com\/crime.passionnel\/"]}]}},"_links":{"self":[{"href":"https:\/\/crime-passionnel.com\/da\/wp-json\/wp\/v2\/product\/4586","targetHints":{"allow":["GET"]}}],"collection":[{"href":"https:\/\/crime-passionnel.com\/da\/wp-json\/wp\/v2\/product"}],"about":[{"href":"https:\/\/crime-passionnel.com\/da\/wp-json\/wp\/v2\/types\/product"}],"wp:featuredmedia":[{"embeddable":true,"href":"https:\/\/crime-passionnel.com\/da\/wp-json\/wp\/v2\/media\/4582"}],"wp:attachment":[{"href":"https:\/\/crime-passionnel.com\/da\/wp-json\/wp\/v2\/media?parent=4586"}],"wp:term":[{"taxonomy":"product_brand","embeddable":true,"href":"https:\/\/crime-passionnel.com\/da\/wp-json\/wp\/v2\/product_brand?post=4586"},{"taxonomy":"product_cat","embeddable":true,"href":"https:\/\/crime-passionnel.com\/da\/wp-json\/wp\/v2\/product_cat?post=4586"},{"taxonomy":"product_tag","embeddable":true,"href":"https:\/\/crime-passionnel.com\/da\/wp-json\/wp\/v2\/product_tag?post=4586"}],"curies":[{"name":"wp","href":"https:\/\/api.w.org\/{rel}","templated":true}]}}