{"id":3574,"date":"2022-02-01T21:51:20","date_gmt":"2022-02-01T21:51:20","guid":{"rendered":"http:\/\/crimepassionnel.nextwebdev.lt\/?post_type=product&#038;p=3574"},"modified":"2026-03-04T19:23:41","modified_gmt":"2026-03-04T19:23:41","slug":"yuzu-fou","status":"publish","type":"product","link":"https:\/\/crime-passionnel.com\/da\/vare\/yuzu-fou\/","title":{"rendered":"Yuzu Fou"},"content":{"rendered":"<p class=\"translation-block\">Moderne og funklende. Yuzu Fou er et hovedspring ud i dybderne af avantgarde, hurtigvoksende Japan. Hvor natur m\u00f8der teknologi, hvor glas og st\u00e5l fungerer side om side med plantev\u00e6gge og h\u00e6ngende haver.\nYuzu Fou \u00e5bner med citrusekstrakter, h\u00f8jkoncentrerede igennem banebrydende teknologier: Yuzu, der er smagen og duften af Japan og kumquat, eller japansk citrontr\u00e6, tilf\u00f8jer sine bitre noter oph\u00f8jet af bitter appelsin \u2013 renhedens og visdommens frugt.\nMint tilf\u00f8res. Og Verbena, der vokser vildt i Japan og siges at den, med sine metalliske og k\u00f8lige toner, kan hj\u00e6lpe med at berolige stressede og overstimulerede byboere. Cedertr\u00e6 der symboliserer styrke og beslutsomhed. En bambus-note til at styrke den spirituelle rejse og \u00e5ndelige udvikling. Og endelig i den rene og langvarige sillage dukker de honningagtige blomsternoter op fra neroli og hvid musk.<\/p>\n<p>&nbsp;<\/p>\n<p>NGREDIENSER<\/p>\n<p>Noter: Yuzu. Bitter appelsin. Citrontr\u00e6. Mint. Musk. Bambus. Kumquat. Ceder. Neroli. Verbena.<\/p>","protected":false},"excerpt":{"rendered":"<p>Koncentreret citrus cocktail med et iskoldt st\u00e6nk af mint<\/p>","protected":false},"featured_media":4374,"template":"","meta":{"_acf_changed":false},"product_brand":[],"product_cat":[15],"product_tag":[],"class_list":{"0":"post-3574","1":"product","2":"type-product","3":"status-publish","4":"has-post-thumbnail","6":"product_cat-perfumes","7":"pa_brands-parfum-dempire","8":"pa_projection-moderate","9":"pa_sizes-2ml-sample","10":"pa_sizes-50ml","11":"pa_style-fresh","13":"first","14":"instock","15":"taxable","16":"shipping-taxable","17":"purchasable","18":"product-type-variable","19":"add-to-wishlist-before_image"},"acf":[],"yoast_head":"<!-- This site is optimized with the Yoast SEO plugin v27.4 - https:\/\/yoast.com\/product\/yoast-seo-wordpress\/ -->\n<title>Yuzu Fou Eau de Parfum - Crime Passionnel Fragrances Online<\/title>\n<meta name=\"description\" content=\"YUZU FOU perfume opens with the crackling scent of Japanese yuzu, set in a cocktail of concentrated citrus extracts topped off with a splash of mint.\" \/>\n<meta name=\"robots\" content=\"index, follow, max-snippet:-1, max-image-preview:large, max-video-preview:-1\" \/>\n<link rel=\"canonical\" href=\"https:\/\/crime-passionnel.com\/da\/vare\/yuzu-fou\/\" \/>\n<meta property=\"og:locale\" content=\"da_DK\" \/>\n<meta property=\"og:type\" content=\"article\" \/>\n<meta property=\"og:title\" content=\"Yuzu Fou Eau de Parfum - Crime Passionnel Fragrances Online\" \/>\n<meta property=\"og:description\" content=\"YUZU FOU perfume opens with the crackling scent of Japanese yuzu, set in a cocktail of concentrated citrus extracts topped off with a splash of mint.\" \/>\n<meta property=\"og:url\" content=\"https:\/\/crime-passionnel.com\/da\/vare\/yuzu-fou\/\" \/>\n<meta property=\"og:site_name\" content=\"Crime Passionnel\" \/>\n<meta property=\"article:publisher\" content=\"https:\/\/www.facebook.com\/crimepassionnel\/\" \/>\n<meta property=\"article:modified_time\" content=\"2026-03-04T19:23:41+00:00\" \/>\n<meta property=\"og:image\" content=\"https:\/\/crime-passionnel.com\/wp-content\/uploads\/2022\/02\/PE-Yuzu-Fou-50ML.jpg\" \/>\n\t<meta property=\"og:image:width\" content=\"1459\" \/>\n\t<meta property=\"og:image:height\" content=\"1920\" \/>\n\t<meta property=\"og:image:type\" content=\"image\/jpeg\" \/>\n<meta name=\"twitter:card\" content=\"summary_large_image\" \/>\n<meta name=\"twitter:label1\" content=\"Estimeret l\u00e6setid\" \/>\n\t<meta name=\"twitter:data1\" content=\"2 minutter\" \/>\n<script type=\"application\/ld+json\" class=\"yoast-schema-graph\">{\"@context\":\"https:\\\/\\\/schema.org\",\"@graph\":[{\"@type\":\"WebPage\",\"@id\":\"https:\\\/\\\/crime-passionnel.com\\\/product\\\/yuzu-fou\\\/\",\"url\":\"https:\\\/\\\/crime-passionnel.com\\\/product\\\/yuzu-fou\\\/\",\"name\":\"Yuzu Fou Eau de Parfum - Crime Passionnel Fragrances Online\",\"isPartOf\":{\"@id\":\"https:\\\/\\\/crime-passionnel.com\\\/#website\"},\"primaryImageOfPage\":{\"@id\":\"https:\\\/\\\/crime-passionnel.com\\\/product\\\/yuzu-fou\\\/#primaryimage\"},\"image\":{\"@id\":\"https:\\\/\\\/crime-passionnel.com\\\/product\\\/yuzu-fou\\\/#primaryimage\"},\"thumbnailUrl\":\"https:\\\/\\\/crime-passionnel.com\\\/wp-content\\\/uploads\\\/2022\\\/02\\\/PE-Yuzu-Fou-50ML.jpg\",\"datePublished\":\"2022-02-01T21:51:20+00:00\",\"dateModified\":\"2026-03-04T19:23:41+00:00\",\"description\":\"YUZU FOU perfume opens with the crackling scent of Japanese yuzu, set in a cocktail of concentrated citrus extracts topped off with a splash of mint.\",\"breadcrumb\":{\"@id\":\"https:\\\/\\\/crime-passionnel.com\\\/product\\\/yuzu-fou\\\/#breadcrumb\"},\"inLanguage\":\"da-DK\",\"potentialAction\":[{\"@type\":\"ReadAction\",\"target\":[\"https:\\\/\\\/crime-passionnel.com\\\/product\\\/yuzu-fou\\\/\"]}]},{\"@type\":\"ImageObject\",\"inLanguage\":\"da-DK\",\"@id\":\"https:\\\/\\\/crime-passionnel.com\\\/product\\\/yuzu-fou\\\/#primaryimage\",\"url\":\"https:\\\/\\\/crime-passionnel.com\\\/wp-content\\\/uploads\\\/2022\\\/02\\\/PE-Yuzu-Fou-50ML.jpg\",\"contentUrl\":\"https:\\\/\\\/crime-passionnel.com\\\/wp-content\\\/uploads\\\/2022\\\/02\\\/PE-Yuzu-Fou-50ML.jpg\",\"width\":1459,\"height\":1920,\"caption\":\"Yuzu Fou Eau de Parfum\"},{\"@type\":\"BreadcrumbList\",\"@id\":\"https:\\\/\\\/crime-passionnel.com\\\/product\\\/yuzu-fou\\\/#breadcrumb\",\"itemListElement\":[{\"@type\":\"ListItem\",\"position\":1,\"name\":\"Home\",\"item\":\"https:\\\/\\\/crime-passionnel.com\\\/\"},{\"@type\":\"ListItem\",\"position\":2,\"name\":\"Products\",\"item\":\"https:\\\/\\\/crime-passionnel.com\\\/products\\\/\"},{\"@type\":\"ListItem\",\"position\":3,\"name\":\"Yuzu Fou\"}]},{\"@type\":\"WebSite\",\"@id\":\"https:\\\/\\\/crime-passionnel.com\\\/#website\",\"url\":\"https:\\\/\\\/crime-passionnel.com\\\/\",\"name\":\"Crime Passionnel\",\"description\":\"\",\"publisher\":{\"@id\":\"https:\\\/\\\/crime-passionnel.com\\\/#organization\"},\"potentialAction\":[{\"@type\":\"SearchAction\",\"target\":{\"@type\":\"EntryPoint\",\"urlTemplate\":\"https:\\\/\\\/crime-passionnel.com\\\/?s={search_term_string}\"},\"query-input\":{\"@type\":\"PropertyValueSpecification\",\"valueRequired\":true,\"valueName\":\"search_term_string\"}}],\"inLanguage\":\"da-DK\"},{\"@type\":\"Organization\",\"@id\":\"https:\\\/\\\/crime-passionnel.com\\\/#organization\",\"name\":\"Crime Passionnel\",\"url\":\"https:\\\/\\\/crime-passionnel.com\\\/\",\"logo\":{\"@type\":\"ImageObject\",\"inLanguage\":\"da-DK\",\"@id\":\"https:\\\/\\\/crime-passionnel.com\\\/#\\\/schema\\\/logo\\\/image\\\/\",\"url\":\"https:\\\/\\\/crime-passionnel.com\\\/wp-content\\\/uploads\\\/2021\\\/07\\\/logo.png\",\"contentUrl\":\"https:\\\/\\\/crime-passionnel.com\\\/wp-content\\\/uploads\\\/2021\\\/07\\\/logo.png\",\"width\":128,\"height\":50,\"caption\":\"Crime Passionnel\"},\"image\":{\"@id\":\"https:\\\/\\\/crime-passionnel.com\\\/#\\\/schema\\\/logo\\\/image\\\/\"},\"sameAs\":[\"https:\\\/\\\/www.facebook.com\\\/crimepassionnel\\\/\",\"https:\\\/\\\/www.instagram.com\\\/crime.passionnel\\\/\"]}]}<\/script>\n<!-- \/ Yoast SEO plugin. -->","yoast_head_json":{"title":"Yuzu Fou Eau de Parfum - Crime Passionnel Fragrances Online","description":"YUZU FOU perfume opens with the crackling scent of Japanese yuzu, set in a cocktail of concentrated citrus extracts topped off with a splash of mint.","robots":{"index":"index","follow":"follow","max-snippet":"max-snippet:-1","max-image-preview":"max-image-preview:large","max-video-preview":"max-video-preview:-1"},"canonical":"https:\/\/crime-passionnel.com\/da\/vare\/yuzu-fou\/","og_locale":"da_DK","og_type":"article","og_title":"Yuzu Fou Eau de Parfum - Crime Passionnel Fragrances Online","og_description":"YUZU FOU perfume opens with the crackling scent of Japanese yuzu, set in a cocktail of concentrated citrus extracts topped off with a splash of mint.","og_url":"https:\/\/crime-passionnel.com\/da\/vare\/yuzu-fou\/","og_site_name":"Crime Passionnel","article_publisher":"https:\/\/www.facebook.com\/crimepassionnel\/","article_modified_time":"2026-03-04T19:23:41+00:00","og_image":[{"width":1459,"height":1920,"url":"https:\/\/crime-passionnel.com\/wp-content\/uploads\/2022\/02\/PE-Yuzu-Fou-50ML.jpg","type":"image\/jpeg"}],"twitter_card":"summary_large_image","twitter_misc":{"Estimeret l\u00e6setid":"2 minutter"},"schema":{"@context":"https:\/\/schema.org","@graph":[{"@type":"WebPage","@id":"https:\/\/crime-passionnel.com\/product\/yuzu-fou\/","url":"https:\/\/crime-passionnel.com\/product\/yuzu-fou\/","name":"Yuzu Fou Eau de Parfum - Crime Passionnel Fragrances Online","isPartOf":{"@id":"https:\/\/crime-passionnel.com\/#website"},"primaryImageOfPage":{"@id":"https:\/\/crime-passionnel.com\/product\/yuzu-fou\/#primaryimage"},"image":{"@id":"https:\/\/crime-passionnel.com\/product\/yuzu-fou\/#primaryimage"},"thumbnailUrl":"https:\/\/crime-passionnel.com\/wp-content\/uploads\/2022\/02\/PE-Yuzu-Fou-50ML.jpg","datePublished":"2022-02-01T21:51:20+00:00","dateModified":"2026-03-04T19:23:41+00:00","description":"YUZU FOU perfume opens with the crackling scent of Japanese yuzu, set in a cocktail of concentrated citrus extracts topped off with a splash of mint.","breadcrumb":{"@id":"https:\/\/crime-passionnel.com\/product\/yuzu-fou\/#breadcrumb"},"inLanguage":"da-DK","potentialAction":[{"@type":"ReadAction","target":["https:\/\/crime-passionnel.com\/product\/yuzu-fou\/"]}]},{"@type":"ImageObject","inLanguage":"da-DK","@id":"https:\/\/crime-passionnel.com\/product\/yuzu-fou\/#primaryimage","url":"https:\/\/crime-passionnel.com\/wp-content\/uploads\/2022\/02\/PE-Yuzu-Fou-50ML.jpg","contentUrl":"https:\/\/crime-passionnel.com\/wp-content\/uploads\/2022\/02\/PE-Yuzu-Fou-50ML.jpg","width":1459,"height":1920,"caption":"Yuzu Fou Eau de Parfum"},{"@type":"BreadcrumbList","@id":"https:\/\/crime-passionnel.com\/product\/yuzu-fou\/#breadcrumb","itemListElement":[{"@type":"ListItem","position":1,"name":"Home","item":"https:\/\/crime-passionnel.com\/"},{"@type":"ListItem","position":2,"name":"Products","item":"https:\/\/crime-passionnel.com\/products\/"},{"@type":"ListItem","position":3,"name":"Yuzu Fou"}]},{"@type":"WebSite","@id":"https:\/\/crime-passionnel.com\/#website","url":"https:\/\/crime-passionnel.com\/","name":"Forbrydelse og lidenskab","description":"","publisher":{"@id":"https:\/\/crime-passionnel.com\/#organization"},"potentialAction":[{"@type":"SearchAction","target":{"@type":"EntryPoint","urlTemplate":"https:\/\/crime-passionnel.com\/?s={search_term_string}"},"query-input":{"@type":"PropertyValueSpecification","valueRequired":true,"valueName":"search_term_string"}}],"inLanguage":"da-DK"},{"@type":"Organization","@id":"https:\/\/crime-passionnel.com\/#organization","name":"Forbrydelse og lidenskab","url":"https:\/\/crime-passionnel.com\/","logo":{"@type":"ImageObject","inLanguage":"da-DK","@id":"https:\/\/crime-passionnel.com\/#\/schema\/logo\/image\/","url":"https:\/\/crime-passionnel.com\/wp-content\/uploads\/2021\/07\/logo.png","contentUrl":"https:\/\/crime-passionnel.com\/wp-content\/uploads\/2021\/07\/logo.png","width":128,"height":50,"caption":"Crime Passionnel"},"image":{"@id":"https:\/\/crime-passionnel.com\/#\/schema\/logo\/image\/"},"sameAs":["https:\/\/www.facebook.com\/crimepassionnel\/","https:\/\/www.instagram.com\/crime.passionnel\/"]}]}},"_links":{"self":[{"href":"https:\/\/crime-passionnel.com\/da\/wp-json\/wp\/v2\/product\/3574","targetHints":{"allow":["GET"]}}],"collection":[{"href":"https:\/\/crime-passionnel.com\/da\/wp-json\/wp\/v2\/product"}],"about":[{"href":"https:\/\/crime-passionnel.com\/da\/wp-json\/wp\/v2\/types\/product"}],"wp:featuredmedia":[{"embeddable":true,"href":"https:\/\/crime-passionnel.com\/da\/wp-json\/wp\/v2\/media\/4374"}],"wp:attachment":[{"href":"https:\/\/crime-passionnel.com\/da\/wp-json\/wp\/v2\/media?parent=3574"}],"wp:term":[{"taxonomy":"product_brand","embeddable":true,"href":"https:\/\/crime-passionnel.com\/da\/wp-json\/wp\/v2\/product_brand?post=3574"},{"taxonomy":"product_cat","embeddable":true,"href":"https:\/\/crime-passionnel.com\/da\/wp-json\/wp\/v2\/product_cat?post=3574"},{"taxonomy":"product_tag","embeddable":true,"href":"https:\/\/crime-passionnel.com\/da\/wp-json\/wp\/v2\/product_tag?post=3574"}],"curies":[{"name":"wp","href":"https:\/\/api.w.org\/{rel}","templated":true}]}}