{"id":3570,"date":"2022-02-01T21:23:30","date_gmt":"2022-02-01T21:23:30","guid":{"rendered":"http:\/\/crimepassionnel.nextwebdev.lt\/?post_type=product&#038;p=3570"},"modified":"2026-04-01T15:42:50","modified_gmt":"2026-04-01T15:42:50","slug":"wazamba","status":"publish","type":"product","link":"https:\/\/crime-passionnel.com\/da\/vare\/wazamba\/","title":{"rendered":"Wazamba"},"content":{"rendered":"<p>Denne intense, kraftfulde duft begynder at udfolde sine mysterier med en sv\u00e6vende note af r\u00f8gelse, kompositionens hovedakse, underst\u00f8ttet af aldehyder. Siden oldtiden er denne \u00e6dle harpiks fra Sabas land blevet ofret til guderne, som lever af dens duft, en sublimering af jordisk stof til ren sk\u00f8nhed ... WAZAMBA har sit navn fra et musikinstrument, en type sistrum, der bruges i vestafrikanske ritualer. Ligesom de dybe, fyldige lyde af slagt\u00f8j giver genlyd under afrikanske indvielsesceremonier, giver denne mystiske duft genlyd af de berusende, harpiksagtige noter af myrra, opoponax og r\u00f8gelse.<br \/>\nWAZAMBA tager os derefter dybt ind i hjertet af skovene, hvor indviede tr\u00e6kker sig tilbage p\u00e5 en rejse til selvopdagelse... Cypres, som araberne v\u00e6rdsatte h\u00f8jt og mente var tr\u00e6et for indre alkymi, v\u00e6ver sine gr\u00f8nne, jordagtige noter ind i duften. Sandeltr\u00e6 indhyller den i cremethed og leder tankerne hen p\u00e5 Indien, hvor r\u00f8gen menes at rense \u00e5nden og fremme meditation.<br \/>\nWAZAMBAs langvarige duft blander lakridsaccenter fra myrra, den varme frugtagtighed fra granbalsamabsolut og den forbudte frugtnote fra \u00e6ble, der smelter sammen med br\u00e6ndt cistus labdanum.<\/p>\n<p>&nbsp;<\/p>\n<p>NGREDIENSER<\/p>\n<p>Noter: omali r\u00f8gelse, kenyansk myrra, etiopisk opoponax, indisk sandeltr\u00e6, marokkansk cypres, aldehyder, labdanum, \u00e6ble, bregne<\/p>","protected":false},"excerpt":{"rendered":"<p>Den tr\u00e6agtige, harpiksagtige duft af hellige ritualer overtrukket med \u00e6ble<\/p>","protected":false},"featured_media":4375,"template":"","meta":{"_acf_changed":false},"product_brand":[],"product_cat":[15],"product_tag":[],"class_list":{"0":"post-3570","1":"product","2":"type-product","3":"status-publish","4":"has-post-thumbnail","6":"product_cat-perfumes","7":"pa_brands-parfum-dempire","8":"pa_projection-moderate","9":"pa_sizes-2ml-sample","10":"pa_sizes-50ml","11":"pa_style-oriental","12":"pa_style-woody","14":"first","15":"instock","16":"taxable","17":"shipping-taxable","18":"purchasable","19":"product-type-variable","20":"add-to-wishlist-before_image"},"acf":[],"yoast_head":"<!-- This site is optimized with the Yoast SEO plugin v27.1.1 - https:\/\/yoast.com\/product\/yoast-seo-wordpress\/ -->\n<title>Wazamba Eau de Parfum - Crime Passionnel Fragrances Online<\/title>\n<meta name=\"description\" content=\"In WAZAMBA perfume, the precious resins and woods burned in the sacred rituals of many different cultures are brought together.\" \/>\n<meta name=\"robots\" content=\"index, follow, max-snippet:-1, max-image-preview:large, max-video-preview:-1\" \/>\n<link rel=\"canonical\" href=\"https:\/\/crime-passionnel.com\/da\/vare\/wazamba\/\" \/>\n<meta property=\"og:locale\" content=\"da_DK\" \/>\n<meta property=\"og:type\" content=\"article\" \/>\n<meta property=\"og:title\" content=\"Wazamba Eau de Parfum - Crime Passionnel Fragrances Online\" \/>\n<meta property=\"og:description\" content=\"In WAZAMBA perfume, the precious resins and woods burned in the sacred rituals of many different cultures are brought together.\" \/>\n<meta property=\"og:url\" content=\"https:\/\/crime-passionnel.com\/da\/vare\/wazamba\/\" \/>\n<meta property=\"og:site_name\" content=\"Crime Passionnel\" \/>\n<meta property=\"article:publisher\" content=\"https:\/\/www.facebook.com\/crimepassionnel\/\" \/>\n<meta property=\"article:modified_time\" content=\"2026-04-01T15:42:50+00:00\" \/>\n<meta property=\"og:image\" content=\"https:\/\/crime-passionnel.com\/wp-content\/uploads\/2022\/02\/PE-Wazamba-50ML.jpg\" \/>\n\t<meta property=\"og:image:width\" content=\"1459\" \/>\n\t<meta property=\"og:image:height\" content=\"1920\" \/>\n\t<meta property=\"og:image:type\" content=\"image\/jpeg\" \/>\n<meta name=\"twitter:card\" content=\"summary_large_image\" \/>\n<meta name=\"twitter:label1\" content=\"Estimeret l\u00e6setid\" \/>\n\t<meta name=\"twitter:data1\" content=\"1 minut\" \/>\n<script type=\"application\/ld+json\" class=\"yoast-schema-graph\">{\"@context\":\"https:\/\/schema.org\",\"@graph\":[{\"@type\":\"WebPage\",\"@id\":\"https:\/\/crime-passionnel.com\/product\/wazamba\/\",\"url\":\"https:\/\/crime-passionnel.com\/product\/wazamba\/\",\"name\":\"Wazamba Eau de Parfum - Crime Passionnel Fragrances Online\",\"isPartOf\":{\"@id\":\"https:\/\/crime-passionnel.com\/#website\"},\"primaryImageOfPage\":{\"@id\":\"https:\/\/crime-passionnel.com\/product\/wazamba\/#primaryimage\"},\"image\":{\"@id\":\"https:\/\/crime-passionnel.com\/product\/wazamba\/#primaryimage\"},\"thumbnailUrl\":\"https:\/\/crime-passionnel.com\/wp-content\/uploads\/2022\/02\/PE-Wazamba-50ML.jpg\",\"datePublished\":\"2022-02-01T21:23:30+00:00\",\"dateModified\":\"2026-04-01T15:42:50+00:00\",\"description\":\"In WAZAMBA perfume, the precious resins and woods burned in the sacred rituals of many different cultures are brought together.\",\"breadcrumb\":{\"@id\":\"https:\/\/crime-passionnel.com\/product\/wazamba\/#breadcrumb\"},\"inLanguage\":\"da-DK\",\"potentialAction\":[{\"@type\":\"ReadAction\",\"target\":[\"https:\/\/crime-passionnel.com\/product\/wazamba\/\"]}]},{\"@type\":\"ImageObject\",\"inLanguage\":\"da-DK\",\"@id\":\"https:\/\/crime-passionnel.com\/product\/wazamba\/#primaryimage\",\"url\":\"https:\/\/crime-passionnel.com\/wp-content\/uploads\/2022\/02\/PE-Wazamba-50ML.jpg\",\"contentUrl\":\"https:\/\/crime-passionnel.com\/wp-content\/uploads\/2022\/02\/PE-Wazamba-50ML.jpg\",\"width\":1459,\"height\":1920,\"caption\":\"Wazamba Eau de Parfum\"},{\"@type\":\"BreadcrumbList\",\"@id\":\"https:\/\/crime-passionnel.com\/product\/wazamba\/#breadcrumb\",\"itemListElement\":[{\"@type\":\"ListItem\",\"position\":1,\"name\":\"Home\",\"item\":\"https:\/\/crime-passionnel.com\/\"},{\"@type\":\"ListItem\",\"position\":2,\"name\":\"Products\",\"item\":\"https:\/\/crime-passionnel.com\/products\/\"},{\"@type\":\"ListItem\",\"position\":3,\"name\":\"Wazamba\"}]},{\"@type\":\"WebSite\",\"@id\":\"https:\/\/crime-passionnel.com\/#website\",\"url\":\"https:\/\/crime-passionnel.com\/\",\"name\":\"Crime Passionnel\",\"description\":\"\",\"publisher\":{\"@id\":\"https:\/\/crime-passionnel.com\/#organization\"},\"potentialAction\":[{\"@type\":\"SearchAction\",\"target\":{\"@type\":\"EntryPoint\",\"urlTemplate\":\"https:\/\/crime-passionnel.com\/?s={search_term_string}\"},\"query-input\":{\"@type\":\"PropertyValueSpecification\",\"valueRequired\":true,\"valueName\":\"search_term_string\"}}],\"inLanguage\":\"da-DK\"},{\"@type\":\"Organization\",\"@id\":\"https:\/\/crime-passionnel.com\/#organization\",\"name\":\"Crime Passionnel\",\"url\":\"https:\/\/crime-passionnel.com\/\",\"logo\":{\"@type\":\"ImageObject\",\"inLanguage\":\"da-DK\",\"@id\":\"https:\/\/crime-passionnel.com\/#\/schema\/logo\/image\/\",\"url\":\"https:\/\/crime-passionnel.com\/wp-content\/uploads\/2021\/07\/logo.png\",\"contentUrl\":\"https:\/\/crime-passionnel.com\/wp-content\/uploads\/2021\/07\/logo.png\",\"width\":128,\"height\":50,\"caption\":\"Crime Passionnel\"},\"image\":{\"@id\":\"https:\/\/crime-passionnel.com\/#\/schema\/logo\/image\/\"},\"sameAs\":[\"https:\/\/www.facebook.com\/crimepassionnel\/\",\"https:\/\/www.instagram.com\/crime.passionnel\/\"]}]}<\/script>\n<!-- \/ Yoast SEO plugin. -->","yoast_head_json":{"title":"Wazamba Eau de Parfum - Crime Passionnel Fragrances Online","description":"In WAZAMBA perfume, the precious resins and woods burned in the sacred rituals of many different cultures are brought together.","robots":{"index":"index","follow":"follow","max-snippet":"max-snippet:-1","max-image-preview":"max-image-preview:large","max-video-preview":"max-video-preview:-1"},"canonical":"https:\/\/crime-passionnel.com\/da\/vare\/wazamba\/","og_locale":"da_DK","og_type":"article","og_title":"Wazamba Eau de Parfum - Crime Passionnel Fragrances Online","og_description":"In WAZAMBA perfume, the precious resins and woods burned in the sacred rituals of many different cultures are brought together.","og_url":"https:\/\/crime-passionnel.com\/da\/vare\/wazamba\/","og_site_name":"Crime Passionnel","article_publisher":"https:\/\/www.facebook.com\/crimepassionnel\/","article_modified_time":"2026-04-01T15:42:50+00:00","og_image":[{"width":1459,"height":1920,"url":"https:\/\/crime-passionnel.com\/wp-content\/uploads\/2022\/02\/PE-Wazamba-50ML.jpg","type":"image\/jpeg"}],"twitter_card":"summary_large_image","twitter_misc":{"Estimeret l\u00e6setid":"1 minut"},"schema":{"@context":"https:\/\/schema.org","@graph":[{"@type":"WebPage","@id":"https:\/\/crime-passionnel.com\/product\/wazamba\/","url":"https:\/\/crime-passionnel.com\/product\/wazamba\/","name":"Wazamba Eau de Parfum - Crime Passionnel Fragrances Online","isPartOf":{"@id":"https:\/\/crime-passionnel.com\/#website"},"primaryImageOfPage":{"@id":"https:\/\/crime-passionnel.com\/product\/wazamba\/#primaryimage"},"image":{"@id":"https:\/\/crime-passionnel.com\/product\/wazamba\/#primaryimage"},"thumbnailUrl":"https:\/\/crime-passionnel.com\/wp-content\/uploads\/2022\/02\/PE-Wazamba-50ML.jpg","datePublished":"2022-02-01T21:23:30+00:00","dateModified":"2026-04-01T15:42:50+00:00","description":"In WAZAMBA perfume, the precious resins and woods burned in the sacred rituals of many different cultures are brought together.","breadcrumb":{"@id":"https:\/\/crime-passionnel.com\/product\/wazamba\/#breadcrumb"},"inLanguage":"da-DK","potentialAction":[{"@type":"ReadAction","target":["https:\/\/crime-passionnel.com\/product\/wazamba\/"]}]},{"@type":"ImageObject","inLanguage":"da-DK","@id":"https:\/\/crime-passionnel.com\/product\/wazamba\/#primaryimage","url":"https:\/\/crime-passionnel.com\/wp-content\/uploads\/2022\/02\/PE-Wazamba-50ML.jpg","contentUrl":"https:\/\/crime-passionnel.com\/wp-content\/uploads\/2022\/02\/PE-Wazamba-50ML.jpg","width":1459,"height":1920,"caption":"Wazamba Eau de Parfum"},{"@type":"BreadcrumbList","@id":"https:\/\/crime-passionnel.com\/product\/wazamba\/#breadcrumb","itemListElement":[{"@type":"ListItem","position":1,"name":"Home","item":"https:\/\/crime-passionnel.com\/"},{"@type":"ListItem","position":2,"name":"Products","item":"https:\/\/crime-passionnel.com\/products\/"},{"@type":"ListItem","position":3,"name":"Wazamba"}]},{"@type":"WebSite","@id":"https:\/\/crime-passionnel.com\/#website","url":"https:\/\/crime-passionnel.com\/","name":"Forbrydelse og lidenskab","description":"","publisher":{"@id":"https:\/\/crime-passionnel.com\/#organization"},"potentialAction":[{"@type":"SearchAction","target":{"@type":"EntryPoint","urlTemplate":"https:\/\/crime-passionnel.com\/?s={search_term_string}"},"query-input":{"@type":"PropertyValueSpecification","valueRequired":true,"valueName":"search_term_string"}}],"inLanguage":"da-DK"},{"@type":"Organization","@id":"https:\/\/crime-passionnel.com\/#organization","name":"Forbrydelse og lidenskab","url":"https:\/\/crime-passionnel.com\/","logo":{"@type":"ImageObject","inLanguage":"da-DK","@id":"https:\/\/crime-passionnel.com\/#\/schema\/logo\/image\/","url":"https:\/\/crime-passionnel.com\/wp-content\/uploads\/2021\/07\/logo.png","contentUrl":"https:\/\/crime-passionnel.com\/wp-content\/uploads\/2021\/07\/logo.png","width":128,"height":50,"caption":"Crime Passionnel"},"image":{"@id":"https:\/\/crime-passionnel.com\/#\/schema\/logo\/image\/"},"sameAs":["https:\/\/www.facebook.com\/crimepassionnel\/","https:\/\/www.instagram.com\/crime.passionnel\/"]}]}},"_links":{"self":[{"href":"https:\/\/crime-passionnel.com\/da\/wp-json\/wp\/v2\/product\/3570","targetHints":{"allow":["GET"]}}],"collection":[{"href":"https:\/\/crime-passionnel.com\/da\/wp-json\/wp\/v2\/product"}],"about":[{"href":"https:\/\/crime-passionnel.com\/da\/wp-json\/wp\/v2\/types\/product"}],"wp:featuredmedia":[{"embeddable":true,"href":"https:\/\/crime-passionnel.com\/da\/wp-json\/wp\/v2\/media\/4375"}],"wp:attachment":[{"href":"https:\/\/crime-passionnel.com\/da\/wp-json\/wp\/v2\/media?parent=3570"}],"wp:term":[{"taxonomy":"product_brand","embeddable":true,"href":"https:\/\/crime-passionnel.com\/da\/wp-json\/wp\/v2\/product_brand?post=3570"},{"taxonomy":"product_cat","embeddable":true,"href":"https:\/\/crime-passionnel.com\/da\/wp-json\/wp\/v2\/product_cat?post=3570"},{"taxonomy":"product_tag","embeddable":true,"href":"https:\/\/crime-passionnel.com\/da\/wp-json\/wp\/v2\/product_tag?post=3570"}],"curies":[{"name":"wp","href":"https:\/\/api.w.org\/{rel}","templated":true}]}}