{"id":3566,"date":"2022-02-01T21:17:47","date_gmt":"2022-02-01T21:17:47","guid":{"rendered":"http:\/\/crimepassionnel.nextwebdev.lt\/?post_type=product&#038;p=3566"},"modified":"2026-04-24T13:10:31","modified_gmt":"2026-04-24T13:10:31","slug":"tabac-tabou","status":"publish","type":"product","link":"https:\/\/crime-passionnel.com\/da\/vare\/tabac-tabou\/","title":{"rendered":"Tabac Tabou"},"content":{"rendered":"<p>Hellig r\u00f8g<\/p>\n<p class=\"translation-block\">Hellig r\u00f8g, ant\u00e6ndt af immortelle. Tobak vikler sine gyldne blade rundt om en opl\u00f8ftende buket af narcisser. Et pust fra pr\u00e6rien \u2013 honning, varm hud, vilde gr\u00e6sser. En hyldest til en plante der var hellig for Amerikas oprindelige befolkning. \nEt link, afstedkommet af ild, mellem mennesker og guder, himmel og jord.<\/p>\n<p>Shamanistisk og gennemtr\u00e6ngende.<\/p>\n<p>&nbsp;<\/p>\n<p>NGREDIENSER<\/p>\n<p>Noter: Immortelle. Tobak. Narcis. Honning. Vildt gr\u00e6s. H\u00f8.<\/p>","protected":false},"excerpt":{"rendered":"<p>FIFI Awards France \u2013 bedste niche parfume 2016<\/p>","protected":false},"featured_media":4376,"template":"","meta":{"_acf_changed":false},"product_brand":[],"product_cat":[15],"product_tag":[],"class_list":{"0":"post-3566","1":"product","2":"type-product","3":"status-publish","4":"has-post-thumbnail","6":"product_cat-perfumes","7":"pa_brands-parfum-dempire","8":"pa_projection-moderate","9":"pa_sizes-2ml-sample","10":"pa_sizes-50ml","11":"pa_style-oriental","12":"pa_style-sweet","14":"first","15":"instock","16":"taxable","17":"shipping-taxable","18":"purchasable","19":"product-type-variable","20":"add-to-wishlist-before_image"},"acf":[],"yoast_head":"<!-- This site is optimized with the Yoast SEO plugin v27.4 - https:\/\/yoast.com\/product\/yoast-seo-wordpress\/ -->\n<title>Tabac Tabou Extrait de Parfum - Crime Passionnel<\/title>\n<meta name=\"description\" content=\"A perfume for the initiated, Tabac Tabou is also a perfume for the rarity of certain ingredients. A whiff of the savanna, honey, heated skin, wild grass.\" \/>\n<meta name=\"robots\" content=\"index, follow, max-snippet:-1, max-image-preview:large, max-video-preview:-1\" \/>\n<link rel=\"canonical\" href=\"https:\/\/crime-passionnel.com\/da\/vare\/tabac-tabou\/\" \/>\n<meta property=\"og:locale\" content=\"da_DK\" \/>\n<meta property=\"og:type\" content=\"article\" \/>\n<meta property=\"og:title\" content=\"Tabac Tabou Extrait de Parfum - Crime Passionnel\" \/>\n<meta property=\"og:description\" content=\"A perfume for the initiated, Tabac Tabou is also a perfume for the rarity of certain ingredients. A whiff of the savanna, honey, heated skin, wild grass.\" \/>\n<meta property=\"og:url\" content=\"https:\/\/crime-passionnel.com\/da\/vare\/tabac-tabou\/\" \/>\n<meta property=\"og:site_name\" content=\"Crime Passionnel\" \/>\n<meta property=\"article:publisher\" content=\"https:\/\/www.facebook.com\/crimepassionnel\/\" \/>\n<meta property=\"article:modified_time\" content=\"2026-04-24T13:10:31+00:00\" \/>\n<meta property=\"og:image\" content=\"https:\/\/crime-passionnel.com\/wp-content\/uploads\/2022\/02\/PE-Tabac-Tabou-50ML.jpg\" \/>\n\t<meta property=\"og:image:width\" content=\"1459\" \/>\n\t<meta property=\"og:image:height\" content=\"1920\" \/>\n\t<meta property=\"og:image:type\" content=\"image\/jpeg\" \/>\n<meta name=\"twitter:card\" content=\"summary_large_image\" \/>\n<meta name=\"twitter:label1\" content=\"Estimeret l\u00e6setid\" \/>\n\t<meta name=\"twitter:data1\" content=\"1 minut\" \/>\n<script type=\"application\/ld+json\" class=\"yoast-schema-graph\">{\"@context\":\"https:\\\/\\\/schema.org\",\"@graph\":[{\"@type\":\"WebPage\",\"@id\":\"https:\\\/\\\/crime-passionnel.com\\\/product\\\/tabac-tabou\\\/\",\"url\":\"https:\\\/\\\/crime-passionnel.com\\\/product\\\/tabac-tabou\\\/\",\"name\":\"Tabac Tabou Extrait de Parfum - Crime Passionnel\",\"isPartOf\":{\"@id\":\"https:\\\/\\\/crime-passionnel.com\\\/#website\"},\"primaryImageOfPage\":{\"@id\":\"https:\\\/\\\/crime-passionnel.com\\\/product\\\/tabac-tabou\\\/#primaryimage\"},\"image\":{\"@id\":\"https:\\\/\\\/crime-passionnel.com\\\/product\\\/tabac-tabou\\\/#primaryimage\"},\"thumbnailUrl\":\"https:\\\/\\\/crime-passionnel.com\\\/wp-content\\\/uploads\\\/2022\\\/02\\\/PE-Tabac-Tabou-50ML.jpg\",\"datePublished\":\"2022-02-01T21:17:47+00:00\",\"dateModified\":\"2026-04-24T13:10:31+00:00\",\"description\":\"A perfume for the initiated, Tabac Tabou is also a perfume for the rarity of certain ingredients. A whiff of the savanna, honey, heated skin, wild grass.\",\"breadcrumb\":{\"@id\":\"https:\\\/\\\/crime-passionnel.com\\\/product\\\/tabac-tabou\\\/#breadcrumb\"},\"inLanguage\":\"da-DK\",\"potentialAction\":[{\"@type\":\"ReadAction\",\"target\":[\"https:\\\/\\\/crime-passionnel.com\\\/product\\\/tabac-tabou\\\/\"]}]},{\"@type\":\"ImageObject\",\"inLanguage\":\"da-DK\",\"@id\":\"https:\\\/\\\/crime-passionnel.com\\\/product\\\/tabac-tabou\\\/#primaryimage\",\"url\":\"https:\\\/\\\/crime-passionnel.com\\\/wp-content\\\/uploads\\\/2022\\\/02\\\/PE-Tabac-Tabou-50ML.jpg\",\"contentUrl\":\"https:\\\/\\\/crime-passionnel.com\\\/wp-content\\\/uploads\\\/2022\\\/02\\\/PE-Tabac-Tabou-50ML.jpg\",\"width\":1459,\"height\":1920,\"caption\":\"Tabac Tabou Extrait de Parfum\"},{\"@type\":\"BreadcrumbList\",\"@id\":\"https:\\\/\\\/crime-passionnel.com\\\/product\\\/tabac-tabou\\\/#breadcrumb\",\"itemListElement\":[{\"@type\":\"ListItem\",\"position\":1,\"name\":\"Home\",\"item\":\"https:\\\/\\\/crime-passionnel.com\\\/\"},{\"@type\":\"ListItem\",\"position\":2,\"name\":\"Products\",\"item\":\"https:\\\/\\\/crime-passionnel.com\\\/products\\\/\"},{\"@type\":\"ListItem\",\"position\":3,\"name\":\"Tabac Tabou\"}]},{\"@type\":\"WebSite\",\"@id\":\"https:\\\/\\\/crime-passionnel.com\\\/#website\",\"url\":\"https:\\\/\\\/crime-passionnel.com\\\/\",\"name\":\"Crime Passionnel\",\"description\":\"\",\"publisher\":{\"@id\":\"https:\\\/\\\/crime-passionnel.com\\\/#organization\"},\"potentialAction\":[{\"@type\":\"SearchAction\",\"target\":{\"@type\":\"EntryPoint\",\"urlTemplate\":\"https:\\\/\\\/crime-passionnel.com\\\/?s={search_term_string}\"},\"query-input\":{\"@type\":\"PropertyValueSpecification\",\"valueRequired\":true,\"valueName\":\"search_term_string\"}}],\"inLanguage\":\"da-DK\"},{\"@type\":\"Organization\",\"@id\":\"https:\\\/\\\/crime-passionnel.com\\\/#organization\",\"name\":\"Crime Passionnel\",\"url\":\"https:\\\/\\\/crime-passionnel.com\\\/\",\"logo\":{\"@type\":\"ImageObject\",\"inLanguage\":\"da-DK\",\"@id\":\"https:\\\/\\\/crime-passionnel.com\\\/#\\\/schema\\\/logo\\\/image\\\/\",\"url\":\"https:\\\/\\\/crime-passionnel.com\\\/wp-content\\\/uploads\\\/2021\\\/07\\\/logo.png\",\"contentUrl\":\"https:\\\/\\\/crime-passionnel.com\\\/wp-content\\\/uploads\\\/2021\\\/07\\\/logo.png\",\"width\":128,\"height\":50,\"caption\":\"Crime Passionnel\"},\"image\":{\"@id\":\"https:\\\/\\\/crime-passionnel.com\\\/#\\\/schema\\\/logo\\\/image\\\/\"},\"sameAs\":[\"https:\\\/\\\/www.facebook.com\\\/crimepassionnel\\\/\",\"https:\\\/\\\/www.instagram.com\\\/crime.passionnel\\\/\"]}]}<\/script>\n<!-- \/ Yoast SEO plugin. -->","yoast_head_json":{"title":"Tabac Tabou Extrait de Parfum - Crime Passionnel","description":"A perfume for the initiated, Tabac Tabou is also a perfume for the rarity of certain ingredients. A whiff of the savanna, honey, heated skin, wild grass.","robots":{"index":"index","follow":"follow","max-snippet":"max-snippet:-1","max-image-preview":"max-image-preview:large","max-video-preview":"max-video-preview:-1"},"canonical":"https:\/\/crime-passionnel.com\/da\/vare\/tabac-tabou\/","og_locale":"da_DK","og_type":"article","og_title":"Tabac Tabou Extrait de Parfum - Crime Passionnel","og_description":"A perfume for the initiated, Tabac Tabou is also a perfume for the rarity of certain ingredients. A whiff of the savanna, honey, heated skin, wild grass.","og_url":"https:\/\/crime-passionnel.com\/da\/vare\/tabac-tabou\/","og_site_name":"Crime Passionnel","article_publisher":"https:\/\/www.facebook.com\/crimepassionnel\/","article_modified_time":"2026-04-24T13:10:31+00:00","og_image":[{"width":1459,"height":1920,"url":"https:\/\/crime-passionnel.com\/wp-content\/uploads\/2022\/02\/PE-Tabac-Tabou-50ML.jpg","type":"image\/jpeg"}],"twitter_card":"summary_large_image","twitter_misc":{"Estimeret l\u00e6setid":"1 minut"},"schema":{"@context":"https:\/\/schema.org","@graph":[{"@type":"WebPage","@id":"https:\/\/crime-passionnel.com\/product\/tabac-tabou\/","url":"https:\/\/crime-passionnel.com\/product\/tabac-tabou\/","name":"Tabac Tabou Extrait de Parfum - Crime Passionnel","isPartOf":{"@id":"https:\/\/crime-passionnel.com\/#website"},"primaryImageOfPage":{"@id":"https:\/\/crime-passionnel.com\/product\/tabac-tabou\/#primaryimage"},"image":{"@id":"https:\/\/crime-passionnel.com\/product\/tabac-tabou\/#primaryimage"},"thumbnailUrl":"https:\/\/crime-passionnel.com\/wp-content\/uploads\/2022\/02\/PE-Tabac-Tabou-50ML.jpg","datePublished":"2022-02-01T21:17:47+00:00","dateModified":"2026-04-24T13:10:31+00:00","description":"A perfume for the initiated, Tabac Tabou is also a perfume for the rarity of certain ingredients. A whiff of the savanna, honey, heated skin, wild grass.","breadcrumb":{"@id":"https:\/\/crime-passionnel.com\/product\/tabac-tabou\/#breadcrumb"},"inLanguage":"da-DK","potentialAction":[{"@type":"ReadAction","target":["https:\/\/crime-passionnel.com\/product\/tabac-tabou\/"]}]},{"@type":"ImageObject","inLanguage":"da-DK","@id":"https:\/\/crime-passionnel.com\/product\/tabac-tabou\/#primaryimage","url":"https:\/\/crime-passionnel.com\/wp-content\/uploads\/2022\/02\/PE-Tabac-Tabou-50ML.jpg","contentUrl":"https:\/\/crime-passionnel.com\/wp-content\/uploads\/2022\/02\/PE-Tabac-Tabou-50ML.jpg","width":1459,"height":1920,"caption":"Tabac Tabou Extrait de Parfum"},{"@type":"BreadcrumbList","@id":"https:\/\/crime-passionnel.com\/product\/tabac-tabou\/#breadcrumb","itemListElement":[{"@type":"ListItem","position":1,"name":"Home","item":"https:\/\/crime-passionnel.com\/"},{"@type":"ListItem","position":2,"name":"Products","item":"https:\/\/crime-passionnel.com\/products\/"},{"@type":"ListItem","position":3,"name":"Tabac Tabou"}]},{"@type":"WebSite","@id":"https:\/\/crime-passionnel.com\/#website","url":"https:\/\/crime-passionnel.com\/","name":"Forbrydelse og lidenskab","description":"","publisher":{"@id":"https:\/\/crime-passionnel.com\/#organization"},"potentialAction":[{"@type":"SearchAction","target":{"@type":"EntryPoint","urlTemplate":"https:\/\/crime-passionnel.com\/?s={search_term_string}"},"query-input":{"@type":"PropertyValueSpecification","valueRequired":true,"valueName":"search_term_string"}}],"inLanguage":"da-DK"},{"@type":"Organization","@id":"https:\/\/crime-passionnel.com\/#organization","name":"Forbrydelse og lidenskab","url":"https:\/\/crime-passionnel.com\/","logo":{"@type":"ImageObject","inLanguage":"da-DK","@id":"https:\/\/crime-passionnel.com\/#\/schema\/logo\/image\/","url":"https:\/\/crime-passionnel.com\/wp-content\/uploads\/2021\/07\/logo.png","contentUrl":"https:\/\/crime-passionnel.com\/wp-content\/uploads\/2021\/07\/logo.png","width":128,"height":50,"caption":"Crime Passionnel"},"image":{"@id":"https:\/\/crime-passionnel.com\/#\/schema\/logo\/image\/"},"sameAs":["https:\/\/www.facebook.com\/crimepassionnel\/","https:\/\/www.instagram.com\/crime.passionnel\/"]}]}},"_links":{"self":[{"href":"https:\/\/crime-passionnel.com\/da\/wp-json\/wp\/v2\/product\/3566","targetHints":{"allow":["GET"]}}],"collection":[{"href":"https:\/\/crime-passionnel.com\/da\/wp-json\/wp\/v2\/product"}],"about":[{"href":"https:\/\/crime-passionnel.com\/da\/wp-json\/wp\/v2\/types\/product"}],"wp:featuredmedia":[{"embeddable":true,"href":"https:\/\/crime-passionnel.com\/da\/wp-json\/wp\/v2\/media\/4376"}],"wp:attachment":[{"href":"https:\/\/crime-passionnel.com\/da\/wp-json\/wp\/v2\/media?parent=3566"}],"wp:term":[{"taxonomy":"product_brand","embeddable":true,"href":"https:\/\/crime-passionnel.com\/da\/wp-json\/wp\/v2\/product_brand?post=3566"},{"taxonomy":"product_cat","embeddable":true,"href":"https:\/\/crime-passionnel.com\/da\/wp-json\/wp\/v2\/product_cat?post=3566"},{"taxonomy":"product_tag","embeddable":true,"href":"https:\/\/crime-passionnel.com\/da\/wp-json\/wp\/v2\/product_tag?post=3566"}],"curies":[{"name":"wp","href":"https:\/\/api.w.org\/{rel}","templated":true}]}}