{"id":3562,"date":"2022-02-01T21:10:52","date_gmt":"2022-02-01T21:10:52","guid":{"rendered":"http:\/\/crimepassionnel.nextwebdev.lt\/?post_type=product&#038;p=3562"},"modified":"2024-12-15T19:33:09","modified_gmt":"2024-12-15T19:33:09","slug":"osmanthus-interdite","status":"publish","type":"product","link":"https:\/\/crime-passionnel.com\/da\/vare\/osmanthus-interdite\/","title":{"rendered":"Osmanthus Interdite"},"content":{"rendered":"<p class=\"translation-block\">I det gamle Kina var parfume et udtryk for evigt liv, da man mente, at dufte transformerer stof om til energi. Derfor blev dufte et link mellem himlen og jorden. \nOsmanthus, en blomst der indeholder denne gamle filosofi, der n\u00e6gter at skille sj\u00e6len fra kroppen, sp\u00e6nder mellem blomster, frugtige og dyriske facetter\nDenne parfume, en hyldest til mysterierne omkring \u201dDen Forbudte By\u201d, \u00e5bner med gr\u00f8n te og jasmin sambac, en perfekte parring med osmanthus. S\u00e5 kommer en ruskindsnote, for at give duften fl\u00f8jlsbl\u00f8dhed, imens rosenolie fremh\u00e6ver de frugtige noter.\nEn duft der bliver en smag, der springer fra en sans til en anden, og fortryller hud om til en forbuden frugt, der skal nydes varsomt.<\/p>\n<p>INGREDIENSER<\/p>\n<p>Noter: Osmanthus. Gr\u00f8n te. Abrikos. L\u00e6der. Rose. Musk.<\/p>","protected":false},"excerpt":{"rendered":"<p>Kinas visdom<\/p>","protected":false},"featured_media":4405,"template":"","meta":{"_acf_changed":false},"product_brand":[],"product_cat":[15],"product_tag":[],"class_list":{"0":"post-3562","1":"product","2":"type-product","3":"status-publish","4":"has-post-thumbnail","6":"product_cat-perfumes","7":"pa_brands-parfum-dempire","8":"pa_projection-moderate","9":"pa_sizes-100ml","10":"pa_sizes-2ml-sample","11":"pa_style-floral","12":"pa_style-sweet","14":"first","15":"instock","16":"taxable","17":"shipping-taxable","18":"purchasable","19":"product-type-variable","20":"add-to-wishlist-before_image"},"acf":[],"yoast_head":"<!-- This site is optimized with the Yoast SEO plugin v27.4 - https:\/\/yoast.com\/product\/yoast-seo-wordpress\/ -->\n<title>Osmanthus Interdite Eau de Parfum - Crime Passionnel<\/title>\n<meta name=\"description\" content=\"Osmanthus Interdite fragrance becomes flavour, crossing over from one sense to another to turn skin into a forbidden fruit\u2026 to be savoured wisely.\" \/>\n<meta name=\"robots\" content=\"index, follow, max-snippet:-1, max-image-preview:large, max-video-preview:-1\" \/>\n<link rel=\"canonical\" href=\"https:\/\/crime-passionnel.com\/da\/vare\/osmanthus-interdite\/\" \/>\n<meta property=\"og:locale\" content=\"da_DK\" \/>\n<meta property=\"og:type\" content=\"article\" \/>\n<meta property=\"og:title\" content=\"Osmanthus Interdite Eau de Parfum - Crime Passionnel\" \/>\n<meta property=\"og:description\" content=\"Osmanthus Interdite fragrance becomes flavour, crossing over from one sense to another to turn skin into a forbidden fruit\u2026 to be savoured wisely.\" \/>\n<meta property=\"og:url\" content=\"https:\/\/crime-passionnel.com\/da\/vare\/osmanthus-interdite\/\" \/>\n<meta property=\"og:site_name\" content=\"Crime Passionnel\" \/>\n<meta property=\"article:publisher\" content=\"https:\/\/www.facebook.com\/crimepassionnel\/\" \/>\n<meta property=\"article:modified_time\" content=\"2024-12-15T19:33:09+00:00\" \/>\n<meta property=\"og:image\" content=\"https:\/\/crime-passionnel.com\/wp-content\/uploads\/2022\/02\/OSMANTHUS-.jpg\" \/>\n\t<meta property=\"og:image:width\" content=\"1459\" \/>\n\t<meta property=\"og:image:height\" content=\"1920\" \/>\n\t<meta property=\"og:image:type\" content=\"image\/jpeg\" \/>\n<meta name=\"twitter:card\" content=\"summary_large_image\" \/>\n<meta name=\"twitter:label1\" content=\"Estimeret l\u00e6setid\" \/>\n\t<meta name=\"twitter:data1\" content=\"1 minut\" \/>\n<script type=\"application\/ld+json\" class=\"yoast-schema-graph\">{\"@context\":\"https:\\\/\\\/schema.org\",\"@graph\":[{\"@type\":\"WebPage\",\"@id\":\"https:\\\/\\\/crime-passionnel.com\\\/product\\\/osmanthus-interdite\\\/\",\"url\":\"https:\\\/\\\/crime-passionnel.com\\\/product\\\/osmanthus-interdite\\\/\",\"name\":\"Osmanthus Interdite Eau de Parfum - Crime Passionnel\",\"isPartOf\":{\"@id\":\"https:\\\/\\\/crime-passionnel.com\\\/#website\"},\"primaryImageOfPage\":{\"@id\":\"https:\\\/\\\/crime-passionnel.com\\\/product\\\/osmanthus-interdite\\\/#primaryimage\"},\"image\":{\"@id\":\"https:\\\/\\\/crime-passionnel.com\\\/product\\\/osmanthus-interdite\\\/#primaryimage\"},\"thumbnailUrl\":\"https:\\\/\\\/crime-passionnel.com\\\/wp-content\\\/uploads\\\/2022\\\/02\\\/OSMANTHUS-.jpg\",\"datePublished\":\"2022-02-01T21:10:52+00:00\",\"dateModified\":\"2024-12-15T19:33:09+00:00\",\"description\":\"Osmanthus Interdite fragrance becomes flavour, crossing over from one sense to another to turn skin into a forbidden fruit\u2026 to be savoured wisely.\",\"breadcrumb\":{\"@id\":\"https:\\\/\\\/crime-passionnel.com\\\/product\\\/osmanthus-interdite\\\/#breadcrumb\"},\"inLanguage\":\"da-DK\",\"potentialAction\":[{\"@type\":\"ReadAction\",\"target\":[\"https:\\\/\\\/crime-passionnel.com\\\/product\\\/osmanthus-interdite\\\/\"]}]},{\"@type\":\"ImageObject\",\"inLanguage\":\"da-DK\",\"@id\":\"https:\\\/\\\/crime-passionnel.com\\\/product\\\/osmanthus-interdite\\\/#primaryimage\",\"url\":\"https:\\\/\\\/crime-passionnel.com\\\/wp-content\\\/uploads\\\/2022\\\/02\\\/OSMANTHUS-.jpg\",\"contentUrl\":\"https:\\\/\\\/crime-passionnel.com\\\/wp-content\\\/uploads\\\/2022\\\/02\\\/OSMANTHUS-.jpg\",\"width\":1459,\"height\":1920,\"caption\":\"Osmanthus Interdite Perfume\"},{\"@type\":\"BreadcrumbList\",\"@id\":\"https:\\\/\\\/crime-passionnel.com\\\/product\\\/osmanthus-interdite\\\/#breadcrumb\",\"itemListElement\":[{\"@type\":\"ListItem\",\"position\":1,\"name\":\"Home\",\"item\":\"https:\\\/\\\/crime-passionnel.com\\\/\"},{\"@type\":\"ListItem\",\"position\":2,\"name\":\"Products\",\"item\":\"https:\\\/\\\/crime-passionnel.com\\\/products\\\/\"},{\"@type\":\"ListItem\",\"position\":3,\"name\":\"Osmanthus Interdite\"}]},{\"@type\":\"WebSite\",\"@id\":\"https:\\\/\\\/crime-passionnel.com\\\/#website\",\"url\":\"https:\\\/\\\/crime-passionnel.com\\\/\",\"name\":\"Crime Passionnel\",\"description\":\"\",\"publisher\":{\"@id\":\"https:\\\/\\\/crime-passionnel.com\\\/#organization\"},\"potentialAction\":[{\"@type\":\"SearchAction\",\"target\":{\"@type\":\"EntryPoint\",\"urlTemplate\":\"https:\\\/\\\/crime-passionnel.com\\\/?s={search_term_string}\"},\"query-input\":{\"@type\":\"PropertyValueSpecification\",\"valueRequired\":true,\"valueName\":\"search_term_string\"}}],\"inLanguage\":\"da-DK\"},{\"@type\":\"Organization\",\"@id\":\"https:\\\/\\\/crime-passionnel.com\\\/#organization\",\"name\":\"Crime Passionnel\",\"url\":\"https:\\\/\\\/crime-passionnel.com\\\/\",\"logo\":{\"@type\":\"ImageObject\",\"inLanguage\":\"da-DK\",\"@id\":\"https:\\\/\\\/crime-passionnel.com\\\/#\\\/schema\\\/logo\\\/image\\\/\",\"url\":\"https:\\\/\\\/crime-passionnel.com\\\/wp-content\\\/uploads\\\/2021\\\/07\\\/logo.png\",\"contentUrl\":\"https:\\\/\\\/crime-passionnel.com\\\/wp-content\\\/uploads\\\/2021\\\/07\\\/logo.png\",\"width\":128,\"height\":50,\"caption\":\"Crime Passionnel\"},\"image\":{\"@id\":\"https:\\\/\\\/crime-passionnel.com\\\/#\\\/schema\\\/logo\\\/image\\\/\"},\"sameAs\":[\"https:\\\/\\\/www.facebook.com\\\/crimepassionnel\\\/\",\"https:\\\/\\\/www.instagram.com\\\/crime.passionnel\\\/\"]}]}<\/script>\n<!-- \/ Yoast SEO plugin. -->","yoast_head_json":{"title":"Osmanthus Interdite Eau de Parfum - Crime Passionnel","description":"Osmanthus Interdite fragrance becomes flavour, crossing over from one sense to another to turn skin into a forbidden fruit\u2026 to be savoured wisely.","robots":{"index":"index","follow":"follow","max-snippet":"max-snippet:-1","max-image-preview":"max-image-preview:large","max-video-preview":"max-video-preview:-1"},"canonical":"https:\/\/crime-passionnel.com\/da\/vare\/osmanthus-interdite\/","og_locale":"da_DK","og_type":"article","og_title":"Osmanthus Interdite Eau de Parfum - Crime Passionnel","og_description":"Osmanthus Interdite fragrance becomes flavour, crossing over from one sense to another to turn skin into a forbidden fruit\u2026 to be savoured wisely.","og_url":"https:\/\/crime-passionnel.com\/da\/vare\/osmanthus-interdite\/","og_site_name":"Crime Passionnel","article_publisher":"https:\/\/www.facebook.com\/crimepassionnel\/","article_modified_time":"2024-12-15T19:33:09+00:00","og_image":[{"width":1459,"height":1920,"url":"https:\/\/crime-passionnel.com\/wp-content\/uploads\/2022\/02\/OSMANTHUS-.jpg","type":"image\/jpeg"}],"twitter_card":"summary_large_image","twitter_misc":{"Estimeret l\u00e6setid":"1 minut"},"schema":{"@context":"https:\/\/schema.org","@graph":[{"@type":"WebPage","@id":"https:\/\/crime-passionnel.com\/product\/osmanthus-interdite\/","url":"https:\/\/crime-passionnel.com\/product\/osmanthus-interdite\/","name":"Osmanthus Interdite Eau de Parfum - Crime Passionnel","isPartOf":{"@id":"https:\/\/crime-passionnel.com\/#website"},"primaryImageOfPage":{"@id":"https:\/\/crime-passionnel.com\/product\/osmanthus-interdite\/#primaryimage"},"image":{"@id":"https:\/\/crime-passionnel.com\/product\/osmanthus-interdite\/#primaryimage"},"thumbnailUrl":"https:\/\/crime-passionnel.com\/wp-content\/uploads\/2022\/02\/OSMANTHUS-.jpg","datePublished":"2022-02-01T21:10:52+00:00","dateModified":"2024-12-15T19:33:09+00:00","description":"Osmanthus Interdite fragrance becomes flavour, crossing over from one sense to another to turn skin into a forbidden fruit\u2026 to be savoured wisely.","breadcrumb":{"@id":"https:\/\/crime-passionnel.com\/product\/osmanthus-interdite\/#breadcrumb"},"inLanguage":"da-DK","potentialAction":[{"@type":"ReadAction","target":["https:\/\/crime-passionnel.com\/product\/osmanthus-interdite\/"]}]},{"@type":"ImageObject","inLanguage":"da-DK","@id":"https:\/\/crime-passionnel.com\/product\/osmanthus-interdite\/#primaryimage","url":"https:\/\/crime-passionnel.com\/wp-content\/uploads\/2022\/02\/OSMANTHUS-.jpg","contentUrl":"https:\/\/crime-passionnel.com\/wp-content\/uploads\/2022\/02\/OSMANTHUS-.jpg","width":1459,"height":1920,"caption":"Osmanthus Interdite Perfume"},{"@type":"BreadcrumbList","@id":"https:\/\/crime-passionnel.com\/product\/osmanthus-interdite\/#breadcrumb","itemListElement":[{"@type":"ListItem","position":1,"name":"Home","item":"https:\/\/crime-passionnel.com\/"},{"@type":"ListItem","position":2,"name":"Products","item":"https:\/\/crime-passionnel.com\/products\/"},{"@type":"ListItem","position":3,"name":"Osmanthus Interdite"}]},{"@type":"WebSite","@id":"https:\/\/crime-passionnel.com\/#website","url":"https:\/\/crime-passionnel.com\/","name":"Forbrydelse og lidenskab","description":"","publisher":{"@id":"https:\/\/crime-passionnel.com\/#organization"},"potentialAction":[{"@type":"SearchAction","target":{"@type":"EntryPoint","urlTemplate":"https:\/\/crime-passionnel.com\/?s={search_term_string}"},"query-input":{"@type":"PropertyValueSpecification","valueRequired":true,"valueName":"search_term_string"}}],"inLanguage":"da-DK"},{"@type":"Organization","@id":"https:\/\/crime-passionnel.com\/#organization","name":"Forbrydelse og lidenskab","url":"https:\/\/crime-passionnel.com\/","logo":{"@type":"ImageObject","inLanguage":"da-DK","@id":"https:\/\/crime-passionnel.com\/#\/schema\/logo\/image\/","url":"https:\/\/crime-passionnel.com\/wp-content\/uploads\/2021\/07\/logo.png","contentUrl":"https:\/\/crime-passionnel.com\/wp-content\/uploads\/2021\/07\/logo.png","width":128,"height":50,"caption":"Crime Passionnel"},"image":{"@id":"https:\/\/crime-passionnel.com\/#\/schema\/logo\/image\/"},"sameAs":["https:\/\/www.facebook.com\/crimepassionnel\/","https:\/\/www.instagram.com\/crime.passionnel\/"]}]}},"_links":{"self":[{"href":"https:\/\/crime-passionnel.com\/da\/wp-json\/wp\/v2\/product\/3562","targetHints":{"allow":["GET"]}}],"collection":[{"href":"https:\/\/crime-passionnel.com\/da\/wp-json\/wp\/v2\/product"}],"about":[{"href":"https:\/\/crime-passionnel.com\/da\/wp-json\/wp\/v2\/types\/product"}],"wp:featuredmedia":[{"embeddable":true,"href":"https:\/\/crime-passionnel.com\/da\/wp-json\/wp\/v2\/media\/4405"}],"wp:attachment":[{"href":"https:\/\/crime-passionnel.com\/da\/wp-json\/wp\/v2\/media?parent=3562"}],"wp:term":[{"taxonomy":"product_brand","embeddable":true,"href":"https:\/\/crime-passionnel.com\/da\/wp-json\/wp\/v2\/product_brand?post=3562"},{"taxonomy":"product_cat","embeddable":true,"href":"https:\/\/crime-passionnel.com\/da\/wp-json\/wp\/v2\/product_cat?post=3562"},{"taxonomy":"product_tag","embeddable":true,"href":"https:\/\/crime-passionnel.com\/da\/wp-json\/wp\/v2\/product_tag?post=3562"}],"curies":[{"name":"wp","href":"https:\/\/api.w.org\/{rel}","templated":true}]}}