{"id":3549,"date":"2022-01-31T23:06:25","date_gmt":"2022-01-31T23:06:25","guid":{"rendered":"http:\/\/crimepassionnel.nextwebdev.lt\/?post_type=product&#038;p=3549"},"modified":"2024-09-28T23:14:13","modified_gmt":"2024-09-28T23:14:13","slug":"equistrius","status":"publish","type":"product","link":"https:\/\/crime-passionnel.com\/da\/vare\/equistrius\/","title":{"rendered":"Equistrius"},"content":{"rendered":"<p>Det er som en hyldest til den \u201cskinnende hest\u201d, der gav ham hans st\u00f8rste sejre, at Marc-Antoine Corticchiato, en konkurrencerytter, gav navnet EQUISTRIUS til den \u00e6dleste parfume i sin kollektion, bygget op omkring de \u00e6dleste r\u00e5materialer og inspireret af menneskehedens \u00e6dleste erobring...<br \/>\nDuften af iris er lige s\u00e5 overd\u00e5dig som ren\u00e6ssancens Firenze, der gjorde blomsten til sit emblem, og lige s\u00e5 spraglet som regnbuen, der siges at b\u00e6re Iris, de gr\u00e6ske guders budbringer. Dens statelige og fredfyldte duft udvindes ikke fra blomsten, men fra roden, og den skal lagres i flere \u00e5r, f\u00f8r den udvikler sig.<br \/>\nLige siden det gamle Rom har iris beriget parfumeurernes palet, men ogs\u00e5 apotekernes, som brugte den p\u00e5 grund af dens beroligende egenskaber; i det 18. \u00e5rhundrede pudrede aristokrater deres parykker med den - deraf dens opfattelse som en \u201cpudderagtig\u201d note.<br \/>\nEQUISTRIUS spiller p\u00e5 kontrasten mellem de pudrede og de mere barske sider af iris. Frugtagtig, moskusagtig ambrette-sm\u00f8r, m\u00e6lkeagtigt sandeltr\u00e6 og varmt rav f\u00e5r den til at smelte ind i huden. Den overraskende chokoladenote fra et ekstraordin\u00e6rt irisekstrakt afsl\u00f8rer den hemmelige sanselighed i denne elegante og strenge duft...<\/p>\n<p>&nbsp;<\/p>\n<p>NGREDIENSER<\/p>\n<p>Noter: Iris, viol, chokolade, l\u00e6der, ambrette, sandeltr\u00e6, ambergris, moskus<\/p>","protected":false},"excerpt":{"rendered":"<p>Ikke mindre end tre forskellige udtr\u00e6k af florentinsk iris<\/p>","protected":false},"featured_media":4407,"template":"","meta":{"_acf_changed":false},"product_brand":[],"product_cat":[15],"product_tag":[],"class_list":{"0":"post-3549","1":"product","2":"type-product","3":"status-publish","4":"has-post-thumbnail","6":"product_cat-perfumes","7":"pa_brands-parfum-dempire","8":"pa_projection-intimate-closer-to-skin","9":"pa_sizes-2ml-sample","10":"pa_sizes-100ml","11":"pa_style-floral","13":"first","14":"instock","15":"taxable","16":"shipping-taxable","17":"purchasable","18":"product-type-variable","19":"add-to-wishlist-before_image"},"acf":[],"yoast_head":"<!-- This site is optimized with the Yoast SEO plugin v27.1.1 - https:\/\/yoast.com\/product\/yoast-seo-wordpress\/ -->\n<title>Equistrius Eau de Parfum - Crime Passionnel Parfume Online<\/title>\n<meta name=\"description\" content=\"In EQUISTRIUS perfume, no less than three different extracts of Florentine iris were used to express all of its facets: violet, powder, suede\" \/>\n<meta name=\"robots\" content=\"index, follow, max-snippet:-1, max-image-preview:large, max-video-preview:-1\" \/>\n<link rel=\"canonical\" href=\"https:\/\/crime-passionnel.com\/da\/vare\/equistrius\/\" \/>\n<meta property=\"og:locale\" content=\"da_DK\" \/>\n<meta property=\"og:type\" content=\"article\" \/>\n<meta property=\"og:title\" content=\"Equistrius Eau de Parfum - Crime Passionnel Parfume Online\" \/>\n<meta property=\"og:description\" content=\"In EQUISTRIUS perfume, no less than three different extracts of Florentine iris were used to express all of its facets: violet, powder, suede\" \/>\n<meta property=\"og:url\" content=\"https:\/\/crime-passionnel.com\/da\/vare\/equistrius\/\" \/>\n<meta property=\"og:site_name\" content=\"Crime Passionnel\" \/>\n<meta property=\"article:publisher\" content=\"https:\/\/www.facebook.com\/crimepassionnel\/\" \/>\n<meta property=\"article:modified_time\" content=\"2024-09-28T23:14:13+00:00\" \/>\n<meta property=\"og:image\" content=\"https:\/\/crime-passionnel.com\/wp-content\/uploads\/2022\/01\/EQUISTRIUS.jpg\" \/>\n\t<meta property=\"og:image:width\" content=\"1459\" \/>\n\t<meta property=\"og:image:height\" content=\"1920\" \/>\n\t<meta property=\"og:image:type\" content=\"image\/jpeg\" \/>\n<meta name=\"twitter:card\" content=\"summary_large_image\" \/>\n<meta name=\"twitter:label1\" content=\"Estimeret l\u00e6setid\" \/>\n\t<meta name=\"twitter:data1\" content=\"1 minut\" \/>\n<script type=\"application\/ld+json\" class=\"yoast-schema-graph\">{\"@context\":\"https:\/\/schema.org\",\"@graph\":[{\"@type\":\"WebPage\",\"@id\":\"https:\/\/crime-passionnel.com\/product\/equistrius\/\",\"url\":\"https:\/\/crime-passionnel.com\/product\/equistrius\/\",\"name\":\"Equistrius Eau de Parfum - Crime Passionnel Parfume Online\",\"isPartOf\":{\"@id\":\"https:\/\/crime-passionnel.com\/#website\"},\"primaryImageOfPage\":{\"@id\":\"https:\/\/crime-passionnel.com\/product\/equistrius\/#primaryimage\"},\"image\":{\"@id\":\"https:\/\/crime-passionnel.com\/product\/equistrius\/#primaryimage\"},\"thumbnailUrl\":\"https:\/\/crime-passionnel.com\/wp-content\/uploads\/2022\/01\/EQUISTRIUS.jpg\",\"datePublished\":\"2022-01-31T23:06:25+00:00\",\"dateModified\":\"2024-09-28T23:14:13+00:00\",\"description\":\"In EQUISTRIUS perfume, no less than three different extracts of Florentine iris were used to express all of its facets: violet, powder, suede\",\"breadcrumb\":{\"@id\":\"https:\/\/crime-passionnel.com\/product\/equistrius\/#breadcrumb\"},\"inLanguage\":\"da-DK\",\"potentialAction\":[{\"@type\":\"ReadAction\",\"target\":[\"https:\/\/crime-passionnel.com\/product\/equistrius\/\"]}]},{\"@type\":\"ImageObject\",\"inLanguage\":\"da-DK\",\"@id\":\"https:\/\/crime-passionnel.com\/product\/equistrius\/#primaryimage\",\"url\":\"https:\/\/crime-passionnel.com\/wp-content\/uploads\/2022\/01\/EQUISTRIUS.jpg\",\"contentUrl\":\"https:\/\/crime-passionnel.com\/wp-content\/uploads\/2022\/01\/EQUISTRIUS.jpg\",\"width\":1459,\"height\":1920,\"caption\":\"Equistrius Eau de Parfum\"},{\"@type\":\"BreadcrumbList\",\"@id\":\"https:\/\/crime-passionnel.com\/product\/equistrius\/#breadcrumb\",\"itemListElement\":[{\"@type\":\"ListItem\",\"position\":1,\"name\":\"Home\",\"item\":\"https:\/\/crime-passionnel.com\/\"},{\"@type\":\"ListItem\",\"position\":2,\"name\":\"Products\",\"item\":\"https:\/\/crime-passionnel.com\/products\/\"},{\"@type\":\"ListItem\",\"position\":3,\"name\":\"Equistrius\"}]},{\"@type\":\"WebSite\",\"@id\":\"https:\/\/crime-passionnel.com\/#website\",\"url\":\"https:\/\/crime-passionnel.com\/\",\"name\":\"Crime Passionnel\",\"description\":\"\",\"publisher\":{\"@id\":\"https:\/\/crime-passionnel.com\/#organization\"},\"potentialAction\":[{\"@type\":\"SearchAction\",\"target\":{\"@type\":\"EntryPoint\",\"urlTemplate\":\"https:\/\/crime-passionnel.com\/?s={search_term_string}\"},\"query-input\":{\"@type\":\"PropertyValueSpecification\",\"valueRequired\":true,\"valueName\":\"search_term_string\"}}],\"inLanguage\":\"da-DK\"},{\"@type\":\"Organization\",\"@id\":\"https:\/\/crime-passionnel.com\/#organization\",\"name\":\"Crime Passionnel\",\"url\":\"https:\/\/crime-passionnel.com\/\",\"logo\":{\"@type\":\"ImageObject\",\"inLanguage\":\"da-DK\",\"@id\":\"https:\/\/crime-passionnel.com\/#\/schema\/logo\/image\/\",\"url\":\"https:\/\/crime-passionnel.com\/wp-content\/uploads\/2021\/07\/logo.png\",\"contentUrl\":\"https:\/\/crime-passionnel.com\/wp-content\/uploads\/2021\/07\/logo.png\",\"width\":128,\"height\":50,\"caption\":\"Crime Passionnel\"},\"image\":{\"@id\":\"https:\/\/crime-passionnel.com\/#\/schema\/logo\/image\/\"},\"sameAs\":[\"https:\/\/www.facebook.com\/crimepassionnel\/\",\"https:\/\/www.instagram.com\/crime.passionnel\/\"]}]}<\/script>\n<!-- \/ Yoast SEO plugin. -->","yoast_head_json":{"title":"Equistrius Eau de Parfum - Crime Passionnel Parfume Online","description":"In EQUISTRIUS perfume, no less than three different extracts of Florentine iris were used to express all of its facets: violet, powder, suede","robots":{"index":"index","follow":"follow","max-snippet":"max-snippet:-1","max-image-preview":"max-image-preview:large","max-video-preview":"max-video-preview:-1"},"canonical":"https:\/\/crime-passionnel.com\/da\/vare\/equistrius\/","og_locale":"da_DK","og_type":"article","og_title":"Equistrius Eau de Parfum - Crime Passionnel Parfume Online","og_description":"In EQUISTRIUS perfume, no less than three different extracts of Florentine iris were used to express all of its facets: violet, powder, suede","og_url":"https:\/\/crime-passionnel.com\/da\/vare\/equistrius\/","og_site_name":"Crime Passionnel","article_publisher":"https:\/\/www.facebook.com\/crimepassionnel\/","article_modified_time":"2024-09-28T23:14:13+00:00","og_image":[{"width":1459,"height":1920,"url":"https:\/\/crime-passionnel.com\/wp-content\/uploads\/2022\/01\/EQUISTRIUS.jpg","type":"image\/jpeg"}],"twitter_card":"summary_large_image","twitter_misc":{"Estimeret l\u00e6setid":"1 minut"},"schema":{"@context":"https:\/\/schema.org","@graph":[{"@type":"WebPage","@id":"https:\/\/crime-passionnel.com\/product\/equistrius\/","url":"https:\/\/crime-passionnel.com\/product\/equistrius\/","name":"Equistrius Eau de Parfum - Crime Passionnel Parfume Online","isPartOf":{"@id":"https:\/\/crime-passionnel.com\/#website"},"primaryImageOfPage":{"@id":"https:\/\/crime-passionnel.com\/product\/equistrius\/#primaryimage"},"image":{"@id":"https:\/\/crime-passionnel.com\/product\/equistrius\/#primaryimage"},"thumbnailUrl":"https:\/\/crime-passionnel.com\/wp-content\/uploads\/2022\/01\/EQUISTRIUS.jpg","datePublished":"2022-01-31T23:06:25+00:00","dateModified":"2024-09-28T23:14:13+00:00","description":"In EQUISTRIUS perfume, no less than three different extracts of Florentine iris were used to express all of its facets: violet, powder, suede","breadcrumb":{"@id":"https:\/\/crime-passionnel.com\/product\/equistrius\/#breadcrumb"},"inLanguage":"da-DK","potentialAction":[{"@type":"ReadAction","target":["https:\/\/crime-passionnel.com\/product\/equistrius\/"]}]},{"@type":"ImageObject","inLanguage":"da-DK","@id":"https:\/\/crime-passionnel.com\/product\/equistrius\/#primaryimage","url":"https:\/\/crime-passionnel.com\/wp-content\/uploads\/2022\/01\/EQUISTRIUS.jpg","contentUrl":"https:\/\/crime-passionnel.com\/wp-content\/uploads\/2022\/01\/EQUISTRIUS.jpg","width":1459,"height":1920,"caption":"Equistrius Eau de Parfum"},{"@type":"BreadcrumbList","@id":"https:\/\/crime-passionnel.com\/product\/equistrius\/#breadcrumb","itemListElement":[{"@type":"ListItem","position":1,"name":"Home","item":"https:\/\/crime-passionnel.com\/"},{"@type":"ListItem","position":2,"name":"Products","item":"https:\/\/crime-passionnel.com\/products\/"},{"@type":"ListItem","position":3,"name":"Equistrius"}]},{"@type":"WebSite","@id":"https:\/\/crime-passionnel.com\/#website","url":"https:\/\/crime-passionnel.com\/","name":"Forbrydelse og lidenskab","description":"","publisher":{"@id":"https:\/\/crime-passionnel.com\/#organization"},"potentialAction":[{"@type":"SearchAction","target":{"@type":"EntryPoint","urlTemplate":"https:\/\/crime-passionnel.com\/?s={search_term_string}"},"query-input":{"@type":"PropertyValueSpecification","valueRequired":true,"valueName":"search_term_string"}}],"inLanguage":"da-DK"},{"@type":"Organization","@id":"https:\/\/crime-passionnel.com\/#organization","name":"Forbrydelse og lidenskab","url":"https:\/\/crime-passionnel.com\/","logo":{"@type":"ImageObject","inLanguage":"da-DK","@id":"https:\/\/crime-passionnel.com\/#\/schema\/logo\/image\/","url":"https:\/\/crime-passionnel.com\/wp-content\/uploads\/2021\/07\/logo.png","contentUrl":"https:\/\/crime-passionnel.com\/wp-content\/uploads\/2021\/07\/logo.png","width":128,"height":50,"caption":"Crime Passionnel"},"image":{"@id":"https:\/\/crime-passionnel.com\/#\/schema\/logo\/image\/"},"sameAs":["https:\/\/www.facebook.com\/crimepassionnel\/","https:\/\/www.instagram.com\/crime.passionnel\/"]}]}},"_links":{"self":[{"href":"https:\/\/crime-passionnel.com\/da\/wp-json\/wp\/v2\/product\/3549","targetHints":{"allow":["GET"]}}],"collection":[{"href":"https:\/\/crime-passionnel.com\/da\/wp-json\/wp\/v2\/product"}],"about":[{"href":"https:\/\/crime-passionnel.com\/da\/wp-json\/wp\/v2\/types\/product"}],"wp:featuredmedia":[{"embeddable":true,"href":"https:\/\/crime-passionnel.com\/da\/wp-json\/wp\/v2\/media\/4407"}],"wp:attachment":[{"href":"https:\/\/crime-passionnel.com\/da\/wp-json\/wp\/v2\/media?parent=3549"}],"wp:term":[{"taxonomy":"product_brand","embeddable":true,"href":"https:\/\/crime-passionnel.com\/da\/wp-json\/wp\/v2\/product_brand?post=3549"},{"taxonomy":"product_cat","embeddable":true,"href":"https:\/\/crime-passionnel.com\/da\/wp-json\/wp\/v2\/product_cat?post=3549"},{"taxonomy":"product_tag","embeddable":true,"href":"https:\/\/crime-passionnel.com\/da\/wp-json\/wp\/v2\/product_tag?post=3549"}],"curies":[{"name":"wp","href":"https:\/\/api.w.org\/{rel}","templated":true}]}}