{"id":3545,"date":"2022-01-31T23:00:42","date_gmt":"2022-01-31T23:00:42","guid":{"rendered":"http:\/\/crimepassionnel.nextwebdev.lt\/?post_type=product&#038;p=3545"},"modified":"2026-04-04T12:09:13","modified_gmt":"2026-04-04T12:09:13","slug":"eau-de-gloire","status":"publish","type":"product","link":"https:\/\/crime-passionnel.com\/da\/vare\/eau-de-gloire\/","title":{"rendered":"Eau de Gloire"},"content":{"rendered":"<p>EAU DE GLOIRE tager os med p\u00e5 sporet af en kejserlig sillage i Middelhavet. Det er Marc-Antoine Corticchiatos hyldest til de korsikanere, der forlod deres landsby for at erobre verden, ligesom hans far, der slog sig ned i Marokko for at plante citruslunde, eller deres mest ber\u00f8mte landsmand, Napoleon Bonaparte. EAU DE GLOIRE fremkalder disse glorv\u00e6rdige, tragiske sk\u00e6bner, hvor store og sm\u00e5 imperier opbygges ... og nogle gange g\u00e5r tabt p\u00e5 grund af sk\u00e6bnen.<br \/>\nDet er ikke et billede af deres \u00f8, som korsikanere i eksil b\u00e6rer i deres hjerter og sind, men den levende lugt af maquisen. \"Med lukkede \u00f8jne, i den m\u00f8rkeste nat, hvis jeg ved et mirakel blev transporteret til Korsika, ville jeg straks genkende det p\u00e5 lugten\", skrev en ung studerende p\u00e5 milit\u00e6rakademiet i Brienne, dengang stadig kendt som Buonaparte...<br \/>\nEAU DE GLOIRE \u00e5bner med et forfriskende udbrud af citrus (mandarin og bergamot), forst\u00e6rket med vild lentiscus, myrte og rosmarin og bl\u00f8dgjort af s\u00f8dmefuld neroli. Men meget hurtigt g\u00f8r maquisens varme dufte sig g\u00e6ldende i basenoterne med immortelle, cistus og egemos, blandet med r\u00f8gelsest\u00e5rer.<br \/>\nFor imperiebyggere, der hverken har glemt deres oprindelse eller dem, der blev tilbage ... og som b\u00e6rer deres \u00f8s ud\u00f8delige duft med sig, hvor end de g\u00e5r.<\/p>\n<p>&nbsp;<\/p>\n<p>INGREDIENSER<\/p>\n<p>Noter: Mandarin, bergamot, myrte, rosmarin, neroli, labdanum, egetr\u00e6smos, r\u00f8gelse<\/p>","protected":false},"excerpt":{"rendered":"<p>Mousserende mandarin og bergamot forst\u00e6rket af rosmarin<\/p>","protected":false},"featured_media":4378,"template":"","meta":{"_acf_changed":false},"product_brand":[],"product_cat":[15],"product_tag":[],"class_list":{"0":"post-3545","1":"product","2":"type-product","3":"status-publish","4":"has-post-thumbnail","6":"product_cat-perfumes","7":"pa_brands-parfum-dempire","8":"pa_projection-moderate","9":"pa_sizes-2ml-sample","10":"pa_sizes-50ml","11":"pa_style-fresh","12":"pa_style-woody","14":"first","15":"outofstock","16":"taxable","17":"shipping-taxable","18":"purchasable","19":"product-type-variable","20":"add-to-wishlist-before_image"},"acf":[],"yoast_head":"<!-- This site is optimized with the Yoast SEO plugin v27.1.1 - https:\/\/yoast.com\/product\/yoast-seo-wordpress\/ -->\n<title>Eau de Gloire Eau de Parfum - Crime Passionnel Fragrances Online<\/title>\n<meta name=\"description\" content=\"EAU DE GLOIRE perfume opens with sparkling tangerine and bergamot top notes, enhanced by the bracing aromas of myrtle and rosemary.\" \/>\n<meta name=\"robots\" content=\"index, follow, max-snippet:-1, max-image-preview:large, max-video-preview:-1\" \/>\n<link rel=\"canonical\" href=\"https:\/\/crime-passionnel.com\/da\/vare\/eau-de-gloire\/\" \/>\n<meta property=\"og:locale\" content=\"da_DK\" \/>\n<meta property=\"og:type\" content=\"article\" \/>\n<meta property=\"og:title\" content=\"Eau de Gloire Eau de Parfum - Crime Passionnel Fragrances Online\" \/>\n<meta property=\"og:description\" content=\"EAU DE GLOIRE perfume opens with sparkling tangerine and bergamot top notes, enhanced by the bracing aromas of myrtle and rosemary.\" \/>\n<meta property=\"og:url\" content=\"https:\/\/crime-passionnel.com\/da\/vare\/eau-de-gloire\/\" \/>\n<meta property=\"og:site_name\" content=\"Crime Passionnel\" \/>\n<meta property=\"article:publisher\" content=\"https:\/\/www.facebook.com\/crimepassionnel\/\" \/>\n<meta property=\"article:modified_time\" content=\"2026-04-04T12:09:13+00:00\" \/>\n<meta property=\"og:image\" content=\"https:\/\/crime-passionnel.com\/wp-content\/uploads\/2022\/01\/PE-Eau-de-Gloire-50ML.jpg\" \/>\n\t<meta property=\"og:image:width\" content=\"1459\" \/>\n\t<meta property=\"og:image:height\" content=\"1920\" \/>\n\t<meta property=\"og:image:type\" content=\"image\/jpeg\" \/>\n<meta name=\"twitter:card\" content=\"summary_large_image\" \/>\n<meta name=\"twitter:label1\" content=\"Estimeret l\u00e6setid\" \/>\n\t<meta name=\"twitter:data1\" content=\"1 minut\" \/>\n<script type=\"application\/ld+json\" class=\"yoast-schema-graph\">{\"@context\":\"https:\/\/schema.org\",\"@graph\":[{\"@type\":\"WebPage\",\"@id\":\"https:\/\/crime-passionnel.com\/product\/eau-de-gloire\/\",\"url\":\"https:\/\/crime-passionnel.com\/product\/eau-de-gloire\/\",\"name\":\"Eau de Gloire Eau de Parfum - Crime Passionnel Fragrances Online\",\"isPartOf\":{\"@id\":\"https:\/\/crime-passionnel.com\/#website\"},\"primaryImageOfPage\":{\"@id\":\"https:\/\/crime-passionnel.com\/product\/eau-de-gloire\/#primaryimage\"},\"image\":{\"@id\":\"https:\/\/crime-passionnel.com\/product\/eau-de-gloire\/#primaryimage\"},\"thumbnailUrl\":\"https:\/\/crime-passionnel.com\/wp-content\/uploads\/2022\/01\/PE-Eau-de-Gloire-50ML.jpg\",\"datePublished\":\"2022-01-31T23:00:42+00:00\",\"dateModified\":\"2026-04-04T12:09:13+00:00\",\"description\":\"EAU DE GLOIRE perfume opens with sparkling tangerine and bergamot top notes, enhanced by the bracing aromas of myrtle and rosemary.\",\"breadcrumb\":{\"@id\":\"https:\/\/crime-passionnel.com\/product\/eau-de-gloire\/#breadcrumb\"},\"inLanguage\":\"da-DK\",\"potentialAction\":[{\"@type\":\"ReadAction\",\"target\":[\"https:\/\/crime-passionnel.com\/product\/eau-de-gloire\/\"]}]},{\"@type\":\"ImageObject\",\"inLanguage\":\"da-DK\",\"@id\":\"https:\/\/crime-passionnel.com\/product\/eau-de-gloire\/#primaryimage\",\"url\":\"https:\/\/crime-passionnel.com\/wp-content\/uploads\/2022\/01\/PE-Eau-de-Gloire-50ML.jpg\",\"contentUrl\":\"https:\/\/crime-passionnel.com\/wp-content\/uploads\/2022\/01\/PE-Eau-de-Gloire-50ML.jpg\",\"width\":1459,\"height\":1920,\"caption\":\"Eau de Gloire Eau de Parfum\"},{\"@type\":\"BreadcrumbList\",\"@id\":\"https:\/\/crime-passionnel.com\/product\/eau-de-gloire\/#breadcrumb\",\"itemListElement\":[{\"@type\":\"ListItem\",\"position\":1,\"name\":\"Home\",\"item\":\"https:\/\/crime-passionnel.com\/\"},{\"@type\":\"ListItem\",\"position\":2,\"name\":\"Products\",\"item\":\"https:\/\/crime-passionnel.com\/products\/\"},{\"@type\":\"ListItem\",\"position\":3,\"name\":\"Eau de Gloire\"}]},{\"@type\":\"WebSite\",\"@id\":\"https:\/\/crime-passionnel.com\/#website\",\"url\":\"https:\/\/crime-passionnel.com\/\",\"name\":\"Crime Passionnel\",\"description\":\"\",\"publisher\":{\"@id\":\"https:\/\/crime-passionnel.com\/#organization\"},\"potentialAction\":[{\"@type\":\"SearchAction\",\"target\":{\"@type\":\"EntryPoint\",\"urlTemplate\":\"https:\/\/crime-passionnel.com\/?s={search_term_string}\"},\"query-input\":{\"@type\":\"PropertyValueSpecification\",\"valueRequired\":true,\"valueName\":\"search_term_string\"}}],\"inLanguage\":\"da-DK\"},{\"@type\":\"Organization\",\"@id\":\"https:\/\/crime-passionnel.com\/#organization\",\"name\":\"Crime Passionnel\",\"url\":\"https:\/\/crime-passionnel.com\/\",\"logo\":{\"@type\":\"ImageObject\",\"inLanguage\":\"da-DK\",\"@id\":\"https:\/\/crime-passionnel.com\/#\/schema\/logo\/image\/\",\"url\":\"https:\/\/crime-passionnel.com\/wp-content\/uploads\/2021\/07\/logo.png\",\"contentUrl\":\"https:\/\/crime-passionnel.com\/wp-content\/uploads\/2021\/07\/logo.png\",\"width\":128,\"height\":50,\"caption\":\"Crime Passionnel\"},\"image\":{\"@id\":\"https:\/\/crime-passionnel.com\/#\/schema\/logo\/image\/\"},\"sameAs\":[\"https:\/\/www.facebook.com\/crimepassionnel\/\",\"https:\/\/www.instagram.com\/crime.passionnel\/\"]}]}<\/script>\n<!-- \/ Yoast SEO plugin. -->","yoast_head_json":{"title":"Eau de Gloire Eau de Parfum - Crime Passionnel Fragrances Online","description":"EAU DE GLOIRE perfume opens with sparkling tangerine and bergamot top notes, enhanced by the bracing aromas of myrtle and rosemary.","robots":{"index":"index","follow":"follow","max-snippet":"max-snippet:-1","max-image-preview":"max-image-preview:large","max-video-preview":"max-video-preview:-1"},"canonical":"https:\/\/crime-passionnel.com\/da\/vare\/eau-de-gloire\/","og_locale":"da_DK","og_type":"article","og_title":"Eau de Gloire Eau de Parfum - Crime Passionnel Fragrances Online","og_description":"EAU DE GLOIRE perfume opens with sparkling tangerine and bergamot top notes, enhanced by the bracing aromas of myrtle and rosemary.","og_url":"https:\/\/crime-passionnel.com\/da\/vare\/eau-de-gloire\/","og_site_name":"Crime Passionnel","article_publisher":"https:\/\/www.facebook.com\/crimepassionnel\/","article_modified_time":"2026-04-04T12:09:13+00:00","og_image":[{"width":1459,"height":1920,"url":"https:\/\/crime-passionnel.com\/wp-content\/uploads\/2022\/01\/PE-Eau-de-Gloire-50ML.jpg","type":"image\/jpeg"}],"twitter_card":"summary_large_image","twitter_misc":{"Estimeret l\u00e6setid":"1 minut"},"schema":{"@context":"https:\/\/schema.org","@graph":[{"@type":"WebPage","@id":"https:\/\/crime-passionnel.com\/product\/eau-de-gloire\/","url":"https:\/\/crime-passionnel.com\/product\/eau-de-gloire\/","name":"Eau de Gloire Eau de Parfum - Crime Passionnel Fragrances Online","isPartOf":{"@id":"https:\/\/crime-passionnel.com\/#website"},"primaryImageOfPage":{"@id":"https:\/\/crime-passionnel.com\/product\/eau-de-gloire\/#primaryimage"},"image":{"@id":"https:\/\/crime-passionnel.com\/product\/eau-de-gloire\/#primaryimage"},"thumbnailUrl":"https:\/\/crime-passionnel.com\/wp-content\/uploads\/2022\/01\/PE-Eau-de-Gloire-50ML.jpg","datePublished":"2022-01-31T23:00:42+00:00","dateModified":"2026-04-04T12:09:13+00:00","description":"EAU DE GLOIRE perfume opens with sparkling tangerine and bergamot top notes, enhanced by the bracing aromas of myrtle and rosemary.","breadcrumb":{"@id":"https:\/\/crime-passionnel.com\/product\/eau-de-gloire\/#breadcrumb"},"inLanguage":"da-DK","potentialAction":[{"@type":"ReadAction","target":["https:\/\/crime-passionnel.com\/product\/eau-de-gloire\/"]}]},{"@type":"ImageObject","inLanguage":"da-DK","@id":"https:\/\/crime-passionnel.com\/product\/eau-de-gloire\/#primaryimage","url":"https:\/\/crime-passionnel.com\/wp-content\/uploads\/2022\/01\/PE-Eau-de-Gloire-50ML.jpg","contentUrl":"https:\/\/crime-passionnel.com\/wp-content\/uploads\/2022\/01\/PE-Eau-de-Gloire-50ML.jpg","width":1459,"height":1920,"caption":"Eau de Gloire Eau de Parfum"},{"@type":"BreadcrumbList","@id":"https:\/\/crime-passionnel.com\/product\/eau-de-gloire\/#breadcrumb","itemListElement":[{"@type":"ListItem","position":1,"name":"Home","item":"https:\/\/crime-passionnel.com\/"},{"@type":"ListItem","position":2,"name":"Products","item":"https:\/\/crime-passionnel.com\/products\/"},{"@type":"ListItem","position":3,"name":"Eau de Gloire"}]},{"@type":"WebSite","@id":"https:\/\/crime-passionnel.com\/#website","url":"https:\/\/crime-passionnel.com\/","name":"Forbrydelse og lidenskab","description":"","publisher":{"@id":"https:\/\/crime-passionnel.com\/#organization"},"potentialAction":[{"@type":"SearchAction","target":{"@type":"EntryPoint","urlTemplate":"https:\/\/crime-passionnel.com\/?s={search_term_string}"},"query-input":{"@type":"PropertyValueSpecification","valueRequired":true,"valueName":"search_term_string"}}],"inLanguage":"da-DK"},{"@type":"Organization","@id":"https:\/\/crime-passionnel.com\/#organization","name":"Forbrydelse og lidenskab","url":"https:\/\/crime-passionnel.com\/","logo":{"@type":"ImageObject","inLanguage":"da-DK","@id":"https:\/\/crime-passionnel.com\/#\/schema\/logo\/image\/","url":"https:\/\/crime-passionnel.com\/wp-content\/uploads\/2021\/07\/logo.png","contentUrl":"https:\/\/crime-passionnel.com\/wp-content\/uploads\/2021\/07\/logo.png","width":128,"height":50,"caption":"Crime Passionnel"},"image":{"@id":"https:\/\/crime-passionnel.com\/#\/schema\/logo\/image\/"},"sameAs":["https:\/\/www.facebook.com\/crimepassionnel\/","https:\/\/www.instagram.com\/crime.passionnel\/"]}]}},"_links":{"self":[{"href":"https:\/\/crime-passionnel.com\/da\/wp-json\/wp\/v2\/product\/3545","targetHints":{"allow":["GET"]}}],"collection":[{"href":"https:\/\/crime-passionnel.com\/da\/wp-json\/wp\/v2\/product"}],"about":[{"href":"https:\/\/crime-passionnel.com\/da\/wp-json\/wp\/v2\/types\/product"}],"wp:featuredmedia":[{"embeddable":true,"href":"https:\/\/crime-passionnel.com\/da\/wp-json\/wp\/v2\/media\/4378"}],"wp:attachment":[{"href":"https:\/\/crime-passionnel.com\/da\/wp-json\/wp\/v2\/media?parent=3545"}],"wp:term":[{"taxonomy":"product_brand","embeddable":true,"href":"https:\/\/crime-passionnel.com\/da\/wp-json\/wp\/v2\/product_brand?post=3545"},{"taxonomy":"product_cat","embeddable":true,"href":"https:\/\/crime-passionnel.com\/da\/wp-json\/wp\/v2\/product_cat?post=3545"},{"taxonomy":"product_tag","embeddable":true,"href":"https:\/\/crime-passionnel.com\/da\/wp-json\/wp\/v2\/product_tag?post=3545"}],"curies":[{"name":"wp","href":"https:\/\/api.w.org\/{rel}","templated":true}]}}