{"id":3533,"date":"2022-01-31T22:20:20","date_gmt":"2022-01-31T22:20:20","guid":{"rendered":"http:\/\/crimepassionnel.nextwebdev.lt\/?post_type=product&#038;p=3533"},"modified":"2026-03-23T13:35:56","modified_gmt":"2026-03-23T13:35:56","slug":"ambre-russe-perfume","status":"publish","type":"product","link":"https:\/\/crime-passionnel.com\/da\/vare\/ambre-russe-perfume\/","title":{"rendered":"Ambre Russe"},"content":{"rendered":"<p class=\"translation-block\">Ambre Russe udtrykker, utilsl\u00f8ret, det storsl\u00e5ede ved det russiske imperium i tiden omkring den sidste tsar. De pragtfulde omgivelser. Ornamenter belagt med guld der funkler, selv n\u00e5r lyset er g\u00e5et ud. Glitrende broderier, pelsforede frakker og spektakul\u00e6re uniformer.\nI Ambre Russe\u2019 flamboyante verden er intet gjort halvt. Festerne er s\u00e5 berusende og levende som champagnen der fl\u00f8d i tsarens rusland, og kan p\u00e5 samme m\u00e5de ende i den hvide brutalitet fra en shot af iskold vodka.\nAmbre Russe fremkalder ogs\u00e5 varmen og hyggen fra en datja, hvor russisk te, blandet med kanel og koriander, altid st\u00e5r klar i samovarer. Den let r\u00f8gede aroma smelter sammen med duftene fra den birk og eneb\u00e6r tj\u00e6re der blev brugt til at gnide ind i det legendariske russiske l\u00e6der.\nTil slut bliver de gyldne facetter af Ambre Russe f\u00f8rst poleret af r\u00f8gelsen fra den ortodokse kirke, for s\u00e5 at smelte sammen med en sky af musk.\nAmbre Russe: S\u00e5 passioneret og kompromisl\u00f8s som den slaviske sj\u00e6l.<\/p>\n<p>&nbsp;<\/p>\n<p>INGREDIENSER<\/p>\n<p>Noter: Rav. Vodka. L\u00e6der. Kanel. Champagne. Te. Musk. Birk. Eneb\u00e6r.<\/p>","protected":false},"excerpt":{"rendered":"<p>En storsl\u00e5et eliksir, s\u00e5 passioneret som den slaviske sj\u00e6l<\/p>","protected":false},"featured_media":4381,"template":"","meta":{"_acf_changed":false},"product_brand":[],"product_cat":[15],"product_tag":[],"class_list":{"0":"post-3533","1":"product","2":"type-product","3":"status-publish","4":"has-post-thumbnail","6":"product_cat-perfumes","7":"pa_brands-parfum-dempire","8":"pa_projection-stron","9":"pa_sizes-2ml-sample","10":"pa_sizes-50ml","11":"pa_style-leather","12":"pa_style-oriental","14":"first","15":"instock","16":"taxable","17":"shipping-taxable","18":"purchasable","19":"product-type-variable","20":"add-to-wishlist-before_image"},"acf":[],"yoast_head":"<!-- This site is optimized with the Yoast SEO plugin v27.4 - https:\/\/yoast.com\/product\/yoast-seo-wordpress\/ -->\n<title>Ambre Russe Eau de Parfum - Crime Passionnel Perfumes Online<\/title>\n<meta name=\"description\" content=\"AMBRE RUSSE\u2019s luxurious ambergris expresses the unbridled magnificence of the Russian empire in the days of the last tsars.\" \/>\n<meta name=\"robots\" content=\"index, follow, max-snippet:-1, max-image-preview:large, max-video-preview:-1\" \/>\n<link rel=\"canonical\" href=\"https:\/\/crime-passionnel.com\/da\/vare\/ambre-russe-perfume\/\" \/>\n<meta property=\"og:locale\" content=\"da_DK\" \/>\n<meta property=\"og:type\" content=\"article\" \/>\n<meta property=\"og:title\" content=\"Ambre Russe Eau de Parfum - Crime Passionnel Perfumes Online\" \/>\n<meta property=\"og:description\" content=\"AMBRE RUSSE\u2019s luxurious ambergris expresses the unbridled magnificence of the Russian empire in the days of the last tsars.\" \/>\n<meta property=\"og:url\" content=\"https:\/\/crime-passionnel.com\/da\/vare\/ambre-russe-perfume\/\" \/>\n<meta property=\"og:site_name\" content=\"Crime Passionnel\" \/>\n<meta property=\"article:publisher\" content=\"https:\/\/www.facebook.com\/crimepassionnel\/\" \/>\n<meta property=\"article:modified_time\" content=\"2026-03-23T13:35:56+00:00\" \/>\n<meta property=\"og:image\" content=\"https:\/\/crime-passionnel.com\/wp-content\/uploads\/2022\/01\/PE-Ambre-Russe-50ML.jpg\" \/>\n\t<meta property=\"og:image:width\" content=\"1459\" \/>\n\t<meta property=\"og:image:height\" content=\"1920\" \/>\n\t<meta property=\"og:image:type\" content=\"image\/jpeg\" \/>\n<meta name=\"twitter:card\" content=\"summary_large_image\" \/>\n<meta name=\"twitter:label1\" content=\"Estimeret l\u00e6setid\" \/>\n\t<meta name=\"twitter:data1\" content=\"1 minut\" \/>\n<script type=\"application\/ld+json\" class=\"yoast-schema-graph\">{\"@context\":\"https:\\\/\\\/schema.org\",\"@graph\":[{\"@type\":\"WebPage\",\"@id\":\"https:\\\/\\\/crime-passionnel.com\\\/product\\\/ambre-russe-perfume\\\/\",\"url\":\"https:\\\/\\\/crime-passionnel.com\\\/product\\\/ambre-russe-perfume\\\/\",\"name\":\"Ambre Russe Eau de Parfum - Crime Passionnel Perfumes Online\",\"isPartOf\":{\"@id\":\"https:\\\/\\\/crime-passionnel.com\\\/#website\"},\"primaryImageOfPage\":{\"@id\":\"https:\\\/\\\/crime-passionnel.com\\\/product\\\/ambre-russe-perfume\\\/#primaryimage\"},\"image\":{\"@id\":\"https:\\\/\\\/crime-passionnel.com\\\/product\\\/ambre-russe-perfume\\\/#primaryimage\"},\"thumbnailUrl\":\"https:\\\/\\\/crime-passionnel.com\\\/wp-content\\\/uploads\\\/2022\\\/01\\\/PE-Ambre-Russe-50ML.jpg\",\"datePublished\":\"2022-01-31T22:20:20+00:00\",\"dateModified\":\"2026-03-23T13:35:56+00:00\",\"description\":\"AMBRE RUSSE\u2019s luxurious ambergris expresses the unbridled magnificence of the Russian empire in the days of the last tsars.\",\"breadcrumb\":{\"@id\":\"https:\\\/\\\/crime-passionnel.com\\\/product\\\/ambre-russe-perfume\\\/#breadcrumb\"},\"inLanguage\":\"da-DK\",\"potentialAction\":[{\"@type\":\"ReadAction\",\"target\":[\"https:\\\/\\\/crime-passionnel.com\\\/product\\\/ambre-russe-perfume\\\/\"]}]},{\"@type\":\"ImageObject\",\"inLanguage\":\"da-DK\",\"@id\":\"https:\\\/\\\/crime-passionnel.com\\\/product\\\/ambre-russe-perfume\\\/#primaryimage\",\"url\":\"https:\\\/\\\/crime-passionnel.com\\\/wp-content\\\/uploads\\\/2022\\\/01\\\/PE-Ambre-Russe-50ML.jpg\",\"contentUrl\":\"https:\\\/\\\/crime-passionnel.com\\\/wp-content\\\/uploads\\\/2022\\\/01\\\/PE-Ambre-Russe-50ML.jpg\",\"width\":1459,\"height\":1920,\"caption\":\"Ambre Russe Perfume\"},{\"@type\":\"BreadcrumbList\",\"@id\":\"https:\\\/\\\/crime-passionnel.com\\\/product\\\/ambre-russe-perfume\\\/#breadcrumb\",\"itemListElement\":[{\"@type\":\"ListItem\",\"position\":1,\"name\":\"Home\",\"item\":\"https:\\\/\\\/crime-passionnel.com\\\/\"},{\"@type\":\"ListItem\",\"position\":2,\"name\":\"Products\",\"item\":\"https:\\\/\\\/crime-passionnel.com\\\/products\\\/\"},{\"@type\":\"ListItem\",\"position\":3,\"name\":\"Ambre Russe\"}]},{\"@type\":\"WebSite\",\"@id\":\"https:\\\/\\\/crime-passionnel.com\\\/#website\",\"url\":\"https:\\\/\\\/crime-passionnel.com\\\/\",\"name\":\"Crime Passionnel\",\"description\":\"\",\"publisher\":{\"@id\":\"https:\\\/\\\/crime-passionnel.com\\\/#organization\"},\"potentialAction\":[{\"@type\":\"SearchAction\",\"target\":{\"@type\":\"EntryPoint\",\"urlTemplate\":\"https:\\\/\\\/crime-passionnel.com\\\/?s={search_term_string}\"},\"query-input\":{\"@type\":\"PropertyValueSpecification\",\"valueRequired\":true,\"valueName\":\"search_term_string\"}}],\"inLanguage\":\"da-DK\"},{\"@type\":\"Organization\",\"@id\":\"https:\\\/\\\/crime-passionnel.com\\\/#organization\",\"name\":\"Crime Passionnel\",\"url\":\"https:\\\/\\\/crime-passionnel.com\\\/\",\"logo\":{\"@type\":\"ImageObject\",\"inLanguage\":\"da-DK\",\"@id\":\"https:\\\/\\\/crime-passionnel.com\\\/#\\\/schema\\\/logo\\\/image\\\/\",\"url\":\"https:\\\/\\\/crime-passionnel.com\\\/wp-content\\\/uploads\\\/2021\\\/07\\\/logo.png\",\"contentUrl\":\"https:\\\/\\\/crime-passionnel.com\\\/wp-content\\\/uploads\\\/2021\\\/07\\\/logo.png\",\"width\":128,\"height\":50,\"caption\":\"Crime Passionnel\"},\"image\":{\"@id\":\"https:\\\/\\\/crime-passionnel.com\\\/#\\\/schema\\\/logo\\\/image\\\/\"},\"sameAs\":[\"https:\\\/\\\/www.facebook.com\\\/crimepassionnel\\\/\",\"https:\\\/\\\/www.instagram.com\\\/crime.passionnel\\\/\"]}]}<\/script>\n<!-- \/ Yoast SEO plugin. -->","yoast_head_json":{"title":"Ambre Russe Eau de Parfum - Crime Passionnel Perfumes Online","description":"AMBRE RUSSE\u2019s luxurious ambergris expresses the unbridled magnificence of the Russian empire in the days of the last tsars.","robots":{"index":"index","follow":"follow","max-snippet":"max-snippet:-1","max-image-preview":"max-image-preview:large","max-video-preview":"max-video-preview:-1"},"canonical":"https:\/\/crime-passionnel.com\/da\/vare\/ambre-russe-perfume\/","og_locale":"da_DK","og_type":"article","og_title":"Ambre Russe Eau de Parfum - Crime Passionnel Perfumes Online","og_description":"AMBRE RUSSE\u2019s luxurious ambergris expresses the unbridled magnificence of the Russian empire in the days of the last tsars.","og_url":"https:\/\/crime-passionnel.com\/da\/vare\/ambre-russe-perfume\/","og_site_name":"Crime Passionnel","article_publisher":"https:\/\/www.facebook.com\/crimepassionnel\/","article_modified_time":"2026-03-23T13:35:56+00:00","og_image":[{"width":1459,"height":1920,"url":"https:\/\/crime-passionnel.com\/wp-content\/uploads\/2022\/01\/PE-Ambre-Russe-50ML.jpg","type":"image\/jpeg"}],"twitter_card":"summary_large_image","twitter_misc":{"Estimeret l\u00e6setid":"1 minut"},"schema":{"@context":"https:\/\/schema.org","@graph":[{"@type":"WebPage","@id":"https:\/\/crime-passionnel.com\/product\/ambre-russe-perfume\/","url":"https:\/\/crime-passionnel.com\/product\/ambre-russe-perfume\/","name":"Ambre Russe Eau de Parfum - Crime Passionnel Perfumes Online","isPartOf":{"@id":"https:\/\/crime-passionnel.com\/#website"},"primaryImageOfPage":{"@id":"https:\/\/crime-passionnel.com\/product\/ambre-russe-perfume\/#primaryimage"},"image":{"@id":"https:\/\/crime-passionnel.com\/product\/ambre-russe-perfume\/#primaryimage"},"thumbnailUrl":"https:\/\/crime-passionnel.com\/wp-content\/uploads\/2022\/01\/PE-Ambre-Russe-50ML.jpg","datePublished":"2022-01-31T22:20:20+00:00","dateModified":"2026-03-23T13:35:56+00:00","description":"AMBRE RUSSE\u2019s luxurious ambergris expresses the unbridled magnificence of the Russian empire in the days of the last tsars.","breadcrumb":{"@id":"https:\/\/crime-passionnel.com\/product\/ambre-russe-perfume\/#breadcrumb"},"inLanguage":"da-DK","potentialAction":[{"@type":"ReadAction","target":["https:\/\/crime-passionnel.com\/product\/ambre-russe-perfume\/"]}]},{"@type":"ImageObject","inLanguage":"da-DK","@id":"https:\/\/crime-passionnel.com\/product\/ambre-russe-perfume\/#primaryimage","url":"https:\/\/crime-passionnel.com\/wp-content\/uploads\/2022\/01\/PE-Ambre-Russe-50ML.jpg","contentUrl":"https:\/\/crime-passionnel.com\/wp-content\/uploads\/2022\/01\/PE-Ambre-Russe-50ML.jpg","width":1459,"height":1920,"caption":"Ambre Russe Perfume"},{"@type":"BreadcrumbList","@id":"https:\/\/crime-passionnel.com\/product\/ambre-russe-perfume\/#breadcrumb","itemListElement":[{"@type":"ListItem","position":1,"name":"Home","item":"https:\/\/crime-passionnel.com\/"},{"@type":"ListItem","position":2,"name":"Products","item":"https:\/\/crime-passionnel.com\/products\/"},{"@type":"ListItem","position":3,"name":"Ambre Russe"}]},{"@type":"WebSite","@id":"https:\/\/crime-passionnel.com\/#website","url":"https:\/\/crime-passionnel.com\/","name":"Forbrydelse og lidenskab","description":"","publisher":{"@id":"https:\/\/crime-passionnel.com\/#organization"},"potentialAction":[{"@type":"SearchAction","target":{"@type":"EntryPoint","urlTemplate":"https:\/\/crime-passionnel.com\/?s={search_term_string}"},"query-input":{"@type":"PropertyValueSpecification","valueRequired":true,"valueName":"search_term_string"}}],"inLanguage":"da-DK"},{"@type":"Organization","@id":"https:\/\/crime-passionnel.com\/#organization","name":"Forbrydelse og lidenskab","url":"https:\/\/crime-passionnel.com\/","logo":{"@type":"ImageObject","inLanguage":"da-DK","@id":"https:\/\/crime-passionnel.com\/#\/schema\/logo\/image\/","url":"https:\/\/crime-passionnel.com\/wp-content\/uploads\/2021\/07\/logo.png","contentUrl":"https:\/\/crime-passionnel.com\/wp-content\/uploads\/2021\/07\/logo.png","width":128,"height":50,"caption":"Crime Passionnel"},"image":{"@id":"https:\/\/crime-passionnel.com\/#\/schema\/logo\/image\/"},"sameAs":["https:\/\/www.facebook.com\/crimepassionnel\/","https:\/\/www.instagram.com\/crime.passionnel\/"]}]}},"_links":{"self":[{"href":"https:\/\/crime-passionnel.com\/da\/wp-json\/wp\/v2\/product\/3533","targetHints":{"allow":["GET"]}}],"collection":[{"href":"https:\/\/crime-passionnel.com\/da\/wp-json\/wp\/v2\/product"}],"about":[{"href":"https:\/\/crime-passionnel.com\/da\/wp-json\/wp\/v2\/types\/product"}],"wp:featuredmedia":[{"embeddable":true,"href":"https:\/\/crime-passionnel.com\/da\/wp-json\/wp\/v2\/media\/4381"}],"wp:attachment":[{"href":"https:\/\/crime-passionnel.com\/da\/wp-json\/wp\/v2\/media?parent=3533"}],"wp:term":[{"taxonomy":"product_brand","embeddable":true,"href":"https:\/\/crime-passionnel.com\/da\/wp-json\/wp\/v2\/product_brand?post=3533"},{"taxonomy":"product_cat","embeddable":true,"href":"https:\/\/crime-passionnel.com\/da\/wp-json\/wp\/v2\/product_cat?post=3533"},{"taxonomy":"product_tag","embeddable":true,"href":"https:\/\/crime-passionnel.com\/da\/wp-json\/wp\/v2\/product_tag?post=3533"}],"curies":[{"name":"wp","href":"https:\/\/api.w.org\/{rel}","templated":true}]}}