{"id":3511,"date":"2022-01-30T19:50:20","date_gmt":"2022-01-30T19:50:20","guid":{"rendered":"http:\/\/crimepassionnel.nextwebdev.lt\/?post_type=product&#038;p=3511"},"modified":"2026-02-03T18:57:07","modified_gmt":"2026-02-03T18:57:07","slug":"touche-finale-perfume","status":"publish","type":"product","link":"https:\/\/crime-passionnel.com\/da\/vare\/touche-finale-perfume\/","title":{"rendered":"Touche Finale"},"content":{"rendered":"<p>N\u00e5r det ser ud til, at en kunstners arbejde endelig er f\u00e6rdigt, er der altid et \u00f8jeblik, hvor en f\u00f8lelse af tvivl overv\u00e6lder kunstneren. Skal de \u00e6ndre en tone? Er der brug for mere af dette? Eller lidt mindre af det?<br \/>\nMen n\u00e5r kunstneren stoler p\u00e5 sin vision og laver det sidste str\u00f8g, erstattes enhver f\u00f8lelse af tvivl af en ultimativ tilfredshed. S\u00e5 er det eneste \u00f8nske, der f\u00f8lger, viljen til at afsl\u00f8re det for verden. Det er det pr\u00e6cise \u00f8jeblik, hvor en mester beslutter, at hans v\u00e6rk er f\u00e6rdigt. Og det er netop det \u00f8jeblik, som Jovoy har grebet og puttet p\u00e5 flaske.<br \/>\nDenne nye parfume er ogs\u00e5 en hyldest til de forf\u00f8rende sj\u00e6le, der hver is\u00e6r har deres egne ritualer for forberedelse. Den langsomme, afm\u00e5lte m\u00e5de at kl\u00e6de sig p\u00e5. Makeuppen, rispudderet ... det er alt sammen optakten til forf\u00f8relse. Og selv om deres bev\u00e6gelser er forskellige og deres hemmeligheder egne, har de alle et f\u00e6lles ritual: deres \"sidste touch\" er p\u00e5f\u00f8ringen af parfume.<\/p>\n<p>Touche Finale er en nyfortolkning af en parfume, der allerede har sat sig spor i historien om Jovoys genf\u00f8dsel: den ber\u00f8mte Poudr\u00e9 fra 2006.<br \/>\nEfter mere end to \u00e5rs arbejde er det lykkedes den uafh\u00e6ngige parfumeur Vanina Muracciole at bevare sj\u00e6len i den oprindelige Poudr\u00e9 og samtidig fremh\u00e6ve den i denne nye, ultimative version.<\/p>\n<p>&nbsp;<\/p>\n<p>INGREDIENSER<\/p>\n<p>Topnoter: Pink b\u00e6rnoter. Mimose.<\/p>\n<p>Mellemnoter: Rose. Jasmin. Violer. Cedertr\u00e6.<\/p>\n<p>Basenoter: Heliotrope. Hvid musk. Sandeltr\u00e6.<\/p>","protected":false},"excerpt":{"rendered":"<div class=\"page\" title=\"Side 25\">\n<div class=\"layoutArea\">\n<div class=\"column\">\n<p>Makeup og ris pudder<\/p>\n<\/div>\n<\/div>\n<\/div>","protected":false},"featured_media":4521,"template":"","meta":{"_acf_changed":false},"product_brand":[],"product_cat":[15],"product_tag":[],"class_list":{"0":"post-3511","1":"product","2":"type-product","3":"status-publish","4":"has-post-thumbnail","6":"product_cat-perfumes","7":"pa_brands-jovoy-paris","8":"pa_projection-moderate","9":"pa_sizes-2ml-sample","10":"pa_sizes-100ml","11":"pa_style-floral","13":"first","14":"instock","15":"taxable","16":"shipping-taxable","17":"purchasable","18":"product-type-variable","19":"add-to-wishlist-before_image"},"acf":[],"yoast_head":"<!-- This site is optimized with the Yoast SEO plugin v27.1.1 - https:\/\/yoast.com\/product\/yoast-seo-wordpress\/ -->\n<title>Touche Finale Eau de Parfum - Crime Passionnel Perfumes Shop<\/title>\n<meta name=\"description\" content=\"Touche Finale is a reinterpretation of a perfume that has already left it\u2019s mark in the history of the rebirth of Jovoy: 2006\u2019s renowned Poudr\u00e9.\" \/>\n<meta name=\"robots\" content=\"index, follow, max-snippet:-1, max-image-preview:large, max-video-preview:-1\" \/>\n<link rel=\"canonical\" href=\"https:\/\/crime-passionnel.com\/da\/vare\/touche-finale-perfume\/\" \/>\n<meta property=\"og:locale\" content=\"da_DK\" \/>\n<meta property=\"og:type\" content=\"article\" \/>\n<meta property=\"og:title\" content=\"Touche Finale Eau de Parfum - Crime Passionnel Perfumes Shop\" \/>\n<meta property=\"og:description\" content=\"Touche Finale is a reinterpretation of a perfume that has already left it\u2019s mark in the history of the rebirth of Jovoy: 2006\u2019s renowned Poudr\u00e9.\" \/>\n<meta property=\"og:url\" content=\"https:\/\/crime-passionnel.com\/da\/vare\/touche-finale-perfume\/\" \/>\n<meta property=\"og:site_name\" content=\"Crime Passionnel\" \/>\n<meta property=\"article:publisher\" content=\"https:\/\/www.facebook.com\/crimepassionnel\/\" \/>\n<meta property=\"article:modified_time\" content=\"2026-02-03T18:57:07+00:00\" \/>\n<meta property=\"og:image\" content=\"https:\/\/crime-passionnel.com\/wp-content\/uploads\/2022\/01\/TOUCHE-FINALE-1.jpg\" \/>\n\t<meta property=\"og:image:width\" content=\"1459\" \/>\n\t<meta property=\"og:image:height\" content=\"1920\" \/>\n\t<meta property=\"og:image:type\" content=\"image\/jpeg\" \/>\n<meta name=\"twitter:card\" content=\"summary_large_image\" \/>\n<meta name=\"twitter:label1\" content=\"Estimeret l\u00e6setid\" \/>\n\t<meta name=\"twitter:data1\" content=\"2 minutter\" \/>\n<script type=\"application\/ld+json\" class=\"yoast-schema-graph\">{\"@context\":\"https:\/\/schema.org\",\"@graph\":[{\"@type\":\"WebPage\",\"@id\":\"https:\/\/crime-passionnel.com\/product\/touche-finale-perfume\/\",\"url\":\"https:\/\/crime-passionnel.com\/product\/touche-finale-perfume\/\",\"name\":\"Touche Finale Eau de Parfum - Crime Passionnel Perfumes Shop\",\"isPartOf\":{\"@id\":\"https:\/\/crime-passionnel.com\/#website\"},\"primaryImageOfPage\":{\"@id\":\"https:\/\/crime-passionnel.com\/product\/touche-finale-perfume\/#primaryimage\"},\"image\":{\"@id\":\"https:\/\/crime-passionnel.com\/product\/touche-finale-perfume\/#primaryimage\"},\"thumbnailUrl\":\"https:\/\/crime-passionnel.com\/wp-content\/uploads\/2022\/01\/TOUCHE-FINALE-1.jpg\",\"datePublished\":\"2022-01-30T19:50:20+00:00\",\"dateModified\":\"2026-02-03T18:57:07+00:00\",\"description\":\"Touche Finale is a reinterpretation of a perfume that has already left it\u2019s mark in the history of the rebirth of Jovoy: 2006\u2019s renowned Poudr\u00e9.\",\"breadcrumb\":{\"@id\":\"https:\/\/crime-passionnel.com\/product\/touche-finale-perfume\/#breadcrumb\"},\"inLanguage\":\"da-DK\",\"potentialAction\":[{\"@type\":\"ReadAction\",\"target\":[\"https:\/\/crime-passionnel.com\/product\/touche-finale-perfume\/\"]}]},{\"@type\":\"ImageObject\",\"inLanguage\":\"da-DK\",\"@id\":\"https:\/\/crime-passionnel.com\/product\/touche-finale-perfume\/#primaryimage\",\"url\":\"https:\/\/crime-passionnel.com\/wp-content\/uploads\/2022\/01\/TOUCHE-FINALE-1.jpg\",\"contentUrl\":\"https:\/\/crime-passionnel.com\/wp-content\/uploads\/2022\/01\/TOUCHE-FINALE-1.jpg\",\"width\":1459,\"height\":1920,\"caption\":\"Touche Finale Eau de Parfum\"},{\"@type\":\"BreadcrumbList\",\"@id\":\"https:\/\/crime-passionnel.com\/product\/touche-finale-perfume\/#breadcrumb\",\"itemListElement\":[{\"@type\":\"ListItem\",\"position\":1,\"name\":\"Home\",\"item\":\"https:\/\/crime-passionnel.com\/\"},{\"@type\":\"ListItem\",\"position\":2,\"name\":\"Products\",\"item\":\"https:\/\/crime-passionnel.com\/products\/\"},{\"@type\":\"ListItem\",\"position\":3,\"name\":\"Touche Finale\"}]},{\"@type\":\"WebSite\",\"@id\":\"https:\/\/crime-passionnel.com\/#website\",\"url\":\"https:\/\/crime-passionnel.com\/\",\"name\":\"Crime Passionnel\",\"description\":\"\",\"publisher\":{\"@id\":\"https:\/\/crime-passionnel.com\/#organization\"},\"potentialAction\":[{\"@type\":\"SearchAction\",\"target\":{\"@type\":\"EntryPoint\",\"urlTemplate\":\"https:\/\/crime-passionnel.com\/?s={search_term_string}\"},\"query-input\":{\"@type\":\"PropertyValueSpecification\",\"valueRequired\":true,\"valueName\":\"search_term_string\"}}],\"inLanguage\":\"da-DK\"},{\"@type\":\"Organization\",\"@id\":\"https:\/\/crime-passionnel.com\/#organization\",\"name\":\"Crime Passionnel\",\"url\":\"https:\/\/crime-passionnel.com\/\",\"logo\":{\"@type\":\"ImageObject\",\"inLanguage\":\"da-DK\",\"@id\":\"https:\/\/crime-passionnel.com\/#\/schema\/logo\/image\/\",\"url\":\"https:\/\/crime-passionnel.com\/wp-content\/uploads\/2021\/07\/logo.png\",\"contentUrl\":\"https:\/\/crime-passionnel.com\/wp-content\/uploads\/2021\/07\/logo.png\",\"width\":128,\"height\":50,\"caption\":\"Crime Passionnel\"},\"image\":{\"@id\":\"https:\/\/crime-passionnel.com\/#\/schema\/logo\/image\/\"},\"sameAs\":[\"https:\/\/www.facebook.com\/crimepassionnel\/\",\"https:\/\/www.instagram.com\/crime.passionnel\/\"]}]}<\/script>\n<!-- \/ Yoast SEO plugin. -->","yoast_head_json":{"title":"Touche Finale Eau de Parfum - Crime Passionnel Perfumes Shop","description":"Touche Finale is a reinterpretation of a perfume that has already left it\u2019s mark in the history of the rebirth of Jovoy: 2006\u2019s renowned Poudr\u00e9.","robots":{"index":"index","follow":"follow","max-snippet":"max-snippet:-1","max-image-preview":"max-image-preview:large","max-video-preview":"max-video-preview:-1"},"canonical":"https:\/\/crime-passionnel.com\/da\/vare\/touche-finale-perfume\/","og_locale":"da_DK","og_type":"article","og_title":"Touche Finale Eau de Parfum - Crime Passionnel Perfumes Shop","og_description":"Touche Finale is a reinterpretation of a perfume that has already left it\u2019s mark in the history of the rebirth of Jovoy: 2006\u2019s renowned Poudr\u00e9.","og_url":"https:\/\/crime-passionnel.com\/da\/vare\/touche-finale-perfume\/","og_site_name":"Crime Passionnel","article_publisher":"https:\/\/www.facebook.com\/crimepassionnel\/","article_modified_time":"2026-02-03T18:57:07+00:00","og_image":[{"width":1459,"height":1920,"url":"https:\/\/crime-passionnel.com\/wp-content\/uploads\/2022\/01\/TOUCHE-FINALE-1.jpg","type":"image\/jpeg"}],"twitter_card":"summary_large_image","twitter_misc":{"Estimeret l\u00e6setid":"2 minutter"},"schema":{"@context":"https:\/\/schema.org","@graph":[{"@type":"WebPage","@id":"https:\/\/crime-passionnel.com\/product\/touche-finale-perfume\/","url":"https:\/\/crime-passionnel.com\/product\/touche-finale-perfume\/","name":"Touche Finale Eau de Parfum - Crime Passionnel Perfumes Shop","isPartOf":{"@id":"https:\/\/crime-passionnel.com\/#website"},"primaryImageOfPage":{"@id":"https:\/\/crime-passionnel.com\/product\/touche-finale-perfume\/#primaryimage"},"image":{"@id":"https:\/\/crime-passionnel.com\/product\/touche-finale-perfume\/#primaryimage"},"thumbnailUrl":"https:\/\/crime-passionnel.com\/wp-content\/uploads\/2022\/01\/TOUCHE-FINALE-1.jpg","datePublished":"2022-01-30T19:50:20+00:00","dateModified":"2026-02-03T18:57:07+00:00","description":"Touche Finale is a reinterpretation of a perfume that has already left it\u2019s mark in the history of the rebirth of Jovoy: 2006\u2019s renowned Poudr\u00e9.","breadcrumb":{"@id":"https:\/\/crime-passionnel.com\/product\/touche-finale-perfume\/#breadcrumb"},"inLanguage":"da-DK","potentialAction":[{"@type":"ReadAction","target":["https:\/\/crime-passionnel.com\/product\/touche-finale-perfume\/"]}]},{"@type":"ImageObject","inLanguage":"da-DK","@id":"https:\/\/crime-passionnel.com\/product\/touche-finale-perfume\/#primaryimage","url":"https:\/\/crime-passionnel.com\/wp-content\/uploads\/2022\/01\/TOUCHE-FINALE-1.jpg","contentUrl":"https:\/\/crime-passionnel.com\/wp-content\/uploads\/2022\/01\/TOUCHE-FINALE-1.jpg","width":1459,"height":1920,"caption":"Touche Finale Eau de Parfum"},{"@type":"BreadcrumbList","@id":"https:\/\/crime-passionnel.com\/product\/touche-finale-perfume\/#breadcrumb","itemListElement":[{"@type":"ListItem","position":1,"name":"Home","item":"https:\/\/crime-passionnel.com\/"},{"@type":"ListItem","position":2,"name":"Products","item":"https:\/\/crime-passionnel.com\/products\/"},{"@type":"ListItem","position":3,"name":"Touche Finale"}]},{"@type":"WebSite","@id":"https:\/\/crime-passionnel.com\/#website","url":"https:\/\/crime-passionnel.com\/","name":"Forbrydelse og lidenskab","description":"","publisher":{"@id":"https:\/\/crime-passionnel.com\/#organization"},"potentialAction":[{"@type":"SearchAction","target":{"@type":"EntryPoint","urlTemplate":"https:\/\/crime-passionnel.com\/?s={search_term_string}"},"query-input":{"@type":"PropertyValueSpecification","valueRequired":true,"valueName":"search_term_string"}}],"inLanguage":"da-DK"},{"@type":"Organization","@id":"https:\/\/crime-passionnel.com\/#organization","name":"Forbrydelse og lidenskab","url":"https:\/\/crime-passionnel.com\/","logo":{"@type":"ImageObject","inLanguage":"da-DK","@id":"https:\/\/crime-passionnel.com\/#\/schema\/logo\/image\/","url":"https:\/\/crime-passionnel.com\/wp-content\/uploads\/2021\/07\/logo.png","contentUrl":"https:\/\/crime-passionnel.com\/wp-content\/uploads\/2021\/07\/logo.png","width":128,"height":50,"caption":"Crime Passionnel"},"image":{"@id":"https:\/\/crime-passionnel.com\/#\/schema\/logo\/image\/"},"sameAs":["https:\/\/www.facebook.com\/crimepassionnel\/","https:\/\/www.instagram.com\/crime.passionnel\/"]}]}},"_links":{"self":[{"href":"https:\/\/crime-passionnel.com\/da\/wp-json\/wp\/v2\/product\/3511","targetHints":{"allow":["GET"]}}],"collection":[{"href":"https:\/\/crime-passionnel.com\/da\/wp-json\/wp\/v2\/product"}],"about":[{"href":"https:\/\/crime-passionnel.com\/da\/wp-json\/wp\/v2\/types\/product"}],"wp:featuredmedia":[{"embeddable":true,"href":"https:\/\/crime-passionnel.com\/da\/wp-json\/wp\/v2\/media\/4521"}],"wp:attachment":[{"href":"https:\/\/crime-passionnel.com\/da\/wp-json\/wp\/v2\/media?parent=3511"}],"wp:term":[{"taxonomy":"product_brand","embeddable":true,"href":"https:\/\/crime-passionnel.com\/da\/wp-json\/wp\/v2\/product_brand?post=3511"},{"taxonomy":"product_cat","embeddable":true,"href":"https:\/\/crime-passionnel.com\/da\/wp-json\/wp\/v2\/product_cat?post=3511"},{"taxonomy":"product_tag","embeddable":true,"href":"https:\/\/crime-passionnel.com\/da\/wp-json\/wp\/v2\/product_tag?post=3511"}],"curies":[{"name":"wp","href":"https:\/\/api.w.org\/{rel}","templated":true}]}}