{"id":3507,"date":"2022-01-30T19:34:06","date_gmt":"2022-01-30T19:34:06","guid":{"rendered":"http:\/\/crimepassionnel.nextwebdev.lt\/?post_type=product&#038;p=3507"},"modified":"2026-03-25T14:40:29","modified_gmt":"2026-03-25T14:40:29","slug":"rouge-assassin","status":"publish","type":"product","link":"https:\/\/crime-passionnel.com\/da\/vare\/rouge-assassin\/","title":{"rendered":"R\u00f8d snigmorder"},"content":{"rendered":"<p class=\"translation-block\">En farve kan have en duft. Rouge Assassin l\u00e5ner sin duft til nuancer af karmin. Til en l\u00e6bestift som en forelsket kvinde har brugt til at skrive en besked med p\u00e5 et spejl. De sidste ulmende ord\u2026 indtil i morgen. Passion, jalousi, h\u00e6vn; k\u00e6rlighed er en varmblodet dr\u00e6ber, som efterlader sig et spor af ofre. B\u00e5de m\u00e6nd og kvinder er hj\u00e6lpel\u00f8se.<\/p>\n<p>INGREDIENSER<\/p>\n<p>Topnoter: Rose. Bergamot.<\/p>\n<p>Mellemnoter: Ambrette. Elemi. Ris pudder.<\/p>\n<p>Basenoter: Iris. Sandeltr\u00e6. Vanilje. Cedertr\u00e6. Musk. Tonka b\u00f8nner. Benzoin.<\/p>","protected":false},"excerpt":{"rendered":"<div class=\"page\" title=\"Side 25\">\n<div class=\"layoutArea\">\n<div class=\"column\">\n<p>Et spor af l\u00e6bestift<\/p>\n<\/div>\n<\/div>\n<\/div>","protected":false},"featured_media":4564,"template":"","meta":{"_acf_changed":false},"product_brand":[],"product_cat":[15],"product_tag":[],"class_list":{"0":"post-3507","1":"product","2":"type-product","3":"status-publish","4":"has-post-thumbnail","6":"product_cat-perfumes","7":"pa_brands-jovoy-paris","8":"pa_projection-intimate-closer-to-skin","9":"pa_sizes-2ml-sample","10":"pa_sizes-100ml","11":"pa_style-floral","13":"first","14":"instock","15":"taxable","16":"shipping-taxable","17":"purchasable","18":"product-type-variable","19":"add-to-wishlist-before_image"},"acf":[],"yoast_head":"<!-- This site is optimized with the Yoast SEO plugin v27.1.1 - https:\/\/yoast.com\/product\/yoast-seo-wordpress\/ -->\n<title>Rouge Assassin Eau de Parfum - Crime Passionnel Perfume Shop<\/title>\n<meta name=\"description\" content=\"Rouge Assassin perfume is an homage to femininity that blends lipstick notes, with the scent of skin and echoes of Parisian cabarets.\" \/>\n<meta name=\"robots\" content=\"index, follow, max-snippet:-1, max-image-preview:large, max-video-preview:-1\" \/>\n<link rel=\"canonical\" href=\"https:\/\/crime-passionnel.com\/da\/vare\/rouge-assassin\/\" \/>\n<meta property=\"og:locale\" content=\"da_DK\" \/>\n<meta property=\"og:type\" content=\"article\" \/>\n<meta property=\"og:title\" content=\"Rouge Assassin Eau de Parfum - Crime Passionnel Perfume Shop\" \/>\n<meta property=\"og:description\" content=\"Rouge Assassin perfume is an homage to femininity that blends lipstick notes, with the scent of skin and echoes of Parisian cabarets.\" \/>\n<meta property=\"og:url\" content=\"https:\/\/crime-passionnel.com\/da\/vare\/rouge-assassin\/\" \/>\n<meta property=\"og:site_name\" content=\"Crime Passionnel\" \/>\n<meta property=\"article:publisher\" content=\"https:\/\/www.facebook.com\/crimepassionnel\/\" \/>\n<meta property=\"article:modified_time\" content=\"2026-03-25T14:40:29+00:00\" \/>\n<meta property=\"og:image\" content=\"https:\/\/crime-passionnel.com\/wp-content\/uploads\/2022\/01\/00-NEW-ROUGE-ASSASSIN.jpg\" \/>\n\t<meta property=\"og:image:width\" content=\"1459\" \/>\n\t<meta property=\"og:image:height\" content=\"1920\" \/>\n\t<meta property=\"og:image:type\" content=\"image\/jpeg\" \/>\n<meta name=\"twitter:card\" content=\"summary_large_image\" \/>\n<meta name=\"twitter:label1\" content=\"Estimeret l\u00e6setid\" \/>\n\t<meta name=\"twitter:data1\" content=\"2 minutter\" \/>\n<script type=\"application\/ld+json\" class=\"yoast-schema-graph\">{\"@context\":\"https:\/\/schema.org\",\"@graph\":[{\"@type\":\"WebPage\",\"@id\":\"https:\/\/crime-passionnel.com\/product\/rouge-assassin\/\",\"url\":\"https:\/\/crime-passionnel.com\/product\/rouge-assassin\/\",\"name\":\"Rouge Assassin Eau de Parfum - Crime Passionnel Perfume Shop\",\"isPartOf\":{\"@id\":\"https:\/\/crime-passionnel.com\/#website\"},\"primaryImageOfPage\":{\"@id\":\"https:\/\/crime-passionnel.com\/product\/rouge-assassin\/#primaryimage\"},\"image\":{\"@id\":\"https:\/\/crime-passionnel.com\/product\/rouge-assassin\/#primaryimage\"},\"thumbnailUrl\":\"https:\/\/crime-passionnel.com\/wp-content\/uploads\/2022\/01\/00-NEW-ROUGE-ASSASSIN.jpg\",\"datePublished\":\"2022-01-30T19:34:06+00:00\",\"dateModified\":\"2026-03-25T14:40:29+00:00\",\"description\":\"Rouge Assassin perfume is an homage to femininity that blends lipstick notes, with the scent of skin and echoes of Parisian cabarets.\",\"breadcrumb\":{\"@id\":\"https:\/\/crime-passionnel.com\/product\/rouge-assassin\/#breadcrumb\"},\"inLanguage\":\"da-DK\",\"potentialAction\":[{\"@type\":\"ReadAction\",\"target\":[\"https:\/\/crime-passionnel.com\/product\/rouge-assassin\/\"]}]},{\"@type\":\"ImageObject\",\"inLanguage\":\"da-DK\",\"@id\":\"https:\/\/crime-passionnel.com\/product\/rouge-assassin\/#primaryimage\",\"url\":\"https:\/\/crime-passionnel.com\/wp-content\/uploads\/2022\/01\/00-NEW-ROUGE-ASSASSIN.jpg\",\"contentUrl\":\"https:\/\/crime-passionnel.com\/wp-content\/uploads\/2022\/01\/00-NEW-ROUGE-ASSASSIN.jpg\",\"width\":1459,\"height\":1920,\"caption\":\"ROUGE ASSASSIN\"},{\"@type\":\"BreadcrumbList\",\"@id\":\"https:\/\/crime-passionnel.com\/product\/rouge-assassin\/#breadcrumb\",\"itemListElement\":[{\"@type\":\"ListItem\",\"position\":1,\"name\":\"Home\",\"item\":\"https:\/\/crime-passionnel.com\/\"},{\"@type\":\"ListItem\",\"position\":2,\"name\":\"Products\",\"item\":\"https:\/\/crime-passionnel.com\/products\/\"},{\"@type\":\"ListItem\",\"position\":3,\"name\":\"Rouge Assassin\"}]},{\"@type\":\"WebSite\",\"@id\":\"https:\/\/crime-passionnel.com\/#website\",\"url\":\"https:\/\/crime-passionnel.com\/\",\"name\":\"Crime Passionnel\",\"description\":\"\",\"publisher\":{\"@id\":\"https:\/\/crime-passionnel.com\/#organization\"},\"potentialAction\":[{\"@type\":\"SearchAction\",\"target\":{\"@type\":\"EntryPoint\",\"urlTemplate\":\"https:\/\/crime-passionnel.com\/?s={search_term_string}\"},\"query-input\":{\"@type\":\"PropertyValueSpecification\",\"valueRequired\":true,\"valueName\":\"search_term_string\"}}],\"inLanguage\":\"da-DK\"},{\"@type\":\"Organization\",\"@id\":\"https:\/\/crime-passionnel.com\/#organization\",\"name\":\"Crime Passionnel\",\"url\":\"https:\/\/crime-passionnel.com\/\",\"logo\":{\"@type\":\"ImageObject\",\"inLanguage\":\"da-DK\",\"@id\":\"https:\/\/crime-passionnel.com\/#\/schema\/logo\/image\/\",\"url\":\"https:\/\/crime-passionnel.com\/wp-content\/uploads\/2021\/07\/logo.png\",\"contentUrl\":\"https:\/\/crime-passionnel.com\/wp-content\/uploads\/2021\/07\/logo.png\",\"width\":128,\"height\":50,\"caption\":\"Crime Passionnel\"},\"image\":{\"@id\":\"https:\/\/crime-passionnel.com\/#\/schema\/logo\/image\/\"},\"sameAs\":[\"https:\/\/www.facebook.com\/crimepassionnel\/\",\"https:\/\/www.instagram.com\/crime.passionnel\/\"]}]}<\/script>\n<!-- \/ Yoast SEO plugin. -->","yoast_head_json":{"title":"Rouge Assassin Eau de Parfum - Crime Passionnel Perfume Shop","description":"Rouge Assassin perfume is an homage to femininity that blends lipstick notes, with the scent of skin and echoes of Parisian cabarets.","robots":{"index":"index","follow":"follow","max-snippet":"max-snippet:-1","max-image-preview":"max-image-preview:large","max-video-preview":"max-video-preview:-1"},"canonical":"https:\/\/crime-passionnel.com\/da\/vare\/rouge-assassin\/","og_locale":"da_DK","og_type":"article","og_title":"Rouge Assassin Eau de Parfum - Crime Passionnel Perfume Shop","og_description":"Rouge Assassin perfume is an homage to femininity that blends lipstick notes, with the scent of skin and echoes of Parisian cabarets.","og_url":"https:\/\/crime-passionnel.com\/da\/vare\/rouge-assassin\/","og_site_name":"Crime Passionnel","article_publisher":"https:\/\/www.facebook.com\/crimepassionnel\/","article_modified_time":"2026-03-25T14:40:29+00:00","og_image":[{"width":1459,"height":1920,"url":"https:\/\/crime-passionnel.com\/wp-content\/uploads\/2022\/01\/00-NEW-ROUGE-ASSASSIN.jpg","type":"image\/jpeg"}],"twitter_card":"summary_large_image","twitter_misc":{"Estimeret l\u00e6setid":"2 minutter"},"schema":{"@context":"https:\/\/schema.org","@graph":[{"@type":"WebPage","@id":"https:\/\/crime-passionnel.com\/product\/rouge-assassin\/","url":"https:\/\/crime-passionnel.com\/product\/rouge-assassin\/","name":"Rouge Assassin Eau de Parfum - Crime Passionnel Perfume Shop","isPartOf":{"@id":"https:\/\/crime-passionnel.com\/#website"},"primaryImageOfPage":{"@id":"https:\/\/crime-passionnel.com\/product\/rouge-assassin\/#primaryimage"},"image":{"@id":"https:\/\/crime-passionnel.com\/product\/rouge-assassin\/#primaryimage"},"thumbnailUrl":"https:\/\/crime-passionnel.com\/wp-content\/uploads\/2022\/01\/00-NEW-ROUGE-ASSASSIN.jpg","datePublished":"2022-01-30T19:34:06+00:00","dateModified":"2026-03-25T14:40:29+00:00","description":"Rouge Assassin perfume is an homage to femininity that blends lipstick notes, with the scent of skin and echoes of Parisian cabarets.","breadcrumb":{"@id":"https:\/\/crime-passionnel.com\/product\/rouge-assassin\/#breadcrumb"},"inLanguage":"da-DK","potentialAction":[{"@type":"ReadAction","target":["https:\/\/crime-passionnel.com\/product\/rouge-assassin\/"]}]},{"@type":"ImageObject","inLanguage":"da-DK","@id":"https:\/\/crime-passionnel.com\/product\/rouge-assassin\/#primaryimage","url":"https:\/\/crime-passionnel.com\/wp-content\/uploads\/2022\/01\/00-NEW-ROUGE-ASSASSIN.jpg","contentUrl":"https:\/\/crime-passionnel.com\/wp-content\/uploads\/2022\/01\/00-NEW-ROUGE-ASSASSIN.jpg","width":1459,"height":1920,"caption":"ROUGE ASSASSIN"},{"@type":"BreadcrumbList","@id":"https:\/\/crime-passionnel.com\/product\/rouge-assassin\/#breadcrumb","itemListElement":[{"@type":"ListItem","position":1,"name":"Home","item":"https:\/\/crime-passionnel.com\/"},{"@type":"ListItem","position":2,"name":"Products","item":"https:\/\/crime-passionnel.com\/products\/"},{"@type":"ListItem","position":3,"name":"Rouge Assassin"}]},{"@type":"WebSite","@id":"https:\/\/crime-passionnel.com\/#website","url":"https:\/\/crime-passionnel.com\/","name":"Forbrydelse og lidenskab","description":"","publisher":{"@id":"https:\/\/crime-passionnel.com\/#organization"},"potentialAction":[{"@type":"SearchAction","target":{"@type":"EntryPoint","urlTemplate":"https:\/\/crime-passionnel.com\/?s={search_term_string}"},"query-input":{"@type":"PropertyValueSpecification","valueRequired":true,"valueName":"search_term_string"}}],"inLanguage":"da-DK"},{"@type":"Organization","@id":"https:\/\/crime-passionnel.com\/#organization","name":"Forbrydelse og lidenskab","url":"https:\/\/crime-passionnel.com\/","logo":{"@type":"ImageObject","inLanguage":"da-DK","@id":"https:\/\/crime-passionnel.com\/#\/schema\/logo\/image\/","url":"https:\/\/crime-passionnel.com\/wp-content\/uploads\/2021\/07\/logo.png","contentUrl":"https:\/\/crime-passionnel.com\/wp-content\/uploads\/2021\/07\/logo.png","width":128,"height":50,"caption":"Crime Passionnel"},"image":{"@id":"https:\/\/crime-passionnel.com\/#\/schema\/logo\/image\/"},"sameAs":["https:\/\/www.facebook.com\/crimepassionnel\/","https:\/\/www.instagram.com\/crime.passionnel\/"]}]}},"_links":{"self":[{"href":"https:\/\/crime-passionnel.com\/da\/wp-json\/wp\/v2\/product\/3507","targetHints":{"allow":["GET"]}}],"collection":[{"href":"https:\/\/crime-passionnel.com\/da\/wp-json\/wp\/v2\/product"}],"about":[{"href":"https:\/\/crime-passionnel.com\/da\/wp-json\/wp\/v2\/types\/product"}],"wp:featuredmedia":[{"embeddable":true,"href":"https:\/\/crime-passionnel.com\/da\/wp-json\/wp\/v2\/media\/4564"}],"wp:attachment":[{"href":"https:\/\/crime-passionnel.com\/da\/wp-json\/wp\/v2\/media?parent=3507"}],"wp:term":[{"taxonomy":"product_brand","embeddable":true,"href":"https:\/\/crime-passionnel.com\/da\/wp-json\/wp\/v2\/product_brand?post=3507"},{"taxonomy":"product_cat","embeddable":true,"href":"https:\/\/crime-passionnel.com\/da\/wp-json\/wp\/v2\/product_cat?post=3507"},{"taxonomy":"product_tag","embeddable":true,"href":"https:\/\/crime-passionnel.com\/da\/wp-json\/wp\/v2\/product_tag?post=3507"}],"curies":[{"name":"wp","href":"https:\/\/api.w.org\/{rel}","templated":true}]}}