{"id":3503,"date":"2022-01-30T19:23:42","date_gmt":"2022-01-30T19:23:42","guid":{"rendered":"http:\/\/crimepassionnel.nextwebdev.lt\/?post_type=product&#038;p=3503"},"modified":"2026-04-04T14:43:11","modified_gmt":"2026-04-04T14:43:11","slug":"remember-me","status":"publish","type":"product","link":"https:\/\/crime-passionnel.com\/da\/vare\/remember-me\/","title":{"rendered":"Husk mig"},"content":{"rendered":"<p>\u201dHvor ofte har du oplevet pludselig at blive indfanget af en duft og f\u00f8rt v\u00e6k? M\u00e5ske kommer duften fra terrassen p\u00e5 en caf\u00e9. M\u00e5ske fra en skjult have bag ved en mur. M\u00e5ske er det duften af en fremmed i menneskem\u00e6ngden. Og hvor ofte har du ikke \u00f8nsket at v\u00e6re, den der tryllebinder andre ved din duft alene.\u201d \u2013 Francois H\u00e9nin<\/p>\n<p>Som perfekt formede eksotiske dansere kaster fragnipani-blomsterne sig ud i en detaljeret og fortryllende koreografi, og mens deres blomsterfortryllelse tager fat, fuldender en fane af traditionel chai-te deres charme. Krydderier af ingef\u00e6r og kardemomme s\u00e6tter ild til en uimodst\u00e5elig sky af m\u00e6lkeagtige gourmandnoter.<br \/>\nEn fortryllelse i form af en parfume, der mumler ... \"Husk mig\".<\/p>\n<p>&nbsp;<\/p>\n<p>INGREDIENSER<\/p>\n<p>Noter: Citron. Bergamot. Kardemomme. Te. Ingef\u00e6r. Frangipani. M\u00e6lk. Vanilje. Tr\u00e6noter. Cedertr\u00e6.<\/p>","protected":false},"excerpt":{"rendered":"<div class=\"page\" title=\"Side 25\">\n<div class=\"layoutArea\">\n<div class=\"column\">\n<p>S\u00f8d, krydret og m\u00e6lket<\/p>\n<\/div>\n<\/div>\n<\/div>","protected":false},"featured_media":4515,"template":"","meta":{"_acf_changed":false},"product_brand":[],"product_cat":[432,15],"product_tag":[],"class_list":{"0":"post-3503","1":"product","2":"type-product","3":"status-publish","4":"has-post-thumbnail","6":"product_cat-travel-size","7":"product_cat-perfumes","8":"pa_brands-jovoy-paris","9":"pa_projection-stron","10":"pa_sizes-2ml-sample","11":"pa_sizes-15ml","12":"pa_sizes-100ml","13":"pa_style-spicy","14":"pa_style-sweet","16":"first","17":"instock","18":"taxable","19":"shipping-taxable","20":"purchasable","21":"product-type-variable","22":"add-to-wishlist-before_image"},"acf":[],"yoast_head":"<!-- This site is optimized with the Yoast SEO plugin v27.1.1 - https:\/\/yoast.com\/product\/yoast-seo-wordpress\/ -->\n<title>Remember Me Eau de Parfum - Crime Passionnel Perfume Shop<\/title>\n<meta name=\"description\" content=\"Spices of ginger and cardamom set ablaze an irresistible cloud of milky gourmand notes. A spell in the guise of a perfume that murmurs\u2026 \u201cRemember Me\u201d\" \/>\n<meta name=\"robots\" content=\"index, follow, max-snippet:-1, max-image-preview:large, max-video-preview:-1\" \/>\n<link rel=\"canonical\" href=\"https:\/\/crime-passionnel.com\/da\/vare\/remember-me\/\" \/>\n<meta property=\"og:locale\" content=\"da_DK\" \/>\n<meta property=\"og:type\" content=\"article\" \/>\n<meta property=\"og:title\" content=\"Remember Me Eau de Parfum - Crime Passionnel Perfume Shop\" \/>\n<meta property=\"og:description\" content=\"Spices of ginger and cardamom set ablaze an irresistible cloud of milky gourmand notes. A spell in the guise of a perfume that murmurs\u2026 \u201cRemember Me\u201d\" \/>\n<meta property=\"og:url\" content=\"https:\/\/crime-passionnel.com\/da\/vare\/remember-me\/\" \/>\n<meta property=\"og:site_name\" content=\"Crime Passionnel\" \/>\n<meta property=\"article:publisher\" content=\"https:\/\/www.facebook.com\/crimepassionnel\/\" \/>\n<meta property=\"article:modified_time\" content=\"2026-04-04T14:43:11+00:00\" \/>\n<meta property=\"og:image\" content=\"https:\/\/crime-passionnel.com\/wp-content\/uploads\/2022\/01\/REMEMBER-ME-1.jpg\" \/>\n\t<meta property=\"og:image:width\" content=\"1459\" \/>\n\t<meta property=\"og:image:height\" content=\"1920\" \/>\n\t<meta property=\"og:image:type\" content=\"image\/jpeg\" \/>\n<meta name=\"twitter:card\" content=\"summary_large_image\" \/>\n<meta name=\"twitter:label1\" content=\"Estimeret l\u00e6setid\" \/>\n\t<meta name=\"twitter:data1\" content=\"1 minut\" \/>\n<script type=\"application\/ld+json\" class=\"yoast-schema-graph\">{\"@context\":\"https:\/\/schema.org\",\"@graph\":[{\"@type\":\"WebPage\",\"@id\":\"https:\/\/crime-passionnel.com\/product\/remember-me\/\",\"url\":\"https:\/\/crime-passionnel.com\/product\/remember-me\/\",\"name\":\"Remember Me Eau de Parfum - Crime Passionnel Perfume Shop\",\"isPartOf\":{\"@id\":\"https:\/\/crime-passionnel.com\/#website\"},\"primaryImageOfPage\":{\"@id\":\"https:\/\/crime-passionnel.com\/product\/remember-me\/#primaryimage\"},\"image\":{\"@id\":\"https:\/\/crime-passionnel.com\/product\/remember-me\/#primaryimage\"},\"thumbnailUrl\":\"https:\/\/crime-passionnel.com\/wp-content\/uploads\/2022\/01\/REMEMBER-ME-1.jpg\",\"datePublished\":\"2022-01-30T19:23:42+00:00\",\"dateModified\":\"2026-04-04T14:43:11+00:00\",\"description\":\"Spices of ginger and cardamom set ablaze an irresistible cloud of milky gourmand notes. A spell in the guise of a perfume that murmurs\u2026 \u201cRemember Me\u201d\",\"breadcrumb\":{\"@id\":\"https:\/\/crime-passionnel.com\/product\/remember-me\/#breadcrumb\"},\"inLanguage\":\"da-DK\",\"potentialAction\":[{\"@type\":\"ReadAction\",\"target\":[\"https:\/\/crime-passionnel.com\/product\/remember-me\/\"]}]},{\"@type\":\"ImageObject\",\"inLanguage\":\"da-DK\",\"@id\":\"https:\/\/crime-passionnel.com\/product\/remember-me\/#primaryimage\",\"url\":\"https:\/\/crime-passionnel.com\/wp-content\/uploads\/2022\/01\/REMEMBER-ME-1.jpg\",\"contentUrl\":\"https:\/\/crime-passionnel.com\/wp-content\/uploads\/2022\/01\/REMEMBER-ME-1.jpg\",\"width\":1459,\"height\":1920,\"caption\":\"Remember Me Eau de Parfum\"},{\"@type\":\"BreadcrumbList\",\"@id\":\"https:\/\/crime-passionnel.com\/product\/remember-me\/#breadcrumb\",\"itemListElement\":[{\"@type\":\"ListItem\",\"position\":1,\"name\":\"Home\",\"item\":\"https:\/\/crime-passionnel.com\/\"},{\"@type\":\"ListItem\",\"position\":2,\"name\":\"Products\",\"item\":\"https:\/\/crime-passionnel.com\/products\/\"},{\"@type\":\"ListItem\",\"position\":3,\"name\":\"Remember Me\"}]},{\"@type\":\"WebSite\",\"@id\":\"https:\/\/crime-passionnel.com\/#website\",\"url\":\"https:\/\/crime-passionnel.com\/\",\"name\":\"Crime Passionnel\",\"description\":\"\",\"publisher\":{\"@id\":\"https:\/\/crime-passionnel.com\/#organization\"},\"potentialAction\":[{\"@type\":\"SearchAction\",\"target\":{\"@type\":\"EntryPoint\",\"urlTemplate\":\"https:\/\/crime-passionnel.com\/?s={search_term_string}\"},\"query-input\":{\"@type\":\"PropertyValueSpecification\",\"valueRequired\":true,\"valueName\":\"search_term_string\"}}],\"inLanguage\":\"da-DK\"},{\"@type\":\"Organization\",\"@id\":\"https:\/\/crime-passionnel.com\/#organization\",\"name\":\"Crime Passionnel\",\"url\":\"https:\/\/crime-passionnel.com\/\",\"logo\":{\"@type\":\"ImageObject\",\"inLanguage\":\"da-DK\",\"@id\":\"https:\/\/crime-passionnel.com\/#\/schema\/logo\/image\/\",\"url\":\"https:\/\/crime-passionnel.com\/wp-content\/uploads\/2021\/07\/logo.png\",\"contentUrl\":\"https:\/\/crime-passionnel.com\/wp-content\/uploads\/2021\/07\/logo.png\",\"width\":128,\"height\":50,\"caption\":\"Crime Passionnel\"},\"image\":{\"@id\":\"https:\/\/crime-passionnel.com\/#\/schema\/logo\/image\/\"},\"sameAs\":[\"https:\/\/www.facebook.com\/crimepassionnel\/\",\"https:\/\/www.instagram.com\/crime.passionnel\/\"]}]}<\/script>\n<!-- \/ Yoast SEO plugin. -->","yoast_head_json":{"title":"Remember Me Eau de Parfum - Crime Passionnel Perfume Shop","description":"Spices of ginger and cardamom set ablaze an irresistible cloud of milky gourmand notes. A spell in the guise of a perfume that murmurs\u2026 \u201cRemember Me\u201d","robots":{"index":"index","follow":"follow","max-snippet":"max-snippet:-1","max-image-preview":"max-image-preview:large","max-video-preview":"max-video-preview:-1"},"canonical":"https:\/\/crime-passionnel.com\/da\/vare\/remember-me\/","og_locale":"da_DK","og_type":"article","og_title":"Remember Me Eau de Parfum - Crime Passionnel Perfume Shop","og_description":"Spices of ginger and cardamom set ablaze an irresistible cloud of milky gourmand notes. A spell in the guise of a perfume that murmurs\u2026 \u201cRemember Me\u201d","og_url":"https:\/\/crime-passionnel.com\/da\/vare\/remember-me\/","og_site_name":"Crime Passionnel","article_publisher":"https:\/\/www.facebook.com\/crimepassionnel\/","article_modified_time":"2026-04-04T14:43:11+00:00","og_image":[{"width":1459,"height":1920,"url":"https:\/\/crime-passionnel.com\/wp-content\/uploads\/2022\/01\/REMEMBER-ME-1.jpg","type":"image\/jpeg"}],"twitter_card":"summary_large_image","twitter_misc":{"Estimeret l\u00e6setid":"1 minut"},"schema":{"@context":"https:\/\/schema.org","@graph":[{"@type":"WebPage","@id":"https:\/\/crime-passionnel.com\/product\/remember-me\/","url":"https:\/\/crime-passionnel.com\/product\/remember-me\/","name":"Remember Me Eau de Parfum - Crime Passionnel Perfume Shop","isPartOf":{"@id":"https:\/\/crime-passionnel.com\/#website"},"primaryImageOfPage":{"@id":"https:\/\/crime-passionnel.com\/product\/remember-me\/#primaryimage"},"image":{"@id":"https:\/\/crime-passionnel.com\/product\/remember-me\/#primaryimage"},"thumbnailUrl":"https:\/\/crime-passionnel.com\/wp-content\/uploads\/2022\/01\/REMEMBER-ME-1.jpg","datePublished":"2022-01-30T19:23:42+00:00","dateModified":"2026-04-04T14:43:11+00:00","description":"Spices of ginger and cardamom set ablaze an irresistible cloud of milky gourmand notes. A spell in the guise of a perfume that murmurs\u2026 \u201cRemember Me\u201d","breadcrumb":{"@id":"https:\/\/crime-passionnel.com\/product\/remember-me\/#breadcrumb"},"inLanguage":"da-DK","potentialAction":[{"@type":"ReadAction","target":["https:\/\/crime-passionnel.com\/product\/remember-me\/"]}]},{"@type":"ImageObject","inLanguage":"da-DK","@id":"https:\/\/crime-passionnel.com\/product\/remember-me\/#primaryimage","url":"https:\/\/crime-passionnel.com\/wp-content\/uploads\/2022\/01\/REMEMBER-ME-1.jpg","contentUrl":"https:\/\/crime-passionnel.com\/wp-content\/uploads\/2022\/01\/REMEMBER-ME-1.jpg","width":1459,"height":1920,"caption":"Remember Me Eau de Parfum"},{"@type":"BreadcrumbList","@id":"https:\/\/crime-passionnel.com\/product\/remember-me\/#breadcrumb","itemListElement":[{"@type":"ListItem","position":1,"name":"Home","item":"https:\/\/crime-passionnel.com\/"},{"@type":"ListItem","position":2,"name":"Products","item":"https:\/\/crime-passionnel.com\/products\/"},{"@type":"ListItem","position":3,"name":"Remember Me"}]},{"@type":"WebSite","@id":"https:\/\/crime-passionnel.com\/#website","url":"https:\/\/crime-passionnel.com\/","name":"Forbrydelse og lidenskab","description":"","publisher":{"@id":"https:\/\/crime-passionnel.com\/#organization"},"potentialAction":[{"@type":"SearchAction","target":{"@type":"EntryPoint","urlTemplate":"https:\/\/crime-passionnel.com\/?s={search_term_string}"},"query-input":{"@type":"PropertyValueSpecification","valueRequired":true,"valueName":"search_term_string"}}],"inLanguage":"da-DK"},{"@type":"Organization","@id":"https:\/\/crime-passionnel.com\/#organization","name":"Forbrydelse og lidenskab","url":"https:\/\/crime-passionnel.com\/","logo":{"@type":"ImageObject","inLanguage":"da-DK","@id":"https:\/\/crime-passionnel.com\/#\/schema\/logo\/image\/","url":"https:\/\/crime-passionnel.com\/wp-content\/uploads\/2021\/07\/logo.png","contentUrl":"https:\/\/crime-passionnel.com\/wp-content\/uploads\/2021\/07\/logo.png","width":128,"height":50,"caption":"Crime Passionnel"},"image":{"@id":"https:\/\/crime-passionnel.com\/#\/schema\/logo\/image\/"},"sameAs":["https:\/\/www.facebook.com\/crimepassionnel\/","https:\/\/www.instagram.com\/crime.passionnel\/"]}]}},"_links":{"self":[{"href":"https:\/\/crime-passionnel.com\/da\/wp-json\/wp\/v2\/product\/3503","targetHints":{"allow":["GET"]}}],"collection":[{"href":"https:\/\/crime-passionnel.com\/da\/wp-json\/wp\/v2\/product"}],"about":[{"href":"https:\/\/crime-passionnel.com\/da\/wp-json\/wp\/v2\/types\/product"}],"wp:featuredmedia":[{"embeddable":true,"href":"https:\/\/crime-passionnel.com\/da\/wp-json\/wp\/v2\/media\/4515"}],"wp:attachment":[{"href":"https:\/\/crime-passionnel.com\/da\/wp-json\/wp\/v2\/media?parent=3503"}],"wp:term":[{"taxonomy":"product_brand","embeddable":true,"href":"https:\/\/crime-passionnel.com\/da\/wp-json\/wp\/v2\/product_brand?post=3503"},{"taxonomy":"product_cat","embeddable":true,"href":"https:\/\/crime-passionnel.com\/da\/wp-json\/wp\/v2\/product_cat?post=3503"},{"taxonomy":"product_tag","embeddable":true,"href":"https:\/\/crime-passionnel.com\/da\/wp-json\/wp\/v2\/product_tag?post=3503"}],"curies":[{"name":"wp","href":"https:\/\/api.w.org\/{rel}","templated":true}]}}