{"id":3479,"date":"2022-01-30T17:28:59","date_gmt":"2022-01-30T17:28:59","guid":{"rendered":"http:\/\/crimepassionnel.nextwebdev.lt\/?post_type=product&#038;p=3479"},"modified":"2026-04-08T14:20:31","modified_gmt":"2026-04-08T14:20:31","slug":"la-liturgie-des-heures-perfume","status":"publish","type":"product","link":"https:\/\/crime-passionnel.com\/da\/vare\/la-liturgie-des-heures-perfume\/","title":{"rendered":"La Liturgie des Heures"},"content":{"rendered":"<p>\u201dLa Liturgie des Heures skaber et billede af et gammelt kloster, hvor duften af r\u00f8gelse og lyden af b\u00f8n h\u00e6nger i luften.\u201d \u2013 Francois Henin.<\/p>\n<p>Et katolsk kapel i Syditalien eller et kloster gemt v\u00e6k i de gr\u00e6ske bjerge hvor tiden er uden betydning. De k\u00f8lige fliser, glatte af \u00e5rhundredes slid, rammes af middelhavssolen br\u00e6ndende k\u00e6rtegn der hvisker om oph\u00f8jet og uendelig k\u00e6rlighed. Luften er tyk med en parfume af mystik og mysterier. R\u00f8gelse, olibanum og myrra; tidl\u00f8se dufte som baggrund for den dybf\u00f8lte passion, n\u00e5r der g\u00f8res klar til nadver.<\/p>\n<p>&nbsp;<\/p>\n<p>INGREDIENSER<\/p>\n<p>Topnoter: Papyrus. Vetiver. L\u00e6der.<\/p>\n<p>Mellemnoter: R\u00f8gelse. Olibanum. Cistus. Myrra.<\/p>\n<p>Basnoter: Musk.<\/p>","protected":false},"excerpt":{"rendered":"<div class=\"page\" title=\"Side 25\">\n<div class=\"layoutArea\">\n<div class=\"column\">\n<p>Br\u00e6ndende r\u00f8gelse i et kloster<\/p>\n<\/div>\n<\/div>\n<\/div>","protected":false},"featured_media":4568,"template":"","meta":{"_acf_changed":false},"product_brand":[],"product_cat":[15],"product_tag":[],"class_list":{"0":"post-3479","1":"product","2":"type-product","3":"status-publish","4":"has-post-thumbnail","6":"product_cat-perfumes","7":"pa_brands-jovoy-paris","8":"pa_projection-moderate","9":"pa_sizes-2ml-sample","10":"pa_sizes-100ml","11":"pa_style-oriental","12":"pa_style-woody","14":"first","15":"instock","16":"taxable","17":"shipping-taxable","18":"purchasable","19":"product-type-variable","20":"add-to-wishlist-before_image"},"acf":[],"yoast_head":"<!-- This site is optimized with the Yoast SEO plugin v27.1.1 - https:\/\/yoast.com\/product\/yoast-seo-wordpress\/ -->\n<title>La Liturgie des Heures Eau de Parfum - Crime Passionnel<\/title>\n<meta name=\"description\" content=\"La Liturgie des Heures fragrance - incense, olibanum and myrrh, immemorial aromas for entire, impetuous passion, ready for communion.\" \/>\n<meta name=\"robots\" content=\"index, follow, max-snippet:-1, max-image-preview:large, max-video-preview:-1\" \/>\n<link rel=\"canonical\" href=\"https:\/\/crime-passionnel.com\/da\/vare\/la-liturgie-des-heures-perfume\/\" \/>\n<meta property=\"og:locale\" content=\"da_DK\" \/>\n<meta property=\"og:type\" content=\"article\" \/>\n<meta property=\"og:title\" content=\"La Liturgie des Heures Eau de Parfum - Crime Passionnel\" \/>\n<meta property=\"og:description\" content=\"La Liturgie des Heures fragrance - incense, olibanum and myrrh, immemorial aromas for entire, impetuous passion, ready for communion.\" \/>\n<meta property=\"og:url\" content=\"https:\/\/crime-passionnel.com\/da\/vare\/la-liturgie-des-heures-perfume\/\" \/>\n<meta property=\"og:site_name\" content=\"Crime Passionnel\" \/>\n<meta property=\"article:publisher\" content=\"https:\/\/www.facebook.com\/crimepassionnel\/\" \/>\n<meta property=\"article:modified_time\" content=\"2026-04-08T14:20:31+00:00\" \/>\n<meta property=\"og:image\" content=\"https:\/\/crime-passionnel.com\/wp-content\/uploads\/2022\/01\/00-NEW-LA-LITURGIE-DES-HEURES.jpg\" \/>\n\t<meta property=\"og:image:width\" content=\"1459\" \/>\n\t<meta property=\"og:image:height\" content=\"1920\" \/>\n\t<meta property=\"og:image:type\" content=\"image\/jpeg\" \/>\n<meta name=\"twitter:card\" content=\"summary_large_image\" \/>\n<meta name=\"twitter:label1\" content=\"Estimeret l\u00e6setid\" \/>\n\t<meta name=\"twitter:data1\" content=\"1 minut\" \/>\n<script type=\"application\/ld+json\" class=\"yoast-schema-graph\">{\"@context\":\"https:\/\/schema.org\",\"@graph\":[{\"@type\":\"WebPage\",\"@id\":\"https:\/\/crime-passionnel.com\/product\/la-liturgie-des-heures-perfume\/\",\"url\":\"https:\/\/crime-passionnel.com\/product\/la-liturgie-des-heures-perfume\/\",\"name\":\"La Liturgie des Heures Eau de Parfum - Crime Passionnel\",\"isPartOf\":{\"@id\":\"https:\/\/crime-passionnel.com\/#website\"},\"primaryImageOfPage\":{\"@id\":\"https:\/\/crime-passionnel.com\/product\/la-liturgie-des-heures-perfume\/#primaryimage\"},\"image\":{\"@id\":\"https:\/\/crime-passionnel.com\/product\/la-liturgie-des-heures-perfume\/#primaryimage\"},\"thumbnailUrl\":\"https:\/\/crime-passionnel.com\/wp-content\/uploads\/2022\/01\/00-NEW-LA-LITURGIE-DES-HEURES.jpg\",\"datePublished\":\"2022-01-30T17:28:59+00:00\",\"dateModified\":\"2026-04-08T14:20:31+00:00\",\"description\":\"La Liturgie des Heures fragrance - incense, olibanum and myrrh, immemorial aromas for entire, impetuous passion, ready for communion.\",\"breadcrumb\":{\"@id\":\"https:\/\/crime-passionnel.com\/product\/la-liturgie-des-heures-perfume\/#breadcrumb\"},\"inLanguage\":\"da-DK\",\"potentialAction\":[{\"@type\":\"ReadAction\",\"target\":[\"https:\/\/crime-passionnel.com\/product\/la-liturgie-des-heures-perfume\/\"]}]},{\"@type\":\"ImageObject\",\"inLanguage\":\"da-DK\",\"@id\":\"https:\/\/crime-passionnel.com\/product\/la-liturgie-des-heures-perfume\/#primaryimage\",\"url\":\"https:\/\/crime-passionnel.com\/wp-content\/uploads\/2022\/01\/00-NEW-LA-LITURGIE-DES-HEURES.jpg\",\"contentUrl\":\"https:\/\/crime-passionnel.com\/wp-content\/uploads\/2022\/01\/00-NEW-LA-LITURGIE-DES-HEURES.jpg\",\"width\":1459,\"height\":1920,\"caption\":\"La Liturgie des Heures Eau de Parfum\"},{\"@type\":\"BreadcrumbList\",\"@id\":\"https:\/\/crime-passionnel.com\/product\/la-liturgie-des-heures-perfume\/#breadcrumb\",\"itemListElement\":[{\"@type\":\"ListItem\",\"position\":1,\"name\":\"Home\",\"item\":\"https:\/\/crime-passionnel.com\/\"},{\"@type\":\"ListItem\",\"position\":2,\"name\":\"Products\",\"item\":\"https:\/\/crime-passionnel.com\/products\/\"},{\"@type\":\"ListItem\",\"position\":3,\"name\":\"La Liturgie des Heures\"}]},{\"@type\":\"WebSite\",\"@id\":\"https:\/\/crime-passionnel.com\/#website\",\"url\":\"https:\/\/crime-passionnel.com\/\",\"name\":\"Crime Passionnel\",\"description\":\"\",\"publisher\":{\"@id\":\"https:\/\/crime-passionnel.com\/#organization\"},\"potentialAction\":[{\"@type\":\"SearchAction\",\"target\":{\"@type\":\"EntryPoint\",\"urlTemplate\":\"https:\/\/crime-passionnel.com\/?s={search_term_string}\"},\"query-input\":{\"@type\":\"PropertyValueSpecification\",\"valueRequired\":true,\"valueName\":\"search_term_string\"}}],\"inLanguage\":\"da-DK\"},{\"@type\":\"Organization\",\"@id\":\"https:\/\/crime-passionnel.com\/#organization\",\"name\":\"Crime Passionnel\",\"url\":\"https:\/\/crime-passionnel.com\/\",\"logo\":{\"@type\":\"ImageObject\",\"inLanguage\":\"da-DK\",\"@id\":\"https:\/\/crime-passionnel.com\/#\/schema\/logo\/image\/\",\"url\":\"https:\/\/crime-passionnel.com\/wp-content\/uploads\/2021\/07\/logo.png\",\"contentUrl\":\"https:\/\/crime-passionnel.com\/wp-content\/uploads\/2021\/07\/logo.png\",\"width\":128,\"height\":50,\"caption\":\"Crime Passionnel\"},\"image\":{\"@id\":\"https:\/\/crime-passionnel.com\/#\/schema\/logo\/image\/\"},\"sameAs\":[\"https:\/\/www.facebook.com\/crimepassionnel\/\",\"https:\/\/www.instagram.com\/crime.passionnel\/\"]}]}<\/script>\n<!-- \/ Yoast SEO plugin. -->","yoast_head_json":{"title":"La Liturgie des Heures Eau de Parfum - Crime Passionnel","description":"La Liturgie des Heures fragrance - incense, olibanum and myrrh, immemorial aromas for entire, impetuous passion, ready for communion.","robots":{"index":"index","follow":"follow","max-snippet":"max-snippet:-1","max-image-preview":"max-image-preview:large","max-video-preview":"max-video-preview:-1"},"canonical":"https:\/\/crime-passionnel.com\/da\/vare\/la-liturgie-des-heures-perfume\/","og_locale":"da_DK","og_type":"article","og_title":"La Liturgie des Heures Eau de Parfum - Crime Passionnel","og_description":"La Liturgie des Heures fragrance - incense, olibanum and myrrh, immemorial aromas for entire, impetuous passion, ready for communion.","og_url":"https:\/\/crime-passionnel.com\/da\/vare\/la-liturgie-des-heures-perfume\/","og_site_name":"Crime Passionnel","article_publisher":"https:\/\/www.facebook.com\/crimepassionnel\/","article_modified_time":"2026-04-08T14:20:31+00:00","og_image":[{"width":1459,"height":1920,"url":"https:\/\/crime-passionnel.com\/wp-content\/uploads\/2022\/01\/00-NEW-LA-LITURGIE-DES-HEURES.jpg","type":"image\/jpeg"}],"twitter_card":"summary_large_image","twitter_misc":{"Estimeret l\u00e6setid":"1 minut"},"schema":{"@context":"https:\/\/schema.org","@graph":[{"@type":"WebPage","@id":"https:\/\/crime-passionnel.com\/product\/la-liturgie-des-heures-perfume\/","url":"https:\/\/crime-passionnel.com\/product\/la-liturgie-des-heures-perfume\/","name":"La Liturgie des Heures Eau de Parfum - Crime Passionnel","isPartOf":{"@id":"https:\/\/crime-passionnel.com\/#website"},"primaryImageOfPage":{"@id":"https:\/\/crime-passionnel.com\/product\/la-liturgie-des-heures-perfume\/#primaryimage"},"image":{"@id":"https:\/\/crime-passionnel.com\/product\/la-liturgie-des-heures-perfume\/#primaryimage"},"thumbnailUrl":"https:\/\/crime-passionnel.com\/wp-content\/uploads\/2022\/01\/00-NEW-LA-LITURGIE-DES-HEURES.jpg","datePublished":"2022-01-30T17:28:59+00:00","dateModified":"2026-04-08T14:20:31+00:00","description":"La Liturgie des Heures fragrance - incense, olibanum and myrrh, immemorial aromas for entire, impetuous passion, ready for communion.","breadcrumb":{"@id":"https:\/\/crime-passionnel.com\/product\/la-liturgie-des-heures-perfume\/#breadcrumb"},"inLanguage":"da-DK","potentialAction":[{"@type":"ReadAction","target":["https:\/\/crime-passionnel.com\/product\/la-liturgie-des-heures-perfume\/"]}]},{"@type":"ImageObject","inLanguage":"da-DK","@id":"https:\/\/crime-passionnel.com\/product\/la-liturgie-des-heures-perfume\/#primaryimage","url":"https:\/\/crime-passionnel.com\/wp-content\/uploads\/2022\/01\/00-NEW-LA-LITURGIE-DES-HEURES.jpg","contentUrl":"https:\/\/crime-passionnel.com\/wp-content\/uploads\/2022\/01\/00-NEW-LA-LITURGIE-DES-HEURES.jpg","width":1459,"height":1920,"caption":"La Liturgie des Heures Eau de Parfum"},{"@type":"BreadcrumbList","@id":"https:\/\/crime-passionnel.com\/product\/la-liturgie-des-heures-perfume\/#breadcrumb","itemListElement":[{"@type":"ListItem","position":1,"name":"Home","item":"https:\/\/crime-passionnel.com\/"},{"@type":"ListItem","position":2,"name":"Products","item":"https:\/\/crime-passionnel.com\/products\/"},{"@type":"ListItem","position":3,"name":"La Liturgie des Heures"}]},{"@type":"WebSite","@id":"https:\/\/crime-passionnel.com\/#website","url":"https:\/\/crime-passionnel.com\/","name":"Forbrydelse og lidenskab","description":"","publisher":{"@id":"https:\/\/crime-passionnel.com\/#organization"},"potentialAction":[{"@type":"SearchAction","target":{"@type":"EntryPoint","urlTemplate":"https:\/\/crime-passionnel.com\/?s={search_term_string}"},"query-input":{"@type":"PropertyValueSpecification","valueRequired":true,"valueName":"search_term_string"}}],"inLanguage":"da-DK"},{"@type":"Organization","@id":"https:\/\/crime-passionnel.com\/#organization","name":"Forbrydelse og lidenskab","url":"https:\/\/crime-passionnel.com\/","logo":{"@type":"ImageObject","inLanguage":"da-DK","@id":"https:\/\/crime-passionnel.com\/#\/schema\/logo\/image\/","url":"https:\/\/crime-passionnel.com\/wp-content\/uploads\/2021\/07\/logo.png","contentUrl":"https:\/\/crime-passionnel.com\/wp-content\/uploads\/2021\/07\/logo.png","width":128,"height":50,"caption":"Crime Passionnel"},"image":{"@id":"https:\/\/crime-passionnel.com\/#\/schema\/logo\/image\/"},"sameAs":["https:\/\/www.facebook.com\/crimepassionnel\/","https:\/\/www.instagram.com\/crime.passionnel\/"]}]}},"_links":{"self":[{"href":"https:\/\/crime-passionnel.com\/da\/wp-json\/wp\/v2\/product\/3479","targetHints":{"allow":["GET"]}}],"collection":[{"href":"https:\/\/crime-passionnel.com\/da\/wp-json\/wp\/v2\/product"}],"about":[{"href":"https:\/\/crime-passionnel.com\/da\/wp-json\/wp\/v2\/types\/product"}],"wp:featuredmedia":[{"embeddable":true,"href":"https:\/\/crime-passionnel.com\/da\/wp-json\/wp\/v2\/media\/4568"}],"wp:attachment":[{"href":"https:\/\/crime-passionnel.com\/da\/wp-json\/wp\/v2\/media?parent=3479"}],"wp:term":[{"taxonomy":"product_brand","embeddable":true,"href":"https:\/\/crime-passionnel.com\/da\/wp-json\/wp\/v2\/product_brand?post=3479"},{"taxonomy":"product_cat","embeddable":true,"href":"https:\/\/crime-passionnel.com\/da\/wp-json\/wp\/v2\/product_cat?post=3479"},{"taxonomy":"product_tag","embeddable":true,"href":"https:\/\/crime-passionnel.com\/da\/wp-json\/wp\/v2\/product_tag?post=3479"}],"curies":[{"name":"wp","href":"https:\/\/api.w.org\/{rel}","templated":true}]}}