{"id":3458,"date":"2022-01-29T21:26:30","date_gmt":"2022-01-29T21:26:30","guid":{"rendered":"http:\/\/crimepassionnel.nextwebdev.lt\/?post_type=product&#038;p=3458"},"modified":"2026-03-24T15:44:04","modified_gmt":"2026-03-24T15:44:04","slug":"fire-at-will","status":"publish","type":"product","link":"https:\/\/crime-passionnel.com\/da\/vare\/fire-at-will\/","title":{"rendered":"Skyd efter forgodtbefindende"},"content":{"rendered":"<p>Vanilla og Mimosa, intensitet og subtilitet, forf\u00f8relse og fortryllelse, en duo, der er parfumeret af den uafh\u00e6ngige parfumeur Vanina Muracciole, som leverer l\u00f8ftet om lokkende m\u00f8der og en tilbagevenden til mere lethed.<br \/>\nI begyndelsen er der selvf\u00f8lgelig vanilje, men det er en uventet vanilje - subtil, \u00e6terisk, som om den sv\u00e6ver, med en unik note af honningagtig, pulveragtig mimose. Dern\u00e6st kommer en vanilje, der er gourmand, men ikke berusende, frugtagtig, men ikke bagt, mellem en \u201crigtig\u201d vaniljeis og s\u00f8de l\u00f8fter, der giver ekko som l\u00e6ngselsfulde kys.<br \/>\nEt utvetydigt duftspor, udformet som et vink med en vognstang, der v\u00e6kker appetitten og kaster spotlight p\u00e5 den, der b\u00e6rer den. Uanset om din personlighed er diskret eller tv\u00e6rtimod helt intens, er FIRE AT WILL skabt til dem, der aldrig \u00f8nsker at g\u00e5 ubem\u00e6rket hen igen.<\/p>\n<p>&nbsp;<\/p>\n<p>INGREDIENSER<\/p>\n<p>Topnoter: Mimose abs. Frankrig. Vanilje abs.<\/p>\n<p>Mellemnoter: Vaniljesukker. Brunt farin.<\/p>\n<p>Basenoter: Buket af hvid musk. Amber. Vetiver.<\/p>","protected":false},"excerpt":{"rendered":"<div class=\"page\" title=\"Side 25\">\n<div class=\"layoutArea\">\n<div class=\"column\">\n<p>Vanilje og mimosa<\/p>\n<\/div>\n<\/div>\n<\/div>","protected":false},"featured_media":32422,"template":"","meta":{"_acf_changed":false},"product_brand":[],"product_cat":[418,432,15],"product_tag":[],"class_list":{"0":"post-3458","1":"product","2":"type-product","3":"status-publish","4":"has-post-thumbnail","6":"product_cat-new-arrivals","7":"product_cat-travel-size","8":"product_cat-perfumes","9":"pa_brands-jovoy-paris","10":"pa_projection-moderate","11":"pa_sizes-75ml","12":"pa_sizes-2ml-sample","13":"pa_sizes-15ml","14":"pa_style-sweet","16":"first","17":"instock","18":"taxable","19":"shipping-taxable","20":"purchasable","21":"product-type-variable","22":"add-to-wishlist-before_image"},"acf":[],"yoast_head":"<!-- This site is optimized with the Yoast SEO plugin v27.1.1 - https:\/\/yoast.com\/product\/yoast-seo-wordpress\/ -->\n<title>Fire At Will Eau de Parfum - Crime Passionnel Perfumes Online<\/title>\n<meta name=\"description\" content=\"Whether your personality is discreet or completely intense, FIRE AT WILL perfume is made for those who wish never to go unnoticed again.\" \/>\n<meta name=\"robots\" content=\"index, follow, max-snippet:-1, max-image-preview:large, max-video-preview:-1\" \/>\n<link rel=\"canonical\" href=\"https:\/\/crime-passionnel.com\/da\/vare\/fire-at-will\/\" \/>\n<meta property=\"og:locale\" content=\"da_DK\" \/>\n<meta property=\"og:type\" content=\"article\" \/>\n<meta property=\"og:title\" content=\"Fire At Will Eau de Parfum - Crime Passionnel Perfumes Online\" \/>\n<meta property=\"og:description\" content=\"Whether your personality is discreet or completely intense, FIRE AT WILL perfume is made for those who wish never to go unnoticed again.\" \/>\n<meta property=\"og:url\" content=\"https:\/\/crime-passionnel.com\/da\/vare\/fire-at-will\/\" \/>\n<meta property=\"og:site_name\" content=\"Crime Passionnel\" \/>\n<meta property=\"article:publisher\" content=\"https:\/\/www.facebook.com\/crimepassionnel\/\" \/>\n<meta property=\"article:modified_time\" content=\"2026-03-24T15:44:04+00:00\" \/>\n<meta property=\"og:image\" content=\"https:\/\/crime-passionnel.com\/wp-content\/uploads\/2022\/01\/Fire-At-Will-75ml-scaled.jpg\" \/>\n\t<meta property=\"og:image:width\" content=\"1945\" \/>\n\t<meta property=\"og:image:height\" content=\"2560\" \/>\n\t<meta property=\"og:image:type\" content=\"image\/jpeg\" \/>\n<meta name=\"twitter:card\" content=\"summary_large_image\" \/>\n<meta name=\"twitter:label1\" content=\"Estimeret l\u00e6setid\" \/>\n\t<meta name=\"twitter:data1\" content=\"1 minut\" \/>\n<script type=\"application\/ld+json\" class=\"yoast-schema-graph\">{\"@context\":\"https:\/\/schema.org\",\"@graph\":[{\"@type\":\"WebPage\",\"@id\":\"https:\/\/crime-passionnel.com\/product\/fire-at-will\/\",\"url\":\"https:\/\/crime-passionnel.com\/product\/fire-at-will\/\",\"name\":\"Fire At Will Eau de Parfum - Crime Passionnel Perfumes Online\",\"isPartOf\":{\"@id\":\"https:\/\/crime-passionnel.com\/#website\"},\"primaryImageOfPage\":{\"@id\":\"https:\/\/crime-passionnel.com\/product\/fire-at-will\/#primaryimage\"},\"image\":{\"@id\":\"https:\/\/crime-passionnel.com\/product\/fire-at-will\/#primaryimage\"},\"thumbnailUrl\":\"https:\/\/crime-passionnel.com\/wp-content\/uploads\/2022\/01\/Fire-At-Will-75ml-scaled.jpg\",\"datePublished\":\"2022-01-29T21:26:30+00:00\",\"dateModified\":\"2026-03-24T15:44:04+00:00\",\"description\":\"Whether your personality is discreet or completely intense, FIRE AT WILL perfume is made for those who wish never to go unnoticed again.\",\"breadcrumb\":{\"@id\":\"https:\/\/crime-passionnel.com\/product\/fire-at-will\/#breadcrumb\"},\"inLanguage\":\"da-DK\",\"potentialAction\":[{\"@type\":\"ReadAction\",\"target\":[\"https:\/\/crime-passionnel.com\/product\/fire-at-will\/\"]}]},{\"@type\":\"ImageObject\",\"inLanguage\":\"da-DK\",\"@id\":\"https:\/\/crime-passionnel.com\/product\/fire-at-will\/#primaryimage\",\"url\":\"https:\/\/crime-passionnel.com\/wp-content\/uploads\/2022\/01\/Fire-At-Will-75ml-scaled.jpg\",\"contentUrl\":\"https:\/\/crime-passionnel.com\/wp-content\/uploads\/2022\/01\/Fire-At-Will-75ml-scaled.jpg\",\"width\":1945,\"height\":2560,\"caption\":\"Fire At Will\"},{\"@type\":\"BreadcrumbList\",\"@id\":\"https:\/\/crime-passionnel.com\/product\/fire-at-will\/#breadcrumb\",\"itemListElement\":[{\"@type\":\"ListItem\",\"position\":1,\"name\":\"Home\",\"item\":\"https:\/\/crime-passionnel.com\/\"},{\"@type\":\"ListItem\",\"position\":2,\"name\":\"Products\",\"item\":\"https:\/\/crime-passionnel.com\/products\/\"},{\"@type\":\"ListItem\",\"position\":3,\"name\":\"Fire At Will\"}]},{\"@type\":\"WebSite\",\"@id\":\"https:\/\/crime-passionnel.com\/#website\",\"url\":\"https:\/\/crime-passionnel.com\/\",\"name\":\"Crime Passionnel\",\"description\":\"\",\"publisher\":{\"@id\":\"https:\/\/crime-passionnel.com\/#organization\"},\"potentialAction\":[{\"@type\":\"SearchAction\",\"target\":{\"@type\":\"EntryPoint\",\"urlTemplate\":\"https:\/\/crime-passionnel.com\/?s={search_term_string}\"},\"query-input\":{\"@type\":\"PropertyValueSpecification\",\"valueRequired\":true,\"valueName\":\"search_term_string\"}}],\"inLanguage\":\"da-DK\"},{\"@type\":\"Organization\",\"@id\":\"https:\/\/crime-passionnel.com\/#organization\",\"name\":\"Crime Passionnel\",\"url\":\"https:\/\/crime-passionnel.com\/\",\"logo\":{\"@type\":\"ImageObject\",\"inLanguage\":\"da-DK\",\"@id\":\"https:\/\/crime-passionnel.com\/#\/schema\/logo\/image\/\",\"url\":\"https:\/\/crime-passionnel.com\/wp-content\/uploads\/2021\/07\/logo.png\",\"contentUrl\":\"https:\/\/crime-passionnel.com\/wp-content\/uploads\/2021\/07\/logo.png\",\"width\":128,\"height\":50,\"caption\":\"Crime Passionnel\"},\"image\":{\"@id\":\"https:\/\/crime-passionnel.com\/#\/schema\/logo\/image\/\"},\"sameAs\":[\"https:\/\/www.facebook.com\/crimepassionnel\/\",\"https:\/\/www.instagram.com\/crime.passionnel\/\"]}]}<\/script>\n<!-- \/ Yoast SEO plugin. -->","yoast_head_json":{"title":"Fire At Will Eau de Parfum - Crime Passionnel Perfumes Online","description":"Whether your personality is discreet or completely intense, FIRE AT WILL perfume is made for those who wish never to go unnoticed again.","robots":{"index":"index","follow":"follow","max-snippet":"max-snippet:-1","max-image-preview":"max-image-preview:large","max-video-preview":"max-video-preview:-1"},"canonical":"https:\/\/crime-passionnel.com\/da\/vare\/fire-at-will\/","og_locale":"da_DK","og_type":"article","og_title":"Fire At Will Eau de Parfum - Crime Passionnel Perfumes Online","og_description":"Whether your personality is discreet or completely intense, FIRE AT WILL perfume is made for those who wish never to go unnoticed again.","og_url":"https:\/\/crime-passionnel.com\/da\/vare\/fire-at-will\/","og_site_name":"Crime Passionnel","article_publisher":"https:\/\/www.facebook.com\/crimepassionnel\/","article_modified_time":"2026-03-24T15:44:04+00:00","og_image":[{"width":1945,"height":2560,"url":"https:\/\/crime-passionnel.com\/wp-content\/uploads\/2022\/01\/Fire-At-Will-75ml-scaled.jpg","type":"image\/jpeg"}],"twitter_card":"summary_large_image","twitter_misc":{"Estimeret l\u00e6setid":"1 minut"},"schema":{"@context":"https:\/\/schema.org","@graph":[{"@type":"WebPage","@id":"https:\/\/crime-passionnel.com\/product\/fire-at-will\/","url":"https:\/\/crime-passionnel.com\/product\/fire-at-will\/","name":"Fire At Will Eau de Parfum - Crime Passionnel Perfumes Online","isPartOf":{"@id":"https:\/\/crime-passionnel.com\/#website"},"primaryImageOfPage":{"@id":"https:\/\/crime-passionnel.com\/product\/fire-at-will\/#primaryimage"},"image":{"@id":"https:\/\/crime-passionnel.com\/product\/fire-at-will\/#primaryimage"},"thumbnailUrl":"https:\/\/crime-passionnel.com\/wp-content\/uploads\/2022\/01\/Fire-At-Will-75ml-scaled.jpg","datePublished":"2022-01-29T21:26:30+00:00","dateModified":"2026-03-24T15:44:04+00:00","description":"Whether your personality is discreet or completely intense, FIRE AT WILL perfume is made for those who wish never to go unnoticed again.","breadcrumb":{"@id":"https:\/\/crime-passionnel.com\/product\/fire-at-will\/#breadcrumb"},"inLanguage":"da-DK","potentialAction":[{"@type":"ReadAction","target":["https:\/\/crime-passionnel.com\/product\/fire-at-will\/"]}]},{"@type":"ImageObject","inLanguage":"da-DK","@id":"https:\/\/crime-passionnel.com\/product\/fire-at-will\/#primaryimage","url":"https:\/\/crime-passionnel.com\/wp-content\/uploads\/2022\/01\/Fire-At-Will-75ml-scaled.jpg","contentUrl":"https:\/\/crime-passionnel.com\/wp-content\/uploads\/2022\/01\/Fire-At-Will-75ml-scaled.jpg","width":1945,"height":2560,"caption":"Fire At Will"},{"@type":"BreadcrumbList","@id":"https:\/\/crime-passionnel.com\/product\/fire-at-will\/#breadcrumb","itemListElement":[{"@type":"ListItem","position":1,"name":"Home","item":"https:\/\/crime-passionnel.com\/"},{"@type":"ListItem","position":2,"name":"Products","item":"https:\/\/crime-passionnel.com\/products\/"},{"@type":"ListItem","position":3,"name":"Fire At Will"}]},{"@type":"WebSite","@id":"https:\/\/crime-passionnel.com\/#website","url":"https:\/\/crime-passionnel.com\/","name":"Forbrydelse og lidenskab","description":"","publisher":{"@id":"https:\/\/crime-passionnel.com\/#organization"},"potentialAction":[{"@type":"SearchAction","target":{"@type":"EntryPoint","urlTemplate":"https:\/\/crime-passionnel.com\/?s={search_term_string}"},"query-input":{"@type":"PropertyValueSpecification","valueRequired":true,"valueName":"search_term_string"}}],"inLanguage":"da-DK"},{"@type":"Organization","@id":"https:\/\/crime-passionnel.com\/#organization","name":"Forbrydelse og lidenskab","url":"https:\/\/crime-passionnel.com\/","logo":{"@type":"ImageObject","inLanguage":"da-DK","@id":"https:\/\/crime-passionnel.com\/#\/schema\/logo\/image\/","url":"https:\/\/crime-passionnel.com\/wp-content\/uploads\/2021\/07\/logo.png","contentUrl":"https:\/\/crime-passionnel.com\/wp-content\/uploads\/2021\/07\/logo.png","width":128,"height":50,"caption":"Crime Passionnel"},"image":{"@id":"https:\/\/crime-passionnel.com\/#\/schema\/logo\/image\/"},"sameAs":["https:\/\/www.facebook.com\/crimepassionnel\/","https:\/\/www.instagram.com\/crime.passionnel\/"]}]}},"_links":{"self":[{"href":"https:\/\/crime-passionnel.com\/da\/wp-json\/wp\/v2\/product\/3458","targetHints":{"allow":["GET"]}}],"collection":[{"href":"https:\/\/crime-passionnel.com\/da\/wp-json\/wp\/v2\/product"}],"about":[{"href":"https:\/\/crime-passionnel.com\/da\/wp-json\/wp\/v2\/types\/product"}],"wp:featuredmedia":[{"embeddable":true,"href":"https:\/\/crime-passionnel.com\/da\/wp-json\/wp\/v2\/media\/32422"}],"wp:attachment":[{"href":"https:\/\/crime-passionnel.com\/da\/wp-json\/wp\/v2\/media?parent=3458"}],"wp:term":[{"taxonomy":"product_brand","embeddable":true,"href":"https:\/\/crime-passionnel.com\/da\/wp-json\/wp\/v2\/product_brand?post=3458"},{"taxonomy":"product_cat","embeddable":true,"href":"https:\/\/crime-passionnel.com\/da\/wp-json\/wp\/v2\/product_cat?post=3458"},{"taxonomy":"product_tag","embeddable":true,"href":"https:\/\/crime-passionnel.com\/da\/wp-json\/wp\/v2\/product_tag?post=3458"}],"curies":[{"name":"wp","href":"https:\/\/api.w.org\/{rel}","templated":true}]}}