{"id":3356,"date":"2022-01-26T23:18:43","date_gmt":"2022-01-26T23:18:43","guid":{"rendered":"http:\/\/crimepassionnel.nextwebdev.lt\/?post_type=product&#038;p=3356"},"modified":"2025-12-26T10:15:32","modified_gmt":"2025-12-26T10:15:32","slug":"no6-incense-rose","status":"publish","type":"product","link":"https:\/\/crime-passionnel.com\/da\/vare\/no6-incense-rose\/","title":{"rendered":"No6 R\u00f8gelse Ros\u00e9"},"content":{"rendered":"<p>Incense Ros\u00e9 er en elegant, orientalsk inspireret, duft: Levende, rig og hemmelighedsfuld.\nForestil dig et flyvende t\u00e6ppe af rosenblade, flyvende igennem r\u00f8gen af frankincense, med en sky af rose og citrusnoter omkring sig, der lander bl\u00f8dt i en base af m\u00f8rk, balsamisk, harpiks.<\/p>\n<p>INGREDIENSER<\/p>\n<p>Topnoter: Bergamot. Klementin. Kardemomme. Rose.<\/p>\n<p>Mellemnoter: R\u00f8gelse. Iris rod. Castoreum.<\/p>\n<p>Basenoter: Cedertr\u00e6, Texas. Vetiver. Myrra. Patchouli.<\/p>","protected":false},"excerpt":{"rendered":"<p>Levende, rig og hemmelighedsfuld<\/p>","protected":false},"featured_media":4201,"template":"","meta":{"_acf_changed":false},"product_brand":[],"product_cat":[15],"product_tag":[],"class_list":{"0":"post-3356","1":"product","2":"type-product","3":"status-publish","4":"has-post-thumbnail","6":"product_cat-perfumes","7":"pa_brands-andy-tauer","8":"pa_projection-stron","9":"pa_sizes-2ml-sample","10":"pa_sizes-50ml","11":"pa_style-oriental","12":"pa_style-spicy","13":"pa_style-woody","15":"first","16":"instock","17":"taxable","18":"shipping-taxable","19":"purchasable","20":"product-type-variable","21":"add-to-wishlist-before_image"},"acf":[],"yoast_head":"<!-- This site is optimized with the Yoast SEO plugin v27.1.1 - https:\/\/yoast.com\/product\/yoast-seo-wordpress\/ -->\n<title>No6 Incense Ros\u00e9 Eau de Parfum - Crime Passionnel<\/title>\n<meta name=\"description\" content=\"Incense ros\u00e9 - an elegant oriental fragrance, imagine a flying oriental carpet with floating rose petals, passing through smoking frankincense.\" \/>\n<meta name=\"robots\" content=\"index, follow, max-snippet:-1, max-image-preview:large, max-video-preview:-1\" \/>\n<link rel=\"canonical\" href=\"https:\/\/crime-passionnel.com\/da\/vare\/no6-incense-rose\/\" \/>\n<meta property=\"og:locale\" content=\"da_DK\" \/>\n<meta property=\"og:type\" content=\"article\" \/>\n<meta property=\"og:title\" content=\"No6 Incense Ros\u00e9 Eau de Parfum - Crime Passionnel\" \/>\n<meta property=\"og:description\" content=\"Incense ros\u00e9 - an elegant oriental fragrance, imagine a flying oriental carpet with floating rose petals, passing through smoking frankincense.\" \/>\n<meta property=\"og:url\" content=\"https:\/\/crime-passionnel.com\/da\/vare\/no6-incense-rose\/\" \/>\n<meta property=\"og:site_name\" content=\"Crime Passionnel\" \/>\n<meta property=\"article:publisher\" content=\"https:\/\/www.facebook.com\/crimepassionnel\/\" \/>\n<meta property=\"article:modified_time\" content=\"2025-12-26T10:15:32+00:00\" \/>\n<meta property=\"og:image\" content=\"https:\/\/crime-passionnel.com\/wp-content\/uploads\/2022\/01\/Incense-Rose-scaled.jpg\" \/>\n\t<meta property=\"og:image:width\" content=\"1459\" \/>\n\t<meta property=\"og:image:height\" content=\"1920\" \/>\n\t<meta property=\"og:image:type\" content=\"image\/jpeg\" \/>\n<meta name=\"twitter:card\" content=\"summary_large_image\" \/>\n<meta name=\"twitter:label1\" content=\"Estimeret l\u00e6setid\" \/>\n\t<meta name=\"twitter:data1\" content=\"1 minut\" \/>\n<script type=\"application\/ld+json\" class=\"yoast-schema-graph\">{\"@context\":\"https:\/\/schema.org\",\"@graph\":[{\"@type\":\"WebPage\",\"@id\":\"https:\/\/crime-passionnel.com\/product\/no6-incense-rose\/\",\"url\":\"https:\/\/crime-passionnel.com\/product\/no6-incense-rose\/\",\"name\":\"No6 Incense Ros\u00e9 Eau de Parfum - Crime Passionnel\",\"isPartOf\":{\"@id\":\"https:\/\/crime-passionnel.com\/#website\"},\"primaryImageOfPage\":{\"@id\":\"https:\/\/crime-passionnel.com\/product\/no6-incense-rose\/#primaryimage\"},\"image\":{\"@id\":\"https:\/\/crime-passionnel.com\/product\/no6-incense-rose\/#primaryimage\"},\"thumbnailUrl\":\"https:\/\/crime-passionnel.com\/wp-content\/uploads\/2022\/01\/Incense-Rose-scaled.jpg\",\"datePublished\":\"2022-01-26T23:18:43+00:00\",\"dateModified\":\"2025-12-26T10:15:32+00:00\",\"description\":\"Incense ros\u00e9 - an elegant oriental fragrance, imagine a flying oriental carpet with floating rose petals, passing through smoking frankincense.\",\"breadcrumb\":{\"@id\":\"https:\/\/crime-passionnel.com\/product\/no6-incense-rose\/#breadcrumb\"},\"inLanguage\":\"da-DK\",\"potentialAction\":[{\"@type\":\"ReadAction\",\"target\":[\"https:\/\/crime-passionnel.com\/product\/no6-incense-rose\/\"]}]},{\"@type\":\"ImageObject\",\"inLanguage\":\"da-DK\",\"@id\":\"https:\/\/crime-passionnel.com\/product\/no6-incense-rose\/#primaryimage\",\"url\":\"https:\/\/crime-passionnel.com\/wp-content\/uploads\/2022\/01\/Incense-Rose-scaled.jpg\",\"contentUrl\":\"https:\/\/crime-passionnel.com\/wp-content\/uploads\/2022\/01\/Incense-Rose-scaled.jpg\",\"width\":1459,\"height\":1920,\"caption\":\"No6 Incense Ros\u00e9 Eau de Parfum\"},{\"@type\":\"BreadcrumbList\",\"@id\":\"https:\/\/crime-passionnel.com\/product\/no6-incense-rose\/#breadcrumb\",\"itemListElement\":[{\"@type\":\"ListItem\",\"position\":1,\"name\":\"Home\",\"item\":\"https:\/\/crime-passionnel.com\/\"},{\"@type\":\"ListItem\",\"position\":2,\"name\":\"Products\",\"item\":\"https:\/\/crime-passionnel.com\/products\/\"},{\"@type\":\"ListItem\",\"position\":3,\"name\":\"No6 Incense Ros\u00e9\"}]},{\"@type\":\"WebSite\",\"@id\":\"https:\/\/crime-passionnel.com\/#website\",\"url\":\"https:\/\/crime-passionnel.com\/\",\"name\":\"Crime Passionnel\",\"description\":\"\",\"publisher\":{\"@id\":\"https:\/\/crime-passionnel.com\/#organization\"},\"potentialAction\":[{\"@type\":\"SearchAction\",\"target\":{\"@type\":\"EntryPoint\",\"urlTemplate\":\"https:\/\/crime-passionnel.com\/?s={search_term_string}\"},\"query-input\":{\"@type\":\"PropertyValueSpecification\",\"valueRequired\":true,\"valueName\":\"search_term_string\"}}],\"inLanguage\":\"da-DK\"},{\"@type\":\"Organization\",\"@id\":\"https:\/\/crime-passionnel.com\/#organization\",\"name\":\"Crime Passionnel\",\"url\":\"https:\/\/crime-passionnel.com\/\",\"logo\":{\"@type\":\"ImageObject\",\"inLanguage\":\"da-DK\",\"@id\":\"https:\/\/crime-passionnel.com\/#\/schema\/logo\/image\/\",\"url\":\"https:\/\/crime-passionnel.com\/wp-content\/uploads\/2021\/07\/logo.png\",\"contentUrl\":\"https:\/\/crime-passionnel.com\/wp-content\/uploads\/2021\/07\/logo.png\",\"width\":128,\"height\":50,\"caption\":\"Crime Passionnel\"},\"image\":{\"@id\":\"https:\/\/crime-passionnel.com\/#\/schema\/logo\/image\/\"},\"sameAs\":[\"https:\/\/www.facebook.com\/crimepassionnel\/\",\"https:\/\/www.instagram.com\/crime.passionnel\/\"]}]}<\/script>\n<!-- \/ Yoast SEO plugin. -->","yoast_head_json":{"title":"No6 Incense Ros\u00e9 Eau de Parfum - Crime Passionnel","description":"Incense ros\u00e9 - an elegant oriental fragrance, imagine a flying oriental carpet with floating rose petals, passing through smoking frankincense.","robots":{"index":"index","follow":"follow","max-snippet":"max-snippet:-1","max-image-preview":"max-image-preview:large","max-video-preview":"max-video-preview:-1"},"canonical":"https:\/\/crime-passionnel.com\/da\/vare\/no6-incense-rose\/","og_locale":"da_DK","og_type":"article","og_title":"No6 Incense Ros\u00e9 Eau de Parfum - Crime Passionnel","og_description":"Incense ros\u00e9 - an elegant oriental fragrance, imagine a flying oriental carpet with floating rose petals, passing through smoking frankincense.","og_url":"https:\/\/crime-passionnel.com\/da\/vare\/no6-incense-rose\/","og_site_name":"Crime Passionnel","article_publisher":"https:\/\/www.facebook.com\/crimepassionnel\/","article_modified_time":"2025-12-26T10:15:32+00:00","og_image":[{"width":1459,"height":1920,"url":"https:\/\/crime-passionnel.com\/wp-content\/uploads\/2022\/01\/Incense-Rose-scaled.jpg","type":"image\/jpeg"}],"twitter_card":"summary_large_image","twitter_misc":{"Estimeret l\u00e6setid":"1 minut"},"schema":{"@context":"https:\/\/schema.org","@graph":[{"@type":"WebPage","@id":"https:\/\/crime-passionnel.com\/product\/no6-incense-rose\/","url":"https:\/\/crime-passionnel.com\/product\/no6-incense-rose\/","name":"No6 Incense Ros\u00e9 Eau de Parfum - Crime Passionnel","isPartOf":{"@id":"https:\/\/crime-passionnel.com\/#website"},"primaryImageOfPage":{"@id":"https:\/\/crime-passionnel.com\/product\/no6-incense-rose\/#primaryimage"},"image":{"@id":"https:\/\/crime-passionnel.com\/product\/no6-incense-rose\/#primaryimage"},"thumbnailUrl":"https:\/\/crime-passionnel.com\/wp-content\/uploads\/2022\/01\/Incense-Rose-scaled.jpg","datePublished":"2022-01-26T23:18:43+00:00","dateModified":"2025-12-26T10:15:32+00:00","description":"Incense ros\u00e9 - an elegant oriental fragrance, imagine a flying oriental carpet with floating rose petals, passing through smoking frankincense.","breadcrumb":{"@id":"https:\/\/crime-passionnel.com\/product\/no6-incense-rose\/#breadcrumb"},"inLanguage":"da-DK","potentialAction":[{"@type":"ReadAction","target":["https:\/\/crime-passionnel.com\/product\/no6-incense-rose\/"]}]},{"@type":"ImageObject","inLanguage":"da-DK","@id":"https:\/\/crime-passionnel.com\/product\/no6-incense-rose\/#primaryimage","url":"https:\/\/crime-passionnel.com\/wp-content\/uploads\/2022\/01\/Incense-Rose-scaled.jpg","contentUrl":"https:\/\/crime-passionnel.com\/wp-content\/uploads\/2022\/01\/Incense-Rose-scaled.jpg","width":1459,"height":1920,"caption":"No6 Incense Ros\u00e9 Eau de Parfum"},{"@type":"BreadcrumbList","@id":"https:\/\/crime-passionnel.com\/product\/no6-incense-rose\/#breadcrumb","itemListElement":[{"@type":"ListItem","position":1,"name":"Home","item":"https:\/\/crime-passionnel.com\/"},{"@type":"ListItem","position":2,"name":"Products","item":"https:\/\/crime-passionnel.com\/products\/"},{"@type":"ListItem","position":3,"name":"No6 Incense Ros\u00e9"}]},{"@type":"WebSite","@id":"https:\/\/crime-passionnel.com\/#website","url":"https:\/\/crime-passionnel.com\/","name":"Forbrydelse og lidenskab","description":"","publisher":{"@id":"https:\/\/crime-passionnel.com\/#organization"},"potentialAction":[{"@type":"SearchAction","target":{"@type":"EntryPoint","urlTemplate":"https:\/\/crime-passionnel.com\/?s={search_term_string}"},"query-input":{"@type":"PropertyValueSpecification","valueRequired":true,"valueName":"search_term_string"}}],"inLanguage":"da-DK"},{"@type":"Organization","@id":"https:\/\/crime-passionnel.com\/#organization","name":"Forbrydelse og lidenskab","url":"https:\/\/crime-passionnel.com\/","logo":{"@type":"ImageObject","inLanguage":"da-DK","@id":"https:\/\/crime-passionnel.com\/#\/schema\/logo\/image\/","url":"https:\/\/crime-passionnel.com\/wp-content\/uploads\/2021\/07\/logo.png","contentUrl":"https:\/\/crime-passionnel.com\/wp-content\/uploads\/2021\/07\/logo.png","width":128,"height":50,"caption":"Crime Passionnel"},"image":{"@id":"https:\/\/crime-passionnel.com\/#\/schema\/logo\/image\/"},"sameAs":["https:\/\/www.facebook.com\/crimepassionnel\/","https:\/\/www.instagram.com\/crime.passionnel\/"]}]}},"_links":{"self":[{"href":"https:\/\/crime-passionnel.com\/da\/wp-json\/wp\/v2\/product\/3356","targetHints":{"allow":["GET"]}}],"collection":[{"href":"https:\/\/crime-passionnel.com\/da\/wp-json\/wp\/v2\/product"}],"about":[{"href":"https:\/\/crime-passionnel.com\/da\/wp-json\/wp\/v2\/types\/product"}],"wp:featuredmedia":[{"embeddable":true,"href":"https:\/\/crime-passionnel.com\/da\/wp-json\/wp\/v2\/media\/4201"}],"wp:attachment":[{"href":"https:\/\/crime-passionnel.com\/da\/wp-json\/wp\/v2\/media?parent=3356"}],"wp:term":[{"taxonomy":"product_brand","embeddable":true,"href":"https:\/\/crime-passionnel.com\/da\/wp-json\/wp\/v2\/product_brand?post=3356"},{"taxonomy":"product_cat","embeddable":true,"href":"https:\/\/crime-passionnel.com\/da\/wp-json\/wp\/v2\/product_cat?post=3356"},{"taxonomy":"product_tag","embeddable":true,"href":"https:\/\/crime-passionnel.com\/da\/wp-json\/wp\/v2\/product_tag?post=3356"}],"curies":[{"name":"wp","href":"https:\/\/api.w.org\/{rel}","templated":true}]}}