{"id":3318,"date":"2022-01-26T21:48:55","date_gmt":"2022-01-26T21:48:55","guid":{"rendered":"http:\/\/crimepassionnel.nextwebdev.lt\/?post_type=product&#038;p=3318"},"modified":"2026-03-31T20:07:38","modified_gmt":"2026-03-31T20:07:38","slug":"lair-des-alpes-suisses","status":"publish","type":"product","link":"https:\/\/crime-passionnel.com\/da\/vare\/lair-des-alpes-suisses\/","title":{"rendered":"L'air Des Alpes Suisses"},"content":{"rendered":"<p>Perfekt dagsvandring. Begyndende i dalen med dens frodige gr\u00f8nne enge, de m\u00f8rke granskove med duften af varmt rav. L'AIR DES ALPES SUISSES er inspireret af disse \u00f8jeblikke, gr\u00f8n, frisk og amberagtig. Det er en parfume, der fremkalder mine minder om vidunderlige dage i Alperne.<br \/>\nJo h\u00f8jere du vandrer, jo mere kommer du ud i det \u00e5bne landskab med vilde blomster, der blomstrer i den korte bjergsommer. Den urteagtige, krydrede parfume fra det alpine gr\u00e6sland med strejf af lilje og orkideer blandes med den friske brise fra de barske bjergtoppe.<br \/>\nL'AIR DES ALPES SUISSES er en invitation til at udforske denne vidunderlige natur.<\/p>\n<p>L'air Des Alpes Suisses er ikke kun h\u00e5ndfyldt og m\u00e6rket i Schweiz, men ogs\u00e5 inspireret af de schweiziske bjerges sk\u00f8nhed.<\/p>\n<p>INGREDIENSER<\/p>\n<p>Noter: Citron. Lavendel. Muskatn\u00f8d. Rosentr\u00e6. Basilikum. Timian. Orkide. Lilje. T\u00f8rre grann\u00e5le. Birketr\u00e6. Fyrretr\u00e6. Tonka. Ambergris.<\/p>","protected":false},"excerpt":{"rendered":"<p>Luften i de Schweiziske alper<\/p>","protected":false},"featured_media":4209,"template":"","meta":{"_acf_changed":false},"product_brand":[],"product_cat":[15],"product_tag":[],"class_list":{"0":"post-3318","1":"product","2":"type-product","3":"status-publish","4":"has-post-thumbnail","6":"product_cat-perfumes","7":"pa_brands-andy-tauer","8":"pa_projection-moderate","9":"pa_sizes-2ml-sample","10":"pa_sizes-50ml","11":"pa_style-fresh","12":"pa_style-woody","14":"first","15":"instock","16":"taxable","17":"shipping-taxable","18":"purchasable","19":"product-type-variable","20":"add-to-wishlist-before_image"},"acf":[],"yoast_head":"<!-- This site is optimized with the Yoast SEO plugin v27.1.1 - https:\/\/yoast.com\/product\/yoast-seo-wordpress\/ -->\n<title>L&#039;air Des Alpes Suisses Eau de Parfum - Crime Passionnel<\/title>\n<meta name=\"description\" content=\"L\u2019AIR DES ALPES SUISSES is inspired by these moments, green, fresh and ambery. It is a perfume that evokes my memories of wonderful days in the Alps.\" \/>\n<meta name=\"robots\" content=\"index, follow, max-snippet:-1, max-image-preview:large, max-video-preview:-1\" \/>\n<link rel=\"canonical\" href=\"https:\/\/crime-passionnel.com\/da\/vare\/lair-des-alpes-suisses\/\" \/>\n<meta property=\"og:locale\" content=\"da_DK\" \/>\n<meta property=\"og:type\" content=\"article\" \/>\n<meta property=\"og:title\" content=\"L&#039;air Des Alpes Suisses Eau de Parfum - Crime Passionnel\" \/>\n<meta property=\"og:description\" content=\"L\u2019AIR DES ALPES SUISSES is inspired by these moments, green, fresh and ambery. It is a perfume that evokes my memories of wonderful days in the Alps.\" \/>\n<meta property=\"og:url\" content=\"https:\/\/crime-passionnel.com\/da\/vare\/lair-des-alpes-suisses\/\" \/>\n<meta property=\"og:site_name\" content=\"Crime Passionnel\" \/>\n<meta property=\"article:publisher\" content=\"https:\/\/www.facebook.com\/crimepassionnel\/\" \/>\n<meta property=\"article:modified_time\" content=\"2026-03-31T20:07:38+00:00\" \/>\n<meta property=\"og:image\" content=\"https:\/\/crime-passionnel.com\/wp-content\/uploads\/2022\/01\/LAIR-DES-ALPES-SUISSES-scaled.jpg\" \/>\n\t<meta property=\"og:image:width\" content=\"1459\" \/>\n\t<meta property=\"og:image:height\" content=\"1920\" \/>\n\t<meta property=\"og:image:type\" content=\"image\/jpeg\" \/>\n<meta name=\"twitter:card\" content=\"summary_large_image\" \/>\n<meta name=\"twitter:label1\" content=\"Estimeret l\u00e6setid\" \/>\n\t<meta name=\"twitter:data1\" content=\"1 minut\" \/>\n<script type=\"application\/ld+json\" class=\"yoast-schema-graph\">{\"@context\":\"https:\/\/schema.org\",\"@graph\":[{\"@type\":\"WebPage\",\"@id\":\"https:\/\/crime-passionnel.com\/product\/lair-des-alpes-suisses\/\",\"url\":\"https:\/\/crime-passionnel.com\/product\/lair-des-alpes-suisses\/\",\"name\":\"L'air Des Alpes Suisses Eau de Parfum - Crime Passionnel\",\"isPartOf\":{\"@id\":\"https:\/\/crime-passionnel.com\/#website\"},\"primaryImageOfPage\":{\"@id\":\"https:\/\/crime-passionnel.com\/product\/lair-des-alpes-suisses\/#primaryimage\"},\"image\":{\"@id\":\"https:\/\/crime-passionnel.com\/product\/lair-des-alpes-suisses\/#primaryimage\"},\"thumbnailUrl\":\"https:\/\/crime-passionnel.com\/wp-content\/uploads\/2022\/01\/LAIR-DES-ALPES-SUISSES-scaled.jpg\",\"datePublished\":\"2022-01-26T21:48:55+00:00\",\"dateModified\":\"2026-03-31T20:07:38+00:00\",\"description\":\"L\u2019AIR DES ALPES SUISSES is inspired by these moments, green, fresh and ambery. It is a perfume that evokes my memories of wonderful days in the Alps.\",\"breadcrumb\":{\"@id\":\"https:\/\/crime-passionnel.com\/product\/lair-des-alpes-suisses\/#breadcrumb\"},\"inLanguage\":\"da-DK\",\"potentialAction\":[{\"@type\":\"ReadAction\",\"target\":[\"https:\/\/crime-passionnel.com\/product\/lair-des-alpes-suisses\/\"]}]},{\"@type\":\"ImageObject\",\"inLanguage\":\"da-DK\",\"@id\":\"https:\/\/crime-passionnel.com\/product\/lair-des-alpes-suisses\/#primaryimage\",\"url\":\"https:\/\/crime-passionnel.com\/wp-content\/uploads\/2022\/01\/LAIR-DES-ALPES-SUISSES-scaled.jpg\",\"contentUrl\":\"https:\/\/crime-passionnel.com\/wp-content\/uploads\/2022\/01\/LAIR-DES-ALPES-SUISSES-scaled.jpg\",\"width\":1459,\"height\":1920,\"caption\":\"L\u2019air Des Alpes Suisses Eau de Parfum\"},{\"@type\":\"BreadcrumbList\",\"@id\":\"https:\/\/crime-passionnel.com\/product\/lair-des-alpes-suisses\/#breadcrumb\",\"itemListElement\":[{\"@type\":\"ListItem\",\"position\":1,\"name\":\"Home\",\"item\":\"https:\/\/crime-passionnel.com\/\"},{\"@type\":\"ListItem\",\"position\":2,\"name\":\"Products\",\"item\":\"https:\/\/crime-passionnel.com\/products\/\"},{\"@type\":\"ListItem\",\"position\":3,\"name\":\"L&#8217;air Des Alpes Suisses\"}]},{\"@type\":\"WebSite\",\"@id\":\"https:\/\/crime-passionnel.com\/#website\",\"url\":\"https:\/\/crime-passionnel.com\/\",\"name\":\"Crime Passionnel\",\"description\":\"\",\"publisher\":{\"@id\":\"https:\/\/crime-passionnel.com\/#organization\"},\"potentialAction\":[{\"@type\":\"SearchAction\",\"target\":{\"@type\":\"EntryPoint\",\"urlTemplate\":\"https:\/\/crime-passionnel.com\/?s={search_term_string}\"},\"query-input\":{\"@type\":\"PropertyValueSpecification\",\"valueRequired\":true,\"valueName\":\"search_term_string\"}}],\"inLanguage\":\"da-DK\"},{\"@type\":\"Organization\",\"@id\":\"https:\/\/crime-passionnel.com\/#organization\",\"name\":\"Crime Passionnel\",\"url\":\"https:\/\/crime-passionnel.com\/\",\"logo\":{\"@type\":\"ImageObject\",\"inLanguage\":\"da-DK\",\"@id\":\"https:\/\/crime-passionnel.com\/#\/schema\/logo\/image\/\",\"url\":\"https:\/\/crime-passionnel.com\/wp-content\/uploads\/2021\/07\/logo.png\",\"contentUrl\":\"https:\/\/crime-passionnel.com\/wp-content\/uploads\/2021\/07\/logo.png\",\"width\":128,\"height\":50,\"caption\":\"Crime Passionnel\"},\"image\":{\"@id\":\"https:\/\/crime-passionnel.com\/#\/schema\/logo\/image\/\"},\"sameAs\":[\"https:\/\/www.facebook.com\/crimepassionnel\/\",\"https:\/\/www.instagram.com\/crime.passionnel\/\"]}]}<\/script>\n<!-- \/ Yoast SEO plugin. -->","yoast_head_json":{"title":"L'air Des Alpes Suisses Eau de Parfum - Crime Passionnel","description":"L\u2019AIR DES ALPES SUISSES is inspired by these moments, green, fresh and ambery. It is a perfume that evokes my memories of wonderful days in the Alps.","robots":{"index":"index","follow":"follow","max-snippet":"max-snippet:-1","max-image-preview":"max-image-preview:large","max-video-preview":"max-video-preview:-1"},"canonical":"https:\/\/crime-passionnel.com\/da\/vare\/lair-des-alpes-suisses\/","og_locale":"da_DK","og_type":"article","og_title":"L'air Des Alpes Suisses Eau de Parfum - Crime Passionnel","og_description":"L\u2019AIR DES ALPES SUISSES is inspired by these moments, green, fresh and ambery. It is a perfume that evokes my memories of wonderful days in the Alps.","og_url":"https:\/\/crime-passionnel.com\/da\/vare\/lair-des-alpes-suisses\/","og_site_name":"Crime Passionnel","article_publisher":"https:\/\/www.facebook.com\/crimepassionnel\/","article_modified_time":"2026-03-31T20:07:38+00:00","og_image":[{"width":1459,"height":1920,"url":"https:\/\/crime-passionnel.com\/wp-content\/uploads\/2022\/01\/LAIR-DES-ALPES-SUISSES-scaled.jpg","type":"image\/jpeg"}],"twitter_card":"summary_large_image","twitter_misc":{"Estimeret l\u00e6setid":"1 minut"},"schema":{"@context":"https:\/\/schema.org","@graph":[{"@type":"WebPage","@id":"https:\/\/crime-passionnel.com\/product\/lair-des-alpes-suisses\/","url":"https:\/\/crime-passionnel.com\/product\/lair-des-alpes-suisses\/","name":"L'air Des Alpes Suisses Eau de Parfum - Crime Passionnel","isPartOf":{"@id":"https:\/\/crime-passionnel.com\/#website"},"primaryImageOfPage":{"@id":"https:\/\/crime-passionnel.com\/product\/lair-des-alpes-suisses\/#primaryimage"},"image":{"@id":"https:\/\/crime-passionnel.com\/product\/lair-des-alpes-suisses\/#primaryimage"},"thumbnailUrl":"https:\/\/crime-passionnel.com\/wp-content\/uploads\/2022\/01\/LAIR-DES-ALPES-SUISSES-scaled.jpg","datePublished":"2022-01-26T21:48:55+00:00","dateModified":"2026-03-31T20:07:38+00:00","description":"L\u2019AIR DES ALPES SUISSES is inspired by these moments, green, fresh and ambery. It is a perfume that evokes my memories of wonderful days in the Alps.","breadcrumb":{"@id":"https:\/\/crime-passionnel.com\/product\/lair-des-alpes-suisses\/#breadcrumb"},"inLanguage":"da-DK","potentialAction":[{"@type":"ReadAction","target":["https:\/\/crime-passionnel.com\/product\/lair-des-alpes-suisses\/"]}]},{"@type":"ImageObject","inLanguage":"da-DK","@id":"https:\/\/crime-passionnel.com\/product\/lair-des-alpes-suisses\/#primaryimage","url":"https:\/\/crime-passionnel.com\/wp-content\/uploads\/2022\/01\/LAIR-DES-ALPES-SUISSES-scaled.jpg","contentUrl":"https:\/\/crime-passionnel.com\/wp-content\/uploads\/2022\/01\/LAIR-DES-ALPES-SUISSES-scaled.jpg","width":1459,"height":1920,"caption":"L\u2019air Des Alpes Suisses Eau de Parfum"},{"@type":"BreadcrumbList","@id":"https:\/\/crime-passionnel.com\/product\/lair-des-alpes-suisses\/#breadcrumb","itemListElement":[{"@type":"ListItem","position":1,"name":"Home","item":"https:\/\/crime-passionnel.com\/"},{"@type":"ListItem","position":2,"name":"Products","item":"https:\/\/crime-passionnel.com\/products\/"},{"@type":"ListItem","position":3,"name":"L&#8217;air Des Alpes Suisses"}]},{"@type":"WebSite","@id":"https:\/\/crime-passionnel.com\/#website","url":"https:\/\/crime-passionnel.com\/","name":"Forbrydelse og lidenskab","description":"","publisher":{"@id":"https:\/\/crime-passionnel.com\/#organization"},"potentialAction":[{"@type":"SearchAction","target":{"@type":"EntryPoint","urlTemplate":"https:\/\/crime-passionnel.com\/?s={search_term_string}"},"query-input":{"@type":"PropertyValueSpecification","valueRequired":true,"valueName":"search_term_string"}}],"inLanguage":"da-DK"},{"@type":"Organization","@id":"https:\/\/crime-passionnel.com\/#organization","name":"Forbrydelse og lidenskab","url":"https:\/\/crime-passionnel.com\/","logo":{"@type":"ImageObject","inLanguage":"da-DK","@id":"https:\/\/crime-passionnel.com\/#\/schema\/logo\/image\/","url":"https:\/\/crime-passionnel.com\/wp-content\/uploads\/2021\/07\/logo.png","contentUrl":"https:\/\/crime-passionnel.com\/wp-content\/uploads\/2021\/07\/logo.png","width":128,"height":50,"caption":"Crime Passionnel"},"image":{"@id":"https:\/\/crime-passionnel.com\/#\/schema\/logo\/image\/"},"sameAs":["https:\/\/www.facebook.com\/crimepassionnel\/","https:\/\/www.instagram.com\/crime.passionnel\/"]}]}},"_links":{"self":[{"href":"https:\/\/crime-passionnel.com\/da\/wp-json\/wp\/v2\/product\/3318","targetHints":{"allow":["GET"]}}],"collection":[{"href":"https:\/\/crime-passionnel.com\/da\/wp-json\/wp\/v2\/product"}],"about":[{"href":"https:\/\/crime-passionnel.com\/da\/wp-json\/wp\/v2\/types\/product"}],"wp:featuredmedia":[{"embeddable":true,"href":"https:\/\/crime-passionnel.com\/da\/wp-json\/wp\/v2\/media\/4209"}],"wp:attachment":[{"href":"https:\/\/crime-passionnel.com\/da\/wp-json\/wp\/v2\/media?parent=3318"}],"wp:term":[{"taxonomy":"product_brand","embeddable":true,"href":"https:\/\/crime-passionnel.com\/da\/wp-json\/wp\/v2\/product_brand?post=3318"},{"taxonomy":"product_cat","embeddable":true,"href":"https:\/\/crime-passionnel.com\/da\/wp-json\/wp\/v2\/product_cat?post=3318"},{"taxonomy":"product_tag","embeddable":true,"href":"https:\/\/crime-passionnel.com\/da\/wp-json\/wp\/v2\/product_tag?post=3318"}],"curies":[{"name":"wp","href":"https:\/\/api.w.org\/{rel}","templated":true}]}}