{"id":3312,"date":"2022-01-26T21:26:06","date_gmt":"2022-01-26T21:26:06","guid":{"rendered":"http:\/\/crimepassionnel.nextwebdev.lt\/?post_type=product&#038;p=3312"},"modified":"2026-02-01T08:50:52","modified_gmt":"2026-02-01T08:50:52","slug":"cologne-du-maghreb","status":"publish","type":"product","link":"https:\/\/crime-passionnel.com\/da\/vare\/cologne-du-maghreb\/","title":{"rendered":"K\u00f6ln Du Maghreb"},"content":{"rendered":"<p>Helt naturligt. Alt sammen botanisk.<br \/>\n\u00c6teriske olier, absolutter, harpiks og k\u00e6rlighed indg\u00e5r i denne cologne. Ikke mere, ikke mindre.<br \/>\nSom alle andre cologne er den skabt til at eksistere i \u00f8jeblikket.<br \/>\nEn forfriskende hyldest til Maghreb.<br \/>\nDenne cologne er fremstillet p\u00e5 en meget traditionel m\u00e5de: Den er rig p\u00e5 citrusolier og bygger p\u00e5 kontrasterende noter af lavendel, muskatellersalvie og rosmarin.<br \/>\nCOLOGNE DU MAGHREB tilf\u00f8jer dog et marokkansk twist med levende cedertr\u00e6 fra det h\u00f8je Atlas, m\u00f8rk vetiver fra Java, erotisk appelsinblomst-absolut og eksotisk labdanum i balance med marokkansk rosenabsolut og bulgarsk rosenolie.<br \/>\nForfriskende, opkvikkende og vanedannende: Pr\u00f8v det efter et bad p\u00e5 vores skjorte...<\/p>\n<p>INGREDIENSER<\/p>\n<p>Topnoter: Mandarin. Clementin. Petitgrain. Rosmarin. Salvie. Litsea Cubea. Grapefruit, hvid. Bergamot. Citron. Lavendel.<\/p>\n<p>Mellemnoter: Neroli. Orangeblomst. Geranium, Bourbon. Rose absolut. Rosenolie.<\/p>\n<p>Basenoter: Ambrein. Cistus. Cedertr\u00e6, Atlas. Vetiver, Java. Labdanum.<\/p>","protected":false},"excerpt":{"rendered":"<p>Naturlig og botanisk.<\/p>","protected":false},"featured_media":4210,"template":"","meta":{"_acf_changed":false},"product_brand":[],"product_cat":[15],"product_tag":[],"class_list":{"0":"post-3312","1":"product","2":"type-product","3":"status-publish","4":"has-post-thumbnail","6":"product_cat-perfumes","7":"pa_brands-andy-tauer","8":"pa_projection-intimate-closer-to-skin","9":"pa_sizes-2ml-sample","10":"pa_sizes-50ml","11":"pa_style-fresh","13":"first","14":"instock","15":"taxable","16":"shipping-taxable","17":"purchasable","18":"product-type-variable","19":"add-to-wishlist-before_image"},"acf":[],"yoast_head":"<!-- This site is optimized with the Yoast SEO plugin v27.4 - https:\/\/yoast.com\/product\/yoast-seo-wordpress\/ -->\n<title>Cologne Du Maghreb Cologne - Crime Passionnel Perfumes<\/title>\n<meta name=\"description\" content=\"All natural. All botanical. Essential oils, absolutes, resins and love go into this cologne. Not more not less. Refreshing, invigorating and addicting.\" \/>\n<meta name=\"robots\" content=\"index, follow, max-snippet:-1, max-image-preview:large, max-video-preview:-1\" \/>\n<link rel=\"canonical\" href=\"https:\/\/crime-passionnel.com\/da\/vare\/cologne-du-maghreb\/\" \/>\n<meta property=\"og:locale\" content=\"da_DK\" \/>\n<meta property=\"og:type\" content=\"article\" \/>\n<meta property=\"og:title\" content=\"Cologne Du Maghreb Cologne - Crime Passionnel Perfumes\" \/>\n<meta property=\"og:description\" content=\"All natural. All botanical. Essential oils, absolutes, resins and love go into this cologne. Not more not less. Refreshing, invigorating and addicting.\" \/>\n<meta property=\"og:url\" content=\"https:\/\/crime-passionnel.com\/da\/vare\/cologne-du-maghreb\/\" \/>\n<meta property=\"og:site_name\" content=\"Crime Passionnel\" \/>\n<meta property=\"article:publisher\" content=\"https:\/\/www.facebook.com\/crimepassionnel\/\" \/>\n<meta property=\"article:modified_time\" content=\"2026-02-01T08:50:52+00:00\" \/>\n<meta property=\"og:image\" content=\"https:\/\/crime-passionnel.com\/wp-content\/uploads\/2022\/01\/COLOGNE-DU-MAGHREB-scaled.jpg\" \/>\n\t<meta property=\"og:image:width\" content=\"1459\" \/>\n\t<meta property=\"og:image:height\" content=\"1920\" \/>\n\t<meta property=\"og:image:type\" content=\"image\/jpeg\" \/>\n<meta name=\"twitter:card\" content=\"summary_large_image\" \/>\n<meta name=\"twitter:label1\" content=\"Estimeret l\u00e6setid\" \/>\n\t<meta name=\"twitter:data1\" content=\"1 minut\" \/>\n<script type=\"application\/ld+json\" class=\"yoast-schema-graph\">{\"@context\":\"https:\\\/\\\/schema.org\",\"@graph\":[{\"@type\":\"WebPage\",\"@id\":\"https:\\\/\\\/crime-passionnel.com\\\/product\\\/cologne-du-maghreb\\\/\",\"url\":\"https:\\\/\\\/crime-passionnel.com\\\/product\\\/cologne-du-maghreb\\\/\",\"name\":\"Cologne Du Maghreb Cologne - Crime Passionnel Perfumes\",\"isPartOf\":{\"@id\":\"https:\\\/\\\/crime-passionnel.com\\\/#website\"},\"primaryImageOfPage\":{\"@id\":\"https:\\\/\\\/crime-passionnel.com\\\/product\\\/cologne-du-maghreb\\\/#primaryimage\"},\"image\":{\"@id\":\"https:\\\/\\\/crime-passionnel.com\\\/product\\\/cologne-du-maghreb\\\/#primaryimage\"},\"thumbnailUrl\":\"https:\\\/\\\/crime-passionnel.com\\\/wp-content\\\/uploads\\\/2022\\\/01\\\/COLOGNE-DU-MAGHREB-scaled.jpg\",\"datePublished\":\"2022-01-26T21:26:06+00:00\",\"dateModified\":\"2026-02-01T08:50:52+00:00\",\"description\":\"All natural. All botanical. Essential oils, absolutes, resins and love go into this cologne. Not more not less. Refreshing, invigorating and addicting.\",\"breadcrumb\":{\"@id\":\"https:\\\/\\\/crime-passionnel.com\\\/product\\\/cologne-du-maghreb\\\/#breadcrumb\"},\"inLanguage\":\"da-DK\",\"potentialAction\":[{\"@type\":\"ReadAction\",\"target\":[\"https:\\\/\\\/crime-passionnel.com\\\/product\\\/cologne-du-maghreb\\\/\"]}]},{\"@type\":\"ImageObject\",\"inLanguage\":\"da-DK\",\"@id\":\"https:\\\/\\\/crime-passionnel.com\\\/product\\\/cologne-du-maghreb\\\/#primaryimage\",\"url\":\"https:\\\/\\\/crime-passionnel.com\\\/wp-content\\\/uploads\\\/2022\\\/01\\\/COLOGNE-DU-MAGHREB-scaled.jpg\",\"contentUrl\":\"https:\\\/\\\/crime-passionnel.com\\\/wp-content\\\/uploads\\\/2022\\\/01\\\/COLOGNE-DU-MAGHREB-scaled.jpg\",\"width\":1459,\"height\":1920,\"caption\":\"Cologne Du Maghreb Cologne\"},{\"@type\":\"BreadcrumbList\",\"@id\":\"https:\\\/\\\/crime-passionnel.com\\\/product\\\/cologne-du-maghreb\\\/#breadcrumb\",\"itemListElement\":[{\"@type\":\"ListItem\",\"position\":1,\"name\":\"Home\",\"item\":\"https:\\\/\\\/crime-passionnel.com\\\/\"},{\"@type\":\"ListItem\",\"position\":2,\"name\":\"Products\",\"item\":\"https:\\\/\\\/crime-passionnel.com\\\/products\\\/\"},{\"@type\":\"ListItem\",\"position\":3,\"name\":\"Cologne Du Maghreb\"}]},{\"@type\":\"WebSite\",\"@id\":\"https:\\\/\\\/crime-passionnel.com\\\/#website\",\"url\":\"https:\\\/\\\/crime-passionnel.com\\\/\",\"name\":\"Crime Passionnel\",\"description\":\"\",\"publisher\":{\"@id\":\"https:\\\/\\\/crime-passionnel.com\\\/#organization\"},\"potentialAction\":[{\"@type\":\"SearchAction\",\"target\":{\"@type\":\"EntryPoint\",\"urlTemplate\":\"https:\\\/\\\/crime-passionnel.com\\\/?s={search_term_string}\"},\"query-input\":{\"@type\":\"PropertyValueSpecification\",\"valueRequired\":true,\"valueName\":\"search_term_string\"}}],\"inLanguage\":\"da-DK\"},{\"@type\":\"Organization\",\"@id\":\"https:\\\/\\\/crime-passionnel.com\\\/#organization\",\"name\":\"Crime Passionnel\",\"url\":\"https:\\\/\\\/crime-passionnel.com\\\/\",\"logo\":{\"@type\":\"ImageObject\",\"inLanguage\":\"da-DK\",\"@id\":\"https:\\\/\\\/crime-passionnel.com\\\/#\\\/schema\\\/logo\\\/image\\\/\",\"url\":\"https:\\\/\\\/crime-passionnel.com\\\/wp-content\\\/uploads\\\/2021\\\/07\\\/logo.png\",\"contentUrl\":\"https:\\\/\\\/crime-passionnel.com\\\/wp-content\\\/uploads\\\/2021\\\/07\\\/logo.png\",\"width\":128,\"height\":50,\"caption\":\"Crime Passionnel\"},\"image\":{\"@id\":\"https:\\\/\\\/crime-passionnel.com\\\/#\\\/schema\\\/logo\\\/image\\\/\"},\"sameAs\":[\"https:\\\/\\\/www.facebook.com\\\/crimepassionnel\\\/\",\"https:\\\/\\\/www.instagram.com\\\/crime.passionnel\\\/\"]}]}<\/script>\n<!-- \/ Yoast SEO plugin. -->","yoast_head_json":{"title":"Cologne Du Maghreb Cologne - Crime Passionnel Perfumes","description":"All natural. All botanical. Essential oils, absolutes, resins and love go into this cologne. Not more not less. Refreshing, invigorating and addicting.","robots":{"index":"index","follow":"follow","max-snippet":"max-snippet:-1","max-image-preview":"max-image-preview:large","max-video-preview":"max-video-preview:-1"},"canonical":"https:\/\/crime-passionnel.com\/da\/vare\/cologne-du-maghreb\/","og_locale":"da_DK","og_type":"article","og_title":"Cologne Du Maghreb Cologne - Crime Passionnel Perfumes","og_description":"All natural. All botanical. Essential oils, absolutes, resins and love go into this cologne. Not more not less. Refreshing, invigorating and addicting.","og_url":"https:\/\/crime-passionnel.com\/da\/vare\/cologne-du-maghreb\/","og_site_name":"Crime Passionnel","article_publisher":"https:\/\/www.facebook.com\/crimepassionnel\/","article_modified_time":"2026-02-01T08:50:52+00:00","og_image":[{"width":1459,"height":1920,"url":"https:\/\/crime-passionnel.com\/wp-content\/uploads\/2022\/01\/COLOGNE-DU-MAGHREB-scaled.jpg","type":"image\/jpeg"}],"twitter_card":"summary_large_image","twitter_misc":{"Estimeret l\u00e6setid":"1 minut"},"schema":{"@context":"https:\/\/schema.org","@graph":[{"@type":"WebPage","@id":"https:\/\/crime-passionnel.com\/product\/cologne-du-maghreb\/","url":"https:\/\/crime-passionnel.com\/product\/cologne-du-maghreb\/","name":"Cologne Du Maghreb Cologne - Crime Passionnel Perfumes","isPartOf":{"@id":"https:\/\/crime-passionnel.com\/#website"},"primaryImageOfPage":{"@id":"https:\/\/crime-passionnel.com\/product\/cologne-du-maghreb\/#primaryimage"},"image":{"@id":"https:\/\/crime-passionnel.com\/product\/cologne-du-maghreb\/#primaryimage"},"thumbnailUrl":"https:\/\/crime-passionnel.com\/wp-content\/uploads\/2022\/01\/COLOGNE-DU-MAGHREB-scaled.jpg","datePublished":"2022-01-26T21:26:06+00:00","dateModified":"2026-02-01T08:50:52+00:00","description":"All natural. All botanical. Essential oils, absolutes, resins and love go into this cologne. Not more not less. Refreshing, invigorating and addicting.","breadcrumb":{"@id":"https:\/\/crime-passionnel.com\/product\/cologne-du-maghreb\/#breadcrumb"},"inLanguage":"da-DK","potentialAction":[{"@type":"ReadAction","target":["https:\/\/crime-passionnel.com\/product\/cologne-du-maghreb\/"]}]},{"@type":"ImageObject","inLanguage":"da-DK","@id":"https:\/\/crime-passionnel.com\/product\/cologne-du-maghreb\/#primaryimage","url":"https:\/\/crime-passionnel.com\/wp-content\/uploads\/2022\/01\/COLOGNE-DU-MAGHREB-scaled.jpg","contentUrl":"https:\/\/crime-passionnel.com\/wp-content\/uploads\/2022\/01\/COLOGNE-DU-MAGHREB-scaled.jpg","width":1459,"height":1920,"caption":"Cologne Du Maghreb Cologne"},{"@type":"BreadcrumbList","@id":"https:\/\/crime-passionnel.com\/product\/cologne-du-maghreb\/#breadcrumb","itemListElement":[{"@type":"ListItem","position":1,"name":"Home","item":"https:\/\/crime-passionnel.com\/"},{"@type":"ListItem","position":2,"name":"Products","item":"https:\/\/crime-passionnel.com\/products\/"},{"@type":"ListItem","position":3,"name":"Cologne Du Maghreb"}]},{"@type":"WebSite","@id":"https:\/\/crime-passionnel.com\/#website","url":"https:\/\/crime-passionnel.com\/","name":"Forbrydelse og lidenskab","description":"","publisher":{"@id":"https:\/\/crime-passionnel.com\/#organization"},"potentialAction":[{"@type":"SearchAction","target":{"@type":"EntryPoint","urlTemplate":"https:\/\/crime-passionnel.com\/?s={search_term_string}"},"query-input":{"@type":"PropertyValueSpecification","valueRequired":true,"valueName":"search_term_string"}}],"inLanguage":"da-DK"},{"@type":"Organization","@id":"https:\/\/crime-passionnel.com\/#organization","name":"Forbrydelse og lidenskab","url":"https:\/\/crime-passionnel.com\/","logo":{"@type":"ImageObject","inLanguage":"da-DK","@id":"https:\/\/crime-passionnel.com\/#\/schema\/logo\/image\/","url":"https:\/\/crime-passionnel.com\/wp-content\/uploads\/2021\/07\/logo.png","contentUrl":"https:\/\/crime-passionnel.com\/wp-content\/uploads\/2021\/07\/logo.png","width":128,"height":50,"caption":"Crime Passionnel"},"image":{"@id":"https:\/\/crime-passionnel.com\/#\/schema\/logo\/image\/"},"sameAs":["https:\/\/www.facebook.com\/crimepassionnel\/","https:\/\/www.instagram.com\/crime.passionnel\/"]}]}},"_links":{"self":[{"href":"https:\/\/crime-passionnel.com\/da\/wp-json\/wp\/v2\/product\/3312","targetHints":{"allow":["GET"]}}],"collection":[{"href":"https:\/\/crime-passionnel.com\/da\/wp-json\/wp\/v2\/product"}],"about":[{"href":"https:\/\/crime-passionnel.com\/da\/wp-json\/wp\/v2\/types\/product"}],"wp:featuredmedia":[{"embeddable":true,"href":"https:\/\/crime-passionnel.com\/da\/wp-json\/wp\/v2\/media\/4210"}],"wp:attachment":[{"href":"https:\/\/crime-passionnel.com\/da\/wp-json\/wp\/v2\/media?parent=3312"}],"wp:term":[{"taxonomy":"product_brand","embeddable":true,"href":"https:\/\/crime-passionnel.com\/da\/wp-json\/wp\/v2\/product_brand?post=3312"},{"taxonomy":"product_cat","embeddable":true,"href":"https:\/\/crime-passionnel.com\/da\/wp-json\/wp\/v2\/product_cat?post=3312"},{"taxonomy":"product_tag","embeddable":true,"href":"https:\/\/crime-passionnel.com\/da\/wp-json\/wp\/v2\/product_tag?post=3312"}],"curies":[{"name":"wp","href":"https:\/\/api.w.org\/{rel}","templated":true}]}}