{"id":33093,"date":"2026-04-01T08:36:20","date_gmt":"2026-04-01T08:36:20","guid":{"rendered":"https:\/\/crime-passionnel.com\/?post_type=product&#038;p=33093"},"modified":"2026-04-08T13:42:55","modified_gmt":"2026-04-08T13:42:55","slug":"shadid","status":"publish","type":"product","link":"https:\/\/crime-passionnel.com\/da\/vare\/shadid\/","title":{"rendered":"Shadid"},"content":{"rendered":"<p style=\"font-weight: 400;\">Vi pr\u00e6senterer SHADID, en ny extrait de parfum fra Tauer Perfumes. SHADID er opkaldt efter det arabiske ord for st\u00e6rk, intens, kraftfuld og er en dristig orientalsk duft med dybde, elegance og en kompromisl\u00f8s karakter. SHADID er rig og udtryksfuld, men alligevel raffineret, og udforsker kontraster som m\u00f8rke og lys, magt og tilbageholdenhed, sensualitet og luft. Det er en orientalsk duft med en st\u00e6rk tilstedev\u00e6relse og en sj\u00e6l.<\/p>\n<p style=\"font-weight: 400;\">SHADID blev inspireret af en k\u00f8retur gennem \u00f8rkenen fra Los Angeles til Las Vegas. Bred bl\u00e5 himmel, endel\u00f8se horisonter, varme, stilhed og ensomhed danner en n\u00e6sten mystisk oplevelse, hvor minder kommer op til overfladen, farverne intensiveres, og tiden synes suspenderet. Disse indtryk smelter sammen med erindringer om rejser gennem orientalske landskaber, herunder Saudi-Arabien. Rigt, varmt og dybt stemningsfuldt indfanger SHADID en f\u00f8lelse af storhed og intensitet, som afbalanceres af ro og klarhed.<\/p>\n<p style=\"font-weight: 400;\">I hjertet af SHADID ligger Nagarmotha i alle sine facetter: tr\u00e6agtig, r\u00f8get, amberagtig, moskusagtig. Den fremkalder den dybde og rigdom, der ofte forbindes med oud. Kompositionen \u00e5bner med animalsk l\u00e6der og krydderier, bliver derefter dybere i en rig og struktureret midte, f\u00f8r den falder til ro i en m\u00f8rk, men str\u00e5lende base. Cremet sandeltr\u00e6, gl\u00f8dende ambra, t\u00f8rt cedertr\u00e6 og et behersket strejf af vanilje skaber l\u00f8ft og lysstyrke, afbalancerer de m\u00f8rkere elementer og giver duften et luftigt indre lys. SHADID er kraftfuld, men aldrig h\u00f8jlydt. Elegant, sammensat og vedholdende.<\/p>\n<p>&nbsp;<\/p>\n<p style=\"font-weight: 400;\">INGREDIENSER<\/p>\n<p>Topnoter: Krydderier, animalsk l\u00e6der, koriander, castoreum<\/p>\n<p>Hjertenoter: Tr\u00e6agtig, r\u00f8get, moskusagtig, Nagarmotha, rosentr\u00e6, animalsk moskus<\/p>\n<p>Basisnoter: Cremet, t\u00f8r, lysende, sandeltr\u00e6, ambergris, vanilje, t\u00f8rt cedertr\u00e6<\/p>","protected":false},"excerpt":{"rendered":"<p>Fed og orientalsk<\/p>","protected":false},"featured_media":33096,"template":"","meta":{"_acf_changed":false},"product_brand":[],"product_cat":[418,15],"product_tag":[],"class_list":{"0":"post-33093","1":"product","2":"type-product","3":"status-publish","4":"has-post-thumbnail","6":"product_cat-new-arrivals","7":"product_cat-perfumes","8":"pa_brands-andy-tauer","9":"pa_projection-stron","10":"pa_sizes-2ml-sample","11":"pa_sizes-50ml","12":"pa_style-woody","14":"first","15":"instock","16":"taxable","17":"shipping-taxable","18":"purchasable","19":"product-type-variable","20":"add-to-wishlist-before_image"},"acf":[],"yoast_head":"<!-- This site is optimized with the Yoast SEO plugin v27.1.1 - https:\/\/yoast.com\/product\/yoast-seo-wordpress\/ -->\n<title>Shadid Extrait de Parfum - Crime Passionnel<\/title>\n<meta name=\"description\" content=\"AU COEUR DU D\u00c9SERT by Andy Tauer is the metamorphose of L\u2019air du d\u00e9sert marocain into a luxurious extrait de parfum.\" \/>\n<meta name=\"robots\" content=\"index, follow, max-snippet:-1, max-image-preview:large, max-video-preview:-1\" \/>\n<link rel=\"canonical\" href=\"https:\/\/crime-passionnel.com\/da\/vare\/shadid\/\" \/>\n<meta property=\"og:locale\" content=\"da_DK\" \/>\n<meta property=\"og:type\" content=\"article\" \/>\n<meta property=\"og:title\" content=\"Shadid Extrait de Parfum - Crime Passionnel\" \/>\n<meta property=\"og:description\" content=\"AU COEUR DU D\u00c9SERT by Andy Tauer is the metamorphose of L\u2019air du d\u00e9sert marocain into a luxurious extrait de parfum.\" \/>\n<meta property=\"og:url\" content=\"https:\/\/crime-passionnel.com\/da\/vare\/shadid\/\" \/>\n<meta property=\"og:site_name\" content=\"Crime Passionnel\" \/>\n<meta property=\"article:publisher\" content=\"https:\/\/www.facebook.com\/crimepassionnel\/\" \/>\n<meta property=\"article:modified_time\" content=\"2026-04-08T13:42:55+00:00\" \/>\n<meta property=\"og:image\" content=\"https:\/\/crime-passionnel.com\/wp-content\/uploads\/2026\/04\/Shadid-scaled.jpg\" \/>\n\t<meta property=\"og:image:width\" content=\"1945\" \/>\n\t<meta property=\"og:image:height\" content=\"2560\" \/>\n\t<meta property=\"og:image:type\" content=\"image\/jpeg\" \/>\n<meta name=\"twitter:card\" content=\"summary_large_image\" \/>\n<meta name=\"twitter:label1\" content=\"Estimeret l\u00e6setid\" \/>\n\t<meta name=\"twitter:data1\" content=\"2 minutter\" \/>\n<script type=\"application\/ld+json\" class=\"yoast-schema-graph\">{\"@context\":\"https:\/\/schema.org\",\"@graph\":[{\"@type\":\"WebPage\",\"@id\":\"https:\/\/crime-passionnel.com\/product\/shadid\/\",\"url\":\"https:\/\/crime-passionnel.com\/product\/shadid\/\",\"name\":\"Shadid Extrait de Parfum - Crime Passionnel\",\"isPartOf\":{\"@id\":\"https:\/\/crime-passionnel.com\/#website\"},\"primaryImageOfPage\":{\"@id\":\"https:\/\/crime-passionnel.com\/product\/shadid\/#primaryimage\"},\"image\":{\"@id\":\"https:\/\/crime-passionnel.com\/product\/shadid\/#primaryimage\"},\"thumbnailUrl\":\"https:\/\/crime-passionnel.com\/wp-content\/uploads\/2026\/04\/Shadid-scaled.jpg\",\"datePublished\":\"2026-04-01T08:36:20+00:00\",\"dateModified\":\"2026-04-08T13:42:55+00:00\",\"description\":\"AU COEUR DU D\u00c9SERT by Andy Tauer is the metamorphose of L\u2019air du d\u00e9sert marocain into a luxurious extrait de parfum.\",\"breadcrumb\":{\"@id\":\"https:\/\/crime-passionnel.com\/product\/shadid\/#breadcrumb\"},\"inLanguage\":\"da-DK\",\"potentialAction\":[{\"@type\":\"ReadAction\",\"target\":[\"https:\/\/crime-passionnel.com\/product\/shadid\/\"]}]},{\"@type\":\"ImageObject\",\"inLanguage\":\"da-DK\",\"@id\":\"https:\/\/crime-passionnel.com\/product\/shadid\/#primaryimage\",\"url\":\"https:\/\/crime-passionnel.com\/wp-content\/uploads\/2026\/04\/Shadid-scaled.jpg\",\"contentUrl\":\"https:\/\/crime-passionnel.com\/wp-content\/uploads\/2026\/04\/Shadid-scaled.jpg\",\"width\":1945,\"height\":2560,\"caption\":\"Shadid\"},{\"@type\":\"BreadcrumbList\",\"@id\":\"https:\/\/crime-passionnel.com\/product\/shadid\/#breadcrumb\",\"itemListElement\":[{\"@type\":\"ListItem\",\"position\":1,\"name\":\"Home\",\"item\":\"https:\/\/crime-passionnel.com\/\"},{\"@type\":\"ListItem\",\"position\":2,\"name\":\"Products\",\"item\":\"https:\/\/crime-passionnel.com\/products\/\"},{\"@type\":\"ListItem\",\"position\":3,\"name\":\"Shadid\"}]},{\"@type\":\"WebSite\",\"@id\":\"https:\/\/crime-passionnel.com\/#website\",\"url\":\"https:\/\/crime-passionnel.com\/\",\"name\":\"Crime Passionnel\",\"description\":\"\",\"publisher\":{\"@id\":\"https:\/\/crime-passionnel.com\/#organization\"},\"potentialAction\":[{\"@type\":\"SearchAction\",\"target\":{\"@type\":\"EntryPoint\",\"urlTemplate\":\"https:\/\/crime-passionnel.com\/?s={search_term_string}\"},\"query-input\":{\"@type\":\"PropertyValueSpecification\",\"valueRequired\":true,\"valueName\":\"search_term_string\"}}],\"inLanguage\":\"da-DK\"},{\"@type\":\"Organization\",\"@id\":\"https:\/\/crime-passionnel.com\/#organization\",\"name\":\"Crime Passionnel\",\"url\":\"https:\/\/crime-passionnel.com\/\",\"logo\":{\"@type\":\"ImageObject\",\"inLanguage\":\"da-DK\",\"@id\":\"https:\/\/crime-passionnel.com\/#\/schema\/logo\/image\/\",\"url\":\"https:\/\/crime-passionnel.com\/wp-content\/uploads\/2021\/07\/logo.png\",\"contentUrl\":\"https:\/\/crime-passionnel.com\/wp-content\/uploads\/2021\/07\/logo.png\",\"width\":128,\"height\":50,\"caption\":\"Crime Passionnel\"},\"image\":{\"@id\":\"https:\/\/crime-passionnel.com\/#\/schema\/logo\/image\/\"},\"sameAs\":[\"https:\/\/www.facebook.com\/crimepassionnel\/\",\"https:\/\/www.instagram.com\/crime.passionnel\/\"]}]}<\/script>\n<!-- \/ Yoast SEO plugin. -->","yoast_head_json":{"title":"Shadid Extrait de Parfum - Crime Passionnel","description":"AU COEUR DU D\u00c9SERT by Andy Tauer is the metamorphose of L\u2019air du d\u00e9sert marocain into a luxurious extrait de parfum.","robots":{"index":"index","follow":"follow","max-snippet":"max-snippet:-1","max-image-preview":"max-image-preview:large","max-video-preview":"max-video-preview:-1"},"canonical":"https:\/\/crime-passionnel.com\/da\/vare\/shadid\/","og_locale":"da_DK","og_type":"article","og_title":"Shadid Extrait de Parfum - Crime Passionnel","og_description":"AU COEUR DU D\u00c9SERT by Andy Tauer is the metamorphose of L\u2019air du d\u00e9sert marocain into a luxurious extrait de parfum.","og_url":"https:\/\/crime-passionnel.com\/da\/vare\/shadid\/","og_site_name":"Crime Passionnel","article_publisher":"https:\/\/www.facebook.com\/crimepassionnel\/","article_modified_time":"2026-04-08T13:42:55+00:00","og_image":[{"width":1945,"height":2560,"url":"https:\/\/crime-passionnel.com\/wp-content\/uploads\/2026\/04\/Shadid-scaled.jpg","type":"image\/jpeg"}],"twitter_card":"summary_large_image","twitter_misc":{"Estimeret l\u00e6setid":"2 minutter"},"schema":{"@context":"https:\/\/schema.org","@graph":[{"@type":"WebPage","@id":"https:\/\/crime-passionnel.com\/product\/shadid\/","url":"https:\/\/crime-passionnel.com\/product\/shadid\/","name":"Shadid Extrait de Parfum - Crime Passionnel","isPartOf":{"@id":"https:\/\/crime-passionnel.com\/#website"},"primaryImageOfPage":{"@id":"https:\/\/crime-passionnel.com\/product\/shadid\/#primaryimage"},"image":{"@id":"https:\/\/crime-passionnel.com\/product\/shadid\/#primaryimage"},"thumbnailUrl":"https:\/\/crime-passionnel.com\/wp-content\/uploads\/2026\/04\/Shadid-scaled.jpg","datePublished":"2026-04-01T08:36:20+00:00","dateModified":"2026-04-08T13:42:55+00:00","description":"AU COEUR DU D\u00c9SERT by Andy Tauer is the metamorphose of L\u2019air du d\u00e9sert marocain into a luxurious extrait de parfum.","breadcrumb":{"@id":"https:\/\/crime-passionnel.com\/product\/shadid\/#breadcrumb"},"inLanguage":"da-DK","potentialAction":[{"@type":"ReadAction","target":["https:\/\/crime-passionnel.com\/product\/shadid\/"]}]},{"@type":"ImageObject","inLanguage":"da-DK","@id":"https:\/\/crime-passionnel.com\/product\/shadid\/#primaryimage","url":"https:\/\/crime-passionnel.com\/wp-content\/uploads\/2026\/04\/Shadid-scaled.jpg","contentUrl":"https:\/\/crime-passionnel.com\/wp-content\/uploads\/2026\/04\/Shadid-scaled.jpg","width":1945,"height":2560,"caption":"Shadid"},{"@type":"BreadcrumbList","@id":"https:\/\/crime-passionnel.com\/product\/shadid\/#breadcrumb","itemListElement":[{"@type":"ListItem","position":1,"name":"Home","item":"https:\/\/crime-passionnel.com\/"},{"@type":"ListItem","position":2,"name":"Products","item":"https:\/\/crime-passionnel.com\/products\/"},{"@type":"ListItem","position":3,"name":"Shadid"}]},{"@type":"WebSite","@id":"https:\/\/crime-passionnel.com\/#website","url":"https:\/\/crime-passionnel.com\/","name":"Forbrydelse og lidenskab","description":"","publisher":{"@id":"https:\/\/crime-passionnel.com\/#organization"},"potentialAction":[{"@type":"SearchAction","target":{"@type":"EntryPoint","urlTemplate":"https:\/\/crime-passionnel.com\/?s={search_term_string}"},"query-input":{"@type":"PropertyValueSpecification","valueRequired":true,"valueName":"search_term_string"}}],"inLanguage":"da-DK"},{"@type":"Organization","@id":"https:\/\/crime-passionnel.com\/#organization","name":"Forbrydelse og lidenskab","url":"https:\/\/crime-passionnel.com\/","logo":{"@type":"ImageObject","inLanguage":"da-DK","@id":"https:\/\/crime-passionnel.com\/#\/schema\/logo\/image\/","url":"https:\/\/crime-passionnel.com\/wp-content\/uploads\/2021\/07\/logo.png","contentUrl":"https:\/\/crime-passionnel.com\/wp-content\/uploads\/2021\/07\/logo.png","width":128,"height":50,"caption":"Crime Passionnel"},"image":{"@id":"https:\/\/crime-passionnel.com\/#\/schema\/logo\/image\/"},"sameAs":["https:\/\/www.facebook.com\/crimepassionnel\/","https:\/\/www.instagram.com\/crime.passionnel\/"]}]}},"_links":{"self":[{"href":"https:\/\/crime-passionnel.com\/da\/wp-json\/wp\/v2\/product\/33093","targetHints":{"allow":["GET"]}}],"collection":[{"href":"https:\/\/crime-passionnel.com\/da\/wp-json\/wp\/v2\/product"}],"about":[{"href":"https:\/\/crime-passionnel.com\/da\/wp-json\/wp\/v2\/types\/product"}],"wp:featuredmedia":[{"embeddable":true,"href":"https:\/\/crime-passionnel.com\/da\/wp-json\/wp\/v2\/media\/33096"}],"wp:attachment":[{"href":"https:\/\/crime-passionnel.com\/da\/wp-json\/wp\/v2\/media?parent=33093"}],"wp:term":[{"taxonomy":"product_brand","embeddable":true,"href":"https:\/\/crime-passionnel.com\/da\/wp-json\/wp\/v2\/product_brand?post=33093"},{"taxonomy":"product_cat","embeddable":true,"href":"https:\/\/crime-passionnel.com\/da\/wp-json\/wp\/v2\/product_cat?post=33093"},{"taxonomy":"product_tag","embeddable":true,"href":"https:\/\/crime-passionnel.com\/da\/wp-json\/wp\/v2\/product_tag?post=33093"}],"curies":[{"name":"wp","href":"https:\/\/api.w.org\/{rel}","templated":true}]}}