{"id":3308,"date":"2022-01-26T21:05:58","date_gmt":"2022-01-26T21:05:58","guid":{"rendered":"http:\/\/crimepassionnel.nextwebdev.lt\/?post_type=product&#038;p=3308"},"modified":"2026-04-02T02:42:34","modified_gmt":"2026-04-02T02:42:34","slug":"au-coeur-du-desert","status":"publish","type":"product","link":"https:\/\/crime-passionnel.com\/da\/vare\/au-coeur-du-desert\/","title":{"rendered":"Au Coeur du D\u00e9sert"},"content":{"rendered":"<p>AU COEUR DU D\u00c9SERT\u2122 er en metamorfose af L'air du d\u00e9sert marocain til en luksuri\u00f8s extrait de parfum. Koncentrationen i ekstrakten fremh\u00e6ver den sublime elegance og naturlige sk\u00f8nhed i de varme tr\u00e6agtige ravnoter.<br \/>\nAu Coeur Du D\u00e9sert bygger p\u00e5 L'air du d\u00e9sert marocain, men det er en raffineret extrait de parfum med en revideret formel og en gener\u00f8s h\u00e5nd med dyre noter.<br \/>\nHvis parfume er kunst, er AU COEUR DU D\u00c9SERT en statue sk\u00e5ret ud af solbeskinnet tr\u00e6, bl\u00f8dgjort med en glans af \u00e6ldet patchouli og en patina af ambra, der v\u00e6kkes til live med en balsamisk gl\u00f8d.<\/p>\n<p>INGREDIENSER<\/p>\n<p>Topnoter: Koriander. Kommen. Petitgrain.<\/p>\n<p>Mellemnoter: Stenrose. Jasmin. Patchouli. Tr\u00e6.<\/p>\n<p>Basenote: Cedertr\u00e6. Vetiver. Ambergris.<\/p>","protected":false},"excerpt":{"rendered":"<p>Tidlig aften i Marrakesh<\/p>","protected":false},"featured_media":4211,"template":"","meta":{"_acf_changed":false},"product_brand":[],"product_cat":[15],"product_tag":[],"class_list":{"0":"post-3308","1":"product","2":"type-product","3":"status-publish","4":"has-post-thumbnail","6":"product_cat-perfumes","7":"pa_brands-andy-tauer","8":"pa_projection-stron","9":"pa_sizes-2ml-sample","10":"pa_sizes-50ml","11":"pa_style-spicy","12":"pa_style-woody","14":"first","15":"instock","16":"taxable","17":"shipping-taxable","18":"purchasable","19":"product-type-variable","20":"add-to-wishlist-before_image"},"acf":[],"yoast_head":"<!-- This site is optimized with the Yoast SEO plugin v27.1.1 - https:\/\/yoast.com\/product\/yoast-seo-wordpress\/ -->\n<title>Au Coeur du D\u00e9sert Extrait de Parfum - Crime Passionnel<\/title>\n<meta name=\"description\" content=\"AU COEUR DU D\u00c9SERT by Andy Tauer is the metamorphose of L\u2019air du d\u00e9sert marocain into a luxurious extrait de parfum.\" \/>\n<meta name=\"robots\" content=\"index, follow, max-snippet:-1, max-image-preview:large, max-video-preview:-1\" \/>\n<link rel=\"canonical\" href=\"https:\/\/crime-passionnel.com\/da\/vare\/au-coeur-du-desert\/\" \/>\n<meta property=\"og:locale\" content=\"da_DK\" \/>\n<meta property=\"og:type\" content=\"article\" \/>\n<meta property=\"og:title\" content=\"Au Coeur du D\u00e9sert Extrait de Parfum - Crime Passionnel\" \/>\n<meta property=\"og:description\" content=\"AU COEUR DU D\u00c9SERT by Andy Tauer is the metamorphose of L\u2019air du d\u00e9sert marocain into a luxurious extrait de parfum.\" \/>\n<meta property=\"og:url\" content=\"https:\/\/crime-passionnel.com\/da\/vare\/au-coeur-du-desert\/\" \/>\n<meta property=\"og:site_name\" content=\"Crime Passionnel\" \/>\n<meta property=\"article:publisher\" content=\"https:\/\/www.facebook.com\/crimepassionnel\/\" \/>\n<meta property=\"article:modified_time\" content=\"2026-04-02T02:42:34+00:00\" \/>\n<meta property=\"og:image\" content=\"https:\/\/crime-passionnel.com\/wp-content\/uploads\/2022\/01\/AUCOEURDUDESERTWHITE-scaled.jpg\" \/>\n\t<meta property=\"og:image:width\" content=\"1459\" \/>\n\t<meta property=\"og:image:height\" content=\"1920\" \/>\n\t<meta property=\"og:image:type\" content=\"image\/jpeg\" \/>\n<meta name=\"twitter:card\" content=\"summary_large_image\" \/>\n<meta name=\"twitter:label1\" content=\"Estimeret l\u00e6setid\" \/>\n\t<meta name=\"twitter:data1\" content=\"1 minut\" \/>\n<script type=\"application\/ld+json\" class=\"yoast-schema-graph\">{\"@context\":\"https:\/\/schema.org\",\"@graph\":[{\"@type\":\"WebPage\",\"@id\":\"https:\/\/crime-passionnel.com\/product\/au-coeur-du-desert\/\",\"url\":\"https:\/\/crime-passionnel.com\/product\/au-coeur-du-desert\/\",\"name\":\"Au Coeur du D\u00e9sert Extrait de Parfum - Crime Passionnel\",\"isPartOf\":{\"@id\":\"https:\/\/crime-passionnel.com\/#website\"},\"primaryImageOfPage\":{\"@id\":\"https:\/\/crime-passionnel.com\/product\/au-coeur-du-desert\/#primaryimage\"},\"image\":{\"@id\":\"https:\/\/crime-passionnel.com\/product\/au-coeur-du-desert\/#primaryimage\"},\"thumbnailUrl\":\"https:\/\/crime-passionnel.com\/wp-content\/uploads\/2022\/01\/AUCOEURDUDESERTWHITE-scaled.jpg\",\"datePublished\":\"2022-01-26T21:05:58+00:00\",\"dateModified\":\"2026-04-02T02:42:34+00:00\",\"description\":\"AU COEUR DU D\u00c9SERT by Andy Tauer is the metamorphose of L\u2019air du d\u00e9sert marocain into a luxurious extrait de parfum.\",\"breadcrumb\":{\"@id\":\"https:\/\/crime-passionnel.com\/product\/au-coeur-du-desert\/#breadcrumb\"},\"inLanguage\":\"da-DK\",\"potentialAction\":[{\"@type\":\"ReadAction\",\"target\":[\"https:\/\/crime-passionnel.com\/product\/au-coeur-du-desert\/\"]}]},{\"@type\":\"ImageObject\",\"inLanguage\":\"da-DK\",\"@id\":\"https:\/\/crime-passionnel.com\/product\/au-coeur-du-desert\/#primaryimage\",\"url\":\"https:\/\/crime-passionnel.com\/wp-content\/uploads\/2022\/01\/AUCOEURDUDESERTWHITE-scaled.jpg\",\"contentUrl\":\"https:\/\/crime-passionnel.com\/wp-content\/uploads\/2022\/01\/AUCOEURDUDESERTWHITE-scaled.jpg\",\"width\":1459,\"height\":1920,\"caption\":\"Au Coeur du D\u00e9sert Extrait de Parfum\"},{\"@type\":\"BreadcrumbList\",\"@id\":\"https:\/\/crime-passionnel.com\/product\/au-coeur-du-desert\/#breadcrumb\",\"itemListElement\":[{\"@type\":\"ListItem\",\"position\":1,\"name\":\"Home\",\"item\":\"https:\/\/crime-passionnel.com\/\"},{\"@type\":\"ListItem\",\"position\":2,\"name\":\"Products\",\"item\":\"https:\/\/crime-passionnel.com\/products\/\"},{\"@type\":\"ListItem\",\"position\":3,\"name\":\"Au Coeur du D\u00e9sert\"}]},{\"@type\":\"WebSite\",\"@id\":\"https:\/\/crime-passionnel.com\/#website\",\"url\":\"https:\/\/crime-passionnel.com\/\",\"name\":\"Crime Passionnel\",\"description\":\"\",\"publisher\":{\"@id\":\"https:\/\/crime-passionnel.com\/#organization\"},\"potentialAction\":[{\"@type\":\"SearchAction\",\"target\":{\"@type\":\"EntryPoint\",\"urlTemplate\":\"https:\/\/crime-passionnel.com\/?s={search_term_string}\"},\"query-input\":{\"@type\":\"PropertyValueSpecification\",\"valueRequired\":true,\"valueName\":\"search_term_string\"}}],\"inLanguage\":\"da-DK\"},{\"@type\":\"Organization\",\"@id\":\"https:\/\/crime-passionnel.com\/#organization\",\"name\":\"Crime Passionnel\",\"url\":\"https:\/\/crime-passionnel.com\/\",\"logo\":{\"@type\":\"ImageObject\",\"inLanguage\":\"da-DK\",\"@id\":\"https:\/\/crime-passionnel.com\/#\/schema\/logo\/image\/\",\"url\":\"https:\/\/crime-passionnel.com\/wp-content\/uploads\/2021\/07\/logo.png\",\"contentUrl\":\"https:\/\/crime-passionnel.com\/wp-content\/uploads\/2021\/07\/logo.png\",\"width\":128,\"height\":50,\"caption\":\"Crime Passionnel\"},\"image\":{\"@id\":\"https:\/\/crime-passionnel.com\/#\/schema\/logo\/image\/\"},\"sameAs\":[\"https:\/\/www.facebook.com\/crimepassionnel\/\",\"https:\/\/www.instagram.com\/crime.passionnel\/\"]}]}<\/script>\n<!-- \/ Yoast SEO plugin. -->","yoast_head_json":{"title":"Au Coeur du D\u00e9sert Extrait de Parfum - Crime Passionnel","description":"AU COEUR DU D\u00c9SERT by Andy Tauer is the metamorphose of L\u2019air du d\u00e9sert marocain into a luxurious extrait de parfum.","robots":{"index":"index","follow":"follow","max-snippet":"max-snippet:-1","max-image-preview":"max-image-preview:large","max-video-preview":"max-video-preview:-1"},"canonical":"https:\/\/crime-passionnel.com\/da\/vare\/au-coeur-du-desert\/","og_locale":"da_DK","og_type":"article","og_title":"Au Coeur du D\u00e9sert Extrait de Parfum - Crime Passionnel","og_description":"AU COEUR DU D\u00c9SERT by Andy Tauer is the metamorphose of L\u2019air du d\u00e9sert marocain into a luxurious extrait de parfum.","og_url":"https:\/\/crime-passionnel.com\/da\/vare\/au-coeur-du-desert\/","og_site_name":"Crime Passionnel","article_publisher":"https:\/\/www.facebook.com\/crimepassionnel\/","article_modified_time":"2026-04-02T02:42:34+00:00","og_image":[{"width":1459,"height":1920,"url":"https:\/\/crime-passionnel.com\/wp-content\/uploads\/2022\/01\/AUCOEURDUDESERTWHITE-scaled.jpg","type":"image\/jpeg"}],"twitter_card":"summary_large_image","twitter_misc":{"Estimeret l\u00e6setid":"1 minut"},"schema":{"@context":"https:\/\/schema.org","@graph":[{"@type":"WebPage","@id":"https:\/\/crime-passionnel.com\/product\/au-coeur-du-desert\/","url":"https:\/\/crime-passionnel.com\/product\/au-coeur-du-desert\/","name":"Au Coeur du D\u00e9sert Extrait de Parfum - Crime Passionnel","isPartOf":{"@id":"https:\/\/crime-passionnel.com\/#website"},"primaryImageOfPage":{"@id":"https:\/\/crime-passionnel.com\/product\/au-coeur-du-desert\/#primaryimage"},"image":{"@id":"https:\/\/crime-passionnel.com\/product\/au-coeur-du-desert\/#primaryimage"},"thumbnailUrl":"https:\/\/crime-passionnel.com\/wp-content\/uploads\/2022\/01\/AUCOEURDUDESERTWHITE-scaled.jpg","datePublished":"2022-01-26T21:05:58+00:00","dateModified":"2026-04-02T02:42:34+00:00","description":"AU COEUR DU D\u00c9SERT by Andy Tauer is the metamorphose of L\u2019air du d\u00e9sert marocain into a luxurious extrait de parfum.","breadcrumb":{"@id":"https:\/\/crime-passionnel.com\/product\/au-coeur-du-desert\/#breadcrumb"},"inLanguage":"da-DK","potentialAction":[{"@type":"ReadAction","target":["https:\/\/crime-passionnel.com\/product\/au-coeur-du-desert\/"]}]},{"@type":"ImageObject","inLanguage":"da-DK","@id":"https:\/\/crime-passionnel.com\/product\/au-coeur-du-desert\/#primaryimage","url":"https:\/\/crime-passionnel.com\/wp-content\/uploads\/2022\/01\/AUCOEURDUDESERTWHITE-scaled.jpg","contentUrl":"https:\/\/crime-passionnel.com\/wp-content\/uploads\/2022\/01\/AUCOEURDUDESERTWHITE-scaled.jpg","width":1459,"height":1920,"caption":"Au Coeur du D\u00e9sert Extrait de Parfum"},{"@type":"BreadcrumbList","@id":"https:\/\/crime-passionnel.com\/product\/au-coeur-du-desert\/#breadcrumb","itemListElement":[{"@type":"ListItem","position":1,"name":"Home","item":"https:\/\/crime-passionnel.com\/"},{"@type":"ListItem","position":2,"name":"Products","item":"https:\/\/crime-passionnel.com\/products\/"},{"@type":"ListItem","position":3,"name":"Au Coeur du D\u00e9sert"}]},{"@type":"WebSite","@id":"https:\/\/crime-passionnel.com\/#website","url":"https:\/\/crime-passionnel.com\/","name":"Forbrydelse og lidenskab","description":"","publisher":{"@id":"https:\/\/crime-passionnel.com\/#organization"},"potentialAction":[{"@type":"SearchAction","target":{"@type":"EntryPoint","urlTemplate":"https:\/\/crime-passionnel.com\/?s={search_term_string}"},"query-input":{"@type":"PropertyValueSpecification","valueRequired":true,"valueName":"search_term_string"}}],"inLanguage":"da-DK"},{"@type":"Organization","@id":"https:\/\/crime-passionnel.com\/#organization","name":"Forbrydelse og lidenskab","url":"https:\/\/crime-passionnel.com\/","logo":{"@type":"ImageObject","inLanguage":"da-DK","@id":"https:\/\/crime-passionnel.com\/#\/schema\/logo\/image\/","url":"https:\/\/crime-passionnel.com\/wp-content\/uploads\/2021\/07\/logo.png","contentUrl":"https:\/\/crime-passionnel.com\/wp-content\/uploads\/2021\/07\/logo.png","width":128,"height":50,"caption":"Crime Passionnel"},"image":{"@id":"https:\/\/crime-passionnel.com\/#\/schema\/logo\/image\/"},"sameAs":["https:\/\/www.facebook.com\/crimepassionnel\/","https:\/\/www.instagram.com\/crime.passionnel\/"]}]}},"_links":{"self":[{"href":"https:\/\/crime-passionnel.com\/da\/wp-json\/wp\/v2\/product\/3308","targetHints":{"allow":["GET"]}}],"collection":[{"href":"https:\/\/crime-passionnel.com\/da\/wp-json\/wp\/v2\/product"}],"about":[{"href":"https:\/\/crime-passionnel.com\/da\/wp-json\/wp\/v2\/types\/product"}],"wp:featuredmedia":[{"embeddable":true,"href":"https:\/\/crime-passionnel.com\/da\/wp-json\/wp\/v2\/media\/4211"}],"wp:attachment":[{"href":"https:\/\/crime-passionnel.com\/da\/wp-json\/wp\/v2\/media?parent=3308"}],"wp:term":[{"taxonomy":"product_brand","embeddable":true,"href":"https:\/\/crime-passionnel.com\/da\/wp-json\/wp\/v2\/product_brand?post=3308"},{"taxonomy":"product_cat","embeddable":true,"href":"https:\/\/crime-passionnel.com\/da\/wp-json\/wp\/v2\/product_cat?post=3308"},{"taxonomy":"product_tag","embeddable":true,"href":"https:\/\/crime-passionnel.com\/da\/wp-json\/wp\/v2\/product_tag?post=3308"}],"curies":[{"name":"wp","href":"https:\/\/api.w.org\/{rel}","templated":true}]}}