{"id":33042,"date":"2026-03-26T19:57:51","date_gmt":"2026-03-26T19:57:51","guid":{"rendered":"https:\/\/crime-passionnel.com\/?post_type=product&#038;p=33042"},"modified":"2026-04-07T13:42:52","modified_gmt":"2026-04-07T13:42:52","slug":"fathom-v-directors-cut","status":"publish","type":"product","link":"https:\/\/crime-passionnel.com\/da\/vare\/fathom-v-directors-cut\/","title":{"rendered":"Fathom V Directors Cut"},"content":{"rendered":"<p dir=\"ltr\">For at fejre et \u00e5rti med Fathom V har vi produceret en \u2018Directors Cut\u2019 EXTRAIT-version af duften i begr\u00e6nset oplag: det \u2018store gr\u00f8nne b\u00e6st\u2019 genskabt i en ultrast\u00e6rk variant med et 150% h\u00f8jere olieindhold. Denne \u2018udvidede\u2019 version bringer de mere d\u00e6mpede aspekter af originalen til live og er naturligvis b\u00e5de utrolig kraftig og ekstremt holdbar.<\/p>\n<p dir=\"ltr\">Hver helt sort flaske er individuelt nummereret, og oplaget er kun p\u00e5 1000 eksemplarer p\u00e5 verdensplan. Hver \u00e6ske indeholder et h\u00e5ndsigneret \u00e6gthedsbevis.<\/p>\n<p>&nbsp;<\/p>\n<p>INGREDIENSER<\/p>\n<p>Topnoter: Eneb\u00e6r, solb\u00e6r, gr\u00f8nne blade, vandig<\/p>\n<p>Hjertenoter: Lilje, jasmin, spidskommen<\/p>\n<p>Basisnoter: Vetiver, mos, salt, atlasceder<\/p>","protected":false},"excerpt":{"rendered":"<p>Begr\u00e6nset udgave<\/p>","protected":false},"featured_media":33040,"template":"","meta":{"_acf_changed":false},"product_brand":[],"product_cat":[419,418,15],"product_tag":[],"class_list":{"0":"post-33042","1":"product","2":"type-product","3":"status-publish","4":"has-post-thumbnail","6":"product_cat-collectable-perfumes","7":"product_cat-new-arrivals","8":"product_cat-perfumes","9":"pa_brands-beaufort-london","10":"pa_projection-stron","11":"pa_sizes-50ml","12":"pa_style-floral","13":"pa_style-woody","15":"first","16":"instock","17":"taxable","18":"shipping-taxable","19":"purchasable","20":"product-type-variable","21":"add-to-wishlist-before_image"},"acf":[],"yoast_head":"<!-- This site is optimized with the Yoast SEO plugin v27.4 - https:\/\/yoast.com\/product\/yoast-seo-wordpress\/ -->\n<title>Fathom V Directors Cut Eau de Parfum - Crime Passionnel Niche Perfumes<\/title>\n<meta name=\"description\" content=\"In Fathom V - salt meets earth, sparkling herbals blend with dark mosses, bright floral notes meet intense dark spices and pepper.\" \/>\n<meta name=\"robots\" content=\"index, follow, max-snippet:-1, max-image-preview:large, max-video-preview:-1\" \/>\n<link rel=\"canonical\" href=\"https:\/\/crime-passionnel.com\/da\/vare\/fathom-v-directors-cut\/\" \/>\n<meta property=\"og:locale\" content=\"da_DK\" \/>\n<meta property=\"og:type\" content=\"article\" \/>\n<meta property=\"og:title\" content=\"Fathom V Directors Cut Eau de Parfum - Crime Passionnel Niche Perfumes\" \/>\n<meta property=\"og:description\" content=\"In Fathom V - salt meets earth, sparkling herbals blend with dark mosses, bright floral notes meet intense dark spices and pepper.\" \/>\n<meta property=\"og:url\" content=\"https:\/\/crime-passionnel.com\/da\/vare\/fathom-v-directors-cut\/\" \/>\n<meta property=\"og:site_name\" content=\"Crime Passionnel\" \/>\n<meta property=\"article:publisher\" content=\"https:\/\/www.facebook.com\/crimepassionnel\/\" \/>\n<meta property=\"article:modified_time\" content=\"2026-04-07T13:42:52+00:00\" \/>\n<meta property=\"og:image\" content=\"https:\/\/crime-passionnel.com\/wp-content\/uploads\/2022\/01\/Fathom-V-Directos-Cut-scaled.jpg\" \/>\n\t<meta property=\"og:image:width\" content=\"1945\" \/>\n\t<meta property=\"og:image:height\" content=\"2560\" \/>\n\t<meta property=\"og:image:type\" content=\"image\/jpeg\" \/>\n<meta name=\"twitter:card\" content=\"summary_large_image\" \/>\n<meta name=\"twitter:label1\" content=\"Estimeret l\u00e6setid\" \/>\n\t<meta name=\"twitter:data1\" content=\"1 minut\" \/>\n<script type=\"application\/ld+json\" class=\"yoast-schema-graph\">{\"@context\":\"https:\\\/\\\/schema.org\",\"@graph\":[{\"@type\":\"WebPage\",\"@id\":\"https:\\\/\\\/crime-passionnel.com\\\/product\\\/fathom-v-directors-cut\\\/\",\"url\":\"https:\\\/\\\/crime-passionnel.com\\\/product\\\/fathom-v-directors-cut\\\/\",\"name\":\"Fathom V Directors Cut Eau de Parfum - Crime Passionnel Niche Perfumes\",\"isPartOf\":{\"@id\":\"https:\\\/\\\/crime-passionnel.com\\\/#website\"},\"primaryImageOfPage\":{\"@id\":\"https:\\\/\\\/crime-passionnel.com\\\/product\\\/fathom-v-directors-cut\\\/#primaryimage\"},\"image\":{\"@id\":\"https:\\\/\\\/crime-passionnel.com\\\/product\\\/fathom-v-directors-cut\\\/#primaryimage\"},\"thumbnailUrl\":\"https:\\\/\\\/crime-passionnel.com\\\/wp-content\\\/uploads\\\/2022\\\/01\\\/Fathom-V-Directos-Cut-scaled.jpg\",\"datePublished\":\"2026-03-26T19:57:51+00:00\",\"dateModified\":\"2026-04-07T13:42:52+00:00\",\"description\":\"In Fathom V - salt meets earth, sparkling herbals blend with dark mosses, bright floral notes meet intense dark spices and pepper.\",\"breadcrumb\":{\"@id\":\"https:\\\/\\\/crime-passionnel.com\\\/product\\\/fathom-v-directors-cut\\\/#breadcrumb\"},\"inLanguage\":\"da-DK\",\"potentialAction\":[{\"@type\":\"ReadAction\",\"target\":[\"https:\\\/\\\/crime-passionnel.com\\\/product\\\/fathom-v-directors-cut\\\/\"]}]},{\"@type\":\"ImageObject\",\"inLanguage\":\"da-DK\",\"@id\":\"https:\\\/\\\/crime-passionnel.com\\\/product\\\/fathom-v-directors-cut\\\/#primaryimage\",\"url\":\"https:\\\/\\\/crime-passionnel.com\\\/wp-content\\\/uploads\\\/2022\\\/01\\\/Fathom-V-Directos-Cut-scaled.jpg\",\"contentUrl\":\"https:\\\/\\\/crime-passionnel.com\\\/wp-content\\\/uploads\\\/2022\\\/01\\\/Fathom-V-Directos-Cut-scaled.jpg\",\"width\":1945,\"height\":2560,\"caption\":\"Fathom-V-Directos-Cut\"},{\"@type\":\"BreadcrumbList\",\"@id\":\"https:\\\/\\\/crime-passionnel.com\\\/product\\\/fathom-v-directors-cut\\\/#breadcrumb\",\"itemListElement\":[{\"@type\":\"ListItem\",\"position\":1,\"name\":\"Home\",\"item\":\"https:\\\/\\\/crime-passionnel.com\\\/\"},{\"@type\":\"ListItem\",\"position\":2,\"name\":\"Products\",\"item\":\"https:\\\/\\\/crime-passionnel.com\\\/products\\\/\"},{\"@type\":\"ListItem\",\"position\":3,\"name\":\"Fathom V Directors Cut\"}]},{\"@type\":\"WebSite\",\"@id\":\"https:\\\/\\\/crime-passionnel.com\\\/#website\",\"url\":\"https:\\\/\\\/crime-passionnel.com\\\/\",\"name\":\"Crime Passionnel\",\"description\":\"\",\"publisher\":{\"@id\":\"https:\\\/\\\/crime-passionnel.com\\\/#organization\"},\"potentialAction\":[{\"@type\":\"SearchAction\",\"target\":{\"@type\":\"EntryPoint\",\"urlTemplate\":\"https:\\\/\\\/crime-passionnel.com\\\/?s={search_term_string}\"},\"query-input\":{\"@type\":\"PropertyValueSpecification\",\"valueRequired\":true,\"valueName\":\"search_term_string\"}}],\"inLanguage\":\"da-DK\"},{\"@type\":\"Organization\",\"@id\":\"https:\\\/\\\/crime-passionnel.com\\\/#organization\",\"name\":\"Crime Passionnel\",\"url\":\"https:\\\/\\\/crime-passionnel.com\\\/\",\"logo\":{\"@type\":\"ImageObject\",\"inLanguage\":\"da-DK\",\"@id\":\"https:\\\/\\\/crime-passionnel.com\\\/#\\\/schema\\\/logo\\\/image\\\/\",\"url\":\"https:\\\/\\\/crime-passionnel.com\\\/wp-content\\\/uploads\\\/2021\\\/07\\\/logo.png\",\"contentUrl\":\"https:\\\/\\\/crime-passionnel.com\\\/wp-content\\\/uploads\\\/2021\\\/07\\\/logo.png\",\"width\":128,\"height\":50,\"caption\":\"Crime Passionnel\"},\"image\":{\"@id\":\"https:\\\/\\\/crime-passionnel.com\\\/#\\\/schema\\\/logo\\\/image\\\/\"},\"sameAs\":[\"https:\\\/\\\/www.facebook.com\\\/crimepassionnel\\\/\",\"https:\\\/\\\/www.instagram.com\\\/crime.passionnel\\\/\"]}]}<\/script>\n<!-- \/ Yoast SEO plugin. -->","yoast_head_json":{"title":"Fathom V Directors Cut Eau de Parfum - Crime Passionnel Niche Perfumes","description":"In Fathom V - salt meets earth, sparkling herbals blend with dark mosses, bright floral notes meet intense dark spices and pepper.","robots":{"index":"index","follow":"follow","max-snippet":"max-snippet:-1","max-image-preview":"max-image-preview:large","max-video-preview":"max-video-preview:-1"},"canonical":"https:\/\/crime-passionnel.com\/da\/vare\/fathom-v-directors-cut\/","og_locale":"da_DK","og_type":"article","og_title":"Fathom V Directors Cut Eau de Parfum - Crime Passionnel Niche Perfumes","og_description":"In Fathom V - salt meets earth, sparkling herbals blend with dark mosses, bright floral notes meet intense dark spices and pepper.","og_url":"https:\/\/crime-passionnel.com\/da\/vare\/fathom-v-directors-cut\/","og_site_name":"Crime Passionnel","article_publisher":"https:\/\/www.facebook.com\/crimepassionnel\/","article_modified_time":"2026-04-07T13:42:52+00:00","og_image":[{"width":1945,"height":2560,"url":"https:\/\/crime-passionnel.com\/wp-content\/uploads\/2022\/01\/Fathom-V-Directos-Cut-scaled.jpg","type":"image\/jpeg"}],"twitter_card":"summary_large_image","twitter_misc":{"Estimeret l\u00e6setid":"1 minut"},"schema":{"@context":"https:\/\/schema.org","@graph":[{"@type":"WebPage","@id":"https:\/\/crime-passionnel.com\/product\/fathom-v-directors-cut\/","url":"https:\/\/crime-passionnel.com\/product\/fathom-v-directors-cut\/","name":"Fathom V Directors Cut Eau de Parfum - Crime Passionnel Niche Perfumes","isPartOf":{"@id":"https:\/\/crime-passionnel.com\/#website"},"primaryImageOfPage":{"@id":"https:\/\/crime-passionnel.com\/product\/fathom-v-directors-cut\/#primaryimage"},"image":{"@id":"https:\/\/crime-passionnel.com\/product\/fathom-v-directors-cut\/#primaryimage"},"thumbnailUrl":"https:\/\/crime-passionnel.com\/wp-content\/uploads\/2022\/01\/Fathom-V-Directos-Cut-scaled.jpg","datePublished":"2026-03-26T19:57:51+00:00","dateModified":"2026-04-07T13:42:52+00:00","description":"In Fathom V - salt meets earth, sparkling herbals blend with dark mosses, bright floral notes meet intense dark spices and pepper.","breadcrumb":{"@id":"https:\/\/crime-passionnel.com\/product\/fathom-v-directors-cut\/#breadcrumb"},"inLanguage":"da-DK","potentialAction":[{"@type":"ReadAction","target":["https:\/\/crime-passionnel.com\/product\/fathom-v-directors-cut\/"]}]},{"@type":"ImageObject","inLanguage":"da-DK","@id":"https:\/\/crime-passionnel.com\/product\/fathom-v-directors-cut\/#primaryimage","url":"https:\/\/crime-passionnel.com\/wp-content\/uploads\/2022\/01\/Fathom-V-Directos-Cut-scaled.jpg","contentUrl":"https:\/\/crime-passionnel.com\/wp-content\/uploads\/2022\/01\/Fathom-V-Directos-Cut-scaled.jpg","width":1945,"height":2560,"caption":"Fathom-V-Directos-Cut"},{"@type":"BreadcrumbList","@id":"https:\/\/crime-passionnel.com\/product\/fathom-v-directors-cut\/#breadcrumb","itemListElement":[{"@type":"ListItem","position":1,"name":"Home","item":"https:\/\/crime-passionnel.com\/"},{"@type":"ListItem","position":2,"name":"Products","item":"https:\/\/crime-passionnel.com\/products\/"},{"@type":"ListItem","position":3,"name":"Fathom V Directors Cut"}]},{"@type":"WebSite","@id":"https:\/\/crime-passionnel.com\/#website","url":"https:\/\/crime-passionnel.com\/","name":"Forbrydelse og lidenskab","description":"","publisher":{"@id":"https:\/\/crime-passionnel.com\/#organization"},"potentialAction":[{"@type":"SearchAction","target":{"@type":"EntryPoint","urlTemplate":"https:\/\/crime-passionnel.com\/?s={search_term_string}"},"query-input":{"@type":"PropertyValueSpecification","valueRequired":true,"valueName":"search_term_string"}}],"inLanguage":"da-DK"},{"@type":"Organization","@id":"https:\/\/crime-passionnel.com\/#organization","name":"Forbrydelse og lidenskab","url":"https:\/\/crime-passionnel.com\/","logo":{"@type":"ImageObject","inLanguage":"da-DK","@id":"https:\/\/crime-passionnel.com\/#\/schema\/logo\/image\/","url":"https:\/\/crime-passionnel.com\/wp-content\/uploads\/2021\/07\/logo.png","contentUrl":"https:\/\/crime-passionnel.com\/wp-content\/uploads\/2021\/07\/logo.png","width":128,"height":50,"caption":"Crime Passionnel"},"image":{"@id":"https:\/\/crime-passionnel.com\/#\/schema\/logo\/image\/"},"sameAs":["https:\/\/www.facebook.com\/crimepassionnel\/","https:\/\/www.instagram.com\/crime.passionnel\/"]}]}},"_links":{"self":[{"href":"https:\/\/crime-passionnel.com\/da\/wp-json\/wp\/v2\/product\/33042","targetHints":{"allow":["GET"]}}],"collection":[{"href":"https:\/\/crime-passionnel.com\/da\/wp-json\/wp\/v2\/product"}],"about":[{"href":"https:\/\/crime-passionnel.com\/da\/wp-json\/wp\/v2\/types\/product"}],"wp:featuredmedia":[{"embeddable":true,"href":"https:\/\/crime-passionnel.com\/da\/wp-json\/wp\/v2\/media\/33040"}],"wp:attachment":[{"href":"https:\/\/crime-passionnel.com\/da\/wp-json\/wp\/v2\/media?parent=33042"}],"wp:term":[{"taxonomy":"product_brand","embeddable":true,"href":"https:\/\/crime-passionnel.com\/da\/wp-json\/wp\/v2\/product_brand?post=33042"},{"taxonomy":"product_cat","embeddable":true,"href":"https:\/\/crime-passionnel.com\/da\/wp-json\/wp\/v2\/product_cat?post=33042"},{"taxonomy":"product_tag","embeddable":true,"href":"https:\/\/crime-passionnel.com\/da\/wp-json\/wp\/v2\/product_tag?post=33042"}],"curies":[{"name":"wp","href":"https:\/\/api.w.org\/{rel}","templated":true}]}}