{"id":3294,"date":"2022-01-24T23:33:14","date_gmt":"2022-01-24T23:33:14","guid":{"rendered":"http:\/\/crimepassionnel.nextwebdev.lt\/?post_type=product&#038;p=3294"},"modified":"2025-08-08T13:22:29","modified_gmt":"2025-08-08T13:22:29","slug":"terror-magnificence","status":"publish","type":"product","link":"https:\/\/crime-passionnel.com\/da\/vare\/terror-magnificence\/","title":{"rendered":"Terror og storsl\u00e5ethed"},"content":{"rendered":"<p>Revenants Vol III \u2013 Terror &amp; Magnificence er inspireret af arkitekten Nicholas Hawksmoor (1661-1736), hvis fantastiske bygninger perforerer det Londonske landskab.<\/p>\n<p>Hawksmoor, ogs\u00e5 kaldet dj\u00e6vlens arkitekt, skulle efter sigende havde inkorporeret visse mystiske arkitektoniske detaljer i hans bygninger, og den nyligt opst\u00e5ede formodning om at han havde v\u00e6ret frimurer, har startet spekulationer om, hvorvidt okkult symbolik har v\u00e6ret en inspiration, der muligvis er tr\u00e6ngt igennem til hans arbejde.<\/p>\n<p>INGREDIENSER<\/p>\n<p>Topnoter: Safran. Sort peber. Birketj\u00e6re.<\/p>\n<p>Mellemnoter: R\u00f8gelse, Somalia. Tobak absolut. Kyphi noter. Papyrus.<\/p>\n<p>Basenoter: Myrra harpiks. Benzoin harpiks. Labdanum absolut. Vetiver, Haiti. V\u00e5de sten noter.<\/p>","protected":false},"excerpt":{"rendered":"<p>M\u00f8rke og livgivende kompleksitet<\/p>","protected":false},"featured_media":20798,"template":"","meta":{"_acf_changed":false},"product_brand":[],"product_cat":[15],"product_tag":[],"class_list":{"0":"post-3294","1":"product","2":"type-product","3":"status-publish","4":"has-post-thumbnail","6":"product_cat-perfumes","7":"pa_brands-beaufort-london","8":"pa_projection-moderate","9":"pa_sizes-2ml-sample","10":"pa_sizes-50ml","11":"pa_style-oriental","12":"pa_style-woody","14":"first","15":"instock","16":"taxable","17":"shipping-taxable","18":"purchasable","19":"product-type-variable","20":"add-to-wishlist-before_image"},"acf":[],"yoast_head":"<!-- This site is optimized with the Yoast SEO plugin v27.1.1 - https:\/\/yoast.com\/product\/yoast-seo-wordpress\/ -->\n<title>Terror &amp; Magnificence Eau de Parfum - Crime Passionnel<\/title>\n<meta name=\"description\" content=\"Terror &amp; Magnificence takes its inspiration from the works of architect Nicholas Hawksmoor whose foreboding structures puncture London\u2019s landscape.\" \/>\n<meta name=\"robots\" content=\"index, follow, max-snippet:-1, max-image-preview:large, max-video-preview:-1\" \/>\n<link rel=\"canonical\" href=\"https:\/\/crime-passionnel.com\/da\/vare\/terror-magnificence\/\" \/>\n<meta property=\"og:locale\" content=\"da_DK\" \/>\n<meta property=\"og:type\" content=\"article\" \/>\n<meta property=\"og:title\" content=\"Terror &amp; Magnificence Eau de Parfum - Crime Passionnel\" \/>\n<meta property=\"og:description\" content=\"Terror &amp; Magnificence takes its inspiration from the works of architect Nicholas Hawksmoor whose foreboding structures puncture London\u2019s landscape.\" \/>\n<meta property=\"og:url\" content=\"https:\/\/crime-passionnel.com\/da\/vare\/terror-magnificence\/\" \/>\n<meta property=\"og:site_name\" content=\"Crime Passionnel\" \/>\n<meta property=\"article:publisher\" content=\"https:\/\/www.facebook.com\/crimepassionnel\/\" \/>\n<meta property=\"article:modified_time\" content=\"2025-08-08T13:22:29+00:00\" \/>\n<meta property=\"og:image\" content=\"https:\/\/crime-passionnel.com\/wp-content\/uploads\/2022\/12\/Terror-Magnificense-scaled.jpg\" \/>\n\t<meta property=\"og:image:width\" content=\"1945\" \/>\n\t<meta property=\"og:image:height\" content=\"2560\" \/>\n\t<meta property=\"og:image:type\" content=\"image\/jpeg\" \/>\n<meta name=\"twitter:card\" content=\"summary_large_image\" \/>\n<meta name=\"twitter:label1\" content=\"Estimeret l\u00e6setid\" \/>\n\t<meta name=\"twitter:data1\" content=\"1 minut\" \/>\n<script type=\"application\/ld+json\" class=\"yoast-schema-graph\">{\"@context\":\"https:\/\/schema.org\",\"@graph\":[{\"@type\":\"WebPage\",\"@id\":\"https:\/\/crime-passionnel.com\/product\/terror-magnificence\/\",\"url\":\"https:\/\/crime-passionnel.com\/product\/terror-magnificence\/\",\"name\":\"Terror & Magnificence Eau de Parfum - Crime Passionnel\",\"isPartOf\":{\"@id\":\"https:\/\/crime-passionnel.com\/#website\"},\"primaryImageOfPage\":{\"@id\":\"https:\/\/crime-passionnel.com\/product\/terror-magnificence\/#primaryimage\"},\"image\":{\"@id\":\"https:\/\/crime-passionnel.com\/product\/terror-magnificence\/#primaryimage\"},\"thumbnailUrl\":\"https:\/\/crime-passionnel.com\/wp-content\/uploads\/2022\/12\/Terror-Magnificense-scaled.jpg\",\"datePublished\":\"2022-01-24T23:33:14+00:00\",\"dateModified\":\"2025-08-08T13:22:29+00:00\",\"description\":\"Terror & Magnificence takes its inspiration from the works of architect Nicholas Hawksmoor whose foreboding structures puncture London\u2019s landscape.\",\"breadcrumb\":{\"@id\":\"https:\/\/crime-passionnel.com\/product\/terror-magnificence\/#breadcrumb\"},\"inLanguage\":\"da-DK\",\"potentialAction\":[{\"@type\":\"ReadAction\",\"target\":[\"https:\/\/crime-passionnel.com\/product\/terror-magnificence\/\"]}]},{\"@type\":\"ImageObject\",\"inLanguage\":\"da-DK\",\"@id\":\"https:\/\/crime-passionnel.com\/product\/terror-magnificence\/#primaryimage\",\"url\":\"https:\/\/crime-passionnel.com\/wp-content\/uploads\/2022\/12\/Terror-Magnificense-scaled.jpg\",\"contentUrl\":\"https:\/\/crime-passionnel.com\/wp-content\/uploads\/2022\/12\/Terror-Magnificense-scaled.jpg\",\"width\":1945,\"height\":2560,\"caption\":\"Terror Magnificence\"},{\"@type\":\"BreadcrumbList\",\"@id\":\"https:\/\/crime-passionnel.com\/product\/terror-magnificence\/#breadcrumb\",\"itemListElement\":[{\"@type\":\"ListItem\",\"position\":1,\"name\":\"Home\",\"item\":\"https:\/\/crime-passionnel.com\/\"},{\"@type\":\"ListItem\",\"position\":2,\"name\":\"Products\",\"item\":\"https:\/\/crime-passionnel.com\/products\/\"},{\"@type\":\"ListItem\",\"position\":3,\"name\":\"Terror &#038; Magnificence\"}]},{\"@type\":\"WebSite\",\"@id\":\"https:\/\/crime-passionnel.com\/#website\",\"url\":\"https:\/\/crime-passionnel.com\/\",\"name\":\"Crime Passionnel\",\"description\":\"\",\"publisher\":{\"@id\":\"https:\/\/crime-passionnel.com\/#organization\"},\"potentialAction\":[{\"@type\":\"SearchAction\",\"target\":{\"@type\":\"EntryPoint\",\"urlTemplate\":\"https:\/\/crime-passionnel.com\/?s={search_term_string}\"},\"query-input\":{\"@type\":\"PropertyValueSpecification\",\"valueRequired\":true,\"valueName\":\"search_term_string\"}}],\"inLanguage\":\"da-DK\"},{\"@type\":\"Organization\",\"@id\":\"https:\/\/crime-passionnel.com\/#organization\",\"name\":\"Crime Passionnel\",\"url\":\"https:\/\/crime-passionnel.com\/\",\"logo\":{\"@type\":\"ImageObject\",\"inLanguage\":\"da-DK\",\"@id\":\"https:\/\/crime-passionnel.com\/#\/schema\/logo\/image\/\",\"url\":\"https:\/\/crime-passionnel.com\/wp-content\/uploads\/2021\/07\/logo.png\",\"contentUrl\":\"https:\/\/crime-passionnel.com\/wp-content\/uploads\/2021\/07\/logo.png\",\"width\":128,\"height\":50,\"caption\":\"Crime Passionnel\"},\"image\":{\"@id\":\"https:\/\/crime-passionnel.com\/#\/schema\/logo\/image\/\"},\"sameAs\":[\"https:\/\/www.facebook.com\/crimepassionnel\/\",\"https:\/\/www.instagram.com\/crime.passionnel\/\"]}]}<\/script>\n<!-- \/ Yoast SEO plugin. -->","yoast_head_json":{"title":"Terror & Magnificence Eau de Parfum - Crime Passionnel","description":"Terror & Magnificence takes its inspiration from the works of architect Nicholas Hawksmoor whose foreboding structures puncture London\u2019s landscape.","robots":{"index":"index","follow":"follow","max-snippet":"max-snippet:-1","max-image-preview":"max-image-preview:large","max-video-preview":"max-video-preview:-1"},"canonical":"https:\/\/crime-passionnel.com\/da\/vare\/terror-magnificence\/","og_locale":"da_DK","og_type":"article","og_title":"Terror & Magnificence Eau de Parfum - Crime Passionnel","og_description":"Terror & Magnificence takes its inspiration from the works of architect Nicholas Hawksmoor whose foreboding structures puncture London\u2019s landscape.","og_url":"https:\/\/crime-passionnel.com\/da\/vare\/terror-magnificence\/","og_site_name":"Crime Passionnel","article_publisher":"https:\/\/www.facebook.com\/crimepassionnel\/","article_modified_time":"2025-08-08T13:22:29+00:00","og_image":[{"width":1945,"height":2560,"url":"https:\/\/crime-passionnel.com\/wp-content\/uploads\/2022\/12\/Terror-Magnificense-scaled.jpg","type":"image\/jpeg"}],"twitter_card":"summary_large_image","twitter_misc":{"Estimeret l\u00e6setid":"1 minut"},"schema":{"@context":"https:\/\/schema.org","@graph":[{"@type":"WebPage","@id":"https:\/\/crime-passionnel.com\/product\/terror-magnificence\/","url":"https:\/\/crime-passionnel.com\/product\/terror-magnificence\/","name":"Terror & Magnificence Eau de Parfum - Crime Passionnel","isPartOf":{"@id":"https:\/\/crime-passionnel.com\/#website"},"primaryImageOfPage":{"@id":"https:\/\/crime-passionnel.com\/product\/terror-magnificence\/#primaryimage"},"image":{"@id":"https:\/\/crime-passionnel.com\/product\/terror-magnificence\/#primaryimage"},"thumbnailUrl":"https:\/\/crime-passionnel.com\/wp-content\/uploads\/2022\/12\/Terror-Magnificense-scaled.jpg","datePublished":"2022-01-24T23:33:14+00:00","dateModified":"2025-08-08T13:22:29+00:00","description":"Terror & Magnificence takes its inspiration from the works of architect Nicholas Hawksmoor whose foreboding structures puncture London\u2019s landscape.","breadcrumb":{"@id":"https:\/\/crime-passionnel.com\/product\/terror-magnificence\/#breadcrumb"},"inLanguage":"da-DK","potentialAction":[{"@type":"ReadAction","target":["https:\/\/crime-passionnel.com\/product\/terror-magnificence\/"]}]},{"@type":"ImageObject","inLanguage":"da-DK","@id":"https:\/\/crime-passionnel.com\/product\/terror-magnificence\/#primaryimage","url":"https:\/\/crime-passionnel.com\/wp-content\/uploads\/2022\/12\/Terror-Magnificense-scaled.jpg","contentUrl":"https:\/\/crime-passionnel.com\/wp-content\/uploads\/2022\/12\/Terror-Magnificense-scaled.jpg","width":1945,"height":2560,"caption":"Terror Magnificence"},{"@type":"BreadcrumbList","@id":"https:\/\/crime-passionnel.com\/product\/terror-magnificence\/#breadcrumb","itemListElement":[{"@type":"ListItem","position":1,"name":"Home","item":"https:\/\/crime-passionnel.com\/"},{"@type":"ListItem","position":2,"name":"Products","item":"https:\/\/crime-passionnel.com\/products\/"},{"@type":"ListItem","position":3,"name":"Terror &#038; Magnificence"}]},{"@type":"WebSite","@id":"https:\/\/crime-passionnel.com\/#website","url":"https:\/\/crime-passionnel.com\/","name":"Forbrydelse og lidenskab","description":"","publisher":{"@id":"https:\/\/crime-passionnel.com\/#organization"},"potentialAction":[{"@type":"SearchAction","target":{"@type":"EntryPoint","urlTemplate":"https:\/\/crime-passionnel.com\/?s={search_term_string}"},"query-input":{"@type":"PropertyValueSpecification","valueRequired":true,"valueName":"search_term_string"}}],"inLanguage":"da-DK"},{"@type":"Organization","@id":"https:\/\/crime-passionnel.com\/#organization","name":"Forbrydelse og lidenskab","url":"https:\/\/crime-passionnel.com\/","logo":{"@type":"ImageObject","inLanguage":"da-DK","@id":"https:\/\/crime-passionnel.com\/#\/schema\/logo\/image\/","url":"https:\/\/crime-passionnel.com\/wp-content\/uploads\/2021\/07\/logo.png","contentUrl":"https:\/\/crime-passionnel.com\/wp-content\/uploads\/2021\/07\/logo.png","width":128,"height":50,"caption":"Crime Passionnel"},"image":{"@id":"https:\/\/crime-passionnel.com\/#\/schema\/logo\/image\/"},"sameAs":["https:\/\/www.facebook.com\/crimepassionnel\/","https:\/\/www.instagram.com\/crime.passionnel\/"]}]}},"_links":{"self":[{"href":"https:\/\/crime-passionnel.com\/da\/wp-json\/wp\/v2\/product\/3294","targetHints":{"allow":["GET"]}}],"collection":[{"href":"https:\/\/crime-passionnel.com\/da\/wp-json\/wp\/v2\/product"}],"about":[{"href":"https:\/\/crime-passionnel.com\/da\/wp-json\/wp\/v2\/types\/product"}],"wp:featuredmedia":[{"embeddable":true,"href":"https:\/\/crime-passionnel.com\/da\/wp-json\/wp\/v2\/media\/20798"}],"wp:attachment":[{"href":"https:\/\/crime-passionnel.com\/da\/wp-json\/wp\/v2\/media?parent=3294"}],"wp:term":[{"taxonomy":"product_brand","embeddable":true,"href":"https:\/\/crime-passionnel.com\/da\/wp-json\/wp\/v2\/product_brand?post=3294"},{"taxonomy":"product_cat","embeddable":true,"href":"https:\/\/crime-passionnel.com\/da\/wp-json\/wp\/v2\/product_cat?post=3294"},{"taxonomy":"product_tag","embeddable":true,"href":"https:\/\/crime-passionnel.com\/da\/wp-json\/wp\/v2\/product_tag?post=3294"}],"curies":[{"name":"wp","href":"https:\/\/api.w.org\/{rel}","templated":true}]}}