{"id":32922,"date":"2026-03-09T21:34:20","date_gmt":"2026-03-09T21:34:20","guid":{"rendered":"https:\/\/crime-passionnel.com\/?post_type=product&#038;p=32922"},"modified":"2026-05-04T21:12:50","modified_gmt":"2026-05-04T21:12:50","slug":"le-8","status":"publish","type":"product","link":"https:\/\/crime-passionnel.com\/da\/vare\/le-8\/","title":{"rendered":"Le 8"},"content":{"rendered":"<div class=\"page\" title=\"Side 6\">\n<div class=\"section\">\n<div class=\"layoutArea\">\n<div class=\"column\">\n<div class=\"page\" title=\"Side 7\">\n<div class=\"layoutArea\">\n<div class=\"column\">\n<div class=\"page\" title=\"Side 7\">\n<div class=\"layoutArea\">\n<div class=\"column\">\n<div class=\"page\" title=\"Side 6\">\n<div class=\"section\">\n<div class=\"layoutArea\">\n<div class=\"column\">\n<p><span lang=\"en-US\" data-olk-copy-source=\"MessageBody\">Denne helt specielle kreation f\u00f8ltes som den indlysende vej at g\u00e5, if\u00f8lge St\u00e9phane Humbert Lucas.<br \/>\n<\/span><\/p>\n<p class=\"translation-block\">\u201dFlasken ankom p\u00e5 det perfekte tidspunkt, nemlig seks m\u00e5neder efter at \u201dSlanges \u00e5r\u201d blev fejret.\u201d<\/p>\n<p><span lang=\"en-US\">Endnu en gang tr\u00e6kkes der inspiration fra det sagnomspundne dyr, slangen. Ydermere har\nskaberen brugt tegnet 8. Et tegn der, p\u00e5 kinesisk, symboliserer uendelighed, held og velstand.<\/span><span lang=\"en-US\">\u00a0<\/span><\/p>\n<p class=\"translation-block\">\u201dDenne lille juvel kunne kun blive skabt i r\u00f8d og guld \u2013 en af de mest kraftfulde kombinationer i\nfarvernes symbolske verden. Det var ikke for sent, s\u00e5 er det aldrig for sent.\nGl\u00e6de eksisterer alle steder; man skal simpelthen bare vide, hvordan den udtr\u00e6kkes.\u201d<\/p>\n<p><span lang=\"en-US\">Denne nye slange, med noter, der er b\u00e5de intense og dr\u00f8mmende, kommer med en atmosf\u00e6risk\nhistorie, hvor hvert ord er en n\u00f8gle \u2013 et anderledes portr\u00e6t af kunstneren selv.<\/span><\/p>\n<p><span lang=\"en-US\">\u201dSom duften i en forbudt by \u2013 ukendt, romantisk og uforglemmelig.\u201d<\/span><\/p>\n<p class=\"translation-block\">Symbolet 8 taler om at tilbyde uendelighed og at turde tage springet.\n\u201dHvad kunne v\u00e6re mere inspirerende end at arbejde med disse to egenskaber i tilgift til et\nfantastisk land med s\u00e5 meget historie og med s\u00e5 mange specielle strukturer og unikke steder.\u201d<\/p>\n<p class=\"translation-block\">Med symbolet 8 drog designeren ud i et ukendt territorie af symboler, kreativitet og vovemod.\n\u201dDenne kreation, denne r\u00f8de og gyldne slange, har givet mig en ny platform og en chance for at\nformidle min k\u00e6rlighed til eventyrlige oplevelser. Specielt dem der f\u00f8rer imod det fjerne \u00d8sten.\nDet gamle Kina. Denne parfume er kontrolleret ekstravagance. Den er teatralsk.\u201d<\/p>\n<p>\u201dJeg \u00f8nskede en duft med dybe, st\u00e6rke accenter, der samtidig skulle v\u00e6re sagte og traditionel. Jeg\np\u00e5begyndte en rejse, der tog mig igennem mange forskellige personligheder: en kriger, en l\u00e6rd\nmand, en kurtisane. Som en skuespiller skiftede jeg ham og blev fanget i dufte, der portr\u00e6tterede\nstereotyper. \nDenne slange er en form for gl\u00e6desfuld introspektion. Et karneval, en antologi af forudfattede\nideer, der skulle forenes uden at det kom til at virke tvunget.\u201d<\/p>\n<p><span data-teams=\"true\">\u201cCe 8 est une nouvelle libert\u00e9, une sorte de transfert amoureux. C\u2019est un serment, une promesse\ntenue, une extr\u00eame obligeance.\u201d<\/span><\/p>\n<p>&nbsp;<\/p>\n<\/div>\n<\/div>\n<\/div>\n<\/div>\n<\/div>\n<\/div>\n<\/div>\n<\/div>\n<\/div>\n<\/div>\n<\/div>\n<\/div>\n<\/div>\n<\/div>\n<p>INGREDIENSER<\/p>\n<p>Topnoter: Bergamot, Yuzu, Cypress fra Madagaskar, Kanelblad, Hibiskus<\/p>\n<p>Basenoter: L\u00e6deragtig Safran, Tonka b\u00f8nner, Amber Xtrem, Sandeltr\u00e6, Vanilje infusion<\/p>\n<p>Basisnoter: L\u00e6deragtig safran, tonkab\u00f8nne, rav Xtrem, sandeltr\u00e6, vaniljeinfusion<\/p>","protected":false},"excerpt":{"rendered":"<p>R\u00f8d og Guld<\/p>","protected":false},"featured_media":32925,"template":"","meta":{"_acf_changed":false},"product_brand":[],"product_cat":[418,15],"product_tag":[],"class_list":{"0":"post-32922","1":"product","2":"type-product","3":"status-publish","4":"has-post-thumbnail","6":"product_cat-new-arrivals","7":"product_cat-perfumes","8":"pa_brands-strphane-humbert-lucas","9":"pa_projection-moderate","10":"pa_sizes-2ml-sample","11":"pa_sizes-50ml","12":"pa_style-floral","13":"pa_style-sweet","15":"first","16":"instock","17":"taxable","18":"shipping-taxable","19":"purchasable","20":"product-type-variable","21":"add-to-wishlist-before_image"},"acf":[],"yoast_head":"<!-- This site is optimized with the Yoast SEO plugin v27.5 - https:\/\/yoast.com\/product\/yoast-seo-wordpress\/ -->\n<title>Le 8 Eau de Parfum - Crime Passionnel<\/title>\n<meta name=\"description\" content=\"God of Fire perfume is inspired from the legend of Xiuhtecuhtli, god of fire, creator of all life, day and light in the Aztec mythology.\" \/>\n<meta name=\"robots\" content=\"index, follow, max-snippet:-1, max-image-preview:large, max-video-preview:-1\" \/>\n<link rel=\"canonical\" href=\"https:\/\/crime-passionnel.com\/da\/vare\/le-8\/\" \/>\n<meta property=\"og:locale\" content=\"da_DK\" \/>\n<meta property=\"og:type\" content=\"article\" \/>\n<meta property=\"og:title\" content=\"Le 8 Eau de Parfum - Crime Passionnel\" \/>\n<meta property=\"og:description\" content=\"God of Fire perfume is inspired from the legend of Xiuhtecuhtli, god of fire, creator of all life, day and light in the Aztec mythology.\" \/>\n<meta property=\"og:url\" content=\"https:\/\/crime-passionnel.com\/da\/vare\/le-8\/\" \/>\n<meta property=\"og:site_name\" content=\"Crime Passionnel\" \/>\n<meta property=\"article:publisher\" content=\"https:\/\/www.facebook.com\/crimepassionnel\/\" \/>\n<meta property=\"article:modified_time\" content=\"2026-05-04T21:12:50+00:00\" \/>\n<meta property=\"og:image\" content=\"https:\/\/crime-passionnel.com\/wp-content\/uploads\/2026\/03\/The-8-scaled.jpg\" \/>\n\t<meta property=\"og:image:width\" content=\"1945\" \/>\n\t<meta property=\"og:image:height\" content=\"2560\" \/>\n\t<meta property=\"og:image:type\" content=\"image\/jpeg\" \/>\n<meta name=\"twitter:card\" content=\"summary_large_image\" \/>\n<meta name=\"twitter:label1\" content=\"Estimeret l\u00e6setid\" \/>\n\t<meta name=\"twitter:data1\" content=\"2 minutter\" \/>\n<script type=\"application\/ld+json\" class=\"yoast-schema-graph\">{\"@context\":\"https:\\\/\\\/schema.org\",\"@graph\":[{\"@type\":\"WebPage\",\"@id\":\"https:\\\/\\\/crime-passionnel.com\\\/product\\\/le-8\\\/\",\"url\":\"https:\\\/\\\/crime-passionnel.com\\\/product\\\/le-8\\\/\",\"name\":\"Le 8 Eau de Parfum - Crime Passionnel\",\"isPartOf\":{\"@id\":\"https:\\\/\\\/crime-passionnel.com\\\/#website\"},\"primaryImageOfPage\":{\"@id\":\"https:\\\/\\\/crime-passionnel.com\\\/product\\\/le-8\\\/#primaryimage\"},\"image\":{\"@id\":\"https:\\\/\\\/crime-passionnel.com\\\/product\\\/le-8\\\/#primaryimage\"},\"thumbnailUrl\":\"https:\\\/\\\/crime-passionnel.com\\\/wp-content\\\/uploads\\\/2026\\\/03\\\/The-8-scaled.jpg\",\"datePublished\":\"2026-03-09T21:34:20+00:00\",\"dateModified\":\"2026-05-04T21:12:50+00:00\",\"description\":\"God of Fire perfume is inspired from the legend of Xiuhtecuhtli, god of fire, creator of all life, day and light in the Aztec mythology.\",\"breadcrumb\":{\"@id\":\"https:\\\/\\\/crime-passionnel.com\\\/product\\\/le-8\\\/#breadcrumb\"},\"inLanguage\":\"da-DK\",\"potentialAction\":[{\"@type\":\"ReadAction\",\"target\":[\"https:\\\/\\\/crime-passionnel.com\\\/product\\\/le-8\\\/\"]}]},{\"@type\":\"ImageObject\",\"inLanguage\":\"da-DK\",\"@id\":\"https:\\\/\\\/crime-passionnel.com\\\/product\\\/le-8\\\/#primaryimage\",\"url\":\"https:\\\/\\\/crime-passionnel.com\\\/wp-content\\\/uploads\\\/2026\\\/03\\\/The-8-scaled.jpg\",\"contentUrl\":\"https:\\\/\\\/crime-passionnel.com\\\/wp-content\\\/uploads\\\/2026\\\/03\\\/The-8-scaled.jpg\",\"width\":1945,\"height\":2560,\"caption\":\"Le 8\"},{\"@type\":\"BreadcrumbList\",\"@id\":\"https:\\\/\\\/crime-passionnel.com\\\/product\\\/le-8\\\/#breadcrumb\",\"itemListElement\":[{\"@type\":\"ListItem\",\"position\":1,\"name\":\"Home\",\"item\":\"https:\\\/\\\/crime-passionnel.com\\\/\"},{\"@type\":\"ListItem\",\"position\":2,\"name\":\"Products\",\"item\":\"https:\\\/\\\/crime-passionnel.com\\\/products\\\/\"},{\"@type\":\"ListItem\",\"position\":3,\"name\":\"Le 8\"}]},{\"@type\":\"WebSite\",\"@id\":\"https:\\\/\\\/crime-passionnel.com\\\/#website\",\"url\":\"https:\\\/\\\/crime-passionnel.com\\\/\",\"name\":\"Crime Passionnel\",\"description\":\"\",\"publisher\":{\"@id\":\"https:\\\/\\\/crime-passionnel.com\\\/#organization\"},\"potentialAction\":[{\"@type\":\"SearchAction\",\"target\":{\"@type\":\"EntryPoint\",\"urlTemplate\":\"https:\\\/\\\/crime-passionnel.com\\\/?s={search_term_string}\"},\"query-input\":{\"@type\":\"PropertyValueSpecification\",\"valueRequired\":true,\"valueName\":\"search_term_string\"}}],\"inLanguage\":\"da-DK\"},{\"@type\":\"Organization\",\"@id\":\"https:\\\/\\\/crime-passionnel.com\\\/#organization\",\"name\":\"Crime Passionnel\",\"url\":\"https:\\\/\\\/crime-passionnel.com\\\/\",\"logo\":{\"@type\":\"ImageObject\",\"inLanguage\":\"da-DK\",\"@id\":\"https:\\\/\\\/crime-passionnel.com\\\/#\\\/schema\\\/logo\\\/image\\\/\",\"url\":\"https:\\\/\\\/crime-passionnel.com\\\/wp-content\\\/uploads\\\/2021\\\/07\\\/logo.png\",\"contentUrl\":\"https:\\\/\\\/crime-passionnel.com\\\/wp-content\\\/uploads\\\/2021\\\/07\\\/logo.png\",\"width\":128,\"height\":50,\"caption\":\"Crime Passionnel\"},\"image\":{\"@id\":\"https:\\\/\\\/crime-passionnel.com\\\/#\\\/schema\\\/logo\\\/image\\\/\"},\"sameAs\":[\"https:\\\/\\\/www.facebook.com\\\/crimepassionnel\\\/\",\"https:\\\/\\\/www.instagram.com\\\/crime.passionnel\\\/\"]}]}<\/script>\n<!-- \/ Yoast SEO plugin. -->","yoast_head_json":{"title":"Le 8 Eau de Parfum - Crime Passionnel","description":"God of Fire-parfumen er inspireret af legenden om Xiuhtecuhtli, ildens gud, skaberen af alt liv, dag og lys i den aztekiske mytologi.","robots":{"index":"index","follow":"follow","max-snippet":"max-snippet:-1","max-image-preview":"max-image-preview:large","max-video-preview":"max-video-preview:-1"},"canonical":"https:\/\/crime-passionnel.com\/da\/vare\/le-8\/","og_locale":"da_DK","og_type":"article","og_title":"Le 8 Eau de Parfum - Crime Passionnel","og_description":"God of Fire perfume is inspired from the legend of Xiuhtecuhtli, god of fire, creator of all life, day and light in the Aztec mythology.","og_url":"https:\/\/crime-passionnel.com\/da\/vare\/le-8\/","og_site_name":"Crime Passionnel","article_publisher":"https:\/\/www.facebook.com\/crimepassionnel\/","article_modified_time":"2026-05-04T21:12:50+00:00","og_image":[{"width":1945,"height":2560,"url":"https:\/\/crime-passionnel.com\/wp-content\/uploads\/2026\/03\/The-8-scaled.jpg","type":"image\/jpeg"}],"twitter_card":"summary_large_image","twitter_misc":{"Estimeret l\u00e6setid":"2 minutter"},"schema":{"@context":"https:\/\/schema.org","@graph":[{"@type":"WebPage","@id":"https:\/\/crime-passionnel.com\/product\/le-8\/","url":"https:\/\/crime-passionnel.com\/product\/le-8\/","name":"Le 8 Eau de Parfum - Crime Passionnel","isPartOf":{"@id":"https:\/\/crime-passionnel.com\/#website"},"primaryImageOfPage":{"@id":"https:\/\/crime-passionnel.com\/product\/le-8\/#primaryimage"},"image":{"@id":"https:\/\/crime-passionnel.com\/product\/le-8\/#primaryimage"},"thumbnailUrl":"https:\/\/crime-passionnel.com\/wp-content\/uploads\/2026\/03\/The-8-scaled.jpg","datePublished":"2026-03-09T21:34:20+00:00","dateModified":"2026-05-04T21:12:50+00:00","description":"God of Fire-parfumen er inspireret af legenden om Xiuhtecuhtli, ildens gud, skaberen af alt liv, dag og lys i den aztekiske mytologi.","breadcrumb":{"@id":"https:\/\/crime-passionnel.com\/product\/le-8\/#breadcrumb"},"inLanguage":"da-DK","potentialAction":[{"@type":"ReadAction","target":["https:\/\/crime-passionnel.com\/product\/le-8\/"]}]},{"@type":"ImageObject","inLanguage":"da-DK","@id":"https:\/\/crime-passionnel.com\/product\/le-8\/#primaryimage","url":"https:\/\/crime-passionnel.com\/wp-content\/uploads\/2026\/03\/The-8-scaled.jpg","contentUrl":"https:\/\/crime-passionnel.com\/wp-content\/uploads\/2026\/03\/The-8-scaled.jpg","width":1945,"height":2560,"caption":"Le 8"},{"@type":"BreadcrumbList","@id":"https:\/\/crime-passionnel.com\/product\/le-8\/#breadcrumb","itemListElement":[{"@type":"ListItem","position":1,"name":"Home","item":"https:\/\/crime-passionnel.com\/"},{"@type":"ListItem","position":2,"name":"Products","item":"https:\/\/crime-passionnel.com\/products\/"},{"@type":"ListItem","position":3,"name":"Le 8"}]},{"@type":"WebSite","@id":"https:\/\/crime-passionnel.com\/#website","url":"https:\/\/crime-passionnel.com\/","name":"Forbrydelse og lidenskab","description":"","publisher":{"@id":"https:\/\/crime-passionnel.com\/#organization"},"potentialAction":[{"@type":"SearchAction","target":{"@type":"EntryPoint","urlTemplate":"https:\/\/crime-passionnel.com\/?s={search_term_string}"},"query-input":{"@type":"PropertyValueSpecification","valueRequired":true,"valueName":"search_term_string"}}],"inLanguage":"da-DK"},{"@type":"Organization","@id":"https:\/\/crime-passionnel.com\/#organization","name":"Forbrydelse og lidenskab","url":"https:\/\/crime-passionnel.com\/","logo":{"@type":"ImageObject","inLanguage":"da-DK","@id":"https:\/\/crime-passionnel.com\/#\/schema\/logo\/image\/","url":"https:\/\/crime-passionnel.com\/wp-content\/uploads\/2021\/07\/logo.png","contentUrl":"https:\/\/crime-passionnel.com\/wp-content\/uploads\/2021\/07\/logo.png","width":128,"height":50,"caption":"Crime Passionnel"},"image":{"@id":"https:\/\/crime-passionnel.com\/#\/schema\/logo\/image\/"},"sameAs":["https:\/\/www.facebook.com\/crimepassionnel\/","https:\/\/www.instagram.com\/crime.passionnel\/"]}]}},"_links":{"self":[{"href":"https:\/\/crime-passionnel.com\/da\/wp-json\/wp\/v2\/product\/32922","targetHints":{"allow":["GET"]}}],"collection":[{"href":"https:\/\/crime-passionnel.com\/da\/wp-json\/wp\/v2\/product"}],"about":[{"href":"https:\/\/crime-passionnel.com\/da\/wp-json\/wp\/v2\/types\/product"}],"wp:featuredmedia":[{"embeddable":true,"href":"https:\/\/crime-passionnel.com\/da\/wp-json\/wp\/v2\/media\/32925"}],"wp:attachment":[{"href":"https:\/\/crime-passionnel.com\/da\/wp-json\/wp\/v2\/media?parent=32922"}],"wp:term":[{"taxonomy":"product_brand","embeddable":true,"href":"https:\/\/crime-passionnel.com\/da\/wp-json\/wp\/v2\/product_brand?post=32922"},{"taxonomy":"product_cat","embeddable":true,"href":"https:\/\/crime-passionnel.com\/da\/wp-json\/wp\/v2\/product_cat?post=32922"},{"taxonomy":"product_tag","embeddable":true,"href":"https:\/\/crime-passionnel.com\/da\/wp-json\/wp\/v2\/product_tag?post=32922"}],"curies":[{"name":"wp","href":"https:\/\/api.w.org\/{rel}","templated":true}]}}