{"id":3290,"date":"2022-01-24T23:23:30","date_gmt":"2022-01-24T23:23:30","guid":{"rendered":"http:\/\/crimepassionnel.nextwebdev.lt\/?post_type=product&#038;p=3290"},"modified":"2026-03-08T15:43:01","modified_gmt":"2026-03-08T15:43:01","slug":"rake-ruin","status":"publish","type":"product","link":"https:\/\/crime-passionnel.com\/da\/vare\/rake-ruin\/","title":{"rendered":"Rive og \u00f8del\u00e6gge"},"content":{"rendered":"<p>I 1751 proklamerede forfatteren Henry Fielding: \u201dGin-bev\u00e6rtninger er, uden tvivl, grobunden for alle slags laster og d\u00e5rligdom.\u201d<\/p>\n<p>For at billedlig\u00f8re folkets faldende moral udstillede kunstneren William Hogarth, mellem 1732-34, en serie af otte malerier kaldet \u201dA Rake\u2019s Progress\u201d. Igennem disse billeder fort\u00e6ller Hogarth, den tragiske historie om en ung mand (Tom Rakewell) der kommer til London, og bruger alle sine penge p\u00e5 luksus, prostituerede, spil og druk, og som til sidst ender p\u00e5 Bedlam.<\/p>\n<p>Rake and Ruin er inspireret af denne fort\u00e6lling om forfald. En duft der indfanger en nat i en bar, hvor morskaben tager over og ginnen flyder \u2013 og den nedadg\u00e5ende spiral begynder...<\/p>\n<p>Denne imponerende Eau de Parfum (30% koncentrat) indeholder de botaniske ingredienser fra drinken der fyldte glassene, og lugten fra de m\u00f8rke tr\u00e6planker p\u00e5 gulvet \u2013 der var d\u00e6kket af sekreter, fra de dyriske scener der fandt sted.<\/p>\n<p>INGREDIENSER<\/p>\n<p>Noter: Eneb\u00e6r. Koriander. Angelica (Kvan). Appelsin. Citron. Orris (Irisrod). Lakrids. Szechuan. Rosenpeber. Cypress. Grann\u00e5le. Viol. Castoreum. Costus (Kostrod). Ambrarome. Labdanum. Amber. R\u00f8get musk. Sandeltr\u00e6. T\u00f8rret tr\u00e6.<\/p>","protected":false},"excerpt":{"rendered":"<p>En l\u00f8ssluppen nat hvor ginnen flyder og den nedadg\u00e5ende spiral begynder...<\/p>","protected":false},"featured_media":20796,"template":"","meta":{"_acf_changed":false},"product_brand":[],"product_cat":[15],"product_tag":[],"class_list":{"0":"post-3290","1":"product","2":"type-product","3":"status-publish","4":"has-post-thumbnail","6":"product_cat-perfumes","7":"pa_brands-beaufort-london","8":"pa_projection-stron","9":"pa_sizes-2ml-sample","10":"pa_sizes-50ml","11":"pa_style-spicy","12":"pa_style-woody","14":"first","15":"instock","16":"taxable","17":"shipping-taxable","18":"purchasable","19":"product-type-variable","20":"add-to-wishlist-before_image"},"acf":[],"yoast_head":"<!-- This site is optimized with the Yoast SEO plugin v27.1.1 - https:\/\/yoast.com\/product\/yoast-seo-wordpress\/ -->\n<title>Rake &amp; Ruin Eau de Parfum - Crime Passionnel Niche Perfumes<\/title>\n<meta name=\"description\" content=\"Rake &amp; Ruin Perfume \u2013 a fragrance capturing an evening in a tavern, where gin flows, good times are had, and the slide begins\u2026\" \/>\n<meta name=\"robots\" content=\"index, follow, max-snippet:-1, max-image-preview:large, max-video-preview:-1\" \/>\n<link rel=\"canonical\" href=\"https:\/\/crime-passionnel.com\/da\/vare\/rake-ruin\/\" \/>\n<meta property=\"og:locale\" content=\"da_DK\" \/>\n<meta property=\"og:type\" content=\"article\" \/>\n<meta property=\"og:title\" content=\"Rake &amp; Ruin Eau de Parfum - Crime Passionnel Niche Perfumes\" \/>\n<meta property=\"og:description\" content=\"Rake &amp; Ruin Perfume \u2013 a fragrance capturing an evening in a tavern, where gin flows, good times are had, and the slide begins\u2026\" \/>\n<meta property=\"og:url\" content=\"https:\/\/crime-passionnel.com\/da\/vare\/rake-ruin\/\" \/>\n<meta property=\"og:site_name\" content=\"Crime Passionnel\" \/>\n<meta property=\"article:publisher\" content=\"https:\/\/www.facebook.com\/crimepassionnel\/\" \/>\n<meta property=\"article:modified_time\" content=\"2026-03-08T15:43:01+00:00\" \/>\n<meta property=\"og:image\" content=\"https:\/\/crime-passionnel.com\/wp-content\/uploads\/2022\/12\/Rake-Ruin-scaled.jpg\" \/>\n\t<meta property=\"og:image:width\" content=\"1945\" \/>\n\t<meta property=\"og:image:height\" content=\"2560\" \/>\n\t<meta property=\"og:image:type\" content=\"image\/jpeg\" \/>\n<meta name=\"twitter:card\" content=\"summary_large_image\" \/>\n<meta name=\"twitter:label1\" content=\"Estimeret l\u00e6setid\" \/>\n\t<meta name=\"twitter:data1\" content=\"1 minut\" \/>\n<script type=\"application\/ld+json\" class=\"yoast-schema-graph\">{\"@context\":\"https:\/\/schema.org\",\"@graph\":[{\"@type\":\"WebPage\",\"@id\":\"https:\/\/crime-passionnel.com\/product\/rake-ruin\/\",\"url\":\"https:\/\/crime-passionnel.com\/product\/rake-ruin\/\",\"name\":\"Rake & Ruin Eau de Parfum - Crime Passionnel Niche Perfumes\",\"isPartOf\":{\"@id\":\"https:\/\/crime-passionnel.com\/#website\"},\"primaryImageOfPage\":{\"@id\":\"https:\/\/crime-passionnel.com\/product\/rake-ruin\/#primaryimage\"},\"image\":{\"@id\":\"https:\/\/crime-passionnel.com\/product\/rake-ruin\/#primaryimage\"},\"thumbnailUrl\":\"https:\/\/crime-passionnel.com\/wp-content\/uploads\/2022\/12\/Rake-Ruin-scaled.jpg\",\"datePublished\":\"2022-01-24T23:23:30+00:00\",\"dateModified\":\"2026-03-08T15:43:01+00:00\",\"description\":\"Rake & Ruin Perfume \u2013 a fragrance capturing an evening in a tavern, where gin flows, good times are had, and the slide begins\u2026\",\"breadcrumb\":{\"@id\":\"https:\/\/crime-passionnel.com\/product\/rake-ruin\/#breadcrumb\"},\"inLanguage\":\"da-DK\",\"potentialAction\":[{\"@type\":\"ReadAction\",\"target\":[\"https:\/\/crime-passionnel.com\/product\/rake-ruin\/\"]}]},{\"@type\":\"ImageObject\",\"inLanguage\":\"da-DK\",\"@id\":\"https:\/\/crime-passionnel.com\/product\/rake-ruin\/#primaryimage\",\"url\":\"https:\/\/crime-passionnel.com\/wp-content\/uploads\/2022\/12\/Rake-Ruin-scaled.jpg\",\"contentUrl\":\"https:\/\/crime-passionnel.com\/wp-content\/uploads\/2022\/12\/Rake-Ruin-scaled.jpg\",\"width\":1945,\"height\":2560,\"caption\":\"Rake Ruin\"},{\"@type\":\"BreadcrumbList\",\"@id\":\"https:\/\/crime-passionnel.com\/product\/rake-ruin\/#breadcrumb\",\"itemListElement\":[{\"@type\":\"ListItem\",\"position\":1,\"name\":\"Home\",\"item\":\"https:\/\/crime-passionnel.com\/\"},{\"@type\":\"ListItem\",\"position\":2,\"name\":\"Products\",\"item\":\"https:\/\/crime-passionnel.com\/products\/\"},{\"@type\":\"ListItem\",\"position\":3,\"name\":\"Rake &#038; Ruin\"}]},{\"@type\":\"WebSite\",\"@id\":\"https:\/\/crime-passionnel.com\/#website\",\"url\":\"https:\/\/crime-passionnel.com\/\",\"name\":\"Crime Passionnel\",\"description\":\"\",\"publisher\":{\"@id\":\"https:\/\/crime-passionnel.com\/#organization\"},\"potentialAction\":[{\"@type\":\"SearchAction\",\"target\":{\"@type\":\"EntryPoint\",\"urlTemplate\":\"https:\/\/crime-passionnel.com\/?s={search_term_string}\"},\"query-input\":{\"@type\":\"PropertyValueSpecification\",\"valueRequired\":true,\"valueName\":\"search_term_string\"}}],\"inLanguage\":\"da-DK\"},{\"@type\":\"Organization\",\"@id\":\"https:\/\/crime-passionnel.com\/#organization\",\"name\":\"Crime Passionnel\",\"url\":\"https:\/\/crime-passionnel.com\/\",\"logo\":{\"@type\":\"ImageObject\",\"inLanguage\":\"da-DK\",\"@id\":\"https:\/\/crime-passionnel.com\/#\/schema\/logo\/image\/\",\"url\":\"https:\/\/crime-passionnel.com\/wp-content\/uploads\/2021\/07\/logo.png\",\"contentUrl\":\"https:\/\/crime-passionnel.com\/wp-content\/uploads\/2021\/07\/logo.png\",\"width\":128,\"height\":50,\"caption\":\"Crime Passionnel\"},\"image\":{\"@id\":\"https:\/\/crime-passionnel.com\/#\/schema\/logo\/image\/\"},\"sameAs\":[\"https:\/\/www.facebook.com\/crimepassionnel\/\",\"https:\/\/www.instagram.com\/crime.passionnel\/\"]}]}<\/script>\n<!-- \/ Yoast SEO plugin. -->","yoast_head_json":{"title":"Rake & Ruin Eau de Parfum - Crime Passionnel Niche Perfumes","description":"Rake & Ruin Perfume \u2013 a fragrance capturing an evening in a tavern, where gin flows, good times are had, and the slide begins\u2026","robots":{"index":"index","follow":"follow","max-snippet":"max-snippet:-1","max-image-preview":"max-image-preview:large","max-video-preview":"max-video-preview:-1"},"canonical":"https:\/\/crime-passionnel.com\/da\/vare\/rake-ruin\/","og_locale":"da_DK","og_type":"article","og_title":"Rake & Ruin Eau de Parfum - Crime Passionnel Niche Perfumes","og_description":"Rake & Ruin Perfume \u2013 a fragrance capturing an evening in a tavern, where gin flows, good times are had, and the slide begins\u2026","og_url":"https:\/\/crime-passionnel.com\/da\/vare\/rake-ruin\/","og_site_name":"Crime Passionnel","article_publisher":"https:\/\/www.facebook.com\/crimepassionnel\/","article_modified_time":"2026-03-08T15:43:01+00:00","og_image":[{"width":1945,"height":2560,"url":"https:\/\/crime-passionnel.com\/wp-content\/uploads\/2022\/12\/Rake-Ruin-scaled.jpg","type":"image\/jpeg"}],"twitter_card":"summary_large_image","twitter_misc":{"Estimeret l\u00e6setid":"1 minut"},"schema":{"@context":"https:\/\/schema.org","@graph":[{"@type":"WebPage","@id":"https:\/\/crime-passionnel.com\/product\/rake-ruin\/","url":"https:\/\/crime-passionnel.com\/product\/rake-ruin\/","name":"Rake & Ruin Eau de Parfum - Crime Passionnel Niche Perfumes","isPartOf":{"@id":"https:\/\/crime-passionnel.com\/#website"},"primaryImageOfPage":{"@id":"https:\/\/crime-passionnel.com\/product\/rake-ruin\/#primaryimage"},"image":{"@id":"https:\/\/crime-passionnel.com\/product\/rake-ruin\/#primaryimage"},"thumbnailUrl":"https:\/\/crime-passionnel.com\/wp-content\/uploads\/2022\/12\/Rake-Ruin-scaled.jpg","datePublished":"2022-01-24T23:23:30+00:00","dateModified":"2026-03-08T15:43:01+00:00","description":"Rake & Ruin Perfume \u2013 a fragrance capturing an evening in a tavern, where gin flows, good times are had, and the slide begins\u2026","breadcrumb":{"@id":"https:\/\/crime-passionnel.com\/product\/rake-ruin\/#breadcrumb"},"inLanguage":"da-DK","potentialAction":[{"@type":"ReadAction","target":["https:\/\/crime-passionnel.com\/product\/rake-ruin\/"]}]},{"@type":"ImageObject","inLanguage":"da-DK","@id":"https:\/\/crime-passionnel.com\/product\/rake-ruin\/#primaryimage","url":"https:\/\/crime-passionnel.com\/wp-content\/uploads\/2022\/12\/Rake-Ruin-scaled.jpg","contentUrl":"https:\/\/crime-passionnel.com\/wp-content\/uploads\/2022\/12\/Rake-Ruin-scaled.jpg","width":1945,"height":2560,"caption":"Rake Ruin"},{"@type":"BreadcrumbList","@id":"https:\/\/crime-passionnel.com\/product\/rake-ruin\/#breadcrumb","itemListElement":[{"@type":"ListItem","position":1,"name":"Home","item":"https:\/\/crime-passionnel.com\/"},{"@type":"ListItem","position":2,"name":"Products","item":"https:\/\/crime-passionnel.com\/products\/"},{"@type":"ListItem","position":3,"name":"Rake &#038; Ruin"}]},{"@type":"WebSite","@id":"https:\/\/crime-passionnel.com\/#website","url":"https:\/\/crime-passionnel.com\/","name":"Forbrydelse og lidenskab","description":"","publisher":{"@id":"https:\/\/crime-passionnel.com\/#organization"},"potentialAction":[{"@type":"SearchAction","target":{"@type":"EntryPoint","urlTemplate":"https:\/\/crime-passionnel.com\/?s={search_term_string}"},"query-input":{"@type":"PropertyValueSpecification","valueRequired":true,"valueName":"search_term_string"}}],"inLanguage":"da-DK"},{"@type":"Organization","@id":"https:\/\/crime-passionnel.com\/#organization","name":"Forbrydelse og lidenskab","url":"https:\/\/crime-passionnel.com\/","logo":{"@type":"ImageObject","inLanguage":"da-DK","@id":"https:\/\/crime-passionnel.com\/#\/schema\/logo\/image\/","url":"https:\/\/crime-passionnel.com\/wp-content\/uploads\/2021\/07\/logo.png","contentUrl":"https:\/\/crime-passionnel.com\/wp-content\/uploads\/2021\/07\/logo.png","width":128,"height":50,"caption":"Crime Passionnel"},"image":{"@id":"https:\/\/crime-passionnel.com\/#\/schema\/logo\/image\/"},"sameAs":["https:\/\/www.facebook.com\/crimepassionnel\/","https:\/\/www.instagram.com\/crime.passionnel\/"]}]}},"_links":{"self":[{"href":"https:\/\/crime-passionnel.com\/da\/wp-json\/wp\/v2\/product\/3290","targetHints":{"allow":["GET"]}}],"collection":[{"href":"https:\/\/crime-passionnel.com\/da\/wp-json\/wp\/v2\/product"}],"about":[{"href":"https:\/\/crime-passionnel.com\/da\/wp-json\/wp\/v2\/types\/product"}],"wp:featuredmedia":[{"embeddable":true,"href":"https:\/\/crime-passionnel.com\/da\/wp-json\/wp\/v2\/media\/20796"}],"wp:attachment":[{"href":"https:\/\/crime-passionnel.com\/da\/wp-json\/wp\/v2\/media?parent=3290"}],"wp:term":[{"taxonomy":"product_brand","embeddable":true,"href":"https:\/\/crime-passionnel.com\/da\/wp-json\/wp\/v2\/product_brand?post=3290"},{"taxonomy":"product_cat","embeddable":true,"href":"https:\/\/crime-passionnel.com\/da\/wp-json\/wp\/v2\/product_cat?post=3290"},{"taxonomy":"product_tag","embeddable":true,"href":"https:\/\/crime-passionnel.com\/da\/wp-json\/wp\/v2\/product_tag?post=3290"}],"curies":[{"name":"wp","href":"https:\/\/api.w.org\/{rel}","templated":true}]}}