{"id":32537,"date":"2026-01-29T10:47:28","date_gmt":"2026-01-29T10:47:28","guid":{"rendered":"https:\/\/crime-passionnel.com\/?post_type=product&#038;p=32537"},"modified":"2026-03-22T06:45:21","modified_gmt":"2026-03-22T06:45:21","slug":"ode-to-psyche","status":"publish","type":"product","link":"https:\/\/crime-passionnel.com\/da\/vare\/ode-to-psyche\/","title":{"rendered":"Ode To Psyche"},"content":{"rendered":"<div class=\"translation-block\">\n<p class=\"p1\">I det gr\u00e6nsel\u00f8se kosmos, hvor minder skinner som fjerne stjernebilleder, dukker Ode To Psyche op som en hviskende ode om erindring og fornyelse.<\/p> <p>Topnoterne af geranium, eneb\u00e6r og pink peber tegner et portr\u00e6t af fortiden.\n<p>Topnoterne af geranium, eneb\u00e6r og pink peber tegner et portr\u00e6t af nostalgi og v\u00e6kker ekkoer af fortiden. Efterh\u00e5nden som duften udvides, v\u00e6ver hjertenoterne af kashmirtr\u00e6, patchouli og cedertr\u00e6 et billedt\u00e6ppe af v\u00e6kst og udvikling, hvor hver note er en strofe i en ode til genopfindelse. I den sidste omfavnelse fletter basenoterne af hvid moskus, vetiver og rav sig sammen som r\u00f8dder, der synker dybt ned i jorden og smelter sammen med jordens favntag. Her, midt i den jordiske omfavnelse, bliver Ode To Psyche \u00e9t med naturen, et vidnesbyrd om eksistensens cykliske natur. Den hvisker om rejser, der er afsluttet, og nye horisonter, der omfavnes.<\/p>\n<p><em>Ode To Psyche er en limited edition-udgivelse.<\/em><\/p>\n<p> <\/p>\n<div id=\"produktbeskrivelse\" class=\"aktiv\">\n<div class=\"side\" title=\"Side 35\">\n<p>INGREDIENSER<\/p>\n<\/div>\n<\/div>\n<p>Topnoter: Geranium, eneb\u00e6r, pink peber<\/p>\n<p>Varme noter: Kashmirtr\u00e6, patchouli, cedertr\u00e6<\/p>\n<p>Basisnoter: Vetiver, rav, hvid moskus<\/p>\n<\/div>","protected":false},"excerpt":{"rendered":"<p>Begr\u00e6nset udgave<\/p>","protected":false},"featured_media":32540,"template":"","meta":{"_acf_changed":false},"product_brand":[],"product_cat":[419,418,15],"product_tag":[],"class_list":{"0":"post-32537","1":"product","2":"type-product","3":"status-publish","4":"has-post-thumbnail","6":"product_cat-collectable-perfumes","7":"product_cat-new-arrivals","8":"product_cat-perfumes","9":"pa_brands-reinvented","10":"pa_projection-moderate","11":"pa_sizes-2ml-sample","12":"pa_sizes-75ml","13":"pa_style-woody","15":"first","16":"instock","17":"taxable","18":"shipping-taxable","19":"purchasable","20":"product-type-variable","21":"add-to-wishlist-before_image"},"acf":[],"yoast_head":"<!-- This site is optimized with the Yoast SEO plugin v27.4 - https:\/\/yoast.com\/product\/yoast-seo-wordpress\/ -->\n<title>Ode To Psyche Extrait de Parfum - Crime Passionnel Perfumes<\/title>\n<meta name=\"robots\" content=\"index, follow, max-snippet:-1, max-image-preview:large, max-video-preview:-1\" \/>\n<link rel=\"canonical\" href=\"https:\/\/crime-passionnel.com\/da\/vare\/ode-to-psyche\/\" \/>\n<meta property=\"og:locale\" content=\"da_DK\" \/>\n<meta property=\"og:type\" content=\"article\" \/>\n<meta property=\"og:title\" content=\"Ode To Psyche Extrait de Parfum - Crime Passionnel Perfumes\" \/>\n<meta property=\"og:description\" content=\"Limited edition\" \/>\n<meta property=\"og:url\" content=\"https:\/\/crime-passionnel.com\/da\/vare\/ode-to-psyche\/\" \/>\n<meta property=\"og:site_name\" content=\"Crime Passionnel\" \/>\n<meta property=\"article:publisher\" content=\"https:\/\/www.facebook.com\/crimepassionnel\/\" \/>\n<meta property=\"article:modified_time\" content=\"2026-03-22T06:45:21+00:00\" \/>\n<meta property=\"og:image\" content=\"https:\/\/crime-passionnel.com\/wp-content\/uploads\/2026\/01\/Ode-TO-PSYCHE-scaled.jpg\" \/>\n\t<meta property=\"og:image:width\" content=\"1945\" \/>\n\t<meta property=\"og:image:height\" content=\"2560\" \/>\n\t<meta property=\"og:image:type\" content=\"image\/jpeg\" \/>\n<meta name=\"twitter:card\" content=\"summary_large_image\" \/>\n<meta name=\"twitter:label1\" content=\"Estimeret l\u00e6setid\" \/>\n\t<meta name=\"twitter:data1\" content=\"1 minut\" \/>\n<script type=\"application\/ld+json\" class=\"yoast-schema-graph\">{\"@context\":\"https:\\\/\\\/schema.org\",\"@graph\":[{\"@type\":\"WebPage\",\"@id\":\"https:\\\/\\\/crime-passionnel.com\\\/product\\\/ode-to-psyche\\\/\",\"url\":\"https:\\\/\\\/crime-passionnel.com\\\/product\\\/ode-to-psyche\\\/\",\"name\":\"Ode To Psyche Extrait de Parfum - Crime Passionnel Perfumes\",\"isPartOf\":{\"@id\":\"https:\\\/\\\/crime-passionnel.com\\\/#website\"},\"primaryImageOfPage\":{\"@id\":\"https:\\\/\\\/crime-passionnel.com\\\/product\\\/ode-to-psyche\\\/#primaryimage\"},\"image\":{\"@id\":\"https:\\\/\\\/crime-passionnel.com\\\/product\\\/ode-to-psyche\\\/#primaryimage\"},\"thumbnailUrl\":\"https:\\\/\\\/crime-passionnel.com\\\/wp-content\\\/uploads\\\/2026\\\/01\\\/Ode-TO-PSYCHE-scaled.jpg\",\"datePublished\":\"2026-01-29T10:47:28+00:00\",\"dateModified\":\"2026-03-22T06:45:21+00:00\",\"breadcrumb\":{\"@id\":\"https:\\\/\\\/crime-passionnel.com\\\/product\\\/ode-to-psyche\\\/#breadcrumb\"},\"inLanguage\":\"da-DK\",\"potentialAction\":[{\"@type\":\"ReadAction\",\"target\":[\"https:\\\/\\\/crime-passionnel.com\\\/product\\\/ode-to-psyche\\\/\"]}]},{\"@type\":\"ImageObject\",\"inLanguage\":\"da-DK\",\"@id\":\"https:\\\/\\\/crime-passionnel.com\\\/product\\\/ode-to-psyche\\\/#primaryimage\",\"url\":\"https:\\\/\\\/crime-passionnel.com\\\/wp-content\\\/uploads\\\/2026\\\/01\\\/Ode-TO-PSYCHE-scaled.jpg\",\"contentUrl\":\"https:\\\/\\\/crime-passionnel.com\\\/wp-content\\\/uploads\\\/2026\\\/01\\\/Ode-TO-PSYCHE-scaled.jpg\",\"width\":1945,\"height\":2560,\"caption\":\"Ode-TO-PSYCHE\"},{\"@type\":\"BreadcrumbList\",\"@id\":\"https:\\\/\\\/crime-passionnel.com\\\/product\\\/ode-to-psyche\\\/#breadcrumb\",\"itemListElement\":[{\"@type\":\"ListItem\",\"position\":1,\"name\":\"Home\",\"item\":\"https:\\\/\\\/crime-passionnel.com\\\/\"},{\"@type\":\"ListItem\",\"position\":2,\"name\":\"Products\",\"item\":\"https:\\\/\\\/crime-passionnel.com\\\/products\\\/\"},{\"@type\":\"ListItem\",\"position\":3,\"name\":\"Ode To Psyche\"}]},{\"@type\":\"WebSite\",\"@id\":\"https:\\\/\\\/crime-passionnel.com\\\/#website\",\"url\":\"https:\\\/\\\/crime-passionnel.com\\\/\",\"name\":\"Crime Passionnel\",\"description\":\"\",\"publisher\":{\"@id\":\"https:\\\/\\\/crime-passionnel.com\\\/#organization\"},\"potentialAction\":[{\"@type\":\"SearchAction\",\"target\":{\"@type\":\"EntryPoint\",\"urlTemplate\":\"https:\\\/\\\/crime-passionnel.com\\\/?s={search_term_string}\"},\"query-input\":{\"@type\":\"PropertyValueSpecification\",\"valueRequired\":true,\"valueName\":\"search_term_string\"}}],\"inLanguage\":\"da-DK\"},{\"@type\":\"Organization\",\"@id\":\"https:\\\/\\\/crime-passionnel.com\\\/#organization\",\"name\":\"Crime Passionnel\",\"url\":\"https:\\\/\\\/crime-passionnel.com\\\/\",\"logo\":{\"@type\":\"ImageObject\",\"inLanguage\":\"da-DK\",\"@id\":\"https:\\\/\\\/crime-passionnel.com\\\/#\\\/schema\\\/logo\\\/image\\\/\",\"url\":\"https:\\\/\\\/crime-passionnel.com\\\/wp-content\\\/uploads\\\/2021\\\/07\\\/logo.png\",\"contentUrl\":\"https:\\\/\\\/crime-passionnel.com\\\/wp-content\\\/uploads\\\/2021\\\/07\\\/logo.png\",\"width\":128,\"height\":50,\"caption\":\"Crime Passionnel\"},\"image\":{\"@id\":\"https:\\\/\\\/crime-passionnel.com\\\/#\\\/schema\\\/logo\\\/image\\\/\"},\"sameAs\":[\"https:\\\/\\\/www.facebook.com\\\/crimepassionnel\\\/\",\"https:\\\/\\\/www.instagram.com\\\/crime.passionnel\\\/\"]}]}<\/script>\n<!-- \/ Yoast SEO plugin. -->","yoast_head_json":{"title":"Ode To Psyche Extrait de Parfum - Crime Passionnel Perfumes","robots":{"index":"index","follow":"follow","max-snippet":"max-snippet:-1","max-image-preview":"max-image-preview:large","max-video-preview":"max-video-preview:-1"},"canonical":"https:\/\/crime-passionnel.com\/da\/vare\/ode-to-psyche\/","og_locale":"da_DK","og_type":"article","og_title":"Ode To Psyche Extrait de Parfum - Crime Passionnel Perfumes","og_description":"Limited edition","og_url":"https:\/\/crime-passionnel.com\/da\/vare\/ode-to-psyche\/","og_site_name":"Crime Passionnel","article_publisher":"https:\/\/www.facebook.com\/crimepassionnel\/","article_modified_time":"2026-03-22T06:45:21+00:00","og_image":[{"width":1945,"height":2560,"url":"https:\/\/crime-passionnel.com\/wp-content\/uploads\/2026\/01\/Ode-TO-PSYCHE-scaled.jpg","type":"image\/jpeg"}],"twitter_card":"summary_large_image","twitter_misc":{"Estimeret l\u00e6setid":"1 minut"},"schema":{"@context":"https:\/\/schema.org","@graph":[{"@type":"WebPage","@id":"https:\/\/crime-passionnel.com\/product\/ode-to-psyche\/","url":"https:\/\/crime-passionnel.com\/product\/ode-to-psyche\/","name":"Ode To Psyche Extrait de Parfum - Crime Passionnel Perfumes","isPartOf":{"@id":"https:\/\/crime-passionnel.com\/#website"},"primaryImageOfPage":{"@id":"https:\/\/crime-passionnel.com\/product\/ode-to-psyche\/#primaryimage"},"image":{"@id":"https:\/\/crime-passionnel.com\/product\/ode-to-psyche\/#primaryimage"},"thumbnailUrl":"https:\/\/crime-passionnel.com\/wp-content\/uploads\/2026\/01\/Ode-TO-PSYCHE-scaled.jpg","datePublished":"2026-01-29T10:47:28+00:00","dateModified":"2026-03-22T06:45:21+00:00","breadcrumb":{"@id":"https:\/\/crime-passionnel.com\/product\/ode-to-psyche\/#breadcrumb"},"inLanguage":"da-DK","potentialAction":[{"@type":"ReadAction","target":["https:\/\/crime-passionnel.com\/product\/ode-to-psyche\/"]}]},{"@type":"ImageObject","inLanguage":"da-DK","@id":"https:\/\/crime-passionnel.com\/product\/ode-to-psyche\/#primaryimage","url":"https:\/\/crime-passionnel.com\/wp-content\/uploads\/2026\/01\/Ode-TO-PSYCHE-scaled.jpg","contentUrl":"https:\/\/crime-passionnel.com\/wp-content\/uploads\/2026\/01\/Ode-TO-PSYCHE-scaled.jpg","width":1945,"height":2560,"caption":"Ode-TO-PSYCHE"},{"@type":"BreadcrumbList","@id":"https:\/\/crime-passionnel.com\/product\/ode-to-psyche\/#breadcrumb","itemListElement":[{"@type":"ListItem","position":1,"name":"Home","item":"https:\/\/crime-passionnel.com\/"},{"@type":"ListItem","position":2,"name":"Products","item":"https:\/\/crime-passionnel.com\/products\/"},{"@type":"ListItem","position":3,"name":"Ode To Psyche"}]},{"@type":"WebSite","@id":"https:\/\/crime-passionnel.com\/#website","url":"https:\/\/crime-passionnel.com\/","name":"Forbrydelse og lidenskab","description":"","publisher":{"@id":"https:\/\/crime-passionnel.com\/#organization"},"potentialAction":[{"@type":"SearchAction","target":{"@type":"EntryPoint","urlTemplate":"https:\/\/crime-passionnel.com\/?s={search_term_string}"},"query-input":{"@type":"PropertyValueSpecification","valueRequired":true,"valueName":"search_term_string"}}],"inLanguage":"da-DK"},{"@type":"Organization","@id":"https:\/\/crime-passionnel.com\/#organization","name":"Forbrydelse og lidenskab","url":"https:\/\/crime-passionnel.com\/","logo":{"@type":"ImageObject","inLanguage":"da-DK","@id":"https:\/\/crime-passionnel.com\/#\/schema\/logo\/image\/","url":"https:\/\/crime-passionnel.com\/wp-content\/uploads\/2021\/07\/logo.png","contentUrl":"https:\/\/crime-passionnel.com\/wp-content\/uploads\/2021\/07\/logo.png","width":128,"height":50,"caption":"Crime Passionnel"},"image":{"@id":"https:\/\/crime-passionnel.com\/#\/schema\/logo\/image\/"},"sameAs":["https:\/\/www.facebook.com\/crimepassionnel\/","https:\/\/www.instagram.com\/crime.passionnel\/"]}]}},"_links":{"self":[{"href":"https:\/\/crime-passionnel.com\/da\/wp-json\/wp\/v2\/product\/32537","targetHints":{"allow":["GET"]}}],"collection":[{"href":"https:\/\/crime-passionnel.com\/da\/wp-json\/wp\/v2\/product"}],"about":[{"href":"https:\/\/crime-passionnel.com\/da\/wp-json\/wp\/v2\/types\/product"}],"wp:featuredmedia":[{"embeddable":true,"href":"https:\/\/crime-passionnel.com\/da\/wp-json\/wp\/v2\/media\/32540"}],"wp:attachment":[{"href":"https:\/\/crime-passionnel.com\/da\/wp-json\/wp\/v2\/media?parent=32537"}],"wp:term":[{"taxonomy":"product_brand","embeddable":true,"href":"https:\/\/crime-passionnel.com\/da\/wp-json\/wp\/v2\/product_brand?post=32537"},{"taxonomy":"product_cat","embeddable":true,"href":"https:\/\/crime-passionnel.com\/da\/wp-json\/wp\/v2\/product_cat?post=32537"},{"taxonomy":"product_tag","embeddable":true,"href":"https:\/\/crime-passionnel.com\/da\/wp-json\/wp\/v2\/product_tag?post=32537"}],"curies":[{"name":"wp","href":"https:\/\/api.w.org\/{rel}","templated":true}]}}