{"id":32195,"date":"2025-12-04T11:48:15","date_gmt":"2025-12-04T11:48:15","guid":{"rendered":"https:\/\/crime-passionnel.com\/?post_type=product&#038;p=32195"},"modified":"2026-03-24T12:47:20","modified_gmt":"2026-03-24T12:47:20","slug":"your-oudhness","status":"publish","type":"product","link":"https:\/\/crime-passionnel.com\/da\/vare\/your-oudhness\/","title":{"rendered":"Din udholdenhed"},"content":{"rendered":"<p>Your Oudhness er en pragtfuld duftoplevelse. En medrivende hyldest til mangrovens mystik og de hypnotiserende dybder af oud. En dristig harmoni, hvor safran t\u00e6nder for sanserne og udfolde den r\u00f8gede dybde af Gaharu Buaya (mangrove) \u2013 sj\u00e6lden og g\u00e5defuld. B\u00e5ret af den cremede varme fra sandeltr\u00e6, udfolder duften ud i en aura, der er oph\u00f8jet, sensuelt og tiltr\u00e6kkende. En ekstrakt med en bydende tilstedev\u00e6relse, der er skabt til dem, der t\u00f8r at p\u00e5tage sig dybden, elegancen og den uomtvistelige intensitet.<\/p>\n<p>Bergamot fra Calabrien og styrax fra Honduras \u00e5bner de varme, krydrede akkorder. I hjertet findes amyris sandeltr\u00e6, elemi og safran, der forst\u00e6rker en overdosis af Gaharu Buaya. Denne tr\u00e6agtige, animalske l\u00e6dernote skinner igennem hele parfumen En saftig, frugtig og ozonic akkord, der oph\u00f8jer de komplekse lag af patchouli, cremet sandeltr\u00e6 og ambernoter. Resultatet er en ekstraordin\u00e6r kraftfuld og vanedannende cocktail med.<\/p>\n<p>&nbsp;<\/p>\n<p>INGREDIENSER<\/p>\n<p>Topnoter: Safran, Elemi, Bergamot<\/p>\n<p>Hjertenoter: Styrax, Oud fra Vietnam, Buaya Gaharu tr\u00e6 (Mangrove), L\u00e6der<\/p>\n<p>Basenoter: Sandeltr\u00e6, Patchouli, Hvid musk, Vanilje, Cedertr\u00e6<\/p>","protected":false},"excerpt":{"rendered":"<p>Facinerende dybder af oud<\/p>","protected":false},"featured_media":32199,"template":"","meta":{"_acf_changed":false},"product_brand":[],"product_cat":[418,15],"product_tag":[],"class_list":{"0":"post-32195","1":"product","2":"type-product","3":"status-publish","4":"has-post-thumbnail","6":"product_cat-new-arrivals","7":"product_cat-perfumes","8":"pa_brands-jeroboam","9":"pa_projection-moderate","10":"pa_sizes-2ml-sample","11":"pa_sizes-100ml","12":"pa_style-leather","13":"pa_style-woody","15":"first","16":"instock","17":"taxable","18":"shipping-taxable","19":"purchasable","20":"product-type-variable","21":"add-to-wishlist-before_image"},"acf":[],"yoast_head":"<!-- This site is optimized with the Yoast SEO plugin v27.1.1 - https:\/\/yoast.com\/product\/yoast-seo-wordpress\/ -->\n<title>Your Oudhness Extrait de Parfum - Crime Passionnel Perfumes<\/title>\n<meta name=\"description\" content=\"For the first time, the Parisian brand J\u00e9roboam breaks its historical codes and swaps its black and gold for an Orange, which evokes joyful memories.\" \/>\n<meta name=\"robots\" content=\"index, follow, max-snippet:-1, max-image-preview:large, max-video-preview:-1\" \/>\n<link rel=\"canonical\" href=\"https:\/\/crime-passionnel.com\/da\/vare\/your-oudhness\/\" \/>\n<meta property=\"og:locale\" content=\"da_DK\" \/>\n<meta property=\"og:type\" content=\"article\" \/>\n<meta property=\"og:title\" content=\"Your Oudhness Extrait de Parfum - Crime Passionnel Perfumes\" \/>\n<meta property=\"og:description\" content=\"For the first time, the Parisian brand J\u00e9roboam breaks its historical codes and swaps its black and gold for an Orange, which evokes joyful memories.\" \/>\n<meta property=\"og:url\" content=\"https:\/\/crime-passionnel.com\/da\/vare\/your-oudhness\/\" \/>\n<meta property=\"og:site_name\" content=\"Crime Passionnel\" \/>\n<meta property=\"article:publisher\" content=\"https:\/\/www.facebook.com\/crimepassionnel\/\" \/>\n<meta property=\"article:modified_time\" content=\"2026-03-24T12:47:20+00:00\" \/>\n<meta property=\"og:image\" content=\"https:\/\/crime-passionnel.com\/wp-content\/uploads\/2025\/12\/Your-Oudhness-100ml-scaled.jpg\" \/>\n\t<meta property=\"og:image:width\" content=\"1945\" \/>\n\t<meta property=\"og:image:height\" content=\"2560\" \/>\n\t<meta property=\"og:image:type\" content=\"image\/jpeg\" \/>\n<meta name=\"twitter:card\" content=\"summary_large_image\" \/>\n<meta name=\"twitter:label1\" content=\"Estimeret l\u00e6setid\" \/>\n\t<meta name=\"twitter:data1\" content=\"1 minut\" \/>\n<script type=\"application\/ld+json\" class=\"yoast-schema-graph\">{\"@context\":\"https:\/\/schema.org\",\"@graph\":[{\"@type\":\"WebPage\",\"@id\":\"https:\/\/crime-passionnel.com\/product\/your-oudhness\/\",\"url\":\"https:\/\/crime-passionnel.com\/product\/your-oudhness\/\",\"name\":\"Your Oudhness Extrait de Parfum - Crime Passionnel Perfumes\",\"isPartOf\":{\"@id\":\"https:\/\/crime-passionnel.com\/#website\"},\"primaryImageOfPage\":{\"@id\":\"https:\/\/crime-passionnel.com\/product\/your-oudhness\/#primaryimage\"},\"image\":{\"@id\":\"https:\/\/crime-passionnel.com\/product\/your-oudhness\/#primaryimage\"},\"thumbnailUrl\":\"https:\/\/crime-passionnel.com\/wp-content\/uploads\/2025\/12\/Your-Oudhness-100ml-scaled.jpg\",\"datePublished\":\"2025-12-04T11:48:15+00:00\",\"dateModified\":\"2026-03-24T12:47:20+00:00\",\"description\":\"For the first time, the Parisian brand J\u00e9roboam breaks its historical codes and swaps its black and gold for an Orange, which evokes joyful memories.\",\"breadcrumb\":{\"@id\":\"https:\/\/crime-passionnel.com\/product\/your-oudhness\/#breadcrumb\"},\"inLanguage\":\"da-DK\",\"potentialAction\":[{\"@type\":\"ReadAction\",\"target\":[\"https:\/\/crime-passionnel.com\/product\/your-oudhness\/\"]}]},{\"@type\":\"ImageObject\",\"inLanguage\":\"da-DK\",\"@id\":\"https:\/\/crime-passionnel.com\/product\/your-oudhness\/#primaryimage\",\"url\":\"https:\/\/crime-passionnel.com\/wp-content\/uploads\/2025\/12\/Your-Oudhness-100ml-scaled.jpg\",\"contentUrl\":\"https:\/\/crime-passionnel.com\/wp-content\/uploads\/2025\/12\/Your-Oudhness-100ml-scaled.jpg\",\"width\":1945,\"height\":2560,\"caption\":\"Your-Oudhness-100ml\"},{\"@type\":\"BreadcrumbList\",\"@id\":\"https:\/\/crime-passionnel.com\/product\/your-oudhness\/#breadcrumb\",\"itemListElement\":[{\"@type\":\"ListItem\",\"position\":1,\"name\":\"Home\",\"item\":\"https:\/\/crime-passionnel.com\/\"},{\"@type\":\"ListItem\",\"position\":2,\"name\":\"Products\",\"item\":\"https:\/\/crime-passionnel.com\/products\/\"},{\"@type\":\"ListItem\",\"position\":3,\"name\":\"Your Oudhness\"}]},{\"@type\":\"WebSite\",\"@id\":\"https:\/\/crime-passionnel.com\/#website\",\"url\":\"https:\/\/crime-passionnel.com\/\",\"name\":\"Crime Passionnel\",\"description\":\"\",\"publisher\":{\"@id\":\"https:\/\/crime-passionnel.com\/#organization\"},\"potentialAction\":[{\"@type\":\"SearchAction\",\"target\":{\"@type\":\"EntryPoint\",\"urlTemplate\":\"https:\/\/crime-passionnel.com\/?s={search_term_string}\"},\"query-input\":{\"@type\":\"PropertyValueSpecification\",\"valueRequired\":true,\"valueName\":\"search_term_string\"}}],\"inLanguage\":\"da-DK\"},{\"@type\":\"Organization\",\"@id\":\"https:\/\/crime-passionnel.com\/#organization\",\"name\":\"Crime Passionnel\",\"url\":\"https:\/\/crime-passionnel.com\/\",\"logo\":{\"@type\":\"ImageObject\",\"inLanguage\":\"da-DK\",\"@id\":\"https:\/\/crime-passionnel.com\/#\/schema\/logo\/image\/\",\"url\":\"https:\/\/crime-passionnel.com\/wp-content\/uploads\/2021\/07\/logo.png\",\"contentUrl\":\"https:\/\/crime-passionnel.com\/wp-content\/uploads\/2021\/07\/logo.png\",\"width\":128,\"height\":50,\"caption\":\"Crime Passionnel\"},\"image\":{\"@id\":\"https:\/\/crime-passionnel.com\/#\/schema\/logo\/image\/\"},\"sameAs\":[\"https:\/\/www.facebook.com\/crimepassionnel\/\",\"https:\/\/www.instagram.com\/crime.passionnel\/\"]}]}<\/script>\n<!-- \/ Yoast SEO plugin. -->","yoast_head_json":{"title":"Your Oudhness Extrait de Parfum - Crime Passionnel Perfumes","description":"For the first time, the Parisian brand J\u00e9roboam breaks its historical codes and swaps its black and gold for an Orange, which evokes joyful memories.","robots":{"index":"index","follow":"follow","max-snippet":"max-snippet:-1","max-image-preview":"max-image-preview:large","max-video-preview":"max-video-preview:-1"},"canonical":"https:\/\/crime-passionnel.com\/da\/vare\/your-oudhness\/","og_locale":"da_DK","og_type":"article","og_title":"Your Oudhness Extrait de Parfum - Crime Passionnel Perfumes","og_description":"For the first time, the Parisian brand J\u00e9roboam breaks its historical codes and swaps its black and gold for an Orange, which evokes joyful memories.","og_url":"https:\/\/crime-passionnel.com\/da\/vare\/your-oudhness\/","og_site_name":"Crime Passionnel","article_publisher":"https:\/\/www.facebook.com\/crimepassionnel\/","article_modified_time":"2026-03-24T12:47:20+00:00","og_image":[{"width":1945,"height":2560,"url":"https:\/\/crime-passionnel.com\/wp-content\/uploads\/2025\/12\/Your-Oudhness-100ml-scaled.jpg","type":"image\/jpeg"}],"twitter_card":"summary_large_image","twitter_misc":{"Estimeret l\u00e6setid":"1 minut"},"schema":{"@context":"https:\/\/schema.org","@graph":[{"@type":"WebPage","@id":"https:\/\/crime-passionnel.com\/product\/your-oudhness\/","url":"https:\/\/crime-passionnel.com\/product\/your-oudhness\/","name":"Your Oudhness Extrait de Parfum - Crime Passionnel Perfumes","isPartOf":{"@id":"https:\/\/crime-passionnel.com\/#website"},"primaryImageOfPage":{"@id":"https:\/\/crime-passionnel.com\/product\/your-oudhness\/#primaryimage"},"image":{"@id":"https:\/\/crime-passionnel.com\/product\/your-oudhness\/#primaryimage"},"thumbnailUrl":"https:\/\/crime-passionnel.com\/wp-content\/uploads\/2025\/12\/Your-Oudhness-100ml-scaled.jpg","datePublished":"2025-12-04T11:48:15+00:00","dateModified":"2026-03-24T12:47:20+00:00","description":"For the first time, the Parisian brand J\u00e9roboam breaks its historical codes and swaps its black and gold for an Orange, which evokes joyful memories.","breadcrumb":{"@id":"https:\/\/crime-passionnel.com\/product\/your-oudhness\/#breadcrumb"},"inLanguage":"da-DK","potentialAction":[{"@type":"ReadAction","target":["https:\/\/crime-passionnel.com\/product\/your-oudhness\/"]}]},{"@type":"ImageObject","inLanguage":"da-DK","@id":"https:\/\/crime-passionnel.com\/product\/your-oudhness\/#primaryimage","url":"https:\/\/crime-passionnel.com\/wp-content\/uploads\/2025\/12\/Your-Oudhness-100ml-scaled.jpg","contentUrl":"https:\/\/crime-passionnel.com\/wp-content\/uploads\/2025\/12\/Your-Oudhness-100ml-scaled.jpg","width":1945,"height":2560,"caption":"Your-Oudhness-100ml"},{"@type":"BreadcrumbList","@id":"https:\/\/crime-passionnel.com\/product\/your-oudhness\/#breadcrumb","itemListElement":[{"@type":"ListItem","position":1,"name":"Home","item":"https:\/\/crime-passionnel.com\/"},{"@type":"ListItem","position":2,"name":"Products","item":"https:\/\/crime-passionnel.com\/products\/"},{"@type":"ListItem","position":3,"name":"Your Oudhness"}]},{"@type":"WebSite","@id":"https:\/\/crime-passionnel.com\/#website","url":"https:\/\/crime-passionnel.com\/","name":"Forbrydelse og lidenskab","description":"","publisher":{"@id":"https:\/\/crime-passionnel.com\/#organization"},"potentialAction":[{"@type":"SearchAction","target":{"@type":"EntryPoint","urlTemplate":"https:\/\/crime-passionnel.com\/?s={search_term_string}"},"query-input":{"@type":"PropertyValueSpecification","valueRequired":true,"valueName":"search_term_string"}}],"inLanguage":"da-DK"},{"@type":"Organization","@id":"https:\/\/crime-passionnel.com\/#organization","name":"Forbrydelse og lidenskab","url":"https:\/\/crime-passionnel.com\/","logo":{"@type":"ImageObject","inLanguage":"da-DK","@id":"https:\/\/crime-passionnel.com\/#\/schema\/logo\/image\/","url":"https:\/\/crime-passionnel.com\/wp-content\/uploads\/2021\/07\/logo.png","contentUrl":"https:\/\/crime-passionnel.com\/wp-content\/uploads\/2021\/07\/logo.png","width":128,"height":50,"caption":"Crime Passionnel"},"image":{"@id":"https:\/\/crime-passionnel.com\/#\/schema\/logo\/image\/"},"sameAs":["https:\/\/www.facebook.com\/crimepassionnel\/","https:\/\/www.instagram.com\/crime.passionnel\/"]}]}},"_links":{"self":[{"href":"https:\/\/crime-passionnel.com\/da\/wp-json\/wp\/v2\/product\/32195","targetHints":{"allow":["GET"]}}],"collection":[{"href":"https:\/\/crime-passionnel.com\/da\/wp-json\/wp\/v2\/product"}],"about":[{"href":"https:\/\/crime-passionnel.com\/da\/wp-json\/wp\/v2\/types\/product"}],"wp:featuredmedia":[{"embeddable":true,"href":"https:\/\/crime-passionnel.com\/da\/wp-json\/wp\/v2\/media\/32199"}],"wp:attachment":[{"href":"https:\/\/crime-passionnel.com\/da\/wp-json\/wp\/v2\/media?parent=32195"}],"wp:term":[{"taxonomy":"product_brand","embeddable":true,"href":"https:\/\/crime-passionnel.com\/da\/wp-json\/wp\/v2\/product_brand?post=32195"},{"taxonomy":"product_cat","embeddable":true,"href":"https:\/\/crime-passionnel.com\/da\/wp-json\/wp\/v2\/product_cat?post=32195"},{"taxonomy":"product_tag","embeddable":true,"href":"https:\/\/crime-passionnel.com\/da\/wp-json\/wp\/v2\/product_tag?post=32195"}],"curies":[{"name":"wp","href":"https:\/\/api.w.org\/{rel}","templated":true}]}}