{"id":32097,"date":"2025-11-25T19:57:57","date_gmt":"2025-11-25T19:57:57","guid":{"rendered":"https:\/\/crime-passionnel.com\/?post_type=product&#038;p=32097"},"modified":"2026-04-24T10:57:41","modified_gmt":"2026-04-24T10:57:41","slug":"madagascar-le-baume-vanille","status":"publish","type":"product","link":"https:\/\/crime-passionnel.com\/da\/vare\/madagascar-le-baume-vanille\/","title":{"rendered":"Madagaskar Le Baume Vanille"},"content":{"rendered":"<p data-start=\"75\" data-end=\"250\">En varm og sensuel hyldest til Madagaskar. Madagaskar Le Beaume Vanille indfanger den frodige vanilje, der har pr\u00e6get Corticchiatos mange ophold p\u00e5 \u00f8en.<\/p>\n<p data-start=\"252\" data-end=\"511\">I hjertet findes en vaniljebalsam; den dybe, cremede essens af solmodne vaniljest\u00e6nger beskrevet igennem tre ekstrakter: En tinktur. En CO\u2082 ekstrakt. En absolut. Samlet giver disse tre ekstrakter fl\u00f8jlsbl\u00f8de, cremede noter med nuancer af tr\u00e6, underspillede animalske noter, med strejf af l\u00e6der, h\u00f8 og tobak.<\/p>\n<p data-start=\"513\" data-end=\"746\">For at h\u00e6dre traditionen med at bruge vanilje i lagret rom, er denne duft blevet blandet med krydderier fra Madagaskar; peber, kryddernelliker, kanel og den dybe tiltr\u00e6kningskraft fra kakao, tilf\u00f8rt et strejf af frisk kokosn\u00f8d for af give en m\u00e6lket bl\u00f8dhed til denne ravfarvede eliksir.<\/p>\n<p data-start=\"748\" data-end=\"878\">Skabt med sj\u00e6ldne balsammer, olier og harpikser, der har f\u00e5et lov til at tr\u00e6kke, giver denne parfume et niveau, der kun sj\u00e6ldent er set i dag.<\/p>\n<p data-start=\"880\" data-end=\"1046\" data-is-last-node=\"\" data-is-only-node=\"\">Inspireret af den uforglemmelige hjemmelavede vanilje-rom cocktail som Marc-Antoine Corticchiato fik serveret p\u00e5 sine ophold p\u00e5 Madagaskar. Med duften fors\u00f8ger han at genskabe den l\u00e6kre drink i duftform.<\/p>\n<p>&nbsp;<\/p>\n<p>NGREDIENSER<\/p>\n<p>Noter: Vanilje, Tobak, L\u00e6der, Rom, H\u00f8, Peber, Kryddernellike, Kanel, Kakao, Amber<\/p>","protected":false},"excerpt":{"rendered":"<p>En rom og vanilje cocktail<\/p>","protected":false},"featured_media":32100,"template":"","meta":{"_acf_changed":false},"product_brand":[],"product_cat":[418,15],"product_tag":[],"class_list":{"0":"post-32097","1":"product","2":"type-product","3":"status-publish","4":"has-post-thumbnail","6":"product_cat-new-arrivals","7":"product_cat-perfumes","8":"pa_brands-parfum-dempire","9":"pa_projection-moderate","10":"pa_sizes-100ml","11":"pa_sizes-2ml-sample","12":"pa_sizes-50ml","13":"pa_style-fresh","15":"first","16":"instock","17":"taxable","18":"shipping-taxable","19":"purchasable","20":"product-type-variable","21":"add-to-wishlist-before_image"},"acf":[],"yoast_head":"<!-- This site is optimized with the Yoast SEO plugin v27.4 - https:\/\/yoast.com\/product\/yoast-seo-wordpress\/ -->\n<title>Madagascar Le Baume Vanille Eau de Parfum - Crime Passionnel Fragrances Online<\/title>\n<meta name=\"description\" content=\"YUZU FOU perfume opens with the crackling scent of Japanese yuzu, set in a cocktail of concentrated citrus extracts topped off with a splash of mint.\" \/>\n<meta name=\"robots\" content=\"index, follow, max-snippet:-1, max-image-preview:large, max-video-preview:-1\" \/>\n<link rel=\"canonical\" href=\"https:\/\/crime-passionnel.com\/da\/vare\/madagascar-le-baume-vanille\/\" \/>\n<meta property=\"og:locale\" content=\"da_DK\" \/>\n<meta property=\"og:type\" content=\"article\" \/>\n<meta property=\"og:title\" content=\"Madagascar Le Baume Vanille Eau de Parfum - Crime Passionnel Fragrances Online\" \/>\n<meta property=\"og:description\" content=\"YUZU FOU perfume opens with the crackling scent of Japanese yuzu, set in a cocktail of concentrated citrus extracts topped off with a splash of mint.\" \/>\n<meta property=\"og:url\" content=\"https:\/\/crime-passionnel.com\/da\/vare\/madagascar-le-baume-vanille\/\" \/>\n<meta property=\"og:site_name\" content=\"Crime Passionnel\" \/>\n<meta property=\"article:publisher\" content=\"https:\/\/www.facebook.com\/crimepassionnel\/\" \/>\n<meta property=\"article:modified_time\" content=\"2026-04-24T10:57:41+00:00\" \/>\n<meta property=\"og:image\" content=\"https:\/\/crime-passionnel.com\/wp-content\/uploads\/2025\/11\/Madagascar-Le-Baume-Vanille-scaled.jpg\" \/>\n\t<meta property=\"og:image:width\" content=\"1945\" \/>\n\t<meta property=\"og:image:height\" content=\"2560\" \/>\n\t<meta property=\"og:image:type\" content=\"image\/jpeg\" \/>\n<meta name=\"twitter:card\" content=\"summary_large_image\" \/>\n<meta name=\"twitter:label1\" content=\"Estimeret l\u00e6setid\" \/>\n\t<meta name=\"twitter:data1\" content=\"1 minut\" \/>\n<script type=\"application\/ld+json\" class=\"yoast-schema-graph\">{\"@context\":\"https:\\\/\\\/schema.org\",\"@graph\":[{\"@type\":\"WebPage\",\"@id\":\"https:\\\/\\\/crime-passionnel.com\\\/product\\\/madagascar-le-baume-vanille\\\/\",\"url\":\"https:\\\/\\\/crime-passionnel.com\\\/product\\\/madagascar-le-baume-vanille\\\/\",\"name\":\"Madagascar Le Baume Vanille Eau de Parfum - Crime Passionnel Fragrances Online\",\"isPartOf\":{\"@id\":\"https:\\\/\\\/crime-passionnel.com\\\/#website\"},\"primaryImageOfPage\":{\"@id\":\"https:\\\/\\\/crime-passionnel.com\\\/product\\\/madagascar-le-baume-vanille\\\/#primaryimage\"},\"image\":{\"@id\":\"https:\\\/\\\/crime-passionnel.com\\\/product\\\/madagascar-le-baume-vanille\\\/#primaryimage\"},\"thumbnailUrl\":\"https:\\\/\\\/crime-passionnel.com\\\/wp-content\\\/uploads\\\/2025\\\/11\\\/Madagascar-Le-Baume-Vanille-scaled.jpg\",\"datePublished\":\"2025-11-25T19:57:57+00:00\",\"dateModified\":\"2026-04-24T10:57:41+00:00\",\"description\":\"YUZU FOU perfume opens with the crackling scent of Japanese yuzu, set in a cocktail of concentrated citrus extracts topped off with a splash of mint.\",\"breadcrumb\":{\"@id\":\"https:\\\/\\\/crime-passionnel.com\\\/product\\\/madagascar-le-baume-vanille\\\/#breadcrumb\"},\"inLanguage\":\"da-DK\",\"potentialAction\":[{\"@type\":\"ReadAction\",\"target\":[\"https:\\\/\\\/crime-passionnel.com\\\/product\\\/madagascar-le-baume-vanille\\\/\"]}]},{\"@type\":\"ImageObject\",\"inLanguage\":\"da-DK\",\"@id\":\"https:\\\/\\\/crime-passionnel.com\\\/product\\\/madagascar-le-baume-vanille\\\/#primaryimage\",\"url\":\"https:\\\/\\\/crime-passionnel.com\\\/wp-content\\\/uploads\\\/2025\\\/11\\\/Madagascar-Le-Baume-Vanille-scaled.jpg\",\"contentUrl\":\"https:\\\/\\\/crime-passionnel.com\\\/wp-content\\\/uploads\\\/2025\\\/11\\\/Madagascar-Le-Baume-Vanille-scaled.jpg\",\"width\":1945,\"height\":2560,\"caption\":\"Madagascar-Le-Baume-Vanille\"},{\"@type\":\"BreadcrumbList\",\"@id\":\"https:\\\/\\\/crime-passionnel.com\\\/product\\\/madagascar-le-baume-vanille\\\/#breadcrumb\",\"itemListElement\":[{\"@type\":\"ListItem\",\"position\":1,\"name\":\"Home\",\"item\":\"https:\\\/\\\/crime-passionnel.com\\\/\"},{\"@type\":\"ListItem\",\"position\":2,\"name\":\"Products\",\"item\":\"https:\\\/\\\/crime-passionnel.com\\\/products\\\/\"},{\"@type\":\"ListItem\",\"position\":3,\"name\":\"Madagascar Le Baume Vanille\"}]},{\"@type\":\"WebSite\",\"@id\":\"https:\\\/\\\/crime-passionnel.com\\\/#website\",\"url\":\"https:\\\/\\\/crime-passionnel.com\\\/\",\"name\":\"Crime Passionnel\",\"description\":\"\",\"publisher\":{\"@id\":\"https:\\\/\\\/crime-passionnel.com\\\/#organization\"},\"potentialAction\":[{\"@type\":\"SearchAction\",\"target\":{\"@type\":\"EntryPoint\",\"urlTemplate\":\"https:\\\/\\\/crime-passionnel.com\\\/?s={search_term_string}\"},\"query-input\":{\"@type\":\"PropertyValueSpecification\",\"valueRequired\":true,\"valueName\":\"search_term_string\"}}],\"inLanguage\":\"da-DK\"},{\"@type\":\"Organization\",\"@id\":\"https:\\\/\\\/crime-passionnel.com\\\/#organization\",\"name\":\"Crime Passionnel\",\"url\":\"https:\\\/\\\/crime-passionnel.com\\\/\",\"logo\":{\"@type\":\"ImageObject\",\"inLanguage\":\"da-DK\",\"@id\":\"https:\\\/\\\/crime-passionnel.com\\\/#\\\/schema\\\/logo\\\/image\\\/\",\"url\":\"https:\\\/\\\/crime-passionnel.com\\\/wp-content\\\/uploads\\\/2021\\\/07\\\/logo.png\",\"contentUrl\":\"https:\\\/\\\/crime-passionnel.com\\\/wp-content\\\/uploads\\\/2021\\\/07\\\/logo.png\",\"width\":128,\"height\":50,\"caption\":\"Crime Passionnel\"},\"image\":{\"@id\":\"https:\\\/\\\/crime-passionnel.com\\\/#\\\/schema\\\/logo\\\/image\\\/\"},\"sameAs\":[\"https:\\\/\\\/www.facebook.com\\\/crimepassionnel\\\/\",\"https:\\\/\\\/www.instagram.com\\\/crime.passionnel\\\/\"]}]}<\/script>\n<!-- \/ Yoast SEO plugin. -->","yoast_head_json":{"title":"Madagascar Le Baume Vanille Eau de Parfum - Crime Passionnel Fragrances Online","description":"YUZU FOU perfume opens with the crackling scent of Japanese yuzu, set in a cocktail of concentrated citrus extracts topped off with a splash of mint.","robots":{"index":"index","follow":"follow","max-snippet":"max-snippet:-1","max-image-preview":"max-image-preview:large","max-video-preview":"max-video-preview:-1"},"canonical":"https:\/\/crime-passionnel.com\/da\/vare\/madagascar-le-baume-vanille\/","og_locale":"da_DK","og_type":"article","og_title":"Madagascar Le Baume Vanille Eau de Parfum - Crime Passionnel Fragrances Online","og_description":"YUZU FOU perfume opens with the crackling scent of Japanese yuzu, set in a cocktail of concentrated citrus extracts topped off with a splash of mint.","og_url":"https:\/\/crime-passionnel.com\/da\/vare\/madagascar-le-baume-vanille\/","og_site_name":"Crime Passionnel","article_publisher":"https:\/\/www.facebook.com\/crimepassionnel\/","article_modified_time":"2026-04-24T10:57:41+00:00","og_image":[{"width":1945,"height":2560,"url":"https:\/\/crime-passionnel.com\/wp-content\/uploads\/2025\/11\/Madagascar-Le-Baume-Vanille-scaled.jpg","type":"image\/jpeg"}],"twitter_card":"summary_large_image","twitter_misc":{"Estimeret l\u00e6setid":"1 minut"},"schema":{"@context":"https:\/\/schema.org","@graph":[{"@type":"WebPage","@id":"https:\/\/crime-passionnel.com\/product\/madagascar-le-baume-vanille\/","url":"https:\/\/crime-passionnel.com\/product\/madagascar-le-baume-vanille\/","name":"Madagascar Le Baume Vanille Eau de Parfum - Crime Passionnel Fragrances Online","isPartOf":{"@id":"https:\/\/crime-passionnel.com\/#website"},"primaryImageOfPage":{"@id":"https:\/\/crime-passionnel.com\/product\/madagascar-le-baume-vanille\/#primaryimage"},"image":{"@id":"https:\/\/crime-passionnel.com\/product\/madagascar-le-baume-vanille\/#primaryimage"},"thumbnailUrl":"https:\/\/crime-passionnel.com\/wp-content\/uploads\/2025\/11\/Madagascar-Le-Baume-Vanille-scaled.jpg","datePublished":"2025-11-25T19:57:57+00:00","dateModified":"2026-04-24T10:57:41+00:00","description":"YUZU FOU perfume opens with the crackling scent of Japanese yuzu, set in a cocktail of concentrated citrus extracts topped off with a splash of mint.","breadcrumb":{"@id":"https:\/\/crime-passionnel.com\/product\/madagascar-le-baume-vanille\/#breadcrumb"},"inLanguage":"da-DK","potentialAction":[{"@type":"ReadAction","target":["https:\/\/crime-passionnel.com\/product\/madagascar-le-baume-vanille\/"]}]},{"@type":"ImageObject","inLanguage":"da-DK","@id":"https:\/\/crime-passionnel.com\/product\/madagascar-le-baume-vanille\/#primaryimage","url":"https:\/\/crime-passionnel.com\/wp-content\/uploads\/2025\/11\/Madagascar-Le-Baume-Vanille-scaled.jpg","contentUrl":"https:\/\/crime-passionnel.com\/wp-content\/uploads\/2025\/11\/Madagascar-Le-Baume-Vanille-scaled.jpg","width":1945,"height":2560,"caption":"Madagascar-Le-Baume-Vanille"},{"@type":"BreadcrumbList","@id":"https:\/\/crime-passionnel.com\/product\/madagascar-le-baume-vanille\/#breadcrumb","itemListElement":[{"@type":"ListItem","position":1,"name":"Home","item":"https:\/\/crime-passionnel.com\/"},{"@type":"ListItem","position":2,"name":"Products","item":"https:\/\/crime-passionnel.com\/products\/"},{"@type":"ListItem","position":3,"name":"Madagascar Le Baume Vanille"}]},{"@type":"WebSite","@id":"https:\/\/crime-passionnel.com\/#website","url":"https:\/\/crime-passionnel.com\/","name":"Forbrydelse og lidenskab","description":"","publisher":{"@id":"https:\/\/crime-passionnel.com\/#organization"},"potentialAction":[{"@type":"SearchAction","target":{"@type":"EntryPoint","urlTemplate":"https:\/\/crime-passionnel.com\/?s={search_term_string}"},"query-input":{"@type":"PropertyValueSpecification","valueRequired":true,"valueName":"search_term_string"}}],"inLanguage":"da-DK"},{"@type":"Organization","@id":"https:\/\/crime-passionnel.com\/#organization","name":"Forbrydelse og lidenskab","url":"https:\/\/crime-passionnel.com\/","logo":{"@type":"ImageObject","inLanguage":"da-DK","@id":"https:\/\/crime-passionnel.com\/#\/schema\/logo\/image\/","url":"https:\/\/crime-passionnel.com\/wp-content\/uploads\/2021\/07\/logo.png","contentUrl":"https:\/\/crime-passionnel.com\/wp-content\/uploads\/2021\/07\/logo.png","width":128,"height":50,"caption":"Crime Passionnel"},"image":{"@id":"https:\/\/crime-passionnel.com\/#\/schema\/logo\/image\/"},"sameAs":["https:\/\/www.facebook.com\/crimepassionnel\/","https:\/\/www.instagram.com\/crime.passionnel\/"]}]}},"_links":{"self":[{"href":"https:\/\/crime-passionnel.com\/da\/wp-json\/wp\/v2\/product\/32097","targetHints":{"allow":["GET"]}}],"collection":[{"href":"https:\/\/crime-passionnel.com\/da\/wp-json\/wp\/v2\/product"}],"about":[{"href":"https:\/\/crime-passionnel.com\/da\/wp-json\/wp\/v2\/types\/product"}],"wp:featuredmedia":[{"embeddable":true,"href":"https:\/\/crime-passionnel.com\/da\/wp-json\/wp\/v2\/media\/32100"}],"wp:attachment":[{"href":"https:\/\/crime-passionnel.com\/da\/wp-json\/wp\/v2\/media?parent=32097"}],"wp:term":[{"taxonomy":"product_brand","embeddable":true,"href":"https:\/\/crime-passionnel.com\/da\/wp-json\/wp\/v2\/product_brand?post=32097"},{"taxonomy":"product_cat","embeddable":true,"href":"https:\/\/crime-passionnel.com\/da\/wp-json\/wp\/v2\/product_cat?post=32097"},{"taxonomy":"product_tag","embeddable":true,"href":"https:\/\/crime-passionnel.com\/da\/wp-json\/wp\/v2\/product_tag?post=32097"}],"curies":[{"name":"wp","href":"https:\/\/api.w.org\/{rel}","templated":true}]}}