{"id":3206,"date":"2022-01-23T16:18:36","date_gmt":"2022-01-23T16:18:36","guid":{"rendered":"http:\/\/crimepassionnel.nextwebdev.lt\/?post_type=product&#038;p=3206"},"modified":"2026-03-19T09:03:25","modified_gmt":"2026-03-19T09:03:25","slug":"isra-miraj","status":"publish","type":"product","link":"https:\/\/crime-passionnel.com\/da\/vare\/isra-miraj\/","title":{"rendered":"Isra &amp; Miraj"},"content":{"rendered":"<p class=\"translation-block\">Denne duft er fort\u00e6llingen om den indledende spirituelle rejse til h\u00e5b, sj\u00e6lefred og personlig udvikling. Det er ogs\u00e5 at komponere en parfume, lag for lag, note for note, der stiler efter perfektion. \nTilsigtet sensuel og k\u00f8delig, afsl\u00f8rer duften en intens balsam af amber ikl\u00e6dt magnetisk heliotrope blomst. Med hvid og brun musk, der giver en \u00f8jeblikkelig fornemmelse af \u201dhudduft\u201d, og det perfekte ved en forsigtig dosis naturlig oud for at tilf\u00f8re tr\u00e6agtige og dyriske noter for dybde og en intens sillage.\nDette er en parfume der er blevet til igennem omhyggeligt arbejde, hvor \u201dknow how\u201d fra den franske parfumeindustri l\u00e5ner sig selv til de tre mest skattede materialer i orientalske dufte; amber, musk og oud.<\/p>\n<p>&nbsp;<\/p>\n<p>INGREDIENSER<\/p>\n<p>Topnoter: Bergamot. Mandarin. Muskatn\u00f8d. Kanel, Ceylon.<\/p>\n<p>Mellemnoter: Heliotrope. Osmanthus abs. Vanilje.<\/p>\n<p>Basenoter: Vanilje. Mysore sandeltr\u00e6. Amber. Patchouli. Hvid musk. L\u00e6der. Naturlig oud.\u2028<\/p>","protected":false},"excerpt":{"rendered":"<p>Intens balsam af amber kl\u00e6dt i magnetisk heliotrope<\/p>","protected":false},"featured_media":4316,"template":"","meta":{"_acf_changed":false},"product_brand":[],"product_cat":[15],"product_tag":[],"class_list":{"0":"post-3206","1":"product","2":"type-product","3":"status-publish","4":"has-post-thumbnail","6":"product_cat-perfumes","7":"pa_brands-strphane-humbert-lucas","8":"pa_projection-moderate","9":"pa_sizes-2ml-sample","10":"pa_sizes-50ml","11":"pa_style-oriental","12":"pa_style-sweet","14":"first","15":"instock","16":"taxable","17":"shipping-taxable","18":"purchasable","19":"product-type-variable","20":"add-to-wishlist-before_image"},"acf":[],"yoast_head":"<!-- This site is optimized with the Yoast SEO plugin v27.5 - https:\/\/yoast.com\/product\/yoast-seo-wordpress\/ -->\n<title>Isra &amp; Miraj Eau de Parfum - Crime Passionnel Niche Perfumes<\/title>\n<meta name=\"description\" content=\"This fragrance is the interpretation of a spiritual and initiatory trip leading to the promise of hope, peace and personal fulfillment.\" \/>\n<meta name=\"robots\" content=\"index, follow, max-snippet:-1, max-image-preview:large, max-video-preview:-1\" \/>\n<link rel=\"canonical\" href=\"https:\/\/crime-passionnel.com\/da\/vare\/isra-miraj\/\" \/>\n<meta property=\"og:locale\" content=\"da_DK\" \/>\n<meta property=\"og:type\" content=\"article\" \/>\n<meta property=\"og:title\" content=\"Isra &amp; Miraj Eau de Parfum - Crime Passionnel Niche Perfumes\" \/>\n<meta property=\"og:description\" content=\"This fragrance is the interpretation of a spiritual and initiatory trip leading to the promise of hope, peace and personal fulfillment.\" \/>\n<meta property=\"og:url\" content=\"https:\/\/crime-passionnel.com\/da\/vare\/isra-miraj\/\" \/>\n<meta property=\"og:site_name\" content=\"Crime Passionnel\" \/>\n<meta property=\"article:publisher\" content=\"https:\/\/www.facebook.com\/crimepassionnel\/\" \/>\n<meta property=\"article:modified_time\" content=\"2026-03-19T09:03:25+00:00\" \/>\n<meta property=\"og:image\" content=\"https:\/\/crime-passionnel.com\/wp-content\/uploads\/2022\/01\/Isra-Miraj-50ml.jpg\" \/>\n\t<meta property=\"og:image:width\" content=\"1459\" \/>\n\t<meta property=\"og:image:height\" content=\"1920\" \/>\n\t<meta property=\"og:image:type\" content=\"image\/jpeg\" \/>\n<meta name=\"twitter:card\" content=\"summary_large_image\" \/>\n<meta name=\"twitter:label1\" content=\"Estimeret l\u00e6setid\" \/>\n\t<meta name=\"twitter:data1\" content=\"1 minut\" \/>\n<script type=\"application\/ld+json\" class=\"yoast-schema-graph\">{\"@context\":\"https:\\\/\\\/schema.org\",\"@graph\":[{\"@type\":\"WebPage\",\"@id\":\"https:\\\/\\\/crime-passionnel.com\\\/product\\\/isra-miraj\\\/\",\"url\":\"https:\\\/\\\/crime-passionnel.com\\\/product\\\/isra-miraj\\\/\",\"name\":\"Isra & Miraj Eau de Parfum - Crime Passionnel Niche Perfumes\",\"isPartOf\":{\"@id\":\"https:\\\/\\\/crime-passionnel.com\\\/#website\"},\"primaryImageOfPage\":{\"@id\":\"https:\\\/\\\/crime-passionnel.com\\\/product\\\/isra-miraj\\\/#primaryimage\"},\"image\":{\"@id\":\"https:\\\/\\\/crime-passionnel.com\\\/product\\\/isra-miraj\\\/#primaryimage\"},\"thumbnailUrl\":\"https:\\\/\\\/crime-passionnel.com\\\/wp-content\\\/uploads\\\/2022\\\/01\\\/Isra-Miraj-50ml.jpg\",\"datePublished\":\"2022-01-23T16:18:36+00:00\",\"dateModified\":\"2026-03-19T09:03:25+00:00\",\"description\":\"This fragrance is the interpretation of a spiritual and initiatory trip leading to the promise of hope, peace and personal fulfillment.\",\"breadcrumb\":{\"@id\":\"https:\\\/\\\/crime-passionnel.com\\\/product\\\/isra-miraj\\\/#breadcrumb\"},\"inLanguage\":\"da-DK\",\"potentialAction\":[{\"@type\":\"ReadAction\",\"target\":[\"https:\\\/\\\/crime-passionnel.com\\\/product\\\/isra-miraj\\\/\"]}]},{\"@type\":\"ImageObject\",\"inLanguage\":\"da-DK\",\"@id\":\"https:\\\/\\\/crime-passionnel.com\\\/product\\\/isra-miraj\\\/#primaryimage\",\"url\":\"https:\\\/\\\/crime-passionnel.com\\\/wp-content\\\/uploads\\\/2022\\\/01\\\/Isra-Miraj-50ml.jpg\",\"contentUrl\":\"https:\\\/\\\/crime-passionnel.com\\\/wp-content\\\/uploads\\\/2022\\\/01\\\/Isra-Miraj-50ml.jpg\",\"width\":1459,\"height\":1920,\"caption\":\"Isra & Miraj Eau de Parfum\"},{\"@type\":\"BreadcrumbList\",\"@id\":\"https:\\\/\\\/crime-passionnel.com\\\/product\\\/isra-miraj\\\/#breadcrumb\",\"itemListElement\":[{\"@type\":\"ListItem\",\"position\":1,\"name\":\"Home\",\"item\":\"https:\\\/\\\/crime-passionnel.com\\\/\"},{\"@type\":\"ListItem\",\"position\":2,\"name\":\"Products\",\"item\":\"https:\\\/\\\/crime-passionnel.com\\\/products\\\/\"},{\"@type\":\"ListItem\",\"position\":3,\"name\":\"Isra &#038; Miraj\"}]},{\"@type\":\"WebSite\",\"@id\":\"https:\\\/\\\/crime-passionnel.com\\\/#website\",\"url\":\"https:\\\/\\\/crime-passionnel.com\\\/\",\"name\":\"Crime Passionnel\",\"description\":\"\",\"publisher\":{\"@id\":\"https:\\\/\\\/crime-passionnel.com\\\/#organization\"},\"potentialAction\":[{\"@type\":\"SearchAction\",\"target\":{\"@type\":\"EntryPoint\",\"urlTemplate\":\"https:\\\/\\\/crime-passionnel.com\\\/?s={search_term_string}\"},\"query-input\":{\"@type\":\"PropertyValueSpecification\",\"valueRequired\":true,\"valueName\":\"search_term_string\"}}],\"inLanguage\":\"da-DK\"},{\"@type\":\"Organization\",\"@id\":\"https:\\\/\\\/crime-passionnel.com\\\/#organization\",\"name\":\"Crime Passionnel\",\"url\":\"https:\\\/\\\/crime-passionnel.com\\\/\",\"logo\":{\"@type\":\"ImageObject\",\"inLanguage\":\"da-DK\",\"@id\":\"https:\\\/\\\/crime-passionnel.com\\\/#\\\/schema\\\/logo\\\/image\\\/\",\"url\":\"https:\\\/\\\/crime-passionnel.com\\\/wp-content\\\/uploads\\\/2021\\\/07\\\/logo.png\",\"contentUrl\":\"https:\\\/\\\/crime-passionnel.com\\\/wp-content\\\/uploads\\\/2021\\\/07\\\/logo.png\",\"width\":128,\"height\":50,\"caption\":\"Crime Passionnel\"},\"image\":{\"@id\":\"https:\\\/\\\/crime-passionnel.com\\\/#\\\/schema\\\/logo\\\/image\\\/\"},\"sameAs\":[\"https:\\\/\\\/www.facebook.com\\\/crimepassionnel\\\/\",\"https:\\\/\\\/www.instagram.com\\\/crime.passionnel\\\/\"]}]}<\/script>\n<!-- \/ Yoast SEO plugin. -->","yoast_head_json":{"title":"Isra & Miraj Eau de Parfum - Crime Passionnel Niche Perfumes","description":"Denne duft er en fortolkning af en spirituel og indledende rejse, der f\u00f8rer til et l\u00f8fte om h\u00e5b, fred og personlig tilfredsstillelse.","robots":{"index":"index","follow":"follow","max-snippet":"max-snippet:-1","max-image-preview":"max-image-preview:large","max-video-preview":"max-video-preview:-1"},"canonical":"https:\/\/crime-passionnel.com\/da\/vare\/isra-miraj\/","og_locale":"da_DK","og_type":"article","og_title":"Isra & Miraj Eau de Parfum - Crime Passionnel Niche Perfumes","og_description":"This fragrance is the interpretation of a spiritual and initiatory trip leading to the promise of hope, peace and personal fulfillment.","og_url":"https:\/\/crime-passionnel.com\/da\/vare\/isra-miraj\/","og_site_name":"Crime Passionnel","article_publisher":"https:\/\/www.facebook.com\/crimepassionnel\/","article_modified_time":"2026-03-19T09:03:25+00:00","og_image":[{"width":1459,"height":1920,"url":"https:\/\/crime-passionnel.com\/wp-content\/uploads\/2022\/01\/Isra-Miraj-50ml.jpg","type":"image\/jpeg"}],"twitter_card":"summary_large_image","twitter_misc":{"Estimeret l\u00e6setid":"1 minut"},"schema":{"@context":"https:\/\/schema.org","@graph":[{"@type":"WebPage","@id":"https:\/\/crime-passionnel.com\/product\/isra-miraj\/","url":"https:\/\/crime-passionnel.com\/product\/isra-miraj\/","name":"Isra & Miraj Eau de Parfum - Crime Passionnel Niche Perfumes","isPartOf":{"@id":"https:\/\/crime-passionnel.com\/#website"},"primaryImageOfPage":{"@id":"https:\/\/crime-passionnel.com\/product\/isra-miraj\/#primaryimage"},"image":{"@id":"https:\/\/crime-passionnel.com\/product\/isra-miraj\/#primaryimage"},"thumbnailUrl":"https:\/\/crime-passionnel.com\/wp-content\/uploads\/2022\/01\/Isra-Miraj-50ml.jpg","datePublished":"2022-01-23T16:18:36+00:00","dateModified":"2026-03-19T09:03:25+00:00","description":"Denne duft er en fortolkning af en spirituel og indledende rejse, der f\u00f8rer til et l\u00f8fte om h\u00e5b, fred og personlig tilfredsstillelse.","breadcrumb":{"@id":"https:\/\/crime-passionnel.com\/product\/isra-miraj\/#breadcrumb"},"inLanguage":"da-DK","potentialAction":[{"@type":"ReadAction","target":["https:\/\/crime-passionnel.com\/product\/isra-miraj\/"]}]},{"@type":"ImageObject","inLanguage":"da-DK","@id":"https:\/\/crime-passionnel.com\/product\/isra-miraj\/#primaryimage","url":"https:\/\/crime-passionnel.com\/wp-content\/uploads\/2022\/01\/Isra-Miraj-50ml.jpg","contentUrl":"https:\/\/crime-passionnel.com\/wp-content\/uploads\/2022\/01\/Isra-Miraj-50ml.jpg","width":1459,"height":1920,"caption":"Isra & Miraj Eau de Parfum"},{"@type":"BreadcrumbList","@id":"https:\/\/crime-passionnel.com\/product\/isra-miraj\/#breadcrumb","itemListElement":[{"@type":"ListItem","position":1,"name":"Home","item":"https:\/\/crime-passionnel.com\/"},{"@type":"ListItem","position":2,"name":"Products","item":"https:\/\/crime-passionnel.com\/products\/"},{"@type":"ListItem","position":3,"name":"Isra &#038; Miraj"}]},{"@type":"WebSite","@id":"https:\/\/crime-passionnel.com\/#website","url":"https:\/\/crime-passionnel.com\/","name":"Forbrydelse og lidenskab","description":"","publisher":{"@id":"https:\/\/crime-passionnel.com\/#organization"},"potentialAction":[{"@type":"SearchAction","target":{"@type":"EntryPoint","urlTemplate":"https:\/\/crime-passionnel.com\/?s={search_term_string}"},"query-input":{"@type":"PropertyValueSpecification","valueRequired":true,"valueName":"search_term_string"}}],"inLanguage":"da-DK"},{"@type":"Organization","@id":"https:\/\/crime-passionnel.com\/#organization","name":"Forbrydelse og lidenskab","url":"https:\/\/crime-passionnel.com\/","logo":{"@type":"ImageObject","inLanguage":"da-DK","@id":"https:\/\/crime-passionnel.com\/#\/schema\/logo\/image\/","url":"https:\/\/crime-passionnel.com\/wp-content\/uploads\/2021\/07\/logo.png","contentUrl":"https:\/\/crime-passionnel.com\/wp-content\/uploads\/2021\/07\/logo.png","width":128,"height":50,"caption":"Crime Passionnel"},"image":{"@id":"https:\/\/crime-passionnel.com\/#\/schema\/logo\/image\/"},"sameAs":["https:\/\/www.facebook.com\/crimepassionnel\/","https:\/\/www.instagram.com\/crime.passionnel\/"]}]}},"_links":{"self":[{"href":"https:\/\/crime-passionnel.com\/da\/wp-json\/wp\/v2\/product\/3206","targetHints":{"allow":["GET"]}}],"collection":[{"href":"https:\/\/crime-passionnel.com\/da\/wp-json\/wp\/v2\/product"}],"about":[{"href":"https:\/\/crime-passionnel.com\/da\/wp-json\/wp\/v2\/types\/product"}],"wp:featuredmedia":[{"embeddable":true,"href":"https:\/\/crime-passionnel.com\/da\/wp-json\/wp\/v2\/media\/4316"}],"wp:attachment":[{"href":"https:\/\/crime-passionnel.com\/da\/wp-json\/wp\/v2\/media?parent=3206"}],"wp:term":[{"taxonomy":"product_brand","embeddable":true,"href":"https:\/\/crime-passionnel.com\/da\/wp-json\/wp\/v2\/product_brand?post=3206"},{"taxonomy":"product_cat","embeddable":true,"href":"https:\/\/crime-passionnel.com\/da\/wp-json\/wp\/v2\/product_cat?post=3206"},{"taxonomy":"product_tag","embeddable":true,"href":"https:\/\/crime-passionnel.com\/da\/wp-json\/wp\/v2\/product_tag?post=3206"}],"curies":[{"name":"wp","href":"https:\/\/api.w.org\/{rel}","templated":true}]}}