{"id":32026,"date":"2025-11-17T09:37:31","date_gmt":"2025-11-17T09:37:31","guid":{"rendered":"https:\/\/crime-passionnel.com\/?post_type=product&#038;p=32026"},"modified":"2026-04-25T09:59:50","modified_gmt":"2026-04-25T09:59:50","slug":"the-queen-and-the-viper","status":"publish","type":"product","link":"https:\/\/crime-passionnel.com\/da\/vare\/the-queen-and-the-viper\/","title":{"rendered":"Dronningen og hugormen"},"content":{"rendered":"<div class=\"page\" title=\"Side 6\">\n<div class=\"section\">\n<div class=\"layoutArea\">\n<div class=\"column\">\n<div class=\"page\" title=\"Side 7\">\n<div class=\"layoutArea\">\n<div class=\"column\">\n<p data-start=\"65\" data-end=\"510\">I det gamle \u00c6gypten, efter at Mark Antony tabte slaget om Actium, gemmer Kleopatra, den sidste dronning af \u00c6gypten, sig i hendes palads i Alexandria. Hun n\u00e6gter at bliver f\u00f8rt til Rom som krigsbytte og vil heller tage sit eget liv ved at lade en slange bide hende. Ved denne tragiske, men modige handling, beholder hun kontrollen med sin egen sk\u00e6bne \u2013 til enden.\nThe Queen and the Viper fort\u00e6ller denne m\u00f8rke historie, hvor mod og g\u00e5defuldhed m\u00f8des.<\/p>\n<p data-start=\"512\" data-end=\"930\" data-is-last-node=\"\" data-is-only-node=\"\">Duften \u00e5bner med lys bergamot og k\u00f8lig spearmint, der leder tankerne hen p\u00e5 de gr\u00f8nne haver ved Nilens bred. Solb\u00e6rskud giver et strejf af frugtighed, lysende som en kronjuvel. Basen af duften er b\u00e5ret af r\u00f8gelse og safran, et ekko af de krydderier og ritualer fra denne era. Det hele smelter sammen med varm, lys tobak og vetiver, der sv\u00f8ber hele fort\u00e6llingen i en bl\u00f8de, g\u00e5defulde og forf\u00f8rende draperinger.<\/p>\n<div class=\"page\" title=\"Side 7\">\n<div class=\"layoutArea\">\n<div class=\"column\">\n<div class=\"page\" title=\"Side 6\">\n<div class=\"section\">\n<div class=\"layoutArea\">\n<div class=\"column\">\n<p>&nbsp;<\/p>\n<\/div>\n<\/div>\n<\/div>\n<\/div>\n<\/div>\n<\/div>\n<\/div>\n<\/div>\n<\/div>\n<\/div>\n<\/div>\n<\/div>\n<\/div>\n<\/div>\n<p>INGREDIENSER<\/p>\n<p>Topnoter: Bergamot, Citrus, Solb\u00e6rskud, Spearmint, Davana, R\u00f8gelse, Styrax<\/p>\n<p>Hjertenoter: Afrikansk mynte, Broget salvie, Vetiver, Osmanthus, Jasmin sambac<\/p>\n<p>Basenoter: Lys tobak, Dadler, Br\u00e6ndt labdanum, Safran, Birk<\/p>","protected":false},"excerpt":{"rendered":"<p>Mod og g\u00e5defuldhed<\/p>","protected":false},"featured_media":32029,"template":"","meta":{"_acf_changed":false},"product_brand":[],"product_cat":[418,15],"product_tag":[],"class_list":{"0":"post-32026","1":"product","2":"type-product","3":"status-publish","4":"has-post-thumbnail","6":"product_cat-new-arrivals","7":"product_cat-perfumes","8":"pa_brands-strphane-humbert-lucas","9":"pa_projection-moderate","10":"pa_sizes-2ml-sample","11":"pa_sizes-50ml","12":"pa_style-fresh","13":"pa_style-sweet","14":"pa_style-tobacco","16":"first","17":"instock","18":"taxable","19":"shipping-taxable","20":"purchasable","21":"product-type-variable","22":"add-to-wishlist-before_image"},"acf":[],"yoast_head":"<!-- This site is optimized with the Yoast SEO plugin v27.5 - https:\/\/yoast.com\/product\/yoast-seo-wordpress\/ -->\n<title>The Queen and the Viper Eau de Parfum - Crime Passionnel<\/title>\n<meta name=\"description\" content=\"God of Fire perfume is inspired from the legend of Xiuhtecuhtli, god of fire, creator of all life, day and light in the Aztec mythology.\" \/>\n<meta name=\"robots\" content=\"index, follow, max-snippet:-1, max-image-preview:large, max-video-preview:-1\" \/>\n<link rel=\"canonical\" href=\"https:\/\/crime-passionnel.com\/da\/vare\/the-queen-and-the-viper\/\" \/>\n<meta property=\"og:locale\" content=\"da_DK\" \/>\n<meta property=\"og:type\" content=\"article\" \/>\n<meta property=\"og:title\" content=\"The Queen and the Viper Eau de Parfum - Crime Passionnel\" \/>\n<meta property=\"og:description\" content=\"God of Fire perfume is inspired from the legend of Xiuhtecuhtli, god of fire, creator of all life, day and light in the Aztec mythology.\" \/>\n<meta property=\"og:url\" content=\"https:\/\/crime-passionnel.com\/da\/vare\/the-queen-and-the-viper\/\" \/>\n<meta property=\"og:site_name\" content=\"Crime Passionnel\" \/>\n<meta property=\"article:publisher\" content=\"https:\/\/www.facebook.com\/crimepassionnel\/\" \/>\n<meta property=\"article:modified_time\" content=\"2026-04-25T09:59:50+00:00\" \/>\n<meta property=\"og:image\" content=\"https:\/\/crime-passionnel.com\/wp-content\/uploads\/2025\/11\/The-Queen-and-the-Viper-scaled.jpg\" \/>\n\t<meta property=\"og:image:width\" content=\"1945\" \/>\n\t<meta property=\"og:image:height\" content=\"2560\" \/>\n\t<meta property=\"og:image:type\" content=\"image\/jpeg\" \/>\n<meta name=\"twitter:card\" content=\"summary_large_image\" \/>\n<meta name=\"twitter:label1\" content=\"Estimeret l\u00e6setid\" \/>\n\t<meta name=\"twitter:data1\" content=\"2 minutter\" \/>\n<script type=\"application\/ld+json\" class=\"yoast-schema-graph\">{\"@context\":\"https:\\\/\\\/schema.org\",\"@graph\":[{\"@type\":\"WebPage\",\"@id\":\"https:\\\/\\\/crime-passionnel.com\\\/product\\\/the-queen-and-the-viper\\\/\",\"url\":\"https:\\\/\\\/crime-passionnel.com\\\/product\\\/the-queen-and-the-viper\\\/\",\"name\":\"The Queen and the Viper Eau de Parfum - Crime Passionnel\",\"isPartOf\":{\"@id\":\"https:\\\/\\\/crime-passionnel.com\\\/#website\"},\"primaryImageOfPage\":{\"@id\":\"https:\\\/\\\/crime-passionnel.com\\\/product\\\/the-queen-and-the-viper\\\/#primaryimage\"},\"image\":{\"@id\":\"https:\\\/\\\/crime-passionnel.com\\\/product\\\/the-queen-and-the-viper\\\/#primaryimage\"},\"thumbnailUrl\":\"https:\\\/\\\/crime-passionnel.com\\\/wp-content\\\/uploads\\\/2025\\\/11\\\/The-Queen-and-the-Viper-scaled.jpg\",\"datePublished\":\"2025-11-17T09:37:31+00:00\",\"dateModified\":\"2026-04-25T09:59:50+00:00\",\"description\":\"God of Fire perfume is inspired from the legend of Xiuhtecuhtli, god of fire, creator of all life, day and light in the Aztec mythology.\",\"breadcrumb\":{\"@id\":\"https:\\\/\\\/crime-passionnel.com\\\/product\\\/the-queen-and-the-viper\\\/#breadcrumb\"},\"inLanguage\":\"da-DK\",\"potentialAction\":[{\"@type\":\"ReadAction\",\"target\":[\"https:\\\/\\\/crime-passionnel.com\\\/product\\\/the-queen-and-the-viper\\\/\"]}]},{\"@type\":\"ImageObject\",\"inLanguage\":\"da-DK\",\"@id\":\"https:\\\/\\\/crime-passionnel.com\\\/product\\\/the-queen-and-the-viper\\\/#primaryimage\",\"url\":\"https:\\\/\\\/crime-passionnel.com\\\/wp-content\\\/uploads\\\/2025\\\/11\\\/The-Queen-and-the-Viper-scaled.jpg\",\"contentUrl\":\"https:\\\/\\\/crime-passionnel.com\\\/wp-content\\\/uploads\\\/2025\\\/11\\\/The-Queen-and-the-Viper-scaled.jpg\",\"width\":1945,\"height\":2560,\"caption\":\"The-Queen-and-the-Viper\"},{\"@type\":\"BreadcrumbList\",\"@id\":\"https:\\\/\\\/crime-passionnel.com\\\/product\\\/the-queen-and-the-viper\\\/#breadcrumb\",\"itemListElement\":[{\"@type\":\"ListItem\",\"position\":1,\"name\":\"Home\",\"item\":\"https:\\\/\\\/crime-passionnel.com\\\/\"},{\"@type\":\"ListItem\",\"position\":2,\"name\":\"Products\",\"item\":\"https:\\\/\\\/crime-passionnel.com\\\/products\\\/\"},{\"@type\":\"ListItem\",\"position\":3,\"name\":\"The Queen and the Viper\"}]},{\"@type\":\"WebSite\",\"@id\":\"https:\\\/\\\/crime-passionnel.com\\\/#website\",\"url\":\"https:\\\/\\\/crime-passionnel.com\\\/\",\"name\":\"Crime Passionnel\",\"description\":\"\",\"publisher\":{\"@id\":\"https:\\\/\\\/crime-passionnel.com\\\/#organization\"},\"potentialAction\":[{\"@type\":\"SearchAction\",\"target\":{\"@type\":\"EntryPoint\",\"urlTemplate\":\"https:\\\/\\\/crime-passionnel.com\\\/?s={search_term_string}\"},\"query-input\":{\"@type\":\"PropertyValueSpecification\",\"valueRequired\":true,\"valueName\":\"search_term_string\"}}],\"inLanguage\":\"da-DK\"},{\"@type\":\"Organization\",\"@id\":\"https:\\\/\\\/crime-passionnel.com\\\/#organization\",\"name\":\"Crime Passionnel\",\"url\":\"https:\\\/\\\/crime-passionnel.com\\\/\",\"logo\":{\"@type\":\"ImageObject\",\"inLanguage\":\"da-DK\",\"@id\":\"https:\\\/\\\/crime-passionnel.com\\\/#\\\/schema\\\/logo\\\/image\\\/\",\"url\":\"https:\\\/\\\/crime-passionnel.com\\\/wp-content\\\/uploads\\\/2021\\\/07\\\/logo.png\",\"contentUrl\":\"https:\\\/\\\/crime-passionnel.com\\\/wp-content\\\/uploads\\\/2021\\\/07\\\/logo.png\",\"width\":128,\"height\":50,\"caption\":\"Crime Passionnel\"},\"image\":{\"@id\":\"https:\\\/\\\/crime-passionnel.com\\\/#\\\/schema\\\/logo\\\/image\\\/\"},\"sameAs\":[\"https:\\\/\\\/www.facebook.com\\\/crimepassionnel\\\/\",\"https:\\\/\\\/www.instagram.com\\\/crime.passionnel\\\/\"]}]}<\/script>\n<!-- \/ Yoast SEO plugin. -->","yoast_head_json":{"title":"The Queen and the Viper Eau de Parfum - Crime Passionnel","description":"God of Fire-parfumen er inspireret af legenden om Xiuhtecuhtli, ildens gud, skaberen af alt liv, dag og lys i den aztekiske mytologi.","robots":{"index":"index","follow":"follow","max-snippet":"max-snippet:-1","max-image-preview":"max-image-preview:large","max-video-preview":"max-video-preview:-1"},"canonical":"https:\/\/crime-passionnel.com\/da\/vare\/the-queen-and-the-viper\/","og_locale":"da_DK","og_type":"article","og_title":"The Queen and the Viper Eau de Parfum - Crime Passionnel","og_description":"God of Fire perfume is inspired from the legend of Xiuhtecuhtli, god of fire, creator of all life, day and light in the Aztec mythology.","og_url":"https:\/\/crime-passionnel.com\/da\/vare\/the-queen-and-the-viper\/","og_site_name":"Crime Passionnel","article_publisher":"https:\/\/www.facebook.com\/crimepassionnel\/","article_modified_time":"2026-04-25T09:59:50+00:00","og_image":[{"width":1945,"height":2560,"url":"https:\/\/crime-passionnel.com\/wp-content\/uploads\/2025\/11\/The-Queen-and-the-Viper-scaled.jpg","type":"image\/jpeg"}],"twitter_card":"summary_large_image","twitter_misc":{"Estimeret l\u00e6setid":"2 minutter"},"schema":{"@context":"https:\/\/schema.org","@graph":[{"@type":"WebPage","@id":"https:\/\/crime-passionnel.com\/product\/the-queen-and-the-viper\/","url":"https:\/\/crime-passionnel.com\/product\/the-queen-and-the-viper\/","name":"The Queen and the Viper Eau de Parfum - Crime Passionnel","isPartOf":{"@id":"https:\/\/crime-passionnel.com\/#website"},"primaryImageOfPage":{"@id":"https:\/\/crime-passionnel.com\/product\/the-queen-and-the-viper\/#primaryimage"},"image":{"@id":"https:\/\/crime-passionnel.com\/product\/the-queen-and-the-viper\/#primaryimage"},"thumbnailUrl":"https:\/\/crime-passionnel.com\/wp-content\/uploads\/2025\/11\/The-Queen-and-the-Viper-scaled.jpg","datePublished":"2025-11-17T09:37:31+00:00","dateModified":"2026-04-25T09:59:50+00:00","description":"God of Fire-parfumen er inspireret af legenden om Xiuhtecuhtli, ildens gud, skaberen af alt liv, dag og lys i den aztekiske mytologi.","breadcrumb":{"@id":"https:\/\/crime-passionnel.com\/product\/the-queen-and-the-viper\/#breadcrumb"},"inLanguage":"da-DK","potentialAction":[{"@type":"ReadAction","target":["https:\/\/crime-passionnel.com\/product\/the-queen-and-the-viper\/"]}]},{"@type":"ImageObject","inLanguage":"da-DK","@id":"https:\/\/crime-passionnel.com\/product\/the-queen-and-the-viper\/#primaryimage","url":"https:\/\/crime-passionnel.com\/wp-content\/uploads\/2025\/11\/The-Queen-and-the-Viper-scaled.jpg","contentUrl":"https:\/\/crime-passionnel.com\/wp-content\/uploads\/2025\/11\/The-Queen-and-the-Viper-scaled.jpg","width":1945,"height":2560,"caption":"The-Queen-and-the-Viper"},{"@type":"BreadcrumbList","@id":"https:\/\/crime-passionnel.com\/product\/the-queen-and-the-viper\/#breadcrumb","itemListElement":[{"@type":"ListItem","position":1,"name":"Home","item":"https:\/\/crime-passionnel.com\/"},{"@type":"ListItem","position":2,"name":"Products","item":"https:\/\/crime-passionnel.com\/products\/"},{"@type":"ListItem","position":3,"name":"The Queen and the Viper"}]},{"@type":"WebSite","@id":"https:\/\/crime-passionnel.com\/#website","url":"https:\/\/crime-passionnel.com\/","name":"Forbrydelse og lidenskab","description":"","publisher":{"@id":"https:\/\/crime-passionnel.com\/#organization"},"potentialAction":[{"@type":"SearchAction","target":{"@type":"EntryPoint","urlTemplate":"https:\/\/crime-passionnel.com\/?s={search_term_string}"},"query-input":{"@type":"PropertyValueSpecification","valueRequired":true,"valueName":"search_term_string"}}],"inLanguage":"da-DK"},{"@type":"Organization","@id":"https:\/\/crime-passionnel.com\/#organization","name":"Forbrydelse og lidenskab","url":"https:\/\/crime-passionnel.com\/","logo":{"@type":"ImageObject","inLanguage":"da-DK","@id":"https:\/\/crime-passionnel.com\/#\/schema\/logo\/image\/","url":"https:\/\/crime-passionnel.com\/wp-content\/uploads\/2021\/07\/logo.png","contentUrl":"https:\/\/crime-passionnel.com\/wp-content\/uploads\/2021\/07\/logo.png","width":128,"height":50,"caption":"Crime Passionnel"},"image":{"@id":"https:\/\/crime-passionnel.com\/#\/schema\/logo\/image\/"},"sameAs":["https:\/\/www.facebook.com\/crimepassionnel\/","https:\/\/www.instagram.com\/crime.passionnel\/"]}]}},"_links":{"self":[{"href":"https:\/\/crime-passionnel.com\/da\/wp-json\/wp\/v2\/product\/32026","targetHints":{"allow":["GET"]}}],"collection":[{"href":"https:\/\/crime-passionnel.com\/da\/wp-json\/wp\/v2\/product"}],"about":[{"href":"https:\/\/crime-passionnel.com\/da\/wp-json\/wp\/v2\/types\/product"}],"wp:featuredmedia":[{"embeddable":true,"href":"https:\/\/crime-passionnel.com\/da\/wp-json\/wp\/v2\/media\/32029"}],"wp:attachment":[{"href":"https:\/\/crime-passionnel.com\/da\/wp-json\/wp\/v2\/media?parent=32026"}],"wp:term":[{"taxonomy":"product_brand","embeddable":true,"href":"https:\/\/crime-passionnel.com\/da\/wp-json\/wp\/v2\/product_brand?post=32026"},{"taxonomy":"product_cat","embeddable":true,"href":"https:\/\/crime-passionnel.com\/da\/wp-json\/wp\/v2\/product_cat?post=32026"},{"taxonomy":"product_tag","embeddable":true,"href":"https:\/\/crime-passionnel.com\/da\/wp-json\/wp\/v2\/product_tag?post=32026"}],"curies":[{"name":"wp","href":"https:\/\/api.w.org\/{rel}","templated":true}]}}