{"id":31825,"date":"2025-10-24T09:41:38","date_gmt":"2025-10-24T09:41:38","guid":{"rendered":"https:\/\/crime-passionnel.com\/?post_type=product&#038;p=31825"},"modified":"2026-05-02T11:47:15","modified_gmt":"2026-05-02T11:47:15","slug":"oceano-viola","status":"publish","type":"product","link":"https:\/\/crime-passionnel.com\/da\/vare\/oceano-viola\/","title":{"rendered":"Oceano Viola"},"content":{"rendered":"<p data-start=\"262\" data-end=\"539\">Oceano Viola er f\u00f8dt ud af kunst, visioner og mysterier \u2013 et samlingspunkt mellem maleri, film og duft. Inspireret af det violette hav fra David Lynch\u2019 Twin Peaks: The Return, der fremkalder et v\u00e6ld af meditative stemningsbilleder, hvor realiteten flyder ud i vibrationer og lys.<\/p>\n<p data-start=\"541\" data-end=\"823\">Parfumen indfanger dualiteten af vand og violet. Renhed og dybde. Ro og transformation. Irisroden, t\u00e5lmodig og udholdende, forankrer duften med sin stille nobilitet. Parfumens duft udfolder sig langsomt og afsl\u00f8rer lag af introperspektiv, elegance og spirituel sk\u00f8nhed.<\/p>\n<p data-start=\"825\" data-end=\"998\" class=\"translation-block\">Violet bliver sandhedens farve \u2013 broen mellem himlen og jorden, sj\u00e6len og k\u00f8det. Oceano Viola inviterer dig til at krydse den gr\u00e6nse \u2013 til at f\u00f8le, til at se, til at transformere.<\/p>\n<p>&nbsp;<\/p>\n<p>INGREDIENSER<\/p>\n<p>Topnoter: Elemi, Lilla Helichrysum, Ametyst<\/p>\n<p>Hjertenoter: Night Iris, S\u00f8gr\u00e6s, Violblade<\/p>\n<p>Basenoter: Sl\u00e5enlav, Drivt\u00f8mmer, Cascalone<\/p>","protected":false},"excerpt":{"rendered":"<p>Broen mellem himmel og jord<\/p>","protected":false},"featured_media":31828,"template":"","meta":{"_acf_changed":false},"product_brand":[],"product_cat":[418,15],"product_tag":[],"class_list":{"0":"post-31825","1":"product","2":"type-product","3":"status-publish","4":"has-post-thumbnail","6":"product_cat-new-arrivals","7":"product_cat-perfumes","8":"pa_brands-unum","9":"pa_projection-moderate","10":"pa_sizes-100ml","11":"pa_sizes-2ml-sample","12":"pa_style-fresh","14":"first","15":"instock","16":"taxable","17":"shipping-taxable","18":"purchasable","19":"product-type-variable","20":"add-to-wishlist-before_image"},"acf":[],"yoast_head":"<!-- This site is optimized with the Yoast SEO plugin v27.5 - https:\/\/yoast.com\/product\/yoast-seo-wordpress\/ -->\n<title>Oceano Viola Extrait de Parfum - Crime Passionnel Perfumes<\/title>\n<meta name=\"description\" content=\"White clouds embrace you with incense dusted with spices, warmed with amber and sweet myrrh, and deepened with aromatic pine, elemi, and dark resins.\" \/>\n<meta name=\"robots\" content=\"index, follow, max-snippet:-1, max-image-preview:large, max-video-preview:-1\" \/>\n<link rel=\"canonical\" href=\"https:\/\/crime-passionnel.com\/da\/vare\/oceano-viola\/\" \/>\n<meta property=\"og:locale\" content=\"da_DK\" \/>\n<meta property=\"og:type\" content=\"article\" \/>\n<meta property=\"og:title\" content=\"Oceano Viola Extrait de Parfum - Crime Passionnel Perfumes\" \/>\n<meta property=\"og:description\" content=\"White clouds embrace you with incense dusted with spices, warmed with amber and sweet myrrh, and deepened with aromatic pine, elemi, and dark resins.\" \/>\n<meta property=\"og:url\" content=\"https:\/\/crime-passionnel.com\/da\/vare\/oceano-viola\/\" \/>\n<meta property=\"og:site_name\" content=\"Crime Passionnel\" \/>\n<meta property=\"article:publisher\" content=\"https:\/\/www.facebook.com\/crimepassionnel\/\" \/>\n<meta property=\"article:modified_time\" content=\"2026-05-02T11:47:15+00:00\" \/>\n<meta property=\"og:image\" content=\"https:\/\/crime-passionnel.com\/wp-content\/uploads\/2025\/10\/Oceano-Viola-scaled.jpg\" \/>\n\t<meta property=\"og:image:width\" content=\"1945\" \/>\n\t<meta property=\"og:image:height\" content=\"2560\" \/>\n\t<meta property=\"og:image:type\" content=\"image\/jpeg\" \/>\n<meta name=\"twitter:card\" content=\"summary_large_image\" \/>\n<meta name=\"twitter:label1\" content=\"Estimeret l\u00e6setid\" \/>\n\t<meta name=\"twitter:data1\" content=\"1 minut\" \/>\n<script type=\"application\/ld+json\" class=\"yoast-schema-graph\">{\"@context\":\"https:\\\/\\\/schema.org\",\"@graph\":[{\"@type\":\"WebPage\",\"@id\":\"https:\\\/\\\/crime-passionnel.com\\\/product\\\/oceano-viola\\\/\",\"url\":\"https:\\\/\\\/crime-passionnel.com\\\/product\\\/oceano-viola\\\/\",\"name\":\"Oceano Viola Extrait de Parfum - Crime Passionnel Perfumes\",\"isPartOf\":{\"@id\":\"https:\\\/\\\/crime-passionnel.com\\\/#website\"},\"primaryImageOfPage\":{\"@id\":\"https:\\\/\\\/crime-passionnel.com\\\/product\\\/oceano-viola\\\/#primaryimage\"},\"image\":{\"@id\":\"https:\\\/\\\/crime-passionnel.com\\\/product\\\/oceano-viola\\\/#primaryimage\"},\"thumbnailUrl\":\"https:\\\/\\\/crime-passionnel.com\\\/wp-content\\\/uploads\\\/2025\\\/10\\\/Oceano-Viola-scaled.jpg\",\"datePublished\":\"2025-10-24T09:41:38+00:00\",\"dateModified\":\"2026-05-02T11:47:15+00:00\",\"description\":\"White clouds embrace you with incense dusted with spices, warmed with amber and sweet myrrh, and deepened with aromatic pine, elemi, and dark resins.\",\"breadcrumb\":{\"@id\":\"https:\\\/\\\/crime-passionnel.com\\\/product\\\/oceano-viola\\\/#breadcrumb\"},\"inLanguage\":\"da-DK\",\"potentialAction\":[{\"@type\":\"ReadAction\",\"target\":[\"https:\\\/\\\/crime-passionnel.com\\\/product\\\/oceano-viola\\\/\"]}]},{\"@type\":\"ImageObject\",\"inLanguage\":\"da-DK\",\"@id\":\"https:\\\/\\\/crime-passionnel.com\\\/product\\\/oceano-viola\\\/#primaryimage\",\"url\":\"https:\\\/\\\/crime-passionnel.com\\\/wp-content\\\/uploads\\\/2025\\\/10\\\/Oceano-Viola-scaled.jpg\",\"contentUrl\":\"https:\\\/\\\/crime-passionnel.com\\\/wp-content\\\/uploads\\\/2025\\\/10\\\/Oceano-Viola-scaled.jpg\",\"width\":1945,\"height\":2560,\"caption\":\"Oceano-Viola\"},{\"@type\":\"BreadcrumbList\",\"@id\":\"https:\\\/\\\/crime-passionnel.com\\\/product\\\/oceano-viola\\\/#breadcrumb\",\"itemListElement\":[{\"@type\":\"ListItem\",\"position\":1,\"name\":\"Home\",\"item\":\"https:\\\/\\\/crime-passionnel.com\\\/\"},{\"@type\":\"ListItem\",\"position\":2,\"name\":\"Products\",\"item\":\"https:\\\/\\\/crime-passionnel.com\\\/products\\\/\"},{\"@type\":\"ListItem\",\"position\":3,\"name\":\"Oceano Viola\"}]},{\"@type\":\"WebSite\",\"@id\":\"https:\\\/\\\/crime-passionnel.com\\\/#website\",\"url\":\"https:\\\/\\\/crime-passionnel.com\\\/\",\"name\":\"Crime Passionnel\",\"description\":\"\",\"publisher\":{\"@id\":\"https:\\\/\\\/crime-passionnel.com\\\/#organization\"},\"potentialAction\":[{\"@type\":\"SearchAction\",\"target\":{\"@type\":\"EntryPoint\",\"urlTemplate\":\"https:\\\/\\\/crime-passionnel.com\\\/?s={search_term_string}\"},\"query-input\":{\"@type\":\"PropertyValueSpecification\",\"valueRequired\":true,\"valueName\":\"search_term_string\"}}],\"inLanguage\":\"da-DK\"},{\"@type\":\"Organization\",\"@id\":\"https:\\\/\\\/crime-passionnel.com\\\/#organization\",\"name\":\"Crime Passionnel\",\"url\":\"https:\\\/\\\/crime-passionnel.com\\\/\",\"logo\":{\"@type\":\"ImageObject\",\"inLanguage\":\"da-DK\",\"@id\":\"https:\\\/\\\/crime-passionnel.com\\\/#\\\/schema\\\/logo\\\/image\\\/\",\"url\":\"https:\\\/\\\/crime-passionnel.com\\\/wp-content\\\/uploads\\\/2021\\\/07\\\/logo.png\",\"contentUrl\":\"https:\\\/\\\/crime-passionnel.com\\\/wp-content\\\/uploads\\\/2021\\\/07\\\/logo.png\",\"width\":128,\"height\":50,\"caption\":\"Crime Passionnel\"},\"image\":{\"@id\":\"https:\\\/\\\/crime-passionnel.com\\\/#\\\/schema\\\/logo\\\/image\\\/\"},\"sameAs\":[\"https:\\\/\\\/www.facebook.com\\\/crimepassionnel\\\/\",\"https:\\\/\\\/www.instagram.com\\\/crime.passionnel\\\/\"]}]}<\/script>\n<!-- \/ Yoast SEO plugin. -->","yoast_head_json":{"title":"Oceano Viola Extrait de Parfum - Crime Passionnel Perfumes","description":"White clouds embrace you with incense dusted with spices, warmed with amber and sweet myrrh, and deepened with aromatic pine, elemi, and dark resins.","robots":{"index":"index","follow":"follow","max-snippet":"max-snippet:-1","max-image-preview":"max-image-preview:large","max-video-preview":"max-video-preview:-1"},"canonical":"https:\/\/crime-passionnel.com\/da\/vare\/oceano-viola\/","og_locale":"da_DK","og_type":"article","og_title":"Oceano Viola Extrait de Parfum - Crime Passionnel Perfumes","og_description":"White clouds embrace you with incense dusted with spices, warmed with amber and sweet myrrh, and deepened with aromatic pine, elemi, and dark resins.","og_url":"https:\/\/crime-passionnel.com\/da\/vare\/oceano-viola\/","og_site_name":"Crime Passionnel","article_publisher":"https:\/\/www.facebook.com\/crimepassionnel\/","article_modified_time":"2026-05-02T11:47:15+00:00","og_image":[{"width":1945,"height":2560,"url":"https:\/\/crime-passionnel.com\/wp-content\/uploads\/2025\/10\/Oceano-Viola-scaled.jpg","type":"image\/jpeg"}],"twitter_card":"summary_large_image","twitter_misc":{"Estimeret l\u00e6setid":"1 minut"},"schema":{"@context":"https:\/\/schema.org","@graph":[{"@type":"WebPage","@id":"https:\/\/crime-passionnel.com\/product\/oceano-viola\/","url":"https:\/\/crime-passionnel.com\/product\/oceano-viola\/","name":"Oceano Viola Extrait de Parfum - Crime Passionnel Perfumes","isPartOf":{"@id":"https:\/\/crime-passionnel.com\/#website"},"primaryImageOfPage":{"@id":"https:\/\/crime-passionnel.com\/product\/oceano-viola\/#primaryimage"},"image":{"@id":"https:\/\/crime-passionnel.com\/product\/oceano-viola\/#primaryimage"},"thumbnailUrl":"https:\/\/crime-passionnel.com\/wp-content\/uploads\/2025\/10\/Oceano-Viola-scaled.jpg","datePublished":"2025-10-24T09:41:38+00:00","dateModified":"2026-05-02T11:47:15+00:00","description":"White clouds embrace you with incense dusted with spices, warmed with amber and sweet myrrh, and deepened with aromatic pine, elemi, and dark resins.","breadcrumb":{"@id":"https:\/\/crime-passionnel.com\/product\/oceano-viola\/#breadcrumb"},"inLanguage":"da-DK","potentialAction":[{"@type":"ReadAction","target":["https:\/\/crime-passionnel.com\/product\/oceano-viola\/"]}]},{"@type":"ImageObject","inLanguage":"da-DK","@id":"https:\/\/crime-passionnel.com\/product\/oceano-viola\/#primaryimage","url":"https:\/\/crime-passionnel.com\/wp-content\/uploads\/2025\/10\/Oceano-Viola-scaled.jpg","contentUrl":"https:\/\/crime-passionnel.com\/wp-content\/uploads\/2025\/10\/Oceano-Viola-scaled.jpg","width":1945,"height":2560,"caption":"Oceano-Viola"},{"@type":"BreadcrumbList","@id":"https:\/\/crime-passionnel.com\/product\/oceano-viola\/#breadcrumb","itemListElement":[{"@type":"ListItem","position":1,"name":"Home","item":"https:\/\/crime-passionnel.com\/"},{"@type":"ListItem","position":2,"name":"Products","item":"https:\/\/crime-passionnel.com\/products\/"},{"@type":"ListItem","position":3,"name":"Oceano Viola"}]},{"@type":"WebSite","@id":"https:\/\/crime-passionnel.com\/#website","url":"https:\/\/crime-passionnel.com\/","name":"Forbrydelse og lidenskab","description":"","publisher":{"@id":"https:\/\/crime-passionnel.com\/#organization"},"potentialAction":[{"@type":"SearchAction","target":{"@type":"EntryPoint","urlTemplate":"https:\/\/crime-passionnel.com\/?s={search_term_string}"},"query-input":{"@type":"PropertyValueSpecification","valueRequired":true,"valueName":"search_term_string"}}],"inLanguage":"da-DK"},{"@type":"Organization","@id":"https:\/\/crime-passionnel.com\/#organization","name":"Forbrydelse og lidenskab","url":"https:\/\/crime-passionnel.com\/","logo":{"@type":"ImageObject","inLanguage":"da-DK","@id":"https:\/\/crime-passionnel.com\/#\/schema\/logo\/image\/","url":"https:\/\/crime-passionnel.com\/wp-content\/uploads\/2021\/07\/logo.png","contentUrl":"https:\/\/crime-passionnel.com\/wp-content\/uploads\/2021\/07\/logo.png","width":128,"height":50,"caption":"Crime Passionnel"},"image":{"@id":"https:\/\/crime-passionnel.com\/#\/schema\/logo\/image\/"},"sameAs":["https:\/\/www.facebook.com\/crimepassionnel\/","https:\/\/www.instagram.com\/crime.passionnel\/"]}]}},"_links":{"self":[{"href":"https:\/\/crime-passionnel.com\/da\/wp-json\/wp\/v2\/product\/31825","targetHints":{"allow":["GET"]}}],"collection":[{"href":"https:\/\/crime-passionnel.com\/da\/wp-json\/wp\/v2\/product"}],"about":[{"href":"https:\/\/crime-passionnel.com\/da\/wp-json\/wp\/v2\/types\/product"}],"wp:featuredmedia":[{"embeddable":true,"href":"https:\/\/crime-passionnel.com\/da\/wp-json\/wp\/v2\/media\/31828"}],"wp:attachment":[{"href":"https:\/\/crime-passionnel.com\/da\/wp-json\/wp\/v2\/media?parent=31825"}],"wp:term":[{"taxonomy":"product_brand","embeddable":true,"href":"https:\/\/crime-passionnel.com\/da\/wp-json\/wp\/v2\/product_brand?post=31825"},{"taxonomy":"product_cat","embeddable":true,"href":"https:\/\/crime-passionnel.com\/da\/wp-json\/wp\/v2\/product_cat?post=31825"},{"taxonomy":"product_tag","embeddable":true,"href":"https:\/\/crime-passionnel.com\/da\/wp-json\/wp\/v2\/product_tag?post=31825"}],"curies":[{"name":"wp","href":"https:\/\/api.w.org\/{rel}","templated":true}]}}