{"id":31821,"date":"2025-10-24T09:12:48","date_gmt":"2025-10-24T09:12:48","guid":{"rendered":"https:\/\/crime-passionnel.com\/?post_type=product&#038;p=31821"},"modified":"2026-05-05T18:52:27","modified_gmt":"2026-05-05T18:52:27","slug":"lair-dudesert-marocain-noir","status":"publish","type":"product","link":"https:\/\/crime-passionnel.com\/da\/vare\/lair-dudesert-marocain-noir\/","title":{"rendered":"L'air du Desert Marocain Noir"},"content":{"rendered":"<p style=\"font-weight: 400;\">Air du D\u00e9sert Marocain Noir er ikke en genopdagelse af originalen, med en videreudvikling. Et dybere og m\u00f8rkere skridt i samme retning.\nJeg ville skabe en duft, der fangede den oplevelse, det er at vandre i \u00f8rkenen om natten. N\u00e5r solen er v\u00e6k, men sten og klipper stadig emmer af dagens hede. Horisonten er sort og tom. Ingen bjerge ingen tr\u00e6er. Kun en streg, hvor sand kysser himlen. Det er et overnaturlig, fredfyldt milj\u00f8 \u2013 m\u00f8rkt og dybt.<\/p>\n<p style=\"font-weight: 400;\">Jeg forestillede mig denne eliksir som duften af en g\u00e5tur i denne \u00f8rken om natten.<\/p>\n<p style=\"font-weight: 400;\">En af de sm\u00e5 \u00e6ndringer jeg har lavet er, at jeg har intensiveret cistus\u2019en og den harpiks\u2019ede varme. Amberen er mere t\u00f8r, mere langtr\u00e6kkende \u2013 uendelig som natten.<\/p>\n<p style=\"font-weight: 400;\">S\u00e5 er der stjernerne. Jeg forestillede mig deres kolde, fjerne, blinkende lys. Og tilf\u00f8jede s\u00e5 flere perlende citrusnoter, fra bergamot til petitgrain, til at fremkalde deres glitren. Et str\u00e5lende lys af friskhed som kontrast til det dybe i duften.<\/p>\n<p style=\"font-weight: 400;\">Da jeg skabte Air du D\u00e9sert Marocain Noir, var det for at fange, den f\u00f8lelse det er at vandre i \u00f8rkenen en stjernebesat nat. S\u00e5 til alle parfume-elskere; s\u00f8g dybere ud i natten. \nDenne parfume er dybere og mere rig, med en styrke p\u00e5 30% parfumeolie.<\/p>\n<p style=\"font-weight: 400;\">Air du D\u00e9sert Marocain Noir er min invitation til parfumeelskere: Til at g\u00e5 l\u00e6ngere ud i natten.<\/p>\n<p>&nbsp;<\/p>\n<p style=\"font-weight: 400;\">INGREDIENSER<\/p>\n<p>Topnoter: Bergamot, Citron, Petitgrain, Krydderier<\/p>\n<p>Hjertenoter: Labdanum, L\u00e6der, Jasmin<\/p>\n<p>Basenoter: Ambergris, Sl\u00e5enlav, Cedertr\u00e6, Vetiver, Patchouli<\/p>","protected":false},"excerpt":{"rendered":"<p>Duften af at vandre i \u00f8rkenen om natten<\/p>","protected":false},"featured_media":31824,"template":"","meta":{"_acf_changed":false},"product_brand":[],"product_cat":[418,15],"product_tag":[],"class_list":{"0":"post-31821","1":"product","2":"type-product","3":"status-publish","4":"has-post-thumbnail","6":"product_cat-new-arrivals","7":"product_cat-perfumes","8":"pa_brands-andy-tauer","9":"pa_projection-stron","10":"pa_sizes-2ml-sample","11":"pa_sizes-50ml","12":"pa_style-spicy","13":"pa_style-woody","15":"first","16":"instock","17":"taxable","18":"shipping-taxable","19":"purchasable","20":"product-type-variable","21":"add-to-wishlist-before_image"},"acf":[],"yoast_head":"<!-- This site is optimized with the Yoast SEO plugin v27.5 - https:\/\/yoast.com\/product\/yoast-seo-wordpress\/ -->\n<title>L&#039;air du Desert Marocain Noir Extrait de Parfum - Crime Passionnel<\/title>\n<meta name=\"description\" content=\"AU COEUR DU D\u00c9SERT by Andy Tauer is the metamorphose of L\u2019air du d\u00e9sert marocain into a luxurious extrait de parfum.\" \/>\n<meta name=\"robots\" content=\"index, follow, max-snippet:-1, max-image-preview:large, max-video-preview:-1\" \/>\n<link rel=\"canonical\" href=\"https:\/\/crime-passionnel.com\/da\/vare\/lair-dudesert-marocain-noir\/\" \/>\n<meta property=\"og:locale\" content=\"da_DK\" \/>\n<meta property=\"og:type\" content=\"article\" \/>\n<meta property=\"og:title\" content=\"L&#039;air du Desert Marocain Noir Extrait de Parfum - Crime Passionnel\" \/>\n<meta property=\"og:description\" content=\"AU COEUR DU D\u00c9SERT by Andy Tauer is the metamorphose of L\u2019air du d\u00e9sert marocain into a luxurious extrait de parfum.\" \/>\n<meta property=\"og:url\" content=\"https:\/\/crime-passionnel.com\/da\/vare\/lair-dudesert-marocain-noir\/\" \/>\n<meta property=\"og:site_name\" content=\"Crime Passionnel\" \/>\n<meta property=\"article:publisher\" content=\"https:\/\/www.facebook.com\/crimepassionnel\/\" \/>\n<meta property=\"article:modified_time\" content=\"2026-05-05T18:52:27+00:00\" \/>\n<meta property=\"og:image\" content=\"https:\/\/crime-passionnel.com\/wp-content\/uploads\/2025\/10\/Lair-Du-Desert-Marocain-Noir-scaled.jpg\" \/>\n\t<meta property=\"og:image:width\" content=\"1945\" \/>\n\t<meta property=\"og:image:height\" content=\"2560\" \/>\n\t<meta property=\"og:image:type\" content=\"image\/jpeg\" \/>\n<meta name=\"twitter:card\" content=\"summary_large_image\" \/>\n<meta name=\"twitter:label1\" content=\"Estimeret l\u00e6setid\" \/>\n\t<meta name=\"twitter:data1\" content=\"2 minutter\" \/>\n<script type=\"application\/ld+json\" class=\"yoast-schema-graph\">{\"@context\":\"https:\\\/\\\/schema.org\",\"@graph\":[{\"@type\":\"WebPage\",\"@id\":\"https:\\\/\\\/crime-passionnel.com\\\/product\\\/lair-dudesert-marocain-noir\\\/\",\"url\":\"https:\\\/\\\/crime-passionnel.com\\\/product\\\/lair-dudesert-marocain-noir\\\/\",\"name\":\"L'air du Desert Marocain Noir Extrait de Parfum - Crime Passionnel\",\"isPartOf\":{\"@id\":\"https:\\\/\\\/crime-passionnel.com\\\/#website\"},\"primaryImageOfPage\":{\"@id\":\"https:\\\/\\\/crime-passionnel.com\\\/product\\\/lair-dudesert-marocain-noir\\\/#primaryimage\"},\"image\":{\"@id\":\"https:\\\/\\\/crime-passionnel.com\\\/product\\\/lair-dudesert-marocain-noir\\\/#primaryimage\"},\"thumbnailUrl\":\"https:\\\/\\\/crime-passionnel.com\\\/wp-content\\\/uploads\\\/2025\\\/10\\\/Lair-Du-Desert-Marocain-Noir-scaled.jpg\",\"datePublished\":\"2025-10-24T09:12:48+00:00\",\"dateModified\":\"2026-05-05T18:52:27+00:00\",\"description\":\"AU COEUR DU D\u00c9SERT by Andy Tauer is the metamorphose of L\u2019air du d\u00e9sert marocain into a luxurious extrait de parfum.\",\"breadcrumb\":{\"@id\":\"https:\\\/\\\/crime-passionnel.com\\\/product\\\/lair-dudesert-marocain-noir\\\/#breadcrumb\"},\"inLanguage\":\"da-DK\",\"potentialAction\":[{\"@type\":\"ReadAction\",\"target\":[\"https:\\\/\\\/crime-passionnel.com\\\/product\\\/lair-dudesert-marocain-noir\\\/\"]}]},{\"@type\":\"ImageObject\",\"inLanguage\":\"da-DK\",\"@id\":\"https:\\\/\\\/crime-passionnel.com\\\/product\\\/lair-dudesert-marocain-noir\\\/#primaryimage\",\"url\":\"https:\\\/\\\/crime-passionnel.com\\\/wp-content\\\/uploads\\\/2025\\\/10\\\/Lair-Du-Desert-Marocain-Noir-scaled.jpg\",\"contentUrl\":\"https:\\\/\\\/crime-passionnel.com\\\/wp-content\\\/uploads\\\/2025\\\/10\\\/Lair-Du-Desert-Marocain-Noir-scaled.jpg\",\"width\":1945,\"height\":2560,\"caption\":\"Lair-Du-Desert-Marocain-Noir\"},{\"@type\":\"BreadcrumbList\",\"@id\":\"https:\\\/\\\/crime-passionnel.com\\\/product\\\/lair-dudesert-marocain-noir\\\/#breadcrumb\",\"itemListElement\":[{\"@type\":\"ListItem\",\"position\":1,\"name\":\"Home\",\"item\":\"https:\\\/\\\/crime-passionnel.com\\\/\"},{\"@type\":\"ListItem\",\"position\":2,\"name\":\"Products\",\"item\":\"https:\\\/\\\/crime-passionnel.com\\\/products\\\/\"},{\"@type\":\"ListItem\",\"position\":3,\"name\":\"L&#8217;air du Desert Marocain Noir\"}]},{\"@type\":\"WebSite\",\"@id\":\"https:\\\/\\\/crime-passionnel.com\\\/#website\",\"url\":\"https:\\\/\\\/crime-passionnel.com\\\/\",\"name\":\"Crime Passionnel\",\"description\":\"\",\"publisher\":{\"@id\":\"https:\\\/\\\/crime-passionnel.com\\\/#organization\"},\"potentialAction\":[{\"@type\":\"SearchAction\",\"target\":{\"@type\":\"EntryPoint\",\"urlTemplate\":\"https:\\\/\\\/crime-passionnel.com\\\/?s={search_term_string}\"},\"query-input\":{\"@type\":\"PropertyValueSpecification\",\"valueRequired\":true,\"valueName\":\"search_term_string\"}}],\"inLanguage\":\"da-DK\"},{\"@type\":\"Organization\",\"@id\":\"https:\\\/\\\/crime-passionnel.com\\\/#organization\",\"name\":\"Crime Passionnel\",\"url\":\"https:\\\/\\\/crime-passionnel.com\\\/\",\"logo\":{\"@type\":\"ImageObject\",\"inLanguage\":\"da-DK\",\"@id\":\"https:\\\/\\\/crime-passionnel.com\\\/#\\\/schema\\\/logo\\\/image\\\/\",\"url\":\"https:\\\/\\\/crime-passionnel.com\\\/wp-content\\\/uploads\\\/2021\\\/07\\\/logo.png\",\"contentUrl\":\"https:\\\/\\\/crime-passionnel.com\\\/wp-content\\\/uploads\\\/2021\\\/07\\\/logo.png\",\"width\":128,\"height\":50,\"caption\":\"Crime Passionnel\"},\"image\":{\"@id\":\"https:\\\/\\\/crime-passionnel.com\\\/#\\\/schema\\\/logo\\\/image\\\/\"},\"sameAs\":[\"https:\\\/\\\/www.facebook.com\\\/crimepassionnel\\\/\",\"https:\\\/\\\/www.instagram.com\\\/crime.passionnel\\\/\"]}]}<\/script>\n<!-- \/ Yoast SEO plugin. -->","yoast_head_json":{"title":"L'air du Desert Marocain Noir Extrait de Parfum - Crime Passionnel","description":"AU COEUR DU D\u00c9SERT af Andy Tauer er en metamorfose af L'air du d\u00e9sert marocain til en luksuri\u00f8s extrait de parfum.","robots":{"index":"index","follow":"follow","max-snippet":"max-snippet:-1","max-image-preview":"max-image-preview:large","max-video-preview":"max-video-preview:-1"},"canonical":"https:\/\/crime-passionnel.com\/da\/vare\/lair-dudesert-marocain-noir\/","og_locale":"da_DK","og_type":"article","og_title":"L'air du Desert Marocain Noir Extrait de Parfum - Crime Passionnel","og_description":"AU COEUR DU D\u00c9SERT by Andy Tauer is the metamorphose of L\u2019air du d\u00e9sert marocain into a luxurious extrait de parfum.","og_url":"https:\/\/crime-passionnel.com\/da\/vare\/lair-dudesert-marocain-noir\/","og_site_name":"Crime Passionnel","article_publisher":"https:\/\/www.facebook.com\/crimepassionnel\/","article_modified_time":"2026-05-05T18:52:27+00:00","og_image":[{"width":1945,"height":2560,"url":"https:\/\/crime-passionnel.com\/wp-content\/uploads\/2025\/10\/Lair-Du-Desert-Marocain-Noir-scaled.jpg","type":"image\/jpeg"}],"twitter_card":"summary_large_image","twitter_misc":{"Estimeret l\u00e6setid":"2 minutter"},"schema":{"@context":"https:\/\/schema.org","@graph":[{"@type":"WebPage","@id":"https:\/\/crime-passionnel.com\/product\/lair-dudesert-marocain-noir\/","url":"https:\/\/crime-passionnel.com\/product\/lair-dudesert-marocain-noir\/","name":"L'air du Desert Marocain Noir Extrait de Parfum - Crime Passionnel","isPartOf":{"@id":"https:\/\/crime-passionnel.com\/#website"},"primaryImageOfPage":{"@id":"https:\/\/crime-passionnel.com\/product\/lair-dudesert-marocain-noir\/#primaryimage"},"image":{"@id":"https:\/\/crime-passionnel.com\/product\/lair-dudesert-marocain-noir\/#primaryimage"},"thumbnailUrl":"https:\/\/crime-passionnel.com\/wp-content\/uploads\/2025\/10\/Lair-Du-Desert-Marocain-Noir-scaled.jpg","datePublished":"2025-10-24T09:12:48+00:00","dateModified":"2026-05-05T18:52:27+00:00","description":"AU COEUR DU D\u00c9SERT af Andy Tauer er en metamorfose af L'air du d\u00e9sert marocain til en luksuri\u00f8s extrait de parfum.","breadcrumb":{"@id":"https:\/\/crime-passionnel.com\/product\/lair-dudesert-marocain-noir\/#breadcrumb"},"inLanguage":"da-DK","potentialAction":[{"@type":"ReadAction","target":["https:\/\/crime-passionnel.com\/product\/lair-dudesert-marocain-noir\/"]}]},{"@type":"ImageObject","inLanguage":"da-DK","@id":"https:\/\/crime-passionnel.com\/product\/lair-dudesert-marocain-noir\/#primaryimage","url":"https:\/\/crime-passionnel.com\/wp-content\/uploads\/2025\/10\/Lair-Du-Desert-Marocain-Noir-scaled.jpg","contentUrl":"https:\/\/crime-passionnel.com\/wp-content\/uploads\/2025\/10\/Lair-Du-Desert-Marocain-Noir-scaled.jpg","width":1945,"height":2560,"caption":"Lair-Du-Desert-Marocain-Noir"},{"@type":"BreadcrumbList","@id":"https:\/\/crime-passionnel.com\/product\/lair-dudesert-marocain-noir\/#breadcrumb","itemListElement":[{"@type":"ListItem","position":1,"name":"Home","item":"https:\/\/crime-passionnel.com\/"},{"@type":"ListItem","position":2,"name":"Products","item":"https:\/\/crime-passionnel.com\/products\/"},{"@type":"ListItem","position":3,"name":"L&#8217;air du Desert Marocain Noir"}]},{"@type":"WebSite","@id":"https:\/\/crime-passionnel.com\/#website","url":"https:\/\/crime-passionnel.com\/","name":"Forbrydelse og lidenskab","description":"","publisher":{"@id":"https:\/\/crime-passionnel.com\/#organization"},"potentialAction":[{"@type":"SearchAction","target":{"@type":"EntryPoint","urlTemplate":"https:\/\/crime-passionnel.com\/?s={search_term_string}"},"query-input":{"@type":"PropertyValueSpecification","valueRequired":true,"valueName":"search_term_string"}}],"inLanguage":"da-DK"},{"@type":"Organization","@id":"https:\/\/crime-passionnel.com\/#organization","name":"Forbrydelse og lidenskab","url":"https:\/\/crime-passionnel.com\/","logo":{"@type":"ImageObject","inLanguage":"da-DK","@id":"https:\/\/crime-passionnel.com\/#\/schema\/logo\/image\/","url":"https:\/\/crime-passionnel.com\/wp-content\/uploads\/2021\/07\/logo.png","contentUrl":"https:\/\/crime-passionnel.com\/wp-content\/uploads\/2021\/07\/logo.png","width":128,"height":50,"caption":"Crime Passionnel"},"image":{"@id":"https:\/\/crime-passionnel.com\/#\/schema\/logo\/image\/"},"sameAs":["https:\/\/www.facebook.com\/crimepassionnel\/","https:\/\/www.instagram.com\/crime.passionnel\/"]}]}},"_links":{"self":[{"href":"https:\/\/crime-passionnel.com\/da\/wp-json\/wp\/v2\/product\/31821","targetHints":{"allow":["GET"]}}],"collection":[{"href":"https:\/\/crime-passionnel.com\/da\/wp-json\/wp\/v2\/product"}],"about":[{"href":"https:\/\/crime-passionnel.com\/da\/wp-json\/wp\/v2\/types\/product"}],"wp:featuredmedia":[{"embeddable":true,"href":"https:\/\/crime-passionnel.com\/da\/wp-json\/wp\/v2\/media\/31824"}],"wp:attachment":[{"href":"https:\/\/crime-passionnel.com\/da\/wp-json\/wp\/v2\/media?parent=31821"}],"wp:term":[{"taxonomy":"product_brand","embeddable":true,"href":"https:\/\/crime-passionnel.com\/da\/wp-json\/wp\/v2\/product_brand?post=31821"},{"taxonomy":"product_cat","embeddable":true,"href":"https:\/\/crime-passionnel.com\/da\/wp-json\/wp\/v2\/product_cat?post=31821"},{"taxonomy":"product_tag","embeddable":true,"href":"https:\/\/crime-passionnel.com\/da\/wp-json\/wp\/v2\/product_tag?post=31821"}],"curies":[{"name":"wp","href":"https:\/\/api.w.org\/{rel}","templated":true}]}}