{"id":3173,"date":"2022-01-21T22:58:57","date_gmt":"2022-01-21T22:58:57","guid":{"rendered":"http:\/\/crimepassionnel.nextwebdev.lt\/?post_type=product&#038;p=3173"},"modified":"2026-03-02T05:13:50","modified_gmt":"2026-03-02T05:13:50","slug":"vanille-benjoin","status":"publish","type":"product","link":"https:\/\/crime-passionnel.com\/da\/vare\/vanille-benjoin\/","title":{"rendered":"Vanille - Benjoin"},"content":{"rendered":"<p>For at vise dette enest\u00e5ende \u00e6gteskab har AFFINESSENCE kombineret to typer VANILJE (Tahiti Vanilla Absolute, intenst parfumeret med l\u00e6derovertoner og den s\u00f8de duft af Madagascan Vanilla Absolute) og blandet dem med et uds\u00f8gt alter ego: Siamesisk BENZOIN, et velduftende harpiks med oprindelse i Laos, som er h\u00f8jt v\u00e6rdsat for sine balsamico- og mandelnoter.<br \/>\nMens Ambroxan, indhyllet i Tonkab\u00f8nne og marokkansk og kinesisk cedertr\u00e6, udstr\u00e5ler sine k\u00f8delige noter, overg\u00e5r Benzoin vaniljen med sin berusende duft, som for bedre at kunne sprede sit fortryllende spor.<\/p>\n<p>INGREDIENSER<\/p>\n<p>Noter: Vanilje absolut, Tahiti. Vanilje absolut, Madagaskar. Benzoin. Ambroxan. Tonkab\u00f8nner. Marokkansk og Kinesisk cedertr\u00e6.<\/p>","protected":false},"excerpt":{"rendered":"<p>Vanilje absolut fra Tahiti og vanilje absolut fra Madagaskar<\/p>","protected":false},"featured_media":7631,"template":"","meta":{"_acf_changed":false},"product_brand":[],"product_cat":[15],"product_tag":[],"class_list":{"0":"post-3173","1":"product","2":"type-product","3":"status-publish","4":"has-post-thumbnail","6":"product_cat-perfumes","7":"pa_brands-affinessence","8":"pa_projection-moderate","9":"pa_sizes-2ml-sample","10":"pa_sizes-50ml","11":"pa_sizes-100ml","12":"pa_style-sweet","14":"first","15":"instock","16":"taxable","17":"shipping-taxable","18":"purchasable","19":"product-type-variable","20":"add-to-wishlist-before_image"},"acf":[],"yoast_head":"<!-- This site is optimized with the Yoast SEO plugin v27.1.1 - https:\/\/yoast.com\/product\/yoast-seo-wordpress\/ -->\n<title>Vanille - Benjoin Eau de Parfum - Crime Passionnel Perfumes<\/title>\n<meta name=\"description\" content=\"To showcase this exceptional marriage, AFFINESSENCE has combined two types of VANILLA and blended them with an exquisite alter ego: Siamese BENZOIN.\" \/>\n<meta name=\"robots\" content=\"index, follow, max-snippet:-1, max-image-preview:large, max-video-preview:-1\" \/>\n<link rel=\"canonical\" href=\"https:\/\/crime-passionnel.com\/da\/vare\/vanille-benjoin\/\" \/>\n<meta property=\"og:locale\" content=\"da_DK\" \/>\n<meta property=\"og:type\" content=\"article\" \/>\n<meta property=\"og:title\" content=\"Vanille - Benjoin Eau de Parfum - Crime Passionnel Perfumes\" \/>\n<meta property=\"og:description\" content=\"To showcase this exceptional marriage, AFFINESSENCE has combined two types of VANILLA and blended them with an exquisite alter ego: Siamese BENZOIN.\" \/>\n<meta property=\"og:url\" content=\"https:\/\/crime-passionnel.com\/da\/vare\/vanille-benjoin\/\" \/>\n<meta property=\"og:site_name\" content=\"Crime Passionnel\" \/>\n<meta property=\"article:publisher\" content=\"https:\/\/www.facebook.com\/crimepassionnel\/\" \/>\n<meta property=\"article:modified_time\" content=\"2026-03-02T05:13:50+00:00\" \/>\n<meta property=\"og:image\" content=\"https:\/\/crime-passionnel.com\/wp-content\/uploads\/2022\/04\/VANILLE-BENJOIN-100ML.jpg\" \/>\n\t<meta property=\"og:image:width\" content=\"1459\" \/>\n\t<meta property=\"og:image:height\" content=\"1920\" \/>\n\t<meta property=\"og:image:type\" content=\"image\/jpeg\" \/>\n<meta name=\"twitter:card\" content=\"summary_large_image\" \/>\n<meta name=\"twitter:label1\" content=\"Estimeret l\u00e6setid\" \/>\n\t<meta name=\"twitter:data1\" content=\"1 minut\" \/>\n<script type=\"application\/ld+json\" class=\"yoast-schema-graph\">{\"@context\":\"https:\/\/schema.org\",\"@graph\":[{\"@type\":\"WebPage\",\"@id\":\"https:\/\/crime-passionnel.com\/product\/vanille-benjoin\/\",\"url\":\"https:\/\/crime-passionnel.com\/product\/vanille-benjoin\/\",\"name\":\"Vanille - Benjoin Eau de Parfum - Crime Passionnel Perfumes\",\"isPartOf\":{\"@id\":\"https:\/\/crime-passionnel.com\/#website\"},\"primaryImageOfPage\":{\"@id\":\"https:\/\/crime-passionnel.com\/product\/vanille-benjoin\/#primaryimage\"},\"image\":{\"@id\":\"https:\/\/crime-passionnel.com\/product\/vanille-benjoin\/#primaryimage\"},\"thumbnailUrl\":\"https:\/\/crime-passionnel.com\/wp-content\/uploads\/2022\/04\/VANILLE-BENJOIN-100ML.jpg\",\"datePublished\":\"2022-01-21T22:58:57+00:00\",\"dateModified\":\"2026-03-02T05:13:50+00:00\",\"description\":\"To showcase this exceptional marriage, AFFINESSENCE has combined two types of VANILLA and blended them with an exquisite alter ego: Siamese BENZOIN.\",\"breadcrumb\":{\"@id\":\"https:\/\/crime-passionnel.com\/product\/vanille-benjoin\/#breadcrumb\"},\"inLanguage\":\"da-DK\",\"potentialAction\":[{\"@type\":\"ReadAction\",\"target\":[\"https:\/\/crime-passionnel.com\/product\/vanille-benjoin\/\"]}]},{\"@type\":\"ImageObject\",\"inLanguage\":\"da-DK\",\"@id\":\"https:\/\/crime-passionnel.com\/product\/vanille-benjoin\/#primaryimage\",\"url\":\"https:\/\/crime-passionnel.com\/wp-content\/uploads\/2022\/04\/VANILLE-BENJOIN-100ML.jpg\",\"contentUrl\":\"https:\/\/crime-passionnel.com\/wp-content\/uploads\/2022\/04\/VANILLE-BENJOIN-100ML.jpg\",\"width\":1459,\"height\":1920,\"caption\":\"VANILLE BVanille \u2013 Benjoin Eau de ParfumENJOIN\"},{\"@type\":\"BreadcrumbList\",\"@id\":\"https:\/\/crime-passionnel.com\/product\/vanille-benjoin\/#breadcrumb\",\"itemListElement\":[{\"@type\":\"ListItem\",\"position\":1,\"name\":\"Home\",\"item\":\"https:\/\/crime-passionnel.com\/\"},{\"@type\":\"ListItem\",\"position\":2,\"name\":\"Products\",\"item\":\"https:\/\/crime-passionnel.com\/products\/\"},{\"@type\":\"ListItem\",\"position\":3,\"name\":\"Vanille &#8211; Benjoin\"}]},{\"@type\":\"WebSite\",\"@id\":\"https:\/\/crime-passionnel.com\/#website\",\"url\":\"https:\/\/crime-passionnel.com\/\",\"name\":\"Crime Passionnel\",\"description\":\"\",\"publisher\":{\"@id\":\"https:\/\/crime-passionnel.com\/#organization\"},\"potentialAction\":[{\"@type\":\"SearchAction\",\"target\":{\"@type\":\"EntryPoint\",\"urlTemplate\":\"https:\/\/crime-passionnel.com\/?s={search_term_string}\"},\"query-input\":{\"@type\":\"PropertyValueSpecification\",\"valueRequired\":true,\"valueName\":\"search_term_string\"}}],\"inLanguage\":\"da-DK\"},{\"@type\":\"Organization\",\"@id\":\"https:\/\/crime-passionnel.com\/#organization\",\"name\":\"Crime Passionnel\",\"url\":\"https:\/\/crime-passionnel.com\/\",\"logo\":{\"@type\":\"ImageObject\",\"inLanguage\":\"da-DK\",\"@id\":\"https:\/\/crime-passionnel.com\/#\/schema\/logo\/image\/\",\"url\":\"https:\/\/crime-passionnel.com\/wp-content\/uploads\/2021\/07\/logo.png\",\"contentUrl\":\"https:\/\/crime-passionnel.com\/wp-content\/uploads\/2021\/07\/logo.png\",\"width\":128,\"height\":50,\"caption\":\"Crime Passionnel\"},\"image\":{\"@id\":\"https:\/\/crime-passionnel.com\/#\/schema\/logo\/image\/\"},\"sameAs\":[\"https:\/\/www.facebook.com\/crimepassionnel\/\",\"https:\/\/www.instagram.com\/crime.passionnel\/\"]}]}<\/script>\n<!-- \/ Yoast SEO plugin. -->","yoast_head_json":{"title":"Vanille - Benjoin Eau de Parfum - Crime Passionnel Perfumes","description":"To showcase this exceptional marriage, AFFINESSENCE has combined two types of VANILLA and blended them with an exquisite alter ego: Siamese BENZOIN.","robots":{"index":"index","follow":"follow","max-snippet":"max-snippet:-1","max-image-preview":"max-image-preview:large","max-video-preview":"max-video-preview:-1"},"canonical":"https:\/\/crime-passionnel.com\/da\/vare\/vanille-benjoin\/","og_locale":"da_DK","og_type":"article","og_title":"Vanille - Benjoin Eau de Parfum - Crime Passionnel Perfumes","og_description":"To showcase this exceptional marriage, AFFINESSENCE has combined two types of VANILLA and blended them with an exquisite alter ego: Siamese BENZOIN.","og_url":"https:\/\/crime-passionnel.com\/da\/vare\/vanille-benjoin\/","og_site_name":"Crime Passionnel","article_publisher":"https:\/\/www.facebook.com\/crimepassionnel\/","article_modified_time":"2026-03-02T05:13:50+00:00","og_image":[{"width":1459,"height":1920,"url":"https:\/\/crime-passionnel.com\/wp-content\/uploads\/2022\/04\/VANILLE-BENJOIN-100ML.jpg","type":"image\/jpeg"}],"twitter_card":"summary_large_image","twitter_misc":{"Estimeret l\u00e6setid":"1 minut"},"schema":{"@context":"https:\/\/schema.org","@graph":[{"@type":"WebPage","@id":"https:\/\/crime-passionnel.com\/product\/vanille-benjoin\/","url":"https:\/\/crime-passionnel.com\/product\/vanille-benjoin\/","name":"Vanille - Benjoin Eau de Parfum - Crime Passionnel Perfumes","isPartOf":{"@id":"https:\/\/crime-passionnel.com\/#website"},"primaryImageOfPage":{"@id":"https:\/\/crime-passionnel.com\/product\/vanille-benjoin\/#primaryimage"},"image":{"@id":"https:\/\/crime-passionnel.com\/product\/vanille-benjoin\/#primaryimage"},"thumbnailUrl":"https:\/\/crime-passionnel.com\/wp-content\/uploads\/2022\/04\/VANILLE-BENJOIN-100ML.jpg","datePublished":"2022-01-21T22:58:57+00:00","dateModified":"2026-03-02T05:13:50+00:00","description":"To showcase this exceptional marriage, AFFINESSENCE has combined two types of VANILLA and blended them with an exquisite alter ego: Siamese BENZOIN.","breadcrumb":{"@id":"https:\/\/crime-passionnel.com\/product\/vanille-benjoin\/#breadcrumb"},"inLanguage":"da-DK","potentialAction":[{"@type":"ReadAction","target":["https:\/\/crime-passionnel.com\/product\/vanille-benjoin\/"]}]},{"@type":"ImageObject","inLanguage":"da-DK","@id":"https:\/\/crime-passionnel.com\/product\/vanille-benjoin\/#primaryimage","url":"https:\/\/crime-passionnel.com\/wp-content\/uploads\/2022\/04\/VANILLE-BENJOIN-100ML.jpg","contentUrl":"https:\/\/crime-passionnel.com\/wp-content\/uploads\/2022\/04\/VANILLE-BENJOIN-100ML.jpg","width":1459,"height":1920,"caption":"VANILLE BVanille \u2013 Benjoin Eau de ParfumENJOIN"},{"@type":"BreadcrumbList","@id":"https:\/\/crime-passionnel.com\/product\/vanille-benjoin\/#breadcrumb","itemListElement":[{"@type":"ListItem","position":1,"name":"Home","item":"https:\/\/crime-passionnel.com\/"},{"@type":"ListItem","position":2,"name":"Products","item":"https:\/\/crime-passionnel.com\/products\/"},{"@type":"ListItem","position":3,"name":"Vanille &#8211; Benjoin"}]},{"@type":"WebSite","@id":"https:\/\/crime-passionnel.com\/#website","url":"https:\/\/crime-passionnel.com\/","name":"Forbrydelse og lidenskab","description":"","publisher":{"@id":"https:\/\/crime-passionnel.com\/#organization"},"potentialAction":[{"@type":"SearchAction","target":{"@type":"EntryPoint","urlTemplate":"https:\/\/crime-passionnel.com\/?s={search_term_string}"},"query-input":{"@type":"PropertyValueSpecification","valueRequired":true,"valueName":"search_term_string"}}],"inLanguage":"da-DK"},{"@type":"Organization","@id":"https:\/\/crime-passionnel.com\/#organization","name":"Forbrydelse og lidenskab","url":"https:\/\/crime-passionnel.com\/","logo":{"@type":"ImageObject","inLanguage":"da-DK","@id":"https:\/\/crime-passionnel.com\/#\/schema\/logo\/image\/","url":"https:\/\/crime-passionnel.com\/wp-content\/uploads\/2021\/07\/logo.png","contentUrl":"https:\/\/crime-passionnel.com\/wp-content\/uploads\/2021\/07\/logo.png","width":128,"height":50,"caption":"Crime Passionnel"},"image":{"@id":"https:\/\/crime-passionnel.com\/#\/schema\/logo\/image\/"},"sameAs":["https:\/\/www.facebook.com\/crimepassionnel\/","https:\/\/www.instagram.com\/crime.passionnel\/"]}]}},"_links":{"self":[{"href":"https:\/\/crime-passionnel.com\/da\/wp-json\/wp\/v2\/product\/3173","targetHints":{"allow":["GET"]}}],"collection":[{"href":"https:\/\/crime-passionnel.com\/da\/wp-json\/wp\/v2\/product"}],"about":[{"href":"https:\/\/crime-passionnel.com\/da\/wp-json\/wp\/v2\/types\/product"}],"wp:featuredmedia":[{"embeddable":true,"href":"https:\/\/crime-passionnel.com\/da\/wp-json\/wp\/v2\/media\/7631"}],"wp:attachment":[{"href":"https:\/\/crime-passionnel.com\/da\/wp-json\/wp\/v2\/media?parent=3173"}],"wp:term":[{"taxonomy":"product_brand","embeddable":true,"href":"https:\/\/crime-passionnel.com\/da\/wp-json\/wp\/v2\/product_brand?post=3173"},{"taxonomy":"product_cat","embeddable":true,"href":"https:\/\/crime-passionnel.com\/da\/wp-json\/wp\/v2\/product_cat?post=3173"},{"taxonomy":"product_tag","embeddable":true,"href":"https:\/\/crime-passionnel.com\/da\/wp-json\/wp\/v2\/product_tag?post=3173"}],"curies":[{"name":"wp","href":"https:\/\/api.w.org\/{rel}","templated":true}]}}