{"id":3169,"date":"2022-01-21T22:44:48","date_gmt":"2022-01-21T22:44:48","guid":{"rendered":"http:\/\/crimepassionnel.nextwebdev.lt\/?post_type=product&#038;p=3169"},"modified":"2026-03-07T11:45:01","modified_gmt":"2026-03-07T11:45:01","slug":"musc-ambergris","status":"publish","type":"product","link":"https:\/\/crime-passionnel.com\/da\/vare\/musc-ambergris\/","title":{"rendered":"Musc - Ambra"},"content":{"rendered":"<p>Ambergris, der er kendt for sin karakteristiske duft, bliver endnu mere uds\u00f8gt efter at havde \u201dlagret\u201d. Dens kvaliteter bliver fremelsket af at flyde rundt i vandet i \u00e5revis under Stillehavets sol. Affinessence har valgt det enest\u00e5ende ved denne duft og brugt den s\u00e5 rundh\u00e5ndet, at den f\u00e5r lov til at udtrykke sin uimodst\u00e5elige tiltr\u00e6kning i al sin styrke.\nAmbergris, der udsender en dyrisk varme og en mineralsk friskhed, blandes med sort musk og hvid tr\u00f8ffel, hvilket understreger kulde\/varme effekten og kreerer en kildrende oplevelse. Yerba mat\u00e9, patchouli og vetiver (fra Haiti) opl\u00f8fter denne sprudlende og afh\u00e6ngighedsskabende duft.<\/p>\n<p>INGREDIENSER<\/p>\n<p>Noter: Ambergris. Sort musk. Hvid tr\u00f8ffel. Patchouli. Vetiver, Haiti. Yerbe mat\u00e9.<\/p>","protected":false},"excerpt":{"rendered":"<p>Dyrebare Ambergris<\/p>","protected":false},"featured_media":7633,"template":"","meta":{"_acf_changed":false},"product_brand":[],"product_cat":[15],"product_tag":[],"class_list":{"0":"post-3169","1":"product","2":"type-product","3":"status-publish","4":"has-post-thumbnail","6":"product_cat-perfumes","7":"pa_brands-affinessence","8":"pa_projection-moderate","9":"pa_sizes-2ml-sample","10":"pa_sizes-50ml","11":"pa_sizes-100ml","12":"pa_style-fresh","14":"first","15":"instock","16":"taxable","17":"shipping-taxable","18":"purchasable","19":"product-type-variable","20":"add-to-wishlist-before_image"},"acf":[],"yoast_head":"<!-- This site is optimized with the Yoast SEO plugin v27.1.1 - https:\/\/yoast.com\/product\/yoast-seo-wordpress\/ -->\n<title>Musc - Ambergris Eau de Parfum - Crime Passionnel Perfumes<\/title>\n<meta name=\"description\" content=\"Known for its distinctive scent, AMBERGRIS is even more precious when \u00ab aged \u00bb as its qualities are enhanced after floating for years under the sun.\" \/>\n<meta name=\"robots\" content=\"index, follow, max-snippet:-1, max-image-preview:large, max-video-preview:-1\" \/>\n<link rel=\"canonical\" href=\"https:\/\/crime-passionnel.com\/da\/vare\/musc-ambergris\/\" \/>\n<meta property=\"og:locale\" content=\"da_DK\" \/>\n<meta property=\"og:type\" content=\"article\" \/>\n<meta property=\"og:title\" content=\"Musc - Ambergris Eau de Parfum - Crime Passionnel Perfumes\" \/>\n<meta property=\"og:description\" content=\"Known for its distinctive scent, AMBERGRIS is even more precious when \u00ab aged \u00bb as its qualities are enhanced after floating for years under the sun.\" \/>\n<meta property=\"og:url\" content=\"https:\/\/crime-passionnel.com\/da\/vare\/musc-ambergris\/\" \/>\n<meta property=\"og:site_name\" content=\"Crime Passionnel\" \/>\n<meta property=\"article:publisher\" content=\"https:\/\/www.facebook.com\/crimepassionnel\/\" \/>\n<meta property=\"article:modified_time\" content=\"2026-03-07T11:45:01+00:00\" \/>\n<meta property=\"og:image\" content=\"https:\/\/crime-passionnel.com\/wp-content\/uploads\/2022\/04\/MUSC-AMBRE-GRIS-100ML.jpg\" \/>\n\t<meta property=\"og:image:width\" content=\"1459\" \/>\n\t<meta property=\"og:image:height\" content=\"1920\" \/>\n\t<meta property=\"og:image:type\" content=\"image\/jpeg\" \/>\n<meta name=\"twitter:card\" content=\"summary_large_image\" \/>\n<meta name=\"twitter:label1\" content=\"Estimeret l\u00e6setid\" \/>\n\t<meta name=\"twitter:data1\" content=\"1 minut\" \/>\n<script type=\"application\/ld+json\" class=\"yoast-schema-graph\">{\"@context\":\"https:\/\/schema.org\",\"@graph\":[{\"@type\":\"WebPage\",\"@id\":\"https:\/\/crime-passionnel.com\/product\/musc-ambergris\/\",\"url\":\"https:\/\/crime-passionnel.com\/product\/musc-ambergris\/\",\"name\":\"Musc - Ambergris Eau de Parfum - Crime Passionnel Perfumes\",\"isPartOf\":{\"@id\":\"https:\/\/crime-passionnel.com\/#website\"},\"primaryImageOfPage\":{\"@id\":\"https:\/\/crime-passionnel.com\/product\/musc-ambergris\/#primaryimage\"},\"image\":{\"@id\":\"https:\/\/crime-passionnel.com\/product\/musc-ambergris\/#primaryimage\"},\"thumbnailUrl\":\"https:\/\/crime-passionnel.com\/wp-content\/uploads\/2022\/04\/MUSC-AMBRE-GRIS-100ML.jpg\",\"datePublished\":\"2022-01-21T22:44:48+00:00\",\"dateModified\":\"2026-03-07T11:45:01+00:00\",\"description\":\"Known for its distinctive scent, AMBERGRIS is even more precious when \u00ab aged \u00bb as its qualities are enhanced after floating for years under the sun.\",\"breadcrumb\":{\"@id\":\"https:\/\/crime-passionnel.com\/product\/musc-ambergris\/#breadcrumb\"},\"inLanguage\":\"da-DK\",\"potentialAction\":[{\"@type\":\"ReadAction\",\"target\":[\"https:\/\/crime-passionnel.com\/product\/musc-ambergris\/\"]}]},{\"@type\":\"ImageObject\",\"inLanguage\":\"da-DK\",\"@id\":\"https:\/\/crime-passionnel.com\/product\/musc-ambergris\/#primaryimage\",\"url\":\"https:\/\/crime-passionnel.com\/wp-content\/uploads\/2022\/04\/MUSC-AMBRE-GRIS-100ML.jpg\",\"contentUrl\":\"https:\/\/crime-passionnel.com\/wp-content\/uploads\/2022\/04\/MUSC-AMBRE-GRIS-100ML.jpg\",\"width\":1459,\"height\":1920,\"caption\":\"Musc \u2013 Ambergris Eau de Parfum\"},{\"@type\":\"BreadcrumbList\",\"@id\":\"https:\/\/crime-passionnel.com\/product\/musc-ambergris\/#breadcrumb\",\"itemListElement\":[{\"@type\":\"ListItem\",\"position\":1,\"name\":\"Home\",\"item\":\"https:\/\/crime-passionnel.com\/\"},{\"@type\":\"ListItem\",\"position\":2,\"name\":\"Products\",\"item\":\"https:\/\/crime-passionnel.com\/products\/\"},{\"@type\":\"ListItem\",\"position\":3,\"name\":\"Musc &#8211; Ambergris\"}]},{\"@type\":\"WebSite\",\"@id\":\"https:\/\/crime-passionnel.com\/#website\",\"url\":\"https:\/\/crime-passionnel.com\/\",\"name\":\"Crime Passionnel\",\"description\":\"\",\"publisher\":{\"@id\":\"https:\/\/crime-passionnel.com\/#organization\"},\"potentialAction\":[{\"@type\":\"SearchAction\",\"target\":{\"@type\":\"EntryPoint\",\"urlTemplate\":\"https:\/\/crime-passionnel.com\/?s={search_term_string}\"},\"query-input\":{\"@type\":\"PropertyValueSpecification\",\"valueRequired\":true,\"valueName\":\"search_term_string\"}}],\"inLanguage\":\"da-DK\"},{\"@type\":\"Organization\",\"@id\":\"https:\/\/crime-passionnel.com\/#organization\",\"name\":\"Crime Passionnel\",\"url\":\"https:\/\/crime-passionnel.com\/\",\"logo\":{\"@type\":\"ImageObject\",\"inLanguage\":\"da-DK\",\"@id\":\"https:\/\/crime-passionnel.com\/#\/schema\/logo\/image\/\",\"url\":\"https:\/\/crime-passionnel.com\/wp-content\/uploads\/2021\/07\/logo.png\",\"contentUrl\":\"https:\/\/crime-passionnel.com\/wp-content\/uploads\/2021\/07\/logo.png\",\"width\":128,\"height\":50,\"caption\":\"Crime Passionnel\"},\"image\":{\"@id\":\"https:\/\/crime-passionnel.com\/#\/schema\/logo\/image\/\"},\"sameAs\":[\"https:\/\/www.facebook.com\/crimepassionnel\/\",\"https:\/\/www.instagram.com\/crime.passionnel\/\"]}]}<\/script>\n<!-- \/ Yoast SEO plugin. -->","yoast_head_json":{"title":"Musc - Ambergris Eau de Parfum - Crime Passionnel Perfumes","description":"Known for its distinctive scent, AMBERGRIS is even more precious when \u00ab aged \u00bb as its qualities are enhanced after floating for years under the sun.","robots":{"index":"index","follow":"follow","max-snippet":"max-snippet:-1","max-image-preview":"max-image-preview:large","max-video-preview":"max-video-preview:-1"},"canonical":"https:\/\/crime-passionnel.com\/da\/vare\/musc-ambergris\/","og_locale":"da_DK","og_type":"article","og_title":"Musc - Ambergris Eau de Parfum - Crime Passionnel Perfumes","og_description":"Known for its distinctive scent, AMBERGRIS is even more precious when \u00ab aged \u00bb as its qualities are enhanced after floating for years under the sun.","og_url":"https:\/\/crime-passionnel.com\/da\/vare\/musc-ambergris\/","og_site_name":"Crime Passionnel","article_publisher":"https:\/\/www.facebook.com\/crimepassionnel\/","article_modified_time":"2026-03-07T11:45:01+00:00","og_image":[{"width":1459,"height":1920,"url":"https:\/\/crime-passionnel.com\/wp-content\/uploads\/2022\/04\/MUSC-AMBRE-GRIS-100ML.jpg","type":"image\/jpeg"}],"twitter_card":"summary_large_image","twitter_misc":{"Estimeret l\u00e6setid":"1 minut"},"schema":{"@context":"https:\/\/schema.org","@graph":[{"@type":"WebPage","@id":"https:\/\/crime-passionnel.com\/product\/musc-ambergris\/","url":"https:\/\/crime-passionnel.com\/product\/musc-ambergris\/","name":"Musc - Ambergris Eau de Parfum - Crime Passionnel Perfumes","isPartOf":{"@id":"https:\/\/crime-passionnel.com\/#website"},"primaryImageOfPage":{"@id":"https:\/\/crime-passionnel.com\/product\/musc-ambergris\/#primaryimage"},"image":{"@id":"https:\/\/crime-passionnel.com\/product\/musc-ambergris\/#primaryimage"},"thumbnailUrl":"https:\/\/crime-passionnel.com\/wp-content\/uploads\/2022\/04\/MUSC-AMBRE-GRIS-100ML.jpg","datePublished":"2022-01-21T22:44:48+00:00","dateModified":"2026-03-07T11:45:01+00:00","description":"Known for its distinctive scent, AMBERGRIS is even more precious when \u00ab aged \u00bb as its qualities are enhanced after floating for years under the sun.","breadcrumb":{"@id":"https:\/\/crime-passionnel.com\/product\/musc-ambergris\/#breadcrumb"},"inLanguage":"da-DK","potentialAction":[{"@type":"ReadAction","target":["https:\/\/crime-passionnel.com\/product\/musc-ambergris\/"]}]},{"@type":"ImageObject","inLanguage":"da-DK","@id":"https:\/\/crime-passionnel.com\/product\/musc-ambergris\/#primaryimage","url":"https:\/\/crime-passionnel.com\/wp-content\/uploads\/2022\/04\/MUSC-AMBRE-GRIS-100ML.jpg","contentUrl":"https:\/\/crime-passionnel.com\/wp-content\/uploads\/2022\/04\/MUSC-AMBRE-GRIS-100ML.jpg","width":1459,"height":1920,"caption":"Musc \u2013 Ambergris Eau de Parfum"},{"@type":"BreadcrumbList","@id":"https:\/\/crime-passionnel.com\/product\/musc-ambergris\/#breadcrumb","itemListElement":[{"@type":"ListItem","position":1,"name":"Home","item":"https:\/\/crime-passionnel.com\/"},{"@type":"ListItem","position":2,"name":"Products","item":"https:\/\/crime-passionnel.com\/products\/"},{"@type":"ListItem","position":3,"name":"Musc &#8211; Ambergris"}]},{"@type":"WebSite","@id":"https:\/\/crime-passionnel.com\/#website","url":"https:\/\/crime-passionnel.com\/","name":"Forbrydelse og lidenskab","description":"","publisher":{"@id":"https:\/\/crime-passionnel.com\/#organization"},"potentialAction":[{"@type":"SearchAction","target":{"@type":"EntryPoint","urlTemplate":"https:\/\/crime-passionnel.com\/?s={search_term_string}"},"query-input":{"@type":"PropertyValueSpecification","valueRequired":true,"valueName":"search_term_string"}}],"inLanguage":"da-DK"},{"@type":"Organization","@id":"https:\/\/crime-passionnel.com\/#organization","name":"Forbrydelse og lidenskab","url":"https:\/\/crime-passionnel.com\/","logo":{"@type":"ImageObject","inLanguage":"da-DK","@id":"https:\/\/crime-passionnel.com\/#\/schema\/logo\/image\/","url":"https:\/\/crime-passionnel.com\/wp-content\/uploads\/2021\/07\/logo.png","contentUrl":"https:\/\/crime-passionnel.com\/wp-content\/uploads\/2021\/07\/logo.png","width":128,"height":50,"caption":"Crime Passionnel"},"image":{"@id":"https:\/\/crime-passionnel.com\/#\/schema\/logo\/image\/"},"sameAs":["https:\/\/www.facebook.com\/crimepassionnel\/","https:\/\/www.instagram.com\/crime.passionnel\/"]}]}},"_links":{"self":[{"href":"https:\/\/crime-passionnel.com\/da\/wp-json\/wp\/v2\/product\/3169","targetHints":{"allow":["GET"]}}],"collection":[{"href":"https:\/\/crime-passionnel.com\/da\/wp-json\/wp\/v2\/product"}],"about":[{"href":"https:\/\/crime-passionnel.com\/da\/wp-json\/wp\/v2\/types\/product"}],"wp:featuredmedia":[{"embeddable":true,"href":"https:\/\/crime-passionnel.com\/da\/wp-json\/wp\/v2\/media\/7633"}],"wp:attachment":[{"href":"https:\/\/crime-passionnel.com\/da\/wp-json\/wp\/v2\/media?parent=3169"}],"wp:term":[{"taxonomy":"product_brand","embeddable":true,"href":"https:\/\/crime-passionnel.com\/da\/wp-json\/wp\/v2\/product_brand?post=3169"},{"taxonomy":"product_cat","embeddable":true,"href":"https:\/\/crime-passionnel.com\/da\/wp-json\/wp\/v2\/product_cat?post=3169"},{"taxonomy":"product_tag","embeddable":true,"href":"https:\/\/crime-passionnel.com\/da\/wp-json\/wp\/v2\/product_tag?post=3169"}],"curies":[{"name":"wp","href":"https:\/\/api.w.org\/{rel}","templated":true}]}}