{"id":31243,"date":"2025-10-09T20:54:12","date_gmt":"2025-10-09T20:54:12","guid":{"rendered":"https:\/\/crime-passionnel.com\/?post_type=product&#038;p=31243"},"modified":"2026-04-07T10:26:39","modified_gmt":"2026-04-07T10:26:39","slug":"ha-long-bay","status":"publish","type":"product","link":"https:\/\/crime-passionnel.com\/da\/vare\/ha-long-bay\/","title":{"rendered":"Ha Long-bugten"},"content":{"rendered":"<p>En sensorisk ode til Vietnam indfanger Ha Long Bay sj\u00e6len af den legendariske kyst igennem den sj\u00e6ldne mango, xo\u00e0i c\u00e1t, fra Hoa Loc provinsen.\nHa Long Bay er mere end en parfume, det er en personlig spejling \u2013 en blanding af minder og de bedste r\u00e5materialer, der efterlader sig en kraftfuld og lysende aura. Mangoen, med facetter af fersken, banan og abrikos, er fremh\u00e6vet og l\u00f8ftet op af krydderier, bl\u00f8dt l\u00e6der og en elegant base af tr\u00e6. En str\u00e5lende og levende duft fra JOVOY, der udvikler sig p\u00e5 huden og efterlade sig et varigt indtryk.<\/p>\n<p>&nbsp;<\/p>\n<p>INGREDIENSER<\/p>\n<p>Topnoter: Mango, Kardemomme, Sort peber<\/p>\n<p>Hjertenoter: L\u00e6der, Cedertr\u00e6, Nagarmotha<\/p>\n<p>Basenoter: Amber-tr\u00e6, Patchouli, Orcanox<\/p>","protected":false},"excerpt":{"rendered":"<div class=\"page\" title=\"Side 25\">\n<div class=\"layoutArea\">\n<div class=\"column\">\n<p>Modne mangoer<\/p>\n<\/div>\n<\/div>\n<\/div>","protected":false},"featured_media":31248,"template":"","meta":{"_acf_changed":false},"product_brand":[],"product_cat":[418,432,15],"product_tag":[],"class_list":{"0":"post-31243","1":"product","2":"type-product","3":"status-publish","4":"has-post-thumbnail","6":"product_cat-new-arrivals","7":"product_cat-travel-size","8":"product_cat-perfumes","9":"pa_brands-jovoy-paris","10":"pa_projection-stron","11":"pa_sizes-75ml","12":"pa_sizes-2ml-sample","13":"pa_sizes-15ml","14":"pa_style-fruity","16":"first","17":"instock","18":"taxable","19":"shipping-taxable","20":"purchasable","21":"product-type-variable","22":"add-to-wishlist-before_image"},"acf":[],"yoast_head":"<!-- This site is optimized with the Yoast SEO plugin v27.1.1 - https:\/\/yoast.com\/product\/yoast-seo-wordpress\/ -->\n<title>Ha Long Bay Eau de Parfum - Crime Passionnel Perfume Shop<\/title>\n<meta name=\"description\" content=\"Spices of ginger and cardamom set ablaze an irresistible cloud of milky gourmand notes. A spell in the guise of a perfume that murmurs\u2026 \u201cRemember Me\u201d\" \/>\n<meta name=\"robots\" content=\"index, follow, max-snippet:-1, max-image-preview:large, max-video-preview:-1\" \/>\n<link rel=\"canonical\" href=\"https:\/\/crime-passionnel.com\/da\/vare\/ha-long-bay\/\" \/>\n<meta property=\"og:locale\" content=\"da_DK\" \/>\n<meta property=\"og:type\" content=\"article\" \/>\n<meta property=\"og:title\" content=\"Ha Long Bay Eau de Parfum - Crime Passionnel Perfume Shop\" \/>\n<meta property=\"og:description\" content=\"Spices of ginger and cardamom set ablaze an irresistible cloud of milky gourmand notes. A spell in the guise of a perfume that murmurs\u2026 \u201cRemember Me\u201d\" \/>\n<meta property=\"og:url\" content=\"https:\/\/crime-passionnel.com\/da\/vare\/ha-long-bay\/\" \/>\n<meta property=\"og:site_name\" content=\"Crime Passionnel\" \/>\n<meta property=\"article:publisher\" content=\"https:\/\/www.facebook.com\/crimepassionnel\/\" \/>\n<meta property=\"article:modified_time\" content=\"2026-04-07T10:26:39+00:00\" \/>\n<meta property=\"og:image\" content=\"https:\/\/crime-passionnel.com\/wp-content\/uploads\/2025\/10\/Ha-Long-Bay-scaled.jpg\" \/>\n\t<meta property=\"og:image:width\" content=\"1945\" \/>\n\t<meta property=\"og:image:height\" content=\"2560\" \/>\n\t<meta property=\"og:image:type\" content=\"image\/jpeg\" \/>\n<meta name=\"twitter:card\" content=\"summary_large_image\" \/>\n<meta name=\"twitter:label1\" content=\"Estimeret l\u00e6setid\" \/>\n\t<meta name=\"twitter:data1\" content=\"1 minut\" \/>\n<script type=\"application\/ld+json\" class=\"yoast-schema-graph\">{\"@context\":\"https:\/\/schema.org\",\"@graph\":[{\"@type\":\"WebPage\",\"@id\":\"https:\/\/crime-passionnel.com\/product\/ha-long-bay\/\",\"url\":\"https:\/\/crime-passionnel.com\/product\/ha-long-bay\/\",\"name\":\"Ha Long Bay Eau de Parfum - Crime Passionnel Perfume Shop\",\"isPartOf\":{\"@id\":\"https:\/\/crime-passionnel.com\/#website\"},\"primaryImageOfPage\":{\"@id\":\"https:\/\/crime-passionnel.com\/product\/ha-long-bay\/#primaryimage\"},\"image\":{\"@id\":\"https:\/\/crime-passionnel.com\/product\/ha-long-bay\/#primaryimage\"},\"thumbnailUrl\":\"https:\/\/crime-passionnel.com\/wp-content\/uploads\/2025\/10\/Ha-Long-Bay-scaled.jpg\",\"datePublished\":\"2025-10-09T20:54:12+00:00\",\"dateModified\":\"2026-04-07T10:26:39+00:00\",\"description\":\"Spices of ginger and cardamom set ablaze an irresistible cloud of milky gourmand notes. A spell in the guise of a perfume that murmurs\u2026 \u201cRemember Me\u201d\",\"breadcrumb\":{\"@id\":\"https:\/\/crime-passionnel.com\/product\/ha-long-bay\/#breadcrumb\"},\"inLanguage\":\"da-DK\",\"potentialAction\":[{\"@type\":\"ReadAction\",\"target\":[\"https:\/\/crime-passionnel.com\/product\/ha-long-bay\/\"]}]},{\"@type\":\"ImageObject\",\"inLanguage\":\"da-DK\",\"@id\":\"https:\/\/crime-passionnel.com\/product\/ha-long-bay\/#primaryimage\",\"url\":\"https:\/\/crime-passionnel.com\/wp-content\/uploads\/2025\/10\/Ha-Long-Bay-scaled.jpg\",\"contentUrl\":\"https:\/\/crime-passionnel.com\/wp-content\/uploads\/2025\/10\/Ha-Long-Bay-scaled.jpg\",\"width\":1945,\"height\":2560,\"caption\":\"Ha-Long-Bay\"},{\"@type\":\"BreadcrumbList\",\"@id\":\"https:\/\/crime-passionnel.com\/product\/ha-long-bay\/#breadcrumb\",\"itemListElement\":[{\"@type\":\"ListItem\",\"position\":1,\"name\":\"Home\",\"item\":\"https:\/\/crime-passionnel.com\/\"},{\"@type\":\"ListItem\",\"position\":2,\"name\":\"Products\",\"item\":\"https:\/\/crime-passionnel.com\/products\/\"},{\"@type\":\"ListItem\",\"position\":3,\"name\":\"Ha Long Bay\"}]},{\"@type\":\"WebSite\",\"@id\":\"https:\/\/crime-passionnel.com\/#website\",\"url\":\"https:\/\/crime-passionnel.com\/\",\"name\":\"Crime Passionnel\",\"description\":\"\",\"publisher\":{\"@id\":\"https:\/\/crime-passionnel.com\/#organization\"},\"potentialAction\":[{\"@type\":\"SearchAction\",\"target\":{\"@type\":\"EntryPoint\",\"urlTemplate\":\"https:\/\/crime-passionnel.com\/?s={search_term_string}\"},\"query-input\":{\"@type\":\"PropertyValueSpecification\",\"valueRequired\":true,\"valueName\":\"search_term_string\"}}],\"inLanguage\":\"da-DK\"},{\"@type\":\"Organization\",\"@id\":\"https:\/\/crime-passionnel.com\/#organization\",\"name\":\"Crime Passionnel\",\"url\":\"https:\/\/crime-passionnel.com\/\",\"logo\":{\"@type\":\"ImageObject\",\"inLanguage\":\"da-DK\",\"@id\":\"https:\/\/crime-passionnel.com\/#\/schema\/logo\/image\/\",\"url\":\"https:\/\/crime-passionnel.com\/wp-content\/uploads\/2021\/07\/logo.png\",\"contentUrl\":\"https:\/\/crime-passionnel.com\/wp-content\/uploads\/2021\/07\/logo.png\",\"width\":128,\"height\":50,\"caption\":\"Crime Passionnel\"},\"image\":{\"@id\":\"https:\/\/crime-passionnel.com\/#\/schema\/logo\/image\/\"},\"sameAs\":[\"https:\/\/www.facebook.com\/crimepassionnel\/\",\"https:\/\/www.instagram.com\/crime.passionnel\/\"]}]}<\/script>\n<!-- \/ Yoast SEO plugin. -->","yoast_head_json":{"title":"Ha Long Bay Eau de Parfum - Crime Passionnel Perfume Shop","description":"Spices of ginger and cardamom set ablaze an irresistible cloud of milky gourmand notes. A spell in the guise of a perfume that murmurs\u2026 \u201cRemember Me\u201d","robots":{"index":"index","follow":"follow","max-snippet":"max-snippet:-1","max-image-preview":"max-image-preview:large","max-video-preview":"max-video-preview:-1"},"canonical":"https:\/\/crime-passionnel.com\/da\/vare\/ha-long-bay\/","og_locale":"da_DK","og_type":"article","og_title":"Ha Long Bay Eau de Parfum - Crime Passionnel Perfume Shop","og_description":"Spices of ginger and cardamom set ablaze an irresistible cloud of milky gourmand notes. A spell in the guise of a perfume that murmurs\u2026 \u201cRemember Me\u201d","og_url":"https:\/\/crime-passionnel.com\/da\/vare\/ha-long-bay\/","og_site_name":"Crime Passionnel","article_publisher":"https:\/\/www.facebook.com\/crimepassionnel\/","article_modified_time":"2026-04-07T10:26:39+00:00","og_image":[{"width":1945,"height":2560,"url":"https:\/\/crime-passionnel.com\/wp-content\/uploads\/2025\/10\/Ha-Long-Bay-scaled.jpg","type":"image\/jpeg"}],"twitter_card":"summary_large_image","twitter_misc":{"Estimeret l\u00e6setid":"1 minut"},"schema":{"@context":"https:\/\/schema.org","@graph":[{"@type":"WebPage","@id":"https:\/\/crime-passionnel.com\/product\/ha-long-bay\/","url":"https:\/\/crime-passionnel.com\/product\/ha-long-bay\/","name":"Ha Long Bay Eau de Parfum - Crime Passionnel Perfume Shop","isPartOf":{"@id":"https:\/\/crime-passionnel.com\/#website"},"primaryImageOfPage":{"@id":"https:\/\/crime-passionnel.com\/product\/ha-long-bay\/#primaryimage"},"image":{"@id":"https:\/\/crime-passionnel.com\/product\/ha-long-bay\/#primaryimage"},"thumbnailUrl":"https:\/\/crime-passionnel.com\/wp-content\/uploads\/2025\/10\/Ha-Long-Bay-scaled.jpg","datePublished":"2025-10-09T20:54:12+00:00","dateModified":"2026-04-07T10:26:39+00:00","description":"Spices of ginger and cardamom set ablaze an irresistible cloud of milky gourmand notes. A spell in the guise of a perfume that murmurs\u2026 \u201cRemember Me\u201d","breadcrumb":{"@id":"https:\/\/crime-passionnel.com\/product\/ha-long-bay\/#breadcrumb"},"inLanguage":"da-DK","potentialAction":[{"@type":"ReadAction","target":["https:\/\/crime-passionnel.com\/product\/ha-long-bay\/"]}]},{"@type":"ImageObject","inLanguage":"da-DK","@id":"https:\/\/crime-passionnel.com\/product\/ha-long-bay\/#primaryimage","url":"https:\/\/crime-passionnel.com\/wp-content\/uploads\/2025\/10\/Ha-Long-Bay-scaled.jpg","contentUrl":"https:\/\/crime-passionnel.com\/wp-content\/uploads\/2025\/10\/Ha-Long-Bay-scaled.jpg","width":1945,"height":2560,"caption":"Ha-Long-Bay"},{"@type":"BreadcrumbList","@id":"https:\/\/crime-passionnel.com\/product\/ha-long-bay\/#breadcrumb","itemListElement":[{"@type":"ListItem","position":1,"name":"Home","item":"https:\/\/crime-passionnel.com\/"},{"@type":"ListItem","position":2,"name":"Products","item":"https:\/\/crime-passionnel.com\/products\/"},{"@type":"ListItem","position":3,"name":"Ha Long Bay"}]},{"@type":"WebSite","@id":"https:\/\/crime-passionnel.com\/#website","url":"https:\/\/crime-passionnel.com\/","name":"Forbrydelse og lidenskab","description":"","publisher":{"@id":"https:\/\/crime-passionnel.com\/#organization"},"potentialAction":[{"@type":"SearchAction","target":{"@type":"EntryPoint","urlTemplate":"https:\/\/crime-passionnel.com\/?s={search_term_string}"},"query-input":{"@type":"PropertyValueSpecification","valueRequired":true,"valueName":"search_term_string"}}],"inLanguage":"da-DK"},{"@type":"Organization","@id":"https:\/\/crime-passionnel.com\/#organization","name":"Forbrydelse og lidenskab","url":"https:\/\/crime-passionnel.com\/","logo":{"@type":"ImageObject","inLanguage":"da-DK","@id":"https:\/\/crime-passionnel.com\/#\/schema\/logo\/image\/","url":"https:\/\/crime-passionnel.com\/wp-content\/uploads\/2021\/07\/logo.png","contentUrl":"https:\/\/crime-passionnel.com\/wp-content\/uploads\/2021\/07\/logo.png","width":128,"height":50,"caption":"Crime Passionnel"},"image":{"@id":"https:\/\/crime-passionnel.com\/#\/schema\/logo\/image\/"},"sameAs":["https:\/\/www.facebook.com\/crimepassionnel\/","https:\/\/www.instagram.com\/crime.passionnel\/"]}]}},"_links":{"self":[{"href":"https:\/\/crime-passionnel.com\/da\/wp-json\/wp\/v2\/product\/31243","targetHints":{"allow":["GET"]}}],"collection":[{"href":"https:\/\/crime-passionnel.com\/da\/wp-json\/wp\/v2\/product"}],"about":[{"href":"https:\/\/crime-passionnel.com\/da\/wp-json\/wp\/v2\/types\/product"}],"wp:featuredmedia":[{"embeddable":true,"href":"https:\/\/crime-passionnel.com\/da\/wp-json\/wp\/v2\/media\/31248"}],"wp:attachment":[{"href":"https:\/\/crime-passionnel.com\/da\/wp-json\/wp\/v2\/media?parent=31243"}],"wp:term":[{"taxonomy":"product_brand","embeddable":true,"href":"https:\/\/crime-passionnel.com\/da\/wp-json\/wp\/v2\/product_brand?post=31243"},{"taxonomy":"product_cat","embeddable":true,"href":"https:\/\/crime-passionnel.com\/da\/wp-json\/wp\/v2\/product_cat?post=31243"},{"taxonomy":"product_tag","embeddable":true,"href":"https:\/\/crime-passionnel.com\/da\/wp-json\/wp\/v2\/product_tag?post=31243"}],"curies":[{"name":"wp","href":"https:\/\/api.w.org\/{rel}","templated":true}]}}