{"id":31232,"date":"2025-10-09T16:16:15","date_gmt":"2025-10-09T16:16:15","guid":{"rendered":"https:\/\/crime-passionnel.com\/?post_type=product&#038;p=31232"},"modified":"2025-12-03T14:56:53","modified_gmt":"2025-12-03T14:56:53","slug":"fleur-danger","status":"publish","type":"product","link":"https:\/\/crime-passionnel.com\/da\/vare\/fleur-danger\/","title":{"rendered":"Fleur Danger"},"content":{"rendered":"<div class=\"page\" title=\"Side 8\">\n<div class=\"section\">\n<div class=\"layoutArea\">\n<div class=\"column\">\n<p class=\"p1\">Ugo Charron gik til dette projekt med en sj\u00e6lden intensitet - skarp, vision\u00e6r, n\u00e6sten elektrisk. Ideen om s\u00f8lv dukkede tidligt op og forlod os aldrig. Det blev den struktur, som Fleur Danger blev bygget op omkring - en blomst, der gennemborer snarere end blomstrer. Pakket ind i metal og sp\u00e6nding beskytter den den bl\u00f8de sk\u00f8nhed indeni. Ugo formede en duft fuld af friktion og ynde, forankret i en unik st\u00e5lakkord. Fleur Danger er ikke dekorativ. Den er trodsig.<\/p>\n<p class=\"p1\">Fleur Danger er en blomst, der er smedet, ikke dyrket - f\u00f8dt i friktion, pakket ind i st\u00e5l. Denne abstrakte blomst g\u00e5r ud over naturen, formet af sp\u00e6ndinger og beskyttet af en rustning. Den er skabt af aldehyder, metal, ruskind, varme og beg\u00e6r og afbalancerer bl\u00f8dhed med struktur og kant med elegance. Det er en duft, der modst\u00e5r forventninger - b\u00e5de provokerende og pr\u00e6cis. Fleur Danger er ikke en blomst, der \u00e5bner sig; den bryder igennem. Kompositionen b\u00e6res som en kodet besked - skarp, sensuel og m\u00e6rkeligt menneskelig.<\/p>\n<p class=\"p1\">Duften \u00e5bner med en eksplosion af aldehyder og pink peber - skarp, luftig og lys som koldt metal. Et hjerte af safran, romabsolut og hindb\u00e6rneo skaber varme og dybde og tilf\u00f8jer en puls under overfladen. Finishen er glat og hudagtig, hvor Suederal- og Orcanox-molekyler smelter sammen med sandeltr\u00e6 og Gurjum-balsam og efterlader et dv\u00e6lende spor af l\u00e6der, varme og koldt st\u00e5l.<\/p>\n<p>&nbsp;<\/p>\n<p class=\"p1\">INGREDIENSER<\/p>\n<p>Noter: Aldehyder<span class=\"s1\">, <\/span>Pink Pepper Pure<span class=\"s1\">, <\/span><span class=\"s2\">Rom <\/span>Absolut, Safran<span class=\"s1\">, <\/span>Hindb\u00e6r<span class=\"s1\">, <\/span>Suederal <span class=\"s1\">Molekyle, <\/span><span class=\"s2\">Orcanox <\/span>Molekyle, Gurjum Balsam Essence <span class=\"s1\">Olie, <\/span>Sandeltr\u00e6 Indien<\/p>\n<\/div>\n<\/div>\n<\/div>\n<\/div>","protected":false},"excerpt":{"rendered":"<p>Blomst pakket ind i st\u00e5l<\/p>","protected":false},"featured_media":31235,"template":"","meta":{"_acf_changed":false},"product_brand":[],"product_cat":[418,15],"product_tag":[],"class_list":{"0":"post-31232","1":"product","2":"type-product","3":"status-publish","4":"has-post-thumbnail","6":"product_cat-new-arrivals","7":"product_cat-perfumes","8":"pa_brands-thomas-de-monaco","9":"pa_projection-moderate","10":"pa_sizes-2ml-sample","11":"pa_sizes-50ml","12":"pa_style-floral","14":"first","15":"instock","16":"taxable","17":"shipping-taxable","18":"purchasable","19":"product-type-variable","20":"add-to-wishlist-before_image"},"acf":[],"yoast_head":"<!-- This site is optimized with the Yoast SEO plugin v27.1.1 - https:\/\/yoast.com\/product\/yoast-seo-wordpress\/ -->\n<title>Fleur Danger Extrait de Parfum - Crime Passionnel Perfumes<\/title>\n<meta name=\"robots\" content=\"index, follow, max-snippet:-1, max-image-preview:large, max-video-preview:-1\" \/>\n<link rel=\"canonical\" href=\"https:\/\/crime-passionnel.com\/da\/vare\/fleur-danger\/\" \/>\n<meta property=\"og:locale\" content=\"da_DK\" \/>\n<meta property=\"og:type\" content=\"article\" \/>\n<meta property=\"og:title\" content=\"Fleur Danger Extrait de Parfum - Crime Passionnel Perfumes\" \/>\n<meta property=\"og:description\" content=\"Flower wrapped in steel\" \/>\n<meta property=\"og:url\" content=\"https:\/\/crime-passionnel.com\/da\/vare\/fleur-danger\/\" \/>\n<meta property=\"og:site_name\" content=\"Crime Passionnel\" \/>\n<meta property=\"article:publisher\" content=\"https:\/\/www.facebook.com\/crimepassionnel\/\" \/>\n<meta property=\"article:modified_time\" content=\"2025-12-03T14:56:53+00:00\" \/>\n<meta property=\"og:image\" content=\"https:\/\/crime-passionnel.com\/wp-content\/uploads\/2025\/10\/Fleur-Danger-scaled.jpg\" \/>\n\t<meta property=\"og:image:width\" content=\"1945\" \/>\n\t<meta property=\"og:image:height\" content=\"2560\" \/>\n\t<meta property=\"og:image:type\" content=\"image\/jpeg\" \/>\n<meta name=\"twitter:card\" content=\"summary_large_image\" \/>\n<meta name=\"twitter:label1\" content=\"Estimeret l\u00e6setid\" \/>\n\t<meta name=\"twitter:data1\" content=\"2 minutter\" \/>\n<script type=\"application\/ld+json\" class=\"yoast-schema-graph\">{\"@context\":\"https:\/\/schema.org\",\"@graph\":[{\"@type\":\"WebPage\",\"@id\":\"https:\/\/crime-passionnel.com\/product\/fleur-danger\/\",\"url\":\"https:\/\/crime-passionnel.com\/product\/fleur-danger\/\",\"name\":\"Fleur Danger Extrait de Parfum - Crime Passionnel Perfumes\",\"isPartOf\":{\"@id\":\"https:\/\/crime-passionnel.com\/#website\"},\"primaryImageOfPage\":{\"@id\":\"https:\/\/crime-passionnel.com\/product\/fleur-danger\/#primaryimage\"},\"image\":{\"@id\":\"https:\/\/crime-passionnel.com\/product\/fleur-danger\/#primaryimage\"},\"thumbnailUrl\":\"https:\/\/crime-passionnel.com\/wp-content\/uploads\/2025\/10\/Fleur-Danger-scaled.jpg\",\"datePublished\":\"2025-10-09T16:16:15+00:00\",\"dateModified\":\"2025-12-03T14:56:53+00:00\",\"breadcrumb\":{\"@id\":\"https:\/\/crime-passionnel.com\/product\/fleur-danger\/#breadcrumb\"},\"inLanguage\":\"da-DK\",\"potentialAction\":[{\"@type\":\"ReadAction\",\"target\":[\"https:\/\/crime-passionnel.com\/product\/fleur-danger\/\"]}]},{\"@type\":\"ImageObject\",\"inLanguage\":\"da-DK\",\"@id\":\"https:\/\/crime-passionnel.com\/product\/fleur-danger\/#primaryimage\",\"url\":\"https:\/\/crime-passionnel.com\/wp-content\/uploads\/2025\/10\/Fleur-Danger-scaled.jpg\",\"contentUrl\":\"https:\/\/crime-passionnel.com\/wp-content\/uploads\/2025\/10\/Fleur-Danger-scaled.jpg\",\"width\":1945,\"height\":2560,\"caption\":\"Fleur-Danger\"},{\"@type\":\"BreadcrumbList\",\"@id\":\"https:\/\/crime-passionnel.com\/product\/fleur-danger\/#breadcrumb\",\"itemListElement\":[{\"@type\":\"ListItem\",\"position\":1,\"name\":\"Home\",\"item\":\"https:\/\/crime-passionnel.com\/\"},{\"@type\":\"ListItem\",\"position\":2,\"name\":\"Products\",\"item\":\"https:\/\/crime-passionnel.com\/products\/\"},{\"@type\":\"ListItem\",\"position\":3,\"name\":\"Fleur Danger\"}]},{\"@type\":\"WebSite\",\"@id\":\"https:\/\/crime-passionnel.com\/#website\",\"url\":\"https:\/\/crime-passionnel.com\/\",\"name\":\"Crime Passionnel\",\"description\":\"\",\"publisher\":{\"@id\":\"https:\/\/crime-passionnel.com\/#organization\"},\"potentialAction\":[{\"@type\":\"SearchAction\",\"target\":{\"@type\":\"EntryPoint\",\"urlTemplate\":\"https:\/\/crime-passionnel.com\/?s={search_term_string}\"},\"query-input\":{\"@type\":\"PropertyValueSpecification\",\"valueRequired\":true,\"valueName\":\"search_term_string\"}}],\"inLanguage\":\"da-DK\"},{\"@type\":\"Organization\",\"@id\":\"https:\/\/crime-passionnel.com\/#organization\",\"name\":\"Crime Passionnel\",\"url\":\"https:\/\/crime-passionnel.com\/\",\"logo\":{\"@type\":\"ImageObject\",\"inLanguage\":\"da-DK\",\"@id\":\"https:\/\/crime-passionnel.com\/#\/schema\/logo\/image\/\",\"url\":\"https:\/\/crime-passionnel.com\/wp-content\/uploads\/2021\/07\/logo.png\",\"contentUrl\":\"https:\/\/crime-passionnel.com\/wp-content\/uploads\/2021\/07\/logo.png\",\"width\":128,\"height\":50,\"caption\":\"Crime Passionnel\"},\"image\":{\"@id\":\"https:\/\/crime-passionnel.com\/#\/schema\/logo\/image\/\"},\"sameAs\":[\"https:\/\/www.facebook.com\/crimepassionnel\/\",\"https:\/\/www.instagram.com\/crime.passionnel\/\"]}]}<\/script>\n<!-- \/ Yoast SEO plugin. -->","yoast_head_json":{"title":"Fleur Danger Extrait de Parfum - Crime Passionnel Perfumes","robots":{"index":"index","follow":"follow","max-snippet":"max-snippet:-1","max-image-preview":"max-image-preview:large","max-video-preview":"max-video-preview:-1"},"canonical":"https:\/\/crime-passionnel.com\/da\/vare\/fleur-danger\/","og_locale":"da_DK","og_type":"article","og_title":"Fleur Danger Extrait de Parfum - Crime Passionnel Perfumes","og_description":"Flower wrapped in steel","og_url":"https:\/\/crime-passionnel.com\/da\/vare\/fleur-danger\/","og_site_name":"Crime Passionnel","article_publisher":"https:\/\/www.facebook.com\/crimepassionnel\/","article_modified_time":"2025-12-03T14:56:53+00:00","og_image":[{"width":1945,"height":2560,"url":"https:\/\/crime-passionnel.com\/wp-content\/uploads\/2025\/10\/Fleur-Danger-scaled.jpg","type":"image\/jpeg"}],"twitter_card":"summary_large_image","twitter_misc":{"Estimeret l\u00e6setid":"2 minutter"},"schema":{"@context":"https:\/\/schema.org","@graph":[{"@type":"WebPage","@id":"https:\/\/crime-passionnel.com\/product\/fleur-danger\/","url":"https:\/\/crime-passionnel.com\/product\/fleur-danger\/","name":"Fleur Danger Extrait de Parfum - Crime Passionnel Perfumes","isPartOf":{"@id":"https:\/\/crime-passionnel.com\/#website"},"primaryImageOfPage":{"@id":"https:\/\/crime-passionnel.com\/product\/fleur-danger\/#primaryimage"},"image":{"@id":"https:\/\/crime-passionnel.com\/product\/fleur-danger\/#primaryimage"},"thumbnailUrl":"https:\/\/crime-passionnel.com\/wp-content\/uploads\/2025\/10\/Fleur-Danger-scaled.jpg","datePublished":"2025-10-09T16:16:15+00:00","dateModified":"2025-12-03T14:56:53+00:00","breadcrumb":{"@id":"https:\/\/crime-passionnel.com\/product\/fleur-danger\/#breadcrumb"},"inLanguage":"da-DK","potentialAction":[{"@type":"ReadAction","target":["https:\/\/crime-passionnel.com\/product\/fleur-danger\/"]}]},{"@type":"ImageObject","inLanguage":"da-DK","@id":"https:\/\/crime-passionnel.com\/product\/fleur-danger\/#primaryimage","url":"https:\/\/crime-passionnel.com\/wp-content\/uploads\/2025\/10\/Fleur-Danger-scaled.jpg","contentUrl":"https:\/\/crime-passionnel.com\/wp-content\/uploads\/2025\/10\/Fleur-Danger-scaled.jpg","width":1945,"height":2560,"caption":"Fleur-Danger"},{"@type":"BreadcrumbList","@id":"https:\/\/crime-passionnel.com\/product\/fleur-danger\/#breadcrumb","itemListElement":[{"@type":"ListItem","position":1,"name":"Home","item":"https:\/\/crime-passionnel.com\/"},{"@type":"ListItem","position":2,"name":"Products","item":"https:\/\/crime-passionnel.com\/products\/"},{"@type":"ListItem","position":3,"name":"Fleur Danger"}]},{"@type":"WebSite","@id":"https:\/\/crime-passionnel.com\/#website","url":"https:\/\/crime-passionnel.com\/","name":"Forbrydelse og lidenskab","description":"","publisher":{"@id":"https:\/\/crime-passionnel.com\/#organization"},"potentialAction":[{"@type":"SearchAction","target":{"@type":"EntryPoint","urlTemplate":"https:\/\/crime-passionnel.com\/?s={search_term_string}"},"query-input":{"@type":"PropertyValueSpecification","valueRequired":true,"valueName":"search_term_string"}}],"inLanguage":"da-DK"},{"@type":"Organization","@id":"https:\/\/crime-passionnel.com\/#organization","name":"Forbrydelse og lidenskab","url":"https:\/\/crime-passionnel.com\/","logo":{"@type":"ImageObject","inLanguage":"da-DK","@id":"https:\/\/crime-passionnel.com\/#\/schema\/logo\/image\/","url":"https:\/\/crime-passionnel.com\/wp-content\/uploads\/2021\/07\/logo.png","contentUrl":"https:\/\/crime-passionnel.com\/wp-content\/uploads\/2021\/07\/logo.png","width":128,"height":50,"caption":"Crime Passionnel"},"image":{"@id":"https:\/\/crime-passionnel.com\/#\/schema\/logo\/image\/"},"sameAs":["https:\/\/www.facebook.com\/crimepassionnel\/","https:\/\/www.instagram.com\/crime.passionnel\/"]}]}},"_links":{"self":[{"href":"https:\/\/crime-passionnel.com\/da\/wp-json\/wp\/v2\/product\/31232","targetHints":{"allow":["GET"]}}],"collection":[{"href":"https:\/\/crime-passionnel.com\/da\/wp-json\/wp\/v2\/product"}],"about":[{"href":"https:\/\/crime-passionnel.com\/da\/wp-json\/wp\/v2\/types\/product"}],"wp:featuredmedia":[{"embeddable":true,"href":"https:\/\/crime-passionnel.com\/da\/wp-json\/wp\/v2\/media\/31235"}],"wp:attachment":[{"href":"https:\/\/crime-passionnel.com\/da\/wp-json\/wp\/v2\/media?parent=31232"}],"wp:term":[{"taxonomy":"product_brand","embeddable":true,"href":"https:\/\/crime-passionnel.com\/da\/wp-json\/wp\/v2\/product_brand?post=31232"},{"taxonomy":"product_cat","embeddable":true,"href":"https:\/\/crime-passionnel.com\/da\/wp-json\/wp\/v2\/product_cat?post=31232"},{"taxonomy":"product_tag","embeddable":true,"href":"https:\/\/crime-passionnel.com\/da\/wp-json\/wp\/v2\/product_tag?post=31232"}],"curies":[{"name":"wp","href":"https:\/\/api.w.org\/{rel}","templated":true}]}}