{"id":31227,"date":"2025-10-09T15:55:53","date_gmt":"2025-10-09T15:55:53","guid":{"rendered":"https:\/\/crime-passionnel.com\/?post_type=product&#038;p=31227"},"modified":"2026-03-26T12:58:50","modified_gmt":"2026-03-26T12:58:50","slug":"jade-amour","status":"publish","type":"product","link":"https:\/\/crime-passionnel.com\/da\/vare\/jade-amour\/","title":{"rendered":"Jade Amour"},"content":{"rendered":"<div class=\"page\" title=\"Side 8\">\n<div class=\"section\">\n<div class=\"layoutArea\">\n<div class=\"column\">\n<p class=\"p1\">David Chieze fortalte mig engang om en blomst, han havde set under sine studier i Lyon - Liane de Jade. Sl\u00e5ende i sin form, hypnotiserende i sin farve, men uden duft. Det frav\u00e6r blev hos ham. \u00c5r senere vendte han tilbage til den med et sp\u00f8rgsm\u00e5l: Hvordan ville denne blomst dufte, hvis naturen havde fuldendt den? Jade Amour er hans svar - en duft udt\u00e6nkt i stilhed, formet med f\u00f8lelser og pr\u00e6cision. Den er intim og lysende og giver n\u00e6rv\u00e6r til noget, der aldrig har haft det.<\/p>\n<p class=\"p1\">Jade Amour er en duft, der er skabt til en blomst, som aldrig har haft en duft. Inspireret af Liane de Jade - surrealistisk i farven, tavs i duften - bringer denne parfume n\u00e6rv\u00e6r til frav\u00e6r. Den genopfinder ideen om blomster gennem lysende citrus, bl\u00f8de frugtagtige kurver og en levende gr\u00f8n akkord, der gl\u00f8der som selve vinstokken. Cremet sandeltr\u00e6 og bl\u00f8d moskus giver den en hudlignende intimitet og g\u00f8r det umulige til noget \u00f8mt, sensuelt og \u00e6gte.<br \/>\nDuften \u00e5bner med det funklende lys fra gul mandarin og bergamot, lyst og levende som det f\u00f8rste glimt af jadevinen i blomst. I hjertet vikler en abstrakt Liane de Jade-akkord sig om solrig Ylang-Ylang og str\u00e5lende Jasmine Absolute og skaber en blomsternote, der er b\u00e5de velkendt og fantastisk. Efterh\u00e5nden som den folder sig ud, danner en base af cremet vanilje, haitisk vetiver og australsk sandeltr\u00e6 grundlaget for kompositionen, mens en hvisken af muscone bliver h\u00e6ngende som en anden hud - intim, flydende og helt ny.<\/p>\n<p>&nbsp;<\/p>\n<p class=\"p1\">INGREDIENSER<\/p>\n<p>Noter: Gul mandarin <span class=\"s1\">Olie, <\/span>Liane de Jade <span class=\"s1\">Aftale, <\/span>Bergamot <span class=\"s1\">Olie, <\/span>Ylang-Ylang Comores <span class=\"s1\">Olie, <\/span>Jasmin Egypten <span class=\"s1\">Absolut, <\/span>Vanilje Madagaskar <span class=\"s1\">Absolut, <\/span>Vetiver Haiti <span class=\"s1\">Olie, <\/span><span class=\"s2\">Muscone <\/span>Molekyle, Sandeltr\u00e6 Album Australien <span class=\"s1\">Olie<\/span><\/p>\n<\/div>\n<\/div>\n<\/div>\n<\/div>","protected":false},"excerpt":{"rendered":"<p>Forestillet duft til en blomst, der aldrig har haft en duft<\/p>","protected":false},"featured_media":31230,"template":"","meta":{"_acf_changed":false},"product_brand":[],"product_cat":[418,15],"product_tag":[],"class_list":{"0":"post-31227","1":"product","2":"type-product","3":"status-publish","4":"has-post-thumbnail","6":"product_cat-new-arrivals","7":"product_cat-perfumes","8":"pa_brands-thomas-de-monaco","9":"pa_projection-moderate","10":"pa_sizes-2ml-sample","11":"pa_sizes-50ml","12":"pa_style-floral","14":"first","15":"instock","16":"taxable","17":"shipping-taxable","18":"purchasable","19":"product-type-variable","20":"add-to-wishlist-before_image"},"acf":[],"yoast_head":"<!-- This site is optimized with the Yoast SEO plugin v27.1.1 - https:\/\/yoast.com\/product\/yoast-seo-wordpress\/ -->\n<title>Jade Amour Extrait de Parfum - Crime Passionnel Perfumes<\/title>\n<meta name=\"robots\" content=\"index, follow, max-snippet:-1, max-image-preview:large, max-video-preview:-1\" \/>\n<link rel=\"canonical\" href=\"https:\/\/crime-passionnel.com\/da\/vare\/jade-amour\/\" \/>\n<meta property=\"og:locale\" content=\"da_DK\" \/>\n<meta property=\"og:type\" content=\"article\" \/>\n<meta property=\"og:title\" content=\"Jade Amour Extrait de Parfum - Crime Passionnel Perfumes\" \/>\n<meta property=\"og:description\" content=\"Scent imagined for a flower that never had a fragrance\" \/>\n<meta property=\"og:url\" content=\"https:\/\/crime-passionnel.com\/da\/vare\/jade-amour\/\" \/>\n<meta property=\"og:site_name\" content=\"Crime Passionnel\" \/>\n<meta property=\"article:publisher\" content=\"https:\/\/www.facebook.com\/crimepassionnel\/\" \/>\n<meta property=\"article:modified_time\" content=\"2026-03-26T12:58:50+00:00\" \/>\n<meta property=\"og:image\" content=\"https:\/\/crime-passionnel.com\/wp-content\/uploads\/2025\/10\/Jade-Amour-scaled.jpg\" \/>\n\t<meta property=\"og:image:width\" content=\"1945\" \/>\n\t<meta property=\"og:image:height\" content=\"2560\" \/>\n\t<meta property=\"og:image:type\" content=\"image\/jpeg\" \/>\n<meta name=\"twitter:card\" content=\"summary_large_image\" \/>\n<meta name=\"twitter:label1\" content=\"Estimeret l\u00e6setid\" \/>\n\t<meta name=\"twitter:data1\" content=\"2 minutter\" \/>\n<script type=\"application\/ld+json\" class=\"yoast-schema-graph\">{\"@context\":\"https:\/\/schema.org\",\"@graph\":[{\"@type\":\"WebPage\",\"@id\":\"https:\/\/crime-passionnel.com\/product\/jade-amour\/\",\"url\":\"https:\/\/crime-passionnel.com\/product\/jade-amour\/\",\"name\":\"Jade Amour Extrait de Parfum - Crime Passionnel Perfumes\",\"isPartOf\":{\"@id\":\"https:\/\/crime-passionnel.com\/#website\"},\"primaryImageOfPage\":{\"@id\":\"https:\/\/crime-passionnel.com\/product\/jade-amour\/#primaryimage\"},\"image\":{\"@id\":\"https:\/\/crime-passionnel.com\/product\/jade-amour\/#primaryimage\"},\"thumbnailUrl\":\"https:\/\/crime-passionnel.com\/wp-content\/uploads\/2025\/10\/Jade-Amour-scaled.jpg\",\"datePublished\":\"2025-10-09T15:55:53+00:00\",\"dateModified\":\"2026-03-26T12:58:50+00:00\",\"breadcrumb\":{\"@id\":\"https:\/\/crime-passionnel.com\/product\/jade-amour\/#breadcrumb\"},\"inLanguage\":\"da-DK\",\"potentialAction\":[{\"@type\":\"ReadAction\",\"target\":[\"https:\/\/crime-passionnel.com\/product\/jade-amour\/\"]}]},{\"@type\":\"ImageObject\",\"inLanguage\":\"da-DK\",\"@id\":\"https:\/\/crime-passionnel.com\/product\/jade-amour\/#primaryimage\",\"url\":\"https:\/\/crime-passionnel.com\/wp-content\/uploads\/2025\/10\/Jade-Amour-scaled.jpg\",\"contentUrl\":\"https:\/\/crime-passionnel.com\/wp-content\/uploads\/2025\/10\/Jade-Amour-scaled.jpg\",\"width\":1945,\"height\":2560,\"caption\":\"Jade-Amour\"},{\"@type\":\"BreadcrumbList\",\"@id\":\"https:\/\/crime-passionnel.com\/product\/jade-amour\/#breadcrumb\",\"itemListElement\":[{\"@type\":\"ListItem\",\"position\":1,\"name\":\"Home\",\"item\":\"https:\/\/crime-passionnel.com\/\"},{\"@type\":\"ListItem\",\"position\":2,\"name\":\"Products\",\"item\":\"https:\/\/crime-passionnel.com\/products\/\"},{\"@type\":\"ListItem\",\"position\":3,\"name\":\"Jade Amour\"}]},{\"@type\":\"WebSite\",\"@id\":\"https:\/\/crime-passionnel.com\/#website\",\"url\":\"https:\/\/crime-passionnel.com\/\",\"name\":\"Crime Passionnel\",\"description\":\"\",\"publisher\":{\"@id\":\"https:\/\/crime-passionnel.com\/#organization\"},\"potentialAction\":[{\"@type\":\"SearchAction\",\"target\":{\"@type\":\"EntryPoint\",\"urlTemplate\":\"https:\/\/crime-passionnel.com\/?s={search_term_string}\"},\"query-input\":{\"@type\":\"PropertyValueSpecification\",\"valueRequired\":true,\"valueName\":\"search_term_string\"}}],\"inLanguage\":\"da-DK\"},{\"@type\":\"Organization\",\"@id\":\"https:\/\/crime-passionnel.com\/#organization\",\"name\":\"Crime Passionnel\",\"url\":\"https:\/\/crime-passionnel.com\/\",\"logo\":{\"@type\":\"ImageObject\",\"inLanguage\":\"da-DK\",\"@id\":\"https:\/\/crime-passionnel.com\/#\/schema\/logo\/image\/\",\"url\":\"https:\/\/crime-passionnel.com\/wp-content\/uploads\/2021\/07\/logo.png\",\"contentUrl\":\"https:\/\/crime-passionnel.com\/wp-content\/uploads\/2021\/07\/logo.png\",\"width\":128,\"height\":50,\"caption\":\"Crime Passionnel\"},\"image\":{\"@id\":\"https:\/\/crime-passionnel.com\/#\/schema\/logo\/image\/\"},\"sameAs\":[\"https:\/\/www.facebook.com\/crimepassionnel\/\",\"https:\/\/www.instagram.com\/crime.passionnel\/\"]}]}<\/script>\n<!-- \/ Yoast SEO plugin. -->","yoast_head_json":{"title":"Jade Amour Extrait de Parfum - Crime Passionnel Perfumes","robots":{"index":"index","follow":"follow","max-snippet":"max-snippet:-1","max-image-preview":"max-image-preview:large","max-video-preview":"max-video-preview:-1"},"canonical":"https:\/\/crime-passionnel.com\/da\/vare\/jade-amour\/","og_locale":"da_DK","og_type":"article","og_title":"Jade Amour Extrait de Parfum - Crime Passionnel Perfumes","og_description":"Scent imagined for a flower that never had a fragrance","og_url":"https:\/\/crime-passionnel.com\/da\/vare\/jade-amour\/","og_site_name":"Crime Passionnel","article_publisher":"https:\/\/www.facebook.com\/crimepassionnel\/","article_modified_time":"2026-03-26T12:58:50+00:00","og_image":[{"width":1945,"height":2560,"url":"https:\/\/crime-passionnel.com\/wp-content\/uploads\/2025\/10\/Jade-Amour-scaled.jpg","type":"image\/jpeg"}],"twitter_card":"summary_large_image","twitter_misc":{"Estimeret l\u00e6setid":"2 minutter"},"schema":{"@context":"https:\/\/schema.org","@graph":[{"@type":"WebPage","@id":"https:\/\/crime-passionnel.com\/product\/jade-amour\/","url":"https:\/\/crime-passionnel.com\/product\/jade-amour\/","name":"Jade Amour Extrait de Parfum - Crime Passionnel Perfumes","isPartOf":{"@id":"https:\/\/crime-passionnel.com\/#website"},"primaryImageOfPage":{"@id":"https:\/\/crime-passionnel.com\/product\/jade-amour\/#primaryimage"},"image":{"@id":"https:\/\/crime-passionnel.com\/product\/jade-amour\/#primaryimage"},"thumbnailUrl":"https:\/\/crime-passionnel.com\/wp-content\/uploads\/2025\/10\/Jade-Amour-scaled.jpg","datePublished":"2025-10-09T15:55:53+00:00","dateModified":"2026-03-26T12:58:50+00:00","breadcrumb":{"@id":"https:\/\/crime-passionnel.com\/product\/jade-amour\/#breadcrumb"},"inLanguage":"da-DK","potentialAction":[{"@type":"ReadAction","target":["https:\/\/crime-passionnel.com\/product\/jade-amour\/"]}]},{"@type":"ImageObject","inLanguage":"da-DK","@id":"https:\/\/crime-passionnel.com\/product\/jade-amour\/#primaryimage","url":"https:\/\/crime-passionnel.com\/wp-content\/uploads\/2025\/10\/Jade-Amour-scaled.jpg","contentUrl":"https:\/\/crime-passionnel.com\/wp-content\/uploads\/2025\/10\/Jade-Amour-scaled.jpg","width":1945,"height":2560,"caption":"Jade-Amour"},{"@type":"BreadcrumbList","@id":"https:\/\/crime-passionnel.com\/product\/jade-amour\/#breadcrumb","itemListElement":[{"@type":"ListItem","position":1,"name":"Home","item":"https:\/\/crime-passionnel.com\/"},{"@type":"ListItem","position":2,"name":"Products","item":"https:\/\/crime-passionnel.com\/products\/"},{"@type":"ListItem","position":3,"name":"Jade Amour"}]},{"@type":"WebSite","@id":"https:\/\/crime-passionnel.com\/#website","url":"https:\/\/crime-passionnel.com\/","name":"Forbrydelse og lidenskab","description":"","publisher":{"@id":"https:\/\/crime-passionnel.com\/#organization"},"potentialAction":[{"@type":"SearchAction","target":{"@type":"EntryPoint","urlTemplate":"https:\/\/crime-passionnel.com\/?s={search_term_string}"},"query-input":{"@type":"PropertyValueSpecification","valueRequired":true,"valueName":"search_term_string"}}],"inLanguage":"da-DK"},{"@type":"Organization","@id":"https:\/\/crime-passionnel.com\/#organization","name":"Forbrydelse og lidenskab","url":"https:\/\/crime-passionnel.com\/","logo":{"@type":"ImageObject","inLanguage":"da-DK","@id":"https:\/\/crime-passionnel.com\/#\/schema\/logo\/image\/","url":"https:\/\/crime-passionnel.com\/wp-content\/uploads\/2021\/07\/logo.png","contentUrl":"https:\/\/crime-passionnel.com\/wp-content\/uploads\/2021\/07\/logo.png","width":128,"height":50,"caption":"Crime Passionnel"},"image":{"@id":"https:\/\/crime-passionnel.com\/#\/schema\/logo\/image\/"},"sameAs":["https:\/\/www.facebook.com\/crimepassionnel\/","https:\/\/www.instagram.com\/crime.passionnel\/"]}]}},"_links":{"self":[{"href":"https:\/\/crime-passionnel.com\/da\/wp-json\/wp\/v2\/product\/31227","targetHints":{"allow":["GET"]}}],"collection":[{"href":"https:\/\/crime-passionnel.com\/da\/wp-json\/wp\/v2\/product"}],"about":[{"href":"https:\/\/crime-passionnel.com\/da\/wp-json\/wp\/v2\/types\/product"}],"wp:featuredmedia":[{"embeddable":true,"href":"https:\/\/crime-passionnel.com\/da\/wp-json\/wp\/v2\/media\/31230"}],"wp:attachment":[{"href":"https:\/\/crime-passionnel.com\/da\/wp-json\/wp\/v2\/media?parent=31227"}],"wp:term":[{"taxonomy":"product_brand","embeddable":true,"href":"https:\/\/crime-passionnel.com\/da\/wp-json\/wp\/v2\/product_brand?post=31227"},{"taxonomy":"product_cat","embeddable":true,"href":"https:\/\/crime-passionnel.com\/da\/wp-json\/wp\/v2\/product_cat?post=31227"},{"taxonomy":"product_tag","embeddable":true,"href":"https:\/\/crime-passionnel.com\/da\/wp-json\/wp\/v2\/product_tag?post=31227"}],"curies":[{"name":"wp","href":"https:\/\/api.w.org\/{rel}","templated":true}]}}