{"id":31000,"date":"2025-09-05T06:06:42","date_gmt":"2025-09-05T06:06:42","guid":{"rendered":"https:\/\/crime-passionnel.com\/?post_type=product&#038;p=31000"},"modified":"2026-04-08T14:36:27","modified_gmt":"2026-04-08T14:36:27","slug":"last-season","status":"publish","type":"product","link":"https:\/\/crime-passionnel.com\/da\/vare\/last-season\/","title":{"rendered":"Sidste s\u00e6son"},"content":{"rendered":"<p>Forestil dig, at verden pludselig opdager sig selv for dig, gennem skovene, \u00d8sters\u00f8ens vand, lyset, der filtrerer gennem bladene p\u00e5 \u00e5rhundreder gamle tr\u00e6er. Forestil dig at h\u00f8re jordens stemme for f\u00f8rste gang og for altid. Last Season blev f\u00f8dt ud af en rejse, jeg foretog til Sverige. I disse dage med fred, sk\u00f8nhed og venskab genopdagede jeg for et \u00f8jeblik den rene f\u00f8lelse, som er vores sk\u00e6bne: altid at g\u00e5 dybere, at opleve dem, at forst\u00e5 og gl\u00e6de sig over dem, at vove sig ud i livet. Den dybde fort\u00e6lles gennem denne duft, som kun overlader sin stemme til naturen.<\/p>\n<p>Last Season fort\u00e6ller om mine f\u00f8rste skridt p\u00e5 det uber\u00f8rte sted, en varm augustmorgen, og de aromatiske noter fort\u00e6ller om ankomsten til mosenes \u00f8. Alt her er neds\u00e6nket, og som forf\u00e6drenes m\u00e5nepr\u00e6sens binder algerne os til vandet, mens vi ligger p\u00e5 \u00d8sters\u00f8ens m\u00f8rke klipper. Og s\u00e5 de langsomme, respektfulde skridt fra os g\u00e6ster i dette gr\u00f8nne, jordn\u00e6re, fugtige rum. Solen varmer tr\u00e6ernes bark, dyrene ser fra deres huler p\u00e5 os, m\u00e6nd alene, i hjertet af naturen. Moder Natur, jeg har krydset alle have for at se dig, krydset alle skove for at tale med dig, for at lytte til din duft, og nu hvor jeg er her, er jeg m\u00e5ll\u00f8s, jeg lukker \u00f8jnene og lytter til din essens, i denne sidste s\u00e6son.<\/p>\n<p>\"Jeg s\u00e5 en fjern verden,<br \/>\ni skovens og vandets stilhed.<br \/>\nStilheden blev brudt<br \/>\naf den hvide svanes stemme,<br \/>\naf gr\u00e5hejrens flugt.<br \/>\nDer er en verden, hvor vi ikke l\u00e6ngere ser os selv,<br \/>\nmen kun den sk\u00f8nhed, der omgiver os.<br \/>\nVi er ingenting, men vi lytter til verdens essens.<br \/>\nDen ende, den gr\u00e6nse,<br \/>\nJeg fandt den her.\"<\/p>\n<p>&nbsp;<\/p>\n<p>Ingredienser<\/p>\n<p>Noter: Immortelle, Kamille, Artemisia, Laurb\u00e6r, Canadisk fyr, Galbanum, Alga Fucus, Mate, H\u00f8, Cistus, Costus, Vetiver, Labdanum, Sandeltr\u00e6, Patchouli, Egemos, Tobak, Cedertr\u00e6, Guaiacum, Moskus, Birk, Myrra, Olibanum, L\u00e6der, Oud, Castoreum.<\/p>","protected":false},"excerpt":{"rendered":"<p>En \u00f8 af mosser<\/p>","protected":false},"featured_media":31008,"template":"","meta":{"_acf_changed":false},"product_brand":[],"product_cat":[418,15],"product_tag":[],"class_list":{"0":"post-31000","1":"product","2":"type-product","3":"status-publish","4":"has-post-thumbnail","6":"product_cat-new-arrivals","7":"product_cat-perfumes","8":"pa_brands-meo-fusciuni","9":"pa_projection-moderate","10":"pa_sizes-2ml-sample","11":"pa_sizes-100ml","12":"pa_style-woody","13":"pa_style-green","15":"first","16":"instock","17":"taxable","18":"shipping-taxable","19":"purchasable","20":"product-type-variable","21":"add-to-wishlist-before_image"},"acf":[],"yoast_head":"<!-- This site is optimized with the Yoast SEO plugin v27.1.1 - https:\/\/yoast.com\/product\/yoast-seo-wordpress\/ -->\n<title>Last Season Extrait de Parfum - Crime Passionnel Perfumes<\/title>\n<meta name=\"robots\" content=\"index, follow, max-snippet:-1, max-image-preview:large, max-video-preview:-1\" \/>\n<link rel=\"canonical\" href=\"https:\/\/crime-passionnel.com\/da\/vare\/last-season\/\" \/>\n<meta property=\"og:locale\" content=\"da_DK\" \/>\n<meta property=\"og:type\" content=\"article\" \/>\n<meta property=\"og:title\" content=\"Last Season Extrait de Parfum - Crime Passionnel Perfumes\" \/>\n<meta property=\"og:description\" content=\"Island of mosses\" \/>\n<meta property=\"og:url\" content=\"https:\/\/crime-passionnel.com\/da\/vare\/last-season\/\" \/>\n<meta property=\"og:site_name\" content=\"Crime Passionnel\" \/>\n<meta property=\"article:publisher\" content=\"https:\/\/www.facebook.com\/crimepassionnel\/\" \/>\n<meta property=\"article:modified_time\" content=\"2026-04-08T14:36:27+00:00\" \/>\n<meta property=\"og:image\" content=\"https:\/\/crime-passionnel.com\/wp-content\/uploads\/2025\/09\/Last-Season-scaled.jpg\" \/>\n\t<meta property=\"og:image:width\" content=\"1945\" \/>\n\t<meta property=\"og:image:height\" content=\"2560\" \/>\n\t<meta property=\"og:image:type\" content=\"image\/jpeg\" \/>\n<meta name=\"twitter:card\" content=\"summary_large_image\" \/>\n<meta name=\"twitter:label1\" content=\"Estimeret l\u00e6setid\" \/>\n\t<meta name=\"twitter:data1\" content=\"2 minutter\" \/>\n<script type=\"application\/ld+json\" class=\"yoast-schema-graph\">{\"@context\":\"https:\/\/schema.org\",\"@graph\":[{\"@type\":\"WebPage\",\"@id\":\"https:\/\/crime-passionnel.com\/product\/last-season\/\",\"url\":\"https:\/\/crime-passionnel.com\/product\/last-season\/\",\"name\":\"Last Season Extrait de Parfum - Crime Passionnel Perfumes\",\"isPartOf\":{\"@id\":\"https:\/\/crime-passionnel.com\/#website\"},\"primaryImageOfPage\":{\"@id\":\"https:\/\/crime-passionnel.com\/product\/last-season\/#primaryimage\"},\"image\":{\"@id\":\"https:\/\/crime-passionnel.com\/product\/last-season\/#primaryimage\"},\"thumbnailUrl\":\"https:\/\/crime-passionnel.com\/wp-content\/uploads\/2025\/09\/Last-Season-scaled.jpg\",\"datePublished\":\"2025-09-05T06:06:42+00:00\",\"dateModified\":\"2026-04-08T14:36:27+00:00\",\"breadcrumb\":{\"@id\":\"https:\/\/crime-passionnel.com\/product\/last-season\/#breadcrumb\"},\"inLanguage\":\"da-DK\",\"potentialAction\":[{\"@type\":\"ReadAction\",\"target\":[\"https:\/\/crime-passionnel.com\/product\/last-season\/\"]}]},{\"@type\":\"ImageObject\",\"inLanguage\":\"da-DK\",\"@id\":\"https:\/\/crime-passionnel.com\/product\/last-season\/#primaryimage\",\"url\":\"https:\/\/crime-passionnel.com\/wp-content\/uploads\/2025\/09\/Last-Season-scaled.jpg\",\"contentUrl\":\"https:\/\/crime-passionnel.com\/wp-content\/uploads\/2025\/09\/Last-Season-scaled.jpg\",\"width\":1945,\"height\":2560,\"caption\":\"Last-Season\"},{\"@type\":\"BreadcrumbList\",\"@id\":\"https:\/\/crime-passionnel.com\/product\/last-season\/#breadcrumb\",\"itemListElement\":[{\"@type\":\"ListItem\",\"position\":1,\"name\":\"Home\",\"item\":\"https:\/\/crime-passionnel.com\/\"},{\"@type\":\"ListItem\",\"position\":2,\"name\":\"Products\",\"item\":\"https:\/\/crime-passionnel.com\/products\/\"},{\"@type\":\"ListItem\",\"position\":3,\"name\":\"Last Season\"}]},{\"@type\":\"WebSite\",\"@id\":\"https:\/\/crime-passionnel.com\/#website\",\"url\":\"https:\/\/crime-passionnel.com\/\",\"name\":\"Crime Passionnel\",\"description\":\"\",\"publisher\":{\"@id\":\"https:\/\/crime-passionnel.com\/#organization\"},\"potentialAction\":[{\"@type\":\"SearchAction\",\"target\":{\"@type\":\"EntryPoint\",\"urlTemplate\":\"https:\/\/crime-passionnel.com\/?s={search_term_string}\"},\"query-input\":{\"@type\":\"PropertyValueSpecification\",\"valueRequired\":true,\"valueName\":\"search_term_string\"}}],\"inLanguage\":\"da-DK\"},{\"@type\":\"Organization\",\"@id\":\"https:\/\/crime-passionnel.com\/#organization\",\"name\":\"Crime Passionnel\",\"url\":\"https:\/\/crime-passionnel.com\/\",\"logo\":{\"@type\":\"ImageObject\",\"inLanguage\":\"da-DK\",\"@id\":\"https:\/\/crime-passionnel.com\/#\/schema\/logo\/image\/\",\"url\":\"https:\/\/crime-passionnel.com\/wp-content\/uploads\/2021\/07\/logo.png\",\"contentUrl\":\"https:\/\/crime-passionnel.com\/wp-content\/uploads\/2021\/07\/logo.png\",\"width\":128,\"height\":50,\"caption\":\"Crime Passionnel\"},\"image\":{\"@id\":\"https:\/\/crime-passionnel.com\/#\/schema\/logo\/image\/\"},\"sameAs\":[\"https:\/\/www.facebook.com\/crimepassionnel\/\",\"https:\/\/www.instagram.com\/crime.passionnel\/\"]}]}<\/script>\n<!-- \/ Yoast SEO plugin. -->","yoast_head_json":{"title":"Last Season Extrait de Parfum - Crime Passionnel Perfumes","robots":{"index":"index","follow":"follow","max-snippet":"max-snippet:-1","max-image-preview":"max-image-preview:large","max-video-preview":"max-video-preview:-1"},"canonical":"https:\/\/crime-passionnel.com\/da\/vare\/last-season\/","og_locale":"da_DK","og_type":"article","og_title":"Last Season Extrait de Parfum - Crime Passionnel Perfumes","og_description":"Island of mosses","og_url":"https:\/\/crime-passionnel.com\/da\/vare\/last-season\/","og_site_name":"Crime Passionnel","article_publisher":"https:\/\/www.facebook.com\/crimepassionnel\/","article_modified_time":"2026-04-08T14:36:27+00:00","og_image":[{"width":1945,"height":2560,"url":"https:\/\/crime-passionnel.com\/wp-content\/uploads\/2025\/09\/Last-Season-scaled.jpg","type":"image\/jpeg"}],"twitter_card":"summary_large_image","twitter_misc":{"Estimeret l\u00e6setid":"2 minutter"},"schema":{"@context":"https:\/\/schema.org","@graph":[{"@type":"WebPage","@id":"https:\/\/crime-passionnel.com\/product\/last-season\/","url":"https:\/\/crime-passionnel.com\/product\/last-season\/","name":"Last Season Extrait de Parfum - Crime Passionnel Perfumes","isPartOf":{"@id":"https:\/\/crime-passionnel.com\/#website"},"primaryImageOfPage":{"@id":"https:\/\/crime-passionnel.com\/product\/last-season\/#primaryimage"},"image":{"@id":"https:\/\/crime-passionnel.com\/product\/last-season\/#primaryimage"},"thumbnailUrl":"https:\/\/crime-passionnel.com\/wp-content\/uploads\/2025\/09\/Last-Season-scaled.jpg","datePublished":"2025-09-05T06:06:42+00:00","dateModified":"2026-04-08T14:36:27+00:00","breadcrumb":{"@id":"https:\/\/crime-passionnel.com\/product\/last-season\/#breadcrumb"},"inLanguage":"da-DK","potentialAction":[{"@type":"ReadAction","target":["https:\/\/crime-passionnel.com\/product\/last-season\/"]}]},{"@type":"ImageObject","inLanguage":"da-DK","@id":"https:\/\/crime-passionnel.com\/product\/last-season\/#primaryimage","url":"https:\/\/crime-passionnel.com\/wp-content\/uploads\/2025\/09\/Last-Season-scaled.jpg","contentUrl":"https:\/\/crime-passionnel.com\/wp-content\/uploads\/2025\/09\/Last-Season-scaled.jpg","width":1945,"height":2560,"caption":"Last-Season"},{"@type":"BreadcrumbList","@id":"https:\/\/crime-passionnel.com\/product\/last-season\/#breadcrumb","itemListElement":[{"@type":"ListItem","position":1,"name":"Home","item":"https:\/\/crime-passionnel.com\/"},{"@type":"ListItem","position":2,"name":"Products","item":"https:\/\/crime-passionnel.com\/products\/"},{"@type":"ListItem","position":3,"name":"Last Season"}]},{"@type":"WebSite","@id":"https:\/\/crime-passionnel.com\/#website","url":"https:\/\/crime-passionnel.com\/","name":"Forbrydelse og lidenskab","description":"","publisher":{"@id":"https:\/\/crime-passionnel.com\/#organization"},"potentialAction":[{"@type":"SearchAction","target":{"@type":"EntryPoint","urlTemplate":"https:\/\/crime-passionnel.com\/?s={search_term_string}"},"query-input":{"@type":"PropertyValueSpecification","valueRequired":true,"valueName":"search_term_string"}}],"inLanguage":"da-DK"},{"@type":"Organization","@id":"https:\/\/crime-passionnel.com\/#organization","name":"Forbrydelse og lidenskab","url":"https:\/\/crime-passionnel.com\/","logo":{"@type":"ImageObject","inLanguage":"da-DK","@id":"https:\/\/crime-passionnel.com\/#\/schema\/logo\/image\/","url":"https:\/\/crime-passionnel.com\/wp-content\/uploads\/2021\/07\/logo.png","contentUrl":"https:\/\/crime-passionnel.com\/wp-content\/uploads\/2021\/07\/logo.png","width":128,"height":50,"caption":"Crime Passionnel"},"image":{"@id":"https:\/\/crime-passionnel.com\/#\/schema\/logo\/image\/"},"sameAs":["https:\/\/www.facebook.com\/crimepassionnel\/","https:\/\/www.instagram.com\/crime.passionnel\/"]}]}},"_links":{"self":[{"href":"https:\/\/crime-passionnel.com\/da\/wp-json\/wp\/v2\/product\/31000","targetHints":{"allow":["GET"]}}],"collection":[{"href":"https:\/\/crime-passionnel.com\/da\/wp-json\/wp\/v2\/product"}],"about":[{"href":"https:\/\/crime-passionnel.com\/da\/wp-json\/wp\/v2\/types\/product"}],"wp:featuredmedia":[{"embeddable":true,"href":"https:\/\/crime-passionnel.com\/da\/wp-json\/wp\/v2\/media\/31008"}],"wp:attachment":[{"href":"https:\/\/crime-passionnel.com\/da\/wp-json\/wp\/v2\/media?parent=31000"}],"wp:term":[{"taxonomy":"product_brand","embeddable":true,"href":"https:\/\/crime-passionnel.com\/da\/wp-json\/wp\/v2\/product_brand?post=31000"},{"taxonomy":"product_cat","embeddable":true,"href":"https:\/\/crime-passionnel.com\/da\/wp-json\/wp\/v2\/product_cat?post=31000"},{"taxonomy":"product_tag","embeddable":true,"href":"https:\/\/crime-passionnel.com\/da\/wp-json\/wp\/v2\/product_tag?post=31000"}],"curies":[{"name":"wp","href":"https:\/\/api.w.org\/{rel}","templated":true}]}}