{"id":30914,"date":"2025-08-29T21:42:29","date_gmt":"2025-08-29T21:42:29","guid":{"rendered":"https:\/\/crime-passionnel.com\/?post_type=product&#038;p=30914"},"modified":"2026-04-08T15:04:51","modified_gmt":"2026-04-08T15:04:51","slug":"encore-du-temps","status":"publish","type":"product","link":"https:\/\/crime-passionnel.com\/da\/vare\/encore-du-temps\/","title":{"rendered":"Encore du Temps"},"content":{"rendered":"<p>Encore du temps er en k\u00e6rlighedsdedikation, det er en blomst, der er faldet ned i en kop te.<br \/>\nDet var en rejse til Laos, der fik mig til at forst\u00e5 den tidl\u00f8se k\u00e6rlighed mellem to mennesker, og som gav mig lyst til at fort\u00e6lle jer om denne rejse. Til et sted, hvor tiden er en sindstilstand, hvor alt g\u00e5r tabt i et smil. Som en langsom sort-hvid film, som visse \u00f8jeblikke i livet. Teen syntes aldrig at slutte, mens den lille osmanthusblomst sv\u00e6vede mellem koppens hvirvler.<\/p>\n<p>Det var bare k\u00e6rlighed, og vi \u00f8nskede, at vi stadig havde tid til at opleve det \u00f8jeblik i vores liv, mens vi sad p\u00e5 terrassen i et historisk hus fra kolonitiden i Luang Prabang. Derfra forsvandt vores blik til floden. En blid og delikat \u00e5bning, k\u00e6rlig siden de f\u00f8rste dufttrin, en blid note af bergamot og mandarin \u00e5bner vejen til hjertet, et hvidt l\u00e6rred drysset med gr\u00f8n te, hvorp\u00e5 der hviler osmanthus: varm, vellystig og frugtagtig, det samme l\u00e6rred, hvorp\u00e5 der hviler poesien i champacablomsten, i dens asiatiske dufte f\u00f8ler jeg mit elskede Asien og g\u00e5turene i skovene, ved siden af dem er den store magnolia en dedikation.<\/p>\n<p>I baggrunden fort\u00e6ller s\u00f8dmen fra Benzoin fra Laos, omsorgen fra Sandeltr\u00e6 og minderne fra Mate en delikat slutning. Osmanthus vokser i dag i vores have og giver os en velduftende og delikat blomstring om efter\u00e5ret. P\u00e5 efter\u00e5rsaftener, n\u00e5r jeg g\u00e5r forbi, f\u00f8rer dens frugtagtige duft mig tilbage til Laos, Indokina. Den minder mig om den f\u00f8lelse, jeg hver dag har for den kvinde, jeg elsker. Jeg vil gerne have mere tid igen, og igen, og igen....<\/p>\n<p>&nbsp;<\/p>\n<p>Ingredienser<\/p>\n<p>Noter: Bergamot, mandarin, osmanthus, te, mat\u00e9, champaca, magnolia, sandeltr\u00e6, benzoe<\/p>","protected":false},"excerpt":{"rendered":"<p>Blomst faldet ned i en kop te<\/p>","protected":false},"featured_media":31153,"template":"","meta":{"_acf_changed":false},"product_brand":[],"product_cat":[418,15],"product_tag":[],"class_list":{"0":"post-30914","1":"product","2":"type-product","3":"status-publish","4":"has-post-thumbnail","6":"product_cat-new-arrivals","7":"product_cat-perfumes","8":"pa_brands-meo-fusciuni","9":"pa_projection-moderate","10":"pa_sizes-2ml-sample","11":"pa_sizes-100ml","12":"pa_style-floral","13":"pa_style-fruity","15":"first","16":"instock","17":"taxable","18":"shipping-taxable","19":"purchasable","20":"product-type-variable","21":"add-to-wishlist-before_image"},"acf":[],"yoast_head":"<!-- This site is optimized with the Yoast SEO plugin v27.1.1 - https:\/\/yoast.com\/product\/yoast-seo-wordpress\/ -->\n<title>Encore du Temps Extrait de Parfum - Crime Passionnel Perfumes<\/title>\n<meta name=\"robots\" content=\"index, follow, max-snippet:-1, max-image-preview:large, max-video-preview:-1\" \/>\n<link rel=\"canonical\" href=\"https:\/\/crime-passionnel.com\/da\/vare\/encore-du-temps\/\" \/>\n<meta property=\"og:locale\" content=\"da_DK\" \/>\n<meta property=\"og:type\" content=\"article\" \/>\n<meta property=\"og:title\" content=\"Encore du Temps Extrait de Parfum - Crime Passionnel Perfumes\" \/>\n<meta property=\"og:description\" content=\"Flower fallen into a cup of tea\" \/>\n<meta property=\"og:url\" content=\"https:\/\/crime-passionnel.com\/da\/vare\/encore-du-temps\/\" \/>\n<meta property=\"og:site_name\" content=\"Crime Passionnel\" \/>\n<meta property=\"article:publisher\" content=\"https:\/\/www.facebook.com\/crimepassionnel\/\" \/>\n<meta property=\"article:modified_time\" content=\"2026-04-08T15:04:51+00:00\" \/>\n<meta property=\"og:image\" content=\"https:\/\/crime-passionnel.com\/wp-content\/uploads\/2025\/08\/Encore-Du-Temps-scaled-1.jpg\" \/>\n\t<meta property=\"og:image:width\" content=\"1945\" \/>\n\t<meta property=\"og:image:height\" content=\"2560\" \/>\n\t<meta property=\"og:image:type\" content=\"image\/jpeg\" \/>\n<meta name=\"twitter:card\" content=\"summary_large_image\" \/>\n<meta name=\"twitter:label1\" content=\"Estimeret l\u00e6setid\" \/>\n\t<meta name=\"twitter:data1\" content=\"2 minutter\" \/>\n<script type=\"application\/ld+json\" class=\"yoast-schema-graph\">{\"@context\":\"https:\/\/schema.org\",\"@graph\":[{\"@type\":\"WebPage\",\"@id\":\"https:\/\/crime-passionnel.com\/product\/encore-du-temps\/\",\"url\":\"https:\/\/crime-passionnel.com\/product\/encore-du-temps\/\",\"name\":\"Encore du Temps Extrait de Parfum - Crime Passionnel Perfumes\",\"isPartOf\":{\"@id\":\"https:\/\/crime-passionnel.com\/#website\"},\"primaryImageOfPage\":{\"@id\":\"https:\/\/crime-passionnel.com\/product\/encore-du-temps\/#primaryimage\"},\"image\":{\"@id\":\"https:\/\/crime-passionnel.com\/product\/encore-du-temps\/#primaryimage\"},\"thumbnailUrl\":\"https:\/\/crime-passionnel.com\/wp-content\/uploads\/2025\/08\/Encore-Du-Temps-scaled-1.jpg\",\"datePublished\":\"2025-08-29T21:42:29+00:00\",\"dateModified\":\"2026-04-08T15:04:51+00:00\",\"breadcrumb\":{\"@id\":\"https:\/\/crime-passionnel.com\/product\/encore-du-temps\/#breadcrumb\"},\"inLanguage\":\"da-DK\",\"potentialAction\":[{\"@type\":\"ReadAction\",\"target\":[\"https:\/\/crime-passionnel.com\/product\/encore-du-temps\/\"]}]},{\"@type\":\"ImageObject\",\"inLanguage\":\"da-DK\",\"@id\":\"https:\/\/crime-passionnel.com\/product\/encore-du-temps\/#primaryimage\",\"url\":\"https:\/\/crime-passionnel.com\/wp-content\/uploads\/2025\/08\/Encore-Du-Temps-scaled-1.jpg\",\"contentUrl\":\"https:\/\/crime-passionnel.com\/wp-content\/uploads\/2025\/08\/Encore-Du-Temps-scaled-1.jpg\",\"width\":1945,\"height\":2560},{\"@type\":\"BreadcrumbList\",\"@id\":\"https:\/\/crime-passionnel.com\/product\/encore-du-temps\/#breadcrumb\",\"itemListElement\":[{\"@type\":\"ListItem\",\"position\":1,\"name\":\"Home\",\"item\":\"https:\/\/crime-passionnel.com\/\"},{\"@type\":\"ListItem\",\"position\":2,\"name\":\"Products\",\"item\":\"https:\/\/crime-passionnel.com\/products\/\"},{\"@type\":\"ListItem\",\"position\":3,\"name\":\"Encore du Temps\"}]},{\"@type\":\"WebSite\",\"@id\":\"https:\/\/crime-passionnel.com\/#website\",\"url\":\"https:\/\/crime-passionnel.com\/\",\"name\":\"Crime Passionnel\",\"description\":\"\",\"publisher\":{\"@id\":\"https:\/\/crime-passionnel.com\/#organization\"},\"potentialAction\":[{\"@type\":\"SearchAction\",\"target\":{\"@type\":\"EntryPoint\",\"urlTemplate\":\"https:\/\/crime-passionnel.com\/?s={search_term_string}\"},\"query-input\":{\"@type\":\"PropertyValueSpecification\",\"valueRequired\":true,\"valueName\":\"search_term_string\"}}],\"inLanguage\":\"da-DK\"},{\"@type\":\"Organization\",\"@id\":\"https:\/\/crime-passionnel.com\/#organization\",\"name\":\"Crime Passionnel\",\"url\":\"https:\/\/crime-passionnel.com\/\",\"logo\":{\"@type\":\"ImageObject\",\"inLanguage\":\"da-DK\",\"@id\":\"https:\/\/crime-passionnel.com\/#\/schema\/logo\/image\/\",\"url\":\"https:\/\/crime-passionnel.com\/wp-content\/uploads\/2021\/07\/logo.png\",\"contentUrl\":\"https:\/\/crime-passionnel.com\/wp-content\/uploads\/2021\/07\/logo.png\",\"width\":128,\"height\":50,\"caption\":\"Crime Passionnel\"},\"image\":{\"@id\":\"https:\/\/crime-passionnel.com\/#\/schema\/logo\/image\/\"},\"sameAs\":[\"https:\/\/www.facebook.com\/crimepassionnel\/\",\"https:\/\/www.instagram.com\/crime.passionnel\/\"]}]}<\/script>\n<!-- \/ Yoast SEO plugin. -->","yoast_head_json":{"title":"Encore du Temps Extrait de Parfum - Crime Passionnel Perfumes","robots":{"index":"index","follow":"follow","max-snippet":"max-snippet:-1","max-image-preview":"max-image-preview:large","max-video-preview":"max-video-preview:-1"},"canonical":"https:\/\/crime-passionnel.com\/da\/vare\/encore-du-temps\/","og_locale":"da_DK","og_type":"article","og_title":"Encore du Temps Extrait de Parfum - Crime Passionnel Perfumes","og_description":"Flower fallen into a cup of tea","og_url":"https:\/\/crime-passionnel.com\/da\/vare\/encore-du-temps\/","og_site_name":"Crime Passionnel","article_publisher":"https:\/\/www.facebook.com\/crimepassionnel\/","article_modified_time":"2026-04-08T15:04:51+00:00","og_image":[{"width":1945,"height":2560,"url":"https:\/\/crime-passionnel.com\/wp-content\/uploads\/2025\/08\/Encore-Du-Temps-scaled-1.jpg","type":"image\/jpeg"}],"twitter_card":"summary_large_image","twitter_misc":{"Estimeret l\u00e6setid":"2 minutter"},"schema":{"@context":"https:\/\/schema.org","@graph":[{"@type":"WebPage","@id":"https:\/\/crime-passionnel.com\/product\/encore-du-temps\/","url":"https:\/\/crime-passionnel.com\/product\/encore-du-temps\/","name":"Encore du Temps Extrait de Parfum - Crime Passionnel Perfumes","isPartOf":{"@id":"https:\/\/crime-passionnel.com\/#website"},"primaryImageOfPage":{"@id":"https:\/\/crime-passionnel.com\/product\/encore-du-temps\/#primaryimage"},"image":{"@id":"https:\/\/crime-passionnel.com\/product\/encore-du-temps\/#primaryimage"},"thumbnailUrl":"https:\/\/crime-passionnel.com\/wp-content\/uploads\/2025\/08\/Encore-Du-Temps-scaled-1.jpg","datePublished":"2025-08-29T21:42:29+00:00","dateModified":"2026-04-08T15:04:51+00:00","breadcrumb":{"@id":"https:\/\/crime-passionnel.com\/product\/encore-du-temps\/#breadcrumb"},"inLanguage":"da-DK","potentialAction":[{"@type":"ReadAction","target":["https:\/\/crime-passionnel.com\/product\/encore-du-temps\/"]}]},{"@type":"ImageObject","inLanguage":"da-DK","@id":"https:\/\/crime-passionnel.com\/product\/encore-du-temps\/#primaryimage","url":"https:\/\/crime-passionnel.com\/wp-content\/uploads\/2025\/08\/Encore-Du-Temps-scaled-1.jpg","contentUrl":"https:\/\/crime-passionnel.com\/wp-content\/uploads\/2025\/08\/Encore-Du-Temps-scaled-1.jpg","width":1945,"height":2560},{"@type":"BreadcrumbList","@id":"https:\/\/crime-passionnel.com\/product\/encore-du-temps\/#breadcrumb","itemListElement":[{"@type":"ListItem","position":1,"name":"Home","item":"https:\/\/crime-passionnel.com\/"},{"@type":"ListItem","position":2,"name":"Products","item":"https:\/\/crime-passionnel.com\/products\/"},{"@type":"ListItem","position":3,"name":"Encore du Temps"}]},{"@type":"WebSite","@id":"https:\/\/crime-passionnel.com\/#website","url":"https:\/\/crime-passionnel.com\/","name":"Forbrydelse og lidenskab","description":"","publisher":{"@id":"https:\/\/crime-passionnel.com\/#organization"},"potentialAction":[{"@type":"SearchAction","target":{"@type":"EntryPoint","urlTemplate":"https:\/\/crime-passionnel.com\/?s={search_term_string}"},"query-input":{"@type":"PropertyValueSpecification","valueRequired":true,"valueName":"search_term_string"}}],"inLanguage":"da-DK"},{"@type":"Organization","@id":"https:\/\/crime-passionnel.com\/#organization","name":"Forbrydelse og lidenskab","url":"https:\/\/crime-passionnel.com\/","logo":{"@type":"ImageObject","inLanguage":"da-DK","@id":"https:\/\/crime-passionnel.com\/#\/schema\/logo\/image\/","url":"https:\/\/crime-passionnel.com\/wp-content\/uploads\/2021\/07\/logo.png","contentUrl":"https:\/\/crime-passionnel.com\/wp-content\/uploads\/2021\/07\/logo.png","width":128,"height":50,"caption":"Crime Passionnel"},"image":{"@id":"https:\/\/crime-passionnel.com\/#\/schema\/logo\/image\/"},"sameAs":["https:\/\/www.facebook.com\/crimepassionnel\/","https:\/\/www.instagram.com\/crime.passionnel\/"]}]}},"_links":{"self":[{"href":"https:\/\/crime-passionnel.com\/da\/wp-json\/wp\/v2\/product\/30914","targetHints":{"allow":["GET"]}}],"collection":[{"href":"https:\/\/crime-passionnel.com\/da\/wp-json\/wp\/v2\/product"}],"about":[{"href":"https:\/\/crime-passionnel.com\/da\/wp-json\/wp\/v2\/types\/product"}],"wp:featuredmedia":[{"embeddable":true,"href":"https:\/\/crime-passionnel.com\/da\/wp-json\/wp\/v2\/media\/31153"}],"wp:attachment":[{"href":"https:\/\/crime-passionnel.com\/da\/wp-json\/wp\/v2\/media?parent=30914"}],"wp:term":[{"taxonomy":"product_brand","embeddable":true,"href":"https:\/\/crime-passionnel.com\/da\/wp-json\/wp\/v2\/product_brand?post=30914"},{"taxonomy":"product_cat","embeddable":true,"href":"https:\/\/crime-passionnel.com\/da\/wp-json\/wp\/v2\/product_cat?post=30914"},{"taxonomy":"product_tag","embeddable":true,"href":"https:\/\/crime-passionnel.com\/da\/wp-json\/wp\/v2\/product_tag?post=30914"}],"curies":[{"name":"wp","href":"https:\/\/api.w.org\/{rel}","templated":true}]}}